{"id":6106,"date":"2023-07-15T15:15:24","date_gmt":"2023-07-15T13:15:24","guid":{"rendered":"https:\/\/almer.sk\/produkty-zintegrowane\/adaptacyjne-narzedzia-do-szlifowania-i-polerowania\/"},"modified":"2023-08-28T11:53:58","modified_gmt":"2023-08-28T09:53:58","slug":"adaptacyjne-narzedzia-do-szlifowania-i-polerowania","status":"publish","type":"page","link":"https:\/\/almer.sk\/pl\/produkty-zintegrowane\/adaptacyjne-narzedzia-do-szlifowania-i-polerowania\/","title":{"rendered":"Adaptacyjne narz\u0119dzia do szlifowania i polerowania"},"content":{"rendered":"<p>[et_pb_section fb_built=&#8221;1&#8243; _builder_version=&#8221;4.21.0&#8243; _module_preset=&#8221;default&#8221; global_colors_info=&#8221;{}&#8221;][et_pb_row _builder_version=&#8221;4.21.0&#8243; _module_preset=&#8221;default&#8221; locked=&#8221;off&#8221; global_colors_info=&#8221;{}&#8221;][et_pb_column type=&#8221;4_4&#8243; _builder_version=&#8221;4.21.0&#8243; _module_preset=&#8221;default&#8221; global_colors_info=&#8221;{}&#8221;][et_pb_blurb content_max_width=&#8221;1100px&#8221; _builder_version=&#8221;4.21.0&#8243; _module_preset=&#8221;default&#8221; body_text_align=&#8221;left&#8221; locked=&#8221;off&#8221; global_colors_info=&#8221;{}&#8221;]<\/p>\n<p> <a class=\"bread\" href=\"https:\/\/almer.sk\/pl\/\">&gt; Strona g\u0142\u00f3wna<\/a> \/ <a href=\"https:\/\/almer.sk\/pl\/produkty-zintegrowane\/\">Produkty zintegrowane<\/a> \/ Szlifowanie adaptacyjne<\/p>\n<p>[\/et_pb_blurb][\/et_pb_column][\/et_pb_row][et_pb_row _builder_version=&#8221;4.21.0&#8243; _module_preset=&#8221;default&#8221; global_colors_info=&#8221;{}&#8221;][et_pb_column type=&#8221;4_4&#8243; _builder_version=&#8221;4.21.0&#8243; _module_preset=&#8221;default&#8221; global_colors_info=&#8221;{}&#8221;][et_pb_blurb content_max_width=&#8221;1100px&#8221; _builder_version=&#8221;4.21.0&#8243; _module_preset=&#8221;default&#8221; header_level=&#8221;h1&#8243; header_font=&#8221;|||on|||||&#8221; body_font=&#8221;|||on|||||&#8221; body_text_align=&#8221;center&#8221; body_line_height=&#8221;1.6em&#8221; locked=&#8221;off&#8221; global_colors_info=&#8221;{}&#8221;]<\/p>\n<h1><span class=\"cierna\">Adaptacyjne narz\u0119dzia<\/span> ZROBOTYZOWANE szlifowanie i polerowanie<\/h1>\n<p>[\/et_pb_blurb][\/et_pb_column][\/et_pb_row][et_pb_row _builder_version=&#8221;4.21.0&#8243; _module_preset=&#8221;default&#8221; width=&#8221;90%&#8221; custom_padding=&#8221;9px|||||&#8221; locked=&#8221;off&#8221; global_colors_info=&#8221;{}&#8221;][et_pb_column type=&#8221;4_4&#8243; _builder_version=&#8221;4.21.0&#8243; _module_preset=&#8221;default&#8221; global_colors_info=&#8221;{}&#8221;][et_pb_blurb image=&#8221;https:\/\/almer.sk\/wp-content\/uploads\/2023\/07\/Adaptivne-nastroje-na-brusenie-a-lestenie-e1689431155870.png&#8221; alt=&#8221;Adaptacyjne narz\u0119dzia do szlifowania i polerowania&#8221; content_max_width=&#8221;1100px&#8221; _builder_version=&#8221;4.21.0&#8243; _module_preset=&#8221;default&#8221; animation=&#8221;off&#8221; global_colors_info=&#8221;{}&#8221;][\/et_pb_blurb][\/et_pb_column][\/et_pb_row][et_pb_row _builder_version=&#8221;4.21.0&#8243; _module_preset=&#8221;default&#8221; width=&#8221;90%&#8221; custom_margin=&#8221;-40px|auto||auto||&#8221; global_colors_info=&#8221;{}&#8221;][et_pb_column type=&#8221;4_4&#8243; _builder_version=&#8221;4.21.0&#8243; _module_preset=&#8221;default&#8221; global_colors_info=&#8221;{}&#8221;][et_pb_blurb content_max_width=&#8221;1100px&#8221; _builder_version=&#8221;4.21.0&#8243; _module_preset=&#8221;default&#8221; width=&#8221;100%&#8221; global_colors_info=&#8221;{}&#8221;]<\/p>\n<p><span style=\"color: #ff0000;\"><strong>Opis<\/strong><\/span><\/p>\n<p>Najwy\u017csza seria szlifierek z adaptacyjnym sterowaniem si\u0142\u0105 w p\u0119tli zamkni\u0119tej, opartych na nap\u0119dzie elektrohydraulicznym, zoptymalizowanych do szlifowania, polerowania i gratowania. Wysoka precyzja, elastyczne sterowanie si\u0142\u0105 i po\u0142o\u017ceniem w zamkni\u0119tej p\u0119tli oraz kompaktowa konstrukcja AGP sprawiaj\u0105, \u017ce jest to doskona\u0142y wyb\u00f3r do szlifowania i polerowania w ka\u017cdych warunkach.<strong> <\/strong><\/p>\n<p><span style=\"color: #ff0000;\"><strong>Moc<\/strong><\/span><\/p>\n<p>Narz\u0119dzie jest wyposa\u017cone w si\u0142ownik elektrohydrauliczny do sterowania si\u0142\u0105, kt\u00f3ry zapewnia bardzo precyzyjne sterowanie, szybk\u0105 reakcj\u0119, wysok\u0105 sztywno\u015b\u0107, du\u017c\u0105 g\u0119sto\u015b\u0107 mocy i stabiln\u0105 wydajno\u015b\u0107<span style=\"color: #ff0000;\">.<\/span> <\/p>\n<p>Wrzeciono wykorzystuje bezramowy silnik momentu obrotowego, co przek\u0142ada si\u0119 na mniejszy rozmiar, wy\u017cszy moment obrotowy i p\u0142ynniejsz\u0105 prac\u0119<span style=\"color: #ff0000;\">.<\/span>  System obs\u0142uguje automatyczn\u0105 wymian\u0119 narz\u0119dzi.<\/p>\n<p><span style=\"color: #ff0000;\">Wysoce<\/span> zintegrowany system w po\u0142\u0105czeniu z oprzyrz\u0105dowanymi czujnikami zmniejsza rozmiar i wag\u0119 oraz zapewnia informacje zwrotne w czasie rzeczywistym.<\/p>\n<p>Wbudowany interfejs zaprojektowany z my\u015bl\u0105 o \u0142atwo\u015bci u\u017cytkowania u\u0142atwia regulacje dost\u0119pne dla operatora<span style=\"color: #ff0000;\">.<\/span> <\/p>\n<p><span style=\"color: #ff0000;\">Obs\u0142uga<\/span> r\u00f3\u017cnych protoko\u0142\u00f3w, co upraszcza komunikacj\u0119 z robotami.<\/p>\n<p><span style=\"color: #ff0000;\"><strong>Korzy\u015bci<\/strong><\/span><\/p>\n<p>Narz\u0119dzie jest wyposa\u017cone w si\u0142ownik elektrohydrauliczny do sterowania si\u0142\u0105, umo\u017cliwiaj\u0105cy \u0142atwe prze\u0142\u0105czanie mi\u0119dzy trybami sterowania si\u0142\u0105 i po\u0142o\u017ceniem<span style=\"color: #ff0000;\">.<\/span> <\/p>\n<p><span style=\"color: #ff0000;\">Wy\u017csza<\/span> g\u0119sto\u015b\u0107 mocy, wy\u017csza wydajno\u015b\u0107 energetyczna, wy\u017cszy moment obrotowy, wi\u0119ksza si\u0142a szlifowania, mniejsze zapylenie.<\/p>\n<p>Wysoce zintegrowany system <span style=\"color: #ff0000;\">o<\/span> kompaktowych rozmiarach i niewielkiej wadze, kompatybilny zar\u00f3wno z robotami wsp\u00f3\u0142pracuj\u0105cymi, jak i przemys\u0142owymi.<\/p>\n<p>Zasilanie 220 V i praca bez dost\u0119pu powietrza z zewn\u0105trz<span style=\"color: #ff0000;\">.<\/span> <\/p>\n<p><span style=\"color: #ff0000;\"><strong>Zastosowanie<\/strong><\/span><\/p>\n<p>AGP jest kompatybilny z robotami wsp\u00f3\u0142pracuj\u0105cymi i przemys\u0142owymi, obrabiarkami i nadaje si\u0119 do polerowania, ci\u0105gnienia, usuwania zadzior\u00f3w i szlifowania w ci\u0119\u017ckich zastosowaniach. Dzi\u0119ki unikalnej technologii kontroli si\u0142y, to narz\u0119dzie szlifierskie mo\u017ce osi\u0105gn\u0105\u0107 wysok\u0105 wydajno\u015b\u0107, wysok\u0105 precyzj\u0119 adaptacyjnego szlifowania i polerowania przy niskim zu\u017cyciu energii, niskim zapyleniu i niskim poziomie ha\u0142asu.<\/p>\n<p>Korzystne dla szerokiej gamy bran\u017c: motoryzacyjnej, elektroniki u\u017cytkowej, lotniczej, stoczniowej, sprz\u0119tu medycznego, metalurgicznej, energetycznej, petrochemicznej itp.<\/p>\n<p>[\/et_pb_blurb][\/et_pb_column][\/et_pb_row][et_pb_row _builder_version=&#8221;4.21.0&#8243; _module_preset=&#8221;default&#8221; width=&#8221;90%&#8221; global_colors_info=&#8221;{}&#8221;][et_pb_column type=&#8221;4_4&#8243; _builder_version=&#8221;4.21.0&#8243; _module_preset=&#8221;default&#8221; global_colors_info=&#8221;{}&#8221;][et_pb_blurb image=&#8221;https:\/\/almer.sk\/wp-content\/uploads\/2023\/07\/Technicke-parametre-Adaptivne-nastroje-na-brusenie.png&#8221; alt=&#8221;Parametry techniczne Adaptacyjne narz\u0119dzia szlifierskie&#8221; content_max_width=&#8221;1100px&#8221; _builder_version=&#8221;4.21.0&#8243; _module_preset=&#8221;default&#8221; animation=&#8221;off&#8221; global_colors_info=&#8221;{}&#8221;][\/et_pb_blurb][\/et_pb_column][\/et_pb_row][\/et_pb_section]<\/p>\n","protected":false},"excerpt":{"rendered":"<p>&gt; Strona g\u0142\u00f3wna \/ Produkty zintegrowane \/ Szlifowanie adaptacyjneAdaptacyjne narz\u0119dzia ZROBOTYZOWANE szlifowanie i polerowanieOpis Najwy\u017csza seria szlifierek z adaptacyjnym sterowaniem si\u0142\u0105 w p\u0119tli zamkni\u0119tej, opartych na nap\u0119dzie elektrohydraulicznym, zoptymalizowanych do szlifowania, polerowania i gratowania. Wysoka precyzja, elastyczne sterowanie si\u0142\u0105 i po\u0142o\u017ceniem w zamkni\u0119tej p\u0119tli oraz kompaktowa konstrukcja AGP sprawiaj\u0105, \u017ce jest to doskona\u0142y wyb\u00f3r do [&hellip;]<\/p>\n","protected":false},"author":1,"featured_media":0,"parent":5738,"menu_order":0,"comment_status":"closed","ping_status":"closed","template":"","meta":{"_et_pb_use_builder":"on","_et_pb_old_content":"","_et_gb_content_width":"","footnotes":""},"class_list":["post-6106","page","type-page","status-publish","hentry"],"yoast_head":"<!-- This site is optimized with the Yoast SEO plugin v26.6 - https:\/\/yoast.com\/wordpress\/plugins\/seo\/ -->\n<title>Adaptacyjne narz\u0119dzia do szlifowania i polerowania - Almer.sk<\/title>\n<meta name=\"robots\" content=\"index, follow, max-snippet:-1, max-image-preview:large, max-video-preview:-1\" \/>\n<link rel=\"canonical\" href=\"https:\/\/almer.sk\/pl\/produkty-zintegrowane\/adaptacyjne-narzedzia-do-szlifowania-i-polerowania\/\" \/>\n<meta property=\"og:locale\" content=\"pl_PL\" \/>\n<meta property=\"og:type\" content=\"article\" \/>\n<meta property=\"og:title\" content=\"Adaptacyjne narz\u0119dzia do szlifowania i polerowania - Almer.sk\" \/>\n<meta property=\"og:description\" content=\"&gt; Strona g\u0142\u00f3wna \/ Produkty zintegrowane \/ Szlifowanie adaptacyjneAdaptacyjne narz\u0119dzia ZROBOTYZOWANE szlifowanie i polerowanieOpis Najwy\u017csza seria szlifierek z adaptacyjnym sterowaniem si\u0142\u0105 w p\u0119tli zamkni\u0119tej, opartych na nap\u0119dzie elektrohydraulicznym, zoptymalizowanych do szlifowania, polerowania i gratowania. Wysoka precyzja, elastyczne sterowanie si\u0142\u0105 i po\u0142o\u017ceniem w zamkni\u0119tej p\u0119tli oraz kompaktowa konstrukcja AGP sprawiaj\u0105, \u017ce jest to doskona\u0142y wyb\u00f3r do [&hellip;]\" \/>\n<meta property=\"og:url\" content=\"https:\/\/almer.sk\/pl\/produkty-zintegrowane\/adaptacyjne-narzedzia-do-szlifowania-i-polerowania\/\" \/>\n<meta property=\"og:site_name\" content=\"Almer.sk\" \/>\n<meta property=\"article:modified_time\" content=\"2023-08-28T09:53:58+00:00\" \/>\n<meta name=\"twitter:card\" content=\"summary_large_image\" \/>\n<meta name=\"twitter:label1\" content=\"Szacowany czas czytania\" \/>\n\t<meta name=\"twitter:data1\" content=\"3 minuty\" \/>\n<script type=\"application\/ld+json\" class=\"yoast-schema-graph\">{\"@context\":\"https:\/\/schema.org\",\"@graph\":[{\"@type\":\"WebPage\",\"@id\":\"https:\/\/almer.sk\/pl\/produkty-zintegrowane\/adaptacyjne-narzedzia-do-szlifowania-i-polerowania\/\",\"url\":\"https:\/\/almer.sk\/pl\/produkty-zintegrowane\/adaptacyjne-narzedzia-do-szlifowania-i-polerowania\/\",\"name\":\"Adaptacyjne narz\u0119dzia do szlifowania i polerowania - Almer.sk\",\"isPartOf\":{\"@id\":\"https:\/\/almer.sk\/pl\/#website\"},\"datePublished\":\"2023-07-15T13:15:24+00:00\",\"dateModified\":\"2023-08-28T09:53:58+00:00\",\"breadcrumb\":{\"@id\":\"https:\/\/almer.sk\/pl\/produkty-zintegrowane\/adaptacyjne-narzedzia-do-szlifowania-i-polerowania\/#breadcrumb\"},\"inLanguage\":\"pl-PL\",\"potentialAction\":[{\"@type\":\"ReadAction\",\"target\":[\"https:\/\/almer.sk\/pl\/produkty-zintegrowane\/adaptacyjne-narzedzia-do-szlifowania-i-polerowania\/\"]}]},{\"@type\":\"BreadcrumbList\",\"@id\":\"https:\/\/almer.sk\/pl\/produkty-zintegrowane\/adaptacyjne-narzedzia-do-szlifowania-i-polerowania\/#breadcrumb\",\"itemListElement\":[{\"@type\":\"ListItem\",\"position\":1,\"name\":\"Home\",\"item\":\"https:\/\/almer.sk\/pl\/\"},{\"@type\":\"ListItem\",\"position\":2,\"name\":\"Produkty zintegrowane\",\"item\":\"https:\/\/almer.sk\/pl\/produkty-zintegrowane\/\"},{\"@type\":\"ListItem\",\"position\":3,\"name\":\"Adaptacyjne narz\u0119dzia do szlifowania i polerowania\"}]},{\"@type\":\"WebSite\",\"@id\":\"https:\/\/almer.sk\/pl\/#website\",\"url\":\"https:\/\/almer.sk\/pl\/\",\"name\":\"Almer.sk\",\"description\":\"Technologick\u00fd l\u00edder v oblasti presn\u00fdch prevodoviek\",\"potentialAction\":[{\"@type\":\"SearchAction\",\"target\":{\"@type\":\"EntryPoint\",\"urlTemplate\":\"https:\/\/almer.sk\/pl\/?s={search_term_string}\"},\"query-input\":{\"@type\":\"PropertyValueSpecification\",\"valueRequired\":true,\"valueName\":\"search_term_string\"}}],\"inLanguage\":\"pl-PL\"}]}<\/script>\n<!-- \/ Yoast SEO plugin. -->","yoast_head_json":{"title":"Adaptacyjne narz\u0119dzia do szlifowania i polerowania - Almer.sk","robots":{"index":"index","follow":"follow","max-snippet":"max-snippet:-1","max-image-preview":"max-image-preview:large","max-video-preview":"max-video-preview:-1"},"canonical":"https:\/\/almer.sk\/pl\/produkty-zintegrowane\/adaptacyjne-narzedzia-do-szlifowania-i-polerowania\/","og_locale":"pl_PL","og_type":"article","og_title":"Adaptacyjne narz\u0119dzia do szlifowania i polerowania - Almer.sk","og_description":"&gt; Strona g\u0142\u00f3wna \/ Produkty zintegrowane \/ Szlifowanie adaptacyjneAdaptacyjne narz\u0119dzia ZROBOTYZOWANE szlifowanie i polerowanieOpis Najwy\u017csza seria szlifierek z adaptacyjnym sterowaniem si\u0142\u0105 w p\u0119tli zamkni\u0119tej, opartych na nap\u0119dzie elektrohydraulicznym, zoptymalizowanych do szlifowania, polerowania i gratowania. Wysoka precyzja, elastyczne sterowanie si\u0142\u0105 i po\u0142o\u017ceniem w zamkni\u0119tej p\u0119tli oraz kompaktowa konstrukcja AGP sprawiaj\u0105, \u017ce jest to doskona\u0142y wyb\u00f3r do [&hellip;]","og_url":"https:\/\/almer.sk\/pl\/produkty-zintegrowane\/adaptacyjne-narzedzia-do-szlifowania-i-polerowania\/","og_site_name":"Almer.sk","article_modified_time":"2023-08-28T09:53:58+00:00","twitter_card":"summary_large_image","twitter_misc":{"Szacowany czas czytania":"3 minuty"},"schema":{"@context":"https:\/\/schema.org","@graph":[{"@type":"WebPage","@id":"https:\/\/almer.sk\/pl\/produkty-zintegrowane\/adaptacyjne-narzedzia-do-szlifowania-i-polerowania\/","url":"https:\/\/almer.sk\/pl\/produkty-zintegrowane\/adaptacyjne-narzedzia-do-szlifowania-i-polerowania\/","name":"Adaptacyjne narz\u0119dzia do szlifowania i polerowania - Almer.sk","isPartOf":{"@id":"https:\/\/almer.sk\/pl\/#website"},"datePublished":"2023-07-15T13:15:24+00:00","dateModified":"2023-08-28T09:53:58+00:00","breadcrumb":{"@id":"https:\/\/almer.sk\/pl\/produkty-zintegrowane\/adaptacyjne-narzedzia-do-szlifowania-i-polerowania\/#breadcrumb"},"inLanguage":"pl-PL","potentialAction":[{"@type":"ReadAction","target":["https:\/\/almer.sk\/pl\/produkty-zintegrowane\/adaptacyjne-narzedzia-do-szlifowania-i-polerowania\/"]}]},{"@type":"BreadcrumbList","@id":"https:\/\/almer.sk\/pl\/produkty-zintegrowane\/adaptacyjne-narzedzia-do-szlifowania-i-polerowania\/#breadcrumb","itemListElement":[{"@type":"ListItem","position":1,"name":"Home","item":"https:\/\/almer.sk\/pl\/"},{"@type":"ListItem","position":2,"name":"Produkty zintegrowane","item":"https:\/\/almer.sk\/pl\/produkty-zintegrowane\/"},{"@type":"ListItem","position":3,"name":"Adaptacyjne narz\u0119dzia do szlifowania i polerowania"}]},{"@type":"WebSite","@id":"https:\/\/almer.sk\/pl\/#website","url":"https:\/\/almer.sk\/pl\/","name":"Almer.sk","description":"Technologick\u00fd l\u00edder v oblasti presn\u00fdch prevodoviek","potentialAction":[{"@type":"SearchAction","target":{"@type":"EntryPoint","urlTemplate":"https:\/\/almer.sk\/pl\/?s={search_term_string}"},"query-input":{"@type":"PropertyValueSpecification","valueRequired":true,"valueName":"search_term_string"}}],"inLanguage":"pl-PL"}]}},"_links":{"self":[{"href":"https:\/\/almer.sk\/pl\/wp-json\/wp\/v2\/pages\/6106","targetHints":{"allow":["GET"]}}],"collection":[{"href":"https:\/\/almer.sk\/pl\/wp-json\/wp\/v2\/pages"}],"about":[{"href":"https:\/\/almer.sk\/pl\/wp-json\/wp\/v2\/types\/page"}],"author":[{"embeddable":true,"href":"https:\/\/almer.sk\/pl\/wp-json\/wp\/v2\/users\/1"}],"replies":[{"embeddable":true,"href":"https:\/\/almer.sk\/pl\/wp-json\/wp\/v2\/comments?post=6106"}],"version-history":[{"count":2,"href":"https:\/\/almer.sk\/pl\/wp-json\/wp\/v2\/pages\/6106\/revisions"}],"predecessor-version":[{"id":6461,"href":"https:\/\/almer.sk\/pl\/wp-json\/wp\/v2\/pages\/6106\/revisions\/6461"}],"up":[{"embeddable":true,"href":"https:\/\/almer.sk\/pl\/wp-json\/wp\/v2\/pages\/5738"}],"wp:attachment":[{"href":"https:\/\/almer.sk\/pl\/wp-json\/wp\/v2\/media?parent=6106"}],"curies":[{"name":"wp","href":"https:\/\/api.w.org\/{rel}","templated":true}]}}