{"id":6078,"date":"2023-07-17T17:48:40","date_gmt":"2023-07-17T15:48:40","guid":{"rendered":"https:\/\/almer.sk\/przekladnie-harmoniczne\/przekladnie-harmoniczne-model-y\/"},"modified":"2024-04-13T17:02:09","modified_gmt":"2024-04-13T15:02:09","slug":"przekladnie-harmoniczne-model-y","status":"publish","type":"page","link":"https:\/\/almer.sk\/pl\/przekladnie-harmoniczne\/przekladnie-harmoniczne-model-y\/","title":{"rendered":"Przek\u0142adnie harmoniczne model Y"},"content":{"rendered":"<p>[et_pb_section fb_built=&#8221;1&#8243; admin_label=&#8221;Section&#8221; _builder_version=&#8221;4.21.0&#8243; _module_preset=&#8221;default&#8221; locked=&#8221;off&#8221; global_colors_info=&#8221;{}&#8221;][et_pb_row _builder_version=&#8221;4.21.0&#8243; _module_preset=&#8221;default&#8221; global_colors_info=&#8221;{}&#8221;][et_pb_column type=&#8221;4_4&#8243; _builder_version=&#8221;4.21.0&#8243; _module_preset=&#8221;default&#8221; global_colors_info=&#8221;{}&#8221;][et_pb_blurb content_max_width=&#8221;1100px&#8221; _builder_version=&#8221;4.24.2&#8243; _module_preset=&#8221;default&#8221; body_text_align=&#8221;left&#8221; hover_enabled=&#8221;0&#8243; global_colors_info=&#8221;{}&#8221; sticky_enabled=&#8221;0&#8243;]<\/p>\n<p><a class=\"bread\" href=\"https:\/\/almer.sk\/pl\/\">&gt; Strona g\u0142\u00f3wna<\/a> \/ <a class=\"bread\" href=\"https:\/\/almer.sk\/pl\/przekladnie\/\">Przek\u0142adnie<\/a> \/ <a class=\"bread\" href=\"https:\/\/almer.sk\/pl\/przekladnie-harmoniczne\/\">Harmoniczne<\/a> \/ YLHS<\/p>\n<p>[\/et_pb_blurb][\/et_pb_column][\/et_pb_row][et_pb_row _builder_version=&#8221;4.21.0&#8243; _module_preset=&#8221;default&#8221; custom_padding=&#8221;||0px|||&#8221; global_colors_info=&#8221;{}&#8221;][et_pb_column type=&#8221;4_4&#8243; _builder_version=&#8221;4.21.0&#8243; _module_preset=&#8221;default&#8221; global_colors_info=&#8221;{}&#8221;][et_pb_blurb _builder_version=&#8221;4.21.0&#8243; _module_preset=&#8221;default&#8221; header_font=&#8221;|||on|||||&#8221; global_colors_info=&#8221;{}&#8221;]<\/p>\n<h1 style=\"text-align: center;\"><span class=\"cierna\">Model Y<\/span> &#8211; przek\u0142adnie harmoniczne<\/h1>\n<p>[\/et_pb_blurb][\/et_pb_column][\/et_pb_row][\/et_pb_section][et_pb_section fb_built=&#8221;1&#8243; _builder_version=&#8221;4.21.0&#8243; _module_preset=&#8221;default&#8221; custom_padding=&#8221;4px|||||&#8221; global_colors_info=&#8221;{}&#8221;][et_pb_row column_structure=&#8221;1_2,1_2&#8243; _builder_version=&#8221;4.21.0&#8243; _module_preset=&#8221;default&#8221; global_colors_info=&#8221;{}&#8221;][et_pb_column type=&#8221;1_2&#8243; _builder_version=&#8221;4.21.0&#8243; _module_preset=&#8221;default&#8221; global_colors_info=&#8221;{}&#8221;][et_pb_blurb image=&#8221;https:\/\/almer.sk\/wp-content\/uploads\/2023\/06\/Slide-New-Gener.png&#8221; alt=&#8221;Slide New Gener&#8221; _builder_version=&#8221;4.21.0&#8243; _module_preset=&#8221;default&#8221; animation=&#8221;off&#8221; global_colors_info=&#8221;{}&#8221;][\/et_pb_blurb][\/et_pb_column][et_pb_column type=&#8221;1_2&#8243; _builder_version=&#8221;4.21.0&#8243; _module_preset=&#8221;default&#8221; global_colors_info=&#8221;{}&#8221;][et_pb_blurb _builder_version=&#8221;4.24.2&#8243; _module_preset=&#8221;default&#8221; hover_enabled=&#8221;0&#8243; global_colors_info=&#8221;{}&#8221; sticky_enabled=&#8221;0&#8243;]<\/p>\n<p><span style=\"color: #ff0000;\"><br \/><strong>Trzecia generacja <\/strong><\/span>przek\u0142adni harmonicznych<\/p>\n<p><span style=\"color: #ff0000;\"><strong>Sztywno\u015b\u0107 skr\u0119tna <\/strong><\/span>wzros\u0142a dwukrotnie<\/p>\n<p><span style=\"color: #ff0000;\"><strong>Dok\u0142adno\u015b\u0107 <\/strong><\/span>nap\u0119du pr\u0105du sta\u0142ego jest ponad dwukrotnie wi\u0119ksza<\/p>\n<p><span style=\"color: #ff0000;\"><strong>Zasadniczo rozwi\u0105zuje <\/strong><\/span>problemy z wibracjami po\u0142\u0105cze\u0144<\/p>\n<p><span style=\"color: #ff0000;\"><strong>Nowa konstrukcja <\/strong><\/span>i wygl\u0105d profilu z\u0119ba<\/p>\n<p><span style=\"color: #ff0000;\"><strong>Specjalny <\/strong><strong>Materia\u0142 <\/strong><\/span>dla elastycznego wielowypustu i \u0142o\u017cyska<\/p>\n<p><span style=\"color: #ff0000;\"><strong>Specjalna technologia <\/strong><\/span>obr\u00f3bki cieplnej<\/p>\n<p>&nbsp;<\/p>\n<p>[\/et_pb_blurb][\/et_pb_column][\/et_pb_row][et_pb_row _builder_version=&#8221;4.21.0&#8243; _module_preset=&#8221;default&#8221; locked=&#8221;off&#8221; global_colors_info=&#8221;{}&#8221;][et_pb_column type=&#8221;4_4&#8243; _builder_version=&#8221;4.21.0&#8243; _module_preset=&#8221;default&#8221; global_colors_info=&#8221;{}&#8221;][et_pb_tabs active_tab_background_color=&#8221;#000000&#8243; inactive_tab_background_color=&#8221;#ff0000&#8243; active_tab_text_color=&#8221;#ffffff&#8221; module_id=&#8221;taby&#8221; _builder_version=&#8221;4.21.0&#8243; tab_text_color=&#8221;#ffffff&#8221; tab_font=&#8221;|300|||||||&#8221; tab_font_size=&#8221;16px&#8221; tab_line_height=&#8221;2.8em&#8221; border_width_all=&#8221;0px&#8221; border_color_all=&#8221;rgba(0,0,0,0)&#8221; global_colors_info=&#8221;{}&#8221;][et_pb_tab title=&#8221;Opis&#8221; _builder_version=&#8221;4.21.0&#8243; global_colors_info=&#8221;{}&#8221;]<\/p>\n<p>Przek\u0142adnia Model Y to przysz\u0142o\u015bciowy system nap\u0119du harmonicznego trzeciej generacji oparty na opatentowanej technologii redukcji pr\u0119dko\u015bci. Charakteryzuje si\u0119 ca\u0142kowicie now\u0105 struktur\u0105 z\u0119b\u00f3w i profilem oraz wykorzystuje technologi\u0119 trzeciej harmonicznej w miejsce technologii drugiej harmonicznej, flexspline i \u0142o\u017cysk.<\/p>\n<p>W por\u00f3wnaniu z poprzedni\u0105 generacj\u0105 przek\u0142adni fali trakcyjnej, dok\u0142adno\u015b\u0107 przek\u0142adni i sztywno\u015b\u0107 skr\u0119tna zosta\u0142y podwojone. Jest to pierwszy na \u015bwiecie reduktor pr\u0119dko\u015bci, kt\u00f3ry osi\u0105ga dok\u0142adno\u015b\u0107 transmisji z dok\u0142adno\u015bci\u0105 do 10 sekund \u0142uku i zasadniczo rozwi\u0105zuje problemy zwi\u0105zane z wibracjami sprz\u0119g\u0142a.<\/p>\n<p>&nbsp;<\/p>\n<p>G\u0142\u00f3wne cz\u0119\u015bci przek\u0142adni Model Y zosta\u0142y opracowane przy u\u017cyciu unikalnych materia\u0142\u00f3w i specjalnych proces\u00f3w obr\u00f3bki cieplnej; model ten doskonale nadaje si\u0119 do zastosowa\u0144 wymagaj\u0105cych niewiarygodnie wysokiej dok\u0142adno\u015bci przek\u0142adni. Podobnie jak wszystkie inne przek\u0142adnie harmoniczne LD, charakteryzuje si\u0119 ona du\u017c\u0105 no\u015bno\u015bci\u0105, dobr\u0105 sztywno\u015bci\u0105 uk\u0142adu i niskim poziomem wibracji wyj\u015bciowych.<\/p>\n<p>[\/et_pb_tab][et_pb_tab title=&#8221;Parametry&#8221; _builder_version=&#8221;4.21.0&#8243; global_colors_info=&#8221;{}&#8221;]<\/p>\n<h3>Parametry przek\u0142adni harmonicznych YLHS<\/h3>\n<ul class=\"et_post_gallery clearfix\">\n\t\t\t\t\t<li class=\"et_gallery_item et_pb_gallery_image\">\n\t\t\t\t\t\t<a href=\"https:\/\/almer.sk\/wp-content\/uploads\/2023\/07\/23-Tab-Param-YLHS-scaled-e1689609550304.jpg\" title=\"23 Tab Param YLHS\">\n\t\t\t\t\t\t\t<span class=\"et_portfolio_image\">\n\t\t\t\t\t\t\t\t<img loading=\"lazy\" decoding=\"async\" width=\"400\" height=\"284\" src=\"https:\/\/almer.sk\/wp-content\/uploads\/2023\/07\/23-Tab-Param-YLHS-scaled-e1689609550304-400x284.jpg\" class=\"attachment-et-pb-portfolio-image size-et-pb-portfolio-image\" alt=\"\" \/>\n\t\t\t\t\t\t\t\t<span class=\"et_overlay\"><\/span>\n\t\t\t\t\t\t\t<\/span>\n\t\t\t\t\t\t<\/a>\n\t\t\t\t\t\t<p class=\"et_pb_gallery_caption\">23 Tab Param YLHS<\/p>\n\t\t\t\t\t<\/li>\n\t\t\t\t<\/ul>\n<p>[\/et_pb_tab][et_pb_tab title=&#8221;Rysunki&#8221; _builder_version=&#8221;4.21.0&#8243; global_colors_info=&#8221;{}&#8221;]<\/p>\n<h3>Rysunki przek\u0142adni YLHS<\/h3>\n<ul class=\"et_post_gallery clearfix\">\n\t\t\t\t\t<li class=\"et_gallery_item et_pb_gallery_image\">\n\t\t\t\t\t\t<a href=\"https:\/\/almer.sk\/wp-content\/uploads\/2023\/07\/YLHS-14-XXX-C-I-scaled-e1689610882665.jpg\" title=\"YLHS-14-XXX-C-I\">\n\t\t\t\t\t\t\t<span class=\"et_portfolio_image\">\n\t\t\t\t\t\t\t\t<img loading=\"lazy\" decoding=\"async\" width=\"400\" height=\"284\" src=\"https:\/\/almer.sk\/wp-content\/uploads\/2023\/07\/YLHS-14-XXX-C-I-scaled-e1689610882665-400x284.jpg\" class=\"attachment-et-pb-portfolio-image size-et-pb-portfolio-image\" alt=\"\" \/>\n\t\t\t\t\t\t\t\t<span class=\"et_overlay\"><\/span>\n\t\t\t\t\t\t\t<\/span>\n\t\t\t\t\t\t<\/a>\n\t\t\t\t\t\t<p class=\"et_pb_gallery_caption\">YLHS-14-XXX-C-I<\/p>\n\t\t\t\t\t<\/li><li class=\"et_gallery_item et_pb_gallery_image\">\n\t\t\t\t\t\t<a href=\"https:\/\/almer.sk\/wp-content\/uploads\/2023\/07\/YLHS-17-XXX-C-I-scaled-e1689610821959.jpg\" title=\"YLHS-17-XXX-C-I\">\n\t\t\t\t\t\t\t<span class=\"et_portfolio_image\">\n\t\t\t\t\t\t\t\t<img loading=\"lazy\" decoding=\"async\" width=\"400\" height=\"284\" src=\"https:\/\/almer.sk\/wp-content\/uploads\/2023\/07\/YLHS-17-XXX-C-I-scaled-e1689610821959-400x284.jpg\" class=\"attachment-et-pb-portfolio-image size-et-pb-portfolio-image\" alt=\"\" \/>\n\t\t\t\t\t\t\t\t<span class=\"et_overlay\"><\/span>\n\t\t\t\t\t\t\t<\/span>\n\t\t\t\t\t\t<\/a>\n\t\t\t\t\t\t<p class=\"et_pb_gallery_caption\">YLHS-17-XXX-C-I<\/p>\n\t\t\t\t\t<\/li><li class=\"et_gallery_item et_pb_gallery_image\">\n\t\t\t\t\t\t<a href=\"https:\/\/almer.sk\/wp-content\/uploads\/2023\/07\/YLHS-20-XXX-C-I-scaled-e1689611260472.jpg\" title=\"YLHS-20-XXX-C-I\">\n\t\t\t\t\t\t\t<span class=\"et_portfolio_image\">\n\t\t\t\t\t\t\t\t<img loading=\"lazy\" decoding=\"async\" width=\"400\" height=\"284\" src=\"https:\/\/almer.sk\/wp-content\/uploads\/2023\/07\/YLHS-20-XXX-C-I-scaled-e1689611260472-400x284.jpg\" class=\"attachment-et-pb-portfolio-image size-et-pb-portfolio-image\" alt=\"\" \/>\n\t\t\t\t\t\t\t\t<span class=\"et_overlay\"><\/span>\n\t\t\t\t\t\t\t<\/span>\n\t\t\t\t\t\t<\/a>\n\t\t\t\t\t\t<p class=\"et_pb_gallery_caption\">YLHS-20-XXX-C-I<\/p>\n\t\t\t\t\t<\/li><li class=\"et_gallery_item et_pb_gallery_image\">\n\t\t\t\t\t\t<a href=\"https:\/\/almer.sk\/wp-content\/uploads\/2023\/07\/YLHS-25-XXX-C-I-scaled-e1689610788594.jpg\" title=\"YLHS-25-XXX-C-I\">\n\t\t\t\t\t\t\t<span class=\"et_portfolio_image\">\n\t\t\t\t\t\t\t\t<img loading=\"lazy\" decoding=\"async\" width=\"400\" height=\"284\" src=\"https:\/\/almer.sk\/wp-content\/uploads\/2023\/07\/YLHS-25-XXX-C-I-scaled-e1689610788594-400x284.jpg\" class=\"attachment-et-pb-portfolio-image size-et-pb-portfolio-image\" alt=\"\" \/>\n\t\t\t\t\t\t\t\t<span class=\"et_overlay\"><\/span>\n\t\t\t\t\t\t\t<\/span>\n\t\t\t\t\t\t<\/a>\n\t\t\t\t\t\t<p class=\"et_pb_gallery_caption\">YLHS-25-XXX-C-I<\/p>\n\t\t\t\t\t<\/li><li class=\"et_gallery_item et_pb_gallery_image\">\n\t\t\t\t\t\t<a href=\"https:\/\/almer.sk\/wp-content\/uploads\/2023\/07\/YLHS-32-XXX-C-I-scaled-e1689611154867.jpg\" title=\"YLHS-32-XXX-C-I\">\n\t\t\t\t\t\t\t<span class=\"et_portfolio_image\">\n\t\t\t\t\t\t\t\t<img loading=\"lazy\" decoding=\"async\" width=\"400\" height=\"284\" src=\"https:\/\/almer.sk\/wp-content\/uploads\/2023\/07\/YLHS-32-XXX-C-I-scaled-e1689611154867-400x284.jpg\" class=\"attachment-et-pb-portfolio-image size-et-pb-portfolio-image\" alt=\"\" \/>\n\t\t\t\t\t\t\t\t<span class=\"et_overlay\"><\/span>\n\t\t\t\t\t\t\t<\/span>\n\t\t\t\t\t\t<\/a>\n\t\t\t\t\t\t<p class=\"et_pb_gallery_caption\">YLHS-32-XXX-C-I<\/p>\n\t\t\t\t\t<\/li><li class=\"et_gallery_item et_pb_gallery_image\">\n\t\t\t\t\t\t<a href=\"https:\/\/almer.sk\/wp-content\/uploads\/2023\/07\/YLHS-40-XXX-C-I-scaled-e1689610735643.jpg\" title=\"YLHS-40-XXX-C-I\">\n\t\t\t\t\t\t\t<span class=\"et_portfolio_image\">\n\t\t\t\t\t\t\t\t<img loading=\"lazy\" decoding=\"async\" width=\"400\" height=\"284\" src=\"https:\/\/almer.sk\/wp-content\/uploads\/2023\/07\/YLHS-40-XXX-C-I-scaled-e1689610735643-400x284.jpg\" class=\"attachment-et-pb-portfolio-image size-et-pb-portfolio-image\" alt=\"\" \/>\n\t\t\t\t\t\t\t\t<span class=\"et_overlay\"><\/span>\n\t\t\t\t\t\t\t<\/span>\n\t\t\t\t\t\t<\/a>\n\t\t\t\t\t\t<p class=\"et_pb_gallery_caption\">YLHS-40-XXX-C-I<\/p>\n\t\t\t\t\t<\/li>\n\t\t\t\t<\/ul>\n<p>[\/et_pb_tab][et_pb_tab title=&#8221;3D&#8221; _builder_version=&#8221;4.21.0&#8243; global_colors_info=&#8221;{}&#8221;]<\/p>\n<h3>W przypadku wydruk\u00f3w 3D prosimy o kontakt<\/h3>\n<h4>[et_pb_section global_module=\"1380\"][\/et_pb_section]<\/h4>\n<p>[\/et_pb_tab][et_pb_tab title=&#8221;Specyfikacja modelu&#8221; _builder_version=&#8221;4.21.0&#8243; global_colors_info=&#8221;{}&#8221;]<\/p>\n<h3>Specyfikacja modeli<\/h3>\n<ul class=\"et_post_gallery clearfix\">\n\t\t\t\t\t<li class=\"et_gallery_item et_pb_gallery_image\">\n\t\t\t\t\t\t<a href=\"https:\/\/almer.sk\/wp-content\/uploads\/2023\/07\/23-Specifikacia-modelu-YLHS-scaled-e1689609535934.jpg\" title=\"23 S\u030cpecifika\u0301cia modelu YLHS\">\n\t\t\t\t\t\t\t<span class=\"et_portfolio_image\">\n\t\t\t\t\t\t\t\t<img loading=\"lazy\" decoding=\"async\" width=\"400\" height=\"284\" src=\"https:\/\/almer.sk\/wp-content\/uploads\/2023\/07\/23-Specifikacia-modelu-YLHS-scaled-e1689609535934-400x284.jpg\" class=\"attachment-et-pb-portfolio-image size-et-pb-portfolio-image\" alt=\"\" \/>\n\t\t\t\t\t\t\t\t<span class=\"et_overlay\"><\/span>\n\t\t\t\t\t\t\t<\/span>\n\t\t\t\t\t\t<\/a>\n\t\t\t\t\t\t<p class=\"et_pb_gallery_caption\">23 S\u030cpecifika\u0301cia modelu YLHS<\/p>\n\t\t\t\t\t<\/li>\n\t\t\t\t<\/ul>\n<p>[\/et_pb_tab][et_pb_tab title=&#8221;Zapytanie o produkt&#8221; _builder_version=&#8221;4.21.0&#8243; global_colors_info=&#8221;{}&#8221;]Prosimy o kontakt z naszym technicznym zespo\u0142em sprzeda\u017cy w celu uzyskania cen, arkuszy danych, rysunk\u00f3w technicznych (2D\/3D), instrukcji obs\u0142ugi sprz\u0119tu i oprogramowania lub innych informacji technicznych dotycz\u0105cych aplikacji&#8230;<\/p>\n[et_pb_section global_module=\"1380\"][\/et_pb_section]\n<p>[\/et_pb_tab][\/et_pb_tabs][\/et_pb_column][\/et_pb_row][\/et_pb_section]<\/p>\n","protected":false},"excerpt":{"rendered":"<p>&gt; Strona g\u0142\u00f3wna \/ Przek\u0142adnie \/ Harmoniczne \/ YLHSModel Y &#8211; przek\u0142adnie harmoniczneTrzecia generacja przek\u0142adni harmonicznych Sztywno\u015b\u0107 skr\u0119tna wzros\u0142a dwukrotnie Dok\u0142adno\u015b\u0107 nap\u0119du pr\u0105du sta\u0142ego jest ponad dwukrotnie wi\u0119ksza Zasadniczo rozwi\u0105zuje problemy z wibracjami po\u0142\u0105cze\u0144 Nowa konstrukcja i wygl\u0105d profilu z\u0119ba Specjalny Materia\u0142 dla elastycznego wielowypustu i \u0142o\u017cyska Specjalna technologia obr\u00f3bki cieplnej &nbsp;Przek\u0142adnia Model Y to [&hellip;]<\/p>\n","protected":false},"author":1,"featured_media":0,"parent":5664,"menu_order":0,"comment_status":"closed","ping_status":"closed","template":"","meta":{"_et_pb_use_builder":"on","_et_pb_old_content":"","_et_gb_content_width":"","footnotes":""},"class_list":["post-6078","page","type-page","status-publish","hentry"],"yoast_head":"<!-- This site is optimized with the Yoast SEO plugin v26.6 - https:\/\/yoast.com\/wordpress\/plugins\/seo\/ -->\n<title>Przek\u0142adnie harmoniczne model Y - Almer.sk<\/title>\n<meta name=\"robots\" content=\"index, follow, max-snippet:-1, max-image-preview:large, max-video-preview:-1\" \/>\n<link rel=\"canonical\" href=\"https:\/\/almer.sk\/pl\/przekladnie-harmoniczne\/przekladnie-harmoniczne-model-y\/\" \/>\n<meta property=\"og:locale\" content=\"pl_PL\" \/>\n<meta property=\"og:type\" content=\"article\" \/>\n<meta property=\"og:title\" content=\"Przek\u0142adnie harmoniczne model Y - Almer.sk\" \/>\n<meta property=\"og:description\" content=\"&gt; Strona g\u0142\u00f3wna \/ Przek\u0142adnie \/ Harmoniczne \/ YLHSModel Y - przek\u0142adnie harmoniczneTrzecia generacja przek\u0142adni harmonicznych Sztywno\u015b\u0107 skr\u0119tna wzros\u0142a dwukrotnie Dok\u0142adno\u015b\u0107 nap\u0119du pr\u0105du sta\u0142ego jest ponad dwukrotnie wi\u0119ksza Zasadniczo rozwi\u0105zuje problemy z wibracjami po\u0142\u0105cze\u0144 Nowa konstrukcja i wygl\u0105d profilu z\u0119ba Specjalny Materia\u0142 dla elastycznego wielowypustu i \u0142o\u017cyska Specjalna technologia obr\u00f3bki cieplnej &nbsp;Przek\u0142adnia Model Y to [&hellip;]\" \/>\n<meta property=\"og:url\" content=\"https:\/\/almer.sk\/pl\/przekladnie-harmoniczne\/przekladnie-harmoniczne-model-y\/\" \/>\n<meta property=\"og:site_name\" content=\"Almer.sk\" \/>\n<meta property=\"article:modified_time\" content=\"2024-04-13T15:02:09+00:00\" \/>\n<meta name=\"twitter:card\" content=\"summary_large_image\" \/>\n<meta name=\"twitter:label1\" content=\"Szacowany czas czytania\" \/>\n\t<meta name=\"twitter:data1\" content=\"4 minuty\" \/>\n<script type=\"application\/ld+json\" class=\"yoast-schema-graph\">{\"@context\":\"https:\/\/schema.org\",\"@graph\":[{\"@type\":\"WebPage\",\"@id\":\"https:\/\/almer.sk\/pl\/przekladnie-harmoniczne\/przekladnie-harmoniczne-model-y\/\",\"url\":\"https:\/\/almer.sk\/pl\/przekladnie-harmoniczne\/przekladnie-harmoniczne-model-y\/\",\"name\":\"Przek\u0142adnie harmoniczne model Y - Almer.sk\",\"isPartOf\":{\"@id\":\"https:\/\/almer.sk\/pl\/#website\"},\"datePublished\":\"2023-07-17T15:48:40+00:00\",\"dateModified\":\"2024-04-13T15:02:09+00:00\",\"breadcrumb\":{\"@id\":\"https:\/\/almer.sk\/pl\/przekladnie-harmoniczne\/przekladnie-harmoniczne-model-y\/#breadcrumb\"},\"inLanguage\":\"pl-PL\",\"potentialAction\":[{\"@type\":\"ReadAction\",\"target\":[\"https:\/\/almer.sk\/pl\/przekladnie-harmoniczne\/przekladnie-harmoniczne-model-y\/\"]}]},{\"@type\":\"BreadcrumbList\",\"@id\":\"https:\/\/almer.sk\/pl\/przekladnie-harmoniczne\/przekladnie-harmoniczne-model-y\/#breadcrumb\",\"itemListElement\":[{\"@type\":\"ListItem\",\"position\":1,\"name\":\"Home\",\"item\":\"https:\/\/almer.sk\/pl\/\"},{\"@type\":\"ListItem\",\"position\":2,\"name\":\"Przek\u0142adnie harmoniczne\",\"item\":\"https:\/\/almer.sk\/pl\/przekladnie-harmoniczne\/\"},{\"@type\":\"ListItem\",\"position\":3,\"name\":\"Przek\u0142adnie harmoniczne model Y\"}]},{\"@type\":\"WebSite\",\"@id\":\"https:\/\/almer.sk\/pl\/#website\",\"url\":\"https:\/\/almer.sk\/pl\/\",\"name\":\"Almer.sk\",\"description\":\"Technologick\u00fd l\u00edder v oblasti presn\u00fdch prevodoviek\",\"potentialAction\":[{\"@type\":\"SearchAction\",\"target\":{\"@type\":\"EntryPoint\",\"urlTemplate\":\"https:\/\/almer.sk\/pl\/?s={search_term_string}\"},\"query-input\":{\"@type\":\"PropertyValueSpecification\",\"valueRequired\":true,\"valueName\":\"search_term_string\"}}],\"inLanguage\":\"pl-PL\"}]}<\/script>\n<!-- \/ Yoast SEO plugin. -->","yoast_head_json":{"title":"Przek\u0142adnie harmoniczne model Y - Almer.sk","robots":{"index":"index","follow":"follow","max-snippet":"max-snippet:-1","max-image-preview":"max-image-preview:large","max-video-preview":"max-video-preview:-1"},"canonical":"https:\/\/almer.sk\/pl\/przekladnie-harmoniczne\/przekladnie-harmoniczne-model-y\/","og_locale":"pl_PL","og_type":"article","og_title":"Przek\u0142adnie harmoniczne model Y - Almer.sk","og_description":"&gt; Strona g\u0142\u00f3wna \/ Przek\u0142adnie \/ Harmoniczne \/ YLHSModel Y - przek\u0142adnie harmoniczneTrzecia generacja przek\u0142adni harmonicznych Sztywno\u015b\u0107 skr\u0119tna wzros\u0142a dwukrotnie Dok\u0142adno\u015b\u0107 nap\u0119du pr\u0105du sta\u0142ego jest ponad dwukrotnie wi\u0119ksza Zasadniczo rozwi\u0105zuje problemy z wibracjami po\u0142\u0105cze\u0144 Nowa konstrukcja i wygl\u0105d profilu z\u0119ba Specjalny Materia\u0142 dla elastycznego wielowypustu i \u0142o\u017cyska Specjalna technologia obr\u00f3bki cieplnej &nbsp;Przek\u0142adnia Model Y to [&hellip;]","og_url":"https:\/\/almer.sk\/pl\/przekladnie-harmoniczne\/przekladnie-harmoniczne-model-y\/","og_site_name":"Almer.sk","article_modified_time":"2024-04-13T15:02:09+00:00","twitter_card":"summary_large_image","twitter_misc":{"Szacowany czas czytania":"4 minuty"},"schema":{"@context":"https:\/\/schema.org","@graph":[{"@type":"WebPage","@id":"https:\/\/almer.sk\/pl\/przekladnie-harmoniczne\/przekladnie-harmoniczne-model-y\/","url":"https:\/\/almer.sk\/pl\/przekladnie-harmoniczne\/przekladnie-harmoniczne-model-y\/","name":"Przek\u0142adnie harmoniczne model Y - Almer.sk","isPartOf":{"@id":"https:\/\/almer.sk\/pl\/#website"},"datePublished":"2023-07-17T15:48:40+00:00","dateModified":"2024-04-13T15:02:09+00:00","breadcrumb":{"@id":"https:\/\/almer.sk\/pl\/przekladnie-harmoniczne\/przekladnie-harmoniczne-model-y\/#breadcrumb"},"inLanguage":"pl-PL","potentialAction":[{"@type":"ReadAction","target":["https:\/\/almer.sk\/pl\/przekladnie-harmoniczne\/przekladnie-harmoniczne-model-y\/"]}]},{"@type":"BreadcrumbList","@id":"https:\/\/almer.sk\/pl\/przekladnie-harmoniczne\/przekladnie-harmoniczne-model-y\/#breadcrumb","itemListElement":[{"@type":"ListItem","position":1,"name":"Home","item":"https:\/\/almer.sk\/pl\/"},{"@type":"ListItem","position":2,"name":"Przek\u0142adnie harmoniczne","item":"https:\/\/almer.sk\/pl\/przekladnie-harmoniczne\/"},{"@type":"ListItem","position":3,"name":"Przek\u0142adnie harmoniczne model Y"}]},{"@type":"WebSite","@id":"https:\/\/almer.sk\/pl\/#website","url":"https:\/\/almer.sk\/pl\/","name":"Almer.sk","description":"Technologick\u00fd l\u00edder v oblasti presn\u00fdch prevodoviek","potentialAction":[{"@type":"SearchAction","target":{"@type":"EntryPoint","urlTemplate":"https:\/\/almer.sk\/pl\/?s={search_term_string}"},"query-input":{"@type":"PropertyValueSpecification","valueRequired":true,"valueName":"search_term_string"}}],"inLanguage":"pl-PL"}]}},"_links":{"self":[{"href":"https:\/\/almer.sk\/pl\/wp-json\/wp\/v2\/pages\/6078","targetHints":{"allow":["GET"]}}],"collection":[{"href":"https:\/\/almer.sk\/pl\/wp-json\/wp\/v2\/pages"}],"about":[{"href":"https:\/\/almer.sk\/pl\/wp-json\/wp\/v2\/types\/page"}],"author":[{"embeddable":true,"href":"https:\/\/almer.sk\/pl\/wp-json\/wp\/v2\/users\/1"}],"replies":[{"embeddable":true,"href":"https:\/\/almer.sk\/pl\/wp-json\/wp\/v2\/comments?post=6078"}],"version-history":[{"count":6,"href":"https:\/\/almer.sk\/pl\/wp-json\/wp\/v2\/pages\/6078\/revisions"}],"predecessor-version":[{"id":6782,"href":"https:\/\/almer.sk\/pl\/wp-json\/wp\/v2\/pages\/6078\/revisions\/6782"}],"up":[{"embeddable":true,"href":"https:\/\/almer.sk\/pl\/wp-json\/wp\/v2\/pages\/5664"}],"wp:attachment":[{"href":"https:\/\/almer.sk\/pl\/wp-json\/wp\/v2\/media?parent=6078"}],"curies":[{"name":"wp","href":"https:\/\/api.w.org\/{rel}","templated":true}]}}