{"id":6054,"date":"2023-07-15T12:57:35","date_gmt":"2023-07-15T10:57:35","guid":{"rendered":"https:\/\/almer.sk\/produkty-zintegrowane\/wydrazona-platforma-obrotowa-wtn\/"},"modified":"2023-09-06T11:25:26","modified_gmt":"2023-09-06T09:25:26","slug":"wydrazona-platforma-obrotowa","status":"publish","type":"page","link":"https:\/\/almer.sk\/pl\/produkty-zintegrowane\/wydrazona-platforma-obrotowa\/","title":{"rendered":"Wydr\u0105\u017cona platforma obrotowa WTN"},"content":{"rendered":"<p>[et_pb_section fb_built=&#8221;1&#8243; _builder_version=&#8221;4.21.0&#8243; _module_preset=&#8221;default&#8221; global_colors_info=&#8221;{}&#8221;][et_pb_row _builder_version=&#8221;4.21.0&#8243; _module_preset=&#8221;default&#8221; locked=&#8221;off&#8221; global_colors_info=&#8221;{}&#8221;][et_pb_column type=&#8221;4_4&#8243; _builder_version=&#8221;4.21.0&#8243; _module_preset=&#8221;default&#8221; global_colors_info=&#8221;{}&#8221;][et_pb_blurb content_max_width=&#8221;1100px&#8221; _builder_version=&#8221;4.21.0&#8243; _module_preset=&#8221;default&#8221; body_text_align=&#8221;left&#8221; global_colors_info=&#8221;{}&#8221;]<\/p>\n<p> <a class=\"bread\" href=\"https:\/\/almer.sk\/pl\/\">&gt; Strona g\u0142\u00f3wna<\/a> \/ <a class=\"bread\" href=\"https:\/\/almer.sk\/pl\/produkty-zintegrowane\/\">Produkty zintegrowane<\/a> \/ Platforma obrotowa<\/p>\n<p>[\/et_pb_blurb][et_pb_blurb content_max_width=&#8221;1100px&#8221; _builder_version=&#8221;4.21.0&#8243; _module_preset=&#8221;default&#8221; header_level=&#8221;h1&#8243; header_font=&#8221;|||on|||||&#8221; body_font=&#8221;|||on|||||&#8221; body_text_align=&#8221;center&#8221; body_line_height=&#8221;1.6em&#8221; global_colors_info=&#8221;{}&#8221;]<\/p>\n<h1><span class=\"cierna\">Hollow<\/span> (wydr\u0105\u017cona) platforma obrotowa WTN<\/h1>\n<p>[\/et_pb_blurb][\/et_pb_column][\/et_pb_row][et_pb_row column_structure=&#8221;1_2,1_2&#8243; _builder_version=&#8221;4.21.0&#8243; _module_preset=&#8221;default&#8221; width=&#8221;60%&#8221; min_height=&#8221;209px&#8221; custom_padding=&#8221;|||0px|false|false&#8221; global_colors_info=&#8221;{}&#8221;][et_pb_column type=&#8221;1_2&#8243; _builder_version=&#8221;4.21.0&#8243; _module_preset=&#8221;default&#8221; global_colors_info=&#8221;{}&#8221;][et_pb_blurb image=&#8221;https:\/\/almer.sk\/wp-content\/uploads\/2023\/07\/Hollow-duta-Rotacna-e1689426047906.png&#8221; alt=&#8221;Wydr\u0105\u017cona platforma obrotowa&#8221; _builder_version=&#8221;4.21.0&#8243; _module_preset=&#8221;default&#8221; width=&#8221;70%&#8221; custom_margin=&#8221;|||90px|false|false&#8221; custom_padding=&#8221;||||false|false&#8221; animation=&#8221;off&#8221; global_colors_info=&#8221;{}&#8221;][\/et_pb_blurb][\/et_pb_column][et_pb_column type=&#8221;1_2&#8243; _builder_version=&#8221;4.21.0&#8243; _module_preset=&#8221;default&#8221; global_colors_info=&#8221;{}&#8221;][et_pb_blurb image=&#8221;https:\/\/almer.sk\/wp-content\/uploads\/2023\/07\/Rotacna-platforma-2.png&#8221; _builder_version=&#8221;4.21.0&#8243; _module_preset=&#8221;default&#8221; width=&#8221;70%&#8221; animation=&#8221;off&#8221; global_colors_info=&#8221;{}&#8221;][\/et_pb_blurb][\/et_pb_column][\/et_pb_row][et_pb_row _builder_version=&#8221;4.21.0&#8243; _module_preset=&#8221;default&#8221; custom_padding=&#8221;0px|||||&#8221; global_colors_info=&#8221;{}&#8221;][et_pb_column type=&#8221;4_4&#8243; _builder_version=&#8221;4.21.0&#8243; _module_preset=&#8221;default&#8221; global_colors_info=&#8221;{}&#8221;][et_pb_blurb content_max_width=&#8221;1100px&#8221; _builder_version=&#8221;4.21.0&#8243; _module_preset=&#8221;default&#8221; global_colors_info=&#8221;{}&#8221;]<\/p>\n<p><strong>Hollow Rotary Actuator<\/strong> mo\u017ce by\u0107 u\u017cywany w r\u00f3\u017cnych sytuacjach ruchu obrotowego i zast\u0119powa\u0107 DD MOTOR i krzywk\u0119. \u0141\u0105czy w sobie wysok\u0105 wydajno\u015b\u0107 pracy, wysok\u0105 precyzj\u0119, du\u017c\u0105 sztywno\u015b\u0107 i doskona\u0142y stosunek koszt\u00f3w do wydajno\u015bci. Dok\u0142adno\u015b\u0107 powtarzania pozycjonowania wynosi mniej ni\u017c 15 sekund \u0142uku, silnik jest \u0142atwy w konfiguracji, a obci\u0105\u017cenie jest stabilne. Mo\u017cna go po\u0142\u0105czy\u0107 z serwomechanizmem AC lub silnikiem krokowym, aby wykona\u0107 dowolny podzia\u0142 k\u0105ta, kt\u00f3ry mo\u017ce by\u0107 osi\u0105gni\u0119ty przez sterowanie cyfrowe, a kt\u00f3rego nie mo\u017ce osi\u0105gn\u0105\u0107 dzielnik, a dok\u0142adno\u015b\u0107 pozycjonowania jest por\u00f3wnywalna z silnikami DD. Mo\u017ce to znacznie obni\u017cy\u0107 koszty i przynie\u015b\u0107 nieoczekiwane rezultaty.<\/p>\n<p><strong>Zintegrowany wa\u0142 wej\u015bciowy<\/strong>, wysoka sztywno\u015b\u0107 \u0142o\u017cyska, brak ryzyka po\u015blizgu.<\/p>\n<p><strong>Pusta konstrukcja<\/strong><\/p>\n<p>P\u0142yta obrotowa ma wydr\u0105\u017con\u0105 struktur\u0119, a serwomotor jest przymocowany z boku, co jest wygodne do zainstalowania rury gazowej i przewodu elektrycznego w uchwycie.<\/p>\n<p><strong>Wysoka dok\u0142adno\u015b\u0107 powtarzania pozycjonowania<\/strong><\/p>\n<p>Wydr\u0105\u017cona platforma obrotowa wykorzystuje jednostopniow\u0105 przek\u0142adni\u0119 \u015brubow\u0105 w celu zwi\u0119kszenia wyj\u015bciowego momentu obrotowego poprzez zmniejszenie pr\u0119dko\u015bci.<\/p>\n<p>Poziom dok\u0142adno\u015bci przek\u0142adni wynosi 3 minuty \u0142ukowe, a elastyczny mechanizm regulacji luzu kontroluje luz poprzez zmian\u0119 odleg\u0142o\u015bci \u015brodkowej mi\u0119dzy dwoma ko\u0142ami z\u0119batymi, dzi\u0119ki czemu wydr\u0105\u017cona platforma obrotowa jest bezluzowa (bezluzowa), a dok\u0142adno\u015b\u0107 repozycjonowania wynosi poni\u017cej \u00b115 arcsec.<\/p>\n<p><strong>Wysoka sztywno\u015b\u0107<\/strong><\/p>\n<p>P\u0142yta obrotowa jest podparta zestawem precyzyjnych \u0142o\u017cysk poprzecznych. Rolki w \u0142o\u017cysku s\u0105 przesuni\u0119te wzgl\u0119dem siebie o 90 stopni, a \u015brednica rolek jest nieco wi\u0119ksza ni\u017c rozmiar orbity mi\u0119dzy pier\u015bcieniem wewn\u0119trznym a pier\u015bcieniem zewn\u0119trznym \u0142o\u017cyska. Pomi\u0119dzy pier\u015bcieniem wewn\u0119trznym i zewn\u0119trznym a rolkami wyst\u0119puje si\u0142a wst\u0119pnego dokr\u0119cenia, dzi\u0119ki czemu \u0142o\u017cyskowana p\u0142yta obrotowa serwomechanizmu platformy obrotowej mo\u017ce wytrzyma\u0107 r\u00f3\u017cne momenty, takie jak promieniowe, osiowe i wywracaj\u0105ce, a jej sztywno\u015b\u0107 jest ponad 10 razy wy\u017csza ni\u017c w przypadku tradycyjnych \u0142o\u017cysk.<\/p>\n<p><strong>Dowolna konfiguracja silnika<\/strong><\/p>\n<p>Wydr\u0105\u017cona platforma obrotowa mo\u017ce elastycznie zmienia\u0107 rozmiar interfejsu z dostosowanym otworem ko\u0142nierza i wa\u0142em wej\u015bciowym, odpowiednim do pod\u0142\u0105czania serwomotor\u00f3w i silnik\u00f3w krokowych dowolnej marki.<\/p>\n<p>[\/et_pb_blurb][\/et_pb_column][\/et_pb_row][et_pb_row _builder_version=&#8221;4.21.0&#8243; _module_preset=&#8221;default&#8221; global_colors_info=&#8221;{}&#8221;][et_pb_column type=&#8221;4_4&#8243; _builder_version=&#8221;4.21.0&#8243; _module_preset=&#8221;default&#8221; global_colors_info=&#8221;{}&#8221;][et_pb_blurb image=&#8221;https:\/\/almer.sk\/wp-content\/uploads\/2023\/07\/Hollow-duta-rotacna-platforma-WTN.png&#8221; alt=&#8221;Wydr\u0105\u017cona platforma obrotowa WTN&#8221; content_max_width=&#8221;1100px&#8221; _builder_version=&#8221;4.21.0&#8243; _module_preset=&#8221;default&#8221; animation=&#8221;off&#8221; global_colors_info=&#8221;{}&#8221;][\/et_pb_blurb][\/et_pb_column][\/et_pb_row][\/et_pb_section]<\/p>\n","protected":false},"excerpt":{"rendered":"<p>&gt; Strona g\u0142\u00f3wna \/ Produkty zintegrowane \/ Platforma obrotowaHollow (wydr\u0105\u017cona) platforma obrotowa WTNHollow Rotary Actuator mo\u017ce by\u0107 u\u017cywany w r\u00f3\u017cnych sytuacjach ruchu obrotowego i zast\u0119powa\u0107 DD MOTOR i krzywk\u0119. \u0141\u0105czy w sobie wysok\u0105 wydajno\u015b\u0107 pracy, wysok\u0105 precyzj\u0119, du\u017c\u0105 sztywno\u015b\u0107 i doskona\u0142y stosunek koszt\u00f3w do wydajno\u015bci. Dok\u0142adno\u015b\u0107 powtarzania pozycjonowania wynosi mniej ni\u017c 15 sekund \u0142uku, silnik [&hellip;]<\/p>\n","protected":false},"author":1,"featured_media":0,"parent":5738,"menu_order":0,"comment_status":"closed","ping_status":"closed","template":"","meta":{"_et_pb_use_builder":"on","_et_pb_old_content":"","_et_gb_content_width":"","footnotes":""},"class_list":["post-6054","page","type-page","status-publish","hentry"],"yoast_head":"<!-- This site is optimized with the Yoast SEO plugin v26.6 - https:\/\/yoast.com\/wordpress\/plugins\/seo\/ -->\n<title>Wydr\u0105\u017cona platforma obrotowa WTN - Almer.sk<\/title>\n<meta name=\"robots\" content=\"index, follow, max-snippet:-1, max-image-preview:large, max-video-preview:-1\" \/>\n<link rel=\"canonical\" href=\"https:\/\/almer.sk\/pl\/produkty-zintegrowane\/wydrazona-platforma-obrotowa\/\" \/>\n<meta property=\"og:locale\" content=\"pl_PL\" \/>\n<meta property=\"og:type\" content=\"article\" \/>\n<meta property=\"og:title\" content=\"Wydr\u0105\u017cona platforma obrotowa WTN - Almer.sk\" \/>\n<meta property=\"og:description\" content=\"&gt; Strona g\u0142\u00f3wna \/ Produkty zintegrowane \/ Platforma obrotowaHollow (wydr\u0105\u017cona) platforma obrotowa WTNHollow Rotary Actuator mo\u017ce by\u0107 u\u017cywany w r\u00f3\u017cnych sytuacjach ruchu obrotowego i zast\u0119powa\u0107 DD MOTOR i krzywk\u0119. \u0141\u0105czy w sobie wysok\u0105 wydajno\u015b\u0107 pracy, wysok\u0105 precyzj\u0119, du\u017c\u0105 sztywno\u015b\u0107 i doskona\u0142y stosunek koszt\u00f3w do wydajno\u015bci. Dok\u0142adno\u015b\u0107 powtarzania pozycjonowania wynosi mniej ni\u017c 15 sekund \u0142uku, silnik [&hellip;]\" \/>\n<meta property=\"og:url\" content=\"https:\/\/almer.sk\/pl\/produkty-zintegrowane\/wydrazona-platforma-obrotowa\/\" \/>\n<meta property=\"og:site_name\" content=\"Almer.sk\" \/>\n<meta property=\"article:modified_time\" content=\"2023-09-06T09:25:26+00:00\" \/>\n<meta name=\"twitter:card\" content=\"summary_large_image\" \/>\n<meta name=\"twitter:label1\" content=\"Szacowany czas czytania\" \/>\n\t<meta name=\"twitter:data1\" content=\"3 minuty\" \/>\n<script type=\"application\/ld+json\" class=\"yoast-schema-graph\">{\"@context\":\"https:\/\/schema.org\",\"@graph\":[{\"@type\":\"WebPage\",\"@id\":\"https:\/\/almer.sk\/pl\/produkty-zintegrowane\/wydrazona-platforma-obrotowa\/\",\"url\":\"https:\/\/almer.sk\/pl\/produkty-zintegrowane\/wydrazona-platforma-obrotowa\/\",\"name\":\"Wydr\u0105\u017cona platforma obrotowa WTN - Almer.sk\",\"isPartOf\":{\"@id\":\"https:\/\/almer.sk\/pl\/#website\"},\"datePublished\":\"2023-07-15T10:57:35+00:00\",\"dateModified\":\"2023-09-06T09:25:26+00:00\",\"breadcrumb\":{\"@id\":\"https:\/\/almer.sk\/pl\/produkty-zintegrowane\/wydrazona-platforma-obrotowa\/#breadcrumb\"},\"inLanguage\":\"pl-PL\",\"potentialAction\":[{\"@type\":\"ReadAction\",\"target\":[\"https:\/\/almer.sk\/pl\/produkty-zintegrowane\/wydrazona-platforma-obrotowa\/\"]}]},{\"@type\":\"BreadcrumbList\",\"@id\":\"https:\/\/almer.sk\/pl\/produkty-zintegrowane\/wydrazona-platforma-obrotowa\/#breadcrumb\",\"itemListElement\":[{\"@type\":\"ListItem\",\"position\":1,\"name\":\"Home\",\"item\":\"https:\/\/almer.sk\/pl\/\"},{\"@type\":\"ListItem\",\"position\":2,\"name\":\"Produkty zintegrowane\",\"item\":\"https:\/\/almer.sk\/pl\/produkty-zintegrowane\/\"},{\"@type\":\"ListItem\",\"position\":3,\"name\":\"Wydr\u0105\u017cona platforma obrotowa WTN\"}]},{\"@type\":\"WebSite\",\"@id\":\"https:\/\/almer.sk\/pl\/#website\",\"url\":\"https:\/\/almer.sk\/pl\/\",\"name\":\"Almer.sk\",\"description\":\"Technologick\u00fd l\u00edder v oblasti presn\u00fdch prevodoviek\",\"potentialAction\":[{\"@type\":\"SearchAction\",\"target\":{\"@type\":\"EntryPoint\",\"urlTemplate\":\"https:\/\/almer.sk\/pl\/?s={search_term_string}\"},\"query-input\":{\"@type\":\"PropertyValueSpecification\",\"valueRequired\":true,\"valueName\":\"search_term_string\"}}],\"inLanguage\":\"pl-PL\"}]}<\/script>\n<!-- \/ Yoast SEO plugin. -->","yoast_head_json":{"title":"Wydr\u0105\u017cona platforma obrotowa WTN - Almer.sk","robots":{"index":"index","follow":"follow","max-snippet":"max-snippet:-1","max-image-preview":"max-image-preview:large","max-video-preview":"max-video-preview:-1"},"canonical":"https:\/\/almer.sk\/pl\/produkty-zintegrowane\/wydrazona-platforma-obrotowa\/","og_locale":"pl_PL","og_type":"article","og_title":"Wydr\u0105\u017cona platforma obrotowa WTN - Almer.sk","og_description":"&gt; Strona g\u0142\u00f3wna \/ Produkty zintegrowane \/ Platforma obrotowaHollow (wydr\u0105\u017cona) platforma obrotowa WTNHollow Rotary Actuator mo\u017ce by\u0107 u\u017cywany w r\u00f3\u017cnych sytuacjach ruchu obrotowego i zast\u0119powa\u0107 DD MOTOR i krzywk\u0119. \u0141\u0105czy w sobie wysok\u0105 wydajno\u015b\u0107 pracy, wysok\u0105 precyzj\u0119, du\u017c\u0105 sztywno\u015b\u0107 i doskona\u0142y stosunek koszt\u00f3w do wydajno\u015bci. Dok\u0142adno\u015b\u0107 powtarzania pozycjonowania wynosi mniej ni\u017c 15 sekund \u0142uku, silnik [&hellip;]","og_url":"https:\/\/almer.sk\/pl\/produkty-zintegrowane\/wydrazona-platforma-obrotowa\/","og_site_name":"Almer.sk","article_modified_time":"2023-09-06T09:25:26+00:00","twitter_card":"summary_large_image","twitter_misc":{"Szacowany czas czytania":"3 minuty"},"schema":{"@context":"https:\/\/schema.org","@graph":[{"@type":"WebPage","@id":"https:\/\/almer.sk\/pl\/produkty-zintegrowane\/wydrazona-platforma-obrotowa\/","url":"https:\/\/almer.sk\/pl\/produkty-zintegrowane\/wydrazona-platforma-obrotowa\/","name":"Wydr\u0105\u017cona platforma obrotowa WTN - Almer.sk","isPartOf":{"@id":"https:\/\/almer.sk\/pl\/#website"},"datePublished":"2023-07-15T10:57:35+00:00","dateModified":"2023-09-06T09:25:26+00:00","breadcrumb":{"@id":"https:\/\/almer.sk\/pl\/produkty-zintegrowane\/wydrazona-platforma-obrotowa\/#breadcrumb"},"inLanguage":"pl-PL","potentialAction":[{"@type":"ReadAction","target":["https:\/\/almer.sk\/pl\/produkty-zintegrowane\/wydrazona-platforma-obrotowa\/"]}]},{"@type":"BreadcrumbList","@id":"https:\/\/almer.sk\/pl\/produkty-zintegrowane\/wydrazona-platforma-obrotowa\/#breadcrumb","itemListElement":[{"@type":"ListItem","position":1,"name":"Home","item":"https:\/\/almer.sk\/pl\/"},{"@type":"ListItem","position":2,"name":"Produkty zintegrowane","item":"https:\/\/almer.sk\/pl\/produkty-zintegrowane\/"},{"@type":"ListItem","position":3,"name":"Wydr\u0105\u017cona platforma obrotowa WTN"}]},{"@type":"WebSite","@id":"https:\/\/almer.sk\/pl\/#website","url":"https:\/\/almer.sk\/pl\/","name":"Almer.sk","description":"Technologick\u00fd l\u00edder v oblasti presn\u00fdch prevodoviek","potentialAction":[{"@type":"SearchAction","target":{"@type":"EntryPoint","urlTemplate":"https:\/\/almer.sk\/pl\/?s={search_term_string}"},"query-input":{"@type":"PropertyValueSpecification","valueRequired":true,"valueName":"search_term_string"}}],"inLanguage":"pl-PL"}]}},"_links":{"self":[{"href":"https:\/\/almer.sk\/pl\/wp-json\/wp\/v2\/pages\/6054","targetHints":{"allow":["GET"]}}],"collection":[{"href":"https:\/\/almer.sk\/pl\/wp-json\/wp\/v2\/pages"}],"about":[{"href":"https:\/\/almer.sk\/pl\/wp-json\/wp\/v2\/types\/page"}],"author":[{"embeddable":true,"href":"https:\/\/almer.sk\/pl\/wp-json\/wp\/v2\/users\/1"}],"replies":[{"embeddable":true,"href":"https:\/\/almer.sk\/pl\/wp-json\/wp\/v2\/comments?post=6054"}],"version-history":[{"count":6,"href":"https:\/\/almer.sk\/pl\/wp-json\/wp\/v2\/pages\/6054\/revisions"}],"predecessor-version":[{"id":6465,"href":"https:\/\/almer.sk\/pl\/wp-json\/wp\/v2\/pages\/6054\/revisions\/6465"}],"up":[{"embeddable":true,"href":"https:\/\/almer.sk\/pl\/wp-json\/wp\/v2\/pages\/5738"}],"wp:attachment":[{"href":"https:\/\/almer.sk\/pl\/wp-json\/wp\/v2\/media?parent=6054"}],"curies":[{"name":"wp","href":"https:\/\/api.w.org\/{rel}","templated":true}]}}