{"id":5909,"date":"2023-06-28T16:03:00","date_gmt":"2023-06-28T14:03:00","guid":{"rendered":"https:\/\/almer.sk\/silowniki-obrotowe\/aah-silowniki-obrotowe\/"},"modified":"2023-09-04T11:26:02","modified_gmt":"2023-09-04T09:26:02","slug":"aah-silowniki-obrotowe","status":"publish","type":"page","link":"https:\/\/almer.sk\/pl\/silowniki-obrotowe\/aah-silowniki-obrotowe\/","title":{"rendered":"AAH &#8211; si\u0142owniki obrotowe"},"content":{"rendered":"<p>[et_pb_section fb_built=&#8221;1&#8243; _builder_version=&#8221;4.21.0&#8243; _module_preset=&#8221;default&#8221; locked=&#8221;off&#8221; global_colors_info=&#8221;{}&#8221;][et_pb_row _builder_version=&#8221;4.21.0&#8243; _module_preset=&#8221;default&#8221; global_colors_info=&#8221;{}&#8221;][et_pb_column type=&#8221;4_4&#8243; _builder_version=&#8221;4.21.0&#8243; _module_preset=&#8221;default&#8221; global_colors_info=&#8221;{}&#8221;][et_pb_blurb content_max_width=&#8221;1100px&#8221; _builder_version=&#8221;4.22.1&#8243; _module_preset=&#8221;default&#8221; body_text_align=&#8221;left&#8221; hover_enabled=&#8221;0&#8243; global_colors_info=&#8221;{}&#8221; sticky_enabled=&#8221;0&#8243;]<\/p>\n<p><a class=\"bread\" href=\"https:\/\/almer.sk\/pl\/\">&gt; Strona g\u0142\u00f3wna<\/a> \/ <a class=\"bread\" href=\"https:\/\/almer.sk\/pl\/silowniki-obrotowe\/\"><span>Si\u0142owniki<\/span><\/a> \/ AAH<\/p>\n<p>[\/et_pb_blurb][\/et_pb_column][\/et_pb_row][et_pb_row column_structure=&#8221;1_2,1_2&#8243; _builder_version=&#8221;4.21.0&#8243; _module_preset=&#8221;default&#8221; global_colors_info=&#8221;{}&#8221;][et_pb_column type=&#8221;1_2&#8243; _builder_version=&#8221;4.21.0&#8243; _module_preset=&#8221;default&#8221; global_colors_info=&#8221;{}&#8221;][et_pb_blurb image=&#8221;https:\/\/almer.sk\/wp-content\/uploads\/2023\/06\/AAH.jpg&#8221; alt=&#8221;AAH&#8221; disabled_on=&#8221;on|on|off&#8221; _builder_version=&#8221;4.21.0&#8243; _module_preset=&#8221;default&#8221; width=&#8221;60%&#8221; max_width=&#8221;100%&#8221; module_alignment=&#8221;center&#8221; custom_padding=&#8221;||||false|false&#8221; animation=&#8221;off&#8221; locked=&#8221;off&#8221; global_colors_info=&#8221;{}&#8221;][\/et_pb_blurb][\/et_pb_column][et_pb_column type=&#8221;1_2&#8243; _builder_version=&#8221;4.21.0&#8243; _module_preset=&#8221;default&#8221; global_colors_info=&#8221;{}&#8221;][et_pb_blurb content_max_width=&#8221;1100px&#8221; _builder_version=&#8221;4.21.0&#8243; _module_preset=&#8221;default&#8221; header_level=&#8221;h1&#8243; header_font=&#8221;|||on|||||&#8221; header_text_color=&#8221;#000000&#8243; body_font=&#8221;|||on|||||&#8221; body_text_align=&#8221;center&#8221; body_text_color=&#8221;#000000&#8243; body_line_height=&#8221;1.6em&#8221; global_colors_info=&#8221;{}&#8221;]<\/p>\n<h1 style=\"text-align: center;\"><span class=\"cierna\">Obrotowe si\u0142owniki harmoniczne<\/span><\/h1>\n<p>[\/et_pb_blurb][et_pb_blurb content_max_width=&#8221;1100px&#8221; _builder_version=&#8221;4.21.0&#8243; _module_preset=&#8221;default&#8221; header_level=&#8221;h1&#8243; header_font=&#8221;|||on|||||&#8221; body_font=&#8221;||||||||&#8221; body_text_align=&#8221;center&#8221; body_line_height=&#8221;1.6em&#8221; custom_margin=&#8221;-30px||||false|false&#8221; global_colors_info=&#8221;{}&#8221;]<\/p>\n<h2 style=\"text-align: center;\">Seria <span style=\"color: #ff0000;\">AAH<\/span> <\/h2>\n<p>[\/et_pb_blurb][\/et_pb_column][\/et_pb_row][et_pb_row _builder_version=&#8221;4.21.0&#8243; _module_preset=&#8221;default&#8221; global_colors_info=&#8221;{}&#8221;][et_pb_column type=&#8221;4_4&#8243; _builder_version=&#8221;4.21.0&#8243; _module_preset=&#8221;default&#8221; global_colors_info=&#8221;{}&#8221;][et_pb_blurb image=&#8221;https:\/\/almer.sk\/wp-content\/uploads\/2023\/06\/AAH.jpg&#8221; alt=&#8221;AAH&#8221; disabled_on=&#8221;off|off|on&#8221; _builder_version=&#8221;4.21.0&#8243; _module_preset=&#8221;default&#8221; width=&#8221;60%&#8221; max_width=&#8221;100%&#8221; module_alignment=&#8221;center&#8221; custom_padding=&#8221;||||false|false&#8221; animation=&#8221;off&#8221; locked=&#8221;off&#8221; global_colors_info=&#8221;{}&#8221;][\/et_pb_blurb][et_pb_tabs active_tab_background_color=&#8221;#000000&#8243; inactive_tab_background_color=&#8221;#ff0000&#8243; active_tab_text_color=&#8221;#ffffff&#8221; module_id=&#8221;taby&#8221; _builder_version=&#8221;4.21.0&#8243; tab_text_color=&#8221;#ffffff&#8221; tab_font=&#8221;|300|||||||&#8221; tab_font_size=&#8221;16px&#8221; tab_line_height=&#8221;2.8em&#8221; border_width_all=&#8221;0px&#8221; border_color_all=&#8221;rgba(0,0,0,0)&#8221; global_colors_info=&#8221;{}&#8221;][et_pb_tab title=&#8221;Opis&#8221; _builder_version=&#8221;4.21.0&#8243; global_colors_info=&#8221;{}&#8221;]<\/p>\n<p>Wysoka precyzja: dok\u0142adno\u015b\u0107 pozycjonowania absolutnego mo\u017ce wynosi\u0107 mniej ni\u017c 10 sekund \u0142uku (0,0028 stopnia).<\/p>\n<p>Du\u017cy moment obrotowy: ma\u0142y rozmiar, ale du\u017cy moment obrotowy, maksymalny wyj\u015bciowy moment obrotowy mo\u017ce osi\u0105gn\u0105\u0107 800 Nm<\/p>\n<p>Wa\u0142 dr\u0105\u017cony: otw\u00f3r przelotowy o du\u017cej \u015brednicy wewn\u0119trznej, \u0142atwy do przeprowadzenia kabli, w\u0119\u017cy powietrznych, wi\u0105zek laserowych itp.<\/p>\n<p>D\u0142uga \u017cywotno\u015b\u0107: dok\u0142adno\u015b\u0107 pozostaje niezmieniona nawet przy u\u017cytkowaniu przez ponad 20 000 godzin.<\/p>\n<p>Zero Backlash: ruch bez luz\u00f3w<\/p>\n<p>Integracja: integracja harmonicznego reduktora pr\u0119dko\u015bci, silnika momentowego, hamulca elektromagnetycznego, enkodera i innych czujnik\u00f3w w jednym urz\u0105dzeniu<\/p>\n<p>Szybka reakcja: wysoki poziom dynamiki reakcji, preferowany wyb\u00f3r dla urz\u0105dze\u0144 do obr\u00f3bki laserowej, system\u00f3w automatyki fabrycznej itp.<\/p>\n<p>Niski poziom wibracji: wyj\u0105tkowo niski poziom ha\u0142asu, idealny wyb\u00f3r dla p\u00f3\u0142przewodnik\u00f3w, sprz\u0119tu medycznego, precyzyjnego sprz\u0119tu do obrazowania i innych zastosowa\u0144.<\/p>\n<p>Wysoki stopie\u0144 ochrony: stopie\u0144 ochrony od IP65 do IP67 w zale\u017cno\u015bci od potrzeb<\/p>\n<p>Bezobs\u0142ugowy: nie wymaga regularnej konserwacji, wymiany smaru itp.<\/p>\n<p>[\/et_pb_tab][et_pb_tab title=&#8221;Parametry&#8221; _builder_version=&#8221;4.21.0&#8243; global_colors_info=&#8221;{}&#8221;]<\/p>\n<h3>Parametry si\u0142ownik\u00f3w AAH<\/h3>\n<ul class=\"et_post_gallery clearfix\">\n\t\t\t\t\t<li class=\"et_gallery_item et_pb_gallery_image\">\n\t\t\t\t\t\t<a href=\"https:\/\/almer.sk\/wp-content\/uploads\/2023\/06\/AAH-1417-scaled-e1688655744609.jpg\" title=\"AAH-14 \/ 17\">\n\t\t\t\t\t\t\t<span class=\"et_portfolio_image\">\n\t\t\t\t\t\t\t\t<img loading=\"lazy\" decoding=\"async\" width=\"400\" height=\"284\" src=\"https:\/\/almer.sk\/wp-content\/uploads\/2023\/06\/AAH-1417-scaled-e1688655744609-400x284.jpg\" class=\"attachment-et-pb-portfolio-image size-et-pb-portfolio-image\" alt=\"\" \/>\n\t\t\t\t\t\t\t\t<span class=\"et_overlay\"><\/span>\n\t\t\t\t\t\t\t<\/span>\n\t\t\t\t\t\t<\/a>\n\t\t\t\t\t\t<p class=\"et_pb_gallery_caption\">AAH-14 \/ 17<\/p>\n\t\t\t\t\t<\/li><li class=\"et_gallery_item et_pb_gallery_image\">\n\t\t\t\t\t\t<a href=\"https:\/\/almer.sk\/wp-content\/uploads\/2023\/06\/AAH-2025-scaled-e1688655762675.jpg\" title=\"AAH-20 \/ 25\">\n\t\t\t\t\t\t\t<span class=\"et_portfolio_image\">\n\t\t\t\t\t\t\t\t<img loading=\"lazy\" decoding=\"async\" width=\"400\" height=\"284\" src=\"https:\/\/almer.sk\/wp-content\/uploads\/2023\/06\/AAH-2025-scaled-e1688655762675-400x284.jpg\" class=\"attachment-et-pb-portfolio-image size-et-pb-portfolio-image\" alt=\"\" \/>\n\t\t\t\t\t\t\t\t<span class=\"et_overlay\"><\/span>\n\t\t\t\t\t\t\t<\/span>\n\t\t\t\t\t\t<\/a>\n\t\t\t\t\t\t<p class=\"et_pb_gallery_caption\">AAH-20 \/ 25<\/p>\n\t\t\t\t\t<\/li><li class=\"et_gallery_item et_pb_gallery_image\">\n\t\t\t\t\t\t<a href=\"https:\/\/almer.sk\/wp-content\/uploads\/2023\/06\/AAH-3240-scaled-e1688655781501.jpg\" title=\"AAH-32 \/ 40\">\n\t\t\t\t\t\t\t<span class=\"et_portfolio_image\">\n\t\t\t\t\t\t\t\t<img loading=\"lazy\" decoding=\"async\" width=\"400\" height=\"284\" src=\"https:\/\/almer.sk\/wp-content\/uploads\/2023\/06\/AAH-3240-scaled-e1688655781501-400x284.jpg\" class=\"attachment-et-pb-portfolio-image size-et-pb-portfolio-image\" alt=\"\" \/>\n\t\t\t\t\t\t\t\t<span class=\"et_overlay\"><\/span>\n\t\t\t\t\t\t\t<\/span>\n\t\t\t\t\t\t<\/a>\n\t\t\t\t\t\t<p class=\"et_pb_gallery_caption\">AAH-32 \/ 40<\/p>\n\t\t\t\t\t<\/li>\n\t\t\t\t<\/ul>\n<p>[\/et_pb_tab][et_pb_tab title=&#8221;Rysunki&#8221; _builder_version=&#8221;4.21.0&#8243; global_colors_info=&#8221;{}&#8221;]<\/p>\n<h3>Rysunki si\u0142ownik\u00f3w AAH<\/h3>\n<ul class=\"et_post_gallery clearfix\">\n\t\t\t\t\t<li class=\"et_gallery_item et_pb_gallery_image\">\n\t\t\t\t\t\t<a href=\"https:\/\/almer.sk\/wp-content\/uploads\/2023\/06\/AAH-1417-vykres-scaled-e1687972288872.jpg\" title=\"AAH 14\">\n\t\t\t\t\t\t\t<span class=\"et_portfolio_image\">\n\t\t\t\t\t\t\t\t<img loading=\"lazy\" decoding=\"async\" width=\"400\" height=\"284\" src=\"https:\/\/almer.sk\/wp-content\/uploads\/2023\/06\/AAH-1417-vykres-scaled-e1687972288872-400x284.jpg\" class=\"attachment-et-pb-portfolio-image size-et-pb-portfolio-image\" alt=\"\" \/>\n\t\t\t\t\t\t\t\t<span class=\"et_overlay\"><\/span>\n\t\t\t\t\t\t\t<\/span>\n\t\t\t\t\t\t<\/a>\n\t\t\t\t\t\t<p class=\"et_pb_gallery_caption\">AAH 14<\/p>\n\t\t\t\t\t<\/li><li class=\"et_gallery_item et_pb_gallery_image\">\n\t\t\t\t\t\t<a href=\"https:\/\/almer.sk\/wp-content\/uploads\/2023\/06\/AAH-1417-vykres-1-scaled-e1687972413559.jpg\" title=\"AAH 17\">\n\t\t\t\t\t\t\t<span class=\"et_portfolio_image\">\n\t\t\t\t\t\t\t\t<img loading=\"lazy\" decoding=\"async\" width=\"400\" height=\"284\" src=\"https:\/\/almer.sk\/wp-content\/uploads\/2023\/06\/AAH-1417-vykres-1-scaled-e1687972413559-400x284.jpg\" class=\"attachment-et-pb-portfolio-image size-et-pb-portfolio-image\" alt=\"\" \/>\n\t\t\t\t\t\t\t\t<span class=\"et_overlay\"><\/span>\n\t\t\t\t\t\t\t<\/span>\n\t\t\t\t\t\t<\/a>\n\t\t\t\t\t\t<p class=\"et_pb_gallery_caption\">AAH 17<\/p>\n\t\t\t\t\t<\/li><li class=\"et_gallery_item et_pb_gallery_image\">\n\t\t\t\t\t\t<a href=\"https:\/\/almer.sk\/wp-content\/uploads\/2023\/06\/AAH-2025-vykres-scaled-e1687972225854.jpg\" title=\"AAH 20\">\n\t\t\t\t\t\t\t<span class=\"et_portfolio_image\">\n\t\t\t\t\t\t\t\t<img loading=\"lazy\" decoding=\"async\" width=\"400\" height=\"284\" src=\"https:\/\/almer.sk\/wp-content\/uploads\/2023\/06\/AAH-2025-vykres-scaled-e1687972225854-400x284.jpg\" class=\"attachment-et-pb-portfolio-image size-et-pb-portfolio-image\" alt=\"\" \/>\n\t\t\t\t\t\t\t\t<span class=\"et_overlay\"><\/span>\n\t\t\t\t\t\t\t<\/span>\n\t\t\t\t\t\t<\/a>\n\t\t\t\t\t\t<p class=\"et_pb_gallery_caption\">AAH 20<\/p>\n\t\t\t\t\t<\/li><li class=\"et_gallery_item et_pb_gallery_image\">\n\t\t\t\t\t\t<a href=\"https:\/\/almer.sk\/wp-content\/uploads\/2023\/06\/AAH-2025-vykres-1-scaled-e1687972361725.jpg\" title=\"AAH 25\">\n\t\t\t\t\t\t\t<span class=\"et_portfolio_image\">\n\t\t\t\t\t\t\t\t<img loading=\"lazy\" decoding=\"async\" width=\"400\" height=\"284\" src=\"https:\/\/almer.sk\/wp-content\/uploads\/2023\/06\/AAH-2025-vykres-1-scaled-e1687972361725-400x284.jpg\" class=\"attachment-et-pb-portfolio-image size-et-pb-portfolio-image\" alt=\"\" \/>\n\t\t\t\t\t\t\t\t<span class=\"et_overlay\"><\/span>\n\t\t\t\t\t\t\t<\/span>\n\t\t\t\t\t\t<\/a>\n\t\t\t\t\t\t<p class=\"et_pb_gallery_caption\">AAH 25<\/p>\n\t\t\t\t\t<\/li><li class=\"et_gallery_item et_pb_gallery_image\">\n\t\t\t\t\t\t<a href=\"https:\/\/almer.sk\/wp-content\/uploads\/2023\/06\/AAH-3240-vykres-scaled-e1687972256969.jpg\" title=\"AAH 32\">\n\t\t\t\t\t\t\t<span class=\"et_portfolio_image\">\n\t\t\t\t\t\t\t\t<img loading=\"lazy\" decoding=\"async\" width=\"400\" height=\"284\" src=\"https:\/\/almer.sk\/wp-content\/uploads\/2023\/06\/AAH-3240-vykres-scaled-e1687972256969-400x284.jpg\" class=\"attachment-et-pb-portfolio-image size-et-pb-portfolio-image\" alt=\"\" \/>\n\t\t\t\t\t\t\t\t<span class=\"et_overlay\"><\/span>\n\t\t\t\t\t\t\t<\/span>\n\t\t\t\t\t\t<\/a>\n\t\t\t\t\t\t<p class=\"et_pb_gallery_caption\">AAH 32<\/p>\n\t\t\t\t\t<\/li><li class=\"et_gallery_item et_pb_gallery_image\">\n\t\t\t\t\t\t<a href=\"https:\/\/almer.sk\/wp-content\/uploads\/2023\/06\/AAH-3240-vykres-1-scaled-e1687972386729.jpg\" title=\"AAH 40\">\n\t\t\t\t\t\t\t<span class=\"et_portfolio_image\">\n\t\t\t\t\t\t\t\t<img loading=\"lazy\" decoding=\"async\" width=\"400\" height=\"284\" src=\"https:\/\/almer.sk\/wp-content\/uploads\/2023\/06\/AAH-3240-vykres-1-scaled-e1687972386729-400x284.jpg\" class=\"attachment-et-pb-portfolio-image size-et-pb-portfolio-image\" alt=\"\" \/>\n\t\t\t\t\t\t\t\t<span class=\"et_overlay\"><\/span>\n\t\t\t\t\t\t\t<\/span>\n\t\t\t\t\t\t<\/a>\n\t\t\t\t\t\t<p class=\"et_pb_gallery_caption\">AAH 40<\/p>\n\t\t\t\t\t<\/li>\n\t\t\t\t<\/ul>\n<p>[\/et_pb_tab][et_pb_tab title=&#8221;3D&#8221; _builder_version=&#8221;4.21.0&#8243; global_colors_info=&#8221;{}&#8221;]<\/p>\n<h3>W przypadku wydruk\u00f3w 3D prosimy o kontakt<\/h3>\n<h4>[et_pb_section global_module=\"1380\"][\/et_pb_section]<\/h4>\n<p>[\/et_pb_tab][et_pb_tab title=&#8221;Specyfikacja modelu&#8221; _builder_version=&#8221;4.21.0&#8243; global_colors_info=&#8221;{}&#8221;]<\/p>\n<h3>Specyfikacja modeli<\/h3>\n<ul class=\"et_post_gallery clearfix\">\n\t\t\t\t\t<li class=\"et_gallery_item et_pb_gallery_image\">\n\t\t\t\t\t\t<a href=\"https:\/\/almer.sk\/wp-content\/uploads\/2023\/06\/Specifikacia-AAH-scaled.jpg\" title=\"S\u030cpecifika\u0301cia AAH\">\n\t\t\t\t\t\t\t<span class=\"et_portfolio_image\">\n\t\t\t\t\t\t\t\t<img loading=\"lazy\" decoding=\"async\" width=\"400\" height=\"284\" src=\"https:\/\/almer.sk\/wp-content\/uploads\/2023\/06\/Specifikacia-AAH-400x284.jpg\" class=\"attachment-et-pb-portfolio-image size-et-pb-portfolio-image\" alt=\"\" \/>\n\t\t\t\t\t\t\t\t<span class=\"et_overlay\"><\/span>\n\t\t\t\t\t\t\t<\/span>\n\t\t\t\t\t\t<\/a>\n\t\t\t\t\t\t<p class=\"et_pb_gallery_caption\">\u0160pecifik\u00e1cia AHH<\/p>\n\t\t\t\t\t<\/li><li class=\"et_gallery_item et_pb_gallery_image\">\n\t\t\t\t\t\t<a href=\"https:\/\/almer.sk\/wp-content\/uploads\/2023\/06\/Opcie-e1688655835124.jpg\" title=\"Opcie\">\n\t\t\t\t\t\t\t<span class=\"et_portfolio_image\">\n\t\t\t\t\t\t\t\t<img loading=\"lazy\" decoding=\"async\" width=\"400\" height=\"284\" src=\"https:\/\/almer.sk\/wp-content\/uploads\/2023\/06\/Opcie-e1688655835124-400x284.jpg\" class=\"attachment-et-pb-portfolio-image size-et-pb-portfolio-image\" alt=\"\" \/>\n\t\t\t\t\t\t\t\t<span class=\"et_overlay\"><\/span>\n\t\t\t\t\t\t\t<\/span>\n\t\t\t\t\t\t<\/a>\n\t\t\t\t\t\t<p class=\"et_pb_gallery_caption\">Opcie<\/p>\n\t\t\t\t\t<\/li>\n\t\t\t\t<\/ul>\n<p>[\/et_pb_tab][et_pb_tab title=&#8221;Zapytanie o produkt&#8221; _builder_version=&#8221;4.21.0&#8243; global_colors_info=&#8221;{}&#8221;]Prosimy o kontakt z naszym technicznym zespo\u0142em sprzeda\u017cy w celu uzyskania cen, arkuszy danych, rysunk\u00f3w technicznych (2D\/3D), instrukcji obs\u0142ugi sprz\u0119tu i oprogramowania lub innych informacji technicznych dotycz\u0105cych aplikacji&#8230;<\/p>\n[et_pb_section global_module=\"1380\"][\/et_pb_section]\n<p>[\/et_pb_tab][\/et_pb_tabs][\/et_pb_column][\/et_pb_row][\/et_pb_section]<\/p>\n","protected":false},"excerpt":{"rendered":"<p>&gt; Strona g\u0142\u00f3wna \/ Si\u0142owniki \/ AAHObrotowe si\u0142owniki harmoniczneSeria AAH Wysoka precyzja: dok\u0142adno\u015b\u0107 pozycjonowania absolutnego mo\u017ce wynosi\u0107 mniej ni\u017c 10 sekund \u0142uku (0,0028 stopnia). Du\u017cy moment obrotowy: ma\u0142y rozmiar, ale du\u017cy moment obrotowy, maksymalny wyj\u015bciowy moment obrotowy mo\u017ce osi\u0105gn\u0105\u0107 800 Nm Wa\u0142 dr\u0105\u017cony: otw\u00f3r przelotowy o du\u017cej \u015brednicy wewn\u0119trznej, \u0142atwy do przeprowadzenia kabli, w\u0119\u017cy powietrznych, [&hellip;]<\/p>\n","protected":false},"author":1,"featured_media":0,"parent":5688,"menu_order":0,"comment_status":"closed","ping_status":"closed","template":"","meta":{"_et_pb_use_builder":"on","_et_pb_old_content":"","_et_gb_content_width":"","footnotes":""},"class_list":["post-5909","page","type-page","status-publish","hentry"],"yoast_head":"<!-- This site is optimized with the Yoast SEO plugin v26.6 - https:\/\/yoast.com\/wordpress\/plugins\/seo\/ -->\n<title>AAH - si\u0142owniki obrotowe - Almer.sk<\/title>\n<meta name=\"robots\" content=\"index, follow, max-snippet:-1, max-image-preview:large, max-video-preview:-1\" \/>\n<link rel=\"canonical\" href=\"https:\/\/almer.sk\/pl\/silowniki-obrotowe\/aah-silowniki-obrotowe\/\" \/>\n<meta property=\"og:locale\" content=\"pl_PL\" \/>\n<meta property=\"og:type\" content=\"article\" \/>\n<meta property=\"og:title\" content=\"AAH - si\u0142owniki obrotowe - Almer.sk\" \/>\n<meta property=\"og:description\" content=\"&gt; Strona g\u0142\u00f3wna \/ Si\u0142owniki \/ AAHObrotowe si\u0142owniki harmoniczneSeria AAH Wysoka precyzja: dok\u0142adno\u015b\u0107 pozycjonowania absolutnego mo\u017ce wynosi\u0107 mniej ni\u017c 10 sekund \u0142uku (0,0028 stopnia). Du\u017cy moment obrotowy: ma\u0142y rozmiar, ale du\u017cy moment obrotowy, maksymalny wyj\u015bciowy moment obrotowy mo\u017ce osi\u0105gn\u0105\u0107 800 Nm Wa\u0142 dr\u0105\u017cony: otw\u00f3r przelotowy o du\u017cej \u015brednicy wewn\u0119trznej, \u0142atwy do przeprowadzenia kabli, w\u0119\u017cy powietrznych, [&hellip;]\" \/>\n<meta property=\"og:url\" content=\"https:\/\/almer.sk\/pl\/silowniki-obrotowe\/aah-silowniki-obrotowe\/\" \/>\n<meta property=\"og:site_name\" content=\"Almer.sk\" \/>\n<meta property=\"article:modified_time\" content=\"2023-09-04T09:26:02+00:00\" \/>\n<meta name=\"twitter:card\" content=\"summary_large_image\" \/>\n<meta name=\"twitter:label1\" content=\"Szacowany czas czytania\" \/>\n\t<meta name=\"twitter:data1\" content=\"3 minuty\" \/>\n<script type=\"application\/ld+json\" class=\"yoast-schema-graph\">{\"@context\":\"https:\/\/schema.org\",\"@graph\":[{\"@type\":\"WebPage\",\"@id\":\"https:\/\/almer.sk\/pl\/silowniki-obrotowe\/aah-silowniki-obrotowe\/\",\"url\":\"https:\/\/almer.sk\/pl\/silowniki-obrotowe\/aah-silowniki-obrotowe\/\",\"name\":\"AAH - si\u0142owniki obrotowe - Almer.sk\",\"isPartOf\":{\"@id\":\"https:\/\/almer.sk\/pl\/#website\"},\"datePublished\":\"2023-06-28T14:03:00+00:00\",\"dateModified\":\"2023-09-04T09:26:02+00:00\",\"breadcrumb\":{\"@id\":\"https:\/\/almer.sk\/pl\/silowniki-obrotowe\/aah-silowniki-obrotowe\/#breadcrumb\"},\"inLanguage\":\"pl-PL\",\"potentialAction\":[{\"@type\":\"ReadAction\",\"target\":[\"https:\/\/almer.sk\/pl\/silowniki-obrotowe\/aah-silowniki-obrotowe\/\"]}]},{\"@type\":\"BreadcrumbList\",\"@id\":\"https:\/\/almer.sk\/pl\/silowniki-obrotowe\/aah-silowniki-obrotowe\/#breadcrumb\",\"itemListElement\":[{\"@type\":\"ListItem\",\"position\":1,\"name\":\"Home\",\"item\":\"https:\/\/almer.sk\/pl\/\"},{\"@type\":\"ListItem\",\"position\":2,\"name\":\"Si\u0142owniki obrotowe\",\"item\":\"https:\/\/almer.sk\/pl\/silowniki-obrotowe\/\"},{\"@type\":\"ListItem\",\"position\":3,\"name\":\"AAH &#8211; si\u0142owniki obrotowe\"}]},{\"@type\":\"WebSite\",\"@id\":\"https:\/\/almer.sk\/pl\/#website\",\"url\":\"https:\/\/almer.sk\/pl\/\",\"name\":\"Almer.sk\",\"description\":\"Technologick\u00fd l\u00edder v oblasti presn\u00fdch prevodoviek\",\"potentialAction\":[{\"@type\":\"SearchAction\",\"target\":{\"@type\":\"EntryPoint\",\"urlTemplate\":\"https:\/\/almer.sk\/pl\/?s={search_term_string}\"},\"query-input\":{\"@type\":\"PropertyValueSpecification\",\"valueRequired\":true,\"valueName\":\"search_term_string\"}}],\"inLanguage\":\"pl-PL\"}]}<\/script>\n<!-- \/ Yoast SEO plugin. -->","yoast_head_json":{"title":"AAH - si\u0142owniki obrotowe - Almer.sk","robots":{"index":"index","follow":"follow","max-snippet":"max-snippet:-1","max-image-preview":"max-image-preview:large","max-video-preview":"max-video-preview:-1"},"canonical":"https:\/\/almer.sk\/pl\/silowniki-obrotowe\/aah-silowniki-obrotowe\/","og_locale":"pl_PL","og_type":"article","og_title":"AAH - si\u0142owniki obrotowe - Almer.sk","og_description":"&gt; Strona g\u0142\u00f3wna \/ Si\u0142owniki \/ AAHObrotowe si\u0142owniki harmoniczneSeria AAH Wysoka precyzja: dok\u0142adno\u015b\u0107 pozycjonowania absolutnego mo\u017ce wynosi\u0107 mniej ni\u017c 10 sekund \u0142uku (0,0028 stopnia). Du\u017cy moment obrotowy: ma\u0142y rozmiar, ale du\u017cy moment obrotowy, maksymalny wyj\u015bciowy moment obrotowy mo\u017ce osi\u0105gn\u0105\u0107 800 Nm Wa\u0142 dr\u0105\u017cony: otw\u00f3r przelotowy o du\u017cej \u015brednicy wewn\u0119trznej, \u0142atwy do przeprowadzenia kabli, w\u0119\u017cy powietrznych, [&hellip;]","og_url":"https:\/\/almer.sk\/pl\/silowniki-obrotowe\/aah-silowniki-obrotowe\/","og_site_name":"Almer.sk","article_modified_time":"2023-09-04T09:26:02+00:00","twitter_card":"summary_large_image","twitter_misc":{"Szacowany czas czytania":"3 minuty"},"schema":{"@context":"https:\/\/schema.org","@graph":[{"@type":"WebPage","@id":"https:\/\/almer.sk\/pl\/silowniki-obrotowe\/aah-silowniki-obrotowe\/","url":"https:\/\/almer.sk\/pl\/silowniki-obrotowe\/aah-silowniki-obrotowe\/","name":"AAH - si\u0142owniki obrotowe - Almer.sk","isPartOf":{"@id":"https:\/\/almer.sk\/pl\/#website"},"datePublished":"2023-06-28T14:03:00+00:00","dateModified":"2023-09-04T09:26:02+00:00","breadcrumb":{"@id":"https:\/\/almer.sk\/pl\/silowniki-obrotowe\/aah-silowniki-obrotowe\/#breadcrumb"},"inLanguage":"pl-PL","potentialAction":[{"@type":"ReadAction","target":["https:\/\/almer.sk\/pl\/silowniki-obrotowe\/aah-silowniki-obrotowe\/"]}]},{"@type":"BreadcrumbList","@id":"https:\/\/almer.sk\/pl\/silowniki-obrotowe\/aah-silowniki-obrotowe\/#breadcrumb","itemListElement":[{"@type":"ListItem","position":1,"name":"Home","item":"https:\/\/almer.sk\/pl\/"},{"@type":"ListItem","position":2,"name":"Si\u0142owniki obrotowe","item":"https:\/\/almer.sk\/pl\/silowniki-obrotowe\/"},{"@type":"ListItem","position":3,"name":"AAH &#8211; si\u0142owniki obrotowe"}]},{"@type":"WebSite","@id":"https:\/\/almer.sk\/pl\/#website","url":"https:\/\/almer.sk\/pl\/","name":"Almer.sk","description":"Technologick\u00fd l\u00edder v oblasti presn\u00fdch prevodoviek","potentialAction":[{"@type":"SearchAction","target":{"@type":"EntryPoint","urlTemplate":"https:\/\/almer.sk\/pl\/?s={search_term_string}"},"query-input":{"@type":"PropertyValueSpecification","valueRequired":true,"valueName":"search_term_string"}}],"inLanguage":"pl-PL"}]}},"_links":{"self":[{"href":"https:\/\/almer.sk\/pl\/wp-json\/wp\/v2\/pages\/5909","targetHints":{"allow":["GET"]}}],"collection":[{"href":"https:\/\/almer.sk\/pl\/wp-json\/wp\/v2\/pages"}],"about":[{"href":"https:\/\/almer.sk\/pl\/wp-json\/wp\/v2\/types\/page"}],"author":[{"embeddable":true,"href":"https:\/\/almer.sk\/pl\/wp-json\/wp\/v2\/users\/1"}],"replies":[{"embeddable":true,"href":"https:\/\/almer.sk\/pl\/wp-json\/wp\/v2\/comments?post=5909"}],"version-history":[{"count":2,"href":"https:\/\/almer.sk\/pl\/wp-json\/wp\/v2\/pages\/5909\/revisions"}],"predecessor-version":[{"id":6569,"href":"https:\/\/almer.sk\/pl\/wp-json\/wp\/v2\/pages\/5909\/revisions\/6569"}],"up":[{"embeddable":true,"href":"https:\/\/almer.sk\/pl\/wp-json\/wp\/v2\/pages\/5688"}],"wp:attachment":[{"href":"https:\/\/almer.sk\/pl\/wp-json\/wp\/v2\/media?parent=5909"}],"curies":[{"name":"wp","href":"https:\/\/api.w.org\/{rel}","templated":true}]}}