{"id":5888,"date":"2023-07-14T18:40:01","date_gmt":"2023-07-14T16:40:01","guid":{"rendered":"https:\/\/almer.sk\/produkty-zintegrowane\/5-osiowy-rotator-strumienia-wody\/"},"modified":"2023-07-28T11:26:18","modified_gmt":"2023-07-28T09:26:18","slug":"5-osiowy-rotator-strumienia-wody","status":"publish","type":"page","link":"https:\/\/almer.sk\/pl\/produkty-zintegrowane\/5-osiowy-rotator-strumienia-wody\/","title":{"rendered":"5-osiowy rotator strumienia wody"},"content":{"rendered":"<p>[et_pb_section fb_built=&#8221;1&#8243; _builder_version=&#8221;4.21.0&#8243; _module_preset=&#8221;default&#8221; custom_padding=&#8221;||23px|||&#8221; locked=&#8221;off&#8221; global_colors_info=&#8221;{}&#8221;][et_pb_row _builder_version=&#8221;4.21.0&#8243; _module_preset=&#8221;default&#8221; global_colors_info=&#8221;{}&#8221;][et_pb_column type=&#8221;4_4&#8243; _builder_version=&#8221;4.21.0&#8243; _module_preset=&#8221;default&#8221; global_colors_info=&#8221;{}&#8221;][et_pb_blurb content_max_width=&#8221;1100px&#8221; _builder_version=&#8221;4.21.0&#8243; _module_preset=&#8221;default&#8221; body_text_align=&#8221;left&#8221; locked=&#8221;off&#8221; global_colors_info=&#8221;{}&#8221;]<\/p>\n<p> <a class=\"bread\" href=\"https:\/\/almer.sk\/pl\/\">&gt; Strona g\u0142\u00f3wna<\/a> \/ <a href=\"https:\/\/almer.sk\/pl\/produkty-zintegrowane\/\">Produkty zintegrowane<\/a> \/ 5-osiowy strumie\u0144 wody AC<\/p>\n<p>[\/et_pb_blurb][\/et_pb_column][\/et_pb_row][et_pb_row _builder_version=&#8221;4.21.0&#8243; _module_preset=&#8221;default&#8221; custom_padding=&#8221;||0px|||&#8221; locked=&#8221;off&#8221; global_colors_info=&#8221;{}&#8221;][et_pb_column type=&#8221;4_4&#8243; _builder_version=&#8221;4.21.0&#8243; _module_preset=&#8221;default&#8221; global_colors_info=&#8221;{}&#8221;][et_pb_blurb content_max_width=&#8221;1100px&#8221; _builder_version=&#8221;4.21.0&#8243; _module_preset=&#8221;default&#8221; header_font=&#8221;||||||||&#8221; header_text_color=&#8221;#FF0000&#8243; body_font=&#8221;|||on|||||&#8221; body_text_align=&#8221;center&#8221; global_colors_info=&#8221;{}&#8221;]<\/p>\n<h1><span class=\"cierna\">5-osiowy<\/span> rotator strumienia wody<\/h1>\n<p>[\/et_pb_blurb][\/et_pb_column][\/et_pb_row][et_pb_row column_structure=&#8221;2_5,3_5&#8243; _builder_version=&#8221;4.21.0&#8243; _module_preset=&#8221;default&#8221; global_colors_info=&#8221;{}&#8221;][et_pb_column type=&#8221;2_5&#8243; _builder_version=&#8221;4.21.0&#8243; _module_preset=&#8221;default&#8221; global_colors_info=&#8221;{}&#8221;][et_pb_blurb image=&#8221;https:\/\/almer.sk\/wp-content\/uploads\/2023\/07\/5-osovy-vodnolucovy-rotator-AC.png&#8221; alt=&#8221;5-osiowy rotator strumienia wody &#8211; AC&#8221; _builder_version=&#8221;4.21.0&#8243; _module_preset=&#8221;default&#8221; header_text_align=&#8221;center&#8221; custom_margin=&#8221;70px||||false|false&#8221; animation=&#8221;off&#8221; hover_enabled=&#8221;0&#8243; global_colors_info=&#8221;{}&#8221; custom_margin_last_edited=&#8221;on|phone&#8221; custom_margin_phone=&#8221;0px||||false|false&#8221; sticky_enabled=&#8221;0&#8243; custom_margin_tablet=&#8221;70px||||false|false&#8221;][\/et_pb_blurb][\/et_pb_column][et_pb_column type=&#8221;3_5&#8243; _builder_version=&#8221;4.21.0&#8243; _module_preset=&#8221;default&#8221; global_colors_info=&#8221;{}&#8221;][et_pb_blurb image=&#8221;https:\/\/almer.sk\/wp-content\/uploads\/2023\/07\/Technicke-parametre-5-osovy-vodnolucnovy-rotator.png&#8221; alt=&#8221;Parametry techniczne &#8211; 5-osiowy rotator strumienia wody&#8221; image_icon_width=&#8221;100%&#8221; _builder_version=&#8221;4.21.0&#8243; _module_preset=&#8221;default&#8221; header_text_align=&#8221;center&#8221; animation=&#8221;off&#8221; global_colors_info=&#8221;{}&#8221;][\/et_pb_blurb][\/et_pb_column][\/et_pb_row][et_pb_row _builder_version=&#8221;4.21.0&#8243; _module_preset=&#8221;default&#8221; global_colors_info=&#8221;{}&#8221;][et_pb_column type=&#8221;4_4&#8243; _builder_version=&#8221;4.21.0&#8243; _module_preset=&#8221;default&#8221; global_colors_info=&#8221;{}&#8221;][et_pb_image src=&#8221;https:\/\/almer.sk\/wp-content\/uploads\/2023\/07\/23-AC-5-Axis-Water-Jet-WSDT-40-06-Z-AC-scaled-e1689354049215.jpg&#8221; alt=&#8221;23 5-osiowy strumie\u0144 wody AC-WSDT-40-06-Z-AC&#8221; title_text=&#8221;23 5-osiowy strumie\u0144 wody AC-WSDT-40-06-Z-AC&#8221; _builder_version=&#8221;4.21.0&#8243; _module_preset=&#8221;default&#8221; global_colors_info=&#8221;{}&#8221;][\/et_pb_image][\/et_pb_column][\/et_pb_row][\/et_pb_section]<\/p>\n","protected":false},"excerpt":{"rendered":"<p>&gt; Strona g\u0142\u00f3wna \/ Produkty zintegrowane \/ 5-osiowy strumie\u0144 wody AC5-osiowy rotator strumienia wody<\/p>\n","protected":false},"author":1,"featured_media":0,"parent":5738,"menu_order":0,"comment_status":"closed","ping_status":"closed","template":"","meta":{"_et_pb_use_builder":"on","_et_pb_old_content":"","_et_gb_content_width":"","footnotes":""},"class_list":["post-5888","page","type-page","status-publish","hentry"],"yoast_head":"<!-- This site is optimized with the Yoast SEO plugin v26.6 - https:\/\/yoast.com\/wordpress\/plugins\/seo\/ -->\n<title>5-osiowy rotator strumienia wody - Almer.sk<\/title>\n<meta name=\"robots\" content=\"index, follow, max-snippet:-1, max-image-preview:large, max-video-preview:-1\" \/>\n<link rel=\"canonical\" href=\"https:\/\/almer.sk\/pl\/produkty-zintegrowane\/5-osiowy-rotator-strumienia-wody\/\" \/>\n<meta property=\"og:locale\" content=\"pl_PL\" \/>\n<meta property=\"og:type\" content=\"article\" \/>\n<meta property=\"og:title\" content=\"5-osiowy rotator strumienia wody - Almer.sk\" \/>\n<meta property=\"og:description\" content=\"&gt; Strona g\u0142\u00f3wna \/ Produkty zintegrowane \/ 5-osiowy strumie\u0144 wody AC5-osiowy rotator strumienia wody\" \/>\n<meta property=\"og:url\" content=\"https:\/\/almer.sk\/pl\/produkty-zintegrowane\/5-osiowy-rotator-strumienia-wody\/\" \/>\n<meta property=\"og:site_name\" content=\"Almer.sk\" \/>\n<meta property=\"article:modified_time\" content=\"2023-07-28T09:26:18+00:00\" \/>\n<meta name=\"twitter:card\" content=\"summary_large_image\" \/>\n<meta name=\"twitter:label1\" content=\"Szacowany czas czytania\" \/>\n\t<meta name=\"twitter:data1\" content=\"2 minuty\" \/>\n<script type=\"application\/ld+json\" class=\"yoast-schema-graph\">{\"@context\":\"https:\/\/schema.org\",\"@graph\":[{\"@type\":\"WebPage\",\"@id\":\"https:\/\/almer.sk\/pl\/produkty-zintegrowane\/5-osiowy-rotator-strumienia-wody\/\",\"url\":\"https:\/\/almer.sk\/pl\/produkty-zintegrowane\/5-osiowy-rotator-strumienia-wody\/\",\"name\":\"5-osiowy rotator strumienia wody - Almer.sk\",\"isPartOf\":{\"@id\":\"https:\/\/almer.sk\/pl\/#website\"},\"datePublished\":\"2023-07-14T16:40:01+00:00\",\"dateModified\":\"2023-07-28T09:26:18+00:00\",\"breadcrumb\":{\"@id\":\"https:\/\/almer.sk\/pl\/produkty-zintegrowane\/5-osiowy-rotator-strumienia-wody\/#breadcrumb\"},\"inLanguage\":\"pl-PL\",\"potentialAction\":[{\"@type\":\"ReadAction\",\"target\":[\"https:\/\/almer.sk\/pl\/produkty-zintegrowane\/5-osiowy-rotator-strumienia-wody\/\"]}]},{\"@type\":\"BreadcrumbList\",\"@id\":\"https:\/\/almer.sk\/pl\/produkty-zintegrowane\/5-osiowy-rotator-strumienia-wody\/#breadcrumb\",\"itemListElement\":[{\"@type\":\"ListItem\",\"position\":1,\"name\":\"Home\",\"item\":\"https:\/\/almer.sk\/pl\/\"},{\"@type\":\"ListItem\",\"position\":2,\"name\":\"Produkty zintegrowane\",\"item\":\"https:\/\/almer.sk\/pl\/produkty-zintegrowane\/\"},{\"@type\":\"ListItem\",\"position\":3,\"name\":\"5-osiowy rotator strumienia wody\"}]},{\"@type\":\"WebSite\",\"@id\":\"https:\/\/almer.sk\/pl\/#website\",\"url\":\"https:\/\/almer.sk\/pl\/\",\"name\":\"Almer.sk\",\"description\":\"Technologick\u00fd l\u00edder v oblasti presn\u00fdch prevodoviek\",\"potentialAction\":[{\"@type\":\"SearchAction\",\"target\":{\"@type\":\"EntryPoint\",\"urlTemplate\":\"https:\/\/almer.sk\/pl\/?s={search_term_string}\"},\"query-input\":{\"@type\":\"PropertyValueSpecification\",\"valueRequired\":true,\"valueName\":\"search_term_string\"}}],\"inLanguage\":\"pl-PL\"}]}<\/script>\n<!-- \/ Yoast SEO plugin. -->","yoast_head_json":{"title":"5-osiowy rotator strumienia wody - Almer.sk","robots":{"index":"index","follow":"follow","max-snippet":"max-snippet:-1","max-image-preview":"max-image-preview:large","max-video-preview":"max-video-preview:-1"},"canonical":"https:\/\/almer.sk\/pl\/produkty-zintegrowane\/5-osiowy-rotator-strumienia-wody\/","og_locale":"pl_PL","og_type":"article","og_title":"5-osiowy rotator strumienia wody - Almer.sk","og_description":"&gt; Strona g\u0142\u00f3wna \/ Produkty zintegrowane \/ 5-osiowy strumie\u0144 wody AC5-osiowy rotator strumienia wody","og_url":"https:\/\/almer.sk\/pl\/produkty-zintegrowane\/5-osiowy-rotator-strumienia-wody\/","og_site_name":"Almer.sk","article_modified_time":"2023-07-28T09:26:18+00:00","twitter_card":"summary_large_image","twitter_misc":{"Szacowany czas czytania":"2 minuty"},"schema":{"@context":"https:\/\/schema.org","@graph":[{"@type":"WebPage","@id":"https:\/\/almer.sk\/pl\/produkty-zintegrowane\/5-osiowy-rotator-strumienia-wody\/","url":"https:\/\/almer.sk\/pl\/produkty-zintegrowane\/5-osiowy-rotator-strumienia-wody\/","name":"5-osiowy rotator strumienia wody - Almer.sk","isPartOf":{"@id":"https:\/\/almer.sk\/pl\/#website"},"datePublished":"2023-07-14T16:40:01+00:00","dateModified":"2023-07-28T09:26:18+00:00","breadcrumb":{"@id":"https:\/\/almer.sk\/pl\/produkty-zintegrowane\/5-osiowy-rotator-strumienia-wody\/#breadcrumb"},"inLanguage":"pl-PL","potentialAction":[{"@type":"ReadAction","target":["https:\/\/almer.sk\/pl\/produkty-zintegrowane\/5-osiowy-rotator-strumienia-wody\/"]}]},{"@type":"BreadcrumbList","@id":"https:\/\/almer.sk\/pl\/produkty-zintegrowane\/5-osiowy-rotator-strumienia-wody\/#breadcrumb","itemListElement":[{"@type":"ListItem","position":1,"name":"Home","item":"https:\/\/almer.sk\/pl\/"},{"@type":"ListItem","position":2,"name":"Produkty zintegrowane","item":"https:\/\/almer.sk\/pl\/produkty-zintegrowane\/"},{"@type":"ListItem","position":3,"name":"5-osiowy rotator strumienia wody"}]},{"@type":"WebSite","@id":"https:\/\/almer.sk\/pl\/#website","url":"https:\/\/almer.sk\/pl\/","name":"Almer.sk","description":"Technologick\u00fd l\u00edder v oblasti presn\u00fdch prevodoviek","potentialAction":[{"@type":"SearchAction","target":{"@type":"EntryPoint","urlTemplate":"https:\/\/almer.sk\/pl\/?s={search_term_string}"},"query-input":{"@type":"PropertyValueSpecification","valueRequired":true,"valueName":"search_term_string"}}],"inLanguage":"pl-PL"}]}},"_links":{"self":[{"href":"https:\/\/almer.sk\/pl\/wp-json\/wp\/v2\/pages\/5888","targetHints":{"allow":["GET"]}}],"collection":[{"href":"https:\/\/almer.sk\/pl\/wp-json\/wp\/v2\/pages"}],"about":[{"href":"https:\/\/almer.sk\/pl\/wp-json\/wp\/v2\/types\/page"}],"author":[{"embeddable":true,"href":"https:\/\/almer.sk\/pl\/wp-json\/wp\/v2\/users\/1"}],"replies":[{"embeddable":true,"href":"https:\/\/almer.sk\/pl\/wp-json\/wp\/v2\/comments?post=5888"}],"version-history":[{"count":1,"href":"https:\/\/almer.sk\/pl\/wp-json\/wp\/v2\/pages\/5888\/revisions"}],"predecessor-version":[{"id":5911,"href":"https:\/\/almer.sk\/pl\/wp-json\/wp\/v2\/pages\/5888\/revisions\/5911"}],"up":[{"embeddable":true,"href":"https:\/\/almer.sk\/pl\/wp-json\/wp\/v2\/pages\/5738"}],"wp:attachment":[{"href":"https:\/\/almer.sk\/pl\/wp-json\/wp\/v2\/media?parent=5888"}],"curies":[{"name":"wp","href":"https:\/\/api.w.org\/{rel}","templated":true}]}}