{"id":5882,"date":"2023-06-29T17:07:49","date_gmt":"2023-06-29T15:07:49","guid":{"rendered":"https:\/\/almer.sk\/silowniki-obrotowe\/aat-silowniki-obrotowe\/"},"modified":"2023-09-04T11:28:06","modified_gmt":"2023-09-04T09:28:06","slug":"aat-silowniki-obrotowe","status":"publish","type":"page","link":"https:\/\/almer.sk\/pl\/silowniki-obrotowe\/aat-silowniki-obrotowe\/","title":{"rendered":"AAT &#8211; si\u0142owniki obrotowe"},"content":{"rendered":"<p>[et_pb_section fb_built=&#8221;1&#8243; _builder_version=&#8221;4.21.0&#8243; _module_preset=&#8221;default&#8221; locked=&#8221;off&#8221; global_colors_info=&#8221;{}&#8221;][et_pb_row _builder_version=&#8221;4.21.0&#8243; _module_preset=&#8221;default&#8221; global_colors_info=&#8221;{}&#8221;][et_pb_column type=&#8221;4_4&#8243; _builder_version=&#8221;4.21.0&#8243; _module_preset=&#8221;default&#8221; global_colors_info=&#8221;{}&#8221;][et_pb_blurb content_max_width=&#8221;1100px&#8221; _builder_version=&#8221;4.22.1&#8243; _module_preset=&#8221;default&#8221; body_text_align=&#8221;left&#8221; hover_enabled=&#8221;0&#8243; global_colors_info=&#8221;{}&#8221; sticky_enabled=&#8221;0&#8243;]<\/p>\n<p><a class=\"bread\" href=\"https:\/\/almer.sk\/pl\/\">&gt; Strona g\u0142\u00f3wna<\/a> \/ <a class=\"bread\" href=\"https:\/\/almer.sk\/pl\/silowniki-obrotowe\/\"><span>Si\u0142owniki<\/span><\/a> \/ AAT<\/p>\n<p>[\/et_pb_blurb][\/et_pb_column][\/et_pb_row][et_pb_row column_structure=&#8221;1_2,1_2&#8243; _builder_version=&#8221;4.21.0&#8243; _module_preset=&#8221;default&#8221; global_colors_info=&#8221;{}&#8221;][et_pb_column type=&#8221;1_2&#8243; _builder_version=&#8221;4.21.0&#8243; _module_preset=&#8221;default&#8221; global_colors_info=&#8221;{}&#8221;][et_pb_blurb image=&#8221;https:\/\/almer.sk\/wp-content\/uploads\/2023\/06\/actuator-KAT.gif&#8221; alt=&#8221;si\u0142ownik-KAT&#8221; disabled_on=&#8221;on|on|off&#8221; _builder_version=&#8221;4.21.0&#8243; _module_preset=&#8221;default&#8221; width=&#8221;60%&#8221; max_width=&#8221;100%&#8221; module_alignment=&#8221;center&#8221; custom_padding=&#8221;||||false|false&#8221; animation=&#8221;off&#8221; locked=&#8221;off&#8221; global_colors_info=&#8221;{}&#8221;][\/et_pb_blurb][\/et_pb_column][et_pb_column type=&#8221;1_2&#8243; _builder_version=&#8221;4.21.0&#8243; _module_preset=&#8221;default&#8221; global_colors_info=&#8221;{}&#8221;][et_pb_blurb content_max_width=&#8221;1100px&#8221; _builder_version=&#8221;4.21.0&#8243; _module_preset=&#8221;default&#8221; header_level=&#8221;h1&#8243; header_font=&#8221;|||on|||||&#8221; header_text_color=&#8221;#000000&#8243; body_font=&#8221;|||on|||||&#8221; body_text_align=&#8221;center&#8221; body_text_color=&#8221;#000000&#8243; body_line_height=&#8221;1.6em&#8221; global_colors_info=&#8221;{}&#8221;]<\/p>\n<h1 style=\"text-align: center;\"><span class=\"cierna\">Obrotowe si\u0142owniki harmoniczne<\/span><\/h1>\n<p>[\/et_pb_blurb][et_pb_blurb content_max_width=&#8221;1100px&#8221; _builder_version=&#8221;4.21.0&#8243; _module_preset=&#8221;default&#8221; header_level=&#8221;h1&#8243; header_font=&#8221;|||on|||||&#8221; body_font=&#8221;||||||||&#8221; body_text_align=&#8221;center&#8221; body_line_height=&#8221;1.6em&#8221; custom_margin=&#8221;-30px||||false|false&#8221; global_colors_info=&#8221;{}&#8221;]<\/p>\n<h2 style=\"text-align: center;\">Seria <span style=\"color: #ff0000;\">AAT<\/span> <\/h2>\n<p>[\/et_pb_blurb][et_pb_blurb image=&#8221;https:\/\/almer.sk\/wp-content\/uploads\/2023\/06\/actuator-KAT.gif&#8221; alt=&#8221;si\u0142ownik-KAT&#8221; disabled_on=&#8221;off|off|on&#8221; _builder_version=&#8221;4.21.0&#8243; _module_preset=&#8221;default&#8221; width=&#8221;60%&#8221; max_width=&#8221;100%&#8221; module_alignment=&#8221;center&#8221; custom_padding=&#8221;||||false|false&#8221; animation=&#8221;off&#8221; locked=&#8221;off&#8221; global_colors_info=&#8221;{}&#8221;][\/et_pb_blurb][\/et_pb_column][\/et_pb_row][et_pb_row _builder_version=&#8221;4.21.0&#8243; _module_preset=&#8221;default&#8221; global_colors_info=&#8221;{}&#8221;][et_pb_column type=&#8221;4_4&#8243; _builder_version=&#8221;4.21.0&#8243; _module_preset=&#8221;default&#8221; global_colors_info=&#8221;{}&#8221;][et_pb_tabs active_tab_background_color=&#8221;#000000&#8243; inactive_tab_background_color=&#8221;#ff0000&#8243; active_tab_text_color=&#8221;#ffffff&#8221; disabled_on=&#8221;on|off|off&#8221; module_id=&#8221;taby&#8221; _builder_version=&#8221;4.21.0&#8243; tab_text_color=&#8221;#ffffff&#8221; tab_font=&#8221;|300|||||||&#8221; tab_font_size=&#8221;16px&#8221; tab_line_height=&#8221;2.8em&#8221; border_width_all=&#8221;0px&#8221; border_color_all=&#8221;rgba(0,0,0,0)&#8221; global_colors_info=&#8221;{}&#8221;][et_pb_tab title=&#8221;Opis&#8221; _builder_version=&#8221;4.21.0&#8243; global_colors_info=&#8221;{}&#8221;]<\/p>\n<p>Seria AAT zapewnia wysoki moment obrotowy i wysok\u0105 precyzj\u0119 sterowania obrotowego.<\/p>\n<p>Powi\u0119kszony wydr\u0105\u017cony wa\u0142 (wewn\u0119trzny otw\u00f3r przelotowy) w por\u00f3wnaniu z seri\u0105 AAH, do przeprowadzania kabli, w\u0119\u017cy powietrznych, wi\u0105zek laserowych itp.<\/p>\n<p>Wysoka precyzja: mniej ni\u017c 30 arcsec.<\/p>\n<p>Dost\u0119pne napi\u0119cia wej\u015bciowe: 48 V DC, 110 V AC, 220 V AC, 380 V\/480 V (opcjonalnie)*.<\/p>\n<p>Elastyczna, niezawodna, \u0142atwa w konserwacji i kompaktowa konstrukcja<\/p>\n<p>Niski wsp\u00f3\u0142czynnik sprz\u0119\u017cenia zwrotnego, niski poziom ha\u0142asu, wysoka g\u0119sto\u015b\u0107 momentu obrotowego, np. AAT-40 do 800 Nm<\/p>\n<p>Zintegrowana konstrukcja: przek\u0142adnia harmoniczna, bezramowy silnik z enkoderem, hamulec elektromagnetyczny i inne czujniki w jednym.<\/p>\n<p>Wysoki stopie\u0144 ochrony (do IP67 w razie potrzeby) dla ekstremalnych \u015brodowisk pracy<\/p>\n<p><span style=\"color: #ff0000;\"><strong>OBSZAR ZASTOSOWANIA<\/strong><\/span><\/p>\n<table style=\"border-collapse: collapse; width: 100%; height: 70px;\" border=\"1\">\n<tbody>\n<tr style=\"height: 23px;\">\n<td style=\"width: 25%; height: 23px;\">Sprz\u0119t elektroniczny i p\u00f3\u0142przewodnikowy<\/td>\n<td style=\"width: 25%; height: 23px;\">Precyzyjne obrabiarki<\/td>\n<td style=\"width: 25%; height: 23px;\">Systemy automatyzacji<\/td>\n<td style=\"width: 25%; height: 23px;\">Precyzyjny laserowy sprz\u0119t produkcyjny<\/td>\n<\/tr>\n<tr style=\"height: 24px;\">\n<td style=\"width: 25%; height: 24px;\">Roboty i specjalne ramiona mechaniczne<\/td>\n<td style=\"width: 25%; height: 24px;\">Aparatura i instrumenty medyczne<\/td>\n<td style=\"width: 25%; height: 24px;\">Urz\u0105dzenie wykrywaj\u0105ce<\/td>\n<td style=\"width: 25%; height: 24px;\">Precyzyjne przyrz\u0105dy pomiarowe<\/td>\n<\/tr>\n<tr style=\"height: 23px;\">\n<td style=\"width: 25%; height: 23px;\">Sprz\u0119t natryskowy<\/td>\n<td style=\"width: 25%; height: 23px;\">Sprz\u0119t do obr\u00f3bki szk\u0142a<\/td>\n<td style=\"width: 25%; height: 23px;\">Maszyny drukarskie<\/td>\n<td style=\"width: 25%; height: 23px;\">i inne obszary<\/td>\n<\/tr>\n<\/tbody>\n<\/table>\n<p>[\/et_pb_tab][et_pb_tab title=&#8221;Parametry&#8221; _builder_version=&#8221;4.21.0&#8243; global_colors_info=&#8221;{}&#8221;]<\/p>\n<h3>Parametry si\u0142ownik\u00f3w AAT<\/h3>\n<ul class=\"et_post_gallery clearfix\">\n\t\t\t\t\t<li class=\"et_gallery_item et_pb_gallery_image\">\n\t\t\t\t\t\t<a href=\"https:\/\/almer.sk\/wp-content\/uploads\/2023\/06\/AAT-2540-scaled-e1688655568674.jpg\" title=\"AAT 25,40\">\n\t\t\t\t\t\t\t<span class=\"et_portfolio_image\">\n\t\t\t\t\t\t\t\t<img loading=\"lazy\" decoding=\"async\" width=\"400\" height=\"284\" src=\"https:\/\/almer.sk\/wp-content\/uploads\/2023\/06\/AAT-2540-scaled-e1688655568674-400x284.jpg\" class=\"attachment-et-pb-portfolio-image size-et-pb-portfolio-image\" alt=\"\" \/>\n\t\t\t\t\t\t\t\t<span class=\"et_overlay\"><\/span>\n\t\t\t\t\t\t\t<\/span>\n\t\t\t\t\t\t<\/a>\n\t\t\t\t\t\t<p class=\"et_pb_gallery_caption\">AAT 25,40<\/p>\n\t\t\t\t\t<\/li>\n\t\t\t\t<\/ul>\n<p>[\/et_pb_tab][et_pb_tab title=&#8221;Rysunki&#8221; _builder_version=&#8221;4.21.0&#8243; global_colors_info=&#8221;{}&#8221;]<\/p>\n<h3>Rysunki si\u0142ownik\u00f3w AAT<\/h3>\n<ul class=\"et_post_gallery clearfix\">\n\t\t\t\t\t<li class=\"et_gallery_item et_pb_gallery_image\">\n\t\t\t\t\t\t<a href=\"https:\/\/almer.sk\/wp-content\/uploads\/2023\/06\/AAT-25-vykres-scaled-e1688103777240.jpg\" title=\"AAT 25\">\n\t\t\t\t\t\t\t<span class=\"et_portfolio_image\">\n\t\t\t\t\t\t\t\t<img loading=\"lazy\" decoding=\"async\" width=\"400\" height=\"284\" src=\"https:\/\/almer.sk\/wp-content\/uploads\/2023\/06\/AAT-25-vykres-scaled-e1688103777240-400x284.jpg\" class=\"attachment-et-pb-portfolio-image size-et-pb-portfolio-image\" alt=\"\" \/>\n\t\t\t\t\t\t\t\t<span class=\"et_overlay\"><\/span>\n\t\t\t\t\t\t\t<\/span>\n\t\t\t\t\t\t<\/a>\n\t\t\t\t\t\t<p class=\"et_pb_gallery_caption\">AAT 25<\/p>\n\t\t\t\t\t<\/li><li class=\"et_gallery_item et_pb_gallery_image\">\n\t\t\t\t\t\t<a href=\"https:\/\/almer.sk\/wp-content\/uploads\/2023\/06\/AAT-40-vykres-scaled-e1688103802699.jpg\" title=\"AAT 40\">\n\t\t\t\t\t\t\t<span class=\"et_portfolio_image\">\n\t\t\t\t\t\t\t\t<img loading=\"lazy\" decoding=\"async\" width=\"400\" height=\"284\" src=\"https:\/\/almer.sk\/wp-content\/uploads\/2023\/06\/AAT-40-vykres-scaled-e1688103802699-400x284.jpg\" class=\"attachment-et-pb-portfolio-image size-et-pb-portfolio-image\" alt=\"\" \/>\n\t\t\t\t\t\t\t\t<span class=\"et_overlay\"><\/span>\n\t\t\t\t\t\t\t<\/span>\n\t\t\t\t\t\t<\/a>\n\t\t\t\t\t\t<p class=\"et_pb_gallery_caption\">AAT 40<\/p>\n\t\t\t\t\t<\/li>\n\t\t\t\t<\/ul>\n<p>[\/et_pb_tab][et_pb_tab title=&#8221;3D&#8221; _builder_version=&#8221;4.21.0&#8243; global_colors_info=&#8221;{}&#8221;]<\/p>\n<h3>W przypadku wydruk\u00f3w 3D prosimy o kontakt<\/h3>\n<h4>[et_pb_section global_module=\"1380\"][\/et_pb_section]<\/h4>\n<p>[\/et_pb_tab][et_pb_tab title=&#8221;Specyfikacja modelu&#8221; _builder_version=&#8221;4.21.0&#8243; global_colors_info=&#8221;{}&#8221;]<\/p>\n<h3>Specyfikacja modeli<\/h3>\n<ul class=\"et_post_gallery clearfix\">\n\t\t\t\t\t<li class=\"et_gallery_item et_pb_gallery_image\">\n\t\t\t\t\t\t<a href=\"https:\/\/almer.sk\/wp-content\/uploads\/2023\/06\/Specifikacia-AAT-scaled.jpg\" title=\"S\u030cpecifika\u0301cia AAT\">\n\t\t\t\t\t\t\t<span class=\"et_portfolio_image\">\n\t\t\t\t\t\t\t\t<img loading=\"lazy\" decoding=\"async\" width=\"400\" height=\"284\" src=\"https:\/\/almer.sk\/wp-content\/uploads\/2023\/06\/Specifikacia-AAT-400x284.jpg\" class=\"attachment-et-pb-portfolio-image size-et-pb-portfolio-image\" alt=\"\" \/>\n\t\t\t\t\t\t\t\t<span class=\"et_overlay\"><\/span>\n\t\t\t\t\t\t\t<\/span>\n\t\t\t\t\t\t<\/a>\n\t\t\t\t\t\t<p class=\"et_pb_gallery_caption\">S\u030cpecifika\u0301cia AAT<\/p>\n\t\t\t\t\t<\/li>\n\t\t\t\t<\/ul>\n<p>[\/et_pb_tab][et_pb_tab title=&#8221;Zapytanie o produkt&#8221; _builder_version=&#8221;4.21.0&#8243; global_colors_info=&#8221;{}&#8221;]Prosimy o kontakt z naszym technicznym zespo\u0142em sprzeda\u017cy w celu uzyskania cen, arkuszy danych, rysunk\u00f3w technicznych (2D\/3D), instrukcji obs\u0142ugi sprz\u0119tu i oprogramowania lub innych informacji technicznych dotycz\u0105cych aplikacji&#8230;<\/p>\n[et_pb_section global_module=\"1380\"][\/et_pb_section]\n<p>[\/et_pb_tab][\/et_pb_tabs][et_pb_tabs active_tab_background_color=&#8221;#000000&#8243; inactive_tab_background_color=&#8221;#ff0000&#8243; active_tab_text_color=&#8221;#ffffff&#8221; disabled_on=&#8221;off|on|on&#8221; module_id=&#8221;taby&#8221; _builder_version=&#8221;4.21.0&#8243; tab_text_color=&#8221;#ffffff&#8221; tab_font=&#8221;|300|||||||&#8221; tab_font_size=&#8221;16px&#8221; tab_line_height=&#8221;2.8em&#8221; border_width_all=&#8221;0px&#8221; border_color_all=&#8221;rgba(0,0,0,0)&#8221; global_colors_info=&#8221;{}&#8221;][et_pb_tab title=&#8221;Opis&#8221; _builder_version=&#8221;4.21.0&#8243; global_colors_info=&#8221;{}&#8221;]<\/p>\n<p>Seria AAT zapewnia wysoki moment obrotowy i wysok\u0105 precyzj\u0119 sterowania obrotowego.<\/p>\n<p>Powi\u0119kszony wydr\u0105\u017cony wa\u0142 (wewn\u0119trzny otw\u00f3r przelotowy) w por\u00f3wnaniu z seri\u0105 AAH, do przeprowadzania kabli, w\u0119\u017cy powietrznych, wi\u0105zek laserowych itp.<\/p>\n<p>Wysoka precyzja: mniej ni\u017c 30 arcsec.<\/p>\n<p>Dost\u0119pne napi\u0119cia wej\u015bciowe: 48 V DC, 110 V AC, 220 V AC, 380 V\/480 V (opcjonalnie)*.<\/p>\n<p>Elastyczna, niezawodna, \u0142atwa w konserwacji i kompaktowa konstrukcja<\/p>\n<p>Niski wsp\u00f3\u0142czynnik sprz\u0119\u017cenia zwrotnego, niski poziom ha\u0142asu, wysoka g\u0119sto\u015b\u0107 momentu obrotowego, np. AAT-40 do 800 Nm<\/p>\n<p>Zintegrowana konstrukcja: przek\u0142adnia harmoniczna, bezramowy silnik z enkoderem, hamulec elektromagnetyczny i inne czujniki w jednym.<\/p>\n<p>Wysoki stopie\u0144 ochrony (do IP67 w razie potrzeby) dla ekstremalnych \u015brodowisk pracy<\/p>\n<p><span style=\"color: #ff0000;\"><strong>OBSZAR ZASTOSOWANIA<\/strong><\/span><\/p>\n<table style=\"border-collapse: collapse; width: 100%; height: 70px;\" border=\"1\">\n<tbody>\n<tr style=\"height: 23px;\">\n<td style=\"width: 25%; height: 23px;\">Sprz\u0119t elektroniczny i p\u00f3\u0142przewodnikowy<\/td>\n<td style=\"width: 25%; height: 23px;\">Precyzyjne obrabiarki<\/td>\n<\/tr>\n<tr style=\"height: 24px;\">\n<td style=\"width: 25%; height: 24px;\">Roboty i specjalne ramiona mechaniczne<\/td>\n<td style=\"width: 25%; height: 24px;\">Aparatura i instrumenty medyczne<\/td>\n<\/tr>\n<tr style=\"height: 23px;\">\n<td style=\"width: 25%; height: 23px;\">Sprz\u0119t natryskowy<\/td>\n<td style=\"width: 25%; height: 23px;\">Sprz\u0119t do obr\u00f3bki szk\u0142a<\/td>\n<\/tr>\n<tr style=\"height: 23px;\">\n<td style=\"width: 25%; height: 23px;\">Systemy automatyzacji<\/td>\n<td style=\"width: 25%; height: 23px;\">Precyzyjny laserowy sprz\u0119t produkcyjny<\/td>\n<\/tr>\n<tr style=\"height: 24px;\">\n<td style=\"width: 25%; height: 24px;\">Urz\u0105dzenie wykrywaj\u0105ce<\/td>\n<td style=\"width: 25%; height: 24px;\">Precyzyjne przyrz\u0105dy pomiarowe<\/td>\n<\/tr>\n<tr style=\"height: 23px;\">\n<td style=\"width: 25%; height: 23px;\">Maszyny drukarskie<\/td>\n<td style=\"width: 25%; height: 23px;\">i inne obszary<\/td>\n<\/tr>\n<\/tbody>\n<\/table>\n<p>[\/et_pb_tab][et_pb_tab title=&#8221;Parametry&#8221; _builder_version=&#8221;4.21.0&#8243; global_colors_info=&#8221;{}&#8221;]<\/p>\n<h3>Parametry si\u0142ownik\u00f3w AAT<\/h3>\n<ul class=\"et_post_gallery clearfix\">\n\t\t\t\t\t<li class=\"et_gallery_item et_pb_gallery_image\">\n\t\t\t\t\t\t<a href=\"https:\/\/almer.sk\/wp-content\/uploads\/2023\/06\/AAT-2540-scaled-e1688655568674.jpg\" title=\"AAT 25,40\">\n\t\t\t\t\t\t\t<span class=\"et_portfolio_image\">\n\t\t\t\t\t\t\t\t<img loading=\"lazy\" decoding=\"async\" width=\"400\" height=\"284\" src=\"https:\/\/almer.sk\/wp-content\/uploads\/2023\/06\/AAT-2540-scaled-e1688655568674-400x284.jpg\" class=\"attachment-et-pb-portfolio-image size-et-pb-portfolio-image\" alt=\"\" \/>\n\t\t\t\t\t\t\t\t<span class=\"et_overlay\"><\/span>\n\t\t\t\t\t\t\t<\/span>\n\t\t\t\t\t\t<\/a>\n\t\t\t\t\t\t<p class=\"et_pb_gallery_caption\">AAT 25,40<\/p>\n\t\t\t\t\t<\/li>\n\t\t\t\t<\/ul>\n<p>[\/et_pb_tab][et_pb_tab title=&#8221;Rysunki&#8221; _builder_version=&#8221;4.21.0&#8243; global_colors_info=&#8221;{}&#8221;]<\/p>\n<h3>Rysunki si\u0142ownik\u00f3w AAT<\/h3>\n<ul class=\"et_post_gallery clearfix\">\n\t\t\t\t\t<li class=\"et_gallery_item et_pb_gallery_image\">\n\t\t\t\t\t\t<a href=\"https:\/\/almer.sk\/wp-content\/uploads\/2023\/06\/AAT-25-vykres-scaled-e1688103777240.jpg\" title=\"AAT 25\">\n\t\t\t\t\t\t\t<span class=\"et_portfolio_image\">\n\t\t\t\t\t\t\t\t<img loading=\"lazy\" decoding=\"async\" width=\"400\" height=\"284\" src=\"https:\/\/almer.sk\/wp-content\/uploads\/2023\/06\/AAT-25-vykres-scaled-e1688103777240-400x284.jpg\" class=\"attachment-et-pb-portfolio-image size-et-pb-portfolio-image\" alt=\"\" \/>\n\t\t\t\t\t\t\t\t<span class=\"et_overlay\"><\/span>\n\t\t\t\t\t\t\t<\/span>\n\t\t\t\t\t\t<\/a>\n\t\t\t\t\t\t<p class=\"et_pb_gallery_caption\">AAT 25<\/p>\n\t\t\t\t\t<\/li><li class=\"et_gallery_item et_pb_gallery_image\">\n\t\t\t\t\t\t<a href=\"https:\/\/almer.sk\/wp-content\/uploads\/2023\/06\/AAT-40-vykres-scaled-e1688103802699.jpg\" title=\"AAT 40\">\n\t\t\t\t\t\t\t<span class=\"et_portfolio_image\">\n\t\t\t\t\t\t\t\t<img loading=\"lazy\" decoding=\"async\" width=\"400\" height=\"284\" src=\"https:\/\/almer.sk\/wp-content\/uploads\/2023\/06\/AAT-40-vykres-scaled-e1688103802699-400x284.jpg\" class=\"attachment-et-pb-portfolio-image size-et-pb-portfolio-image\" alt=\"\" \/>\n\t\t\t\t\t\t\t\t<span class=\"et_overlay\"><\/span>\n\t\t\t\t\t\t\t<\/span>\n\t\t\t\t\t\t<\/a>\n\t\t\t\t\t\t<p class=\"et_pb_gallery_caption\">AAT 40<\/p>\n\t\t\t\t\t<\/li>\n\t\t\t\t<\/ul>\n<p>[\/et_pb_tab][et_pb_tab title=&#8221;3D&#8221; _builder_version=&#8221;4.21.0&#8243; global_colors_info=&#8221;{}&#8221;]<\/p>\n<h3>W przypadku wydruk\u00f3w 3D prosimy o kontakt<\/h3>\n<h4>[et_pb_section global_module=\"1380\"][\/et_pb_section]<\/h4>\n<p>[\/et_pb_tab][et_pb_tab title=&#8221;Specyfikacja modelu&#8221; _builder_version=&#8221;4.21.0&#8243; global_colors_info=&#8221;{}&#8221;]<\/p>\n<h3>Specyfikacja modeli<\/h3>\n<ul class=\"et_post_gallery clearfix\">\n\t\t\t\t\t<li class=\"et_gallery_item et_pb_gallery_image\">\n\t\t\t\t\t\t<a href=\"https:\/\/almer.sk\/wp-content\/uploads\/2023\/06\/Specifikacia-AAT-scaled.jpg\" title=\"S\u030cpecifika\u0301cia AAT\">\n\t\t\t\t\t\t\t<span class=\"et_portfolio_image\">\n\t\t\t\t\t\t\t\t<img loading=\"lazy\" decoding=\"async\" width=\"400\" height=\"284\" src=\"https:\/\/almer.sk\/wp-content\/uploads\/2023\/06\/Specifikacia-AAT-400x284.jpg\" class=\"attachment-et-pb-portfolio-image size-et-pb-portfolio-image\" alt=\"\" \/>\n\t\t\t\t\t\t\t\t<span class=\"et_overlay\"><\/span>\n\t\t\t\t\t\t\t<\/span>\n\t\t\t\t\t\t<\/a>\n\t\t\t\t\t\t<p class=\"et_pb_gallery_caption\">S\u030cpecifika\u0301cia AAT<\/p>\n\t\t\t\t\t<\/li>\n\t\t\t\t<\/ul>\n<p>[\/et_pb_tab][et_pb_tab title=&#8221;Zapytanie o produkt&#8221; _builder_version=&#8221;4.21.0&#8243; global_colors_info=&#8221;{}&#8221;]Prosimy o kontakt z naszym technicznym zespo\u0142em sprzeda\u017cy w celu uzyskania cen, arkuszy danych, rysunk\u00f3w technicznych (2D\/3D), instrukcji obs\u0142ugi sprz\u0119tu i oprogramowania lub innych informacji technicznych dotycz\u0105cych aplikacji&#8230;<\/p>\n[et_pb_section global_module=\"1380\"][\/et_pb_section]\n<p>[\/et_pb_tab][\/et_pb_tabs][\/et_pb_column][\/et_pb_row][\/et_pb_section]<\/p>\n","protected":false},"excerpt":{"rendered":"<p>&gt; Strona g\u0142\u00f3wna \/ Si\u0142owniki \/ AATObrotowe si\u0142owniki harmoniczneSeria AAT Seria AAT zapewnia wysoki moment obrotowy i wysok\u0105 precyzj\u0119 sterowania obrotowego. Powi\u0119kszony wydr\u0105\u017cony wa\u0142 (wewn\u0119trzny otw\u00f3r przelotowy) w por\u00f3wnaniu z seri\u0105 AAH, do przeprowadzania kabli, w\u0119\u017cy powietrznych, wi\u0105zek laserowych itp. Wysoka precyzja: mniej ni\u017c 30 arcsec. Dost\u0119pne napi\u0119cia wej\u015bciowe: 48 V DC, 110 V AC, [&hellip;]<\/p>\n","protected":false},"author":1,"featured_media":0,"parent":5688,"menu_order":0,"comment_status":"closed","ping_status":"closed","template":"","meta":{"_et_pb_use_builder":"on","_et_pb_old_content":"","_et_gb_content_width":"","footnotes":""},"class_list":["post-5882","page","type-page","status-publish","hentry"],"yoast_head":"<!-- This site is optimized with the Yoast SEO plugin v26.6 - https:\/\/yoast.com\/wordpress\/plugins\/seo\/ -->\n<title>AAT - si\u0142owniki obrotowe - Almer.sk<\/title>\n<meta name=\"robots\" content=\"index, follow, max-snippet:-1, max-image-preview:large, max-video-preview:-1\" \/>\n<link rel=\"canonical\" href=\"https:\/\/almer.sk\/pl\/silowniki-obrotowe\/aat-silowniki-obrotowe\/\" \/>\n<meta property=\"og:locale\" content=\"pl_PL\" \/>\n<meta property=\"og:type\" content=\"article\" \/>\n<meta property=\"og:title\" content=\"AAT - si\u0142owniki obrotowe - Almer.sk\" \/>\n<meta property=\"og:description\" content=\"&gt; Strona g\u0142\u00f3wna \/ Si\u0142owniki \/ AATObrotowe si\u0142owniki harmoniczneSeria AAT Seria AAT zapewnia wysoki moment obrotowy i wysok\u0105 precyzj\u0119 sterowania obrotowego. Powi\u0119kszony wydr\u0105\u017cony wa\u0142 (wewn\u0119trzny otw\u00f3r przelotowy) w por\u00f3wnaniu z seri\u0105 AAH, do przeprowadzania kabli, w\u0119\u017cy powietrznych, wi\u0105zek laserowych itp. Wysoka precyzja: mniej ni\u017c 30 arcsec. Dost\u0119pne napi\u0119cia wej\u015bciowe: 48 V DC, 110 V AC, [&hellip;]\" \/>\n<meta property=\"og:url\" content=\"https:\/\/almer.sk\/pl\/silowniki-obrotowe\/aat-silowniki-obrotowe\/\" \/>\n<meta property=\"og:site_name\" content=\"Almer.sk\" \/>\n<meta property=\"article:modified_time\" content=\"2023-09-04T09:28:06+00:00\" \/>\n<meta name=\"twitter:card\" content=\"summary_large_image\" \/>\n<meta name=\"twitter:label1\" content=\"Szacowany czas czytania\" \/>\n\t<meta name=\"twitter:data1\" content=\"5 minut\" \/>\n<script type=\"application\/ld+json\" class=\"yoast-schema-graph\">{\"@context\":\"https:\/\/schema.org\",\"@graph\":[{\"@type\":\"WebPage\",\"@id\":\"https:\/\/almer.sk\/pl\/silowniki-obrotowe\/aat-silowniki-obrotowe\/\",\"url\":\"https:\/\/almer.sk\/pl\/silowniki-obrotowe\/aat-silowniki-obrotowe\/\",\"name\":\"AAT - si\u0142owniki obrotowe - Almer.sk\",\"isPartOf\":{\"@id\":\"https:\/\/almer.sk\/pl\/#website\"},\"datePublished\":\"2023-06-29T15:07:49+00:00\",\"dateModified\":\"2023-09-04T09:28:06+00:00\",\"breadcrumb\":{\"@id\":\"https:\/\/almer.sk\/pl\/silowniki-obrotowe\/aat-silowniki-obrotowe\/#breadcrumb\"},\"inLanguage\":\"pl-PL\",\"potentialAction\":[{\"@type\":\"ReadAction\",\"target\":[\"https:\/\/almer.sk\/pl\/silowniki-obrotowe\/aat-silowniki-obrotowe\/\"]}]},{\"@type\":\"BreadcrumbList\",\"@id\":\"https:\/\/almer.sk\/pl\/silowniki-obrotowe\/aat-silowniki-obrotowe\/#breadcrumb\",\"itemListElement\":[{\"@type\":\"ListItem\",\"position\":1,\"name\":\"Home\",\"item\":\"https:\/\/almer.sk\/pl\/\"},{\"@type\":\"ListItem\",\"position\":2,\"name\":\"Si\u0142owniki obrotowe\",\"item\":\"https:\/\/almer.sk\/pl\/silowniki-obrotowe\/\"},{\"@type\":\"ListItem\",\"position\":3,\"name\":\"AAT &#8211; si\u0142owniki obrotowe\"}]},{\"@type\":\"WebSite\",\"@id\":\"https:\/\/almer.sk\/pl\/#website\",\"url\":\"https:\/\/almer.sk\/pl\/\",\"name\":\"Almer.sk\",\"description\":\"Technologick\u00fd l\u00edder v oblasti presn\u00fdch prevodoviek\",\"potentialAction\":[{\"@type\":\"SearchAction\",\"target\":{\"@type\":\"EntryPoint\",\"urlTemplate\":\"https:\/\/almer.sk\/pl\/?s={search_term_string}\"},\"query-input\":{\"@type\":\"PropertyValueSpecification\",\"valueRequired\":true,\"valueName\":\"search_term_string\"}}],\"inLanguage\":\"pl-PL\"}]}<\/script>\n<!-- \/ Yoast SEO plugin. -->","yoast_head_json":{"title":"AAT - si\u0142owniki obrotowe - Almer.sk","robots":{"index":"index","follow":"follow","max-snippet":"max-snippet:-1","max-image-preview":"max-image-preview:large","max-video-preview":"max-video-preview:-1"},"canonical":"https:\/\/almer.sk\/pl\/silowniki-obrotowe\/aat-silowniki-obrotowe\/","og_locale":"pl_PL","og_type":"article","og_title":"AAT - si\u0142owniki obrotowe - Almer.sk","og_description":"&gt; Strona g\u0142\u00f3wna \/ Si\u0142owniki \/ AATObrotowe si\u0142owniki harmoniczneSeria AAT Seria AAT zapewnia wysoki moment obrotowy i wysok\u0105 precyzj\u0119 sterowania obrotowego. Powi\u0119kszony wydr\u0105\u017cony wa\u0142 (wewn\u0119trzny otw\u00f3r przelotowy) w por\u00f3wnaniu z seri\u0105 AAH, do przeprowadzania kabli, w\u0119\u017cy powietrznych, wi\u0105zek laserowych itp. Wysoka precyzja: mniej ni\u017c 30 arcsec. Dost\u0119pne napi\u0119cia wej\u015bciowe: 48 V DC, 110 V AC, [&hellip;]","og_url":"https:\/\/almer.sk\/pl\/silowniki-obrotowe\/aat-silowniki-obrotowe\/","og_site_name":"Almer.sk","article_modified_time":"2023-09-04T09:28:06+00:00","twitter_card":"summary_large_image","twitter_misc":{"Szacowany czas czytania":"5 minut"},"schema":{"@context":"https:\/\/schema.org","@graph":[{"@type":"WebPage","@id":"https:\/\/almer.sk\/pl\/silowniki-obrotowe\/aat-silowniki-obrotowe\/","url":"https:\/\/almer.sk\/pl\/silowniki-obrotowe\/aat-silowniki-obrotowe\/","name":"AAT - si\u0142owniki obrotowe - Almer.sk","isPartOf":{"@id":"https:\/\/almer.sk\/pl\/#website"},"datePublished":"2023-06-29T15:07:49+00:00","dateModified":"2023-09-04T09:28:06+00:00","breadcrumb":{"@id":"https:\/\/almer.sk\/pl\/silowniki-obrotowe\/aat-silowniki-obrotowe\/#breadcrumb"},"inLanguage":"pl-PL","potentialAction":[{"@type":"ReadAction","target":["https:\/\/almer.sk\/pl\/silowniki-obrotowe\/aat-silowniki-obrotowe\/"]}]},{"@type":"BreadcrumbList","@id":"https:\/\/almer.sk\/pl\/silowniki-obrotowe\/aat-silowniki-obrotowe\/#breadcrumb","itemListElement":[{"@type":"ListItem","position":1,"name":"Home","item":"https:\/\/almer.sk\/pl\/"},{"@type":"ListItem","position":2,"name":"Si\u0142owniki obrotowe","item":"https:\/\/almer.sk\/pl\/silowniki-obrotowe\/"},{"@type":"ListItem","position":3,"name":"AAT &#8211; si\u0142owniki obrotowe"}]},{"@type":"WebSite","@id":"https:\/\/almer.sk\/pl\/#website","url":"https:\/\/almer.sk\/pl\/","name":"Almer.sk","description":"Technologick\u00fd l\u00edder v oblasti presn\u00fdch prevodoviek","potentialAction":[{"@type":"SearchAction","target":{"@type":"EntryPoint","urlTemplate":"https:\/\/almer.sk\/pl\/?s={search_term_string}"},"query-input":{"@type":"PropertyValueSpecification","valueRequired":true,"valueName":"search_term_string"}}],"inLanguage":"pl-PL"}]}},"_links":{"self":[{"href":"https:\/\/almer.sk\/pl\/wp-json\/wp\/v2\/pages\/5882","targetHints":{"allow":["GET"]}}],"collection":[{"href":"https:\/\/almer.sk\/pl\/wp-json\/wp\/v2\/pages"}],"about":[{"href":"https:\/\/almer.sk\/pl\/wp-json\/wp\/v2\/types\/page"}],"author":[{"embeddable":true,"href":"https:\/\/almer.sk\/pl\/wp-json\/wp\/v2\/users\/1"}],"replies":[{"embeddable":true,"href":"https:\/\/almer.sk\/pl\/wp-json\/wp\/v2\/comments?post=5882"}],"version-history":[{"count":6,"href":"https:\/\/almer.sk\/pl\/wp-json\/wp\/v2\/pages\/5882\/revisions"}],"predecessor-version":[{"id":6571,"href":"https:\/\/almer.sk\/pl\/wp-json\/wp\/v2\/pages\/5882\/revisions\/6571"}],"up":[{"embeddable":true,"href":"https:\/\/almer.sk\/pl\/wp-json\/wp\/v2\/pages\/5688"}],"wp:attachment":[{"href":"https:\/\/almer.sk\/pl\/wp-json\/wp\/v2\/media?parent=5882"}],"curies":[{"name":"wp","href":"https:\/\/api.w.org\/{rel}","templated":true}]}}