{"id":5833,"date":"2023-07-07T15:36:49","date_gmt":"2023-07-07T13:36:49","guid":{"rendered":"https:\/\/almer.sk\/przekladnie-harmoniczne\/lcs-g-przekladnie-harmoniczne\/"},"modified":"2024-02-06T16:56:24","modified_gmt":"2024-02-06T15:56:24","slug":"lcs-g-przekladnie-harmoniczne","status":"publish","type":"page","link":"https:\/\/almer.sk\/pl\/przekladnie-harmoniczne\/lcs-g-przekladnie-harmoniczne\/","title":{"rendered":"LCS (G) &#8211; Przek\u0142adnie harmoniczne"},"content":{"rendered":"<p>[et_pb_section fb_built=&#8221;1&#8243; _builder_version=&#8221;4.21.0&#8243; _module_preset=&#8221;default&#8221; global_colors_info=&#8221;{}&#8221;][et_pb_row _builder_version=&#8221;4.21.0&#8243; _module_preset=&#8221;default&#8221; locked=&#8221;off&#8221; global_colors_info=&#8221;{}&#8221;][et_pb_column type=&#8221;4_4&#8243; _builder_version=&#8221;4.21.0&#8243; _module_preset=&#8221;default&#8221; global_colors_info=&#8221;{}&#8221;][et_pb_blurb content_max_width=&#8221;1100px&#8221; _builder_version=&#8221;4.21.0&#8243; _module_preset=&#8221;default&#8221; body_text_align=&#8221;left&#8221; global_colors_info=&#8221;{}&#8221;]<a class=\"bread\" href=\"https:\/\/almer.sk\/pl\/\">&gt; Strona g\u0142\u00f3wna<\/a> \/ <a class=\"bread\" href=\"https:\/\/almer.sk\/pl\/przekladnie\/\">Przek\u0142adnie<\/a> \/ <a class=\"bread\" href=\"https:\/\/almer.sk\/pl\/przekladnie-harmoniczne\/\">Harmoniczne<\/a> \/ LCS[\/et_pb_blurb][\/et_pb_column][\/et_pb_row][et_pb_row _builder_version=&#8221;4.21.0&#8243; _module_preset=&#8221;default&#8221; locked=&#8221;off&#8221; global_colors_info=&#8221;{}&#8221;][et_pb_column type=&#8221;4_4&#8243; _builder_version=&#8221;4.21.0&#8243; _module_preset=&#8221;default&#8221; global_colors_info=&#8221;{}&#8221;][et_pb_blurb _builder_version=&#8221;4.21.0&#8243; _module_preset=&#8221;default&#8221; header_font=&#8221;|||on|||||&#8221; global_colors_info=&#8221;{}&#8221;]<\/p>\n<h1 style=\"text-align: center;\"><span class=\"cierna\">LCS(G)<\/span> &#8211; Przek\u0142adnie harmoniczne<\/h1>\n<h3 style=\"text-align: center;\">Standardowy Flexspline<\/h3>\n<p>[\/et_pb_blurb][\/et_pb_column][\/et_pb_row][et_pb_row column_structure=&#8221;1_5,1_5,1_5,1_5,1_5&#8243; disabled_on=&#8221;on|on|off&#8221; _builder_version=&#8221;4.21.0&#8243; _module_preset=&#8221;default&#8221; width=&#8221;100%&#8221; width_tablet=&#8221;100%&#8221; width_phone=&#8221;80%&#8221; width_last_edited=&#8221;on|phone&#8221; global_colors_info=&#8221;{}&#8221;][et_pb_column type=&#8221;1_5&#8243; _builder_version=&#8221;4.21.0&#8243; _module_preset=&#8221;default&#8221; global_colors_info=&#8221;{}&#8221;][et_pb_blurb _builder_version=&#8221;4.22.1&#8243; _module_preset=&#8221;default&#8221; custom_margin=&#8221;|-100px|||false|false&#8221; custom_padding=&#8221;||||false|false&#8221; global_colors_info=&#8221;{}&#8221;]<\/p>\n<h2 style=\"text-align: left;\"><a href=\"https:\/\/almer.sk\/pl\/przekladnie-harmoniczne\/lcs-g-przekladnie-harmoniczne\/przetworniki-harmonicznych-lcsg-i\/\"><span style=\"color: #ff0000;\">LCS -I \/ LCSG -I<\/span><\/a><\/h2>\n<p><span style=\"color: #000000;\">bezpo\u015brednie pod\u0142\u0105czenie wa\u0142u wej\u015bciowego<\/span>[\/et_pb_blurb][et_pb_blurb url=&#8221;https:\/\/almer.sk\/pl\/przekladnie-harmoniczne\/lcs-g-przekladnie-harmoniczne\/przetworniki-harmonicznych-lcsg-i\/&#8221; image=&#8221;https:\/\/almer.sk\/wp-content\/uploads\/2023\/07\/1-LCS32_CI_1.png&#8221; alt=&#8221;1 LCS32_CI_1&#8243; image_icon_width=&#8221;100%&#8221; _builder_version=&#8221;4.24.0&#8243; _module_preset=&#8221;default&#8221; header_text_align=&#8221;center&#8221; animation=&#8221;off&#8221; link_option_url=&#8221;https:\/\/almer.sk\/pl\/przekladnie-harmoniczne\/lcs-g-przekladnie-harmoniczne\/przetworniki-harmonicznych-lcsg-i\/&#8221; hover_enabled=&#8221;0&#8243; locked=&#8221;off&#8221; global_colors_info=&#8221;{}&#8221; sticky_enabled=&#8221;0&#8243;]<\/p>\n<h3 style=\"text-align: center;\"><span style=\"color: #ff0000;\">Kompletne\u00a0 \u00a0przek\u0142adnie<\/span><\/h3>\n<p>[\/et_pb_blurb][\/et_pb_column][et_pb_column type=&#8221;1_5&#8243; _builder_version=&#8221;4.21.0&#8243; _module_preset=&#8221;default&#8221; global_colors_info=&#8221;{}&#8221;][et_pb_blurb url=&#8221;https:\/\/almer.sk\/pl\/przekladnie-harmoniczne\/lcs-g-przekladnie-harmoniczne\/przetworniki-harmonicznych-lcsg-i\/&#8221; image=&#8221;https:\/\/almer.sk\/wp-content\/uploads\/2023\/07\/2-LCS11-P-I.png&#8221; alt=&#8221;2 LCS11-P-I&#8221; _builder_version=&#8221;4.22.1&#8243; _module_preset=&#8221;default&#8221; header_text_align=&#8221;center&#8221; width=&#8221;93%&#8221; custom_margin=&#8221;100px||||false|false&#8221; custom_padding=&#8221;0px||||false|false&#8221; animation=&#8221;off&#8221; link_option_url=&#8221;https:\/\/almer.sk\/pl\/przekladnie-harmoniczne\/lcs-g-przekladnie-harmoniczne\/przetworniki-harmonicznych-lcsg-i\/&#8221; locked=&#8221;off&#8221; global_colors_info=&#8221;{}&#8221;]<\/p>\n<h3 style=\"text-align: center;\"><span style=\"color: #ff0000;\">Zestaw komponent\u00f3w<\/span><\/h3>\n<p>[\/et_pb_blurb][\/et_pb_column][et_pb_column type=&#8221;1_5&#8243; _builder_version=&#8221;4.21.0&#8243; _module_preset=&#8221;default&#8221; global_colors_info=&#8221;{}&#8221;][et_pb_blurb _builder_version=&#8221;4.21.0&#8243; _module_preset=&#8221;default&#8221; custom_margin=&#8221;|-100px|||false|false&#8221; global_colors_info=&#8221;{}&#8221;]<\/p>\n<h2><a href=\"https:\/\/almer.sk\/pl\/przekladnie-harmoniczne\/lcs-g-przekladnie-harmoniczne\/przetworniki-harmonicznych-lcsg-ii\/\"><span style=\"color: #ff0000;\">LCS -II \/ LCSG -II<\/span><\/a><\/h2>\n<p><span style=\"color: #000000;\">po\u0142\u0105czenie za pomoc\u0105 krzy\u017cowego sprz\u0119g\u0142a \u015blizgowego<\/span><\/p>\n<p>[\/et_pb_blurb][et_pb_blurb url=&#8221;https:\/\/almer.sk\/pl\/przekladnie-harmoniczne\/lcs-g-przekladnie-harmoniczne\/przetworniki-harmonicznych-lcsg-ii\/&#8221; image=&#8221;https:\/\/almer.sk\/wp-content\/uploads\/2023\/07\/3-LCS32_CII_1.png&#8221; alt=&#8221;3 LCS32_CII_1&#8243; _builder_version=&#8221;4.24.0&#8243; _module_preset=&#8221;default&#8221; header_text_align=&#8221;center&#8221; custom_margin=&#8221;0px||||false|false&#8221; custom_padding=&#8221;0px||||false|false&#8221; animation=&#8221;off&#8221; link_option_url=&#8221;https:\/\/almer.sk\/pl\/przekladnie-harmoniczne\/lcs-g-przekladnie-harmoniczne\/przetworniki-harmonicznych-lcsg-ii\/&#8221; hover_enabled=&#8221;0&#8243; locked=&#8221;off&#8221; global_colors_info=&#8221;{}&#8221; sticky_enabled=&#8221;0&#8243;]<\/p>\n<h3 style=\"text-align: center;\"><span style=\"color: #ff0000;\">Kompletne przek\u0142adnie<\/span><\/h3>\n<p>[\/et_pb_blurb][\/et_pb_column][et_pb_column type=&#8221;1_5&#8243; _builder_version=&#8221;4.21.0&#8243; _module_preset=&#8221;default&#8221; global_colors_info=&#8221;{}&#8221;][et_pb_blurb url=&#8221;https:\/\/almer.sk\/pl\/przekladnie-harmoniczne\/lcs-g-przekladnie-harmoniczne\/przetworniki-harmonicznych-lcsg-ii\/&#8221; image=&#8221;https:\/\/almer.sk\/wp-content\/uploads\/2023\/07\/4-LCS11-P-II.png&#8221; alt=&#8221;4 LCS11-P-II&#8221; _builder_version=&#8221;4.21.0&#8243; _module_preset=&#8221;default&#8221; header_text_align=&#8221;center&#8221; custom_margin=&#8221;82px||||false|false&#8221; custom_padding=&#8221;|0px|||false|false&#8221; animation=&#8221;off&#8221; link_option_url=&#8221;https:\/\/almer.sk\/pl\/przekladnie-harmoniczne\/lcs-g-przekladnie-harmoniczne\/przetworniki-harmonicznych-lcsg-ii\/&#8221; border_color_right=&#8221;#000000&#8243; locked=&#8221;off&#8221; global_colors_info=&#8221;{}&#8221;]<\/p>\n<h3 style=\"text-align: center;\"><span style=\"color: #ff0000;\">Zestaw komponent\u00f3w<\/span><\/h3>\n<p>[\/et_pb_blurb][\/et_pb_column][et_pb_column type=&#8221;1_5&#8243; _builder_version=&#8221;4.21.0&#8243; _module_preset=&#8221;default&#8221; global_colors_info=&#8221;{}&#8221;][et_pb_blurb _builder_version=&#8221;4.21.0&#8243; _module_preset=&#8221;default&#8221; custom_margin=&#8221;||||false|false&#8221; border_color_left=&#8221;#000000&#8243; locked=&#8221;off&#8221; global_colors_info=&#8221;{}&#8221;]<\/p>\n<h4><strong>Przegl\u0105d parametr\u00f3w<\/strong><\/h4>\n<p><strong>Wsp\u00f3\u0142czynnik konwersji:<\/strong><br \/>30, 50, 80,100, 120 a 160*: 1<br \/><strong>Momenty wyj\u015bciowe:<\/strong><br \/>od 2,4 do 708 Nm<br \/><strong>Will na biegu<\/strong>:<br \/>\u2264 10 arcsec \/ \u2264 20 arcsec<br \/><strong>Maks. pr\u0119dko\u015b\u0107 wej\u015bciowa<\/strong>:<br \/>3000 do 8500 obr.<br \/><strong>Rozmiar: LCS<\/strong><br \/>8\/11\/14\/17\/20\/25\/32\/40\/50*\/58*<\/p>\n<p><span style=\"color: #ff0000;\">Seria LCSG<\/span> &#8211; model o wysokim momencie obrotowym<br \/><span style=\"color: #ff0000;\">Seria LCS-P<\/span> &#8211; Model zestawu komponent\u00f3w<\/p>\n<p>[\/et_pb_blurb][\/et_pb_column][\/et_pb_row][et_pb_row disabled_on=&#8221;off|off|on&#8221; _builder_version=&#8221;4.21.0&#8243; _module_preset=&#8221;default&#8221; global_colors_info=&#8221;{}&#8221;][et_pb_column type=&#8221;4_4&#8243; _builder_version=&#8221;4.21.0&#8243; _module_preset=&#8221;default&#8221; global_colors_info=&#8221;{}&#8221;][et_pb_blurb _builder_version=&#8221;4.21.0&#8243; _module_preset=&#8221;default&#8221; custom_margin=&#8221;||||false|false&#8221; border_color_left=&#8221;#000000&#8243; locked=&#8221;off&#8221; global_colors_info=&#8221;{}&#8221;]<\/p>\n<h4><span style=\"color: #ff0000;\"><strong>Przegl\u0105d parametr\u00f3w<\/strong><\/span><\/h4>\n<p><strong>Wsp\u00f3\u0142czynnik konwersji:<\/strong><br \/>\n30, 50, 80,100, 120 a 160*: 1<br \/>\n<strong>Momenty wyj\u015bciowe:<\/strong><br \/>\nod 2,4 do 708 Nm<br \/>\n<strong>Will na biegu<\/strong>:<br \/>\n\u2264 10 arcsec \/ \u2264 20 arcsec<br \/>\n<strong>Maks. pr\u0119dko\u015b\u0107 wej\u015bciowa<\/strong>:<br \/>\n3000 do 8500 obr.<br \/>\n<strong>Rozmiar: LCS<\/strong><br \/>\n8\/11\/14\/17\/20\/25\/32\/40\/50*\/58*<\/p>\n<p><span style=\"color: #ff0000;\">Seria LCSG<\/span> &#8211; model o wysokim momencie obrotowym<br \/>\n<span style=\"color: #ff0000;\">Seria LCS-P<\/span> &#8211; Model zestawu komponent\u00f3w[\/et_pb_blurb][\/et_pb_column][\/et_pb_row][et_pb_row column_structure=&#8221;1_2,1_2&#8243; disabled_on=&#8221;off|off|on&#8221; _builder_version=&#8221;4.21.0&#8243; _module_preset=&#8221;default&#8221; width=&#8221;100%&#8221; global_colors_info=&#8221;{}&#8221;][et_pb_column type=&#8221;1_2&#8243; _builder_version=&#8221;4.21.0&#8243; _module_preset=&#8221;default&#8221; global_colors_info=&#8221;{}&#8221;][et_pb_blurb _builder_version=&#8221;4.21.0&#8243; _module_preset=&#8221;default&#8221; custom_margin=&#8221;||||false|false&#8221; custom_padding=&#8221;||||false|false&#8221; global_colors_info=&#8221;{}&#8221;]<\/p>\n<h2 style=\"text-align: center;\"><a href=\"https:\/\/almer.sk\/harmonicke-prevodovky\/lcs\/lcsg-i\/\"><span style=\"color: #ff0000;\">LCS -I \/ LCSG -I<\/span><\/a><\/h2>\n<p style=\"text-align: center;\"><span style=\"color: #000000;\">bezpo\u015brednie pod\u0142\u0105czenie wa\u0142u wej\u015bciowego<\/span><\/p>\n<p>[\/et_pb_blurb][et_pb_blurb url=&#8221;https:\/\/almer.sk\/harmonicke-prevodovky\/lcs\/lcsg-i\/&#8221; image=&#8221;https:\/\/almer.sk\/wp-content\/uploads\/2023\/07\/1-LCS32_CI_1.png&#8221; alt=&#8221;1 LCS32_CI_1&#8243; image_icon_width=&#8221;45%&#8221; icon_placement_tablet=&#8221;&#8221; icon_placement_phone=&#8221;&#8221; icon_placement_last_edited=&#8221;on|phone&#8221; _builder_version=&#8221;4.21.0&#8243; _module_preset=&#8221;default&#8221; header_text_align=&#8221;center&#8221; width=&#8221;100%&#8221; custom_margin=&#8221;||||true|true&#8221; animation=&#8221;off&#8221; link_option_url=&#8221;https:\/\/almer.sk\/harmonicke-prevodovky\/lcs\/lcsg-i\/&#8221; locked=&#8221;off&#8221; global_colors_info=&#8221;{}&#8221;]<\/p>\n<h3 style=\"text-align: center;\"><span style=\"color: #ff0000;\">Kompletna transmisja<\/span><\/h3>\n<p>[\/et_pb_blurb][et_pb_blurb url=&#8221;https:\/\/almer.sk\/harmonicke-prevodovky\/lcs\/lcsg-i\/&#8221; image=&#8221;https:\/\/almer.sk\/wp-content\/uploads\/2023\/07\/2-LCS11-P-I.png&#8221; alt=&#8221;2 LCS11-P-I&#8221; image_icon_width=&#8221;50%&#8221; image_icon_width_tablet=&#8221;50%&#8221; image_icon_width_phone=&#8221;45%&#8221; image_icon_width_last_edited=&#8221;on|phone&#8221; _builder_version=&#8221;4.21.0&#8243; _module_preset=&#8221;default&#8221; header_text_align=&#8221;center&#8221; width=&#8221;100%&#8221; animation=&#8221;off&#8221; link_option_url=&#8221;https:\/\/almer.sk\/harmonicke-prevodovky\/lcs\/lcsg-i\/&#8221; locked=&#8221;off&#8221; global_colors_info=&#8221;{}&#8221;]<\/p>\n<h3 style=\"text-align: center;\"><span style=\"color: #ff0000;\">Zestaw komponent\u00f3w<\/span><\/h3>\n<p>[\/et_pb_blurb][\/et_pb_column][et_pb_column type=&#8221;1_2&#8243; _builder_version=&#8221;4.21.0&#8243; _module_preset=&#8221;default&#8221; global_colors_info=&#8221;{}&#8221;][et_pb_blurb _builder_version=&#8221;4.21.0&#8243; _module_preset=&#8221;default&#8221; custom_margin=&#8221;||||false|false&#8221; global_colors_info=&#8221;{}&#8221;]<\/p>\n<h2 style=\"text-align: center;\"><a href=\"https:\/\/almer.sk\/pl\/przekladnie-harmoniczne\/lcs-g-przekladnie-harmoniczne\/przetworniki-harmonicznych-lcsg-ii\/\"><span style=\"color: #ff0000;\">LCS -II \/ LCSG -II<\/span><\/a><\/h2>\n<p style=\"text-align: center;\"><span style=\"color: #000000;\">po\u0142\u0105czenie za pomoc\u0105 krzy\u017cowego sprz\u0119g\u0142a \u015blizgowego<\/span><\/p>\n<p>[\/et_pb_blurb][et_pb_blurb url=&#8221;https:\/\/almer.sk\/pl\/przekladnie-harmoniczne\/lcs-g-przekladnie-harmoniczne\/przetworniki-harmonicznych-lcsg-ii\/&#8221; image=&#8221;https:\/\/almer.sk\/wp-content\/uploads\/2023\/07\/3-LCS32_CII_1.png&#8221; alt=&#8221;3 LCS32_CII_1&#8243; image_icon_width=&#8221;50%&#8221; image_icon_width_tablet=&#8221;50%&#8221; image_icon_width_phone=&#8221;45%&#8221; image_icon_width_last_edited=&#8221;on|phone&#8221; _builder_version=&#8221;4.21.0&#8243; _module_preset=&#8221;default&#8221; header_text_align=&#8221;center&#8221; width=&#8221;100%&#8221; animation=&#8221;off&#8221; link_option_url=&#8221;https:\/\/almer.sk\/pl\/przekladnie-harmoniczne\/lcs-g-przekladnie-harmoniczne\/przetworniki-harmonicznych-lcsg-ii\/&#8221; locked=&#8221;off&#8221; global_colors_info=&#8221;{}&#8221;]<\/p>\n<h3 style=\"text-align: center;\"><span style=\"color: #ff0000;\">Kompletna transmisja<\/span><\/h3>\n<p>[\/et_pb_blurb][et_pb_blurb url=&#8221;https:\/\/almer.sk\/pl\/przekladnie-harmoniczne\/lcs-g-przekladnie-harmoniczne\/przetworniki-harmonicznych-lcsg-ii\/&#8221; image=&#8221;https:\/\/almer.sk\/wp-content\/uploads\/2023\/07\/4-LCS11-P-II.png&#8221; alt=&#8221;4 LCS11-P-II&#8221; image_icon_width=&#8221;50%&#8221; image_icon_width_tablet=&#8221;50%&#8221; image_icon_width_phone=&#8221;45%&#8221; image_icon_width_last_edited=&#8221;on|phone&#8221; _builder_version=&#8221;4.21.0&#8243; _module_preset=&#8221;default&#8221; header_text_align=&#8221;center&#8221; width=&#8221;100%&#8221; custom_margin=&#8221;||||false|false&#8221; custom_padding=&#8221;|0px|||false|false&#8221; animation=&#8221;off&#8221; link_option_url=&#8221;https:\/\/almer.sk\/pl\/przekladnie-harmoniczne\/lcs-g-przekladnie-harmoniczne\/przetworniki-harmonicznych-lcsg-ii\/&#8221; border_color_right=&#8221;#000000&#8243; locked=&#8221;off&#8221; global_colors_info=&#8221;{}&#8221;]<\/p>\n<h3 style=\"text-align: center;\"><span style=\"color: #ff0000;\">Zestaw komponent\u00f3w<\/span><\/h3>\n<p>[\/et_pb_blurb][\/et_pb_column][\/et_pb_row][et_pb_row _builder_version=&#8221;4.21.0&#8243; _module_preset=&#8221;default&#8221; global_colors_info=&#8221;{}&#8221;][et_pb_column type=&#8221;4_4&#8243; _builder_version=&#8221;4.21.0&#8243; _module_preset=&#8221;default&#8221; global_colors_info=&#8221;{}&#8221;][et_pb_blurb content_max_width=&#8221;1100px&#8221; _builder_version=&#8221;4.21.0&#8243; _module_preset=&#8221;default&#8221; global_colors_info=&#8221;{}&#8221;]<\/p>\n<table style=\"border-collapse: collapse; width: 100%; height: 69px;\" border=\"1\">\n<tbody>\n<tr style=\"height: 23px;\">\n<td style=\"width: 33.3333%; height: 23px;\">Kompaktowa, lekka konstrukcja<\/td>\n<td style=\"width: 33.3333%; height: 23px;\">Wysoka dok\u0142adno\u015b\u0107<\/td>\n<td style=\"width: 33.3333%; height: 23px;\">Wysoka sztywno\u015b\u0107 okr\u0105\u017ce\u0144<\/td>\n<\/tr>\n<tr style=\"height: 23px;\">\n<td style=\"width: 33.3333%; height: 23px;\">Kompaktowa i prosta konfiguracja<\/td>\n<td style=\"width: 33.3333%; height: 23px;\">Zerowy prze\u015bwit<\/td>\n<td style=\"width: 33.3333%; height: 23px;\">Wysoki moment obrotowy<\/td>\n<\/tr>\n<tr style=\"height: 23px;\">\n<td style=\"width: 33.3333%; height: 23px;\">Prostota &#8211; kompaktowy rozmiar i niewielka waga<\/td>\n<td style=\"width: 33.3333%; height: 23px;\">Wysoka wydajno\u015b\u0107<\/td>\n<td style=\"width: 33.3333%; height: 23px;\">&#8211;<\/td>\n<\/tr>\n<\/tbody>\n<\/table>\n<p>[\/et_pb_blurb][\/et_pb_column][\/et_pb_row][et_pb_row _builder_version=&#8221;4.21.0&#8243; _module_preset=&#8221;default&#8221; global_colors_info=&#8221;{}&#8221;][et_pb_column type=&#8221;4_4&#8243; _builder_version=&#8221;4.21.0&#8243; _module_preset=&#8221;default&#8221; global_colors_info=&#8221;{}&#8221;][et_pb_blurb content_max_width=&#8221;1100px&#8221; _builder_version=&#8221;4.21.0&#8243; _module_preset=&#8221;default&#8221; global_colors_info=&#8221;{}&#8221;]<\/p>\n<ul>\n<li>\u0141o\u017cysko wyj\u015bciowe o wysokiej sztywno\u015bci przechy\u0142u umo\u017cliwia bezpo\u015brednie wprowadzanie du\u017cych obci\u0105\u017ce\u0144 bez dodatkowego podparcia, umo\u017cliwiaj\u0105c w ten spos\u00f3b \u0142atwe i bezpieczne przenoszenie du\u017cych obci\u0105\u017ce\u0144.<br \/>Instalacje oszcz\u0119dzaj\u0105ce miejsce.<\/li>\n<li>Zestaw komponent\u00f3w LCS-XXX-P mo\u017cna bezpo\u015brednio zintegrowa\u0107 z maszynami\/urz\u0105dzeniami.<\/li>\n<li>Dzi\u0119ki precyzji pozycjonowania gwarantowana jest stabilna charakterystyka maszyny z kr\u00f3tkimi czasami cyklu.<\/li>\n<\/ul>\n<p>[\/et_pb_blurb][\/et_pb_column][\/et_pb_row][\/et_pb_section]<\/p>\n","protected":false},"excerpt":{"rendered":"<p>&gt; Strona g\u0142\u00f3wna \/ Przek\u0142adnie \/ Harmoniczne \/ LCSLCS(G) &#8211; Przek\u0142adnie harmoniczne Standardowy FlexsplineLCS -I \/ LCSG -I bezpo\u015brednie pod\u0142\u0105czenie wa\u0142u wej\u015bciowegoKompletne\u00a0 \u00a0przek\u0142adnieZestaw komponent\u00f3wLCS -II \/ LCSG -II po\u0142\u0105czenie za pomoc\u0105 krzy\u017cowego sprz\u0119g\u0142a \u015blizgowegoKompletne przek\u0142adnieZestaw komponent\u00f3wPrzegl\u0105d parametr\u00f3w Wsp\u00f3\u0142czynnik konwersji:30, 50, 80,100, 120 a 160*: 1Momenty wyj\u015bciowe:od 2,4 do 708 NmWill na biegu:\u2264 10 arcsec \/ [&hellip;]<\/p>\n","protected":false},"author":1,"featured_media":0,"parent":5664,"menu_order":0,"comment_status":"closed","ping_status":"closed","template":"","meta":{"_et_pb_use_builder":"on","_et_pb_old_content":"","_et_gb_content_width":"","footnotes":""},"class_list":["post-5833","page","type-page","status-publish","hentry"],"yoast_head":"<!-- This site is optimized with the Yoast SEO plugin v26.6 - https:\/\/yoast.com\/wordpress\/plugins\/seo\/ -->\n<title>LCS (G) - Przek\u0142adnie harmoniczne - Almer.sk<\/title>\n<meta name=\"robots\" content=\"index, follow, max-snippet:-1, max-image-preview:large, max-video-preview:-1\" \/>\n<link rel=\"canonical\" href=\"https:\/\/almer.sk\/pl\/przekladnie-harmoniczne\/lcs-g-przekladnie-harmoniczne\/\" \/>\n<meta property=\"og:locale\" content=\"pl_PL\" \/>\n<meta property=\"og:type\" content=\"article\" \/>\n<meta property=\"og:title\" content=\"LCS (G) - Przek\u0142adnie harmoniczne - Almer.sk\" \/>\n<meta property=\"og:description\" content=\"&gt; Strona g\u0142\u00f3wna \/ Przek\u0142adnie \/ Harmoniczne \/ LCSLCS(G) - Przek\u0142adnie harmoniczne Standardowy FlexsplineLCS -I \/ LCSG -I bezpo\u015brednie pod\u0142\u0105czenie wa\u0142u wej\u015bciowegoKompletne\u00a0 \u00a0przek\u0142adnieZestaw komponent\u00f3wLCS -II \/ LCSG -II po\u0142\u0105czenie za pomoc\u0105 krzy\u017cowego sprz\u0119g\u0142a \u015blizgowegoKompletne przek\u0142adnieZestaw komponent\u00f3wPrzegl\u0105d parametr\u00f3w Wsp\u00f3\u0142czynnik konwersji:30, 50, 80,100, 120 a 160*: 1Momenty wyj\u015bciowe:od 2,4 do 708 NmWill na biegu:\u2264 10 arcsec \/ [&hellip;]\" \/>\n<meta property=\"og:url\" content=\"https:\/\/almer.sk\/pl\/przekladnie-harmoniczne\/lcs-g-przekladnie-harmoniczne\/\" \/>\n<meta property=\"og:site_name\" content=\"Almer.sk\" \/>\n<meta property=\"article:modified_time\" content=\"2024-02-06T15:56:24+00:00\" \/>\n<meta name=\"twitter:card\" content=\"summary_large_image\" \/>\n<meta name=\"twitter:label1\" content=\"Szacowany czas czytania\" \/>\n\t<meta name=\"twitter:data1\" content=\"7 minut\" \/>\n<script type=\"application\/ld+json\" class=\"yoast-schema-graph\">{\"@context\":\"https:\/\/schema.org\",\"@graph\":[{\"@type\":\"WebPage\",\"@id\":\"https:\/\/almer.sk\/pl\/przekladnie-harmoniczne\/lcs-g-przekladnie-harmoniczne\/\",\"url\":\"https:\/\/almer.sk\/pl\/przekladnie-harmoniczne\/lcs-g-przekladnie-harmoniczne\/\",\"name\":\"LCS (G) - Przek\u0142adnie harmoniczne - Almer.sk\",\"isPartOf\":{\"@id\":\"https:\/\/almer.sk\/pl\/#website\"},\"datePublished\":\"2023-07-07T13:36:49+00:00\",\"dateModified\":\"2024-02-06T15:56:24+00:00\",\"breadcrumb\":{\"@id\":\"https:\/\/almer.sk\/pl\/przekladnie-harmoniczne\/lcs-g-przekladnie-harmoniczne\/#breadcrumb\"},\"inLanguage\":\"pl-PL\",\"potentialAction\":[{\"@type\":\"ReadAction\",\"target\":[\"https:\/\/almer.sk\/pl\/przekladnie-harmoniczne\/lcs-g-przekladnie-harmoniczne\/\"]}]},{\"@type\":\"BreadcrumbList\",\"@id\":\"https:\/\/almer.sk\/pl\/przekladnie-harmoniczne\/lcs-g-przekladnie-harmoniczne\/#breadcrumb\",\"itemListElement\":[{\"@type\":\"ListItem\",\"position\":1,\"name\":\"Home\",\"item\":\"https:\/\/almer.sk\/pl\/\"},{\"@type\":\"ListItem\",\"position\":2,\"name\":\"Przek\u0142adnie harmoniczne\",\"item\":\"https:\/\/almer.sk\/pl\/przekladnie-harmoniczne\/\"},{\"@type\":\"ListItem\",\"position\":3,\"name\":\"LCS (G) &#8211; Przek\u0142adnie harmoniczne\"}]},{\"@type\":\"WebSite\",\"@id\":\"https:\/\/almer.sk\/pl\/#website\",\"url\":\"https:\/\/almer.sk\/pl\/\",\"name\":\"Almer.sk\",\"description\":\"Technologick\u00fd l\u00edder v oblasti presn\u00fdch prevodoviek\",\"potentialAction\":[{\"@type\":\"SearchAction\",\"target\":{\"@type\":\"EntryPoint\",\"urlTemplate\":\"https:\/\/almer.sk\/pl\/?s={search_term_string}\"},\"query-input\":{\"@type\":\"PropertyValueSpecification\",\"valueRequired\":true,\"valueName\":\"search_term_string\"}}],\"inLanguage\":\"pl-PL\"}]}<\/script>\n<!-- \/ Yoast SEO plugin. -->","yoast_head_json":{"title":"LCS (G) - Przek\u0142adnie harmoniczne - Almer.sk","robots":{"index":"index","follow":"follow","max-snippet":"max-snippet:-1","max-image-preview":"max-image-preview:large","max-video-preview":"max-video-preview:-1"},"canonical":"https:\/\/almer.sk\/pl\/przekladnie-harmoniczne\/lcs-g-przekladnie-harmoniczne\/","og_locale":"pl_PL","og_type":"article","og_title":"LCS (G) - Przek\u0142adnie harmoniczne - Almer.sk","og_description":"&gt; Strona g\u0142\u00f3wna \/ Przek\u0142adnie \/ Harmoniczne \/ LCSLCS(G) - Przek\u0142adnie harmoniczne Standardowy FlexsplineLCS -I \/ LCSG -I bezpo\u015brednie pod\u0142\u0105czenie wa\u0142u wej\u015bciowegoKompletne\u00a0 \u00a0przek\u0142adnieZestaw komponent\u00f3wLCS -II \/ LCSG -II po\u0142\u0105czenie za pomoc\u0105 krzy\u017cowego sprz\u0119g\u0142a \u015blizgowegoKompletne przek\u0142adnieZestaw komponent\u00f3wPrzegl\u0105d parametr\u00f3w Wsp\u00f3\u0142czynnik konwersji:30, 50, 80,100, 120 a 160*: 1Momenty wyj\u015bciowe:od 2,4 do 708 NmWill na biegu:\u2264 10 arcsec \/ [&hellip;]","og_url":"https:\/\/almer.sk\/pl\/przekladnie-harmoniczne\/lcs-g-przekladnie-harmoniczne\/","og_site_name":"Almer.sk","article_modified_time":"2024-02-06T15:56:24+00:00","twitter_card":"summary_large_image","twitter_misc":{"Szacowany czas czytania":"7 minut"},"schema":{"@context":"https:\/\/schema.org","@graph":[{"@type":"WebPage","@id":"https:\/\/almer.sk\/pl\/przekladnie-harmoniczne\/lcs-g-przekladnie-harmoniczne\/","url":"https:\/\/almer.sk\/pl\/przekladnie-harmoniczne\/lcs-g-przekladnie-harmoniczne\/","name":"LCS (G) - Przek\u0142adnie harmoniczne - Almer.sk","isPartOf":{"@id":"https:\/\/almer.sk\/pl\/#website"},"datePublished":"2023-07-07T13:36:49+00:00","dateModified":"2024-02-06T15:56:24+00:00","breadcrumb":{"@id":"https:\/\/almer.sk\/pl\/przekladnie-harmoniczne\/lcs-g-przekladnie-harmoniczne\/#breadcrumb"},"inLanguage":"pl-PL","potentialAction":[{"@type":"ReadAction","target":["https:\/\/almer.sk\/pl\/przekladnie-harmoniczne\/lcs-g-przekladnie-harmoniczne\/"]}]},{"@type":"BreadcrumbList","@id":"https:\/\/almer.sk\/pl\/przekladnie-harmoniczne\/lcs-g-przekladnie-harmoniczne\/#breadcrumb","itemListElement":[{"@type":"ListItem","position":1,"name":"Home","item":"https:\/\/almer.sk\/pl\/"},{"@type":"ListItem","position":2,"name":"Przek\u0142adnie harmoniczne","item":"https:\/\/almer.sk\/pl\/przekladnie-harmoniczne\/"},{"@type":"ListItem","position":3,"name":"LCS (G) &#8211; Przek\u0142adnie harmoniczne"}]},{"@type":"WebSite","@id":"https:\/\/almer.sk\/pl\/#website","url":"https:\/\/almer.sk\/pl\/","name":"Almer.sk","description":"Technologick\u00fd l\u00edder v oblasti presn\u00fdch prevodoviek","potentialAction":[{"@type":"SearchAction","target":{"@type":"EntryPoint","urlTemplate":"https:\/\/almer.sk\/pl\/?s={search_term_string}"},"query-input":{"@type":"PropertyValueSpecification","valueRequired":true,"valueName":"search_term_string"}}],"inLanguage":"pl-PL"}]}},"_links":{"self":[{"href":"https:\/\/almer.sk\/pl\/wp-json\/wp\/v2\/pages\/5833","targetHints":{"allow":["GET"]}}],"collection":[{"href":"https:\/\/almer.sk\/pl\/wp-json\/wp\/v2\/pages"}],"about":[{"href":"https:\/\/almer.sk\/pl\/wp-json\/wp\/v2\/types\/page"}],"author":[{"embeddable":true,"href":"https:\/\/almer.sk\/pl\/wp-json\/wp\/v2\/users\/1"}],"replies":[{"embeddable":true,"href":"https:\/\/almer.sk\/pl\/wp-json\/wp\/v2\/comments?post=5833"}],"version-history":[{"count":7,"href":"https:\/\/almer.sk\/pl\/wp-json\/wp\/v2\/pages\/5833\/revisions"}],"predecessor-version":[{"id":6759,"href":"https:\/\/almer.sk\/pl\/wp-json\/wp\/v2\/pages\/5833\/revisions\/6759"}],"up":[{"embeddable":true,"href":"https:\/\/almer.sk\/pl\/wp-json\/wp\/v2\/pages\/5664"}],"wp:attachment":[{"href":"https:\/\/almer.sk\/pl\/wp-json\/wp\/v2\/media?parent=5833"}],"curies":[{"name":"wp","href":"https:\/\/api.w.org\/{rel}","templated":true}]}}