{"id":5799,"date":"2023-07-07T07:02:14","date_gmt":"2023-07-07T05:02:14","guid":{"rendered":"https:\/\/almer.sk\/przekladnie-harmoniczne\/zasada-i-innowacja\/"},"modified":"2023-07-28T11:26:19","modified_gmt":"2023-07-28T09:26:19","slug":"zasada-i-innowacja","status":"publish","type":"page","link":"https:\/\/almer.sk\/pl\/przekladnie-harmoniczne\/zasada-i-innowacja\/","title":{"rendered":"Zasada i innowacja"},"content":{"rendered":"<p>[et_pb_section fb_built=&#8221;1&#8243; _builder_version=&#8221;4.21.0&#8243; _module_preset=&#8221;default&#8221; hover_enabled=&#8221;0&#8243; locked=&#8221;off&#8221; global_colors_info=&#8221;{}&#8221; sticky_enabled=&#8221;0&#8243;][et_pb_row _builder_version=&#8221;4.21.0&#8243; _module_preset=&#8221;default&#8221; width=&#8221;90%&#8221; global_colors_info=&#8221;{}&#8221;][et_pb_column type=&#8221;4_4&#8243; _builder_version=&#8221;4.21.0&#8243; _module_preset=&#8221;default&#8221; global_colors_info=&#8221;{}&#8221;][et_pb_blurb content_max_width=&#8221;1100px&#8221; _builder_version=&#8221;4.21.0&#8243; _module_preset=&#8221;default&#8221; body_text_align=&#8221;left&#8221; global_colors_info=&#8221;{}&#8221;]<\/p>\n<p> <a class=\"bread\" href=\"https:\/\/almer.sk\/pl\/\">&gt; Strona g\u0142\u00f3wna<\/a> \/ <a class=\"bread\" href=\"https:\/\/almer.sk\/pl\/przekladnie\/\">Przek\u0142adnie<\/a> \/ Zasada, innowacja<\/p>\n<p>[\/et_pb_blurb][et_pb_blurb content_max_width=&#8221;1100px&#8221; _builder_version=&#8221;4.21.0&#8243; _module_preset=&#8221;default&#8221; header_level=&#8221;h1&#8243; header_font=&#8221;|||on|||||&#8221; body_font=&#8221;|||on|||||&#8221; body_text_align=&#8221;center&#8221; global_colors_info=&#8221;{}&#8221;]<\/p>\n<h1>Zasada <span class=\"cierna\">transmisji harmonicznej<\/span> <\/h1>\n<p>[\/et_pb_blurb][\/et_pb_column][\/et_pb_row][et_pb_row _builder_version=&#8221;4.21.0&#8243; _module_preset=&#8221;default&#8221; hover_enabled=&#8221;0&#8243; global_colors_info=&#8221;{}&#8221; sticky_enabled=&#8221;0&#8243;][et_pb_column type=&#8221;4_4&#8243; _builder_version=&#8221;4.21.0&#8243; _module_preset=&#8221;default&#8221; global_colors_info=&#8221;{}&#8221;][et_pb_blurb content_max_width=&#8221;1100px&#8221; _builder_version=&#8221;4.21.0&#8243; _module_preset=&#8221;default&#8221; header_font=&#8221;||||||||&#8221; body_font=&#8221;||||||||&#8221; body_text_align=&#8221;left&#8221; hover_enabled=&#8221;0&#8243; global_colors_info=&#8221;{}&#8221; sticky_enabled=&#8221;0&#8243;]<\/p>\n<h3 style=\"text-align: left;\"><strong><span style=\"color: #ff0000;\">Element przek\u0142adni harmonicznej<\/span><\/strong><\/h3>\n<p>[\/et_pb_blurb][et_pb_blurb content_max_width=&#8221;1100px&#8221; _builder_version=&#8221;4.21.0&#8243; _module_preset=&#8221;default&#8221; global_colors_info=&#8221;{}&#8221;]<\/p>\n<p><span style=\"color: #ff0000;\">Przek\u0142adnia harmoniczna<\/span> sk\u0142ada si\u0119 z trzech podstawowych cz\u0119\u015bci, tj. generatora fal, Flexspline i Circular spline.<\/p>\n<p><a href=\"https:\/\/almer.sk\/wp-content\/uploads\/2023\/07\/Komponovka-harmonickej-prevodovky.png\"><img loading=\"lazy\" decoding=\"async\" class=\"wp-image-1733 alignnone size-full\" src=\"https:\/\/almer.sk\/wp-content\/uploads\/2023\/07\/Komponovka-harmonickej-prevodovky.png\" alt=\"Element przek\u0142adni harmonicznej\" width=\"545\" height=\"252\" srcset=\"https:\/\/almer.sk\/wp-content\/uploads\/2023\/07\/Komponovka-harmonickej-prevodovky.png 545w, https:\/\/almer.sk\/wp-content\/uploads\/2023\/07\/Komponovka-harmonickej-prevodovky-480x222.png 480w\" sizes=\"(min-width: 0px) and (max-width: 480px) 480px, (min-width: 481px) 545px, 100vw\" \/><\/a><\/p>\n<p><strong><span style=\"color: #ff0000;\">Generator fal (VG)<\/span>:<\/strong> wewn\u0119trzna cz\u0119\u015b\u0107 sk\u0142ada si\u0119 z eliptycznej krzywki, na kt\u00f3rej znajduje si\u0119 specjalne elastyczne \u0142o\u017cysko kulkowe. W wi\u0119kszo\u015bci zastosowa\u0144 VG jest elementem wej\u015bciowym konwersji.<\/p>\n<p><strong><span style=\"color: #ff0000;\">Flexspline (FS)<\/span>:<\/strong> to elastyczna przek\u0142adnia, kt\u00f3ra sk\u0142ada si\u0119 z p\u00f3\u0142zamkni\u0119tego cienko\u015bciennego cylindra z zewn\u0119trznym z\u0119bem na otwartej kraw\u0119dzi. W wi\u0119kszo\u015bci zastosowa\u0144 FS jest elementem wyj\u015bciowym.<\/p>\n<p><span style=\"color: #ff0000;\"><br \/>\n  <strong>Circular Spline (CS)<\/strong><br \/>\n<\/span>Sztywne ko\u0142o z\u0119bate, wewn\u0105trz znajduje si\u0119 z\u0105b, zwykle ma o 2 z\u0119by wi\u0119cej ni\u017c Flexspline. W wi\u0119kszo\u015bci zastosowa\u0144 CS jest zakotwiczony na sta\u0142e i nie jest ruchomym elementem skrzyni bieg\u00f3w.<\/p>\n<p>&nbsp;<\/p>\n<h3><span style=\"color: #ff0000;\"><strong>Zasada dzia\u0142ania przek\u0142adni harmonicznej<\/strong><\/span><\/h3>\n<p>Gdy przek\u0142adnia harmoniczna jest u\u017cywana do redukcji pr\u0119dko\u015bci, generator fal jest aktywny, okr\u0105g\u0142y splajn jest sta\u0142y, a Flexspline jest wyprowadzany.<\/p>\n<p><a href=\"https:\/\/almer.sk\/wp-content\/uploads\/2023\/07\/Princip-harmonickej-prevodovky.png\"><img loading=\"lazy\" decoding=\"async\" class=\"wp-image-1734 alignnone size-full\" src=\"https:\/\/almer.sk\/wp-content\/uploads\/2023\/07\/Princip-harmonickej-prevodovky.png\" alt=\"Zasada dzia\u0142ania przek\u0142adni harmonicznej\" width=\"303\" height=\"207\" srcset=\"https:\/\/almer.sk\/wp-content\/uploads\/2023\/07\/Princip-harmonickej-prevodovky.png 303w, https:\/\/almer.sk\/wp-content\/uploads\/2023\/07\/Princip-harmonickej-prevodovky-300x205.png 300w\" sizes=\"(max-width: 303px) 100vw, 303px\" \/><\/a><\/p>\n<p><a href=\"https:\/\/almer.sk\/wp-content\/uploads\/2023\/07\/Princip-harmonickej-prevodovky.gif\"><img loading=\"lazy\" decoding=\"async\" class=\"wp-image-1736 alignnone size-full\" src=\"https:\/\/almer.sk\/wp-content\/uploads\/2023\/07\/Princip-harmonickej-prevodovky.gif\" alt=\"Zasada dzia\u0142ania przek\u0142adni harmonicznej\" width=\"188\" height=\"187\"><\/a><\/p>\n<p>W stanie zmontowanym eliptyczna krzywka VG jest w\u0142o\u017cona do otwartej cz\u0119\u015bci FS. Flexspline odkszta\u0142ca si\u0119 do owalnego kszta\u0142tu ze wzgl\u0119du na elastyczno\u015b\u0107, a nast\u0119pnie z\u0119by FS w punkcie d\u0142ugiej osi s\u0105 dok\u0142adnie wprowadzane do sztywnego wielowypustu, aby osi\u0105gn\u0105\u0107 pe\u0142ny stan strza\u0142u. Jednocze\u015bnie dwa ko\u0142a z\u0119bate w og\u00f3le nie stykaj\u0105 si\u0119 w punkcie kr\u00f3tkiej osi, innymi s\u0142owy, s\u0105 w pozycji roz\u0142\u0105czonej. W procesie od w\u0142\u0105czenia do wy\u0142\u0105czenia ko\u0142o z\u0119bate z fal\u0105 trakcyjn\u0105 znajduje si\u0119 w stanie w\u0142\u0105czenia lub wy\u0142\u0105czenia.<\/p>\n<p><a href=\"https:\/\/almer.sk\/wp-content\/uploads\/2023\/07\/Princip-harmonickej-prevodovky-2.png\"><img loading=\"lazy\" decoding=\"async\" class=\"wp-image-1732 alignnone size-full\" src=\"https:\/\/almer.sk\/wp-content\/uploads\/2023\/07\/Princip-harmonickej-prevodovky-2.png\" alt=\"Zasada dzia\u0142ania przek\u0142adni harmonicznej\" width=\"741\" height=\"177\" srcset=\"https:\/\/almer.sk\/wp-content\/uploads\/2023\/07\/Princip-harmonickej-prevodovky-2.png 741w, https:\/\/almer.sk\/wp-content\/uploads\/2023\/07\/Princip-harmonickej-prevodovky-2-480x115.png 480w\" sizes=\"(min-width: 0px) and (max-width: 480px) 480px, (min-width: 481px) 741px, 100vw\" \/><\/a><\/p>\n<p>Gdy generator fal stale si\u0119 obraca, flexspline stale si\u0119 odkszta\u0142ca, dwa ko\u0142a z\u0119bate zmieniaj\u0105 sw\u00f3j stan roboczy &#8211; cofaj\u0105c si\u0119, w\u0142\u0105czaj\u0105c, wysuwaj\u0105c i od\u0142\u0105czaj\u0105c, wi\u0119c wyst\u0119puje tak zwany ruch naprzemienny, w ko\u0144cu nast\u0119puje przeniesienie ruchu z generatora fal na flexspline.<\/p>\n<p>&nbsp;<\/p>\n<h3><span style=\"color: #ff0000;\"><strong>Charakterystyka przek\u0142adni harmonicznej<\/strong><\/span><\/h3>\n<p><span style=\"color: #ff0000;\">Wysoka precyzja:<\/span> wiele z\u0119b\u00f3w jednocze\u015bnie zajmuje 180\u00b0 symetrycznie w dw\u00f3ch pozycjach, dlatego b\u0142\u0105d szczeliny z\u0119ba przek\u0142adni i skumulowany b\u0142\u0105d szczeliny z\u0119ba r\u00f3wnomiernie wp\u0142ywaj\u0105 na dok\u0142adno\u015b\u0107 obrotu, a zatem mo\u017cna osi\u0105gn\u0105\u0107 niezwykle wysok\u0105 dok\u0142adno\u015b\u0107 pozycji i obrotu.<\/p>\n<p><span style=\"color: #ff0000;\">Du\u017ce prze\u0142o\u017cenie:<\/span> jednostopniowe prze\u0142o\u017cenie reduktora harmonicznego mo\u017ce osi\u0105gn\u0105\u0107 i=30 do 500, ponadto konstrukcja jest bardzo prosta, a trzy podstawowe cz\u0119\u015bci na tej samej osi mog\u0105 z \u0142atwo\u015bci\u0105 osi\u0105gn\u0105\u0107 wysoki wsp\u00f3\u0142czynnik redukcji.<\/p>\n<p><span style=\"color: #ff0000;\">Wysoka no\u015bno\u015b\u0107:<\/span> w reduktorze harmonicznym zaz\u0119bienie nale\u017cy do kontaktu powierzchniowego, ponadto mo\u017ce on zaz\u0119bia\u0107 stosunkowo wi\u0119cej z\u0119b\u00f3w w tym samym czasie, dlatego powierzchnia jednostki przenosi niewielkie obci\u0105\u017cenie, a no\u015bno\u015b\u0107 jest wy\u017csza ni\u017c w przypadku innych form przek\u0142adni.<\/p>\n<p><span style=\"color: #ff0000;\">Ma\u0142y rozmiar i niewielka waga:<\/span> W por\u00f3wnaniu z konwencjonaln\u0105 przek\u0142adni\u0105, reduktor harmoniczny mo\u017ce znacznie zmniejszy\u0107 rozmiar i wag\u0119, osi\u0105gaj\u0105c w ten spos\u00f3b miniaturyzacj\u0119 i niewielk\u0105 wag\u0119 w produkcji.<\/p>\n<p><span style=\"color: #ff0000;\">Wysoka wydajno\u015b\u0107 transmisji i d\u0142uga \u017cywotno\u015b\u0107.<\/span><\/p>\n<p><span style=\"color: #ff0000;\">P\u0142ynna skrzynia bieg\u00f3w, brak wibracji i niewielki ha\u0142as.<\/span><\/p>\n<p>[\/et_pb_blurb][\/et_pb_column][\/et_pb_row][et_pb_row _builder_version=&#8221;4.21.0&#8243; _module_preset=&#8221;default&#8221; global_colors_info=&#8221;{}&#8221;][et_pb_column type=&#8221;4_4&#8243; _builder_version=&#8221;4.21.0&#8243; _module_preset=&#8221;default&#8221; global_colors_info=&#8221;{}&#8221;][et_pb_blurb _builder_version=&#8221;4.21.0&#8243; _module_preset=&#8221;default&#8221; body_font=&#8221;|||on|||||&#8221; body_text_align=&#8221;center&#8221; custom_margin=&#8221;||-5px||false|false&#8221; hover_enabled=&#8221;0&#8243; global_colors_info=&#8221;{}&#8221; sticky_enabled=&#8221;0&#8243;]<\/p>\n<h3><strong><span style=\"color: #ff0000;\">Nowe spojrzenie na konwersj\u0119 harmoniczn\u0105<\/span><\/strong><\/h3>\n<p>[\/et_pb_blurb][et_pb_blurb _builder_version=&#8221;4.21.0&#8243; _module_preset=&#8221;default&#8221; body_font=&#8221;|||on|||||&#8221; body_text_align=&#8221;center&#8221; custom_margin=&#8221;||-15px||false|false&#8221; hover_enabled=&#8221;0&#8243; global_colors_info=&#8221;{}&#8221; sticky_enabled=&#8221;0&#8243;]<\/p>\n<h3><span style=\"color: #ff0000;\">Innowacyjno\u015b\u0107, zalety techniczne<\/span><\/h3>\n<p>[\/et_pb_blurb][\/et_pb_column][\/et_pb_row][et_pb_row _builder_version=&#8221;4.21.0&#8243; _module_preset=&#8221;default&#8221; global_colors_info=&#8221;{}&#8221;][et_pb_column type=&#8221;4_4&#8243; _builder_version=&#8221;4.21.0&#8243; _module_preset=&#8221;default&#8221; global_colors_info=&#8221;{}&#8221;][et_pb_blurb content_max_width=&#8221;1100px&#8221; _builder_version=&#8221;4.21.0&#8243; _module_preset=&#8221;default&#8221; global_colors_info=&#8221;{}&#8221;]<\/p>\n<p>Tradycyjnie, konstrukcja sztywnych przek\u0142adni sprzedawanych na rynku opiera si\u0119 na teorii sieci sprz\u0119\u017conych (twierdzenie Willisa).<\/p>\n<p>Nasi badacze LD odkryli jednak, \u017ce zaz\u0119bianie si\u0119 k\u00f3\u0142 z\u0119batych z fal\u0105 odkszta\u0142cenia jest bardziej z\u0142o\u017cone. Przek\u0142adni\u0119 harmoniczn\u0105 mo\u017cna dok\u0142adniej opisa\u0107 za pomoc\u0105 teorii geometrycznego odwzorowania krzywej. Dzi\u0119ki uwzgl\u0119dnieniu tej teorii w projekcie, ta opatentowana technologia znacznie poprawi\u0142a sprz\u0119\u017cenie przek\u0142adni z falami ci\u0105gn\u0105cymi, wyr\u00f3\u017cniaj\u0105c produkt na tle konkurencji. Konstrukcja mo\u017ce by\u0107 dalej rozszerzona na sta\u0142e reduktory o wysokim prze\u0142o\u017ceniu dla lepszej dok\u0142adno\u015bci i kontroli.<\/p>\n<p>&nbsp;<\/p>\n<h3><span style=\"color: #ff0000;\"><strong>Profil z\u0119b\u00f3w typu P<\/strong><\/span><\/h3>\n<p><a href=\"https:\/\/almer.sk\/wp-content\/uploads\/2023\/07\/Profil-zubov-P-typ.jpeg\"><img loading=\"lazy\" decoding=\"async\" class=\"wp-image-1735 alignnone size-full\" src=\"https:\/\/almer.sk\/wp-content\/uploads\/2023\/07\/Profil-zubov-P-typ.jpeg\" alt=\"Profil z\u0119b\u00f3w typu P\" width=\"693\" height=\"376\" srcset=\"https:\/\/almer.sk\/wp-content\/uploads\/2023\/07\/Profil-zubov-P-typ.jpeg 693w, https:\/\/almer.sk\/wp-content\/uploads\/2023\/07\/Profil-zubov-P-typ-480x260.jpeg 480w\" sizes=\"(min-width: 0px) and (max-width: 480px) 480px, (min-width: 481px) 693px, 100vw\" \/><\/a><\/p>\n<h3><span style=\"color: #ff0000;\"><strong>Unikalny profil typu P ma znacz\u0105ce zalety w por\u00f3wnaniu z typowym profilem:<\/strong><\/span><\/h3>\n<ul>\n<li>Ni\u017cszy profil zmniejsza napr\u0119\u017cenia zginaj\u0105ce u podstawy, poprawiaj\u0105c moment obrotowy.<\/li>\n<li>Szeroka podstawa z\u0119ba i wydajne przej\u015bcie profilu zmniejsza koncentracj\u0119 napr\u0119\u017ce\u0144 w rdzeniu.<\/li>\n<li>Ni\u017cszy profil zmniejsza przemieszczenie i napr\u0119\u017cenie Flexspline, co skutkuje d\u0142u\u017csz\u0105 \u017cywotno\u015bci\u0105 Flexspline.<\/li>\n<li>Ponad 20%-30% z\u0119b\u00f3w w por\u00f3wnaniu do innych konkurent\u00f3w w kontakcie ze \u015brutem zmniejsza nacisk powierzchniowy.<\/li>\n<\/ul>\n<p>[\/et_pb_blurb][\/et_pb_column][\/et_pb_row][\/et_pb_section]<\/p>\n","protected":false},"excerpt":{"rendered":"<p>&gt; Strona g\u0142\u00f3wna \/ Przek\u0142adnie \/ Zasada, innowacjaZasada transmisji harmonicznej Element przek\u0142adni harmonicznejPrzek\u0142adnia harmoniczna sk\u0142ada si\u0119 z trzech podstawowych cz\u0119\u015bci, tj. generatora fal, Flexspline i Circular spline. Generator fal (VG): wewn\u0119trzna cz\u0119\u015b\u0107 sk\u0142ada si\u0119 z eliptycznej krzywki, na kt\u00f3rej znajduje si\u0119 specjalne elastyczne \u0142o\u017cysko kulkowe. W wi\u0119kszo\u015bci zastosowa\u0144 VG jest elementem wej\u015bciowym konwersji. Flexspline (FS): [&hellip;]<\/p>\n","protected":false},"author":1,"featured_media":0,"parent":5664,"menu_order":0,"comment_status":"closed","ping_status":"closed","template":"","meta":{"_et_pb_use_builder":"on","_et_pb_old_content":"","_et_gb_content_width":"","footnotes":""},"class_list":["post-5799","page","type-page","status-publish","hentry"],"yoast_head":"<!-- This site is optimized with the Yoast SEO plugin v26.6 - https:\/\/yoast.com\/wordpress\/plugins\/seo\/ -->\n<title>Zasada i innowacja - Almer.sk<\/title>\n<meta name=\"robots\" content=\"index, follow, max-snippet:-1, max-image-preview:large, max-video-preview:-1\" \/>\n<link rel=\"canonical\" href=\"https:\/\/almer.sk\/pl\/przekladnie-harmoniczne\/zasada-i-innowacja\/\" \/>\n<meta property=\"og:locale\" content=\"pl_PL\" \/>\n<meta property=\"og:type\" content=\"article\" \/>\n<meta property=\"og:title\" content=\"Zasada i innowacja - Almer.sk\" \/>\n<meta property=\"og:description\" content=\"&gt; Strona g\u0142\u00f3wna \/ Przek\u0142adnie \/ Zasada, innowacjaZasada transmisji harmonicznej Element przek\u0142adni harmonicznejPrzek\u0142adnia harmoniczna sk\u0142ada si\u0119 z trzech podstawowych cz\u0119\u015bci, tj. generatora fal, Flexspline i Circular spline. Generator fal (VG): wewn\u0119trzna cz\u0119\u015b\u0107 sk\u0142ada si\u0119 z eliptycznej krzywki, na kt\u00f3rej znajduje si\u0119 specjalne elastyczne \u0142o\u017cysko kulkowe. W wi\u0119kszo\u015bci zastosowa\u0144 VG jest elementem wej\u015bciowym konwersji. Flexspline (FS): [&hellip;]\" \/>\n<meta property=\"og:url\" content=\"https:\/\/almer.sk\/pl\/przekladnie-harmoniczne\/zasada-i-innowacja\/\" \/>\n<meta property=\"og:site_name\" content=\"Almer.sk\" \/>\n<meta property=\"article:modified_time\" content=\"2023-07-28T09:26:19+00:00\" \/>\n<meta property=\"og:image\" content=\"https:\/\/almer.sk\/wp-content\/uploads\/2023\/07\/Komponovka-harmonickej-prevodovky.png\" \/>\n<meta name=\"twitter:card\" content=\"summary_large_image\" \/>\n<meta name=\"twitter:label1\" content=\"Szacowany czas czytania\" \/>\n\t<meta name=\"twitter:data1\" content=\"5 minut\" \/>\n<script type=\"application\/ld+json\" class=\"yoast-schema-graph\">{\"@context\":\"https:\/\/schema.org\",\"@graph\":[{\"@type\":\"WebPage\",\"@id\":\"https:\/\/almer.sk\/pl\/przekladnie-harmoniczne\/zasada-i-innowacja\/\",\"url\":\"https:\/\/almer.sk\/pl\/przekladnie-harmoniczne\/zasada-i-innowacja\/\",\"name\":\"Zasada i innowacja - Almer.sk\",\"isPartOf\":{\"@id\":\"https:\/\/almer.sk\/pl\/#website\"},\"primaryImageOfPage\":{\"@id\":\"https:\/\/almer.sk\/pl\/przekladnie-harmoniczne\/zasada-i-innowacja\/#primaryimage\"},\"image\":{\"@id\":\"https:\/\/almer.sk\/pl\/przekladnie-harmoniczne\/zasada-i-innowacja\/#primaryimage\"},\"thumbnailUrl\":\"https:\/\/almer.sk\/wp-content\/uploads\/2023\/07\/Komponovka-harmonickej-prevodovky.png\",\"datePublished\":\"2023-07-07T05:02:14+00:00\",\"dateModified\":\"2023-07-28T09:26:19+00:00\",\"breadcrumb\":{\"@id\":\"https:\/\/almer.sk\/pl\/przekladnie-harmoniczne\/zasada-i-innowacja\/#breadcrumb\"},\"inLanguage\":\"pl-PL\",\"potentialAction\":[{\"@type\":\"ReadAction\",\"target\":[\"https:\/\/almer.sk\/pl\/przekladnie-harmoniczne\/zasada-i-innowacja\/\"]}]},{\"@type\":\"ImageObject\",\"inLanguage\":\"pl-PL\",\"@id\":\"https:\/\/almer.sk\/pl\/przekladnie-harmoniczne\/zasada-i-innowacja\/#primaryimage\",\"url\":\"https:\/\/almer.sk\/wp-content\/uploads\/2023\/07\/Komponovka-harmonickej-prevodovky.png\",\"contentUrl\":\"https:\/\/almer.sk\/wp-content\/uploads\/2023\/07\/Komponovka-harmonickej-prevodovky.png\"},{\"@type\":\"BreadcrumbList\",\"@id\":\"https:\/\/almer.sk\/pl\/przekladnie-harmoniczne\/zasada-i-innowacja\/#breadcrumb\",\"itemListElement\":[{\"@type\":\"ListItem\",\"position\":1,\"name\":\"Home\",\"item\":\"https:\/\/almer.sk\/pl\/\"},{\"@type\":\"ListItem\",\"position\":2,\"name\":\"Przek\u0142adnie harmoniczne\",\"item\":\"https:\/\/almer.sk\/pl\/przekladnie-harmoniczne\/\"},{\"@type\":\"ListItem\",\"position\":3,\"name\":\"Zasada i innowacja\"}]},{\"@type\":\"WebSite\",\"@id\":\"https:\/\/almer.sk\/pl\/#website\",\"url\":\"https:\/\/almer.sk\/pl\/\",\"name\":\"Almer.sk\",\"description\":\"Technologick\u00fd l\u00edder v oblasti presn\u00fdch prevodoviek\",\"potentialAction\":[{\"@type\":\"SearchAction\",\"target\":{\"@type\":\"EntryPoint\",\"urlTemplate\":\"https:\/\/almer.sk\/pl\/?s={search_term_string}\"},\"query-input\":{\"@type\":\"PropertyValueSpecification\",\"valueRequired\":true,\"valueName\":\"search_term_string\"}}],\"inLanguage\":\"pl-PL\"}]}<\/script>\n<!-- \/ Yoast SEO plugin. -->","yoast_head_json":{"title":"Zasada i innowacja - Almer.sk","robots":{"index":"index","follow":"follow","max-snippet":"max-snippet:-1","max-image-preview":"max-image-preview:large","max-video-preview":"max-video-preview:-1"},"canonical":"https:\/\/almer.sk\/pl\/przekladnie-harmoniczne\/zasada-i-innowacja\/","og_locale":"pl_PL","og_type":"article","og_title":"Zasada i innowacja - Almer.sk","og_description":"&gt; Strona g\u0142\u00f3wna \/ Przek\u0142adnie \/ Zasada, innowacjaZasada transmisji harmonicznej Element przek\u0142adni harmonicznejPrzek\u0142adnia harmoniczna sk\u0142ada si\u0119 z trzech podstawowych cz\u0119\u015bci, tj. generatora fal, Flexspline i Circular spline. Generator fal (VG): wewn\u0119trzna cz\u0119\u015b\u0107 sk\u0142ada si\u0119 z eliptycznej krzywki, na kt\u00f3rej znajduje si\u0119 specjalne elastyczne \u0142o\u017cysko kulkowe. W wi\u0119kszo\u015bci zastosowa\u0144 VG jest elementem wej\u015bciowym konwersji. Flexspline (FS): [&hellip;]","og_url":"https:\/\/almer.sk\/pl\/przekladnie-harmoniczne\/zasada-i-innowacja\/","og_site_name":"Almer.sk","article_modified_time":"2023-07-28T09:26:19+00:00","og_image":[{"url":"https:\/\/almer.sk\/wp-content\/uploads\/2023\/07\/Komponovka-harmonickej-prevodovky.png","type":"","width":"","height":""}],"twitter_card":"summary_large_image","twitter_misc":{"Szacowany czas czytania":"5 minut"},"schema":{"@context":"https:\/\/schema.org","@graph":[{"@type":"WebPage","@id":"https:\/\/almer.sk\/pl\/przekladnie-harmoniczne\/zasada-i-innowacja\/","url":"https:\/\/almer.sk\/pl\/przekladnie-harmoniczne\/zasada-i-innowacja\/","name":"Zasada i innowacja - Almer.sk","isPartOf":{"@id":"https:\/\/almer.sk\/pl\/#website"},"primaryImageOfPage":{"@id":"https:\/\/almer.sk\/pl\/przekladnie-harmoniczne\/zasada-i-innowacja\/#primaryimage"},"image":{"@id":"https:\/\/almer.sk\/pl\/przekladnie-harmoniczne\/zasada-i-innowacja\/#primaryimage"},"thumbnailUrl":"https:\/\/almer.sk\/wp-content\/uploads\/2023\/07\/Komponovka-harmonickej-prevodovky.png","datePublished":"2023-07-07T05:02:14+00:00","dateModified":"2023-07-28T09:26:19+00:00","breadcrumb":{"@id":"https:\/\/almer.sk\/pl\/przekladnie-harmoniczne\/zasada-i-innowacja\/#breadcrumb"},"inLanguage":"pl-PL","potentialAction":[{"@type":"ReadAction","target":["https:\/\/almer.sk\/pl\/przekladnie-harmoniczne\/zasada-i-innowacja\/"]}]},{"@type":"ImageObject","inLanguage":"pl-PL","@id":"https:\/\/almer.sk\/pl\/przekladnie-harmoniczne\/zasada-i-innowacja\/#primaryimage","url":"https:\/\/almer.sk\/wp-content\/uploads\/2023\/07\/Komponovka-harmonickej-prevodovky.png","contentUrl":"https:\/\/almer.sk\/wp-content\/uploads\/2023\/07\/Komponovka-harmonickej-prevodovky.png"},{"@type":"BreadcrumbList","@id":"https:\/\/almer.sk\/pl\/przekladnie-harmoniczne\/zasada-i-innowacja\/#breadcrumb","itemListElement":[{"@type":"ListItem","position":1,"name":"Home","item":"https:\/\/almer.sk\/pl\/"},{"@type":"ListItem","position":2,"name":"Przek\u0142adnie harmoniczne","item":"https:\/\/almer.sk\/pl\/przekladnie-harmoniczne\/"},{"@type":"ListItem","position":3,"name":"Zasada i innowacja"}]},{"@type":"WebSite","@id":"https:\/\/almer.sk\/pl\/#website","url":"https:\/\/almer.sk\/pl\/","name":"Almer.sk","description":"Technologick\u00fd l\u00edder v oblasti presn\u00fdch prevodoviek","potentialAction":[{"@type":"SearchAction","target":{"@type":"EntryPoint","urlTemplate":"https:\/\/almer.sk\/pl\/?s={search_term_string}"},"query-input":{"@type":"PropertyValueSpecification","valueRequired":true,"valueName":"search_term_string"}}],"inLanguage":"pl-PL"}]}},"_links":{"self":[{"href":"https:\/\/almer.sk\/pl\/wp-json\/wp\/v2\/pages\/5799","targetHints":{"allow":["GET"]}}],"collection":[{"href":"https:\/\/almer.sk\/pl\/wp-json\/wp\/v2\/pages"}],"about":[{"href":"https:\/\/almer.sk\/pl\/wp-json\/wp\/v2\/types\/page"}],"author":[{"embeddable":true,"href":"https:\/\/almer.sk\/pl\/wp-json\/wp\/v2\/users\/1"}],"replies":[{"embeddable":true,"href":"https:\/\/almer.sk\/pl\/wp-json\/wp\/v2\/comments?post=5799"}],"version-history":[{"count":6,"href":"https:\/\/almer.sk\/pl\/wp-json\/wp\/v2\/pages\/5799\/revisions"}],"predecessor-version":[{"id":5992,"href":"https:\/\/almer.sk\/pl\/wp-json\/wp\/v2\/pages\/5799\/revisions\/5992"}],"up":[{"embeddable":true,"href":"https:\/\/almer.sk\/pl\/wp-json\/wp\/v2\/pages\/5664"}],"wp:attachment":[{"href":"https:\/\/almer.sk\/pl\/wp-json\/wp\/v2\/media?parent=5799"}],"curies":[{"name":"wp","href":"https:\/\/api.w.org\/{rel}","templated":true}]}}