{"id":5688,"date":"2023-06-15T08:52:05","date_gmt":"2023-06-15T06:52:05","guid":{"rendered":"https:\/\/almer.sk\/silowniki-obrotowe\/"},"modified":"2023-08-31T11:02:44","modified_gmt":"2023-08-31T09:02:44","slug":"silowniki-obrotowe","status":"publish","type":"page","link":"https:\/\/almer.sk\/pl\/silowniki-obrotowe\/","title":{"rendered":"Si\u0142owniki obrotowe"},"content":{"rendered":"<p>[et_pb_section fb_built=&#8221;1&#8243; admin_label=&#8221;Section&#8221; _builder_version=&#8221;4.21.0&#8243; _module_preset=&#8221;default&#8221; locked=&#8221;off&#8221; global_colors_info=&#8221;{}&#8221;][et_pb_row _builder_version=&#8221;4.21.0&#8243; _module_preset=&#8221;default&#8221; width=&#8221;90%&#8221; global_colors_info=&#8221;{}&#8221;][et_pb_column type=&#8221;4_4&#8243; _builder_version=&#8221;4.21.0&#8243; _module_preset=&#8221;default&#8221; global_colors_info=&#8221;{}&#8221;][et_pb_blurb content_max_width=&#8221;1100px&#8221; _builder_version=&#8221;4.21.0&#8243; _module_preset=&#8221;default&#8221; body_text_align=&#8221;left&#8221; global_colors_info=&#8221;{}&#8221;]<\/p>\n<p style=\"text-align: left;\"> <a class=\"bread\" href=\"https:\/\/almer.sk\/pl\/\">&lt; Strona g\u0142\u00f3wna<\/a> \/ Si\u0142owniki<\/p>\n<p>[\/et_pb_blurb][et_pb_blurb _builder_version=&#8221;4.21.0&#8243; _module_preset=&#8221;default&#8221; header_level=&#8221;h1&#8243; header_font=&#8221;|||on|||||&#8221; body_font=&#8221;|||on|||||&#8221; body_text_align=&#8221;center&#8221; global_colors_info=&#8221;{}&#8221;]<\/p>\n<h1><span class=\"cierna\">Obrotowe<\/span> si\u0142owniki <span class=\"cierna\">harmoniczne<\/span> <\/h1>\n<p>[\/et_pb_blurb][\/et_pb_column][\/et_pb_row][et_pb_row column_structure=&#8221;1_4,1_4,1_4,1_4&#8243; _builder_version=&#8221;4.21.0&#8243; _module_preset=&#8221;default&#8221; custom_margin=&#8221;20px||||false|false&#8221; global_colors_info=&#8221;{}&#8221;][et_pb_column type=&#8221;1_4&#8243; _builder_version=&#8221;4.21.0&#8243; _module_preset=&#8221;default&#8221; global_colors_info=&#8221;{}&#8221;][et_pb_blurb url=&#8221;https:\/\/almer.sk\/pl\/silowniki-obrotowe\/aah-silowniki-obrotowe\/&#8221; image=&#8221;https:\/\/almer.sk\/wp-content\/uploads\/2023\/06\/actuator-KAH.gif&#8221; alt=&#8221;si\u0142ownik-KAH&#8221; _builder_version=&#8221;4.21.0&#8243; _module_preset=&#8221;default&#8221; width=&#8221;100%&#8221; max_width=&#8221;100%&#8221; module_alignment=&#8221;center&#8221; custom_margin=&#8221;||||false|false&#8221; animation=&#8221;off&#8221; link_option_url=&#8221;https:\/\/almer.sk\/pl\/silowniki-obrotowe\/aah-silowniki-obrotowe\/&#8221; global_colors_info=&#8221;{}&#8221;]<\/p>\n<h3 style=\"text-align: center;\">Seria <span class=\"cervena\">AAH<\/span> <\/h3>\n<p>[\/et_pb_blurb][\/et_pb_column][et_pb_column type=&#8221;1_4&#8243; _builder_version=&#8221;4.21.0&#8243; _module_preset=&#8221;default&#8221; global_colors_info=&#8221;{}&#8221;][et_pb_blurb image=&#8221;https:\/\/almer.sk\/wp-content\/uploads\/2023\/06\/actuator-KAT.gif&#8221; alt=&#8221;si\u0142ownik-KAT&#8221; _builder_version=&#8221;4.21.0&#8243; _module_preset=&#8221;default&#8221; width=&#8221;100%&#8221; max_width=&#8221;100%&#8221; module_alignment=&#8221;center&#8221; custom_margin=&#8221;||||false|false&#8221; animation=&#8221;off&#8221; hover_enabled=&#8221;0&#8243; global_colors_info=&#8221;{}&#8221; url=&#8221;https:\/\/almer.sk\/pl\/silowniki-obrotowe\/aat-silowniki-obrotowe\/&#8221; link_option_url=&#8221;https:\/\/almer.sk\/pl\/silowniki-obrotowe\/aat-silowniki-obrotowe\/&#8221; sticky_enabled=&#8221;0&#8243;]<\/p>\n<h3 style=\"text-align: center;\">Seria <span class=\"cervena\">AAT<\/span> <\/h3>\n<p>[\/et_pb_blurb][\/et_pb_column][et_pb_column type=&#8221;1_4&#8243; _builder_version=&#8221;4.21.0&#8243; _module_preset=&#8221;default&#8221; global_colors_info=&#8221;{}&#8221;][et_pb_blurb url=&#8221;https:\/\/almer.sk\/pl\/silowniki-obrotowe\/aas-silowniki-obrotowe\/&#8221; image=&#8221;https:\/\/almer.sk\/wp-content\/uploads\/2023\/06\/actuator-KAS.gif&#8221; alt=&#8221;si\u0142ownik-KAS&#8221; _builder_version=&#8221;4.21.0&#8243; _module_preset=&#8221;default&#8221; width=&#8221;100%&#8221; max_width=&#8221;100%&#8221; module_alignment=&#8221;center&#8221; custom_margin=&#8221;||||false|false&#8221; animation=&#8221;off&#8221; link_option_url=&#8221;https:\/\/almer.sk\/pl\/silowniki-obrotowe\/aas-silowniki-obrotowe\/&#8221; global_colors_info=&#8221;{}&#8221;]<\/p>\n<h3 style=\"text-align: center;\">Seria <span class=\"cervena\">AAS<\/span> <\/h3>\n<p>[\/et_pb_blurb][\/et_pb_column][et_pb_column type=&#8221;1_4&#8243; _builder_version=&#8221;4.21.0&#8243; _module_preset=&#8221;default&#8221; global_colors_info=&#8221;{}&#8221;][et_pb_blurb url=&#8221;https:\/\/almer.sk\/pl\/silowniki-obrotowe\/agm-silowniki-obrotowe\/&#8221; image=&#8221;https:\/\/almer.sk\/wp-content\/uploads\/2023\/06\/actuator-KGM.gif&#8221; alt=&#8221;si\u0142ownik-KGM&#8221; _builder_version=&#8221;4.21.0&#8243; _module_preset=&#8221;default&#8221; width=&#8221;100%&#8221; max_width=&#8221;100%&#8221; module_alignment=&#8221;center&#8221; custom_margin=&#8221;||||false|false&#8221; animation=&#8221;off&#8221; link_option_url=&#8221;https:\/\/almer.sk\/pl\/silowniki-obrotowe\/agm-silowniki-obrotowe\/&#8221; global_colors_info=&#8221;{}&#8221;]<\/p>\n<h3 style=\"text-align: center;\">Seria <span class=\"cervena\">AGM<\/span> <\/h3>\n<p>[\/et_pb_blurb][\/et_pb_column][\/et_pb_row][et_pb_row admin_label=&#8221;Rz\u0105d&#8221; _builder_version=&#8221;4.21.0&#8243; _module_preset=&#8221;default&#8221; global_colors_info=&#8221;{}&#8221;][et_pb_column type=&#8221;4_4&#8243; _builder_version=&#8221;4.21.0&#8243; _module_preset=&#8221;default&#8221; global_colors_info=&#8221;{}&#8221;][et_pb_blurb content_max_width=&#8221;1100px&#8221; _builder_version=&#8221;4.21.0&#8243; _module_preset=&#8221;default&#8221; global_colors_info=&#8221;{}&#8221;]<\/p>\n<p><span style=\"color: #ff0000;\"><br \/>\n  <strong>Zintegrowane si\u0142owniki harmoniczne<\/strong><br \/>\n<\/span> zapewniaj\u0105 <span style=\"color: #ff0000;\">wysoki moment obrotowy do 800 Nm<\/span> i <span style=\"color: #ff0000;\">precyzyjne sterowanie obrotowe<\/span>. Dzi\u0119ki zintegrowanej konstrukcji, technikom przetwarzania i monta\u017cu, zosta\u0142 zaprojektowany i wyprodukowany jako kompaktowe rozwi\u0105zanie typu &#8222;wszystko w jednym&#8221;: tj. wysoce precyzyjna bezluzowa <span style=\"color: #ff0000;\">przek\u0142adnia harmoniczna<\/span> ze zintegrowanym ramowym <span style=\"color: #ff0000;\">silnikiem momentowym<\/span>, wa\u0142em dr\u0105\u017conym, <span style=\"color: #ff0000;\">enkoderem absolutnym lub inkrementalnym<\/span> o wysokiej rozdzielczo\u015bci, opcjonalnie zintegrowanym <span style=\"color: #ff0000;\">hamulcem<\/span> i inteligentnym enkoderem.<\/p>\n<p>Dost\u0119pne s\u0105 cztery r\u00f3\u017cne serie dostosowane do r\u00f3\u017cnych potrzeb i zastosowa\u0144 przemys\u0142owych:<\/p>\n<p><span style=\"color: #ff0000;\">Serie <strong>AAH i AAT<\/strong><\/span> z wydr\u0105\u017conym wa\u0142em zapewniaj\u0105 oszcz\u0119dno\u015b\u0107 miejsca i bezproblemow\u0105 obs\u0142ug\u0119 kabli;<\/p>\n<p><span style=\"color: #ff0000;\">Seria <strong>AAS<\/strong><\/span> z pe\u0142n\u0105 konstrukcj\u0105 wa\u0142u;<\/p>\n<p><span style=\"color: #ff0000;\">Seria <strong>AGM<\/strong><\/span> z wa\u0142em dr\u0105\u017conym, ze zintegrowan\u0105 elektronik\u0105<span style=\"color: #ff0000;\">(EtherCAT lub CANOpen<\/span>) do sterowania po\u0142o\u017ceniem, pr\u0119dko\u015bci\u0105 i momentem obrotowym &#8211; wszystko w jednym.<\/p>\n<p>Nasze zintegrowane silniki z przek\u0142adni\u0105 harmoniczn\u0105 mog\u0105 pracowa\u0107 przy standardowym napi\u0119ciu wej\u015bciowym <span style=\"color: #ff0000;\">48VDC, 110VAC lub 220VAC<\/span>.<\/p>\n<p>Dalsze opcje dostosowywania: uzwojenia i szereg danych technicznych (takich jak momenty obrotowe, pr\u0119dko\u015bci itp.) mo\u017cna r\u00f3wnie\u017c dostosowa\u0107 na \u017c\u0105danie.<\/p>\n<p>[\/et_pb_blurb][\/et_pb_column][\/et_pb_row][\/et_pb_section]<\/p>\n","protected":false},"excerpt":{"rendered":"<p>&lt; Strona g\u0142\u00f3wna \/ Si\u0142ownikiObrotowe si\u0142owniki harmoniczne Seria AAH Seria AAT Seria AAS Seria AGM Zintegrowane si\u0142owniki harmoniczne zapewniaj\u0105 wysoki moment obrotowy do 800 Nm i precyzyjne sterowanie obrotowe. Dzi\u0119ki zintegrowanej konstrukcji, technikom przetwarzania i monta\u017cu, zosta\u0142 zaprojektowany i wyprodukowany jako kompaktowe rozwi\u0105zanie typu &#8222;wszystko w jednym&#8221;: tj. wysoce precyzyjna bezluzowa przek\u0142adnia harmoniczna ze zintegrowanym [&hellip;]<\/p>\n","protected":false},"author":1,"featured_media":0,"parent":0,"menu_order":0,"comment_status":"closed","ping_status":"closed","template":"","meta":{"_et_pb_use_builder":"on","_et_pb_old_content":"","_et_gb_content_width":"","footnotes":""},"class_list":["post-5688","page","type-page","status-publish","hentry"],"yoast_head":"<!-- This site is optimized with the Yoast SEO plugin v26.6 - https:\/\/yoast.com\/wordpress\/plugins\/seo\/ -->\n<title>Si\u0142owniki obrotowe - Almer.sk<\/title>\n<meta name=\"robots\" content=\"index, follow, max-snippet:-1, max-image-preview:large, max-video-preview:-1\" \/>\n<link rel=\"canonical\" href=\"https:\/\/almer.sk\/pl\/silowniki-obrotowe\/\" \/>\n<meta property=\"og:locale\" content=\"pl_PL\" \/>\n<meta property=\"og:type\" content=\"article\" \/>\n<meta property=\"og:title\" content=\"Si\u0142owniki obrotowe - Almer.sk\" \/>\n<meta property=\"og:description\" content=\"&lt; Strona g\u0142\u00f3wna \/ Si\u0142ownikiObrotowe si\u0142owniki harmoniczne Seria AAH Seria AAT Seria AAS Seria AGM Zintegrowane si\u0142owniki harmoniczne zapewniaj\u0105 wysoki moment obrotowy do 800 Nm i precyzyjne sterowanie obrotowe. Dzi\u0119ki zintegrowanej konstrukcji, technikom przetwarzania i monta\u017cu, zosta\u0142 zaprojektowany i wyprodukowany jako kompaktowe rozwi\u0105zanie typu &quot;wszystko w jednym&quot;: tj. wysoce precyzyjna bezluzowa przek\u0142adnia harmoniczna ze zintegrowanym [&hellip;]\" \/>\n<meta property=\"og:url\" content=\"https:\/\/almer.sk\/pl\/silowniki-obrotowe\/\" \/>\n<meta property=\"og:site_name\" content=\"Almer.sk\" \/>\n<meta property=\"article:modified_time\" content=\"2023-08-31T09:02:44+00:00\" \/>\n<meta name=\"twitter:card\" content=\"summary_large_image\" \/>\n<meta name=\"twitter:label1\" content=\"Szacowany czas czytania\" \/>\n\t<meta name=\"twitter:data1\" content=\"3 minuty\" \/>\n<script type=\"application\/ld+json\" class=\"yoast-schema-graph\">{\"@context\":\"https:\/\/schema.org\",\"@graph\":[{\"@type\":\"WebPage\",\"@id\":\"https:\/\/almer.sk\/pl\/silowniki-obrotowe\/\",\"url\":\"https:\/\/almer.sk\/pl\/silowniki-obrotowe\/\",\"name\":\"Si\u0142owniki obrotowe - Almer.sk\",\"isPartOf\":{\"@id\":\"https:\/\/almer.sk\/pl\/#website\"},\"datePublished\":\"2023-06-15T06:52:05+00:00\",\"dateModified\":\"2023-08-31T09:02:44+00:00\",\"breadcrumb\":{\"@id\":\"https:\/\/almer.sk\/pl\/silowniki-obrotowe\/#breadcrumb\"},\"inLanguage\":\"pl-PL\",\"potentialAction\":[{\"@type\":\"ReadAction\",\"target\":[\"https:\/\/almer.sk\/pl\/silowniki-obrotowe\/\"]}]},{\"@type\":\"BreadcrumbList\",\"@id\":\"https:\/\/almer.sk\/pl\/silowniki-obrotowe\/#breadcrumb\",\"itemListElement\":[{\"@type\":\"ListItem\",\"position\":1,\"name\":\"Home\",\"item\":\"https:\/\/almer.sk\/pl\/\"},{\"@type\":\"ListItem\",\"position\":2,\"name\":\"Si\u0142owniki obrotowe\"}]},{\"@type\":\"WebSite\",\"@id\":\"https:\/\/almer.sk\/pl\/#website\",\"url\":\"https:\/\/almer.sk\/pl\/\",\"name\":\"Almer.sk\",\"description\":\"Technologick\u00fd l\u00edder v oblasti presn\u00fdch prevodoviek\",\"potentialAction\":[{\"@type\":\"SearchAction\",\"target\":{\"@type\":\"EntryPoint\",\"urlTemplate\":\"https:\/\/almer.sk\/pl\/?s={search_term_string}\"},\"query-input\":{\"@type\":\"PropertyValueSpecification\",\"valueRequired\":true,\"valueName\":\"search_term_string\"}}],\"inLanguage\":\"pl-PL\"}]}<\/script>\n<!-- \/ Yoast SEO plugin. -->","yoast_head_json":{"title":"Si\u0142owniki obrotowe - Almer.sk","robots":{"index":"index","follow":"follow","max-snippet":"max-snippet:-1","max-image-preview":"max-image-preview:large","max-video-preview":"max-video-preview:-1"},"canonical":"https:\/\/almer.sk\/pl\/silowniki-obrotowe\/","og_locale":"pl_PL","og_type":"article","og_title":"Si\u0142owniki obrotowe - Almer.sk","og_description":"&lt; Strona g\u0142\u00f3wna \/ Si\u0142ownikiObrotowe si\u0142owniki harmoniczne Seria AAH Seria AAT Seria AAS Seria AGM Zintegrowane si\u0142owniki harmoniczne zapewniaj\u0105 wysoki moment obrotowy do 800 Nm i precyzyjne sterowanie obrotowe. Dzi\u0119ki zintegrowanej konstrukcji, technikom przetwarzania i monta\u017cu, zosta\u0142 zaprojektowany i wyprodukowany jako kompaktowe rozwi\u0105zanie typu \"wszystko w jednym\": tj. wysoce precyzyjna bezluzowa przek\u0142adnia harmoniczna ze zintegrowanym [&hellip;]","og_url":"https:\/\/almer.sk\/pl\/silowniki-obrotowe\/","og_site_name":"Almer.sk","article_modified_time":"2023-08-31T09:02:44+00:00","twitter_card":"summary_large_image","twitter_misc":{"Szacowany czas czytania":"3 minuty"},"schema":{"@context":"https:\/\/schema.org","@graph":[{"@type":"WebPage","@id":"https:\/\/almer.sk\/pl\/silowniki-obrotowe\/","url":"https:\/\/almer.sk\/pl\/silowniki-obrotowe\/","name":"Si\u0142owniki obrotowe - Almer.sk","isPartOf":{"@id":"https:\/\/almer.sk\/pl\/#website"},"datePublished":"2023-06-15T06:52:05+00:00","dateModified":"2023-08-31T09:02:44+00:00","breadcrumb":{"@id":"https:\/\/almer.sk\/pl\/silowniki-obrotowe\/#breadcrumb"},"inLanguage":"pl-PL","potentialAction":[{"@type":"ReadAction","target":["https:\/\/almer.sk\/pl\/silowniki-obrotowe\/"]}]},{"@type":"BreadcrumbList","@id":"https:\/\/almer.sk\/pl\/silowniki-obrotowe\/#breadcrumb","itemListElement":[{"@type":"ListItem","position":1,"name":"Home","item":"https:\/\/almer.sk\/pl\/"},{"@type":"ListItem","position":2,"name":"Si\u0142owniki obrotowe"}]},{"@type":"WebSite","@id":"https:\/\/almer.sk\/pl\/#website","url":"https:\/\/almer.sk\/pl\/","name":"Almer.sk","description":"Technologick\u00fd l\u00edder v oblasti presn\u00fdch prevodoviek","potentialAction":[{"@type":"SearchAction","target":{"@type":"EntryPoint","urlTemplate":"https:\/\/almer.sk\/pl\/?s={search_term_string}"},"query-input":{"@type":"PropertyValueSpecification","valueRequired":true,"valueName":"search_term_string"}}],"inLanguage":"pl-PL"}]}},"_links":{"self":[{"href":"https:\/\/almer.sk\/pl\/wp-json\/wp\/v2\/pages\/5688","targetHints":{"allow":["GET"]}}],"collection":[{"href":"https:\/\/almer.sk\/pl\/wp-json\/wp\/v2\/pages"}],"about":[{"href":"https:\/\/almer.sk\/pl\/wp-json\/wp\/v2\/types\/page"}],"author":[{"embeddable":true,"href":"https:\/\/almer.sk\/pl\/wp-json\/wp\/v2\/users\/1"}],"replies":[{"embeddable":true,"href":"https:\/\/almer.sk\/pl\/wp-json\/wp\/v2\/comments?post=5688"}],"version-history":[{"count":4,"href":"https:\/\/almer.sk\/pl\/wp-json\/wp\/v2\/pages\/5688\/revisions"}],"predecessor-version":[{"id":6512,"href":"https:\/\/almer.sk\/pl\/wp-json\/wp\/v2\/pages\/5688\/revisions\/6512"}],"wp:attachment":[{"href":"https:\/\/almer.sk\/pl\/wp-json\/wp\/v2\/media?parent=5688"}],"curies":[{"name":"wp","href":"https:\/\/api.w.org\/{rel}","templated":true}]}}