{"id":5680,"date":"2023-06-20T08:18:49","date_gmt":"2023-06-20T06:18:49","guid":{"rendered":"https:\/\/almer.sk\/stoly-obrotowe-cnc\/gramofony-4-os\/"},"modified":"2023-09-05T06:16:17","modified_gmt":"2023-09-05T04:16:17","slug":"stoly-obrotowe-cnc-4-os","status":"publish","type":"page","link":"https:\/\/almer.sk\/pl\/stoly-obrotowe-cnc\/stoly-obrotowe-cnc-4-os\/","title":{"rendered":"Gramofony 4. o\u015b"},"content":{"rendered":"<p>[et_pb_section fb_built=&#8221;1&#8243; _builder_version=&#8221;4.21.0&#8243; _module_preset=&#8221;default&#8221; global_colors_info=&#8221;{}&#8221;][et_pb_row _builder_version=&#8221;4.21.0&#8243; _module_preset=&#8221;default&#8221; global_colors_info=&#8221;{}&#8221;][et_pb_column type=&#8221;4_4&#8243; _builder_version=&#8221;4.21.0&#8243; _module_preset=&#8221;default&#8221; global_colors_info=&#8221;{}&#8221;][et_pb_blurb content_max_width=&#8221;1100px&#8221; _builder_version=&#8221;4.21.0&#8243; _module_preset=&#8221;default&#8221; body_text_align=&#8221;left&#8221; global_colors_info=&#8221;{}&#8221;]<\/p>\n<p> <a class=\"bread\" href=\"https:\/\/almer.sk\/pl\/\">&gt; Strona g\u0142\u00f3wna<\/a> \/ <a class=\"bread\" href=\"https:\/\/almer.sk\/pl\/stoly-obrotowe-cnc\/\">Sto\u0142y obrotowe<\/a> \/ 4. o\u015b<\/p>\n<p>[\/et_pb_blurb][et_pb_blurb content_max_width=&#8221;1100px&#8221; _builder_version=&#8221;4.21.0&#8243; _module_preset=&#8221;default&#8221; header_level=&#8221;h1&#8243; header_font=&#8221;|||on|||||&#8221; body_font=&#8221;|||on|||||&#8221; body_text_align=&#8221;center&#8221; body_line_height=&#8221;1.6em&#8221; global_colors_info=&#8221;{}&#8221;]<\/p>\n<h1><span class=\"cierna\">Sto\u0142y obrotowe CNC &#8211; pozycjonery<\/span> &#8211; 4. o\u015b<\/h1>\n<p>[\/et_pb_blurb][\/et_pb_column][\/et_pb_row][et_pb_row _builder_version=&#8221;4.21.0&#8243; _module_preset=&#8221;default&#8221; global_colors_info=&#8221;{}&#8221;][et_pb_column type=&#8221;4_4&#8243; _builder_version=&#8221;4.21.0&#8243; _module_preset=&#8221;default&#8221; global_colors_info=&#8221;{}&#8221;][\/et_pb_column][\/et_pb_row][et_pb_row column_structure=&#8221;1_2,1_2&#8243; _builder_version=&#8221;4.21.0&#8243; _module_preset=&#8221;default&#8221; global_colors_info=&#8221;{}&#8221;][et_pb_column type=&#8221;1_2&#8243; _builder_version=&#8221;4.21.0&#8243; _module_preset=&#8221;default&#8221; global_colors_info=&#8221;{}&#8221;][et_pb_blurb image=&#8221;https:\/\/almer.sk\/wp-content\/uploads\/2023\/06\/KCR-320-4th-axis.png&#8221; alt=&#8221;4. o\u015b KCR-320&#8243; _builder_version=&#8221;4.21.0&#8243; _module_preset=&#8221;default&#8221; width=&#8221;40%&#8221; module_alignment=&#8221;center&#8221; custom_margin=&#8221;||||false|false&#8221; custom_padding=&#8221;|20px|||false|false&#8221; animation=&#8221;off&#8221; global_colors_info=&#8221;{}&#8221;][\/et_pb_blurb][\/et_pb_column][et_pb_column type=&#8221;1_2&#8243; _builder_version=&#8221;4.21.0&#8243; _module_preset=&#8221;default&#8221; global_colors_info=&#8221;{}&#8221;][et_pb_blurb image=&#8221;https:\/\/almer.sk\/wp-content\/uploads\/2023\/06\/4.os-2.foto_.png&#8221; alt=&#8221;4.o\u015b 2.zdj\u0119cie&#8221; _builder_version=&#8221;4.21.0&#8243; _module_preset=&#8221;default&#8221; width=&#8221;100%&#8221; max_width=&#8221;100%&#8221; module_alignment=&#8221;center&#8221; custom_padding=&#8221;||||false|false&#8221; animation=&#8221;off&#8221; locked=&#8221;off&#8221; global_colors_info=&#8221;{}&#8221;][\/et_pb_blurb][\/et_pb_column][\/et_pb_row][et_pb_row _builder_version=&#8221;4.21.0&#8243; _module_preset=&#8221;default&#8221; global_colors_info=&#8221;{}&#8221;][et_pb_column type=&#8221;4_4&#8243; _builder_version=&#8221;4.21.0&#8243; _module_preset=&#8221;default&#8221; global_colors_info=&#8221;{}&#8221;][et_pb_tabs active_tab_background_color=&#8221;#000000&#8243; inactive_tab_background_color=&#8221;#ff0000&#8243; active_tab_text_color=&#8221;#ffffff&#8221; module_id=&#8221;taby&#8221; _builder_version=&#8221;4.21.0&#8243; tab_text_color=&#8221;#ffffff&#8221; tab_font=&#8221;|300|||||||&#8221; tab_font_size=&#8221;16px&#8221; tab_line_height=&#8221;2.8em&#8221; border_width_all=&#8221;0px&#8221; border_color_all=&#8221;rgba(0,0,0,0)&#8221; global_colors_info=&#8221;{}&#8221;][et_pb_tab title=&#8221;Opis&#8221; _builder_version=&#8221;4.21.0&#8243; global_colors_info=&#8221;{}&#8221;]<\/p>\n<p>Obrotowe modu\u0142y pozycjonuj\u0105ce s\u0105 oparte na wysoce precyzyjnych, opatentowanych przek\u0142adniach harmonicznych LD najnowszej generacji o bardzo d\u0142ugiej \u017cywotno\u015bci i bardzo wysokiej dok\u0142adno\u015bci indeksowania. S\u0105 one u\u017cywane g\u0142\u00f3wnie odpowiednio dla czwartej osi. 5-osiowa precyzyjna obr\u00f3bka CNC.<\/p>\n<p>Obejmuj\u0105 one silniki z momentem obrotowym LD o wysokiej g\u0119sto\u015bci mocy i zintegrowane bezpo\u015brednie po\u0142\u0105czenie w celu uzyskania szybkiej reakcji dynamicznej. Jest to obecnie jedyny st\u00f3\u0142 obrotowy na rynku z dok\u0142adno\u015bci\u0105 poni\u017cej 10 sekund \u0142uku, bardzo wysok\u0105 sztywno\u015bci\u0105 i maksymalnym momentem obrotowym 1470 Nm.<\/p>\n<p>Jako\u015b\u0107 konstrukcji zapewnia, \u017ce dok\u0142adno\u015b\u0107 pozostaje niezmieniona przez ponad pi\u0119\u0107 lat bez potrzeby regularnej konserwacji.<\/p>\n<p>&nbsp;<\/p>\n<h4>G\u0142\u00f3wne cechy<\/h4>\n<p>&nbsp;<\/p>\n<ul>\n<li><strong>Wysoka dok\u0142adno\u015b\u0107:<\/strong> absolutna dok\u0142adno\u015b\u0107 pozycjonowania wynosi mniej ni\u017c 10 arcsec (0,0028\u00b0).<\/li>\n<li><strong>Zero Will:<\/strong> Nap\u0119d harmoniczny o zerowej g\u0142o\u015bno\u015bci .<\/li>\n<li><strong>Wysoki moment obrotowy:<\/strong> ma\u0142y rozmiar, wysoki moment obrotowy; wyj\u015bciowy moment obrotowy do 1470 Nm.<\/li>\n<li><strong>Bezobs\u0142ugowo\u015b\u0107:<\/strong> brak degeneracji dok\u0142adno\u015bci, brak potrzeby regularnej konserwacji. Dok\u0142adno\u015b\u0107 pozostaje niezmieniona po ponad 20 000 godzin u\u017cytkowania.<\/li>\n<li><strong>Integracja:<\/strong> Wysoce zintegrowany, z wbudowanym niezwykle precyzyjnym i sztywnym specjalnym harmonicznym reduktorem pr\u0119dko\u015bci dla obrabiarek (produkt opatentowany na ca\u0142ym \u015bwiecie) i mocnym silnikiem o du\u017cej g\u0119sto\u015bci mocy, z obs\u0142ug\u0105 niskiego momentu obrotowego.<\/li>\n<li><strong>Szybka reakcja:<\/strong> doskona\u0142a reakcja dynamiczna.<\/li>\n<li><strong>Szybkie pozycjonowanie:<\/strong> brak luz\u00f3w i wysoka sztywno\u015b\u0107; nie ma potrzeby hamowania podczas pracy, co znacznie skraca czas.<\/li>\n<li><strong>Wysoka wydajno\u015b\u0107:<\/strong> Wydajno\u015b\u0107 wynosi od 75% do 80%.<\/li>\n<\/ul>\n<p>[\/et_pb_tab][et_pb_tab title=&#8221;Parametry&#8221; _builder_version=&#8221;4.21.0&#8243; global_colors_info=&#8221;{}&#8221;]<\/p>\n<h3>Parametry 4.o\u015b<\/h3>\n<ul class=\"et_post_gallery clearfix\">\n\t\t\t\t\t<li class=\"et_gallery_item et_pb_gallery_image\">\n\t\t\t\t\t\t<a href=\"https:\/\/almer.sk\/wp-content\/uploads\/2023\/06\/Rot-Table-4.os-Param-e1688656055565.jpg\" title=\"Parametre 4. os\">\n\t\t\t\t\t\t\t<span class=\"et_portfolio_image\">\n\t\t\t\t\t\t\t\t<img loading=\"lazy\" decoding=\"async\" width=\"400\" height=\"284\" src=\"https:\/\/almer.sk\/wp-content\/uploads\/2023\/06\/Rot-Table-4.os-Param-e1688656055565-400x284.jpg\" class=\"attachment-et-pb-portfolio-image size-et-pb-portfolio-image\" alt=\"\" \/>\n\t\t\t\t\t\t\t\t<span class=\"et_overlay\"><\/span>\n\t\t\t\t\t\t\t<\/span>\n\t\t\t\t\t\t<\/a>\n\t\t\t\t\t\t<p class=\"et_pb_gallery_caption\">Parametre 4. os<\/p>\n\t\t\t\t\t<\/li>\n\t\t\t\t<\/ul>\n<p>[\/et_pb_tab][et_pb_tab title=&#8221;Rysunki&#8221; _builder_version=&#8221;4.21.0&#8243; global_colors_info=&#8221;{}&#8221;]<\/p>\n<h3>Rysunki 4.o\u015b<\/h3>\n<p><ul class=\"et_post_gallery clearfix\">\n\t\t\t\t\t<li class=\"et_gallery_item et_pb_gallery_image\">\n\t\t\t\t\t\t<a href=\"https:\/\/almer.sk\/wp-content\/uploads\/2023\/06\/KCR-170FEDF-scaled.jpg\" title=\"KCR-170FEDF\">\n\t\t\t\t\t\t\t<span class=\"et_portfolio_image\">\n\t\t\t\t\t\t\t\t<img loading=\"lazy\" decoding=\"async\" width=\"400\" height=\"284\" src=\"https:\/\/almer.sk\/wp-content\/uploads\/2023\/06\/KCR-170FEDF-400x284.jpg\" class=\"attachment-et-pb-portfolio-image size-et-pb-portfolio-image\" alt=\"\" \/>\n\t\t\t\t\t\t\t\t<span class=\"et_overlay\"><\/span>\n\t\t\t\t\t\t\t<\/span>\n\t\t\t\t\t\t<\/a>\n\t\t\t\t\t\t<p class=\"et_pb_gallery_caption\">KCR-170FEDF<\/p>\n\t\t\t\t\t<\/li><li class=\"et_gallery_item et_pb_gallery_image\">\n\t\t\t\t\t\t<a href=\"https:\/\/almer.sk\/wp-content\/uploads\/2023\/06\/KCR-200FEDF-scaled.jpg\" title=\"KCR-200FEDF\">\n\t\t\t\t\t\t\t<span class=\"et_portfolio_image\">\n\t\t\t\t\t\t\t\t<img loading=\"lazy\" decoding=\"async\" width=\"400\" height=\"284\" src=\"https:\/\/almer.sk\/wp-content\/uploads\/2023\/06\/KCR-200FEDF-400x284.jpg\" class=\"attachment-et-pb-portfolio-image size-et-pb-portfolio-image\" alt=\"\" \/>\n\t\t\t\t\t\t\t\t<span class=\"et_overlay\"><\/span>\n\t\t\t\t\t\t\t<\/span>\n\t\t\t\t\t\t<\/a>\n\t\t\t\t\t\t<p class=\"et_pb_gallery_caption\">KCR-200FEDF<\/p>\n\t\t\t\t\t<\/li><li class=\"et_gallery_item et_pb_gallery_image\">\n\t\t\t\t\t\t<a href=\"https:\/\/almer.sk\/wp-content\/uploads\/2023\/06\/KCR-250FEDF-scaled.jpg\" title=\"KCR-250FEDF\">\n\t\t\t\t\t\t\t<span class=\"et_portfolio_image\">\n\t\t\t\t\t\t\t\t<img loading=\"lazy\" decoding=\"async\" width=\"400\" height=\"284\" src=\"https:\/\/almer.sk\/wp-content\/uploads\/2023\/06\/KCR-250FEDF-400x284.jpg\" class=\"attachment-et-pb-portfolio-image size-et-pb-portfolio-image\" alt=\"\" \/>\n\t\t\t\t\t\t\t\t<span class=\"et_overlay\"><\/span>\n\t\t\t\t\t\t\t<\/span>\n\t\t\t\t\t\t<\/a>\n\t\t\t\t\t\t<p class=\"et_pb_gallery_caption\">KCR-250FEDF<\/p>\n\t\t\t\t\t<\/li><li class=\"et_gallery_item et_pb_gallery_image\">\n\t\t\t\t\t\t<a href=\"https:\/\/almer.sk\/wp-content\/uploads\/2023\/06\/KCR-320FUDF-scaled.jpg\" title=\"KCR-320FUDF\">\n\t\t\t\t\t\t\t<span class=\"et_portfolio_image\">\n\t\t\t\t\t\t\t\t<img loading=\"lazy\" decoding=\"async\" width=\"400\" height=\"284\" src=\"https:\/\/almer.sk\/wp-content\/uploads\/2023\/06\/KCR-320FUDF-400x284.jpg\" class=\"attachment-et-pb-portfolio-image size-et-pb-portfolio-image\" alt=\"\" \/>\n\t\t\t\t\t\t\t\t<span class=\"et_overlay\"><\/span>\n\t\t\t\t\t\t\t<\/span>\n\t\t\t\t\t\t<\/a>\n\t\t\t\t\t\t<p class=\"et_pb_gallery_caption\">KCR-320FUDF<\/p>\n\t\t\t\t\t<\/li>\n\t\t\t\t<\/ul>[\/et_pb_tab][et_pb_tab title=&#8221;3D&#8221; _builder_version=&#8221;4.21.0&#8243; global_colors_info=&#8221;{}&#8221;]<\/p>\n<h3>W przypadku wydruk\u00f3w 3D prosimy o kontakt<\/h3>\n<h4>[et_pb_section global_module=\"1380\"][\/et_pb_section]<\/h4>\n<p>[\/et_pb_tab][et_pb_tab title=&#8221;Specyfikacja modelu&#8221; _builder_version=&#8221;4.21.0&#8243; global_colors_info=&#8221;{}&#8221;]<\/p>\n<h3>Specyfikacja 4. o\u015b<\/h3>\n<ul class=\"et_post_gallery clearfix\">\n\t\t\t\t\t<li class=\"et_gallery_item et_pb_gallery_image\">\n\t\t\t\t\t\t<a href=\"https:\/\/almer.sk\/wp-content\/uploads\/2023\/06\/Specifikacia-4.os_-scaled-e1688656094262.jpg\" title=\"S\u030cpecifika\u0301cia 4.os\">\n\t\t\t\t\t\t\t<span class=\"et_portfolio_image\">\n\t\t\t\t\t\t\t\t<img loading=\"lazy\" decoding=\"async\" width=\"400\" height=\"284\" src=\"https:\/\/almer.sk\/wp-content\/uploads\/2023\/06\/Specifikacia-4.os_-scaled-e1688656094262-400x284.jpg\" class=\"attachment-et-pb-portfolio-image size-et-pb-portfolio-image\" alt=\"\" \/>\n\t\t\t\t\t\t\t\t<span class=\"et_overlay\"><\/span>\n\t\t\t\t\t\t\t<\/span>\n\t\t\t\t\t\t<\/a>\n\t\t\t\t\t\t<p class=\"et_pb_gallery_caption\">S\u030cpecifika\u0301cia 4.os<\/p>\n\t\t\t\t\t<\/li>\n\t\t\t\t<\/ul>\n<p>[\/et_pb_tab][et_pb_tab title=&#8221;Zapytanie o produkt&#8221; _builder_version=&#8221;4.21.0&#8243; global_colors_info=&#8221;{}&#8221;]<\/p>\n<p>Prosimy o kontakt z naszym technicznym zespo\u0142em sprzeda\u017cy w celu uzyskania cen, arkuszy danych, rysunk\u00f3w technicznych (2D\/3D), instrukcji obs\u0142ugi sprz\u0119tu i oprogramowania lub innych informacji technicznych dotycz\u0105cych aplikacji&#8230;<\/p>\n[et_pb_section global_module=\"1380\"][\/et_pb_section]\n<p>[\/et_pb_tab][\/et_pb_tabs][\/et_pb_column][\/et_pb_row][\/et_pb_section]<\/p>\n","protected":false},"excerpt":{"rendered":"<p>&gt; Strona g\u0142\u00f3wna \/ Sto\u0142y obrotowe \/ 4. o\u015bSto\u0142y obrotowe CNC &#8211; pozycjonery &#8211; 4. o\u015bObrotowe modu\u0142y pozycjonuj\u0105ce s\u0105 oparte na wysoce precyzyjnych, opatentowanych przek\u0142adniach harmonicznych LD najnowszej generacji o bardzo d\u0142ugiej \u017cywotno\u015bci i bardzo wysokiej dok\u0142adno\u015bci indeksowania. S\u0105 one u\u017cywane g\u0142\u00f3wnie odpowiednio dla czwartej osi. 5-osiowa precyzyjna obr\u00f3bka CNC. Obejmuj\u0105 one silniki z momentem [&hellip;]<\/p>\n","protected":false},"author":1,"featured_media":0,"parent":5559,"menu_order":0,"comment_status":"closed","ping_status":"closed","template":"","meta":{"_et_pb_use_builder":"on","_et_pb_old_content":"","_et_gb_content_width":"","footnotes":""},"class_list":["post-5680","page","type-page","status-publish","hentry"],"yoast_head":"<!-- This site is optimized with the Yoast SEO plugin v26.6 - https:\/\/yoast.com\/wordpress\/plugins\/seo\/ -->\n<title>Gramofony 4. o\u015b - Almer.sk<\/title>\n<meta name=\"robots\" content=\"index, follow, max-snippet:-1, max-image-preview:large, max-video-preview:-1\" \/>\n<link rel=\"canonical\" href=\"https:\/\/almer.sk\/pl\/stoly-obrotowe-cnc\/stoly-obrotowe-cnc-4-os\/\" \/>\n<meta property=\"og:locale\" content=\"pl_PL\" \/>\n<meta property=\"og:type\" content=\"article\" \/>\n<meta property=\"og:title\" content=\"Gramofony 4. o\u015b - Almer.sk\" \/>\n<meta property=\"og:description\" content=\"&gt; Strona g\u0142\u00f3wna \/ Sto\u0142y obrotowe \/ 4. o\u015bSto\u0142y obrotowe CNC - pozycjonery - 4. o\u015bObrotowe modu\u0142y pozycjonuj\u0105ce s\u0105 oparte na wysoce precyzyjnych, opatentowanych przek\u0142adniach harmonicznych LD najnowszej generacji o bardzo d\u0142ugiej \u017cywotno\u015bci i bardzo wysokiej dok\u0142adno\u015bci indeksowania. S\u0105 one u\u017cywane g\u0142\u00f3wnie odpowiednio dla czwartej osi. 5-osiowa precyzyjna obr\u00f3bka CNC. Obejmuj\u0105 one silniki z momentem [&hellip;]\" \/>\n<meta property=\"og:url\" content=\"https:\/\/almer.sk\/pl\/stoly-obrotowe-cnc\/stoly-obrotowe-cnc-4-os\/\" \/>\n<meta property=\"og:site_name\" content=\"Almer.sk\" \/>\n<meta property=\"article:modified_time\" content=\"2023-09-05T04:16:17+00:00\" \/>\n<meta name=\"twitter:card\" content=\"summary_large_image\" \/>\n<meta name=\"twitter:label1\" content=\"Szacowany czas czytania\" \/>\n\t<meta name=\"twitter:data1\" content=\"3 minuty\" \/>\n<script type=\"application\/ld+json\" class=\"yoast-schema-graph\">{\"@context\":\"https:\/\/schema.org\",\"@graph\":[{\"@type\":\"WebPage\",\"@id\":\"https:\/\/almer.sk\/pl\/stoly-obrotowe-cnc\/stoly-obrotowe-cnc-4-os\/\",\"url\":\"https:\/\/almer.sk\/pl\/stoly-obrotowe-cnc\/stoly-obrotowe-cnc-4-os\/\",\"name\":\"Gramofony 4. o\u015b - Almer.sk\",\"isPartOf\":{\"@id\":\"https:\/\/almer.sk\/pl\/#website\"},\"datePublished\":\"2023-06-20T06:18:49+00:00\",\"dateModified\":\"2023-09-05T04:16:17+00:00\",\"breadcrumb\":{\"@id\":\"https:\/\/almer.sk\/pl\/stoly-obrotowe-cnc\/stoly-obrotowe-cnc-4-os\/#breadcrumb\"},\"inLanguage\":\"pl-PL\",\"potentialAction\":[{\"@type\":\"ReadAction\",\"target\":[\"https:\/\/almer.sk\/pl\/stoly-obrotowe-cnc\/stoly-obrotowe-cnc-4-os\/\"]}]},{\"@type\":\"BreadcrumbList\",\"@id\":\"https:\/\/almer.sk\/pl\/stoly-obrotowe-cnc\/stoly-obrotowe-cnc-4-os\/#breadcrumb\",\"itemListElement\":[{\"@type\":\"ListItem\",\"position\":1,\"name\":\"Home\",\"item\":\"https:\/\/almer.sk\/pl\/\"},{\"@type\":\"ListItem\",\"position\":2,\"name\":\"Sto\u0142y obrotowe CNC\",\"item\":\"https:\/\/almer.sk\/pl\/stoly-obrotowe-cnc\/\"},{\"@type\":\"ListItem\",\"position\":3,\"name\":\"Gramofony 4. o\u015b\"}]},{\"@type\":\"WebSite\",\"@id\":\"https:\/\/almer.sk\/pl\/#website\",\"url\":\"https:\/\/almer.sk\/pl\/\",\"name\":\"Almer.sk\",\"description\":\"Technologick\u00fd l\u00edder v oblasti presn\u00fdch prevodoviek\",\"potentialAction\":[{\"@type\":\"SearchAction\",\"target\":{\"@type\":\"EntryPoint\",\"urlTemplate\":\"https:\/\/almer.sk\/pl\/?s={search_term_string}\"},\"query-input\":{\"@type\":\"PropertyValueSpecification\",\"valueRequired\":true,\"valueName\":\"search_term_string\"}}],\"inLanguage\":\"pl-PL\"}]}<\/script>\n<!-- \/ Yoast SEO plugin. -->","yoast_head_json":{"title":"Gramofony 4. o\u015b - Almer.sk","robots":{"index":"index","follow":"follow","max-snippet":"max-snippet:-1","max-image-preview":"max-image-preview:large","max-video-preview":"max-video-preview:-1"},"canonical":"https:\/\/almer.sk\/pl\/stoly-obrotowe-cnc\/stoly-obrotowe-cnc-4-os\/","og_locale":"pl_PL","og_type":"article","og_title":"Gramofony 4. o\u015b - Almer.sk","og_description":"&gt; Strona g\u0142\u00f3wna \/ Sto\u0142y obrotowe \/ 4. o\u015bSto\u0142y obrotowe CNC - pozycjonery - 4. o\u015bObrotowe modu\u0142y pozycjonuj\u0105ce s\u0105 oparte na wysoce precyzyjnych, opatentowanych przek\u0142adniach harmonicznych LD najnowszej generacji o bardzo d\u0142ugiej \u017cywotno\u015bci i bardzo wysokiej dok\u0142adno\u015bci indeksowania. S\u0105 one u\u017cywane g\u0142\u00f3wnie odpowiednio dla czwartej osi. 5-osiowa precyzyjna obr\u00f3bka CNC. Obejmuj\u0105 one silniki z momentem [&hellip;]","og_url":"https:\/\/almer.sk\/pl\/stoly-obrotowe-cnc\/stoly-obrotowe-cnc-4-os\/","og_site_name":"Almer.sk","article_modified_time":"2023-09-05T04:16:17+00:00","twitter_card":"summary_large_image","twitter_misc":{"Szacowany czas czytania":"3 minuty"},"schema":{"@context":"https:\/\/schema.org","@graph":[{"@type":"WebPage","@id":"https:\/\/almer.sk\/pl\/stoly-obrotowe-cnc\/stoly-obrotowe-cnc-4-os\/","url":"https:\/\/almer.sk\/pl\/stoly-obrotowe-cnc\/stoly-obrotowe-cnc-4-os\/","name":"Gramofony 4. o\u015b - Almer.sk","isPartOf":{"@id":"https:\/\/almer.sk\/pl\/#website"},"datePublished":"2023-06-20T06:18:49+00:00","dateModified":"2023-09-05T04:16:17+00:00","breadcrumb":{"@id":"https:\/\/almer.sk\/pl\/stoly-obrotowe-cnc\/stoly-obrotowe-cnc-4-os\/#breadcrumb"},"inLanguage":"pl-PL","potentialAction":[{"@type":"ReadAction","target":["https:\/\/almer.sk\/pl\/stoly-obrotowe-cnc\/stoly-obrotowe-cnc-4-os\/"]}]},{"@type":"BreadcrumbList","@id":"https:\/\/almer.sk\/pl\/stoly-obrotowe-cnc\/stoly-obrotowe-cnc-4-os\/#breadcrumb","itemListElement":[{"@type":"ListItem","position":1,"name":"Home","item":"https:\/\/almer.sk\/pl\/"},{"@type":"ListItem","position":2,"name":"Sto\u0142y obrotowe CNC","item":"https:\/\/almer.sk\/pl\/stoly-obrotowe-cnc\/"},{"@type":"ListItem","position":3,"name":"Gramofony 4. o\u015b"}]},{"@type":"WebSite","@id":"https:\/\/almer.sk\/pl\/#website","url":"https:\/\/almer.sk\/pl\/","name":"Almer.sk","description":"Technologick\u00fd l\u00edder v oblasti presn\u00fdch prevodoviek","potentialAction":[{"@type":"SearchAction","target":{"@type":"EntryPoint","urlTemplate":"https:\/\/almer.sk\/pl\/?s={search_term_string}"},"query-input":{"@type":"PropertyValueSpecification","valueRequired":true,"valueName":"search_term_string"}}],"inLanguage":"pl-PL"}]}},"_links":{"self":[{"href":"https:\/\/almer.sk\/pl\/wp-json\/wp\/v2\/pages\/5680","targetHints":{"allow":["GET"]}}],"collection":[{"href":"https:\/\/almer.sk\/pl\/wp-json\/wp\/v2\/pages"}],"about":[{"href":"https:\/\/almer.sk\/pl\/wp-json\/wp\/v2\/types\/page"}],"author":[{"embeddable":true,"href":"https:\/\/almer.sk\/pl\/wp-json\/wp\/v2\/users\/1"}],"replies":[{"embeddable":true,"href":"https:\/\/almer.sk\/pl\/wp-json\/wp\/v2\/comments?post=5680"}],"version-history":[{"count":3,"href":"https:\/\/almer.sk\/pl\/wp-json\/wp\/v2\/pages\/5680\/revisions"}],"predecessor-version":[{"id":6589,"href":"https:\/\/almer.sk\/pl\/wp-json\/wp\/v2\/pages\/5680\/revisions\/6589"}],"up":[{"embeddable":true,"href":"https:\/\/almer.sk\/pl\/wp-json\/wp\/v2\/pages\/5559"}],"wp:attachment":[{"href":"https:\/\/almer.sk\/pl\/wp-json\/wp\/v2\/media?parent=5680"}],"curies":[{"name":"wp","href":"https:\/\/api.w.org\/{rel}","templated":true}]}}