{"id":5667,"date":"2020-02-17T14:11:13","date_gmt":"2020-02-17T13:11:13","guid":{"rendered":"https:\/\/almer.sk\/strona-glowna\/"},"modified":"2023-07-31T11:40:54","modified_gmt":"2023-07-31T09:40:54","slug":"strona-glowna","status":"publish","type":"page","link":"https:\/\/almer.sk\/pl\/","title":{"rendered":"Strona g\u0142\u00f3wna"},"content":{"rendered":"<p>[et_pb_section fb_built=&#8221;1&#8243; fullwidth=&#8221;on&#8221; disabled_on=&#8221;off|off|off&#8221; _builder_version=&#8221;4.21.0&#8243; _module_preset=&#8221;default&#8221; border_width_top=&#8221;5px&#8221; border_color_top=&#8221;#FF0000&#8243; border_width_bottom=&#8221;5px&#8221; border_color_bottom=&#8221;#FF0000&#8243; global_colors_info=&#8221;{}&#8221;][et_pb_fullwidth_slider _builder_version=&#8221;4.21.0&#8243; _module_preset=&#8221;default&#8221; content_width=&#8221;65%&#8221; max_height=&#8221;500px&#8221; custom_margin_tablet=&#8221;&#8221; custom_margin_phone=&#8221;||0px||false|false&#8221; custom_margin_last_edited=&#8221;on|phone&#8221; global_colors_info=&#8221;{}&#8221;][et_pb_slide heading=&#8221;Przedstawiamy \u015bwiatowego lidera technologii w dziedzinie przek\u0142adni precyzyjnych&#8221; use_bg_overlay=&#8221;off&#8221; use_text_overlay=&#8221;on&#8221; _builder_version=&#8221;4.21.0&#8243; _module_preset=&#8221;default&#8221; header_font_size=&#8221;35px&#8221; background_image=&#8221;https:\/\/almer.sk\/wp-content\/uploads\/2020\/02\/slider1.jpg&#8221; background_enable_image=&#8221;on&#8221; width=&#8221;100%&#8221; max_width=&#8221;100%&#8221; header_text_color_tablet=&#8221;&#8221; header_text_color_phone=&#8221;&#8221; header_text_color_last_edited=&#8221;on|phone&#8221; header_font_size_tablet=&#8221;35px&#8221; header_font_size_phone=&#8221;22px&#8221; header_font_size_last_edited=&#8221;on|phone&#8221; background_last_edited=&#8221;on|desktop&#8221; background_enable_color_phone=&#8221;off&#8221; background_image_phone=&#8221;https:\/\/almer.sk\/wp-content\/uploads\/2020\/04\/slider1-mobile.jpg&#8221; background_enable_image_phone=&#8221;on&#8221; global_colors_info=&#8221;{}&#8221; sticky_transition=&#8221;on&#8221;][\/et_pb_slide][et_pb_slide heading=&#8221;Nowa generacja przek\u0142adni redukcyjnych &#8211; Model Y&#8221; use_text_overlay=&#8221;on&#8221; _builder_version=&#8221;4.21.0&#8243; _module_preset=&#8221;default&#8221; background_enable_color=&#8221;off&#8221; background_image=&#8221;https:\/\/almer.sk\/wp-content\/uploads\/2020\/03\/slider-2-new.jpg&#8221; background_enable_image=&#8221;on&#8221; width=&#8221;100%&#8221; max_width=&#8221;100%&#8221; background_last_edited=&#8221;on|phone&#8221; background_image_phone=&#8221;https:\/\/almer.sk\/wp-content\/uploads\/2020\/04\/slider-2-mobile.jpg&#8221; background_enable_image_phone=&#8221;on&#8221; global_colors_info=&#8221;{}&#8221; sticky_transition=&#8221;on&#8221;]<\/p>\n<p>Pierwszy na \u015bwiecie reduktor harmonicznych osi\u0105gaj\u0105cy dok\u0142adno\u015b\u0107 transmisji do 10 arcsec<\/p>\n<p>\u017bywotno\u015b\u0107 modelu Y wyd\u0142u\u017cona do ponad 20 000 godzin<\/p>\n<p>[\/et_pb_slide][et_pb_slide use_bg_overlay=&#8221;off&#8221; use_text_overlay=&#8221;on&#8221; text_overlay_color=&#8221;#000000&#8243; text_overlay_color_tablet=&#8221;#000000&#8243; text_overlay_color_phone=&#8221;rgba(10,10,10,0.54)&#8221; text_overlay_color_last_edited=&#8221;on|phone&#8221; _builder_version=&#8221;4.21.0&#8243; _module_preset=&#8221;default&#8221; body_font_size=&#8221;20px&#8221; background_enable_color=&#8221;off&#8221; background_image=&#8221;https:\/\/almer.sk\/wp-content\/uploads\/2020\/03\/gears.jpg&#8221; background_enable_image=&#8221;on&#8221; width=&#8221;100%&#8221; max_width=&#8221;100%&#8221; global_colors_info=&#8221;{}&#8221; sticky_transition=&#8221;on&#8221;]<\/p>\n<p style=\"font-weight: 400;\">In\u017cynieria techniczna i wsparcie<\/p>\n<p style=\"font-weight: 400;\">Badania i rozw\u00f3j<\/p>\n<p style=\"font-weight: 400;\">Personalizacja produktu<\/p>\n<p style=\"font-weight: 400;\">Najlepsze czasy dostawy<\/p>\n<p style=\"font-weight: 400;\">Kompleksowe rozwi\u0105zania dla ruch\u00f3w obrotowych<\/p>\n<p>[\/et_pb_slide][\/et_pb_fullwidth_slider][\/et_pb_section][et_pb_section fb_built=&#8221;1&#8243; disabled_on=&#8221;off|off|off&#8221; _builder_version=&#8221;4.21.0&#8243; global_colors_info=&#8221;{}&#8221;][et_pb_row column_structure=&#8221;1_3,1_3,1_3&#8243; use_custom_gutter=&#8221;on&#8221; gutter_width=&#8221;2&#8243; _builder_version=&#8221;4.21.0&#8243; global_colors_info=&#8221;{}&#8221;][et_pb_column type=&#8221;1_3&#8243; _builder_version=&#8221;4.16&#8243; global_colors_info=&#8221;{}&#8221;][et_pb_blurb title=&#8221;Przek\u0142adnie harmoniczne&#8221; url=&#8221;https:\/\/almer.sk\/pl\/przekladnie-harmoniczne\/&#8221; admin_label=&#8221;Blurb&#8221; _builder_version=&#8221;4.21.0&#8243; _module_preset=&#8221;default&#8221; header_font=&#8221;|||on|||||&#8221; header_text_align=&#8221;center&#8221; header_text_color=&#8221;#000000&#8243; hover_enabled=&#8221;0&#8243; global_colors_info=&#8221;{}&#8221; sticky_enabled=&#8221;0&#8243;][\/et_pb_blurb][et_pb_blurb url=&#8221;https:\/\/almer.sk\/pl\/przekladnie-harmoniczne\/&#8221; image=&#8221;https:\/\/almer.sk\/wp-content\/uploads\/2023\/06\/Slide-New-Gener.png&#8221; image_icon_width=&#8221;80%&#8221; _builder_version=&#8221;4.21.0&#8243; header_font=&#8221;|||on|||||&#8221; header_text_color=&#8221;#ff0000&#8243; header_font_size=&#8221;16px&#8221; text_orientation=&#8221;center&#8221; animation=&#8221;off&#8221; link_option_url=&#8221;https:\/\/almer.sk\/pl\/przekladnie-harmoniczne\/&#8221; hover_enabled=&#8221;0&#8243; global_colors_info=&#8221;{}&#8221; sticky_enabled=&#8221;0&#8243;][\/et_pb_blurb][\/et_pb_column][et_pb_column type=&#8221;1_3&#8243; _builder_version=&#8221;4.16&#8243; global_colors_info=&#8221;{}&#8221;][et_pb_blurb title=&#8221;Sto\u0142y obrotowe CNC&#8221; url=&#8221;https:\/\/almer.sk\/pl\/stoly-obrotowe-cnc\/&#8221; _builder_version=&#8221;4.21.0&#8243; _module_preset=&#8221;default&#8221; header_font=&#8221;|||on|||||&#8221; header_text_align=&#8221;center&#8221; header_text_color=&#8221;#000000&#8243; hover_enabled=&#8221;0&#8243; global_colors_info=&#8221;{}&#8221; sticky_enabled=&#8221;0&#8243;][\/et_pb_blurb][et_pb_blurb url=&#8221;https:\/\/almer.sk\/pl\/stoly-obrotowe-cnc\/&#8221; image=&#8221;https:\/\/almer.sk\/wp-content\/uploads\/2023\/06\/Kfr-320-5th-axis.png&#8221; image_icon_width=&#8221;90%&#8221; _builder_version=&#8221;4.21.0&#8243; header_font=&#8221;|||on|||||&#8221; header_text_color=&#8221;#ff0000&#8243; header_font_size=&#8221;16px&#8221; text_orientation=&#8221;center&#8221; animation=&#8221;off&#8221; link_option_url=&#8221;https:\/\/almer.sk\/pl\/stoly-obrotowe-cnc\/&#8221; hover_enabled=&#8221;0&#8243; global_colors_info=&#8221;{}&#8221; sticky_enabled=&#8221;0&#8243;][\/et_pb_blurb][\/et_pb_column][et_pb_column type=&#8221;1_3&#8243; _builder_version=&#8221;4.16&#8243; global_colors_info=&#8221;{}&#8221;][et_pb_blurb title=&#8221;Si\u0142owniki obrotowe&#8221; url=&#8221;https:\/\/almer.sk\/pl\/silowniki-obrotowe\/&#8221; _builder_version=&#8221;4.21.0&#8243; _module_preset=&#8221;default&#8221; header_font=&#8221;|||on|||||&#8221; header_text_align=&#8221;center&#8221; header_text_color=&#8221;#000000&#8243; hover_enabled=&#8221;0&#8243; global_colors_info=&#8221;{}&#8221; sticky_enabled=&#8221;0&#8243;][\/et_pb_blurb][et_pb_blurb url=&#8221;https:\/\/almer.sk\/pl\/silowniki-obrotowe\/&#8221; image=&#8221;https:\/\/almer.sk\/wp-content\/uploads\/2023\/06\/actuator-AAT.gif&#8221; image_icon_width=&#8221;80%&#8221; _builder_version=&#8221;4.21.0&#8243; header_font=&#8221;|||on|||||&#8221; header_text_color=&#8221;#ff0000&#8243; header_font_size=&#8221;16px&#8221; text_orientation=&#8221;center&#8221; animation=&#8221;off&#8221; link_option_url=&#8221;https:\/\/almer.sk\/pl\/silowniki-obrotowe\/&#8221; hover_enabled=&#8221;0&#8243; global_colors_info=&#8221;{}&#8221; sticky_enabled=&#8221;0&#8243;][\/et_pb_blurb][\/et_pb_column][\/et_pb_row][et_pb_row column_structure=&#8221;1_3,1_3,1_3&#8243; use_custom_gutter=&#8221;on&#8221; gutter_width=&#8221;2&#8243; make_equal=&#8221;on&#8221; _builder_version=&#8221;4.21.0&#8243; global_colors_info=&#8221;{}&#8221;][et_pb_column type=&#8221;1_3&#8243; _builder_version=&#8221;4.16&#8243; global_colors_info=&#8221;{}&#8221;][et_pb_blurb title=&#8221;Przek\u0142adnie planetarne&#8221; url=&#8221;https:\/\/almer.sk\/pl\/przekladnie-planetarne\/&#8221; admin_label=&#8221;Blurb&#8221; _builder_version=&#8221;4.21.0&#8243; _module_preset=&#8221;default&#8221; header_font=&#8221;|||on|||||&#8221; header_text_align=&#8221;center&#8221; header_text_color=&#8221;#000000&#8243; hover_enabled=&#8221;0&#8243; global_colors_info=&#8221;{}&#8221; sticky_enabled=&#8221;0&#8243;][\/et_pb_blurb][et_pb_blurb url=&#8221;https:\/\/almer.sk\/pl\/przekladnie-planetarne\/&#8221; image=&#8221;https:\/\/almer.sk\/wp-content\/uploads\/2023\/06\/Priame-prevodovky-e1686811016163.png&#8221; alt=&#8221;Przek\u0142adnie bezpo\u015brednie&#8221; image_icon_width=&#8221;80%&#8221; _builder_version=&#8221;4.21.0&#8243; header_font=&#8221;|||on|||||&#8221; header_text_color=&#8221;#ff0000&#8243; header_font_size=&#8221;16px&#8221; text_orientation=&#8221;center&#8221; width=&#8221;100%&#8221; max_width=&#8221;100%&#8221; module_alignment=&#8221;center&#8221; animation=&#8221;off&#8221; link_option_url=&#8221;https:\/\/almer.sk\/pl\/przekladnie-planetarne\/&#8221; hover_enabled=&#8221;0&#8243; global_colors_info=&#8221;{}&#8221; sticky_enabled=&#8221;0&#8243;][\/et_pb_blurb][\/et_pb_column][et_pb_column type=&#8221;1_3&#8243; _builder_version=&#8221;4.16&#8243; global_colors_info=&#8221;{}&#8221;][et_pb_blurb title=&#8221;Silniki&#8221; url=&#8221;https:\/\/almer.sk\/pl\/silniki\/&#8221; _builder_version=&#8221;4.21.0&#8243; _module_preset=&#8221;default&#8221; header_font=&#8221;|||on|||||&#8221; header_text_align=&#8221;center&#8221; header_text_color=&#8221;#000000&#8243; hover_enabled=&#8221;0&#8243; global_colors_info=&#8221;{}&#8221; sticky_enabled=&#8221;0&#8243;][\/et_pb_blurb][et_pb_blurb url=&#8221;https:\/\/almer.sk\/pl\/silniki\/&#8221; image=&#8221;https:\/\/almer.sk\/wp-content\/uploads\/2023\/06\/Motory.png&#8221; image_icon_width=&#8221;79%&#8221; _builder_version=&#8221;4.21.0&#8243; header_font=&#8221;|||on|||||&#8221; header_text_color=&#8221;#ff0000&#8243; header_font_size=&#8221;16px&#8221; text_orientation=&#8221;center&#8221; animation=&#8221;off&#8221; link_option_url=&#8221;https:\/\/almer.sk\/pl\/silniki\/&#8221; hover_enabled=&#8221;0&#8243; global_colors_info=&#8221;{}&#8221; sticky_enabled=&#8221;0&#8243;][\/et_pb_blurb][\/et_pb_column][et_pb_column type=&#8221;1_3&#8243; _builder_version=&#8221;4.16&#8243; global_colors_info=&#8221;{}&#8221;][et_pb_blurb title=&#8221;Produkty zintegrowane&#8221; url=&#8221;https:\/\/almer.sk\/pl\/produkty-zintegrowane\/&#8221; _builder_version=&#8221;4.21.0&#8243; _module_preset=&#8221;default&#8221; header_font=&#8221;|||on|||||&#8221; header_text_align=&#8221;center&#8221; header_text_color=&#8221;#000000&#8243; hover_enabled=&#8221;0&#8243; global_colors_info=&#8221;{}&#8221; sticky_enabled=&#8221;0&#8243;][\/et_pb_blurb][et_pb_blurb url=&#8221;https:\/\/almer.sk\/pl\/produkty-zintegrowane\/&#8221; image=&#8221;https:\/\/almer.sk\/wp-content\/uploads\/2023\/07\/5-osovy-vodnolucovy-rotator-AC.png&#8221; alt=&#8221;5-osiowy rotator strumienia wody &#8211; AC&#8221; image_icon_width=&#8221;79%&#8221; _builder_version=&#8221;4.21.0&#8243; header_font=&#8221;|||on|||||&#8221; header_text_color=&#8221;#ff0000&#8243; header_font_size=&#8221;16px&#8221; text_orientation=&#8221;center&#8221; animation=&#8221;off&#8221; link_option_url=&#8221;https:\/\/almer.sk\/pl\/produkty-zintegrowane\/&#8221; hover_enabled=&#8221;0&#8243; global_colors_info=&#8221;{}&#8221; sticky_enabled=&#8221;0&#8243;][\/et_pb_blurb][\/et_pb_column][\/et_pb_row][\/et_pb_section][et_pb_section fb_built=&#8221;1&#8243; _builder_version=&#8221;4.21.0&#8243; _module_preset=&#8221;default&#8221; custom_margin=&#8221;||||false|false&#8221; custom_padding=&#8221;0px||0px||false|false&#8221; border_width_top=&#8221;5px&#8221; border_color_top=&#8221;#FF0000&#8243; border_width_bottom=&#8221;5px&#8221; border_color_bottom=&#8221;#FF0000&#8243; global_colors_info=&#8221;{}&#8221;][et_pb_row column_structure=&#8221;1_3,1_3,1_3&#8243; _builder_version=&#8221;4.21.0&#8243; _module_preset=&#8221;default&#8221; background_image=&#8221;https:\/\/almer.sk\/wp-content\/uploads\/2020\/02\/gears-1.jpg&#8221; parallax=&#8221;on&#8221; width=&#8221;100%&#8221; max_width=&#8221;2560px&#8221; global_colors_info=&#8221;{}&#8221;][et_pb_column type=&#8221;1_3&#8243; _builder_version=&#8221;4.21.0&#8243; _module_preset=&#8221;default&#8221; global_colors_info=&#8221;{}&#8221;][et_pb_number_counter title=&#8221;zadowolenie klienta&#8221; number=&#8221;100&#8243; _builder_version=&#8221;4.21.0&#8243; _module_preset=&#8221;default&#8221; title_text_color=&#8221;#FFFFFF&#8221; number_text_color=&#8221;#FFFFFF&#8221; global_colors_info=&#8221;{}&#8221;][\/et_pb_number_counter][\/et_pb_column][et_pb_column type=&#8221;1_3&#8243; _builder_version=&#8221;4.21.0&#8243; _module_preset=&#8221;default&#8221; global_colors_info=&#8221;{}&#8221;][et_pb_number_counter title=&#8221;lat do\u015bwiadczenia&#8221; number=&#8221;15&#8243; percent_sign=&#8221;off&#8221; _builder_version=&#8221;4.21.0&#8243; _module_preset=&#8221;default&#8221; title_text_color=&#8221;#FFFFFF&#8221; number_text_color=&#8221;#FFFFFF&#8221; global_colors_info=&#8221;{}&#8221;][\/et_pb_number_counter][\/et_pb_column][et_pb_column type=&#8221;1_3&#8243; _builder_version=&#8221;4.21.0&#8243; _module_preset=&#8221;default&#8221; global_colors_info=&#8221;{}&#8221;][et_pb_number_counter title=&#8221;produkty w magazynie&#8221; number=&#8221;300&#8243; percent_sign=&#8221;off&#8221; _builder_version=&#8221;4.21.0&#8243; _module_preset=&#8221;default&#8221; title_text_color=&#8221;#FFFFFF&#8221; number_text_color=&#8221;#FFFFFF&#8221; global_colors_info=&#8221;{}&#8221;][\/et_pb_number_counter][\/et_pb_column][\/et_pb_row][\/et_pb_section]<\/p>\n","protected":false},"excerpt":{"rendered":"<p>Pierwszy na \u015bwiecie reduktor harmonicznych osi\u0105gaj\u0105cy dok\u0142adno\u015b\u0107 transmisji do 10 arcsec \u017bywotno\u015b\u0107 modelu Y wyd\u0142u\u017cona do ponad 20 000 godzinIn\u017cynieria techniczna i wsparcie Badania i rozw\u00f3j Personalizacja produktu Najlepsze czasy dostawy Kompleksowe rozwi\u0105zania dla ruch\u00f3w obrotowych<\/p>\n","protected":false},"author":1,"featured_media":0,"parent":0,"menu_order":0,"comment_status":"closed","ping_status":"closed","template":"","meta":{"_et_pb_use_builder":"on","_et_pb_old_content":"","_et_gb_content_width":"","footnotes":""},"class_list":["post-5667","page","type-page","status-publish","hentry"],"yoast_head":"<!-- This site is optimized with the Yoast SEO plugin v26.6 - https:\/\/yoast.com\/wordpress\/plugins\/seo\/ -->\n<title>Przek\u0142adnie tensometryczne i si\u0142owniki - Almer.sk<\/title>\n<meta name=\"description\" content=\"Przek\u0142adnie tensometryczne i si\u0142owniki. Przedstawiamy \u015bwiatowego lidera technologii w dziedzinie precyzyjnej transmisji. Almer.sk.\" \/>\n<meta name=\"robots\" content=\"index, follow, max-snippet:-1, max-image-preview:large, max-video-preview:-1\" \/>\n<link rel=\"canonical\" href=\"https:\/\/almer.sk\/pl\/\" \/>\n<meta property=\"og:locale\" content=\"pl_PL\" \/>\n<meta property=\"og:type\" content=\"article\" \/>\n<meta property=\"og:title\" content=\"Przek\u0142adnie tensometryczne i si\u0142owniki - Almer.sk\" \/>\n<meta property=\"og:description\" content=\"Przek\u0142adnie tensometryczne i si\u0142owniki. Przedstawiamy \u015bwiatowego lidera technologii w dziedzinie precyzyjnej transmisji. Almer.sk.\" \/>\n<meta property=\"og:url\" content=\"https:\/\/almer.sk\/pl\/\" \/>\n<meta property=\"og:site_name\" content=\"Almer.sk\" \/>\n<meta property=\"article:modified_time\" content=\"2023-07-31T09:40:54+00:00\" \/>\n<meta name=\"twitter:card\" content=\"summary_large_image\" \/>\n<meta name=\"twitter:label1\" content=\"Szacowany czas czytania\" \/>\n\t<meta name=\"twitter:data1\" content=\"7 minut\" \/>\n<script type=\"application\/ld+json\" class=\"yoast-schema-graph\">{\"@context\":\"https:\/\/schema.org\",\"@graph\":[{\"@type\":\"WebPage\",\"@id\":\"https:\/\/almer.sk\/pl\/\",\"url\":\"https:\/\/almer.sk\/pl\/\",\"name\":\"Przek\u0142adnie tensometryczne i si\u0142owniki - Almer.sk\",\"isPartOf\":{\"@id\":\"https:\/\/almer.sk\/pl\/#website\"},\"datePublished\":\"2020-02-17T13:11:13+00:00\",\"dateModified\":\"2023-07-31T09:40:54+00:00\",\"description\":\"Przek\u0142adnie tensometryczne i si\u0142owniki. Przedstawiamy \u015bwiatowego lidera technologii w dziedzinie precyzyjnej transmisji. Almer.sk.\",\"breadcrumb\":{\"@id\":\"https:\/\/almer.sk\/pl\/#breadcrumb\"},\"inLanguage\":\"pl-PL\",\"potentialAction\":[{\"@type\":\"ReadAction\",\"target\":[\"https:\/\/almer.sk\/pl\/\"]}]},{\"@type\":\"BreadcrumbList\",\"@id\":\"https:\/\/almer.sk\/pl\/#breadcrumb\",\"itemListElement\":[{\"@type\":\"ListItem\",\"position\":1,\"name\":\"Home\",\"item\":\"https:\/\/almer.sk\/pl\/\"},{\"@type\":\"ListItem\",\"position\":2,\"name\":\"Strona g\u0142\u00f3wna\"}]},{\"@type\":\"WebSite\",\"@id\":\"https:\/\/almer.sk\/pl\/#website\",\"url\":\"https:\/\/almer.sk\/pl\/\",\"name\":\"Almer.sk\",\"description\":\"Technologick\u00fd l\u00edder v oblasti presn\u00fdch prevodoviek\",\"potentialAction\":[{\"@type\":\"SearchAction\",\"target\":{\"@type\":\"EntryPoint\",\"urlTemplate\":\"https:\/\/almer.sk\/pl\/?s={search_term_string}\"},\"query-input\":{\"@type\":\"PropertyValueSpecification\",\"valueRequired\":true,\"valueName\":\"search_term_string\"}}],\"inLanguage\":\"pl-PL\"}]}<\/script>\n<!-- \/ Yoast SEO plugin. -->","yoast_head_json":{"title":"Przek\u0142adnie tensometryczne i si\u0142owniki - Almer.sk","description":"Przek\u0142adnie tensometryczne i si\u0142owniki. Przedstawiamy \u015bwiatowego lidera technologii w dziedzinie precyzyjnej transmisji. Almer.sk.","robots":{"index":"index","follow":"follow","max-snippet":"max-snippet:-1","max-image-preview":"max-image-preview:large","max-video-preview":"max-video-preview:-1"},"canonical":"https:\/\/almer.sk\/pl\/","og_locale":"pl_PL","og_type":"article","og_title":"Przek\u0142adnie tensometryczne i si\u0142owniki - Almer.sk","og_description":"Przek\u0142adnie tensometryczne i si\u0142owniki. Przedstawiamy \u015bwiatowego lidera technologii w dziedzinie precyzyjnej transmisji. Almer.sk.","og_url":"https:\/\/almer.sk\/pl\/","og_site_name":"Almer.sk","article_modified_time":"2023-07-31T09:40:54+00:00","twitter_card":"summary_large_image","twitter_misc":{"Szacowany czas czytania":"7 minut"},"schema":{"@context":"https:\/\/schema.org","@graph":[{"@type":"WebPage","@id":"https:\/\/almer.sk\/pl\/","url":"https:\/\/almer.sk\/pl\/","name":"Przek\u0142adnie tensometryczne i si\u0142owniki - Almer.sk","isPartOf":{"@id":"https:\/\/almer.sk\/pl\/#website"},"datePublished":"2020-02-17T13:11:13+00:00","dateModified":"2023-07-31T09:40:54+00:00","description":"Przek\u0142adnie tensometryczne i si\u0142owniki. Przedstawiamy \u015bwiatowego lidera technologii w dziedzinie precyzyjnej transmisji. Almer.sk.","breadcrumb":{"@id":"https:\/\/almer.sk\/pl\/#breadcrumb"},"inLanguage":"pl-PL","potentialAction":[{"@type":"ReadAction","target":["https:\/\/almer.sk\/pl\/"]}]},{"@type":"BreadcrumbList","@id":"https:\/\/almer.sk\/pl\/#breadcrumb","itemListElement":[{"@type":"ListItem","position":1,"name":"Home","item":"https:\/\/almer.sk\/pl\/"},{"@type":"ListItem","position":2,"name":"Strona g\u0142\u00f3wna"}]},{"@type":"WebSite","@id":"https:\/\/almer.sk\/pl\/#website","url":"https:\/\/almer.sk\/pl\/","name":"Almer.sk","description":"Technologick\u00fd l\u00edder v oblasti presn\u00fdch prevodoviek","potentialAction":[{"@type":"SearchAction","target":{"@type":"EntryPoint","urlTemplate":"https:\/\/almer.sk\/pl\/?s={search_term_string}"},"query-input":{"@type":"PropertyValueSpecification","valueRequired":true,"valueName":"search_term_string"}}],"inLanguage":"pl-PL"}]}},"_links":{"self":[{"href":"https:\/\/almer.sk\/pl\/wp-json\/wp\/v2\/pages\/5667","targetHints":{"allow":["GET"]}}],"collection":[{"href":"https:\/\/almer.sk\/pl\/wp-json\/wp\/v2\/pages"}],"about":[{"href":"https:\/\/almer.sk\/pl\/wp-json\/wp\/v2\/types\/page"}],"author":[{"embeddable":true,"href":"https:\/\/almer.sk\/pl\/wp-json\/wp\/v2\/users\/1"}],"replies":[{"embeddable":true,"href":"https:\/\/almer.sk\/pl\/wp-json\/wp\/v2\/comments?post=5667"}],"version-history":[{"count":4,"href":"https:\/\/almer.sk\/pl\/wp-json\/wp\/v2\/pages\/5667\/revisions"}],"predecessor-version":[{"id":6144,"href":"https:\/\/almer.sk\/pl\/wp-json\/wp\/v2\/pages\/5667\/revisions\/6144"}],"wp:attachment":[{"href":"https:\/\/almer.sk\/pl\/wp-json\/wp\/v2\/media?parent=5667"}],"curies":[{"name":"wp","href":"https:\/\/api.w.org\/{rel}","templated":true}]}}