{"id":5665,"date":"2023-06-20T08:19:27","date_gmt":"2023-06-20T06:19:27","guid":{"rendered":"https:\/\/almer.sk\/stoly-obrotowe-cnc\/gramofony-5-os\/"},"modified":"2023-09-05T11:40:19","modified_gmt":"2023-09-05T09:40:19","slug":"5-os","status":"publish","type":"page","link":"https:\/\/almer.sk\/pl\/stoly-obrotowe-cnc\/5-os\/","title":{"rendered":"5. o\u015b"},"content":{"rendered":"<p>[et_pb_section fb_built=&#8221;1&#8243; _builder_version=&#8221;4.21.0&#8243; _module_preset=&#8221;default&#8221; global_colors_info=&#8221;{}&#8221;][et_pb_row _builder_version=&#8221;4.21.0&#8243; _module_preset=&#8221;default&#8221; global_colors_info=&#8221;{}&#8221;][et_pb_column type=&#8221;4_4&#8243; _builder_version=&#8221;4.21.0&#8243; _module_preset=&#8221;default&#8221; global_colors_info=&#8221;{}&#8221;][et_pb_blurb content_max_width=&#8221;1100px&#8221; _builder_version=&#8221;4.22.1&#8243; _module_preset=&#8221;default&#8221; body_text_align=&#8221;left&#8221; global_colors_info=&#8221;{}&#8221;]<\/p>\n<p><a class=\"bread\" href=\"https:\/\/almer.sk\/\">&gt; Strona g\u0142\u00f3wna<\/a> \/ <a class=\"bread\" href=\"https:\/\/almer.sk\/cnc-otocne-stoly\/\">Sto\u0142y obrotowe<\/a>\u00a0\/ 5. os<\/p>\n<p>[\/et_pb_blurb][et_pb_blurb content_max_width=&#8221;1100px&#8221; _builder_version=&#8221;4.21.0&#8243; _module_preset=&#8221;default&#8221; header_level=&#8221;h1&#8243; header_font=&#8221;|||on|||||&#8221; body_font=&#8221;|||on|||||&#8221; body_text_align=&#8221;center&#8221; body_line_height=&#8221;1.6em&#8221; global_colors_info=&#8221;{}&#8221;]<\/p>\n<h1 style=\"text-align: center;\"><span class=\"cierna\">Sto\u0142y obrotowe i uchylne CNC<\/span> &#8211; 4. &amp; 5 o\u015b<\/h1>\n<p>[\/et_pb_blurb][et_pb_blurb _builder_version=&#8221;4.21.0&#8243; _module_preset=&#8221;default&#8221; header_level=&#8221;h1&#8243; header_font=&#8221;|||on|||||&#8221; body_font=&#8221;||||||||&#8221; body_text_align=&#8221;center&#8221; body_line_height=&#8221;1.6em&#8221; custom_margin=&#8221;-30px||||false|false&#8221; global_colors_info=&#8221;{}&#8221;]<\/p>\n<h3 style=\"text-align: center;\">kompaktowe dwuosiowe pozycjonery<\/h3>\n<p>[\/et_pb_blurb][\/et_pb_column][\/et_pb_row][et_pb_row column_structure=&#8221;1_3,1_3,1_3&#8243; _builder_version=&#8221;4.21.0&#8243; _module_preset=&#8221;default&#8221; global_colors_info=&#8221;{}&#8221;][et_pb_column type=&#8221;1_3&#8243; _builder_version=&#8221;4.21.0&#8243; _module_preset=&#8221;default&#8221; global_colors_info=&#8221;{}&#8221;][et_pb_blurb title=&#8221;KUR-180&#8243; image=&#8221;https:\/\/almer.sk\/wp-content\/uploads\/2023\/06\/KUR-180-5th-axis.png&#8221; alt=&#8221;KUR-180 5. o\u015b&#8221; _builder_version=&#8221;4.21.0&#8243; _module_preset=&#8221;default&#8221; header_level=&#8221;h3&#8243; header_text_align=&#8221;center&#8221; width=&#8221;92%&#8221; animation=&#8221;off&#8221; global_colors_info=&#8221;{}&#8221;][\/et_pb_blurb][\/et_pb_column][et_pb_column type=&#8221;1_3&#8243; _builder_version=&#8221;4.21.0&#8243; _module_preset=&#8221;default&#8221; global_colors_info=&#8221;{}&#8221;][et_pb_blurb title=&#8221;KFR-250&#8243; image=&#8221;https:\/\/almer.sk\/wp-content\/uploads\/2023\/06\/KFR-250-5th-axis.png&#8221; alt=&#8221;5-osiowy-A&#8221; _builder_version=&#8221;4.21.0&#8243; _module_preset=&#8221;default&#8221; header_level=&#8221;h3&#8243; header_text_align=&#8221;center&#8221; animation=&#8221;off&#8221; locked=&#8221;off&#8221; global_colors_info=&#8221;{}&#8221;][\/et_pb_blurb][\/et_pb_column][et_pb_column type=&#8221;1_3&#8243; _builder_version=&#8221;4.21.0&#8243; _module_preset=&#8221;default&#8221; global_colors_info=&#8221;{}&#8221;][et_pb_blurb title=&#8221;KFR-320&#8243; image=&#8221;https:\/\/almer.sk\/wp-content\/uploads\/2023\/06\/Kfr-320-5th-axis-1.png&#8221; alt=&#8221;Kfr-320 5. o\u015b&#8221; _builder_version=&#8221;4.21.0&#8243; _module_preset=&#8221;default&#8221; header_level=&#8221;h3&#8243; header_text_align=&#8221;center&#8221; width=&#8221;92%&#8221; animation=&#8221;off&#8221; locked=&#8221;off&#8221; global_colors_info=&#8221;{}&#8221;][\/et_pb_blurb][\/et_pb_column][\/et_pb_row][et_pb_row _builder_version=&#8221;4.21.0&#8243; _module_preset=&#8221;default&#8221; global_colors_info=&#8221;{}&#8221;][et_pb_column type=&#8221;4_4&#8243; _builder_version=&#8221;4.21.0&#8243; _module_preset=&#8221;default&#8221; global_colors_info=&#8221;{}&#8221;][et_pb_tabs active_tab_background_color=&#8221;#000000&#8243; inactive_tab_background_color=&#8221;#ff0000&#8243; active_tab_text_color=&#8221;#ffffff&#8221; module_id=&#8221;taby&#8221; _builder_version=&#8221;4.21.0&#8243; tab_text_color=&#8221;#ffffff&#8221; tab_font=&#8221;|300|||||||&#8221; tab_font_size=&#8221;16px&#8221; tab_line_height=&#8221;2.8em&#8221; border_width_all=&#8221;0px&#8221; border_color_all=&#8221;rgba(0,0,0,0)&#8221; global_colors_info=&#8221;{}&#8221;][et_pb_tab title=&#8221;Opis&#8221; _builder_version=&#8221;4.21.0&#8243; global_colors_info=&#8221;{}&#8221;]<\/p>\n<p>Obrotowe modu\u0142y pozycjonuj\u0105ce s\u0105 oparte na wysoce precyzyjnych, opatentowanych przek\u0142adniach harmonicznych LD najnowszej generacji o bardzo d\u0142ugiej \u017cywotno\u015bci i bardzo wysokiej dok\u0142adno\u015bci indeksowania. S\u0105 one u\u017cywane g\u0142\u00f3wnie do 4. &amp; precyzyjna obr\u00f3bka CNC w 5. osi.<\/p>\n<p>Obejmuj\u0105 one silniki z momentem obrotowym LD o wysokiej g\u0119sto\u015bci mocy i zintegrowane bezpo\u015brednie po\u0142\u0105czenie w celu uzyskania szybkiej reakcji dynamicznej. Jest to obecnie jedyny st\u00f3\u0142 obrotowy na rynku z dok\u0142adno\u015bci\u0105 poni\u017cej 10 sekund \u0142uku, bardzo wysok\u0105 sztywno\u015bci\u0105 i maksymalnym momentem obrotowym 1470 Nm.<\/p>\n<p>Jako\u015b\u0107 konstrukcji zapewnia, \u017ce dok\u0142adno\u015b\u0107 pozostaje niezmieniona przez ponad pi\u0119\u0107 lat bez potrzeby regularnej konserwacji.<\/p>\n<h4> <\/h4>\n<h4>G\u0142\u00f3wne cechy<\/h4>\n<p>&nbsp;<\/p>\n<ul>\n<li><strong>Wysoka dok\u0142adno\u015b\u0107:<\/strong> absolutna dok\u0142adno\u015b\u0107 pozycjonowania wynosi mniej ni\u017c 10 arcsec (0,0028\u00b0).<\/li>\n<li><strong>Zero Will:<\/strong> Nap\u0119d harmoniczny o zerowej g\u0142o\u015bno\u015bci .<\/li>\n<li><strong>Wysoki moment obrotowy:<\/strong> ma\u0142y rozmiar, wysoki moment obrotowy; wyj\u015bciowy moment obrotowy do 1470 Nm.<\/li>\n<li><strong>Bezobs\u0142ugowo\u015b\u0107:<\/strong> brak degeneracji dok\u0142adno\u015bci, brak potrzeby regularnej konserwacji. Dok\u0142adno\u015b\u0107 pozostaje niezmieniona po ponad 20 000 godzin u\u017cytkowania.<\/li>\n<li><strong>Integracja:<\/strong> Wysoce zintegrowany, z wbudowanym niezwykle precyzyjnym i sztywnym specjalnym harmonicznym reduktorem pr\u0119dko\u015bci dla obrabiarek (produkt opatentowany na ca\u0142ym \u015bwiecie) i mocnym silnikiem o du\u017cej g\u0119sto\u015bci mocy, z obs\u0142ug\u0105 niskiego momentu obrotowego.<\/li>\n<li><strong>Szybka reakcja:<\/strong> doskona\u0142a reakcja dynamiczna.<\/li>\n<li><strong>Szybkie pozycjonowanie:<\/strong> brak luz\u00f3w i wysoka sztywno\u015b\u0107; nie ma potrzeby hamowania podczas pracy, co znacznie skraca czas.<\/li>\n<li><strong>Wysoka wydajno\u015b\u0107:<\/strong> Wydajno\u015b\u0107 wynosi od 75% do 80%.<\/li>\n<\/ul>\n<p>[\/et_pb_tab][et_pb_tab title=&#8221;Parametry&#8221; _builder_version=&#8221;4.21.0&#8243; global_colors_info=&#8221;{}&#8221;]<\/p>\n<h3>Parametry 4. &amp; 5 o\u015b<\/h3>\n<ul class=\"et_post_gallery clearfix\">\n\t\t\t\t\t<li class=\"et_gallery_item et_pb_gallery_image\">\n\t\t\t\t\t\t<a href=\"https:\/\/almer.sk\/wp-content\/uploads\/2023\/06\/Parametre-5.os_-scaled-e1688655915976.jpg\" title=\"Parametre 5.os\">\n\t\t\t\t\t\t\t<span class=\"et_portfolio_image\">\n\t\t\t\t\t\t\t\t<img loading=\"lazy\" decoding=\"async\" width=\"400\" height=\"284\" src=\"https:\/\/almer.sk\/wp-content\/uploads\/2023\/06\/Parametre-5.os_-scaled-e1688655915976-400x284.jpg\" class=\"attachment-et-pb-portfolio-image size-et-pb-portfolio-image\" alt=\"\" \/>\n\t\t\t\t\t\t\t\t<span class=\"et_overlay\"><\/span>\n\t\t\t\t\t\t\t<\/span>\n\t\t\t\t\t\t<\/a>\n\t\t\t\t\t\t<p class=\"et_pb_gallery_caption\">Parametre 5.os<\/p>\n\t\t\t\t\t<\/li>\n\t\t\t\t<\/ul>\n<p>[\/et_pb_tab][et_pb_tab title=&#8221;Rysunki&#8221; _builder_version=&#8221;4.21.0&#8243; global_colors_info=&#8221;{}&#8221;]<\/p>\n<h3>Rysunki 4. &amp; 5 o\u015b<\/h3>\n<ul class=\"et_post_gallery clearfix\">\n\t\t\t\t\t<li class=\"et_gallery_item et_pb_gallery_image\">\n\t\t\t\t\t\t<a href=\"https:\/\/almer.sk\/wp-content\/uploads\/2023\/06\/KUR-180FEDM-scaled.jpg\" title=\"KUR-180FEDM\">\n\t\t\t\t\t\t\t<span class=\"et_portfolio_image\">\n\t\t\t\t\t\t\t\t<img loading=\"lazy\" decoding=\"async\" width=\"400\" height=\"284\" src=\"https:\/\/almer.sk\/wp-content\/uploads\/2023\/06\/KUR-180FEDM-400x284.jpg\" class=\"attachment-et-pb-portfolio-image size-et-pb-portfolio-image\" alt=\"\" \/>\n\t\t\t\t\t\t\t\t<span class=\"et_overlay\"><\/span>\n\t\t\t\t\t\t\t<\/span>\n\t\t\t\t\t\t<\/a>\n\t\t\t\t\t\t<p class=\"et_pb_gallery_caption\">KUR-180FEDM<\/p>\n\t\t\t\t\t<\/li><li class=\"et_gallery_item et_pb_gallery_image\">\n\t\t\t\t\t\t<a href=\"https:\/\/almer.sk\/wp-content\/uploads\/2023\/06\/KFR-250FEDF-scaled.jpg\" title=\"KFR-250FEDF\">\n\t\t\t\t\t\t\t<span class=\"et_portfolio_image\">\n\t\t\t\t\t\t\t\t<img loading=\"lazy\" decoding=\"async\" width=\"400\" height=\"284\" src=\"https:\/\/almer.sk\/wp-content\/uploads\/2023\/06\/KFR-250FEDF-400x284.jpg\" class=\"attachment-et-pb-portfolio-image size-et-pb-portfolio-image\" alt=\"\" \/>\n\t\t\t\t\t\t\t\t<span class=\"et_overlay\"><\/span>\n\t\t\t\t\t\t\t<\/span>\n\t\t\t\t\t\t<\/a>\n\t\t\t\t\t\t<p class=\"et_pb_gallery_caption\">KFR-250FEDF<\/p>\n\t\t\t\t\t<\/li><li class=\"et_gallery_item et_pb_gallery_image\">\n\t\t\t\t\t\t<a href=\"https:\/\/almer.sk\/wp-content\/uploads\/2023\/06\/KFR-320FEDF-scaled.jpg\" title=\"KFR-320FEDF\">\n\t\t\t\t\t\t\t<span class=\"et_portfolio_image\">\n\t\t\t\t\t\t\t\t<img loading=\"lazy\" decoding=\"async\" width=\"400\" height=\"284\" src=\"https:\/\/almer.sk\/wp-content\/uploads\/2023\/06\/KFR-320FEDF-400x284.jpg\" class=\"attachment-et-pb-portfolio-image size-et-pb-portfolio-image\" alt=\"\" \/>\n\t\t\t\t\t\t\t\t<span class=\"et_overlay\"><\/span>\n\t\t\t\t\t\t\t<\/span>\n\t\t\t\t\t\t<\/a>\n\t\t\t\t\t\t<p class=\"et_pb_gallery_caption\">KFR-320FEDF<\/p>\n\t\t\t\t\t<\/li>\n\t\t\t\t<\/ul>\n<p>[\/et_pb_tab][et_pb_tab title=&#8221;3D&#8221; _builder_version=&#8221;4.21.0&#8243; global_colors_info=&#8221;{}&#8221;]<\/p>\n<h3>W przypadku wydruk\u00f3w 3D prosimy o kontakt<\/h3>\n<h4>[et_pb_section global_module=\"1380\"][\/et_pb_section]<\/h4>\n<p>[\/et_pb_tab][et_pb_tab title=&#8221;Specyfikacja modelu&#8221; _builder_version=&#8221;4.21.0&#8243; global_colors_info=&#8221;{}&#8221;]<\/p>\n<h3>Specyfikacja 4. &amp; 5 o\u015b<\/h3>\n<ul class=\"et_post_gallery clearfix\">\n\t\t\t\t\t<li class=\"et_gallery_item et_pb_gallery_image\">\n\t\t\t\t\t\t<a href=\"https:\/\/almer.sk\/wp-content\/uploads\/2023\/06\/Specifikacia-5.os_-scaled-e1688655938264.jpg\" title=\"S\u030cpecifika\u0301cia 5. os\">\n\t\t\t\t\t\t\t<span class=\"et_portfolio_image\">\n\t\t\t\t\t\t\t\t<img loading=\"lazy\" decoding=\"async\" width=\"400\" height=\"284\" src=\"https:\/\/almer.sk\/wp-content\/uploads\/2023\/06\/Specifikacia-5.os_-scaled-e1688655938264-400x284.jpg\" class=\"attachment-et-pb-portfolio-image size-et-pb-portfolio-image\" alt=\"\" \/>\n\t\t\t\t\t\t\t\t<span class=\"et_overlay\"><\/span>\n\t\t\t\t\t\t\t<\/span>\n\t\t\t\t\t\t<\/a>\n\t\t\t\t\t\t<p class=\"et_pb_gallery_caption\">S\u030cpecifika\u0301cia 5. os<\/p>\n\t\t\t\t\t<\/li>\n\t\t\t\t<\/ul>\n<p>[\/et_pb_tab][et_pb_tab title=&#8221;Zapytanie o produkt&#8221; _builder_version=&#8221;4.21.0&#8243; global_colors_info=&#8221;{}&#8221;]<\/p>\n<p>Prosimy o kontakt z naszym technicznym zespo\u0142em sprzeda\u017cy w celu uzyskania cen, arkuszy danych, rysunk\u00f3w technicznych (2D\/3D), instrukcji obs\u0142ugi sprz\u0119tu i oprogramowania lub innych informacji technicznych dotycz\u0105cych aplikacji&#8230;<\/p>\n[et_pb_section global_module=\"1380\"][\/et_pb_section]\n<p>[\/et_pb_tab][\/et_pb_tabs][\/et_pb_column][\/et_pb_row][\/et_pb_section]<\/p>\n","protected":false},"excerpt":{"rendered":"<p>&gt; Strona g\u0142\u00f3wna \/ Sto\u0142y obrotowe\u00a0\/ 5. osSto\u0142y obrotowe i uchylne CNC &#8211; 4. &amp; 5 o\u015bkompaktowe dwuosiowe pozycjoneryObrotowe modu\u0142y pozycjonuj\u0105ce s\u0105 oparte na wysoce precyzyjnych, opatentowanych przek\u0142adniach harmonicznych LD najnowszej generacji o bardzo d\u0142ugiej \u017cywotno\u015bci i bardzo wysokiej dok\u0142adno\u015bci indeksowania. S\u0105 one u\u017cywane g\u0142\u00f3wnie do 4. &amp; precyzyjna obr\u00f3bka CNC w 5. osi. Obejmuj\u0105 [&hellip;]<\/p>\n","protected":false},"author":1,"featured_media":0,"parent":5559,"menu_order":0,"comment_status":"closed","ping_status":"closed","template":"","meta":{"_et_pb_use_builder":"on","_et_pb_old_content":"","_et_gb_content_width":"","footnotes":""},"class_list":["post-5665","page","type-page","status-publish","hentry"],"yoast_head":"<!-- This site is optimized with the Yoast SEO plugin v26.6 - https:\/\/yoast.com\/wordpress\/plugins\/seo\/ -->\n<title>5. o\u015b - Almer.sk<\/title>\n<meta name=\"robots\" content=\"index, follow, max-snippet:-1, max-image-preview:large, max-video-preview:-1\" \/>\n<link rel=\"canonical\" href=\"https:\/\/almer.sk\/pl\/stoly-obrotowe-cnc\/5-os\/\" \/>\n<meta property=\"og:locale\" content=\"pl_PL\" \/>\n<meta property=\"og:type\" content=\"article\" \/>\n<meta property=\"og:title\" content=\"5. o\u015b - Almer.sk\" \/>\n<meta property=\"og:description\" content=\"&gt; Strona g\u0142\u00f3wna \/ Sto\u0142y obrotowe\u00a0\/ 5. osSto\u0142y obrotowe i uchylne CNC - 4. &amp; 5 o\u015bkompaktowe dwuosiowe pozycjoneryObrotowe modu\u0142y pozycjonuj\u0105ce s\u0105 oparte na wysoce precyzyjnych, opatentowanych przek\u0142adniach harmonicznych LD najnowszej generacji o bardzo d\u0142ugiej \u017cywotno\u015bci i bardzo wysokiej dok\u0142adno\u015bci indeksowania. S\u0105 one u\u017cywane g\u0142\u00f3wnie do 4. &amp; precyzyjna obr\u00f3bka CNC w 5. osi. Obejmuj\u0105 [&hellip;]\" \/>\n<meta property=\"og:url\" content=\"https:\/\/almer.sk\/pl\/stoly-obrotowe-cnc\/5-os\/\" \/>\n<meta property=\"og:site_name\" content=\"Almer.sk\" \/>\n<meta property=\"article:modified_time\" content=\"2023-09-05T09:40:19+00:00\" \/>\n<meta name=\"twitter:card\" content=\"summary_large_image\" \/>\n<meta name=\"twitter:label1\" content=\"Szacowany czas czytania\" \/>\n\t<meta name=\"twitter:data1\" content=\"3 minuty\" \/>\n<script type=\"application\/ld+json\" class=\"yoast-schema-graph\">{\"@context\":\"https:\/\/schema.org\",\"@graph\":[{\"@type\":\"WebPage\",\"@id\":\"https:\/\/almer.sk\/pl\/stoly-obrotowe-cnc\/5-os\/\",\"url\":\"https:\/\/almer.sk\/pl\/stoly-obrotowe-cnc\/5-os\/\",\"name\":\"5. o\u015b - Almer.sk\",\"isPartOf\":{\"@id\":\"https:\/\/almer.sk\/pl\/#website\"},\"datePublished\":\"2023-06-20T06:19:27+00:00\",\"dateModified\":\"2023-09-05T09:40:19+00:00\",\"breadcrumb\":{\"@id\":\"https:\/\/almer.sk\/pl\/stoly-obrotowe-cnc\/5-os\/#breadcrumb\"},\"inLanguage\":\"pl-PL\",\"potentialAction\":[{\"@type\":\"ReadAction\",\"target\":[\"https:\/\/almer.sk\/pl\/stoly-obrotowe-cnc\/5-os\/\"]}]},{\"@type\":\"BreadcrumbList\",\"@id\":\"https:\/\/almer.sk\/pl\/stoly-obrotowe-cnc\/5-os\/#breadcrumb\",\"itemListElement\":[{\"@type\":\"ListItem\",\"position\":1,\"name\":\"Home\",\"item\":\"https:\/\/almer.sk\/pl\/\"},{\"@type\":\"ListItem\",\"position\":2,\"name\":\"Sto\u0142y obrotowe CNC\",\"item\":\"https:\/\/almer.sk\/pl\/stoly-obrotowe-cnc\/\"},{\"@type\":\"ListItem\",\"position\":3,\"name\":\"5. o\u015b\"}]},{\"@type\":\"WebSite\",\"@id\":\"https:\/\/almer.sk\/pl\/#website\",\"url\":\"https:\/\/almer.sk\/pl\/\",\"name\":\"Almer.sk\",\"description\":\"Technologick\u00fd l\u00edder v oblasti presn\u00fdch prevodoviek\",\"potentialAction\":[{\"@type\":\"SearchAction\",\"target\":{\"@type\":\"EntryPoint\",\"urlTemplate\":\"https:\/\/almer.sk\/pl\/?s={search_term_string}\"},\"query-input\":{\"@type\":\"PropertyValueSpecification\",\"valueRequired\":true,\"valueName\":\"search_term_string\"}}],\"inLanguage\":\"pl-PL\"}]}<\/script>\n<!-- \/ Yoast SEO plugin. -->","yoast_head_json":{"title":"5. o\u015b - Almer.sk","robots":{"index":"index","follow":"follow","max-snippet":"max-snippet:-1","max-image-preview":"max-image-preview:large","max-video-preview":"max-video-preview:-1"},"canonical":"https:\/\/almer.sk\/pl\/stoly-obrotowe-cnc\/5-os\/","og_locale":"pl_PL","og_type":"article","og_title":"5. o\u015b - Almer.sk","og_description":"&gt; Strona g\u0142\u00f3wna \/ Sto\u0142y obrotowe\u00a0\/ 5. osSto\u0142y obrotowe i uchylne CNC - 4. &amp; 5 o\u015bkompaktowe dwuosiowe pozycjoneryObrotowe modu\u0142y pozycjonuj\u0105ce s\u0105 oparte na wysoce precyzyjnych, opatentowanych przek\u0142adniach harmonicznych LD najnowszej generacji o bardzo d\u0142ugiej \u017cywotno\u015bci i bardzo wysokiej dok\u0142adno\u015bci indeksowania. S\u0105 one u\u017cywane g\u0142\u00f3wnie do 4. &amp; precyzyjna obr\u00f3bka CNC w 5. osi. Obejmuj\u0105 [&hellip;]","og_url":"https:\/\/almer.sk\/pl\/stoly-obrotowe-cnc\/5-os\/","og_site_name":"Almer.sk","article_modified_time":"2023-09-05T09:40:19+00:00","twitter_card":"summary_large_image","twitter_misc":{"Szacowany czas czytania":"3 minuty"},"schema":{"@context":"https:\/\/schema.org","@graph":[{"@type":"WebPage","@id":"https:\/\/almer.sk\/pl\/stoly-obrotowe-cnc\/5-os\/","url":"https:\/\/almer.sk\/pl\/stoly-obrotowe-cnc\/5-os\/","name":"5. o\u015b - Almer.sk","isPartOf":{"@id":"https:\/\/almer.sk\/pl\/#website"},"datePublished":"2023-06-20T06:19:27+00:00","dateModified":"2023-09-05T09:40:19+00:00","breadcrumb":{"@id":"https:\/\/almer.sk\/pl\/stoly-obrotowe-cnc\/5-os\/#breadcrumb"},"inLanguage":"pl-PL","potentialAction":[{"@type":"ReadAction","target":["https:\/\/almer.sk\/pl\/stoly-obrotowe-cnc\/5-os\/"]}]},{"@type":"BreadcrumbList","@id":"https:\/\/almer.sk\/pl\/stoly-obrotowe-cnc\/5-os\/#breadcrumb","itemListElement":[{"@type":"ListItem","position":1,"name":"Home","item":"https:\/\/almer.sk\/pl\/"},{"@type":"ListItem","position":2,"name":"Sto\u0142y obrotowe CNC","item":"https:\/\/almer.sk\/pl\/stoly-obrotowe-cnc\/"},{"@type":"ListItem","position":3,"name":"5. o\u015b"}]},{"@type":"WebSite","@id":"https:\/\/almer.sk\/pl\/#website","url":"https:\/\/almer.sk\/pl\/","name":"Almer.sk","description":"Technologick\u00fd l\u00edder v oblasti presn\u00fdch prevodoviek","potentialAction":[{"@type":"SearchAction","target":{"@type":"EntryPoint","urlTemplate":"https:\/\/almer.sk\/pl\/?s={search_term_string}"},"query-input":{"@type":"PropertyValueSpecification","valueRequired":true,"valueName":"search_term_string"}}],"inLanguage":"pl-PL"}]}},"_links":{"self":[{"href":"https:\/\/almer.sk\/pl\/wp-json\/wp\/v2\/pages\/5665","targetHints":{"allow":["GET"]}}],"collection":[{"href":"https:\/\/almer.sk\/pl\/wp-json\/wp\/v2\/pages"}],"about":[{"href":"https:\/\/almer.sk\/pl\/wp-json\/wp\/v2\/types\/page"}],"author":[{"embeddable":true,"href":"https:\/\/almer.sk\/pl\/wp-json\/wp\/v2\/users\/1"}],"replies":[{"embeddable":true,"href":"https:\/\/almer.sk\/pl\/wp-json\/wp\/v2\/comments?post=5665"}],"version-history":[{"count":6,"href":"https:\/\/almer.sk\/pl\/wp-json\/wp\/v2\/pages\/5665\/revisions"}],"predecessor-version":[{"id":6590,"href":"https:\/\/almer.sk\/pl\/wp-json\/wp\/v2\/pages\/5665\/revisions\/6590"}],"up":[{"embeddable":true,"href":"https:\/\/almer.sk\/pl\/wp-json\/wp\/v2\/pages\/5559"}],"wp:attachment":[{"href":"https:\/\/almer.sk\/pl\/wp-json\/wp\/v2\/media?parent=5665"}],"curies":[{"name":"wp","href":"https:\/\/api.w.org\/{rel}","templated":true}]}}