{"id":5664,"date":"2023-06-15T11:55:07","date_gmt":"2023-06-15T09:55:07","guid":{"rendered":"https:\/\/almer.sk\/przekladnie-harmoniczne\/"},"modified":"2023-09-19T13:36:07","modified_gmt":"2023-09-19T11:36:07","slug":"przekladnie-harmoniczne","status":"publish","type":"page","link":"https:\/\/almer.sk\/pl\/przekladnie-harmoniczne\/","title":{"rendered":"Przek\u0142adnie harmoniczne"},"content":{"rendered":"<p>[et_pb_section fb_built=&#8221;1&#8243; _builder_version=&#8221;4.21.0&#8243; _module_preset=&#8221;default&#8221; locked=&#8221;off&#8221; global_colors_info=&#8221;{}&#8221;][et_pb_row _builder_version=&#8221;4.21.0&#8243; _module_preset=&#8221;default&#8221; width=&#8221;90%&#8221; global_colors_info=&#8221;{}&#8221;][et_pb_column type=&#8221;4_4&#8243; _builder_version=&#8221;4.21.0&#8243; _module_preset=&#8221;default&#8221; global_colors_info=&#8221;{}&#8221;][et_pb_blurb content_max_width=&#8221;1100px&#8221; _builder_version=&#8221;4.22.1&#8243; _module_preset=&#8221;default&#8221; body_text_align=&#8221;left&#8221; hover_enabled=&#8221;0&#8243; global_colors_info=&#8221;{}&#8221; sticky_enabled=&#8221;0&#8243;]<a class=\"bread\" href=\"https:\/\/almer.sk\/\">&gt; Dom<\/a> \/ <a class=\"bread\" href=\"https:\/\/almer.sk\/pl\/przekladnie\/\">Przek\u0142adnie<\/a> \/ Harmoniczne[\/et_pb_blurb][et_pb_blurb content_max_width=&#8221;1100px&#8221; _builder_version=&#8221;4.21.0&#8243; _module_preset=&#8221;default&#8221; header_level=&#8221;h1&#8243; header_font=&#8221;|||on|||||&#8221; body_font=&#8221;|||on|||||&#8221; body_text_align=&#8221;center&#8221; body_line_height=&#8221;2.2em&#8221; global_colors_info=&#8221;{}&#8221;]<\/p>\n<h1><span class=\"cierna\">Precyzyjne (bezluzowe)<\/span> przek\u0142adnie harmoniczne<\/h1>\n<p>[\/et_pb_blurb][et_pb_blurb content_max_width=&#8221;1100px&#8221; _builder_version=&#8221;4.21.0&#8243; _module_preset=&#8221;default&#8221; header_level=&#8221;h1&#8243; header_font=&#8221;|||on|||||&#8221; body_font=&#8221;|||on|||||&#8221; body_text_align=&#8221;center&#8221; custom_margin=&#8221;-20px||1px||false|false&#8221; global_colors_info=&#8221;{}&#8221;]<\/p>\n<p><span style=\"font-size: 28px; color: #339966;\">leaderdrive\u00ae<\/span><\/p>\n<p>[\/et_pb_blurb][\/et_pb_column][\/et_pb_row][et_pb_row _builder_version=&#8221;4.21.0&#8243; _module_preset=&#8221;default&#8221; custom_margin=&#8221;||-15px||false|false&#8221; global_colors_info=&#8221;{}&#8221;][et_pb_column type=&#8221;4_4&#8243; _builder_version=&#8221;4.21.0&#8243; _module_preset=&#8221;default&#8221; global_colors_info=&#8221;{}&#8221;][et_pb_blurb content_max_width=&#8221;1100px&#8221; _builder_version=&#8221;4.21.0&#8243; _module_preset=&#8221;default&#8221; custom_margin=&#8221;||-40px||false|false&#8221; custom_padding=&#8221;||0px||false|false&#8221; global_colors_info=&#8221;{}&#8221;]<\/p>\n<p>Przek\u0142adnie z innowacyjnym, opatentowanym kszta\u0142tem z\u0119b\u00f3w zapewniaj\u0105cym wysok\u0105 precyzj\u0119 i wydajno\u015b\u0107. Ze wzgl\u0119du na swoj\u0105 budow\u0119 i konstrukcj\u0119 zapewniaj\u0105 nast\u0119puj\u0105ce korzy\u015bci dla aplikacji:<\/p>\n<p>[\/et_pb_blurb][\/et_pb_column][\/et_pb_row][et_pb_row column_structure=&#8221;1_3,1_3,1_3&#8243; _builder_version=&#8221;4.21.0&#8243; _module_preset=&#8221;default&#8221; custom_margin=&#8221;||||false|false&#8221; custom_padding=&#8221;||||false|false&#8221; global_colors_info=&#8221;{}&#8221;][et_pb_column type=&#8221;1_3&#8243; _builder_version=&#8221;4.21.0&#8243; _module_preset=&#8221;default&#8221; global_colors_info=&#8221;{}&#8221;][et_pb_blurb _builder_version=&#8221;4.21.0&#8243; _module_preset=&#8221;default&#8221; global_colors_info=&#8221;{}&#8221;]<\/p>\n<ul>\n<li>Wysoki moment obrotowy (3,5 &#8211; 921 Nm)<\/li>\n<li>mo\u017cliwo\u015b\u0107 nawet pi\u0119ciokrotnego przeci\u0105\u017cenia<\/li>\n<li>maks. pr\u0119dko\u015b\u0107 wej\u015bciowa: do 8000 obr.<\/li>\n<li>Kompaktowo\u015b\u0107 i lekko\u015b\u0107<\/li>\n<\/ul>\n<p>[\/et_pb_blurb][\/et_pb_column][et_pb_column type=&#8221;1_3&#8243; _builder_version=&#8221;4.21.0&#8243; _module_preset=&#8221;default&#8221; global_colors_info=&#8221;{}&#8221;][et_pb_blurb _builder_version=&#8221;4.21.0&#8243; _module_preset=&#8221;default&#8221; global_colors_info=&#8221;{}&#8221;]<\/p>\n<ul>\n<li>Wysoka wydajno\u015b\u0107 i brak luz\u00f3w<\/li>\n<li>pe\u0142ny\/g\u0142\u0119boki wa\u0142 wyj\u015bciowy<\/li>\n<li>wysoka sztywno\u015b\u0107 i stabilno\u015b\u0107 bez wstrz\u0105s\u00f3w, niski poziom ha\u0142asu<\/li>\n<li>mo\u017cliwo\u015b\u0107 dostosowania do \u017cycze\u0144 klienta<\/li>\n<\/ul>\n<p>[\/et_pb_blurb][\/et_pb_column][et_pb_column type=&#8221;1_3&#8243; _builder_version=&#8221;4.21.0&#8243; _module_preset=&#8221;default&#8221; global_colors_info=&#8221;{}&#8221;][et_pb_blurb _builder_version=&#8221;4.21.0&#8243; _module_preset=&#8221;default&#8221; global_colors_info=&#8221;{}&#8221;]<\/p>\n<ul>\n<li>Wysoka konwersja: od 30:1 do 160:1<\/li>\n<li>zestaw komponent\u00f3w \/ kompaktowa konstrukcja<\/li>\n<li>Wysoka dok\u0142adno\u015b\u0107 pozycjonowania i obrotu<\/li>\n<li>D\u0142uga \u017cywotno\u015b\u0107<\/li>\n<\/ul>\n<p>[\/et_pb_blurb][\/et_pb_column][\/et_pb_row][et_pb_row column_structure=&#8221;1_4,1_4,1_4,1_4&#8243; _builder_version=&#8221;4.21.0&#8243; _module_preset=&#8221;default&#8221; global_colors_info=&#8221;{}&#8221;][et_pb_column type=&#8221;1_4&#8243; _builder_version=&#8221;4.21.0&#8243; _module_preset=&#8221;default&#8221; global_colors_info=&#8221;{}&#8221;][et_pb_blurb url=&#8221;https:\/\/almer.sk\/pl\/przekladnie-harmoniczne\/lcd-przekladnie-harmoniczne\/&#8221; image=&#8221;https:\/\/almer.sk\/wp-content\/uploads\/2023\/07\/LCD-seria.png&#8221; alt=&#8221;Seria LCD&#8221; _builder_version=&#8221;4.22.1&#8243; _module_preset=&#8221;default&#8221; animation=&#8221;off&#8221; link_option_url=&#8221;https:\/\/almer.sk\/pl\/przekladnie-harmoniczne\/lcd-przekladnie-harmoniczne\/&#8221; hover_enabled=&#8221;0&#8243; global_colors_info=&#8221;{}&#8221; sticky_enabled=&#8221;0&#8243;]<\/p>\n<h3 style=\"text-align: center;\"><span class=\"cervena\">LCD<\/span><\/h3>\n<p>Ultracienki Flexspline w kszta\u0142cie misy. Kr\u00f3tki wymiar osiowy. Ca\u0142a konstrukcja ma ultrap\u0142ask\u0105 konstrukcj\u0119, niewielkie rozmiary i niewielk\u0105 wag\u0119, wysok\u0105 sztywno\u015b\u0107 i niski luz. <a href=\"https:\/\/almer.sk\/pl\/przekladnie-harmoniczne\/lcd-transmisje-harmoniczne\/\"><span style=\"color: #ff0000;\">Wi\u0119cej&#8230;<\/span><\/a><\/p>\n<p>[\/et_pb_blurb][\/et_pb_column][et_pb_column type=&#8221;1_4&#8243; _builder_version=&#8221;4.21.0&#8243; _module_preset=&#8221;default&#8221; global_colors_info=&#8221;{}&#8221;][et_pb_blurb url=&#8221;https:\/\/almer.sk\/pl\/przekladnie-harmoniczne\/lcs-g-przekladnie-harmoniczne\/&#8221; image=&#8221;https:\/\/almer.sk\/wp-content\/uploads\/2023\/07\/LCS-seria.png&#8221; alt=&#8221;Seria LCS&#8221; _builder_version=&#8221;4.22.1&#8243; _module_preset=&#8221;default&#8221; custom_padding=&#8221;||1px|||&#8221; animation=&#8221;off&#8221; link_option_url=&#8221;https:\/\/almer.sk\/pl\/przekladnie-harmoniczne\/lcs-g-przekladnie-harmoniczne\/&#8221; global_colors_info=&#8221;{}&#8221;]<\/p>\n<h3 style=\"text-align: center;\"><span class=\"cervena\">LCS \/ LCSG<\/span><\/h3>\n<p>Standardowy Flexspline w kszta\u0142cie misy. Z regu\u0142y ko\u0142o sta\u0142e jest nieruchome, a do po\u0142\u0105czenia wyj\u015bciowego s\u0142u\u017cy ko\u0142o elastyczne. Prosta konstrukcja o du\u017cej sztywno\u015bci i niskim luzie. <a href=\"https:\/\/almer.sk\/pl\/przekladnie-harmoniczne\/lcs-g-przekladnie-harmoniczne\/\"><span style=\"color: #ff0000;\">Wi\u0119cej&#8230;<\/span><\/a>[\/et_pb_blurb][\/et_pb_column][et_pb_column type=&#8221;1_4&#8243; _builder_version=&#8221;4.21.0&#8243; _module_preset=&#8221;default&#8221; global_colors_info=&#8221;{}&#8221;][et_pb_blurb url=&#8221;https:\/\/almer.sk\/pl\/przekladnie-harmoniczne\/lhd-przekladnie-harmoniczne\/&#8221; image=&#8221;https:\/\/almer.sk\/wp-content\/uploads\/2023\/07\/LHD-seria.png&#8221; alt=&#8221;Seria LHD&#8221; _builder_version=&#8221;4.22.1&#8243; _module_preset=&#8221;default&#8221; animation=&#8221;off&#8221; link_option_url=&#8221;https:\/\/almer.sk\/pl\/przekladnie-harmoniczne\/lhd-przekladnie-harmoniczne\/&#8221; hover_enabled=&#8221;0&#8243; global_colors_info=&#8221;{}&#8221; sticky_enabled=&#8221;0&#8243;]<\/p>\n<h3 style=\"text-align: center;\"><span class=\"cervena\">LHD<\/span><\/h3>\n<p>Flexspline ma cienki kszta\u0142t pustego ko\u0142nierza, og\u00f3lna konstrukcja wa\u0142u dr\u0105\u017conego jest bardzo cienka w por\u00f3wnaniu z LHS, d\u0142ugo\u015b\u0107 osiowa jest kr\u00f3tsza o oko\u0142o 35%. Ta seria jest najlepsza do zastosowa\u0144, w kt\u00f3rych wymagana jest ma\u0142a grubo\u015b\u0107 reduktora. <a href=\"https:\/\/almer.sk\/pl\/przekladnie-harmoniczne\/lhd-przekladnie-harmoniczne\/\"><span style=\"color: #ff0000;\">Wi\u0119cej&#8230;<\/span><\/a>[\/et_pb_blurb][\/et_pb_column][et_pb_column type=&#8221;1_4&#8243; _builder_version=&#8221;4.21.0&#8243; _module_preset=&#8221;default&#8221; global_colors_info=&#8221;{}&#8221;][et_pb_blurb url=&#8221;https:\/\/almer.sk\/pl\/przekladnie-harmoniczne\/lhsg-przekladnie-harmoniczne\/&#8221; image=&#8221;https:\/\/almer.sk\/wp-content\/uploads\/2023\/07\/LHS-seria.png&#8221; alt=&#8221;Seria LHS&#8221; _builder_version=&#8221;4.22.1&#8243; _module_preset=&#8221;default&#8221; animation=&#8221;off&#8221; link_option_url=&#8221;https:\/\/almer.sk\/pl\/przekladnie-harmoniczne\/lhsg-przekladnie-harmoniczne\/&#8221; global_colors_info=&#8221;{}&#8221;]<\/p>\n<h3 style=\"text-align: center;\"><span class=\"cervena\">LHS \/ LHSG<\/span><\/h3>\n<p>Flexspline ma standardowy kszta\u0142t pustego ko\u0142nierza, a og\u00f3lna konstrukcja jest z wa\u0142em dr\u0105\u017conym. R\u00f3\u017cne wersje: r\u00f3\u017cne po\u0142\u0105czenia z silnikiem, du\u017cy otw\u00f3r, wa\u0142 wej\u015bciowy do monta\u017cu ko\u0142a pasowego.<a href=\"https:\/\/almer.sk\/pl\/przekladnie-harmoniczne\/lhsg-przekladnie-harmoniczne\/\"><span style=\"color: #ff0000;\">Wi\u0119cej&#8230;<\/span><\/a><\/p>\n<p>[\/et_pb_blurb][\/et_pb_column][\/et_pb_row][et_pb_row column_structure=&#8221;1_3,2_3&#8243; _builder_version=&#8221;4.21.0&#8243; _module_preset=&#8221;default&#8221; global_colors_info=&#8221;{}&#8221;][et_pb_column type=&#8221;1_3&#8243; _builder_version=&#8221;4.21.0&#8243; _module_preset=&#8221;default&#8221; global_colors_info=&#8221;{}&#8221;][et_pb_blurb url=&#8221;https:\/\/almer.sk\/pl\/przekladnie-harmoniczne\/przekladnie-harmoniczne-model-y\/&#8221; image=&#8221;https:\/\/almer.sk\/wp-content\/uploads\/2023\/06\/Slide-New-Gener.png&#8221; alt=&#8221;Slide New Gener&#8221; image_icon_width=&#8221;90%&#8221; _builder_version=&#8221;4.21.0&#8243; _module_preset=&#8221;default&#8221; animation=&#8221;off&#8221; link_option_url=&#8221;https:\/\/almer.sk\/pl\/przekladnie-harmoniczne\/przekladnie-harmoniczne-model-y\/&#8221; global_colors_info=&#8221;{}&#8221;]<\/p>\n<h3 style=\"text-align: center;\"><span class=\"cervena\">YLHS<\/span><\/h3>\n<p>[\/et_pb_blurb][\/et_pb_column][et_pb_column type=&#8221;2_3&#8243; _builder_version=&#8221;4.21.0&#8243; _module_preset=&#8221;default&#8221; global_colors_info=&#8221;{}&#8221;][et_pb_blurb _builder_version=&#8221;4.21.0&#8243; _module_preset=&#8221;default&#8221; global_colors_info=&#8221;{}&#8221;]<\/p>\n<p>Przek\u0142adnia <span style=\"color: #ff0000;\">Model Y<\/span> to przysz\u0142o\u015bciowy system nap\u0119du harmonicznego <span style=\"color: #ff0000;\">trzeciej generacji<\/span> oparty na opatentowanej technologii redukcji pr\u0119dko\u015bci. Charakteryzuje si\u0119 ca\u0142kowicie now\u0105 struktur\u0105 z\u0119b\u00f3w i profilem oraz wykorzystuje technologi\u0119 trzeciej harmonicznej w miejsce technologii drugiej harmonicznej, flexspline i \u0142o\u017cysk. W por\u00f3wnaniu z poprzedni\u0105 generacj\u0105 przek\u0142adni fali trakcyjnej, dok\u0142adno\u015b\u0107 przek\u0142adni i sztywno\u015b\u0107 skr\u0119tna zosta\u0142y podwojone. Jest to pierwszy na \u015bwiecie reduktor pr\u0119dko\u015bci, kt\u00f3ry osi\u0105ga dok\u0142adno\u015b\u0107 transmisji z dok\u0142adno\u015bci\u0105 do 10 sekund \u0142uku i zasadniczo rozwi\u0105zuje problemy zwi\u0105zane z wibracjami sprz\u0119g\u0142a.<\/p>\n<p>[\/et_pb_blurb][\/et_pb_column][\/et_pb_row][\/et_pb_section]<\/p>\n","protected":false},"excerpt":{"rendered":"<p>&gt; Dom \/ Przek\u0142adnie \/ HarmonicznePrecyzyjne (bezluzowe) przek\u0142adnie harmoniczneleaderdrive\u00aePrzek\u0142adnie z innowacyjnym, opatentowanym kszta\u0142tem z\u0119b\u00f3w zapewniaj\u0105cym wysok\u0105 precyzj\u0119 i wydajno\u015b\u0107. Ze wzgl\u0119du na swoj\u0105 budow\u0119 i konstrukcj\u0119 zapewniaj\u0105 nast\u0119puj\u0105ce korzy\u015bci dla aplikacji: Wysoki moment obrotowy (3,5 &#8211; 921 Nm) mo\u017cliwo\u015b\u0107 nawet pi\u0119ciokrotnego przeci\u0105\u017cenia maks. pr\u0119dko\u015b\u0107 wej\u015bciowa: do 8000 obr. Kompaktowo\u015b\u0107 i lekko\u015b\u0107 Wysoka wydajno\u015b\u0107 i brak [&hellip;]<\/p>\n","protected":false},"author":1,"featured_media":0,"parent":0,"menu_order":0,"comment_status":"closed","ping_status":"closed","template":"","meta":{"_et_pb_use_builder":"on","_et_pb_old_content":"","_et_gb_content_width":"","footnotes":""},"class_list":["post-5664","page","type-page","status-publish","hentry"],"yoast_head":"<!-- This site is optimized with the Yoast SEO plugin v26.6 - https:\/\/yoast.com\/wordpress\/plugins\/seo\/ -->\n<title>Przek\u0142adnie harmoniczne - Almer.sk<\/title>\n<meta name=\"robots\" content=\"index, follow, max-snippet:-1, max-image-preview:large, max-video-preview:-1\" \/>\n<link rel=\"canonical\" href=\"https:\/\/almer.sk\/pl\/przekladnie-harmoniczne\/\" \/>\n<meta property=\"og:locale\" content=\"pl_PL\" \/>\n<meta property=\"og:type\" content=\"article\" \/>\n<meta property=\"og:title\" content=\"Przek\u0142adnie harmoniczne - Almer.sk\" \/>\n<meta property=\"og:description\" content=\"&gt; Dom \/ Przek\u0142adnie \/ HarmonicznePrecyzyjne (bezluzowe) przek\u0142adnie harmoniczneleaderdrive\u00aePrzek\u0142adnie z innowacyjnym, opatentowanym kszta\u0142tem z\u0119b\u00f3w zapewniaj\u0105cym wysok\u0105 precyzj\u0119 i wydajno\u015b\u0107. Ze wzgl\u0119du na swoj\u0105 budow\u0119 i konstrukcj\u0119 zapewniaj\u0105 nast\u0119puj\u0105ce korzy\u015bci dla aplikacji: Wysoki moment obrotowy (3,5 - 921 Nm) mo\u017cliwo\u015b\u0107 nawet pi\u0119ciokrotnego przeci\u0105\u017cenia maks. pr\u0119dko\u015b\u0107 wej\u015bciowa: do 8000 obr. Kompaktowo\u015b\u0107 i lekko\u015b\u0107 Wysoka wydajno\u015b\u0107 i brak [&hellip;]\" \/>\n<meta property=\"og:url\" content=\"https:\/\/almer.sk\/pl\/przekladnie-harmoniczne\/\" \/>\n<meta property=\"og:site_name\" content=\"Almer.sk\" \/>\n<meta property=\"article:modified_time\" content=\"2023-09-19T11:36:07+00:00\" \/>\n<meta name=\"twitter:card\" content=\"summary_large_image\" \/>\n<meta name=\"twitter:label1\" content=\"Szacowany czas czytania\" \/>\n\t<meta name=\"twitter:data1\" content=\"5 minut\" \/>\n<script type=\"application\/ld+json\" class=\"yoast-schema-graph\">{\"@context\":\"https:\/\/schema.org\",\"@graph\":[{\"@type\":\"WebPage\",\"@id\":\"https:\/\/almer.sk\/pl\/przekladnie-harmoniczne\/\",\"url\":\"https:\/\/almer.sk\/pl\/przekladnie-harmoniczne\/\",\"name\":\"Przek\u0142adnie harmoniczne - Almer.sk\",\"isPartOf\":{\"@id\":\"https:\/\/almer.sk\/pl\/#website\"},\"datePublished\":\"2023-06-15T09:55:07+00:00\",\"dateModified\":\"2023-09-19T11:36:07+00:00\",\"breadcrumb\":{\"@id\":\"https:\/\/almer.sk\/pl\/przekladnie-harmoniczne\/#breadcrumb\"},\"inLanguage\":\"pl-PL\",\"potentialAction\":[{\"@type\":\"ReadAction\",\"target\":[\"https:\/\/almer.sk\/pl\/przekladnie-harmoniczne\/\"]}]},{\"@type\":\"BreadcrumbList\",\"@id\":\"https:\/\/almer.sk\/pl\/przekladnie-harmoniczne\/#breadcrumb\",\"itemListElement\":[{\"@type\":\"ListItem\",\"position\":1,\"name\":\"Home\",\"item\":\"https:\/\/almer.sk\/pl\/\"},{\"@type\":\"ListItem\",\"position\":2,\"name\":\"Przek\u0142adnie harmoniczne\"}]},{\"@type\":\"WebSite\",\"@id\":\"https:\/\/almer.sk\/pl\/#website\",\"url\":\"https:\/\/almer.sk\/pl\/\",\"name\":\"Almer.sk\",\"description\":\"Technologick\u00fd l\u00edder v oblasti presn\u00fdch prevodoviek\",\"potentialAction\":[{\"@type\":\"SearchAction\",\"target\":{\"@type\":\"EntryPoint\",\"urlTemplate\":\"https:\/\/almer.sk\/pl\/?s={search_term_string}\"},\"query-input\":{\"@type\":\"PropertyValueSpecification\",\"valueRequired\":true,\"valueName\":\"search_term_string\"}}],\"inLanguage\":\"pl-PL\"}]}<\/script>\n<!-- \/ Yoast SEO plugin. -->","yoast_head_json":{"title":"Przek\u0142adnie harmoniczne - Almer.sk","robots":{"index":"index","follow":"follow","max-snippet":"max-snippet:-1","max-image-preview":"max-image-preview:large","max-video-preview":"max-video-preview:-1"},"canonical":"https:\/\/almer.sk\/pl\/przekladnie-harmoniczne\/","og_locale":"pl_PL","og_type":"article","og_title":"Przek\u0142adnie harmoniczne - Almer.sk","og_description":"&gt; Dom \/ Przek\u0142adnie \/ HarmonicznePrecyzyjne (bezluzowe) przek\u0142adnie harmoniczneleaderdrive\u00aePrzek\u0142adnie z innowacyjnym, opatentowanym kszta\u0142tem z\u0119b\u00f3w zapewniaj\u0105cym wysok\u0105 precyzj\u0119 i wydajno\u015b\u0107. Ze wzgl\u0119du na swoj\u0105 budow\u0119 i konstrukcj\u0119 zapewniaj\u0105 nast\u0119puj\u0105ce korzy\u015bci dla aplikacji: Wysoki moment obrotowy (3,5 - 921 Nm) mo\u017cliwo\u015b\u0107 nawet pi\u0119ciokrotnego przeci\u0105\u017cenia maks. pr\u0119dko\u015b\u0107 wej\u015bciowa: do 8000 obr. Kompaktowo\u015b\u0107 i lekko\u015b\u0107 Wysoka wydajno\u015b\u0107 i brak [&hellip;]","og_url":"https:\/\/almer.sk\/pl\/przekladnie-harmoniczne\/","og_site_name":"Almer.sk","article_modified_time":"2023-09-19T11:36:07+00:00","twitter_card":"summary_large_image","twitter_misc":{"Szacowany czas czytania":"5 minut"},"schema":{"@context":"https:\/\/schema.org","@graph":[{"@type":"WebPage","@id":"https:\/\/almer.sk\/pl\/przekladnie-harmoniczne\/","url":"https:\/\/almer.sk\/pl\/przekladnie-harmoniczne\/","name":"Przek\u0142adnie harmoniczne - Almer.sk","isPartOf":{"@id":"https:\/\/almer.sk\/pl\/#website"},"datePublished":"2023-06-15T09:55:07+00:00","dateModified":"2023-09-19T11:36:07+00:00","breadcrumb":{"@id":"https:\/\/almer.sk\/pl\/przekladnie-harmoniczne\/#breadcrumb"},"inLanguage":"pl-PL","potentialAction":[{"@type":"ReadAction","target":["https:\/\/almer.sk\/pl\/przekladnie-harmoniczne\/"]}]},{"@type":"BreadcrumbList","@id":"https:\/\/almer.sk\/pl\/przekladnie-harmoniczne\/#breadcrumb","itemListElement":[{"@type":"ListItem","position":1,"name":"Home","item":"https:\/\/almer.sk\/pl\/"},{"@type":"ListItem","position":2,"name":"Przek\u0142adnie harmoniczne"}]},{"@type":"WebSite","@id":"https:\/\/almer.sk\/pl\/#website","url":"https:\/\/almer.sk\/pl\/","name":"Almer.sk","description":"Technologick\u00fd l\u00edder v oblasti presn\u00fdch prevodoviek","potentialAction":[{"@type":"SearchAction","target":{"@type":"EntryPoint","urlTemplate":"https:\/\/almer.sk\/pl\/?s={search_term_string}"},"query-input":{"@type":"PropertyValueSpecification","valueRequired":true,"valueName":"search_term_string"}}],"inLanguage":"pl-PL"}]}},"_links":{"self":[{"href":"https:\/\/almer.sk\/pl\/wp-json\/wp\/v2\/pages\/5664","targetHints":{"allow":["GET"]}}],"collection":[{"href":"https:\/\/almer.sk\/pl\/wp-json\/wp\/v2\/pages"}],"about":[{"href":"https:\/\/almer.sk\/pl\/wp-json\/wp\/v2\/types\/page"}],"author":[{"embeddable":true,"href":"https:\/\/almer.sk\/pl\/wp-json\/wp\/v2\/users\/1"}],"replies":[{"embeddable":true,"href":"https:\/\/almer.sk\/pl\/wp-json\/wp\/v2\/comments?post=5664"}],"version-history":[{"count":5,"href":"https:\/\/almer.sk\/pl\/wp-json\/wp\/v2\/pages\/5664\/revisions"}],"predecessor-version":[{"id":6677,"href":"https:\/\/almer.sk\/pl\/wp-json\/wp\/v2\/pages\/5664\/revisions\/6677"}],"wp:attachment":[{"href":"https:\/\/almer.sk\/pl\/wp-json\/wp\/v2\/media?parent=5664"}],"curies":[{"name":"wp","href":"https:\/\/api.w.org\/{rel}","templated":true}]}}