{"id":5648,"date":"2020-02-17T14:32:49","date_gmt":"2020-02-17T13:32:49","guid":{"rendered":"https:\/\/almer.sk\/o-nas\/"},"modified":"2023-07-28T11:26:09","modified_gmt":"2023-07-28T09:26:09","slug":"o-nas","status":"publish","type":"page","link":"https:\/\/almer.sk\/pl\/o-nas\/","title":{"rendered":"O nas"},"content":{"rendered":"<p>[et_pb_section fb_built=&#8221;1&#8243; _builder_version=&#8221;4.16&#8243; global_colors_info=&#8221;{}&#8221;][et_pb_row _builder_version=&#8221;4.16&#8243; global_colors_info=&#8221;{}&#8221;][et_pb_column type=&#8221;4_4&#8243; _builder_version=&#8221;4.16&#8243; global_colors_info=&#8221;{}&#8221;][et_pb_blurb content_max_width=&#8221;1100px&#8221; _builder_version=&#8221;4.21.0&#8243; hover_enabled=&#8221;0&#8243; global_colors_info=&#8221;{}&#8221; sticky_enabled=&#8221;0&#8243;]<\/p>\n<p> <a class=\"bread\" href=\"https:\/\/almer.sk\/pl\/\">&gt; Strona g\u0142\u00f3wna<\/a> \/ O nas<\/p>\n<p>[\/et_pb_blurb][\/et_pb_column][\/et_pb_row][et_pb_row _builder_version=&#8221;4.16&#8243; global_colors_info=&#8221;{}&#8221;][et_pb_column type=&#8221;4_4&#8243; _builder_version=&#8221;4.16&#8243; global_colors_info=&#8221;{}&#8221;][et_pb_blurb _builder_version=&#8221;4.21.0&#8243; body_font=&#8221;|||on|||||&#8221; body_text_align=&#8221;center&#8221; body_text_color=&#8221;#ff0000&#8243; body_font_size=&#8221;30px&#8221; hover_enabled=&#8221;0&#8243; global_colors_info=&#8221;{}&#8221; sticky_enabled=&#8221;0&#8243;]<\/p>\n<h1 style=\"text-align: center;\">O nas<\/h1>\n<p>[\/et_pb_blurb][\/et_pb_column][\/et_pb_row][et_pb_row column_structure=&#8221;1_3,1_3,1_3&#8243; _builder_version=&#8221;4.16&#8243; global_colors_info=&#8221;{}&#8221;][et_pb_column type=&#8221;1_3&#8243; _builder_version=&#8221;4.16&#8243; global_colors_info=&#8221;{}&#8221;][et_pb_blurb use_icon=&#8221;on&#8221; font_icon=&#8221;&#xe00a;||divi||400&#8243; image_icon_width=&#8221;50px&#8221; _builder_version=&#8221;4.21.0&#8243; body_font_size=&#8221;15px&#8221; background_color=&#8221;#ffffff&#8221; text_orientation=&#8221;center&#8221; custom_padding=&#8221;40px|20px|40px|20px|false|false&#8221; animation=&#8221;off&#8221; box_shadow_style=&#8221;preset1&#8243; icon_font_size=&#8221;50px&#8221; global_colors_info=&#8221;{}&#8221;]<\/p>\n<p>Jeste\u015bmy specjalistami w dziedzinie technologii nap\u0119d\u00f3w, automatyki i robotyki.<\/p>\n<p>[\/et_pb_blurb][\/et_pb_column][et_pb_column type=&#8221;1_3&#8243; _builder_version=&#8221;4.16&#8243; global_colors_info=&#8221;{}&#8221;][et_pb_blurb use_icon=&#8221;on&#8221; font_icon=&#8221;&#xe035;||divi||400&#8243; image_icon_width=&#8221;50px&#8221; _builder_version=&#8221;4.21.0&#8243; body_font_size=&#8221;15px&#8221; background_color=&#8221;#ffffff&#8221; text_orientation=&#8221;center&#8221; custom_padding=&#8221;40px|20px|40px|20px|false|false&#8221; animation=&#8221;off&#8221; box_shadow_style=&#8221;preset1&#8243; icon_font_size=&#8221;50px&#8221; global_colors_info=&#8221;{}&#8221;]<\/p>\n<p>Nasza oferta obejmuje r\u00f3wnie\u017c opcje projektowania i produkcji, od pojedynczych komponent\u00f3w po kompletne maszyny do obs\u0142ugi, automatyzacji i monta\u017cu.<\/p>\n<p>[\/et_pb_blurb][\/et_pb_column][et_pb_column type=&#8221;1_3&#8243; _builder_version=&#8221;4.16&#8243; global_colors_info=&#8221;{}&#8221;][et_pb_blurb use_icon=&#8221;on&#8221; font_icon=&#8221;&#xe038;||divi||400&#8243; image_icon_width=&#8221;50px&#8221; _builder_version=&#8221;4.21.0&#8243; body_font_size=&#8221;15px&#8221; background_color=&#8221;#ffffff&#8221; text_orientation=&#8221;center&#8221; custom_padding=&#8221;40px|20px|40px|20px|false|false&#8221; animation=&#8221;off&#8221; box_shadow_style=&#8221;preset1&#8243; icon_font_size=&#8221;50px&#8221; global_colors_info=&#8221;{}&#8221;]<\/p>\n<p>Dostarczamy precyzyjne przek\u0142adnie harmoniczne, przek\u0142adnie planetarne, si\u0142owniki obrotowe, sto\u0142y obrotowe CNC 4 i 5 osi, zintegrowane produkty do szlifowania adaptacyjnego, 5-osiowy rotator strumienia wody.<\/p>\n<p>[\/et_pb_blurb][\/et_pb_column][\/et_pb_row][et_pb_row column_structure=&#8221;1_2,1_2&#8243; _builder_version=&#8221;4.16&#8243; global_colors_info=&#8221;{}&#8221;][et_pb_column type=&#8221;1_2&#8243; _builder_version=&#8221;4.16&#8243; global_colors_info=&#8221;{}&#8221;][et_pb_blurb use_icon=&#8221;on&#8221; font_icon=&#8221;&#xe08b;||divi||400&#8243; image_icon_width=&#8221;50px&#8221; _builder_version=&#8221;4.21.0&#8243; body_font_size=&#8221;15px&#8221; background_color=&#8221;#ffffff&#8221; text_orientation=&#8221;center&#8221; custom_padding=&#8221;40px|20px|40px|20px|false|false&#8221; animation=&#8221;off&#8221; box_shadow_style=&#8221;preset1&#8243; icon_font_size=&#8221;50px&#8221; global_colors_info=&#8221;{}&#8221;]<\/p>\n<p>Jeste\u015bmy czym\u015b wi\u0119cej ni\u017c firm\u0105 handlow\u0105, nasi specjali\u015bci wnosz\u0105 swoje do\u015bwiadczenie do aplikacji klient\u00f3w, maj\u0105c wgl\u0105d w otaczaj\u0105c\u0105 technologi\u0119. Oferujemy fachowe doradztwo w zakresie doboru produkt\u00f3w, w tym mo\u017cliwo\u015b\u0107 zaprojektowania kompleksowego rozwi\u0105zania dla aplikacji klienta.<\/p>\n<p>[\/et_pb_blurb][\/et_pb_column][et_pb_column type=&#8221;1_2&#8243; _builder_version=&#8221;4.16&#8243; global_colors_info=&#8221;{}&#8221;][et_pb_blurb use_icon=&#8221;on&#8221; font_icon=&#8221;&#xe0e9;||divi||400&#8243; image_icon_width=&#8221;50px&#8221; _builder_version=&#8221;4.21.0&#8243; body_font_size=&#8221;15px&#8221; background_color=&#8221;#ffffff&#8221; text_orientation=&#8221;center&#8221; custom_padding=&#8221;40px|20px|40px|20px|false|false&#8221; animation=&#8221;off&#8221; box_shadow_style=&#8221;preset1&#8243; icon_font_size=&#8221;50px&#8221; global_colors_info=&#8221;{}&#8221;]<\/p>\n<p>W 2019 r. rozpocz\u0119li\u015bmy wsp\u00f3\u0142prac\u0119 z Leader Harmonious Drive System Co., Ltd.. Jest to zaawansowana technologicznie firma specjalizuj\u0105ca si\u0119 w rozwoju, produkcji i sprzeda\u017cy reduktor\u00f3w falowo-harmonicznych o najwy\u017cszym \u015bwiatowym poziomie technicznym i jako\u015bci. 2003.<\/p>\n<p>[\/et_pb_blurb][\/et_pb_column][\/et_pb_row][et_pb_row _builder_version=&#8221;4.16&#8243; global_colors_info=&#8221;{}&#8221;][et_pb_column type=&#8221;4_4&#8243; _builder_version=&#8221;4.16&#8243; global_colors_info=&#8221;{}&#8221;][et_pb_blurb use_icon=&#8221;on&#8221; font_icon=&#8221;&#xe0e3;||divi||400&#8243; image_icon_width=&#8221;50px&#8221; content_max_width=&#8221;1100px&#8221; _builder_version=&#8221;4.21.0&#8243; body_font_size=&#8221;15px&#8221; background_color=&#8221;#ffffff&#8221; text_orientation=&#8221;center&#8221; custom_padding=&#8221;40px|20px|40px|20px|false|false&#8221; animation=&#8221;off&#8221; box_shadow_style=&#8221;preset1&#8243; icon_font_size=&#8221;50px&#8221; global_colors_info=&#8221;{}&#8221;]<\/p>\n<p>Almer i Leader Drive tworz\u0105 idealn\u0105 synergi\u0119, kt\u00f3ra zapewnia produkt wysokiej jako\u015bci<br \/>klienci z elastyczno\u015bci\u0105 w projektowaniu, niestandardowymi rozwi\u0105zaniami konstrukcyjnymi,<br \/>ilo\u015bci partii w czasie realizacji i podej\u015bcie projektowania do koszt\u00f3w.<\/p>\n<p>[\/et_pb_blurb][\/et_pb_column][\/et_pb_row][et_pb_row _builder_version=&#8221;4.16&#8243; global_colors_info=&#8221;{}&#8221;][et_pb_column type=&#8221;4_4&#8243; _builder_version=&#8221;4.16&#8243; global_colors_info=&#8221;{}&#8221;][et_pb_blurb title=&#8221;Podstawowe dane sp\u00f3\u0142ki&#8221; content_max_width=&#8221;1100px&#8221; _builder_version=&#8221;4.21.0&#8243; header_level=&#8221;h3&#8243; header_font=&#8221;|300|||||||&#8221; header_text_align=&#8221;center&#8221; header_font_size=&#8221;28px&#8221; custom_margin=&#8221;25px||||false|false&#8221; global_colors_info=&#8221;{}&#8221;]<\/p>\n<p style=\"text-align: center;\">Jeste\u015bmy specjalistami w dziedzinie technologii nap\u0119d\u00f3w, automatyki i robotyki.<\/p>\n<p style=\"text-align: center;\"><strong>Nazwa<\/strong> firmy: Almer, s.r.o.<\/p>\n<p style=\"text-align: center;\"><strong>Rok za\u0142o\u017cenia<\/strong>: 2009<\/p>\n<p style=\"text-align: center;\"><strong>Forma prawna<\/strong>: sp\u00f3\u0142ka z ograniczon\u0105 odpowiedzialno\u015bci\u0105<\/p>\n<p style=\"text-align: center;\"><strong>Siedziba g\u0142\u00f3wna<\/strong>: Almer, s.r.o., Z\u00e1hradn\u00e1 4012\/19, Pre\u0161ov 080 01<\/p>\n<p style=\"text-align: center;\"><strong>ID<\/strong>: 44 907 427<\/p>\n<p style=\"text-align: center;\"><strong>DPH<\/strong>: SK 2022 868 221<\/p>\n<p style=\"text-align: center;\"><strong>Rejestr<\/strong>: S\u0105d Rejonowy Presz\u00f3w, nr wpisu: 21955 \/ P<\/p>\n<p>[\/et_pb_blurb][\/et_pb_column][\/et_pb_row][\/et_pb_section]<\/p>\n","protected":false},"excerpt":{"rendered":"<p>&gt; Strona g\u0142\u00f3wna \/ O nasO nasJeste\u015bmy specjalistami w dziedzinie technologii nap\u0119d\u00f3w, automatyki i robotyki.Nasza oferta obejmuje r\u00f3wnie\u017c opcje projektowania i produkcji, od pojedynczych komponent\u00f3w po kompletne maszyny do obs\u0142ugi, automatyzacji i monta\u017cu.Dostarczamy precyzyjne przek\u0142adnie harmoniczne, przek\u0142adnie planetarne, si\u0142owniki obrotowe, sto\u0142y obrotowe CNC 4 i 5 osi, zintegrowane produkty do szlifowania adaptacyjnego, 5-osiowy rotator strumienia [&hellip;]<\/p>\n","protected":false},"author":1,"featured_media":0,"parent":0,"menu_order":0,"comment_status":"closed","ping_status":"closed","template":"","meta":{"_et_pb_use_builder":"on","_et_pb_old_content":"","_et_gb_content_width":"","footnotes":""},"class_list":["post-5648","page","type-page","status-publish","hentry"],"yoast_head":"<!-- This site is optimized with the Yoast SEO plugin v26.6 - https:\/\/yoast.com\/wordpress\/plugins\/seo\/ -->\n<title>O nas - Almer.sk<\/title>\n<meta name=\"robots\" content=\"index, follow, max-snippet:-1, max-image-preview:large, max-video-preview:-1\" \/>\n<link rel=\"canonical\" href=\"https:\/\/almer.sk\/pl\/o-nas\/\" \/>\n<meta property=\"og:locale\" content=\"pl_PL\" \/>\n<meta property=\"og:type\" content=\"article\" \/>\n<meta property=\"og:title\" content=\"O nas - Almer.sk\" \/>\n<meta property=\"og:description\" content=\"&gt; Strona g\u0142\u00f3wna \/ O nasO nasJeste\u015bmy specjalistami w dziedzinie technologii nap\u0119d\u00f3w, automatyki i robotyki.Nasza oferta obejmuje r\u00f3wnie\u017c opcje projektowania i produkcji, od pojedynczych komponent\u00f3w po kompletne maszyny do obs\u0142ugi, automatyzacji i monta\u017cu.Dostarczamy precyzyjne przek\u0142adnie harmoniczne, przek\u0142adnie planetarne, si\u0142owniki obrotowe, sto\u0142y obrotowe CNC 4 i 5 osi, zintegrowane produkty do szlifowania adaptacyjnego, 5-osiowy rotator strumienia [&hellip;]\" \/>\n<meta property=\"og:url\" content=\"https:\/\/almer.sk\/pl\/o-nas\/\" \/>\n<meta property=\"og:site_name\" content=\"Almer.sk\" \/>\n<meta property=\"article:modified_time\" content=\"2023-07-28T09:26:09+00:00\" \/>\n<meta name=\"twitter:card\" content=\"summary_large_image\" \/>\n<meta name=\"twitter:label1\" content=\"Szacowany czas czytania\" \/>\n\t<meta name=\"twitter:data1\" content=\"4 minuty\" \/>\n<script type=\"application\/ld+json\" class=\"yoast-schema-graph\">{\"@context\":\"https:\/\/schema.org\",\"@graph\":[{\"@type\":\"WebPage\",\"@id\":\"https:\/\/almer.sk\/pl\/o-nas\/\",\"url\":\"https:\/\/almer.sk\/pl\/o-nas\/\",\"name\":\"O nas - Almer.sk\",\"isPartOf\":{\"@id\":\"https:\/\/almer.sk\/pl\/#website\"},\"datePublished\":\"2020-02-17T13:32:49+00:00\",\"dateModified\":\"2023-07-28T09:26:09+00:00\",\"breadcrumb\":{\"@id\":\"https:\/\/almer.sk\/pl\/o-nas\/#breadcrumb\"},\"inLanguage\":\"pl-PL\",\"potentialAction\":[{\"@type\":\"ReadAction\",\"target\":[\"https:\/\/almer.sk\/pl\/o-nas\/\"]}]},{\"@type\":\"BreadcrumbList\",\"@id\":\"https:\/\/almer.sk\/pl\/o-nas\/#breadcrumb\",\"itemListElement\":[{\"@type\":\"ListItem\",\"position\":1,\"name\":\"Home\",\"item\":\"https:\/\/almer.sk\/pl\/\"},{\"@type\":\"ListItem\",\"position\":2,\"name\":\"O nas\"}]},{\"@type\":\"WebSite\",\"@id\":\"https:\/\/almer.sk\/pl\/#website\",\"url\":\"https:\/\/almer.sk\/pl\/\",\"name\":\"Almer.sk\",\"description\":\"Technologick\u00fd l\u00edder v oblasti presn\u00fdch prevodoviek\",\"potentialAction\":[{\"@type\":\"SearchAction\",\"target\":{\"@type\":\"EntryPoint\",\"urlTemplate\":\"https:\/\/almer.sk\/pl\/?s={search_term_string}\"},\"query-input\":{\"@type\":\"PropertyValueSpecification\",\"valueRequired\":true,\"valueName\":\"search_term_string\"}}],\"inLanguage\":\"pl-PL\"}]}<\/script>\n<!-- \/ Yoast SEO plugin. -->","yoast_head_json":{"title":"O nas - Almer.sk","robots":{"index":"index","follow":"follow","max-snippet":"max-snippet:-1","max-image-preview":"max-image-preview:large","max-video-preview":"max-video-preview:-1"},"canonical":"https:\/\/almer.sk\/pl\/o-nas\/","og_locale":"pl_PL","og_type":"article","og_title":"O nas - Almer.sk","og_description":"&gt; Strona g\u0142\u00f3wna \/ O nasO nasJeste\u015bmy specjalistami w dziedzinie technologii nap\u0119d\u00f3w, automatyki i robotyki.Nasza oferta obejmuje r\u00f3wnie\u017c opcje projektowania i produkcji, od pojedynczych komponent\u00f3w po kompletne maszyny do obs\u0142ugi, automatyzacji i monta\u017cu.Dostarczamy precyzyjne przek\u0142adnie harmoniczne, przek\u0142adnie planetarne, si\u0142owniki obrotowe, sto\u0142y obrotowe CNC 4 i 5 osi, zintegrowane produkty do szlifowania adaptacyjnego, 5-osiowy rotator strumienia [&hellip;]","og_url":"https:\/\/almer.sk\/pl\/o-nas\/","og_site_name":"Almer.sk","article_modified_time":"2023-07-28T09:26:09+00:00","twitter_card":"summary_large_image","twitter_misc":{"Szacowany czas czytania":"4 minuty"},"schema":{"@context":"https:\/\/schema.org","@graph":[{"@type":"WebPage","@id":"https:\/\/almer.sk\/pl\/o-nas\/","url":"https:\/\/almer.sk\/pl\/o-nas\/","name":"O nas - Almer.sk","isPartOf":{"@id":"https:\/\/almer.sk\/pl\/#website"},"datePublished":"2020-02-17T13:32:49+00:00","dateModified":"2023-07-28T09:26:09+00:00","breadcrumb":{"@id":"https:\/\/almer.sk\/pl\/o-nas\/#breadcrumb"},"inLanguage":"pl-PL","potentialAction":[{"@type":"ReadAction","target":["https:\/\/almer.sk\/pl\/o-nas\/"]}]},{"@type":"BreadcrumbList","@id":"https:\/\/almer.sk\/pl\/o-nas\/#breadcrumb","itemListElement":[{"@type":"ListItem","position":1,"name":"Home","item":"https:\/\/almer.sk\/pl\/"},{"@type":"ListItem","position":2,"name":"O nas"}]},{"@type":"WebSite","@id":"https:\/\/almer.sk\/pl\/#website","url":"https:\/\/almer.sk\/pl\/","name":"Almer.sk","description":"Technologick\u00fd l\u00edder v oblasti presn\u00fdch prevodoviek","potentialAction":[{"@type":"SearchAction","target":{"@type":"EntryPoint","urlTemplate":"https:\/\/almer.sk\/pl\/?s={search_term_string}"},"query-input":{"@type":"PropertyValueSpecification","valueRequired":true,"valueName":"search_term_string"}}],"inLanguage":"pl-PL"}]}},"_links":{"self":[{"href":"https:\/\/almer.sk\/pl\/wp-json\/wp\/v2\/pages\/5648","targetHints":{"allow":["GET"]}}],"collection":[{"href":"https:\/\/almer.sk\/pl\/wp-json\/wp\/v2\/pages"}],"about":[{"href":"https:\/\/almer.sk\/pl\/wp-json\/wp\/v2\/types\/page"}],"author":[{"embeddable":true,"href":"https:\/\/almer.sk\/pl\/wp-json\/wp\/v2\/users\/1"}],"replies":[{"embeddable":true,"href":"https:\/\/almer.sk\/pl\/wp-json\/wp\/v2\/comments?post=5648"}],"version-history":[{"count":4,"href":"https:\/\/almer.sk\/pl\/wp-json\/wp\/v2\/pages\/5648\/revisions"}],"predecessor-version":[{"id":5727,"href":"https:\/\/almer.sk\/pl\/wp-json\/wp\/v2\/pages\/5648\/revisions\/5727"}],"wp:attachment":[{"href":"https:\/\/almer.sk\/pl\/wp-json\/wp\/v2\/media?parent=5648"}],"curies":[{"name":"wp","href":"https:\/\/api.w.org\/{rel}","templated":true}]}}