{"id":5624,"date":"2023-06-15T08:50:14","date_gmt":"2023-06-15T06:50:14","guid":{"rendered":"https:\/\/almer.sk\/przekladnie\/"},"modified":"2023-08-31T11:05:45","modified_gmt":"2023-08-31T09:05:45","slug":"przekladnie","status":"publish","type":"page","link":"https:\/\/almer.sk\/pl\/przekladnie\/","title":{"rendered":"Przek\u0142adnie"},"content":{"rendered":"<p>[et_pb_section fb_built=&#8221;1&#8243; _builder_version=&#8221;4.21.0&#8243; _module_preset=&#8221;default&#8221; global_colors_info=&#8221;{}&#8221;][et_pb_row _builder_version=&#8221;4.21.0&#8243; _module_preset=&#8221;default&#8221; width=&#8221;90%&#8221; locked=&#8221;off&#8221; global_colors_info=&#8221;{}&#8221;][et_pb_column type=&#8221;4_4&#8243; _builder_version=&#8221;4.21.0&#8243; _module_preset=&#8221;default&#8221; global_colors_info=&#8221;{}&#8221;][et_pb_blurb content_max_width=&#8221;1100px&#8221; _builder_version=&#8221;4.21.0&#8243; _module_preset=&#8221;default&#8221; body_text_align=&#8221;left&#8221; global_colors_info=&#8221;{}&#8221;]<\/p>\n<p style=\"text-align: left;\"> <a class=\"bread\" href=\"https:\/\/almer.sk\/pl\/\">&lt; Strona g\u0142\u00f3wna<\/a> \/ Przek\u0142adnie<\/p>\n<p>[\/et_pb_blurb][et_pb_blurb _builder_version=&#8221;4.21.0&#8243; _module_preset=&#8221;default&#8221; header_level=&#8221;h1&#8243; header_font=&#8221;|||on|||||&#8221; body_font=&#8221;|||on|||||&#8221; body_text_align=&#8221;center&#8221; global_colors_info=&#8221;{}&#8221;]<\/p>\n<h1>Przek\u0142adnie<\/h1>\n<p>[\/et_pb_blurb][\/et_pb_column][\/et_pb_row][et_pb_row column_structure=&#8221;3_5,2_5&#8243; _builder_version=&#8221;4.21.0&#8243; _module_preset=&#8221;default&#8221; global_colors_info=&#8221;{}&#8221;][et_pb_column type=&#8221;3_5&#8243; _builder_version=&#8221;4.21.0&#8243; _module_preset=&#8221;default&#8221; global_colors_info=&#8221;{}&#8221;][et_pb_blurb url=&#8221;https:\/\/almer.sk\/pl\/przekladnie-harmoniczne\/&#8221; image=&#8221;https:\/\/almer.sk\/wp-content\/uploads\/2023\/07\/1.1-harmonic-gears-e1689606777672.jpg&#8221; alt=&#8221;Przek\u0142adnie harmoniczne&#8221; _builder_version=&#8221;4.21.0&#8243; _module_preset=&#8221;default&#8221; animation=&#8221;off&#8221; link_option_url=&#8221;https:\/\/almer.sk\/pl\/przekladnie-harmoniczne\/&#8221; hover_enabled=&#8221;0&#8243; global_colors_info=&#8221;{}&#8221; sticky_enabled=&#8221;0&#8243;]<\/p>\n<h3 style=\"text-align: center;\">Wysoka precyzja (zero luz\u00f3w) <span style=\"color: #339966;\">leaderdrive \u00ae<\/span><\/h3>\n<h3 style=\"text-align: center;\">PRZEK\u0141ADNIE HARMONICZNE<\/h3>\n<p>[\/et_pb_blurb][\/et_pb_column][et_pb_column type=&#8221;2_5&#8243; _builder_version=&#8221;4.21.0&#8243; _module_preset=&#8221;default&#8221; global_colors_info=&#8221;{}&#8221;][et_pb_blurb url=&#8221;https:\/\/almer.sk\/pl\/przekladnie-planetarne\/&#8221; image=&#8221;https:\/\/almer.sk\/wp-content\/uploads\/2023\/07\/Planetove-prevodovky.jpg&#8221; alt=&#8221;Przek\u0142adnie planetarne&#8221; _builder_version=&#8221;4.21.0&#8243; _module_preset=&#8221;default&#8221; animation=&#8221;off&#8221; link_option_url=&#8221;https:\/\/almer.sk\/pl\/przekladnie-planetarne\/&#8221; hover_enabled=&#8221;0&#8243; global_colors_info=&#8221;{}&#8221; sticky_enabled=&#8221;0&#8243;]<\/p>\n<h3 style=\"text-align: center;\">PRZEK\u0141ADNIE PLANETARNE<\/h3>\n<p>[\/et_pb_blurb][\/et_pb_column][\/et_pb_row][et_pb_row _builder_version=&#8221;4.21.0&#8243; _module_preset=&#8221;default&#8221; global_colors_info=&#8221;{}&#8221;][et_pb_column type=&#8221;4_4&#8243; _builder_version=&#8221;4.21.0&#8243; _module_preset=&#8221;default&#8221; global_colors_info=&#8221;{}&#8221;][et_pb_blurb content_max_width=&#8221;1100px&#8221; _builder_version=&#8221;4.21.0&#8243; _module_preset=&#8221;default&#8221; global_colors_info=&#8221;{}&#8221;]<\/p>\n<p>Opr\u00f3cz powy\u017cszych, jeste\u015bmy w stanie zaoferowa\u0107 przek\u0142adnie do praktycznie ka\u017cdego zastosowania, od przeno\u015bnik\u00f3w przez maszyny jednozadaniowe po obrabiarki CNC lub robotyk\u0119, takie jak przek\u0142adnie \u015blimakowe, sto\u017ckowe, p\u0142asko-r\u00f3wnoleg\u0142e i inne, zgodnie z Twoimi potrzebami, w porozumieniu z Tob\u0105, w ramach naszego wsparcia technicznego. Prosimy o kontakt.<\/p>\n<p>[\/et_pb_blurb][\/et_pb_column][\/et_pb_row][\/et_pb_section]<\/p>\n","protected":false},"excerpt":{"rendered":"<p>&lt; Strona g\u0142\u00f3wna \/ Przek\u0142adniePrzek\u0142adnieWysoka precyzja (zero luz\u00f3w) leaderdrive \u00ae PRZEK\u0141ADNIE HARMONICZNEPRZEK\u0141ADNIE PLANETARNEOpr\u00f3cz powy\u017cszych, jeste\u015bmy w stanie zaoferowa\u0107 przek\u0142adnie do praktycznie ka\u017cdego zastosowania, od przeno\u015bnik\u00f3w przez maszyny jednozadaniowe po obrabiarki CNC lub robotyk\u0119, takie jak przek\u0142adnie \u015blimakowe, sto\u017ckowe, p\u0142asko-r\u00f3wnoleg\u0142e i inne, zgodnie z Twoimi potrzebami, w porozumieniu z Tob\u0105, w ramach naszego wsparcia technicznego. Prosimy [&hellip;]<\/p>\n","protected":false},"author":1,"featured_media":0,"parent":0,"menu_order":0,"comment_status":"closed","ping_status":"closed","template":"","meta":{"_et_pb_use_builder":"on","_et_pb_old_content":"","_et_gb_content_width":"","footnotes":""},"class_list":["post-5624","page","type-page","status-publish","hentry"],"yoast_head":"<!-- This site is optimized with the Yoast SEO plugin v26.6 - https:\/\/yoast.com\/wordpress\/plugins\/seo\/ -->\n<title>Przek\u0142adnie - Almer.sk<\/title>\n<meta name=\"robots\" content=\"index, follow, max-snippet:-1, max-image-preview:large, max-video-preview:-1\" \/>\n<link rel=\"canonical\" href=\"https:\/\/almer.sk\/pl\/przekladnie\/\" \/>\n<meta property=\"og:locale\" content=\"pl_PL\" \/>\n<meta property=\"og:type\" content=\"article\" \/>\n<meta property=\"og:title\" content=\"Przek\u0142adnie - Almer.sk\" \/>\n<meta property=\"og:description\" content=\"&lt; Strona g\u0142\u00f3wna \/ Przek\u0142adniePrzek\u0142adnieWysoka precyzja (zero luz\u00f3w) leaderdrive \u00ae PRZEK\u0141ADNIE HARMONICZNEPRZEK\u0141ADNIE PLANETARNEOpr\u00f3cz powy\u017cszych, jeste\u015bmy w stanie zaoferowa\u0107 przek\u0142adnie do praktycznie ka\u017cdego zastosowania, od przeno\u015bnik\u00f3w przez maszyny jednozadaniowe po obrabiarki CNC lub robotyk\u0119, takie jak przek\u0142adnie \u015blimakowe, sto\u017ckowe, p\u0142asko-r\u00f3wnoleg\u0142e i inne, zgodnie z Twoimi potrzebami, w porozumieniu z Tob\u0105, w ramach naszego wsparcia technicznego. Prosimy [&hellip;]\" \/>\n<meta property=\"og:url\" content=\"https:\/\/almer.sk\/pl\/przekladnie\/\" \/>\n<meta property=\"og:site_name\" content=\"Almer.sk\" \/>\n<meta property=\"article:modified_time\" content=\"2023-08-31T09:05:45+00:00\" \/>\n<meta name=\"twitter:card\" content=\"summary_large_image\" \/>\n<meta name=\"twitter:label1\" content=\"Szacowany czas czytania\" \/>\n\t<meta name=\"twitter:data1\" content=\"2 minuty\" \/>\n<script type=\"application\/ld+json\" class=\"yoast-schema-graph\">{\"@context\":\"https:\/\/schema.org\",\"@graph\":[{\"@type\":\"WebPage\",\"@id\":\"https:\/\/almer.sk\/pl\/przekladnie\/\",\"url\":\"https:\/\/almer.sk\/pl\/przekladnie\/\",\"name\":\"Przek\u0142adnie - Almer.sk\",\"isPartOf\":{\"@id\":\"https:\/\/almer.sk\/pl\/#website\"},\"datePublished\":\"2023-06-15T06:50:14+00:00\",\"dateModified\":\"2023-08-31T09:05:45+00:00\",\"breadcrumb\":{\"@id\":\"https:\/\/almer.sk\/pl\/przekladnie\/#breadcrumb\"},\"inLanguage\":\"pl-PL\",\"potentialAction\":[{\"@type\":\"ReadAction\",\"target\":[\"https:\/\/almer.sk\/pl\/przekladnie\/\"]}]},{\"@type\":\"BreadcrumbList\",\"@id\":\"https:\/\/almer.sk\/pl\/przekladnie\/#breadcrumb\",\"itemListElement\":[{\"@type\":\"ListItem\",\"position\":1,\"name\":\"Home\",\"item\":\"https:\/\/almer.sk\/pl\/\"},{\"@type\":\"ListItem\",\"position\":2,\"name\":\"Przek\u0142adnie\"}]},{\"@type\":\"WebSite\",\"@id\":\"https:\/\/almer.sk\/pl\/#website\",\"url\":\"https:\/\/almer.sk\/pl\/\",\"name\":\"Almer.sk\",\"description\":\"Technologick\u00fd l\u00edder v oblasti presn\u00fdch prevodoviek\",\"potentialAction\":[{\"@type\":\"SearchAction\",\"target\":{\"@type\":\"EntryPoint\",\"urlTemplate\":\"https:\/\/almer.sk\/pl\/?s={search_term_string}\"},\"query-input\":{\"@type\":\"PropertyValueSpecification\",\"valueRequired\":true,\"valueName\":\"search_term_string\"}}],\"inLanguage\":\"pl-PL\"}]}<\/script>\n<!-- \/ Yoast SEO plugin. -->","yoast_head_json":{"title":"Przek\u0142adnie - Almer.sk","robots":{"index":"index","follow":"follow","max-snippet":"max-snippet:-1","max-image-preview":"max-image-preview:large","max-video-preview":"max-video-preview:-1"},"canonical":"https:\/\/almer.sk\/pl\/przekladnie\/","og_locale":"pl_PL","og_type":"article","og_title":"Przek\u0142adnie - Almer.sk","og_description":"&lt; Strona g\u0142\u00f3wna \/ Przek\u0142adniePrzek\u0142adnieWysoka precyzja (zero luz\u00f3w) leaderdrive \u00ae PRZEK\u0141ADNIE HARMONICZNEPRZEK\u0141ADNIE PLANETARNEOpr\u00f3cz powy\u017cszych, jeste\u015bmy w stanie zaoferowa\u0107 przek\u0142adnie do praktycznie ka\u017cdego zastosowania, od przeno\u015bnik\u00f3w przez maszyny jednozadaniowe po obrabiarki CNC lub robotyk\u0119, takie jak przek\u0142adnie \u015blimakowe, sto\u017ckowe, p\u0142asko-r\u00f3wnoleg\u0142e i inne, zgodnie z Twoimi potrzebami, w porozumieniu z Tob\u0105, w ramach naszego wsparcia technicznego. Prosimy [&hellip;]","og_url":"https:\/\/almer.sk\/pl\/przekladnie\/","og_site_name":"Almer.sk","article_modified_time":"2023-08-31T09:05:45+00:00","twitter_card":"summary_large_image","twitter_misc":{"Szacowany czas czytania":"2 minuty"},"schema":{"@context":"https:\/\/schema.org","@graph":[{"@type":"WebPage","@id":"https:\/\/almer.sk\/pl\/przekladnie\/","url":"https:\/\/almer.sk\/pl\/przekladnie\/","name":"Przek\u0142adnie - Almer.sk","isPartOf":{"@id":"https:\/\/almer.sk\/pl\/#website"},"datePublished":"2023-06-15T06:50:14+00:00","dateModified":"2023-08-31T09:05:45+00:00","breadcrumb":{"@id":"https:\/\/almer.sk\/pl\/przekladnie\/#breadcrumb"},"inLanguage":"pl-PL","potentialAction":[{"@type":"ReadAction","target":["https:\/\/almer.sk\/pl\/przekladnie\/"]}]},{"@type":"BreadcrumbList","@id":"https:\/\/almer.sk\/pl\/przekladnie\/#breadcrumb","itemListElement":[{"@type":"ListItem","position":1,"name":"Home","item":"https:\/\/almer.sk\/pl\/"},{"@type":"ListItem","position":2,"name":"Przek\u0142adnie"}]},{"@type":"WebSite","@id":"https:\/\/almer.sk\/pl\/#website","url":"https:\/\/almer.sk\/pl\/","name":"Almer.sk","description":"Technologick\u00fd l\u00edder v oblasti presn\u00fdch prevodoviek","potentialAction":[{"@type":"SearchAction","target":{"@type":"EntryPoint","urlTemplate":"https:\/\/almer.sk\/pl\/?s={search_term_string}"},"query-input":{"@type":"PropertyValueSpecification","valueRequired":true,"valueName":"search_term_string"}}],"inLanguage":"pl-PL"}]}},"_links":{"self":[{"href":"https:\/\/almer.sk\/pl\/wp-json\/wp\/v2\/pages\/5624","targetHints":{"allow":["GET"]}}],"collection":[{"href":"https:\/\/almer.sk\/pl\/wp-json\/wp\/v2\/pages"}],"about":[{"href":"https:\/\/almer.sk\/pl\/wp-json\/wp\/v2\/types\/page"}],"author":[{"embeddable":true,"href":"https:\/\/almer.sk\/pl\/wp-json\/wp\/v2\/users\/1"}],"replies":[{"embeddable":true,"href":"https:\/\/almer.sk\/pl\/wp-json\/wp\/v2\/comments?post=5624"}],"version-history":[{"count":6,"href":"https:\/\/almer.sk\/pl\/wp-json\/wp\/v2\/pages\/5624\/revisions"}],"predecessor-version":[{"id":6522,"href":"https:\/\/almer.sk\/pl\/wp-json\/wp\/v2\/pages\/5624\/revisions\/6522"}],"wp:attachment":[{"href":"https:\/\/almer.sk\/pl\/wp-json\/wp\/v2\/media?parent=5624"}],"curies":[{"name":"wp","href":"https:\/\/api.w.org\/{rel}","templated":true}]}}