{"id":5579,"date":"2023-06-15T08:52:15","date_gmt":"2023-06-15T06:52:15","guid":{"rendered":"https:\/\/almer.sk\/silniki\/"},"modified":"2023-07-28T11:26:10","modified_gmt":"2023-07-28T09:26:10","slug":"silniki","status":"publish","type":"page","link":"https:\/\/almer.sk\/pl\/silniki\/","title":{"rendered":"Silniki"},"content":{"rendered":"<p>[et_pb_section fb_built=&#8221;1&#8243; admin_label=&#8221;Section&#8221; _builder_version=&#8221;4.21.0&#8243; _module_preset=&#8221;default&#8221; locked=&#8221;off&#8221; global_colors_info=&#8221;{}&#8221;][et_pb_row _builder_version=&#8221;4.21.0&#8243; _module_preset=&#8221;default&#8221; global_colors_info=&#8221;{}&#8221;][et_pb_column type=&#8221;4_4&#8243; _builder_version=&#8221;4.21.0&#8243; _module_preset=&#8221;default&#8221; global_colors_info=&#8221;{}&#8221;][et_pb_blurb content_max_width=&#8221;1100px&#8221; _builder_version=&#8221;4.21.0&#8243; _module_preset=&#8221;default&#8221; body_text_align=&#8221;left&#8221; global_colors_info=&#8221;{}&#8221;]<\/p>\n<p> <a class=\"bread\" href=\"https:\/\/almer.sk\/pl\/\">&gt; Strona g\u0142\u00f3wna<\/a> \/ Silniki<\/p>\n<p>[\/et_pb_blurb][\/et_pb_column][\/et_pb_row][et_pb_row _builder_version=&#8221;4.21.0&#8243; _module_preset=&#8221;default&#8221; global_colors_info=&#8221;{}&#8221;][et_pb_column type=&#8221;4_4&#8243; _builder_version=&#8221;4.21.0&#8243; _module_preset=&#8221;default&#8221; global_colors_info=&#8221;{}&#8221;][et_pb_blurb content_max_width=&#8221;1100px&#8221; _builder_version=&#8221;4.21.0&#8243; _module_preset=&#8221;default&#8221; header_level=&#8221;h1&#8243; header_font=&#8221;|||on|||||&#8221; body_font=&#8221;|||on|||||&#8221; body_text_align=&#8221;center&#8221; body_line_height=&#8221;1.6em&#8221; global_colors_info=&#8221;{}&#8221;]<\/p>\n<h1><span class=\"cierna\">Bezramowe<\/span> silniki momentowe <span class=\"cierna\">z nap\u0119dem bezpo\u015brednim<\/span> <\/h1>\n<p>[\/et_pb_blurb][\/et_pb_column][\/et_pb_row][et_pb_row column_structure=&#8221;1_2,1_2&#8243; _builder_version=&#8221;4.21.0&#8243; _module_preset=&#8221;default&#8221; global_colors_info=&#8221;{}&#8221;][et_pb_column type=&#8221;1_2&#8243; _builder_version=&#8221;4.21.0&#8243; _module_preset=&#8221;default&#8221; global_colors_info=&#8221;{}&#8221;][et_pb_blurb image=&#8221;https:\/\/almer.sk\/wp-content\/uploads\/2023\/07\/Motory-e1689573291270.png&#8221; alt=&#8221;Silniki&#8221; _builder_version=&#8221;4.21.0&#8243; _module_preset=&#8221;default&#8221; width=&#8221;100%&#8221; module_alignment=&#8221;center&#8221; custom_margin=&#8221;||||false|false&#8221; custom_padding=&#8221;|20px|||false|false&#8221; animation=&#8221;off&#8221; global_colors_info=&#8221;{}&#8221;][\/et_pb_blurb][\/et_pb_column][et_pb_column type=&#8221;1_2&#8243; _builder_version=&#8221;4.21.0&#8243; _module_preset=&#8221;default&#8221; global_colors_info=&#8221;{}&#8221;][et_pb_blurb alt=&#8221;4.o\u015b 2.zdj\u0119cie&#8221; _builder_version=&#8221;4.21.0&#8243; _module_preset=&#8221;default&#8221; width=&#8221;100%&#8221; max_width=&#8221;100%&#8221; module_alignment=&#8221;center&#8221; custom_margin=&#8221;25px||||false|false&#8221; custom_padding=&#8221;||||false|false&#8221; animation=&#8221;off&#8221; locked=&#8221;off&#8221; global_colors_info=&#8221;{}&#8221;]<\/p>\n<p>R\u00f3\u017cne rozmiary ramek 60-145 mm<\/p>\n<p>R\u00f3\u017cne specyfikacje napi\u0119cia &#8211; 220 V i 48 V<\/p>\n<p>Opcjonalny wbudowany czujnik Halla zapewniaj\u0105cy wyj\u015bciowy sygna\u0142 sprz\u0119\u017cenia zwrotnego.<\/p>\n<p>Standardowa izolacja klasy F zapewnia dzia\u0142anie w wy\u017cszych temperaturach.<\/p>\n<p>W\u0142\u00f3kno w\u0119glowe klasy lotniczej chroni wirnik przy du\u017cych pr\u0119dko\u015bciach.<\/p>\n<p>[\/et_pb_blurb][\/et_pb_column][\/et_pb_row][et_pb_row _builder_version=&#8221;4.21.0&#8243; _module_preset=&#8221;default&#8221; global_colors_info=&#8221;{}&#8221;][et_pb_column type=&#8221;4_4&#8243; _builder_version=&#8221;4.21.0&#8243; _module_preset=&#8221;default&#8221; global_colors_info=&#8221;{}&#8221;][et_pb_tabs active_tab_background_color=&#8221;#000000&#8243; inactive_tab_background_color=&#8221;#ff0000&#8243; active_tab_text_color=&#8221;#ffffff&#8221; module_id=&#8221;taby&#8221; _builder_version=&#8221;4.21.0&#8243; tab_text_color=&#8221;#ffffff&#8221; tab_font=&#8221;|300|||||||&#8221; tab_font_size=&#8221;16px&#8221; tab_line_height=&#8221;2.8em&#8221; border_width_all=&#8221;0px&#8221; border_color_all=&#8221;rgba(0,0,0,0)&#8221; global_colors_info=&#8221;{}&#8221;][et_pb_tab title=&#8221;Opis&#8221; _builder_version=&#8221;4.21.0&#8243; global_colors_info=&#8221;{}&#8221;]<\/p>\n<p>Bezramowe silniki nap\u0119du bezpo\u015bredniego KMF o wysokim momencie obrotowym charakteryzuj\u0105 si\u0119 wysokim momentem obrotowym i g\u0119sto\u015bci\u0105 momentu obrotowego. Charakteryzuj\u0105 si\u0119 one r\u00f3wnie\u017c bardzo niskim momentem obrotowym, wyj\u0105tkowo niskimi wahaniami momentu obrotowego przy niskiej pr\u0119dko\u015bci, niskim poziomem ha\u0142asu i precyzyjnym ruchem obrotowym, co zapewnia wydajne i stabilne rozwi\u0105zania wymagane przez systemy mechaniczne.<\/p>\n<p>Bezramowy silnik KMF z nap\u0119dem bezpo\u015brednim wykorzystuje uzwojenia o wysokiej g\u0119sto\u015bci mocy do zastosowa\u0144 wymagaj\u0105cych ma\u0142ych i kompaktowych rozmiar\u00f3w, niewielkiej masy i niskiej bezw\u0142adno\u015bci. Wysokowydajny wirnik NdFeB i materia\u0142 opakowania z w\u0142\u00f3kna w\u0119glowego zapewniaj\u0105 wydajne i stabilne rozwi\u0105zanie dla systemu.<\/p>\n<p>Dost\u0119pnych jest kilka modeli: obejmuj\u0105 one r\u00f3\u017cne rozmiary ram od 60 mm do 145 mm.<\/p>\n<p>Czujnik Halla: zapewnia wyj\u015bcie sygna\u0142u sprz\u0119\u017cenia zwrotnego.<\/p>\n<p>Wysoki poziom izolacji: klasa izolacji F (155\u00b0C).<\/p>\n<p>Ochrona z w\u0142\u00f3kna w\u0119glowego: tuleje z w\u0142\u00f3kna w\u0119glowego chroni\u0105 wirnik przy du\u017cych pr\u0119dko\u015bciach.<\/p>\n<p>Certyfikaty bezpiecze\u0144stwa: Przeszed\u0142 certyfikacj\u0119 EU CE i p\u00f3\u0142nocnoameryka\u0144sk\u0105 ETL.<\/p>\n<p>Niezwykle \u0142atwa obs\u0142uga: niezawodna, kompaktowa konstrukcja systemu jest \u0142atwa do wdro\u017cenia.<\/p>\n<p>[\/et_pb_tab][et_pb_tab title=&#8221;Parametry&#8221; _builder_version=&#8221;4.21.0&#8243; global_colors_info=&#8221;{}&#8221;]<\/p>\n<h3>Parametry silnik\u00f3w<\/h3>\n<ul class=\"et_post_gallery clearfix\">\n\t\t\t\t\t<li class=\"et_gallery_item et_pb_gallery_image\">\n\t\t\t\t\t\t<a href=\"https:\/\/almer.sk\/wp-content\/uploads\/2023\/07\/Parametre-motorov-KMF-scaled-e1689572678359.jpg\" title=\"Parametre motorov KMF\">\n\t\t\t\t\t\t\t<span class=\"et_portfolio_image\">\n\t\t\t\t\t\t\t\t<img loading=\"lazy\" decoding=\"async\" width=\"400\" height=\"284\" src=\"https:\/\/almer.sk\/wp-content\/uploads\/2023\/07\/Parametre-motorov-KMF-scaled-e1689572678359-400x284.jpg\" class=\"attachment-et-pb-portfolio-image size-et-pb-portfolio-image\" alt=\"\" \/>\n\t\t\t\t\t\t\t\t<span class=\"et_overlay\"><\/span>\n\t\t\t\t\t\t\t<\/span>\n\t\t\t\t\t\t<\/a>\n\t\t\t\t\t\t<p class=\"et_pb_gallery_caption\">Parametre motorov KMF<\/p>\n\t\t\t\t\t<\/li><li class=\"et_gallery_item et_pb_gallery_image\">\n\t\t\t\t\t\t<a href=\"https:\/\/almer.sk\/wp-content\/uploads\/2023\/07\/T-n-krivky-48VDC.jpg\" title=\"T-n krivky 48VDC\">\n\t\t\t\t\t\t\t<span class=\"et_portfolio_image\">\n\t\t\t\t\t\t\t\t<img loading=\"lazy\" decoding=\"async\" width=\"400\" height=\"284\" src=\"https:\/\/almer.sk\/wp-content\/uploads\/2023\/07\/T-n-krivky-48VDC-400x284.jpg\" class=\"attachment-et-pb-portfolio-image size-et-pb-portfolio-image\" alt=\"\" \/>\n\t\t\t\t\t\t\t\t<span class=\"et_overlay\"><\/span>\n\t\t\t\t\t\t\t<\/span>\n\t\t\t\t\t\t<\/a>\n\t\t\t\t\t\t<p class=\"et_pb_gallery_caption\">T-n krivky 48VDC<\/p>\n\t\t\t\t\t<\/li><li class=\"et_gallery_item et_pb_gallery_image\">\n\t\t\t\t\t\t<a href=\"https:\/\/almer.sk\/wp-content\/uploads\/2023\/07\/T-n-krivky-220VAC.jpg\" title=\"T-n krivky 220VAC\">\n\t\t\t\t\t\t\t<span class=\"et_portfolio_image\">\n\t\t\t\t\t\t\t\t<img loading=\"lazy\" decoding=\"async\" width=\"400\" height=\"284\" src=\"https:\/\/almer.sk\/wp-content\/uploads\/2023\/07\/T-n-krivky-220VAC-400x284.jpg\" class=\"attachment-et-pb-portfolio-image size-et-pb-portfolio-image\" alt=\"\" \/>\n\t\t\t\t\t\t\t\t<span class=\"et_overlay\"><\/span>\n\t\t\t\t\t\t\t<\/span>\n\t\t\t\t\t\t<\/a>\n\t\t\t\t\t\t<p class=\"et_pb_gallery_caption\">T-n krivky 220VAC<\/p>\n\t\t\t\t\t<\/li>\n\t\t\t\t<\/ul>\n<p>[\/et_pb_tab][et_pb_tab title=&#8221;Rysunki&#8221; _builder_version=&#8221;4.21.0&#8243; global_colors_info=&#8221;{}&#8221;]<\/p>\n<h3>Rysunki silnika<\/h3>\n<p><ul class=\"et_post_gallery clearfix\">\n\t\t\t\t\t<li class=\"et_gallery_item et_pb_gallery_image\">\n\t\t\t\t\t\t<a href=\"https:\/\/almer.sk\/wp-content\/uploads\/2023\/07\/KMF-060AMLNN-scaled-e1689572653628.jpg\" title=\"KMF-060AM(L)NN\">\n\t\t\t\t\t\t\t<span class=\"et_portfolio_image\">\n\t\t\t\t\t\t\t\t<img loading=\"lazy\" decoding=\"async\" width=\"400\" height=\"284\" src=\"https:\/\/almer.sk\/wp-content\/uploads\/2023\/07\/KMF-060AMLNN-scaled-e1689572653628-400x284.jpg\" class=\"attachment-et-pb-portfolio-image size-et-pb-portfolio-image\" alt=\"\" \/>\n\t\t\t\t\t\t\t\t<span class=\"et_overlay\"><\/span>\n\t\t\t\t\t\t\t<\/span>\n\t\t\t\t\t\t<\/a>\n\t\t\t\t\t\t<p class=\"et_pb_gallery_caption\">KMF-060AM(L)NN<\/p>\n\t\t\t\t\t<\/li><li class=\"et_gallery_item et_pb_gallery_image\">\n\t\t\t\t\t\t<a href=\"https:\/\/almer.sk\/wp-content\/uploads\/2023\/07\/KMF-076AMLNN-scaled-e1689572618885.jpg\" title=\"KMF-076AM(L)NN\">\n\t\t\t\t\t\t\t<span class=\"et_portfolio_image\">\n\t\t\t\t\t\t\t\t<img loading=\"lazy\" decoding=\"async\" width=\"400\" height=\"284\" src=\"https:\/\/almer.sk\/wp-content\/uploads\/2023\/07\/KMF-076AMLNN-scaled-e1689572618885-400x284.jpg\" class=\"attachment-et-pb-portfolio-image size-et-pb-portfolio-image\" alt=\"\" \/>\n\t\t\t\t\t\t\t\t<span class=\"et_overlay\"><\/span>\n\t\t\t\t\t\t\t<\/span>\n\t\t\t\t\t\t<\/a>\n\t\t\t\t\t\t<p class=\"et_pb_gallery_caption\">KMF-076AM(L)NN<\/p>\n\t\t\t\t\t<\/li><li class=\"et_gallery_item et_pb_gallery_image\">\n\t\t\t\t\t\t<a href=\"https:\/\/almer.sk\/wp-content\/uploads\/2023\/07\/KMF-095AMLNN-scaled-e1689572546249.jpg\" title=\"KMF-095AM(L)NN\">\n\t\t\t\t\t\t\t<span class=\"et_portfolio_image\">\n\t\t\t\t\t\t\t\t<img loading=\"lazy\" decoding=\"async\" width=\"400\" height=\"284\" src=\"https:\/\/almer.sk\/wp-content\/uploads\/2023\/07\/KMF-095AMLNN-scaled-e1689572546249-400x284.jpg\" class=\"attachment-et-pb-portfolio-image size-et-pb-portfolio-image\" alt=\"\" \/>\n\t\t\t\t\t\t\t\t<span class=\"et_overlay\"><\/span>\n\t\t\t\t\t\t\t<\/span>\n\t\t\t\t\t\t<\/a>\n\t\t\t\t\t\t<p class=\"et_pb_gallery_caption\">KMF-095AM(L)NN<\/p>\n\t\t\t\t\t<\/li><li class=\"et_gallery_item et_pb_gallery_image\">\n\t\t\t\t\t\t<a href=\"https:\/\/almer.sk\/wp-content\/uploads\/2023\/07\/KMF-129AMLNN-scaled-e1689572499391.jpg\" title=\"KMF-129AM(L)NN\">\n\t\t\t\t\t\t\t<span class=\"et_portfolio_image\">\n\t\t\t\t\t\t\t\t<img loading=\"lazy\" decoding=\"async\" width=\"400\" height=\"284\" src=\"https:\/\/almer.sk\/wp-content\/uploads\/2023\/07\/KMF-129AMLNN-scaled-e1689572499391-400x284.jpg\" class=\"attachment-et-pb-portfolio-image size-et-pb-portfolio-image\" alt=\"\" \/>\n\t\t\t\t\t\t\t\t<span class=\"et_overlay\"><\/span>\n\t\t\t\t\t\t\t<\/span>\n\t\t\t\t\t\t<\/a>\n\t\t\t\t\t\t<p class=\"et_pb_gallery_caption\">KMF-129AM(L)NN<\/p>\n\t\t\t\t\t<\/li><li class=\"et_gallery_item et_pb_gallery_image\">\n\t\t\t\t\t\t<a href=\"https:\/\/almer.sk\/wp-content\/uploads\/2023\/07\/KMF-145AMLNN-scaled-e1689572589174.jpg\" title=\"KMF-145AM(L)NN\">\n\t\t\t\t\t\t\t<span class=\"et_portfolio_image\">\n\t\t\t\t\t\t\t\t<img loading=\"lazy\" decoding=\"async\" width=\"400\" height=\"284\" src=\"https:\/\/almer.sk\/wp-content\/uploads\/2023\/07\/KMF-145AMLNN-scaled-e1689572589174-400x284.jpg\" class=\"attachment-et-pb-portfolio-image size-et-pb-portfolio-image\" alt=\"\" \/>\n\t\t\t\t\t\t\t\t<span class=\"et_overlay\"><\/span>\n\t\t\t\t\t\t\t<\/span>\n\t\t\t\t\t\t<\/a>\n\t\t\t\t\t\t<p class=\"et_pb_gallery_caption\">KMF-145AM(L)NN<\/p>\n\t\t\t\t\t<\/li>\n\t\t\t\t<\/ul>[\/et_pb_tab][et_pb_tab title=&#8221;3D&#8221; _builder_version=&#8221;4.21.0&#8243; global_colors_info=&#8221;{}&#8221;]<\/p>\n<h3>W przypadku wydruk\u00f3w 3D prosimy o kontakt<\/h3>\n<h4>[et_pb_section global_module=\"1380\"][\/et_pb_section]<\/h4>\n<p>[\/et_pb_tab][et_pb_tab title=&#8221;Specyfikacja modelu&#8221; _builder_version=&#8221;4.21.0&#8243; global_colors_info=&#8221;{}&#8221;]<\/p>\n<h3>Specyfikacja silnik\u00f3w<\/h3>\n<p><ul class=\"et_post_gallery clearfix\">\n\t\t\t\t\t<li class=\"et_gallery_item et_pb_gallery_image\">\n\t\t\t\t\t\t<a href=\"https:\/\/almer.sk\/wp-content\/uploads\/2023\/07\/23-Specifikacia-Motory-scaled-e1689572707554.jpg\" title=\"23 S\u030cpecifika\u0301cia Motory\">\n\t\t\t\t\t\t\t<span class=\"et_portfolio_image\">\n\t\t\t\t\t\t\t\t<img loading=\"lazy\" decoding=\"async\" width=\"400\" height=\"284\" src=\"https:\/\/almer.sk\/wp-content\/uploads\/2023\/07\/23-Specifikacia-Motory-scaled-e1689572707554-400x284.jpg\" class=\"attachment-et-pb-portfolio-image size-et-pb-portfolio-image\" alt=\"\" \/>\n\t\t\t\t\t\t\t\t<span class=\"et_overlay\"><\/span>\n\t\t\t\t\t\t\t<\/span>\n\t\t\t\t\t\t<\/a>\n\t\t\t\t\t\t<p class=\"et_pb_gallery_caption\">23 S\u030cpecifika\u0301cia Motory<\/p>\n\t\t\t\t\t<\/li>\n\t\t\t\t<\/ul>[\/et_pb_tab][et_pb_tab title=&#8221;Zapytanie o produkt&#8221; _builder_version=&#8221;4.21.0&#8243; global_colors_info=&#8221;{}&#8221;]<\/p>\n<p>Prosimy o kontakt z naszym technicznym zespo\u0142em sprzeda\u017cy w celu uzyskania cen, arkuszy danych, rysunk\u00f3w technicznych (2D\/3D), instrukcji obs\u0142ugi sprz\u0119tu i oprogramowania lub innych informacji technicznych dotycz\u0105cych aplikacji&#8230;<\/p>\n[et_pb_section global_module=\"1380\"][\/et_pb_section]\n<p>[\/et_pb_tab][\/et_pb_tabs][\/et_pb_column][\/et_pb_row][\/et_pb_section]<\/p>\n","protected":false},"excerpt":{"rendered":"<p>&gt; Strona g\u0142\u00f3wna \/ SilnikiBezramowe silniki momentowe z nap\u0119dem bezpo\u015brednim R\u00f3\u017cne rozmiary ramek 60-145 mm R\u00f3\u017cne specyfikacje napi\u0119cia &#8211; 220 V i 48 V Opcjonalny wbudowany czujnik Halla zapewniaj\u0105cy wyj\u015bciowy sygna\u0142 sprz\u0119\u017cenia zwrotnego. Standardowa izolacja klasy F zapewnia dzia\u0142anie w wy\u017cszych temperaturach. W\u0142\u00f3kno w\u0119glowe klasy lotniczej chroni wirnik przy du\u017cych pr\u0119dko\u015bciach.Bezramowe silniki nap\u0119du bezpo\u015bredniego KMF [&hellip;]<\/p>\n","protected":false},"author":1,"featured_media":0,"parent":0,"menu_order":0,"comment_status":"closed","ping_status":"closed","template":"","meta":{"_et_pb_use_builder":"on","_et_pb_old_content":"","_et_gb_content_width":"","footnotes":""},"class_list":["post-5579","page","type-page","status-publish","hentry"],"yoast_head":"<!-- This site is optimized with the Yoast SEO plugin v26.6 - https:\/\/yoast.com\/wordpress\/plugins\/seo\/ -->\n<title>Silniki - Almer.sk<\/title>\n<meta name=\"robots\" content=\"index, follow, max-snippet:-1, max-image-preview:large, max-video-preview:-1\" \/>\n<link rel=\"canonical\" href=\"https:\/\/almer.sk\/pl\/silniki\/\" \/>\n<meta property=\"og:locale\" content=\"pl_PL\" \/>\n<meta property=\"og:type\" content=\"article\" \/>\n<meta property=\"og:title\" content=\"Silniki - Almer.sk\" \/>\n<meta property=\"og:description\" content=\"&gt; Strona g\u0142\u00f3wna \/ SilnikiBezramowe silniki momentowe z nap\u0119dem bezpo\u015brednim R\u00f3\u017cne rozmiary ramek 60-145 mm R\u00f3\u017cne specyfikacje napi\u0119cia - 220 V i 48 V Opcjonalny wbudowany czujnik Halla zapewniaj\u0105cy wyj\u015bciowy sygna\u0142 sprz\u0119\u017cenia zwrotnego. Standardowa izolacja klasy F zapewnia dzia\u0142anie w wy\u017cszych temperaturach. W\u0142\u00f3kno w\u0119glowe klasy lotniczej chroni wirnik przy du\u017cych pr\u0119dko\u015bciach.Bezramowe silniki nap\u0119du bezpo\u015bredniego KMF [&hellip;]\" \/>\n<meta property=\"og:url\" content=\"https:\/\/almer.sk\/pl\/silniki\/\" \/>\n<meta property=\"og:site_name\" content=\"Almer.sk\" \/>\n<meta property=\"article:modified_time\" content=\"2023-07-28T09:26:10+00:00\" \/>\n<meta name=\"twitter:card\" content=\"summary_large_image\" \/>\n<meta name=\"twitter:label1\" content=\"Szacowany czas czytania\" \/>\n\t<meta name=\"twitter:data1\" content=\"4 minuty\" \/>\n<script type=\"application\/ld+json\" class=\"yoast-schema-graph\">{\"@context\":\"https:\/\/schema.org\",\"@graph\":[{\"@type\":\"WebPage\",\"@id\":\"https:\/\/almer.sk\/pl\/silniki\/\",\"url\":\"https:\/\/almer.sk\/pl\/silniki\/\",\"name\":\"Silniki - Almer.sk\",\"isPartOf\":{\"@id\":\"https:\/\/almer.sk\/pl\/#website\"},\"datePublished\":\"2023-06-15T06:52:15+00:00\",\"dateModified\":\"2023-07-28T09:26:10+00:00\",\"breadcrumb\":{\"@id\":\"https:\/\/almer.sk\/pl\/silniki\/#breadcrumb\"},\"inLanguage\":\"pl-PL\",\"potentialAction\":[{\"@type\":\"ReadAction\",\"target\":[\"https:\/\/almer.sk\/pl\/silniki\/\"]}]},{\"@type\":\"BreadcrumbList\",\"@id\":\"https:\/\/almer.sk\/pl\/silniki\/#breadcrumb\",\"itemListElement\":[{\"@type\":\"ListItem\",\"position\":1,\"name\":\"Home\",\"item\":\"https:\/\/almer.sk\/pl\/\"},{\"@type\":\"ListItem\",\"position\":2,\"name\":\"Silniki\"}]},{\"@type\":\"WebSite\",\"@id\":\"https:\/\/almer.sk\/pl\/#website\",\"url\":\"https:\/\/almer.sk\/pl\/\",\"name\":\"Almer.sk\",\"description\":\"Technologick\u00fd l\u00edder v oblasti presn\u00fdch prevodoviek\",\"potentialAction\":[{\"@type\":\"SearchAction\",\"target\":{\"@type\":\"EntryPoint\",\"urlTemplate\":\"https:\/\/almer.sk\/pl\/?s={search_term_string}\"},\"query-input\":{\"@type\":\"PropertyValueSpecification\",\"valueRequired\":true,\"valueName\":\"search_term_string\"}}],\"inLanguage\":\"pl-PL\"}]}<\/script>\n<!-- \/ Yoast SEO plugin. -->","yoast_head_json":{"title":"Silniki - Almer.sk","robots":{"index":"index","follow":"follow","max-snippet":"max-snippet:-1","max-image-preview":"max-image-preview:large","max-video-preview":"max-video-preview:-1"},"canonical":"https:\/\/almer.sk\/pl\/silniki\/","og_locale":"pl_PL","og_type":"article","og_title":"Silniki - Almer.sk","og_description":"&gt; Strona g\u0142\u00f3wna \/ SilnikiBezramowe silniki momentowe z nap\u0119dem bezpo\u015brednim R\u00f3\u017cne rozmiary ramek 60-145 mm R\u00f3\u017cne specyfikacje napi\u0119cia - 220 V i 48 V Opcjonalny wbudowany czujnik Halla zapewniaj\u0105cy wyj\u015bciowy sygna\u0142 sprz\u0119\u017cenia zwrotnego. Standardowa izolacja klasy F zapewnia dzia\u0142anie w wy\u017cszych temperaturach. W\u0142\u00f3kno w\u0119glowe klasy lotniczej chroni wirnik przy du\u017cych pr\u0119dko\u015bciach.Bezramowe silniki nap\u0119du bezpo\u015bredniego KMF [&hellip;]","og_url":"https:\/\/almer.sk\/pl\/silniki\/","og_site_name":"Almer.sk","article_modified_time":"2023-07-28T09:26:10+00:00","twitter_card":"summary_large_image","twitter_misc":{"Szacowany czas czytania":"4 minuty"},"schema":{"@context":"https:\/\/schema.org","@graph":[{"@type":"WebPage","@id":"https:\/\/almer.sk\/pl\/silniki\/","url":"https:\/\/almer.sk\/pl\/silniki\/","name":"Silniki - Almer.sk","isPartOf":{"@id":"https:\/\/almer.sk\/pl\/#website"},"datePublished":"2023-06-15T06:52:15+00:00","dateModified":"2023-07-28T09:26:10+00:00","breadcrumb":{"@id":"https:\/\/almer.sk\/pl\/silniki\/#breadcrumb"},"inLanguage":"pl-PL","potentialAction":[{"@type":"ReadAction","target":["https:\/\/almer.sk\/pl\/silniki\/"]}]},{"@type":"BreadcrumbList","@id":"https:\/\/almer.sk\/pl\/silniki\/#breadcrumb","itemListElement":[{"@type":"ListItem","position":1,"name":"Home","item":"https:\/\/almer.sk\/pl\/"},{"@type":"ListItem","position":2,"name":"Silniki"}]},{"@type":"WebSite","@id":"https:\/\/almer.sk\/pl\/#website","url":"https:\/\/almer.sk\/pl\/","name":"Almer.sk","description":"Technologick\u00fd l\u00edder v oblasti presn\u00fdch prevodoviek","potentialAction":[{"@type":"SearchAction","target":{"@type":"EntryPoint","urlTemplate":"https:\/\/almer.sk\/pl\/?s={search_term_string}"},"query-input":{"@type":"PropertyValueSpecification","valueRequired":true,"valueName":"search_term_string"}}],"inLanguage":"pl-PL"}]}},"_links":{"self":[{"href":"https:\/\/almer.sk\/pl\/wp-json\/wp\/v2\/pages\/5579","targetHints":{"allow":["GET"]}}],"collection":[{"href":"https:\/\/almer.sk\/pl\/wp-json\/wp\/v2\/pages"}],"about":[{"href":"https:\/\/almer.sk\/pl\/wp-json\/wp\/v2\/types\/page"}],"author":[{"embeddable":true,"href":"https:\/\/almer.sk\/pl\/wp-json\/wp\/v2\/users\/1"}],"replies":[{"embeddable":true,"href":"https:\/\/almer.sk\/pl\/wp-json\/wp\/v2\/comments?post=5579"}],"version-history":[{"count":6,"href":"https:\/\/almer.sk\/pl\/wp-json\/wp\/v2\/pages\/5579\/revisions"}],"predecessor-version":[{"id":5752,"href":"https:\/\/almer.sk\/pl\/wp-json\/wp\/v2\/pages\/5579\/revisions\/5752"}],"wp:attachment":[{"href":"https:\/\/almer.sk\/pl\/wp-json\/wp\/v2\/media?parent=5579"}],"curies":[{"name":"wp","href":"https:\/\/api.w.org\/{rel}","templated":true}]}}