{"id":5559,"date":"2023-06-15T08:51:52","date_gmt":"2023-06-15T06:51:52","guid":{"rendered":"https:\/\/almer.sk\/stoly-obrotowe-cnc\/"},"modified":"2023-09-06T10:32:54","modified_gmt":"2023-09-06T08:32:54","slug":"stoly-obrotowe-cnc","status":"publish","type":"page","link":"https:\/\/almer.sk\/pl\/stoly-obrotowe-cnc\/","title":{"rendered":"Sto\u0142y obrotowe CNC"},"content":{"rendered":"<p>[et_pb_section fb_built=&#8221;1&#8243; _builder_version=&#8221;4.21.0&#8243; _module_preset=&#8221;default&#8221; global_colors_info=&#8221;{}&#8221;][et_pb_row _builder_version=&#8221;4.21.0&#8243; _module_preset=&#8221;default&#8221; width=&#8221;90%&#8221; global_colors_info=&#8221;{}&#8221;][et_pb_column type=&#8221;4_4&#8243; _builder_version=&#8221;4.21.0&#8243; _module_preset=&#8221;default&#8221; global_colors_info=&#8221;{}&#8221;][et_pb_blurb content_max_width=&#8221;1100px&#8221; _builder_version=&#8221;4.21.0&#8243; _module_preset=&#8221;default&#8221; body_text_align=&#8221;left&#8221; global_colors_info=&#8221;{}&#8221;]<\/p>\n<p style=\"text-align: left;\"> <a class=\"bread\" href=\"https:\/\/almer.sk\/pl\/\">&lt; Strona g\u0142\u00f3wna<\/a> \/ Sto\u0142y obrotowe \/ uchylne CNC<\/p>\n<p>[\/et_pb_blurb][et_pb_blurb _builder_version=&#8221;4.21.0&#8243; _module_preset=&#8221;default&#8221; header_level=&#8221;h1&#8243; header_font=&#8221;|||on|||||&#8221; body_font=&#8221;|||on|||||&#8221; body_text_align=&#8221;center&#8221; global_colors_info=&#8221;{}&#8221;]<\/p>\n<h1>Sto\u0142y <span class=\"cierna\">obrotowe \/ uchylne CNC<\/span><\/h1>\n<p>[\/et_pb_blurb][\/et_pb_column][\/et_pb_row][et_pb_row column_structure=&#8221;1_2,1_2&#8243; _builder_version=&#8221;4.21.0&#8243; _module_preset=&#8221;default&#8221; global_colors_info=&#8221;{}&#8221;][et_pb_column type=&#8221;1_2&#8243; _builder_version=&#8221;4.21.0&#8243; _module_preset=&#8221;default&#8221; global_colors_info=&#8221;{}&#8221;][et_pb_blurb url=&#8221;https:\/\/almer.sk\/pl\/stoly-obrotowe-cnc\/4-os\/&#8221; image=&#8221;https:\/\/almer.sk\/wp-content\/uploads\/2023\/06\/KCR-320-4th-axis.png&#8221; alt=&#8221;4. o\u015b KCR-320&#8243; _builder_version=&#8221;4.22.1&#8243; _module_preset=&#8221;default&#8221; width=&#8221;100%&#8221; max_width=&#8221;100%&#8221; module_alignment=&#8221;center&#8221; custom_margin=&#8221;||||false|false&#8221; animation=&#8221;off&#8221; link_option_url=&#8221;https:\/\/almer.sk\/pl\/stoly-obrotowe-cnc\/4-os\/&#8221; global_colors_info=&#8221;{}&#8221;]<\/p>\n<h3 style=\"text-align: center;\"><span class=\"cervena\">Pionowe sto\u0142y obrotowe-<\/span> 4. o\u015b<\/h3>\n<p>[\/et_pb_blurb][\/et_pb_column][et_pb_column type=&#8221;1_2&#8243; _builder_version=&#8221;4.21.0&#8243; _module_preset=&#8221;default&#8221; global_colors_info=&#8221;{}&#8221;][et_pb_blurb url=&#8221;https:\/\/almer.sk\/pl\/stoly-obrotowe-cnc\/5-os\/&#8221; image=&#8221;https:\/\/almer.sk\/wp-content\/uploads\/2023\/06\/KFR-250-5th-axis.png&#8221; alt=&#8221;KFR-250 5. o\u015b&#8221; _builder_version=&#8221;4.22.1&#8243; _module_preset=&#8221;default&#8221; animation=&#8221;off&#8221; link_option_url=&#8221;https:\/\/almer.sk\/pl\/stoly-obrotowe-cnc\/5-os\/&#8221; hover_enabled=&#8221;0&#8243; locked=&#8221;off&#8221; global_colors_info=&#8221;{}&#8221; sticky_enabled=&#8221;0&#8243;]<\/p>\n<h3 style=\"text-align: center;\"><span class=\"cervena\">Sto\u0142y uchylno-obrotowe &#8211;<\/span> 4. &amp; 5. o\u015b<\/h3>\n<p>[\/et_pb_blurb][et_pb_blurb _builder_version=&#8221;4.21.0&#8243; _module_preset=&#8221;default&#8221; text_orientation=&#8221;center&#8221; custom_margin=&#8221;-30px||||false|false&#8221; global_colors_info=&#8221;{}&#8221;]kompaktowe dwuosiowe pozycjonery[\/et_pb_blurb][\/et_pb_column][\/et_pb_row][et_pb_row admin_label=&#8221;Rz\u0105d&#8221; _builder_version=&#8221;4.21.0&#8243; _module_preset=&#8221;default&#8221; global_colors_info=&#8221;{}&#8221;][et_pb_column type=&#8221;4_4&#8243; _builder_version=&#8221;4.21.0&#8243; _module_preset=&#8221;default&#8221; global_colors_info=&#8221;{}&#8221;][et_pb_blurb content_max_width=&#8221;1100px&#8221; _builder_version=&#8221;4.21.0&#8243; _module_preset=&#8221;default&#8221; global_colors_info=&#8221;{}&#8221;]<\/p>\n<ul>\n<li><strong>Wysoka dok\u0142adno\u015b\u0107:<\/strong> absolutna dok\u0142adno\u015b\u0107 pozycjonowania wynosi mniej ni\u017c <strong>10 arcsec<\/strong> (0,0028\u00b0).<\/li>\n<li><strong>Dok\u0142adno\u015b\u0107<\/strong> podzia\u0142u si\u0119ga \u00b1 1,5 arcsec.<\/li>\n<li><strong>Powtarzana dok\u0142adno\u015b\u0107<\/strong> osi\u0105ga 1,2 arcsec.<\/li>\n<li><strong>Zero Will:<\/strong> Nap\u0119d harmoniczny bez woli.<\/li>\n<li><strong>Wysoki moment obrotowy:<\/strong> ma\u0142y rozmiar, wysoki moment obrotowy; wyj\u015bciowy moment obrotowy do 1470 Nm.<\/li>\n<li><strong>Bezobs\u0142ugowo\u015b\u0107:<\/strong> brak degeneracji dok\u0142adno\u015bci, brak potrzeby regularnej konserwacji. Dok\u0142adno\u015b\u0107 pozostaje niezmieniona po ponad 20 000 godzin u\u017cytkowania.<\/li>\n<li><strong>Integracja:<\/strong> wysoce zintegrowany, z wbudowanym niezwykle precyzyjnym i sztywnym specjalnym reduktorem harmonicznym LD do obrabiarek (produkt opatentowany na ca\u0142ym \u015bwiecie) i mocnym silnikiem o du\u017cej g\u0119sto\u015bci mocy, z obs\u0142ug\u0105 niskiego momentu obrotowego.<\/li>\n<li><strong>Szybka reakcja:<\/strong> doskona\u0142a reakcja dynamiczna.<\/li>\n<li><strong>Szybkie pozycjonowanie:<\/strong> brak luz\u00f3w i wysoka sztywno\u015b\u0107; nie ma potrzeby hamowania podczas pracy, co znacznie skraca czas.<\/li>\n<li><strong>Wysoka wydajno\u015b\u0107:<\/strong> wydajno\u015b\u0107 przekracza 80%.<\/li>\n<\/ul>\n<p>[\/et_pb_blurb][\/et_pb_column][\/et_pb_row][\/et_pb_section]<\/p>\n","protected":false},"excerpt":{"rendered":"<p>&lt; Strona g\u0142\u00f3wna \/ Sto\u0142y obrotowe \/ uchylne CNCSto\u0142y obrotowe \/ uchylne CNCPionowe sto\u0142y obrotowe- 4. o\u015bSto\u0142y uchylno-obrotowe &#8211; 4. &amp; 5. o\u015bkompaktowe dwuosiowe pozycjonery Wysoka dok\u0142adno\u015b\u0107: absolutna dok\u0142adno\u015b\u0107 pozycjonowania wynosi mniej ni\u017c 10 arcsec (0,0028\u00b0). Dok\u0142adno\u015b\u0107 podzia\u0142u si\u0119ga \u00b1 1,5 arcsec. Powtarzana dok\u0142adno\u015b\u0107 osi\u0105ga 1,2 arcsec. Zero Will: Nap\u0119d harmoniczny bez woli. Wysoki moment [&hellip;]<\/p>\n","protected":false},"author":1,"featured_media":0,"parent":0,"menu_order":0,"comment_status":"closed","ping_status":"closed","template":"","meta":{"_et_pb_use_builder":"on","_et_pb_old_content":"","_et_gb_content_width":"","footnotes":""},"class_list":["post-5559","page","type-page","status-publish","hentry"],"yoast_head":"<!-- This site is optimized with the Yoast SEO plugin v26.6 - https:\/\/yoast.com\/wordpress\/plugins\/seo\/ -->\n<title>Sto\u0142y obrotowe CNC - Almer.sk<\/title>\n<meta name=\"robots\" content=\"index, follow, max-snippet:-1, max-image-preview:large, max-video-preview:-1\" \/>\n<link rel=\"canonical\" href=\"https:\/\/almer.sk\/pl\/stoly-obrotowe-cnc\/\" \/>\n<meta property=\"og:locale\" content=\"pl_PL\" \/>\n<meta property=\"og:type\" content=\"article\" \/>\n<meta property=\"og:title\" content=\"Sto\u0142y obrotowe CNC - Almer.sk\" \/>\n<meta property=\"og:description\" content=\"&lt; Strona g\u0142\u00f3wna \/ Sto\u0142y obrotowe \/ uchylne CNCSto\u0142y obrotowe \/ uchylne CNCPionowe sto\u0142y obrotowe- 4. o\u015bSto\u0142y uchylno-obrotowe - 4. &amp; 5. o\u015bkompaktowe dwuosiowe pozycjonery Wysoka dok\u0142adno\u015b\u0107: absolutna dok\u0142adno\u015b\u0107 pozycjonowania wynosi mniej ni\u017c 10 arcsec (0,0028\u00b0). Dok\u0142adno\u015b\u0107 podzia\u0142u si\u0119ga \u00b1 1,5 arcsec. Powtarzana dok\u0142adno\u015b\u0107 osi\u0105ga 1,2 arcsec. Zero Will: Nap\u0119d harmoniczny bez woli. Wysoki moment [&hellip;]\" \/>\n<meta property=\"og:url\" content=\"https:\/\/almer.sk\/pl\/stoly-obrotowe-cnc\/\" \/>\n<meta property=\"og:site_name\" content=\"Almer.sk\" \/>\n<meta property=\"article:modified_time\" content=\"2023-09-06T08:32:54+00:00\" \/>\n<meta name=\"twitter:card\" content=\"summary_large_image\" \/>\n<meta name=\"twitter:label1\" content=\"Szacowany czas czytania\" \/>\n\t<meta name=\"twitter:data1\" content=\"2 minuty\" \/>\n<script type=\"application\/ld+json\" class=\"yoast-schema-graph\">{\"@context\":\"https:\/\/schema.org\",\"@graph\":[{\"@type\":\"WebPage\",\"@id\":\"https:\/\/almer.sk\/pl\/stoly-obrotowe-cnc\/\",\"url\":\"https:\/\/almer.sk\/pl\/stoly-obrotowe-cnc\/\",\"name\":\"Sto\u0142y obrotowe CNC - Almer.sk\",\"isPartOf\":{\"@id\":\"https:\/\/almer.sk\/pl\/#website\"},\"datePublished\":\"2023-06-15T06:51:52+00:00\",\"dateModified\":\"2023-09-06T08:32:54+00:00\",\"breadcrumb\":{\"@id\":\"https:\/\/almer.sk\/pl\/stoly-obrotowe-cnc\/#breadcrumb\"},\"inLanguage\":\"pl-PL\",\"potentialAction\":[{\"@type\":\"ReadAction\",\"target\":[\"https:\/\/almer.sk\/pl\/stoly-obrotowe-cnc\/\"]}]},{\"@type\":\"BreadcrumbList\",\"@id\":\"https:\/\/almer.sk\/pl\/stoly-obrotowe-cnc\/#breadcrumb\",\"itemListElement\":[{\"@type\":\"ListItem\",\"position\":1,\"name\":\"Home\",\"item\":\"https:\/\/almer.sk\/pl\/\"},{\"@type\":\"ListItem\",\"position\":2,\"name\":\"Sto\u0142y obrotowe CNC\"}]},{\"@type\":\"WebSite\",\"@id\":\"https:\/\/almer.sk\/pl\/#website\",\"url\":\"https:\/\/almer.sk\/pl\/\",\"name\":\"Almer.sk\",\"description\":\"Technologick\u00fd l\u00edder v oblasti presn\u00fdch prevodoviek\",\"potentialAction\":[{\"@type\":\"SearchAction\",\"target\":{\"@type\":\"EntryPoint\",\"urlTemplate\":\"https:\/\/almer.sk\/pl\/?s={search_term_string}\"},\"query-input\":{\"@type\":\"PropertyValueSpecification\",\"valueRequired\":true,\"valueName\":\"search_term_string\"}}],\"inLanguage\":\"pl-PL\"}]}<\/script>\n<!-- \/ Yoast SEO plugin. -->","yoast_head_json":{"title":"Sto\u0142y obrotowe CNC - Almer.sk","robots":{"index":"index","follow":"follow","max-snippet":"max-snippet:-1","max-image-preview":"max-image-preview:large","max-video-preview":"max-video-preview:-1"},"canonical":"https:\/\/almer.sk\/pl\/stoly-obrotowe-cnc\/","og_locale":"pl_PL","og_type":"article","og_title":"Sto\u0142y obrotowe CNC - Almer.sk","og_description":"&lt; Strona g\u0142\u00f3wna \/ Sto\u0142y obrotowe \/ uchylne CNCSto\u0142y obrotowe \/ uchylne CNCPionowe sto\u0142y obrotowe- 4. o\u015bSto\u0142y uchylno-obrotowe - 4. &amp; 5. o\u015bkompaktowe dwuosiowe pozycjonery Wysoka dok\u0142adno\u015b\u0107: absolutna dok\u0142adno\u015b\u0107 pozycjonowania wynosi mniej ni\u017c 10 arcsec (0,0028\u00b0). Dok\u0142adno\u015b\u0107 podzia\u0142u si\u0119ga \u00b1 1,5 arcsec. Powtarzana dok\u0142adno\u015b\u0107 osi\u0105ga 1,2 arcsec. Zero Will: Nap\u0119d harmoniczny bez woli. Wysoki moment [&hellip;]","og_url":"https:\/\/almer.sk\/pl\/stoly-obrotowe-cnc\/","og_site_name":"Almer.sk","article_modified_time":"2023-09-06T08:32:54+00:00","twitter_card":"summary_large_image","twitter_misc":{"Szacowany czas czytania":"2 minuty"},"schema":{"@context":"https:\/\/schema.org","@graph":[{"@type":"WebPage","@id":"https:\/\/almer.sk\/pl\/stoly-obrotowe-cnc\/","url":"https:\/\/almer.sk\/pl\/stoly-obrotowe-cnc\/","name":"Sto\u0142y obrotowe CNC - Almer.sk","isPartOf":{"@id":"https:\/\/almer.sk\/pl\/#website"},"datePublished":"2023-06-15T06:51:52+00:00","dateModified":"2023-09-06T08:32:54+00:00","breadcrumb":{"@id":"https:\/\/almer.sk\/pl\/stoly-obrotowe-cnc\/#breadcrumb"},"inLanguage":"pl-PL","potentialAction":[{"@type":"ReadAction","target":["https:\/\/almer.sk\/pl\/stoly-obrotowe-cnc\/"]}]},{"@type":"BreadcrumbList","@id":"https:\/\/almer.sk\/pl\/stoly-obrotowe-cnc\/#breadcrumb","itemListElement":[{"@type":"ListItem","position":1,"name":"Home","item":"https:\/\/almer.sk\/pl\/"},{"@type":"ListItem","position":2,"name":"Sto\u0142y obrotowe CNC"}]},{"@type":"WebSite","@id":"https:\/\/almer.sk\/pl\/#website","url":"https:\/\/almer.sk\/pl\/","name":"Almer.sk","description":"Technologick\u00fd l\u00edder v oblasti presn\u00fdch prevodoviek","potentialAction":[{"@type":"SearchAction","target":{"@type":"EntryPoint","urlTemplate":"https:\/\/almer.sk\/pl\/?s={search_term_string}"},"query-input":{"@type":"PropertyValueSpecification","valueRequired":true,"valueName":"search_term_string"}}],"inLanguage":"pl-PL"}]}},"_links":{"self":[{"href":"https:\/\/almer.sk\/pl\/wp-json\/wp\/v2\/pages\/5559","targetHints":{"allow":["GET"]}}],"collection":[{"href":"https:\/\/almer.sk\/pl\/wp-json\/wp\/v2\/pages"}],"about":[{"href":"https:\/\/almer.sk\/pl\/wp-json\/wp\/v2\/types\/page"}],"author":[{"embeddable":true,"href":"https:\/\/almer.sk\/pl\/wp-json\/wp\/v2\/users\/1"}],"replies":[{"embeddable":true,"href":"https:\/\/almer.sk\/pl\/wp-json\/wp\/v2\/comments?post=5559"}],"version-history":[{"count":6,"href":"https:\/\/almer.sk\/pl\/wp-json\/wp\/v2\/pages\/5559\/revisions"}],"predecessor-version":[{"id":6604,"href":"https:\/\/almer.sk\/pl\/wp-json\/wp\/v2\/pages\/5559\/revisions\/6604"}],"wp:attachment":[{"href":"https:\/\/almer.sk\/pl\/wp-json\/wp\/v2\/media?parent=5559"}],"curies":[{"name":"wp","href":"https:\/\/api.w.org\/{rel}","templated":true}]}}