{"id":6088,"date":"2023-07-15T15:15:24","date_gmt":"2023-07-15T13:15:24","guid":{"rendered":"https:\/\/almer.sk\/integralt-termekek\/adaptiv-szerszamok-csiszolashoz-es-polirozashoz\/"},"modified":"2023-08-28T12:11:36","modified_gmt":"2023-08-28T10:11:36","slug":"adaptiv-szerszamok-csiszolashoz-es-polirozashoz","status":"publish","type":"page","link":"https:\/\/almer.sk\/hu\/integralt-termekek\/adaptiv-szerszamok-csiszolashoz-es-polirozashoz\/","title":{"rendered":"Adapt\u00edv szersz\u00e1mok csiszol\u00e1shoz \u00e9s pol\u00edroz\u00e1shoz"},"content":{"rendered":"<p>[et_pb_section fb_built=&#8221;1&#8243; _builder_version=&#8221;4.21.0&#8243; _module_preset=&#8221;default&#8221; global_colors_info=&#8221;{}&#8221;][et_pb_row _builder_version=&#8221;4.21.0&#8243; _module_preset=&#8221;default&#8221; locked=&#8221;off&#8221; global_colors_info=&#8221;{}&#8221;][et_pb_column type=&#8221;4_4&#8243; _builder_version=&#8221;4.21.0&#8243; _module_preset=&#8221;default&#8221; global_colors_info=&#8221;{}&#8221;][et_pb_blurb content_max_width=&#8221;1100px&#8221; _builder_version=&#8221;4.21.0&#8243; _module_preset=&#8221;default&#8221; body_text_align=&#8221;left&#8221; locked=&#8221;off&#8221; global_colors_info=&#8221;{}&#8221;]<\/p>\n<p> <a class=\"bread\" href=\"https:\/\/almer.sk\/hu\/\">&gt; Home<\/a> \/ <a href=\"https:\/\/almer.sk\/hu\/integralt-termekek\/\">Integr\u00e1lt term\u00e9kek<\/a> \/ Adapt\u00edv k\u00f6sz\u00f6r\u00fcl\u00e9s<\/p>\n<p>[\/et_pb_blurb][\/et_pb_column][\/et_pb_row][et_pb_row _builder_version=&#8221;4.21.0&#8243; _module_preset=&#8221;default&#8221; global_colors_info=&#8221;{}&#8221;][et_pb_column type=&#8221;4_4&#8243; _builder_version=&#8221;4.21.0&#8243; _module_preset=&#8221;default&#8221; global_colors_info=&#8221;{}&#8221;][et_pb_blurb content_max_width=&#8221;1100px&#8221; _builder_version=&#8221;4.21.0&#8243; _module_preset=&#8221;default&#8221; header_level=&#8221;h1&#8243; header_font=&#8221;|||on|||||&#8221; body_font=&#8221;|||on|||||&#8221; body_text_align=&#8221;center&#8221; body_line_height=&#8221;1.6em&#8221; locked=&#8221;off&#8221; global_colors_info=&#8221;{}&#8221;]<\/p>\n<h1><span class=\"cierna\">Adapt\u00edv szersz\u00e1mok<\/span> ROBOTI CSISZOL\u00c1S \u00c9S POL\u00cdROZ\u00c1S<\/h1>\n<p>[\/et_pb_blurb][\/et_pb_column][\/et_pb_row][et_pb_row _builder_version=&#8221;4.21.0&#8243; _module_preset=&#8221;default&#8221; width=&#8221;90%&#8221; custom_padding=&#8221;9px|||||&#8221; locked=&#8221;off&#8221; global_colors_info=&#8221;{}&#8221;][et_pb_column type=&#8221;4_4&#8243; _builder_version=&#8221;4.21.0&#8243; _module_preset=&#8221;default&#8221; global_colors_info=&#8221;{}&#8221;][et_pb_blurb image=&#8221;https:\/\/almer.sk\/wp-content\/uploads\/2023\/07\/Adaptivne-nastroje-na-brusenie-a-lestenie-e1689431155870.png&#8221; alt=&#8221;Adapt\u00edv szersz\u00e1mok csiszol\u00e1shoz \u00e9s pol\u00edroz\u00e1shoz&#8221; content_max_width=&#8221;1100px&#8221; _builder_version=&#8221;4.21.0&#8243; _module_preset=&#8221;default&#8221; animation=&#8221;off&#8221; global_colors_info=&#8221;{}&#8221;][\/et_pb_blurb][\/et_pb_column][\/et_pb_row][et_pb_row _builder_version=&#8221;4.21.0&#8243; _module_preset=&#8221;default&#8221; width=&#8221;90%&#8221; custom_margin=&#8221;-40px|auto||auto||&#8221; global_colors_info=&#8221;{}&#8221;][et_pb_column type=&#8221;4_4&#8243; _builder_version=&#8221;4.21.0&#8243; _module_preset=&#8221;default&#8221; global_colors_info=&#8221;{}&#8221;][et_pb_blurb content_max_width=&#8221;1100px&#8221; _builder_version=&#8221;4.21.0&#8243; _module_preset=&#8221;default&#8221; width=&#8221;100%&#8221; global_colors_info=&#8221;{}&#8221;]<\/p>\n<p><span style=\"color: #ff0000;\"><strong>Le\u00edr\u00e1s<\/strong><\/span><\/p>\n<p>Az elektrohidraulikus meghajt\u00e1son alapul\u00f3, z\u00e1rt hurk\u00fa, adapt\u00edv er\u0151szab\u00e1lyoz\u00e1s\u00fa csiszol\u00f3g\u00e9pek fels\u0151 sorozata, amely csiszol\u00e1sra, pol\u00edroz\u00e1sra \u00e9s sorj\u00e1z\u00e1smentes\u00edt\u00e9sre optimaliz\u00e1lt. A nagy pontoss\u00e1g\u00fa, rugalmas, z\u00e1rt hurk\u00fa er\u0151- \u00e9s poz\u00edci\u00f3szab\u00e1lyoz\u00e1s, valamint a kompakt AGP szerkezet miatt kiv\u00e1l\u00f3 v\u00e1laszt\u00e1s b\u00e1rmilyen csiszol\u00e1si \u00e9s pol\u00edroz\u00e1si helyzethez.<strong> <\/strong><\/p>\n<p><span style=\"color: #ff0000;\"><strong>Teljes\u00edtm\u00e9ny<\/strong><\/span><\/p>\n<p><span style=\"color: #ff0000;\">\u2713<\/span> A szersz\u00e1m az er\u0151szab\u00e1lyoz\u00e1shoz elektrohidraulikus m\u0171k\u00f6dtet\u0151t tartalmaz, amely nagy pontoss\u00e1g\u00fa szab\u00e1lyoz\u00e1st, gyors reag\u00e1l\u00e1st, nagy merevs\u00e9get, nagy teljes\u00edtm\u00e9nys\u0171r\u0171s\u00e9get \u00e9s stabil teljes\u00edtm\u00e9nyt biztos\u00edt.<\/p>\n<p><span style=\"color: #ff0000;\">\u2713<\/span> Az ors\u00f3 keret n\u00e9lk\u00fcli nyomat\u00e9kmotorral m\u0171k\u00f6dik, ami kisebb m\u00e9retet, nagyobb nyomat\u00e9kot \u00e9s sim\u00e1bb m\u0171k\u00f6d\u00e9st eredm\u00e9nyez. A rendszer t\u00e1mogatja az automatikus szersz\u00e1mcser\u00e9t.<\/p>\n<p><span style=\"color: #ff0000;\">\u2713<\/span> A m\u0171szeres \u00e9rz\u00e9kel\u0151kkel kombin\u00e1lt, magasan integr\u00e1lt rendszer cs\u00f6kkenti a m\u00e9retet \u00e9s a s\u00falyt, \u00e9s val\u00f3s idej\u0171 visszajelz\u00e9st biztos\u00edt.<\/p>\n<p><span style=\"color: #ff0000;\">\u2713<\/span> Az egyszer\u0171 haszn\u00e1latra tervezett be\u00e9p\u00edtett interf\u00e9sz megk\u00f6nny\u00edti a kezel\u0151 sz\u00e1m\u00e1ra el\u00e9rhet\u0151 be\u00e1ll\u00edt\u00e1sokat.<\/p>\n<p><span style=\"color: #ff0000;\">\u2713<\/span> K\u00fcl\u00f6nb\u00f6z\u0151 protokollok t\u00e1mogat\u00e1sa, ami egyszer\u0171s\u00edti a robotokkal val\u00f3 kommunik\u00e1ci\u00f3t.<\/p>\n<p><span style=\"color: #ff0000;\"><strong>El\u0151ny\u00f6k<\/strong><\/span><\/p>\n<p><span style=\"color: #ff0000;\">\u2713<\/span> A szersz\u00e1m az er\u0151szab\u00e1lyoz\u00e1shoz elektrohidraulikus m\u0171k\u00f6dtet\u0151t tartalmaz, amely lehet\u0151v\u00e9 teszi az egyszer\u0171 v\u00e1lt\u00e1st az er\u0151- \u00e9s a poz\u00edci\u00f3szab\u00e1lyoz\u00e1si m\u00f3dok k\u00f6z\u00f6tt.<\/p>\n<p><span style=\"color: #ff0000;\">\u2713<\/span> Nagyobb teljes\u00edtm\u00e9nys\u0171r\u0171s\u00e9g, nagyobb energiahat\u00e9konys\u00e1g, nagyobb nyomat\u00e9k, nagyobb \u0151rl\u00e9si er\u0151, kisebb poross\u00e1g.<\/p>\n<p><span style=\"color: #ff0000;\">\u2713<\/span> Kompakt m\u00e9ret\u0171 \u00e9s k\u00f6nny\u0171 s\u00faly\u00fa, nagym\u00e9rt\u00e9kben integr\u00e1lt rendszerrel rendelkezik, amely kompatibilis mind a kollaborat\u00edv, mind az ipari robotokkal.<\/p>\n<p>\u2713 <span style=\"color: #ff0000;\">2<\/span> 20V-os t\u00e1pegys\u00e9g \u00e9s k\u00fcls\u0151 leveg\u0151 n\u00e9lk\u00fcl m\u0171k\u00f6dik.<\/p>\n<p><span style=\"color: #ff0000;\"><strong>Alkalmaz\u00e1s<\/strong><\/span><\/p>\n<p>Az AGP kompatibilis a kollaborat\u00edv \u00e9s ipari robotokkal, szersz\u00e1mg\u00e9pekkel, \u00e9s alkalmas a nagy ig\u00e9nybev\u00e9tel\u0171 alkalmaz\u00e1sokhoz sz\u00fcks\u00e9ges pol\u00edroz\u00e1shoz, h\u00faz\u00e1shoz, sorj\u00e1z\u00e1smentes\u00edt\u00e9shez \u00e9s csiszol\u00e1shoz. Az egyed\u00fcl\u00e1ll\u00f3 er\u0151szab\u00e1lyoz\u00e1si technol\u00f3gi\u00e1nak k\u00f6sz\u00f6nhet\u0151en ez a csiszol\u00f3szersz\u00e1m nagy hat\u00e9konys\u00e1g\u00fa, nagy pontoss\u00e1g\u00fa adapt\u00edv csiszol\u00e1sra \u00e9s pol\u00edroz\u00e1sra k\u00e9pes, alacsony energiafogyaszt\u00e1s, alacsony por- \u00e9s zajszint mellett.<\/p>\n<p>El\u0151ny\u00f6s az ipar\u00e1gak sz\u00e9les k\u00f6r\u00e9ben: aut\u00f3ipar, sz\u00f3rakoztat\u00f3 elektronika, rep\u00fcl\u0151g\u00e9pipar, haj\u00f3gy\u00e1rt\u00e1s, orvosi berendez\u00e9sek, koh\u00e1szat, energiaipar, petrolk\u00e9mia stb.<\/p>\n<p>[\/et_pb_blurb][\/et_pb_column][\/et_pb_row][et_pb_row _builder_version=&#8221;4.21.0&#8243; _module_preset=&#8221;default&#8221; width=&#8221;90%&#8221; global_colors_info=&#8221;{}&#8221;][et_pb_column type=&#8221;4_4&#8243; _builder_version=&#8221;4.21.0&#8243; _module_preset=&#8221;default&#8221; global_colors_info=&#8221;{}&#8221;][et_pb_blurb image=&#8221;https:\/\/almer.sk\/wp-content\/uploads\/2023\/07\/Technicke-parametre-Adaptivne-nastroje-na-brusenie.png&#8221; alt=&#8221;M\u0171szaki param\u00e9terek Adapt\u00edv csiszol\u00f3szersz\u00e1mok&#8221; content_max_width=&#8221;1100px&#8221; _builder_version=&#8221;4.21.0&#8243; _module_preset=&#8221;default&#8221; animation=&#8221;off&#8221; global_colors_info=&#8221;{}&#8221;][\/et_pb_blurb][\/et_pb_column][\/et_pb_row][\/et_pb_section]<\/p>\n","protected":false},"excerpt":{"rendered":"<p>&gt; Home \/ Integr\u00e1lt term\u00e9kek \/ Adapt\u00edv k\u00f6sz\u00f6r\u00fcl\u00e9sAdapt\u00edv szersz\u00e1mok ROBOTI CSISZOL\u00c1S \u00c9S POL\u00cdROZ\u00c1SLe\u00edr\u00e1s Az elektrohidraulikus meghajt\u00e1son alapul\u00f3, z\u00e1rt hurk\u00fa, adapt\u00edv er\u0151szab\u00e1lyoz\u00e1s\u00fa csiszol\u00f3g\u00e9pek fels\u0151 sorozata, amely csiszol\u00e1sra, pol\u00edroz\u00e1sra \u00e9s sorj\u00e1z\u00e1smentes\u00edt\u00e9sre optimaliz\u00e1lt. A nagy pontoss\u00e1g\u00fa, rugalmas, z\u00e1rt hurk\u00fa er\u0151- \u00e9s poz\u00edci\u00f3szab\u00e1lyoz\u00e1s, valamint a kompakt AGP szerkezet miatt kiv\u00e1l\u00f3 v\u00e1laszt\u00e1s b\u00e1rmilyen csiszol\u00e1si \u00e9s pol\u00edroz\u00e1si helyzethez. Teljes\u00edtm\u00e9ny \u2713 A [&hellip;]<\/p>\n","protected":false},"author":1,"featured_media":0,"parent":5671,"menu_order":0,"comment_status":"closed","ping_status":"closed","template":"","meta":{"_et_pb_use_builder":"on","_et_pb_old_content":"","_et_gb_content_width":"","footnotes":""},"class_list":["post-6088","page","type-page","status-publish","hentry"],"yoast_head":"<!-- This site is optimized with the Yoast SEO plugin v26.6 - https:\/\/yoast.com\/wordpress\/plugins\/seo\/ -->\n<title>Adapt\u00edv szersz\u00e1mok csiszol\u00e1shoz \u00e9s pol\u00edroz\u00e1shoz - Almer.sk<\/title>\n<meta name=\"robots\" content=\"index, follow, max-snippet:-1, max-image-preview:large, max-video-preview:-1\" \/>\n<link rel=\"canonical\" href=\"https:\/\/almer.sk\/hu\/integralt-termekek\/adaptiv-szerszamok-csiszolashoz-es-polirozashoz\/\" \/>\n<meta property=\"og:locale\" content=\"hu_HU\" \/>\n<meta property=\"og:type\" content=\"article\" \/>\n<meta property=\"og:title\" content=\"Adapt\u00edv szersz\u00e1mok csiszol\u00e1shoz \u00e9s pol\u00edroz\u00e1shoz - Almer.sk\" \/>\n<meta property=\"og:description\" content=\"&gt; Home \/ Integr\u00e1lt term\u00e9kek \/ Adapt\u00edv k\u00f6sz\u00f6r\u00fcl\u00e9sAdapt\u00edv szersz\u00e1mok ROBOTI CSISZOL\u00c1S \u00c9S POL\u00cdROZ\u00c1SLe\u00edr\u00e1s Az elektrohidraulikus meghajt\u00e1son alapul\u00f3, z\u00e1rt hurk\u00fa, adapt\u00edv er\u0151szab\u00e1lyoz\u00e1s\u00fa csiszol\u00f3g\u00e9pek fels\u0151 sorozata, amely csiszol\u00e1sra, pol\u00edroz\u00e1sra \u00e9s sorj\u00e1z\u00e1smentes\u00edt\u00e9sre optimaliz\u00e1lt. A nagy pontoss\u00e1g\u00fa, rugalmas, z\u00e1rt hurk\u00fa er\u0151- \u00e9s poz\u00edci\u00f3szab\u00e1lyoz\u00e1s, valamint a kompakt AGP szerkezet miatt kiv\u00e1l\u00f3 v\u00e1laszt\u00e1s b\u00e1rmilyen csiszol\u00e1si \u00e9s pol\u00edroz\u00e1si helyzethez. Teljes\u00edtm\u00e9ny \u2713 A [&hellip;]\" \/>\n<meta property=\"og:url\" content=\"https:\/\/almer.sk\/hu\/integralt-termekek\/adaptiv-szerszamok-csiszolashoz-es-polirozashoz\/\" \/>\n<meta property=\"og:site_name\" content=\"Almer.sk\" \/>\n<meta property=\"article:modified_time\" content=\"2023-08-28T10:11:36+00:00\" \/>\n<meta name=\"twitter:card\" content=\"summary_large_image\" \/>\n<meta name=\"twitter:label1\" content=\"Becs\u00fclt olvas\u00e1si id\u0151\" \/>\n\t<meta name=\"twitter:data1\" content=\"4 perc\" \/>\n<script type=\"application\/ld+json\" class=\"yoast-schema-graph\">{\"@context\":\"https:\/\/schema.org\",\"@graph\":[{\"@type\":\"WebPage\",\"@id\":\"https:\/\/almer.sk\/hu\/integralt-termekek\/adaptiv-szerszamok-csiszolashoz-es-polirozashoz\/\",\"url\":\"https:\/\/almer.sk\/hu\/integralt-termekek\/adaptiv-szerszamok-csiszolashoz-es-polirozashoz\/\",\"name\":\"Adapt\u00edv szersz\u00e1mok csiszol\u00e1shoz \u00e9s pol\u00edroz\u00e1shoz - Almer.sk\",\"isPartOf\":{\"@id\":\"https:\/\/almer.sk\/hu\/#website\"},\"datePublished\":\"2023-07-15T13:15:24+00:00\",\"dateModified\":\"2023-08-28T10:11:36+00:00\",\"breadcrumb\":{\"@id\":\"https:\/\/almer.sk\/hu\/integralt-termekek\/adaptiv-szerszamok-csiszolashoz-es-polirozashoz\/#breadcrumb\"},\"inLanguage\":\"hu\",\"potentialAction\":[{\"@type\":\"ReadAction\",\"target\":[\"https:\/\/almer.sk\/hu\/integralt-termekek\/adaptiv-szerszamok-csiszolashoz-es-polirozashoz\/\"]}]},{\"@type\":\"BreadcrumbList\",\"@id\":\"https:\/\/almer.sk\/hu\/integralt-termekek\/adaptiv-szerszamok-csiszolashoz-es-polirozashoz\/#breadcrumb\",\"itemListElement\":[{\"@type\":\"ListItem\",\"position\":1,\"name\":\"Home\",\"item\":\"https:\/\/almer.sk\/hu\/\"},{\"@type\":\"ListItem\",\"position\":2,\"name\":\"Integr\u00e1lt term\u00e9kek\",\"item\":\"https:\/\/almer.sk\/hu\/integralt-termekek\/\"},{\"@type\":\"ListItem\",\"position\":3,\"name\":\"Adapt\u00edv szersz\u00e1mok csiszol\u00e1shoz \u00e9s pol\u00edroz\u00e1shoz\"}]},{\"@type\":\"WebSite\",\"@id\":\"https:\/\/almer.sk\/hu\/#website\",\"url\":\"https:\/\/almer.sk\/hu\/\",\"name\":\"Almer.sk\",\"description\":\"Technologick\u00fd l\u00edder v oblasti presn\u00fdch prevodoviek\",\"potentialAction\":[{\"@type\":\"SearchAction\",\"target\":{\"@type\":\"EntryPoint\",\"urlTemplate\":\"https:\/\/almer.sk\/hu\/?s={search_term_string}\"},\"query-input\":{\"@type\":\"PropertyValueSpecification\",\"valueRequired\":true,\"valueName\":\"search_term_string\"}}],\"inLanguage\":\"hu\"}]}<\/script>\n<!-- \/ Yoast SEO plugin. -->","yoast_head_json":{"title":"Adapt\u00edv szersz\u00e1mok csiszol\u00e1shoz \u00e9s pol\u00edroz\u00e1shoz - Almer.sk","robots":{"index":"index","follow":"follow","max-snippet":"max-snippet:-1","max-image-preview":"max-image-preview:large","max-video-preview":"max-video-preview:-1"},"canonical":"https:\/\/almer.sk\/hu\/integralt-termekek\/adaptiv-szerszamok-csiszolashoz-es-polirozashoz\/","og_locale":"hu_HU","og_type":"article","og_title":"Adapt\u00edv szersz\u00e1mok csiszol\u00e1shoz \u00e9s pol\u00edroz\u00e1shoz - Almer.sk","og_description":"&gt; Home \/ Integr\u00e1lt term\u00e9kek \/ Adapt\u00edv k\u00f6sz\u00f6r\u00fcl\u00e9sAdapt\u00edv szersz\u00e1mok ROBOTI CSISZOL\u00c1S \u00c9S POL\u00cdROZ\u00c1SLe\u00edr\u00e1s Az elektrohidraulikus meghajt\u00e1son alapul\u00f3, z\u00e1rt hurk\u00fa, adapt\u00edv er\u0151szab\u00e1lyoz\u00e1s\u00fa csiszol\u00f3g\u00e9pek fels\u0151 sorozata, amely csiszol\u00e1sra, pol\u00edroz\u00e1sra \u00e9s sorj\u00e1z\u00e1smentes\u00edt\u00e9sre optimaliz\u00e1lt. A nagy pontoss\u00e1g\u00fa, rugalmas, z\u00e1rt hurk\u00fa er\u0151- \u00e9s poz\u00edci\u00f3szab\u00e1lyoz\u00e1s, valamint a kompakt AGP szerkezet miatt kiv\u00e1l\u00f3 v\u00e1laszt\u00e1s b\u00e1rmilyen csiszol\u00e1si \u00e9s pol\u00edroz\u00e1si helyzethez. Teljes\u00edtm\u00e9ny \u2713 A [&hellip;]","og_url":"https:\/\/almer.sk\/hu\/integralt-termekek\/adaptiv-szerszamok-csiszolashoz-es-polirozashoz\/","og_site_name":"Almer.sk","article_modified_time":"2023-08-28T10:11:36+00:00","twitter_card":"summary_large_image","twitter_misc":{"Becs\u00fclt olvas\u00e1si id\u0151":"4 perc"},"schema":{"@context":"https:\/\/schema.org","@graph":[{"@type":"WebPage","@id":"https:\/\/almer.sk\/hu\/integralt-termekek\/adaptiv-szerszamok-csiszolashoz-es-polirozashoz\/","url":"https:\/\/almer.sk\/hu\/integralt-termekek\/adaptiv-szerszamok-csiszolashoz-es-polirozashoz\/","name":"Adapt\u00edv szersz\u00e1mok csiszol\u00e1shoz \u00e9s pol\u00edroz\u00e1shoz - Almer.sk","isPartOf":{"@id":"https:\/\/almer.sk\/hu\/#website"},"datePublished":"2023-07-15T13:15:24+00:00","dateModified":"2023-08-28T10:11:36+00:00","breadcrumb":{"@id":"https:\/\/almer.sk\/hu\/integralt-termekek\/adaptiv-szerszamok-csiszolashoz-es-polirozashoz\/#breadcrumb"},"inLanguage":"hu","potentialAction":[{"@type":"ReadAction","target":["https:\/\/almer.sk\/hu\/integralt-termekek\/adaptiv-szerszamok-csiszolashoz-es-polirozashoz\/"]}]},{"@type":"BreadcrumbList","@id":"https:\/\/almer.sk\/hu\/integralt-termekek\/adaptiv-szerszamok-csiszolashoz-es-polirozashoz\/#breadcrumb","itemListElement":[{"@type":"ListItem","position":1,"name":"Home","item":"https:\/\/almer.sk\/hu\/"},{"@type":"ListItem","position":2,"name":"Integr\u00e1lt term\u00e9kek","item":"https:\/\/almer.sk\/hu\/integralt-termekek\/"},{"@type":"ListItem","position":3,"name":"Adapt\u00edv szersz\u00e1mok csiszol\u00e1shoz \u00e9s pol\u00edroz\u00e1shoz"}]},{"@type":"WebSite","@id":"https:\/\/almer.sk\/hu\/#website","url":"https:\/\/almer.sk\/hu\/","name":"Almer.sk","description":"Technologick\u00fd l\u00edder v oblasti presn\u00fdch prevodoviek","potentialAction":[{"@type":"SearchAction","target":{"@type":"EntryPoint","urlTemplate":"https:\/\/almer.sk\/hu\/?s={search_term_string}"},"query-input":{"@type":"PropertyValueSpecification","valueRequired":true,"valueName":"search_term_string"}}],"inLanguage":"hu"}]}},"_links":{"self":[{"href":"https:\/\/almer.sk\/hu\/wp-json\/wp\/v2\/pages\/6088","targetHints":{"allow":["GET"]}}],"collection":[{"href":"https:\/\/almer.sk\/hu\/wp-json\/wp\/v2\/pages"}],"about":[{"href":"https:\/\/almer.sk\/hu\/wp-json\/wp\/v2\/types\/page"}],"author":[{"embeddable":true,"href":"https:\/\/almer.sk\/hu\/wp-json\/wp\/v2\/users\/1"}],"replies":[{"embeddable":true,"href":"https:\/\/almer.sk\/hu\/wp-json\/wp\/v2\/comments?post=6088"}],"version-history":[{"count":2,"href":"https:\/\/almer.sk\/hu\/wp-json\/wp\/v2\/pages\/6088\/revisions"}],"predecessor-version":[{"id":6466,"href":"https:\/\/almer.sk\/hu\/wp-json\/wp\/v2\/pages\/6088\/revisions\/6466"}],"up":[{"embeddable":true,"href":"https:\/\/almer.sk\/hu\/wp-json\/wp\/v2\/pages\/5671"}],"wp:attachment":[{"href":"https:\/\/almer.sk\/hu\/wp-json\/wp\/v2\/media?parent=6088"}],"curies":[{"name":"wp","href":"https:\/\/api.w.org\/{rel}","templated":true}]}}