{"id":6062,"date":"2023-07-17T17:48:40","date_gmt":"2023-07-17T15:48:40","guid":{"rendered":"https:\/\/almer.sk\/harmonikus-sebessegvaltok\/y-modell-harmonikus-sebessegvaltok\/"},"modified":"2024-04-13T16:26:22","modified_gmt":"2024-04-13T14:26:22","slug":"y-modell-harmonikus-sebessegvaltok","status":"publish","type":"page","link":"https:\/\/almer.sk\/hu\/harmonikus-sebessegvaltok\/y-modell-harmonikus-sebessegvaltok\/","title":{"rendered":"Y modell harmonikus sebess\u00e9gv\u00e1lt\u00f3k"},"content":{"rendered":"<p>[et_pb_section fb_built=&#8221;1&#8243; admin_label=&#8221;Section&#8221; _builder_version=&#8221;4.21.0&#8243; _module_preset=&#8221;default&#8221; locked=&#8221;off&#8221; global_colors_info=&#8221;{}&#8221;][et_pb_row _builder_version=&#8221;4.21.0&#8243; _module_preset=&#8221;default&#8221; global_colors_info=&#8221;{}&#8221;][et_pb_column type=&#8221;4_4&#8243; _builder_version=&#8221;4.21.0&#8243; _module_preset=&#8221;default&#8221; global_colors_info=&#8221;{}&#8221;][et_pb_blurb content_max_width=&#8221;1100px&#8221; _builder_version=&#8221;4.22.1&#8243; _module_preset=&#8221;default&#8221; body_text_align=&#8221;left&#8221; global_colors_info=&#8221;{}&#8221;]<\/p>\n<p><a class=\"bread\" href=\"https:\/\/almer.sk\/hu\/\">&gt; itthon<\/a> \/ <a class=\"bread\" href=\"https:\/\/almer.sk\/hu\/sebessegvaltok\/\">Sebess\u00e9gv\u00e1lt\u00f3k<\/a>\u00a0\/ <a class=\"bread\" href=\"https:\/\/almer.sk\/hu\/harmonikus-sebessegvaltok\/\">Harmonikus<\/a> \/ YLHS<\/p>\n<p>[\/et_pb_blurb][\/et_pb_column][\/et_pb_row][et_pb_row _builder_version=&#8221;4.21.0&#8243; _module_preset=&#8221;default&#8221; custom_padding=&#8221;||0px|||&#8221; global_colors_info=&#8221;{}&#8221;][et_pb_column type=&#8221;4_4&#8243; _builder_version=&#8221;4.21.0&#8243; _module_preset=&#8221;default&#8221; global_colors_info=&#8221;{}&#8221;][et_pb_blurb _builder_version=&#8221;4.21.0&#8243; _module_preset=&#8221;default&#8221; header_font=&#8221;|||on|||||&#8221; global_colors_info=&#8221;{}&#8221;]<\/p>\n<h1 style=\"text-align: center;\"><span class=\"cierna\">Y modell<\/span> &#8211; Harmonikus sebess\u00e9gv\u00e1lt\u00f3k<\/h1>\n<p>[\/et_pb_blurb][\/et_pb_column][\/et_pb_row][\/et_pb_section][et_pb_section fb_built=&#8221;1&#8243; _builder_version=&#8221;4.21.0&#8243; _module_preset=&#8221;default&#8221; custom_padding=&#8221;4px|||||&#8221; global_colors_info=&#8221;{}&#8221;][et_pb_row column_structure=&#8221;1_2,1_2&#8243; _builder_version=&#8221;4.21.0&#8243; _module_preset=&#8221;default&#8221; global_colors_info=&#8221;{}&#8221;][et_pb_column type=&#8221;1_2&#8243; _builder_version=&#8221;4.21.0&#8243; _module_preset=&#8221;default&#8221; global_colors_info=&#8221;{}&#8221;][et_pb_blurb image=&#8221;https:\/\/almer.sk\/wp-content\/uploads\/2023\/06\/Slide-New-Gener.png&#8221; alt=&#8221;Dia \u00daj gener&#8221; _builder_version=&#8221;4.21.0&#8243; _module_preset=&#8221;default&#8221; animation=&#8221;off&#8221; global_colors_info=&#8221;{}&#8221;][\/et_pb_blurb][\/et_pb_column][et_pb_column type=&#8221;1_2&#8243; _builder_version=&#8221;4.21.0&#8243; _module_preset=&#8221;default&#8221; global_colors_info=&#8221;{}&#8221;][et_pb_blurb _builder_version=&#8221;4.24.2&#8243; _module_preset=&#8221;default&#8221; hover_enabled=&#8221;0&#8243; global_colors_info=&#8221;{}&#8221; sticky_enabled=&#8221;0&#8243;]<\/p>\n<p><span style=\"color: #ff0000;\"><br \/><strong>Harmadik gener\u00e1ci\u00f3 <\/strong><\/span>harmonikus sebess\u00e9gv\u00e1lt\u00f3k<\/p>\n<p><span style=\"color: #ff0000;\"><strong>A torzi\u00f3s merevs\u00e9g <\/strong><\/span>megk\u00e9tszerez\u0151d\u00f6tt<\/p>\n<p><span style=\"color: #ff0000;\"><strong>Az egyen\u00e1ram\u00fa hajt\u00e1s pontoss\u00e1ga<\/strong><\/span>\u00a0t\u00f6bb mint k\u00e9tszerese<\/p>\n<p><span style=\"color: #ff0000;\"><strong>Alapvet\u0151en megoldja <\/strong><\/span>a csatlakoz\u00e1si rezg\u00e9ssel kapcsolatos probl\u00e9m\u00e1kat<\/p>\n<p><span style=\"color: #ff0000;\"><strong>\u00daj \u00e9p\u00edt\u00e9s <\/strong><\/span>\u00e9s fogprofil kialak\u00edt\u00e1s<\/p>\n<p><span style=\"color: #ff0000;\"><strong>K\u00fcl\u00f6nleges <\/strong><strong>Anyag <\/strong><\/span>Flex Spline \u00e9s csap\u00e1gyakhoz<\/p>\n<p><span style=\"color: #ff0000;\"><strong>Speci\u00e1lis technol\u00f3gia <\/strong><\/span>h\u0151kezel\u00e9s<\/p>\n<p>&nbsp;<\/p>\n<p>[\/et_pb_blurb][\/et_pb_column][\/et_pb_row][et_pb_row _builder_version=&#8221;4.21.0&#8243; _module_preset=&#8221;default&#8221; locked=&#8221;off&#8221; global_colors_info=&#8221;{}&#8221;][et_pb_column type=&#8221;4_4&#8243; _builder_version=&#8221;4.21.0&#8243; _module_preset=&#8221;default&#8221; global_colors_info=&#8221;{}&#8221;][et_pb_tabs active_tab_background_color=&#8221;#000000&#8243; inactive_tab_background_color=&#8221;#ff0000&#8243; active_tab_text_color=&#8221;#ffffff&#8221; module_id=&#8221;taby&#8221; _builder_version=&#8221;4.24.2&#8243; tab_text_color=&#8221;#ffffff&#8221; tab_font=&#8221;|300|||||||&#8221; tab_font_size=&#8221;16px&#8221; tab_line_height=&#8221;2.8em&#8221; hover_enabled=&#8221;0&#8243; border_width_all=&#8221;0px&#8221; border_color_all=&#8221;rgba(0,0,0,0)&#8221; global_colors_info=&#8221;{}&#8221; sticky_enabled=&#8221;0&#8243;][et_pb_tab title=&#8221;Le\u00edr\u00e1s&#8221; _builder_version=&#8221;4.21.0&#8243; global_colors_info=&#8221;{}&#8221;]<\/p>\n<p>Az Y modellv\u00e1lt\u00f3 egy j\u00f6v\u0151orient\u00e1lt, szabadalmaztatott fordulatsz\u00e1m-cs\u00f6kkent\u0151 technol\u00f3gi\u00e1n alapul\u00f3 \u00faj, harmadik gener\u00e1ci\u00f3s harmonikus hajt\u00e1srendszer. Exkluz\u00edv, teljesen \u00faj fogszerkezettel \u00e9s profil kialak\u00edt\u00e1ssal rendelkezik, \u00e9s a harmadik harmonikus technol\u00f3gi\u00e1t haszn\u00e1lja a m\u00e1sodik harmonikus technol\u00f3gia, a flexspline \u00e9s a csap\u00e1gyak helyett.<\/p>\n<p>A vontat\u00e1si hull\u00e1m\u00e1tvitel el\u0151z\u0151 gener\u00e1ci\u00f3j\u00e1hoz k\u00e9pest az \u00e1tviteli pontoss\u00e1g \u00e9s a torzi\u00f3s merevs\u00e9g megdupl\u00e1z\u00f3dott. Ez a vil\u00e1g els\u0151 olyan sebess\u00e9gcs\u00f6kkent\u0151je, amely 10 \u00edvm\u00e1sodpercen bel\u00fcli \u00e1tviteli pontoss\u00e1got \u00e9r el, \u00e9s alapvet\u0151en megoldja a tengelykapcsol\u00f3 rezg\u00e9se k\u00f6r\u00fcli probl\u00e9m\u00e1kat.<\/p>\n<p>&nbsp;<\/p>\n<p>Az Y-modell sebess\u00e9gv\u00e1lt\u00f3 f\u0151 alkatr\u00e9szei egyedi anyagok \u00e9s k\u00fcl\u00f6nleges h\u0151kezel\u00e9si elj\u00e1r\u00e1sok felhaszn\u00e1l\u00e1s\u00e1val k\u00e9sz\u00fcltek; a modell j\u00f3l alkalmazhat\u00f3 olyan alkalmaz\u00e1sokhoz, amelyek hihetetlen\u00fcl nagy \u00e1tviteli pontoss\u00e1got ig\u00e9nyelnek. A t\u00f6bbi LD harmonikus sebess\u00e9gv\u00e1lt\u00f3hoz hasonl\u00f3an ez is nagy teherb\u00edr\u00e1s\u00fa, j\u00f3 rendszermerevs\u00e9ggel \u00e9s alacsony kimeneti rezg\u00e9ssel rendelkezik.<\/p>\n<p>[\/et_pb_tab][et_pb_tab title=&#8221;Param\u00e9terek&#8221; _builder_version=&#8221;4.21.0&#8243; global_colors_info=&#8221;{}&#8221;]<\/p>\n<h3>Az YLHS harmonikus sebess\u00e9gv\u00e1lt\u00f3k param\u00e9terei<\/h3>\n<ul class=\"et_post_gallery clearfix\">\n\t\t\t\t\t<li class=\"et_gallery_item et_pb_gallery_image\">\n\t\t\t\t\t\t<a href=\"https:\/\/almer.sk\/wp-content\/uploads\/2023\/07\/23-Tab-Param-YLHS-scaled-e1689609550304.jpg\" title=\"23 Tab Param YLHS\">\n\t\t\t\t\t\t\t<span class=\"et_portfolio_image\">\n\t\t\t\t\t\t\t\t<img loading=\"lazy\" decoding=\"async\" width=\"400\" height=\"284\" src=\"https:\/\/almer.sk\/wp-content\/uploads\/2023\/07\/23-Tab-Param-YLHS-scaled-e1689609550304-400x284.jpg\" class=\"attachment-et-pb-portfolio-image size-et-pb-portfolio-image\" alt=\"\" \/>\n\t\t\t\t\t\t\t\t<span class=\"et_overlay\"><\/span>\n\t\t\t\t\t\t\t<\/span>\n\t\t\t\t\t\t<\/a>\n\t\t\t\t\t\t<p class=\"et_pb_gallery_caption\">23 Tab Param YLHS<\/p>\n\t\t\t\t\t<\/li>\n\t\t\t\t<\/ul>\n<p>[\/et_pb_tab][et_pb_tab title=&#8221;Rajzok&#8221; _builder_version=&#8221;4.21.0&#8243; global_colors_info=&#8221;{}&#8221;]<\/p>\n<h3>YLHS sebess\u00e9gv\u00e1lt\u00f3k rajzai<\/h3>\n<ul class=\"et_post_gallery clearfix\">\n\t\t\t\t\t<li class=\"et_gallery_item et_pb_gallery_image\">\n\t\t\t\t\t\t<a href=\"https:\/\/almer.sk\/wp-content\/uploads\/2023\/07\/YLHS-14-XXX-C-I-scaled-e1689610882665.jpg\" title=\"YLHS-14-XXX-C-I\">\n\t\t\t\t\t\t\t<span class=\"et_portfolio_image\">\n\t\t\t\t\t\t\t\t<img loading=\"lazy\" decoding=\"async\" width=\"400\" height=\"284\" src=\"https:\/\/almer.sk\/wp-content\/uploads\/2023\/07\/YLHS-14-XXX-C-I-scaled-e1689610882665-400x284.jpg\" class=\"attachment-et-pb-portfolio-image size-et-pb-portfolio-image\" alt=\"\" \/>\n\t\t\t\t\t\t\t\t<span class=\"et_overlay\"><\/span>\n\t\t\t\t\t\t\t<\/span>\n\t\t\t\t\t\t<\/a>\n\t\t\t\t\t\t<p class=\"et_pb_gallery_caption\">YLHS-14-XXX-C-I<\/p>\n\t\t\t\t\t<\/li><li class=\"et_gallery_item et_pb_gallery_image\">\n\t\t\t\t\t\t<a href=\"https:\/\/almer.sk\/wp-content\/uploads\/2023\/07\/YLHS-17-XXX-C-I-scaled-e1689610821959.jpg\" title=\"YLHS-17-XXX-C-I\">\n\t\t\t\t\t\t\t<span class=\"et_portfolio_image\">\n\t\t\t\t\t\t\t\t<img loading=\"lazy\" decoding=\"async\" width=\"400\" height=\"284\" src=\"https:\/\/almer.sk\/wp-content\/uploads\/2023\/07\/YLHS-17-XXX-C-I-scaled-e1689610821959-400x284.jpg\" class=\"attachment-et-pb-portfolio-image size-et-pb-portfolio-image\" alt=\"\" \/>\n\t\t\t\t\t\t\t\t<span class=\"et_overlay\"><\/span>\n\t\t\t\t\t\t\t<\/span>\n\t\t\t\t\t\t<\/a>\n\t\t\t\t\t\t<p class=\"et_pb_gallery_caption\">YLHS-17-XXX-C-I<\/p>\n\t\t\t\t\t<\/li><li class=\"et_gallery_item et_pb_gallery_image\">\n\t\t\t\t\t\t<a href=\"https:\/\/almer.sk\/wp-content\/uploads\/2023\/07\/YLHS-20-XXX-C-I-scaled-e1689611260472.jpg\" title=\"YLHS-20-XXX-C-I\">\n\t\t\t\t\t\t\t<span class=\"et_portfolio_image\">\n\t\t\t\t\t\t\t\t<img loading=\"lazy\" decoding=\"async\" width=\"400\" height=\"284\" src=\"https:\/\/almer.sk\/wp-content\/uploads\/2023\/07\/YLHS-20-XXX-C-I-scaled-e1689611260472-400x284.jpg\" class=\"attachment-et-pb-portfolio-image size-et-pb-portfolio-image\" alt=\"\" \/>\n\t\t\t\t\t\t\t\t<span class=\"et_overlay\"><\/span>\n\t\t\t\t\t\t\t<\/span>\n\t\t\t\t\t\t<\/a>\n\t\t\t\t\t\t<p class=\"et_pb_gallery_caption\">YLHS-20-XXX-C-I<\/p>\n\t\t\t\t\t<\/li><li class=\"et_gallery_item et_pb_gallery_image\">\n\t\t\t\t\t\t<a href=\"https:\/\/almer.sk\/wp-content\/uploads\/2023\/07\/YLHS-25-XXX-C-I-scaled-e1689610788594.jpg\" title=\"YLHS-25-XXX-C-I\">\n\t\t\t\t\t\t\t<span class=\"et_portfolio_image\">\n\t\t\t\t\t\t\t\t<img loading=\"lazy\" decoding=\"async\" width=\"400\" height=\"284\" src=\"https:\/\/almer.sk\/wp-content\/uploads\/2023\/07\/YLHS-25-XXX-C-I-scaled-e1689610788594-400x284.jpg\" class=\"attachment-et-pb-portfolio-image size-et-pb-portfolio-image\" alt=\"\" \/>\n\t\t\t\t\t\t\t\t<span class=\"et_overlay\"><\/span>\n\t\t\t\t\t\t\t<\/span>\n\t\t\t\t\t\t<\/a>\n\t\t\t\t\t\t<p class=\"et_pb_gallery_caption\">YLHS-25-XXX-C-I<\/p>\n\t\t\t\t\t<\/li><li class=\"et_gallery_item et_pb_gallery_image\">\n\t\t\t\t\t\t<a href=\"https:\/\/almer.sk\/wp-content\/uploads\/2023\/07\/YLHS-32-XXX-C-I-scaled-e1689611154867.jpg\" title=\"YLHS-32-XXX-C-I\">\n\t\t\t\t\t\t\t<span class=\"et_portfolio_image\">\n\t\t\t\t\t\t\t\t<img loading=\"lazy\" decoding=\"async\" width=\"400\" height=\"284\" src=\"https:\/\/almer.sk\/wp-content\/uploads\/2023\/07\/YLHS-32-XXX-C-I-scaled-e1689611154867-400x284.jpg\" class=\"attachment-et-pb-portfolio-image size-et-pb-portfolio-image\" alt=\"\" \/>\n\t\t\t\t\t\t\t\t<span class=\"et_overlay\"><\/span>\n\t\t\t\t\t\t\t<\/span>\n\t\t\t\t\t\t<\/a>\n\t\t\t\t\t\t<p class=\"et_pb_gallery_caption\">YLHS-32-XXX-C-I<\/p>\n\t\t\t\t\t<\/li><li class=\"et_gallery_item et_pb_gallery_image\">\n\t\t\t\t\t\t<a href=\"https:\/\/almer.sk\/wp-content\/uploads\/2023\/07\/YLHS-40-XXX-C-I-scaled-e1689610735643.jpg\" title=\"YLHS-40-XXX-C-I\">\n\t\t\t\t\t\t\t<span class=\"et_portfolio_image\">\n\t\t\t\t\t\t\t\t<img loading=\"lazy\" decoding=\"async\" width=\"400\" height=\"284\" src=\"https:\/\/almer.sk\/wp-content\/uploads\/2023\/07\/YLHS-40-XXX-C-I-scaled-e1689610735643-400x284.jpg\" class=\"attachment-et-pb-portfolio-image size-et-pb-portfolio-image\" alt=\"\" \/>\n\t\t\t\t\t\t\t\t<span class=\"et_overlay\"><\/span>\n\t\t\t\t\t\t\t<\/span>\n\t\t\t\t\t\t<\/a>\n\t\t\t\t\t\t<p class=\"et_pb_gallery_caption\">YLHS-40-XXX-C-I<\/p>\n\t\t\t\t\t<\/li>\n\t\t\t\t<\/ul>\n<p>[\/et_pb_tab][et_pb_tab title=&#8221;3D&#8221; _builder_version=&#8221;4.21.0&#8243; global_colors_info=&#8221;{}&#8221;]<\/p>\n<h3>3D kimenethez k\u00e9rj\u00fck, l\u00e9pjen kapcsolatba vel\u00fcnk<\/h3>\n<h4>[et_pb_section global_module=\"1380\"][\/et_pb_section]<\/h4>\n<p>[\/et_pb_tab][et_pb_tab title=&#8221;Modell specifik\u00e1ci\u00f3&#8221; _builder_version=&#8221;4.21.0&#8243; global_colors_info=&#8221;{}&#8221;]<\/p>\n<h3>A modellek specifik\u00e1ci\u00f3ja<\/h3>\n<ul class=\"et_post_gallery clearfix\">\n\t\t\t\t\t<li class=\"et_gallery_item et_pb_gallery_image\">\n\t\t\t\t\t\t<a href=\"https:\/\/almer.sk\/wp-content\/uploads\/2023\/07\/23-Specifikacia-modelu-YLHS-scaled-e1689609535934.jpg\" title=\"23 S\u030cpecifika\u0301cia modelu YLHS\">\n\t\t\t\t\t\t\t<span class=\"et_portfolio_image\">\n\t\t\t\t\t\t\t\t<img loading=\"lazy\" decoding=\"async\" width=\"400\" height=\"284\" src=\"https:\/\/almer.sk\/wp-content\/uploads\/2023\/07\/23-Specifikacia-modelu-YLHS-scaled-e1689609535934-400x284.jpg\" class=\"attachment-et-pb-portfolio-image size-et-pb-portfolio-image\" alt=\"\" \/>\n\t\t\t\t\t\t\t\t<span class=\"et_overlay\"><\/span>\n\t\t\t\t\t\t\t<\/span>\n\t\t\t\t\t\t<\/a>\n\t\t\t\t\t\t<p class=\"et_pb_gallery_caption\">23 S\u030cpecifika\u0301cia modelu YLHS<\/p>\n\t\t\t\t\t<\/li>\n\t\t\t\t<\/ul>\n<p>[\/et_pb_tab][et_pb_tab title=&#8221;Term\u00e9k lek\u00e9rdez\u00e9se&#8221; _builder_version=&#8221;4.21.0&#8243; global_colors_info=&#8221;{}&#8221;]K\u00e9rj\u00fck, vegye fel a kapcsolatot m\u0171szaki \u00e9rt\u00e9kes\u00edt\u00e9si csapatunkkal, ha \u00e1rakat, adatlapokat, m\u0171szaki rajzokat (2D\/3D), hardver- \u00e9s szoftver k\u00e9zik\u00f6nyveket vagy b\u00e1rmilyen m\u00e1s m\u0171szaki inform\u00e1ci\u00f3t szeretne k\u00e9rni az \u00d6n alkalmaz\u00e1s\u00e1hoz&#8230;.<\/p>\n[et_pb_section global_module=\"1380\"][\/et_pb_section]\n<p>[\/et_pb_tab][\/et_pb_tabs][\/et_pb_column][\/et_pb_row][\/et_pb_section]<\/p>\n","protected":false},"excerpt":{"rendered":"<p>&gt; itthon \/ Sebess\u00e9gv\u00e1lt\u00f3k\u00a0\/ Harmonikus \/ YLHSY modell &#8211; Harmonikus sebess\u00e9gv\u00e1lt\u00f3kHarmadik gener\u00e1ci\u00f3 harmonikus sebess\u00e9gv\u00e1lt\u00f3k A torzi\u00f3s merevs\u00e9g megk\u00e9tszerez\u0151d\u00f6tt Az egyen\u00e1ram\u00fa hajt\u00e1s pontoss\u00e1ga\u00a0t\u00f6bb mint k\u00e9tszerese Alapvet\u0151en megoldja a csatlakoz\u00e1si rezg\u00e9ssel kapcsolatos probl\u00e9m\u00e1kat \u00daj \u00e9p\u00edt\u00e9s \u00e9s fogprofil kialak\u00edt\u00e1s K\u00fcl\u00f6nleges Anyag Flex Spline \u00e9s csap\u00e1gyakhoz Speci\u00e1lis technol\u00f3gia h\u0151kezel\u00e9s &nbsp;Az Y modellv\u00e1lt\u00f3 egy j\u00f6v\u0151orient\u00e1lt, szabadalmaztatott fordulatsz\u00e1m-cs\u00f6kkent\u0151 technol\u00f3gi\u00e1n alapul\u00f3 \u00faj, [&hellip;]<\/p>\n","protected":false},"author":1,"featured_media":0,"parent":5605,"menu_order":0,"comment_status":"closed","ping_status":"closed","template":"","meta":{"_et_pb_use_builder":"on","_et_pb_old_content":"","_et_gb_content_width":"","footnotes":""},"class_list":["post-6062","page","type-page","status-publish","hentry"],"yoast_head":"<!-- This site is optimized with the Yoast SEO plugin v26.6 - https:\/\/yoast.com\/wordpress\/plugins\/seo\/ -->\n<title>Y modell harmonikus sebess\u00e9gv\u00e1lt\u00f3k - Almer.sk<\/title>\n<meta name=\"robots\" content=\"index, follow, max-snippet:-1, max-image-preview:large, max-video-preview:-1\" \/>\n<link rel=\"canonical\" href=\"https:\/\/almer.sk\/hu\/harmonikus-sebessegvaltok\/y-modell-harmonikus-sebessegvaltok\/\" \/>\n<meta property=\"og:locale\" content=\"hu_HU\" \/>\n<meta property=\"og:type\" content=\"article\" \/>\n<meta property=\"og:title\" content=\"Y modell harmonikus sebess\u00e9gv\u00e1lt\u00f3k - Almer.sk\" \/>\n<meta property=\"og:description\" content=\"&gt; itthon \/ Sebess\u00e9gv\u00e1lt\u00f3k\u00a0\/ Harmonikus \/ YLHSY modell - Harmonikus sebess\u00e9gv\u00e1lt\u00f3kHarmadik gener\u00e1ci\u00f3 harmonikus sebess\u00e9gv\u00e1lt\u00f3k A torzi\u00f3s merevs\u00e9g megk\u00e9tszerez\u0151d\u00f6tt Az egyen\u00e1ram\u00fa hajt\u00e1s pontoss\u00e1ga\u00a0t\u00f6bb mint k\u00e9tszerese Alapvet\u0151en megoldja a csatlakoz\u00e1si rezg\u00e9ssel kapcsolatos probl\u00e9m\u00e1kat \u00daj \u00e9p\u00edt\u00e9s \u00e9s fogprofil kialak\u00edt\u00e1s K\u00fcl\u00f6nleges Anyag Flex Spline \u00e9s csap\u00e1gyakhoz Speci\u00e1lis technol\u00f3gia h\u0151kezel\u00e9s &nbsp;Az Y modellv\u00e1lt\u00f3 egy j\u00f6v\u0151orient\u00e1lt, szabadalmaztatott fordulatsz\u00e1m-cs\u00f6kkent\u0151 technol\u00f3gi\u00e1n alapul\u00f3 \u00faj, [&hellip;]\" \/>\n<meta property=\"og:url\" content=\"https:\/\/almer.sk\/hu\/harmonikus-sebessegvaltok\/y-modell-harmonikus-sebessegvaltok\/\" \/>\n<meta property=\"og:site_name\" content=\"Almer.sk\" \/>\n<meta property=\"article:modified_time\" content=\"2024-04-13T14:26:22+00:00\" \/>\n<meta name=\"twitter:card\" content=\"summary_large_image\" \/>\n<meta name=\"twitter:label1\" content=\"Becs\u00fclt olvas\u00e1si id\u0151\" \/>\n\t<meta name=\"twitter:data1\" content=\"4 perc\" \/>\n<script type=\"application\/ld+json\" class=\"yoast-schema-graph\">{\"@context\":\"https:\/\/schema.org\",\"@graph\":[{\"@type\":\"WebPage\",\"@id\":\"https:\/\/almer.sk\/hu\/harmonikus-sebessegvaltok\/y-modell-harmonikus-sebessegvaltok\/\",\"url\":\"https:\/\/almer.sk\/hu\/harmonikus-sebessegvaltok\/y-modell-harmonikus-sebessegvaltok\/\",\"name\":\"Y modell harmonikus sebess\u00e9gv\u00e1lt\u00f3k - Almer.sk\",\"isPartOf\":{\"@id\":\"https:\/\/almer.sk\/hu\/#website\"},\"datePublished\":\"2023-07-17T15:48:40+00:00\",\"dateModified\":\"2024-04-13T14:26:22+00:00\",\"breadcrumb\":{\"@id\":\"https:\/\/almer.sk\/hu\/harmonikus-sebessegvaltok\/y-modell-harmonikus-sebessegvaltok\/#breadcrumb\"},\"inLanguage\":\"hu\",\"potentialAction\":[{\"@type\":\"ReadAction\",\"target\":[\"https:\/\/almer.sk\/hu\/harmonikus-sebessegvaltok\/y-modell-harmonikus-sebessegvaltok\/\"]}]},{\"@type\":\"BreadcrumbList\",\"@id\":\"https:\/\/almer.sk\/hu\/harmonikus-sebessegvaltok\/y-modell-harmonikus-sebessegvaltok\/#breadcrumb\",\"itemListElement\":[{\"@type\":\"ListItem\",\"position\":1,\"name\":\"Home\",\"item\":\"https:\/\/almer.sk\/hu\/\"},{\"@type\":\"ListItem\",\"position\":2,\"name\":\"Harmonikus sebess\u00e9gv\u00e1lt\u00f3k\",\"item\":\"https:\/\/almer.sk\/hu\/harmonikus-sebessegvaltok\/\"},{\"@type\":\"ListItem\",\"position\":3,\"name\":\"Y modell harmonikus sebess\u00e9gv\u00e1lt\u00f3k\"}]},{\"@type\":\"WebSite\",\"@id\":\"https:\/\/almer.sk\/hu\/#website\",\"url\":\"https:\/\/almer.sk\/hu\/\",\"name\":\"Almer.sk\",\"description\":\"Technologick\u00fd l\u00edder v oblasti presn\u00fdch prevodoviek\",\"potentialAction\":[{\"@type\":\"SearchAction\",\"target\":{\"@type\":\"EntryPoint\",\"urlTemplate\":\"https:\/\/almer.sk\/hu\/?s={search_term_string}\"},\"query-input\":{\"@type\":\"PropertyValueSpecification\",\"valueRequired\":true,\"valueName\":\"search_term_string\"}}],\"inLanguage\":\"hu\"}]}<\/script>\n<!-- \/ Yoast SEO plugin. -->","yoast_head_json":{"title":"Y modell harmonikus sebess\u00e9gv\u00e1lt\u00f3k - Almer.sk","robots":{"index":"index","follow":"follow","max-snippet":"max-snippet:-1","max-image-preview":"max-image-preview:large","max-video-preview":"max-video-preview:-1"},"canonical":"https:\/\/almer.sk\/hu\/harmonikus-sebessegvaltok\/y-modell-harmonikus-sebessegvaltok\/","og_locale":"hu_HU","og_type":"article","og_title":"Y modell harmonikus sebess\u00e9gv\u00e1lt\u00f3k - Almer.sk","og_description":"&gt; itthon \/ Sebess\u00e9gv\u00e1lt\u00f3k\u00a0\/ Harmonikus \/ YLHSY modell - Harmonikus sebess\u00e9gv\u00e1lt\u00f3kHarmadik gener\u00e1ci\u00f3 harmonikus sebess\u00e9gv\u00e1lt\u00f3k A torzi\u00f3s merevs\u00e9g megk\u00e9tszerez\u0151d\u00f6tt Az egyen\u00e1ram\u00fa hajt\u00e1s pontoss\u00e1ga\u00a0t\u00f6bb mint k\u00e9tszerese Alapvet\u0151en megoldja a csatlakoz\u00e1si rezg\u00e9ssel kapcsolatos probl\u00e9m\u00e1kat \u00daj \u00e9p\u00edt\u00e9s \u00e9s fogprofil kialak\u00edt\u00e1s K\u00fcl\u00f6nleges Anyag Flex Spline \u00e9s csap\u00e1gyakhoz Speci\u00e1lis technol\u00f3gia h\u0151kezel\u00e9s &nbsp;Az Y modellv\u00e1lt\u00f3 egy j\u00f6v\u0151orient\u00e1lt, szabadalmaztatott fordulatsz\u00e1m-cs\u00f6kkent\u0151 technol\u00f3gi\u00e1n alapul\u00f3 \u00faj, [&hellip;]","og_url":"https:\/\/almer.sk\/hu\/harmonikus-sebessegvaltok\/y-modell-harmonikus-sebessegvaltok\/","og_site_name":"Almer.sk","article_modified_time":"2024-04-13T14:26:22+00:00","twitter_card":"summary_large_image","twitter_misc":{"Becs\u00fclt olvas\u00e1si id\u0151":"4 perc"},"schema":{"@context":"https:\/\/schema.org","@graph":[{"@type":"WebPage","@id":"https:\/\/almer.sk\/hu\/harmonikus-sebessegvaltok\/y-modell-harmonikus-sebessegvaltok\/","url":"https:\/\/almer.sk\/hu\/harmonikus-sebessegvaltok\/y-modell-harmonikus-sebessegvaltok\/","name":"Y modell harmonikus sebess\u00e9gv\u00e1lt\u00f3k - Almer.sk","isPartOf":{"@id":"https:\/\/almer.sk\/hu\/#website"},"datePublished":"2023-07-17T15:48:40+00:00","dateModified":"2024-04-13T14:26:22+00:00","breadcrumb":{"@id":"https:\/\/almer.sk\/hu\/harmonikus-sebessegvaltok\/y-modell-harmonikus-sebessegvaltok\/#breadcrumb"},"inLanguage":"hu","potentialAction":[{"@type":"ReadAction","target":["https:\/\/almer.sk\/hu\/harmonikus-sebessegvaltok\/y-modell-harmonikus-sebessegvaltok\/"]}]},{"@type":"BreadcrumbList","@id":"https:\/\/almer.sk\/hu\/harmonikus-sebessegvaltok\/y-modell-harmonikus-sebessegvaltok\/#breadcrumb","itemListElement":[{"@type":"ListItem","position":1,"name":"Home","item":"https:\/\/almer.sk\/hu\/"},{"@type":"ListItem","position":2,"name":"Harmonikus sebess\u00e9gv\u00e1lt\u00f3k","item":"https:\/\/almer.sk\/hu\/harmonikus-sebessegvaltok\/"},{"@type":"ListItem","position":3,"name":"Y modell harmonikus sebess\u00e9gv\u00e1lt\u00f3k"}]},{"@type":"WebSite","@id":"https:\/\/almer.sk\/hu\/#website","url":"https:\/\/almer.sk\/hu\/","name":"Almer.sk","description":"Technologick\u00fd l\u00edder v oblasti presn\u00fdch prevodoviek","potentialAction":[{"@type":"SearchAction","target":{"@type":"EntryPoint","urlTemplate":"https:\/\/almer.sk\/hu\/?s={search_term_string}"},"query-input":{"@type":"PropertyValueSpecification","valueRequired":true,"valueName":"search_term_string"}}],"inLanguage":"hu"}]}},"_links":{"self":[{"href":"https:\/\/almer.sk\/hu\/wp-json\/wp\/v2\/pages\/6062","targetHints":{"allow":["GET"]}}],"collection":[{"href":"https:\/\/almer.sk\/hu\/wp-json\/wp\/v2\/pages"}],"about":[{"href":"https:\/\/almer.sk\/hu\/wp-json\/wp\/v2\/types\/page"}],"author":[{"embeddable":true,"href":"https:\/\/almer.sk\/hu\/wp-json\/wp\/v2\/users\/1"}],"replies":[{"embeddable":true,"href":"https:\/\/almer.sk\/hu\/wp-json\/wp\/v2\/comments?post=6062"}],"version-history":[{"count":5,"href":"https:\/\/almer.sk\/hu\/wp-json\/wp\/v2\/pages\/6062\/revisions"}],"predecessor-version":[{"id":6779,"href":"https:\/\/almer.sk\/hu\/wp-json\/wp\/v2\/pages\/6062\/revisions\/6779"}],"up":[{"embeddable":true,"href":"https:\/\/almer.sk\/hu\/wp-json\/wp\/v2\/pages\/5605"}],"wp:attachment":[{"href":"https:\/\/almer.sk\/hu\/wp-json\/wp\/v2\/media?parent=6062"}],"curies":[{"name":"wp","href":"https:\/\/api.w.org\/{rel}","templated":true}]}}