{"id":6039,"date":"2023-07-15T12:57:35","date_gmt":"2023-07-15T10:57:35","guid":{"rendered":"https:\/\/almer.sk\/integralt-termekek\/ureges-forgo-platform-wtn\/"},"modified":"2023-09-06T11:28:09","modified_gmt":"2023-09-06T09:28:09","slug":"ureges-forgo-platform","status":"publish","type":"page","link":"https:\/\/almer.sk\/hu\/integralt-termekek\/ureges-forgo-platform\/","title":{"rendered":"\u00dcreges forg\u00f3 platform WTN"},"content":{"rendered":"<p>[et_pb_section fb_built=&#8221;1&#8243; _builder_version=&#8221;4.21.0&#8243; _module_preset=&#8221;default&#8221; global_colors_info=&#8221;{}&#8221;][et_pb_row _builder_version=&#8221;4.21.0&#8243; _module_preset=&#8221;default&#8221; locked=&#8221;off&#8221; global_colors_info=&#8221;{}&#8221;][et_pb_column type=&#8221;4_4&#8243; _builder_version=&#8221;4.21.0&#8243; _module_preset=&#8221;default&#8221; global_colors_info=&#8221;{}&#8221;][et_pb_blurb content_max_width=&#8221;1100px&#8221; _builder_version=&#8221;4.21.0&#8243; _module_preset=&#8221;default&#8221; body_text_align=&#8221;left&#8221; global_colors_info=&#8221;{}&#8221;]<\/p>\n<p> <a class=\"bread\" href=\"https:\/\/almer.sk\/hu\/\">&gt; Kezd\u0151lap<\/a> \/ <a class=\"bread\" href=\"https:\/\/almer.sk\/hu\/integralt-termekek\/\">Integr\u00e1lt term\u00e9kek<\/a> \/ Forg\u00f3platform<\/p>\n<p>[\/et_pb_blurb][et_pb_blurb content_max_width=&#8221;1100px&#8221; _builder_version=&#8221;4.21.0&#8243; _module_preset=&#8221;default&#8221; header_level=&#8221;h1&#8243; header_font=&#8221;|||on|||||&#8221; body_font=&#8221;|||on|||||&#8221; body_text_align=&#8221;center&#8221; body_line_height=&#8221;1.6em&#8221; global_colors_info=&#8221;{}&#8221;]<\/p>\n<h1><span class=\"cierna\">Hollow<\/span> (\u00fcreges) forg\u00f3 platform WTN<\/h1>\n<p>[\/et_pb_blurb][\/et_pb_column][\/et_pb_row][et_pb_row column_structure=&#8221;1_2,1_2&#8243; _builder_version=&#8221;4.21.0&#8243; _module_preset=&#8221;default&#8221; width=&#8221;60%&#8221; min_height=&#8221;209px&#8221; custom_padding=&#8221;|||0px|false|false&#8221; global_colors_info=&#8221;{}&#8221;][et_pb_column type=&#8221;1_2&#8243; _builder_version=&#8221;4.21.0&#8243; _module_preset=&#8221;default&#8221; global_colors_info=&#8221;{}&#8221;][et_pb_blurb image=&#8221;https:\/\/almer.sk\/wp-content\/uploads\/2023\/07\/Hollow-duta-Rotacna-e1689426047906.png&#8221; alt=&#8221;\u00dcreges forg\u00f3 platform&#8221; _builder_version=&#8221;4.21.0&#8243; _module_preset=&#8221;default&#8221; width=&#8221;70%&#8221; custom_margin=&#8221;|||90px|false|false&#8221; custom_padding=&#8221;||||false|false&#8221; animation=&#8221;off&#8221; global_colors_info=&#8221;{}&#8221;][\/et_pb_blurb][\/et_pb_column][et_pb_column type=&#8221;1_2&#8243; _builder_version=&#8221;4.21.0&#8243; _module_preset=&#8221;default&#8221; global_colors_info=&#8221;{}&#8221;][et_pb_blurb image=&#8221;https:\/\/almer.sk\/wp-content\/uploads\/2023\/07\/Rotacna-platforma-2.png&#8221; _builder_version=&#8221;4.21.0&#8243; _module_preset=&#8221;default&#8221; width=&#8221;70%&#8221; animation=&#8221;off&#8221; global_colors_info=&#8221;{}&#8221;][\/et_pb_blurb][\/et_pb_column][\/et_pb_row][et_pb_row _builder_version=&#8221;4.21.0&#8243; _module_preset=&#8221;default&#8221; custom_padding=&#8221;0px|||||&#8221; global_colors_info=&#8221;{}&#8221;][et_pb_column type=&#8221;4_4&#8243; _builder_version=&#8221;4.21.0&#8243; _module_preset=&#8221;default&#8221; global_colors_info=&#8221;{}&#8221;][et_pb_blurb content_max_width=&#8221;1100px&#8221; _builder_version=&#8221;4.21.0&#8243; _module_preset=&#8221;default&#8221; global_colors_info=&#8221;{}&#8221;]<\/p>\n<p>Az <strong>\u00fcreges forg\u00f3 m\u0171k\u00f6dtet\u0151<\/strong> a forg\u00f3 mozg\u00e1s k\u00fcl\u00f6nb\u00f6z\u0151 alkalmain\u00e1l haszn\u00e1lhat\u00f3, \u00e9s helyettes\u00edtheti a DD MOTOR \u00e9s a b\u00fcty\u00f6k. Egyes\u00edti mag\u00e1ban a nagy munkahat\u00e9konys\u00e1got, a nagy pontoss\u00e1got, a nagy merevs\u00e9get \u00e9s a kiv\u00e1l\u00f3 \u00e1r\/teljes\u00edtm\u00e9ny ar\u00e1nyt. Az ism\u00e9tl\u0151d\u0151 pozicion\u00e1l\u00e1si pontoss\u00e1g kevesebb, mint 15 \u00edvm\u00e1sodperc, a motor k\u00f6nnyen konfigur\u00e1lhat\u00f3 \u00e9s a terhel\u00e9s stabil. AC szervo- vagy l\u00e9ptet\u0151motorral p\u00e1ros\u00edtva b\u00e1rmilyen sz\u00f6goszt\u00e1st elv\u00e9gezhet, amelyet a digit\u00e1lis vez\u00e9rl\u00e9s teljes\u00edteni tud, \u00e9s amelyet az oszt\u00f3 nem tud, a pozicion\u00e1l\u00e1si pontoss\u00e1g pedig a DD-motorokhoz hasonl\u00f3. Jelent\u0151sen cs\u00f6kkentheti a k\u00f6lts\u00e9geket \u00e9s v\u00e1ratlan eredm\u00e9nyeket hozhat.<\/p>\n<p><strong>Integr\u00e1lt bemeneti tengely<\/strong>, nagy csap\u00e1gymerevs\u00e9g, nincs cs\u00fasz\u00e1svesz\u00e9ly.<\/p>\n<p><strong>\u00dcreges szerkezet<\/strong><\/p>\n<p>A forgathat\u00f3 lemez \u00fcreges szerkezet\u0171, \u00e9s a szervomotor az oldal\u00e1hoz van r\u00f6gz\u00edtve, ami k\u00e9nyelmes a g\u00e1zcs\u0151 \u00e9s az elektromos vezet\u00e9k felszerel\u00e9s\u00e9hez a l\u00e1mpatestbe.<\/p>\n<p><strong>Nagy ism\u00e9tl\u00e9si poz\u00edcion\u00e1l\u00e1si pontoss\u00e1g<\/strong><\/p>\n<p>Az \u00fcreges forg\u00f3platform egyfokozat\u00fa, csigakerekes fogasker\u00e9k-hajt\u00f3m\u0171vet haszn\u00e1l a kimeneti nyomat\u00e9k n\u00f6vel\u00e9s\u00e9re a fordulatsz\u00e1m cs\u00f6kkent\u00e9s\u00e9vel.<\/p>\n<p>A fogasker\u00e9k pontoss\u00e1gi szintje 3 arcmin, \u00e9s a rugalmas holtj\u00e1t\u00e9k-be\u00e1ll\u00edt\u00f3 mechanizmus a k\u00e9t fogasker\u00e9k k\u00f6z\u00f6tti k\u00f6z\u00e9pt\u00e1vols\u00e1g v\u00e1ltoztat\u00e1s\u00e1val szab\u00e1lyozza a holtj\u00e1t\u00e9kot, \u00edgy az \u00fcreges forg\u00f3 platform holtj\u00e1t\u00e9kmentes (holtj\u00e1t\u00e9kmentes), \u00e9s az \u00e1thelyez\u00e9si pontoss\u00e1g \u00b115 arcsec alatt van.<\/p>\n<p><strong>Nagy merevs\u00e9g<\/strong><\/p>\n<p>A forg\u00f3t\u00e1ny\u00e9rt prec\u00edzi\u00f3s keresztg\u00f6rg\u0151s csap\u00e1gyak tartj\u00e1k. A csap\u00e1gyban l\u00e9v\u0151 g\u00f6rg\u0151k 90 fokkal eltolva vannak, \u00e9s a g\u00f6rg\u0151k \u00e1tm\u00e9r\u0151je valamivel nagyobb, mint a csap\u00e1gy bels\u0151 \u00e9s k\u00fcls\u0151 gy\u0171r\u0171je k\u00f6z\u00f6tti p\u00e1lya m\u00e9rete. A bels\u0151 \u00e9s a k\u00fcls\u0151 gy\u0171r\u0171 \u00e9s a g\u00f6rg\u0151k k\u00f6z\u00f6tt el\u0151fesz\u00edt\u0151 er\u0151 van, \u00edgy a forg\u00f3 platform csap\u00e1gyazott szervoforg\u00f3t\u00e1ny\u00e9rja ellen\u00e1ll a k\u00fcl\u00f6nb\u00f6z\u0151 pillanatoknak, p\u00e9ld\u00e1ul radi\u00e1lis, axi\u00e1lis \u00e9s felborul\u00e1snak, \u00e9s merevs\u00e9ge t\u00f6bb mint 10-szer nagyobb, mint a hagyom\u00e1nyos csap\u00e1gyak\u00e9.<\/p>\n<p><strong>B\u00e1rmilyen motorkonfigur\u00e1ci\u00f3<\/strong><\/p>\n<p>Az \u00fcreges forg\u00f3platform rugalmasan \u00e1tm\u00e9retezheti az interf\u00e9szt, testreszabott peremes furattal \u00e9s bemeneti tengellyel, amely b\u00e1rmilyen m\u00e1rk\u00e1j\u00fa szervomotorok \u00e9s l\u00e9ptet\u0151motorok csatlakoztat\u00e1s\u00e1ra alkalmas.<\/p>\n<p>[\/et_pb_blurb][\/et_pb_column][\/et_pb_row][et_pb_row _builder_version=&#8221;4.21.0&#8243; _module_preset=&#8221;default&#8221; global_colors_info=&#8221;{}&#8221;][et_pb_column type=&#8221;4_4&#8243; _builder_version=&#8221;4.21.0&#8243; _module_preset=&#8221;default&#8221; global_colors_info=&#8221;{}&#8221;][et_pb_blurb image=&#8221;https:\/\/almer.sk\/wp-content\/uploads\/2023\/07\/Hollow-duta-rotacna-platforma-WTN.png&#8221; alt=&#8221;\u00dcreges forg\u00f3 platform WTN&#8221; content_max_width=&#8221;1100px&#8221; _builder_version=&#8221;4.21.0&#8243; _module_preset=&#8221;default&#8221; animation=&#8221;off&#8221; global_colors_info=&#8221;{}&#8221;][\/et_pb_blurb][\/et_pb_column][\/et_pb_row][\/et_pb_section]<\/p>\n","protected":false},"excerpt":{"rendered":"<p>&gt; Kezd\u0151lap \/ Integr\u00e1lt term\u00e9kek \/ Forg\u00f3platformHollow (\u00fcreges) forg\u00f3 platform WTNAz \u00fcreges forg\u00f3 m\u0171k\u00f6dtet\u0151 a forg\u00f3 mozg\u00e1s k\u00fcl\u00f6nb\u00f6z\u0151 alkalmain\u00e1l haszn\u00e1lhat\u00f3, \u00e9s helyettes\u00edtheti a DD MOTOR \u00e9s a b\u00fcty\u00f6k. Egyes\u00edti mag\u00e1ban a nagy munkahat\u00e9konys\u00e1got, a nagy pontoss\u00e1got, a nagy merevs\u00e9get \u00e9s a kiv\u00e1l\u00f3 \u00e1r\/teljes\u00edtm\u00e9ny ar\u00e1nyt. Az ism\u00e9tl\u0151d\u0151 pozicion\u00e1l\u00e1si pontoss\u00e1g kevesebb, mint 15 \u00edvm\u00e1sodperc, a motor k\u00f6nnyen [&hellip;]<\/p>\n","protected":false},"author":1,"featured_media":0,"parent":5671,"menu_order":0,"comment_status":"closed","ping_status":"closed","template":"","meta":{"_et_pb_use_builder":"on","_et_pb_old_content":"","_et_gb_content_width":"","footnotes":""},"class_list":["post-6039","page","type-page","status-publish","hentry"],"yoast_head":"<!-- This site is optimized with the Yoast SEO plugin v26.6 - https:\/\/yoast.com\/wordpress\/plugins\/seo\/ -->\n<title>\u00dcreges forg\u00f3 platform WTN - Almer.sk<\/title>\n<meta name=\"robots\" content=\"index, follow, max-snippet:-1, max-image-preview:large, max-video-preview:-1\" \/>\n<link rel=\"canonical\" href=\"https:\/\/almer.sk\/hu\/integralt-termekek\/ureges-forgo-platform\/\" \/>\n<meta property=\"og:locale\" content=\"hu_HU\" \/>\n<meta property=\"og:type\" content=\"article\" \/>\n<meta property=\"og:title\" content=\"\u00dcreges forg\u00f3 platform WTN - Almer.sk\" \/>\n<meta property=\"og:description\" content=\"&gt; Kezd\u0151lap \/ Integr\u00e1lt term\u00e9kek \/ Forg\u00f3platformHollow (\u00fcreges) forg\u00f3 platform WTNAz \u00fcreges forg\u00f3 m\u0171k\u00f6dtet\u0151 a forg\u00f3 mozg\u00e1s k\u00fcl\u00f6nb\u00f6z\u0151 alkalmain\u00e1l haszn\u00e1lhat\u00f3, \u00e9s helyettes\u00edtheti a DD MOTOR \u00e9s a b\u00fcty\u00f6k. Egyes\u00edti mag\u00e1ban a nagy munkahat\u00e9konys\u00e1got, a nagy pontoss\u00e1got, a nagy merevs\u00e9get \u00e9s a kiv\u00e1l\u00f3 \u00e1r\/teljes\u00edtm\u00e9ny ar\u00e1nyt. Az ism\u00e9tl\u0151d\u0151 pozicion\u00e1l\u00e1si pontoss\u00e1g kevesebb, mint 15 \u00edvm\u00e1sodperc, a motor k\u00f6nnyen [&hellip;]\" \/>\n<meta property=\"og:url\" content=\"https:\/\/almer.sk\/hu\/integralt-termekek\/ureges-forgo-platform\/\" \/>\n<meta property=\"og:site_name\" content=\"Almer.sk\" \/>\n<meta property=\"article:modified_time\" content=\"2023-09-06T09:28:09+00:00\" \/>\n<meta name=\"twitter:card\" content=\"summary_large_image\" \/>\n<meta name=\"twitter:label1\" content=\"Becs\u00fclt olvas\u00e1si id\u0151\" \/>\n\t<meta name=\"twitter:data1\" content=\"2 perc\" \/>\n<script type=\"application\/ld+json\" class=\"yoast-schema-graph\">{\"@context\":\"https:\/\/schema.org\",\"@graph\":[{\"@type\":\"WebPage\",\"@id\":\"https:\/\/almer.sk\/hu\/integralt-termekek\/ureges-forgo-platform\/\",\"url\":\"https:\/\/almer.sk\/hu\/integralt-termekek\/ureges-forgo-platform\/\",\"name\":\"\u00dcreges forg\u00f3 platform WTN - Almer.sk\",\"isPartOf\":{\"@id\":\"https:\/\/almer.sk\/hu\/#website\"},\"datePublished\":\"2023-07-15T10:57:35+00:00\",\"dateModified\":\"2023-09-06T09:28:09+00:00\",\"breadcrumb\":{\"@id\":\"https:\/\/almer.sk\/hu\/integralt-termekek\/ureges-forgo-platform\/#breadcrumb\"},\"inLanguage\":\"hu\",\"potentialAction\":[{\"@type\":\"ReadAction\",\"target\":[\"https:\/\/almer.sk\/hu\/integralt-termekek\/ureges-forgo-platform\/\"]}]},{\"@type\":\"BreadcrumbList\",\"@id\":\"https:\/\/almer.sk\/hu\/integralt-termekek\/ureges-forgo-platform\/#breadcrumb\",\"itemListElement\":[{\"@type\":\"ListItem\",\"position\":1,\"name\":\"Home\",\"item\":\"https:\/\/almer.sk\/hu\/\"},{\"@type\":\"ListItem\",\"position\":2,\"name\":\"Integr\u00e1lt term\u00e9kek\",\"item\":\"https:\/\/almer.sk\/hu\/integralt-termekek\/\"},{\"@type\":\"ListItem\",\"position\":3,\"name\":\"\u00dcreges forg\u00f3 platform WTN\"}]},{\"@type\":\"WebSite\",\"@id\":\"https:\/\/almer.sk\/hu\/#website\",\"url\":\"https:\/\/almer.sk\/hu\/\",\"name\":\"Almer.sk\",\"description\":\"Technologick\u00fd l\u00edder v oblasti presn\u00fdch prevodoviek\",\"potentialAction\":[{\"@type\":\"SearchAction\",\"target\":{\"@type\":\"EntryPoint\",\"urlTemplate\":\"https:\/\/almer.sk\/hu\/?s={search_term_string}\"},\"query-input\":{\"@type\":\"PropertyValueSpecification\",\"valueRequired\":true,\"valueName\":\"search_term_string\"}}],\"inLanguage\":\"hu\"}]}<\/script>\n<!-- \/ Yoast SEO plugin. -->","yoast_head_json":{"title":"\u00dcreges forg\u00f3 platform WTN - Almer.sk","robots":{"index":"index","follow":"follow","max-snippet":"max-snippet:-1","max-image-preview":"max-image-preview:large","max-video-preview":"max-video-preview:-1"},"canonical":"https:\/\/almer.sk\/hu\/integralt-termekek\/ureges-forgo-platform\/","og_locale":"hu_HU","og_type":"article","og_title":"\u00dcreges forg\u00f3 platform WTN - Almer.sk","og_description":"&gt; Kezd\u0151lap \/ Integr\u00e1lt term\u00e9kek \/ Forg\u00f3platformHollow (\u00fcreges) forg\u00f3 platform WTNAz \u00fcreges forg\u00f3 m\u0171k\u00f6dtet\u0151 a forg\u00f3 mozg\u00e1s k\u00fcl\u00f6nb\u00f6z\u0151 alkalmain\u00e1l haszn\u00e1lhat\u00f3, \u00e9s helyettes\u00edtheti a DD MOTOR \u00e9s a b\u00fcty\u00f6k. Egyes\u00edti mag\u00e1ban a nagy munkahat\u00e9konys\u00e1got, a nagy pontoss\u00e1got, a nagy merevs\u00e9get \u00e9s a kiv\u00e1l\u00f3 \u00e1r\/teljes\u00edtm\u00e9ny ar\u00e1nyt. Az ism\u00e9tl\u0151d\u0151 pozicion\u00e1l\u00e1si pontoss\u00e1g kevesebb, mint 15 \u00edvm\u00e1sodperc, a motor k\u00f6nnyen [&hellip;]","og_url":"https:\/\/almer.sk\/hu\/integralt-termekek\/ureges-forgo-platform\/","og_site_name":"Almer.sk","article_modified_time":"2023-09-06T09:28:09+00:00","twitter_card":"summary_large_image","twitter_misc":{"Becs\u00fclt olvas\u00e1si id\u0151":"2 perc"},"schema":{"@context":"https:\/\/schema.org","@graph":[{"@type":"WebPage","@id":"https:\/\/almer.sk\/hu\/integralt-termekek\/ureges-forgo-platform\/","url":"https:\/\/almer.sk\/hu\/integralt-termekek\/ureges-forgo-platform\/","name":"\u00dcreges forg\u00f3 platform WTN - Almer.sk","isPartOf":{"@id":"https:\/\/almer.sk\/hu\/#website"},"datePublished":"2023-07-15T10:57:35+00:00","dateModified":"2023-09-06T09:28:09+00:00","breadcrumb":{"@id":"https:\/\/almer.sk\/hu\/integralt-termekek\/ureges-forgo-platform\/#breadcrumb"},"inLanguage":"hu","potentialAction":[{"@type":"ReadAction","target":["https:\/\/almer.sk\/hu\/integralt-termekek\/ureges-forgo-platform\/"]}]},{"@type":"BreadcrumbList","@id":"https:\/\/almer.sk\/hu\/integralt-termekek\/ureges-forgo-platform\/#breadcrumb","itemListElement":[{"@type":"ListItem","position":1,"name":"Home","item":"https:\/\/almer.sk\/hu\/"},{"@type":"ListItem","position":2,"name":"Integr\u00e1lt term\u00e9kek","item":"https:\/\/almer.sk\/hu\/integralt-termekek\/"},{"@type":"ListItem","position":3,"name":"\u00dcreges forg\u00f3 platform WTN"}]},{"@type":"WebSite","@id":"https:\/\/almer.sk\/hu\/#website","url":"https:\/\/almer.sk\/hu\/","name":"Almer.sk","description":"Technologick\u00fd l\u00edder v oblasti presn\u00fdch prevodoviek","potentialAction":[{"@type":"SearchAction","target":{"@type":"EntryPoint","urlTemplate":"https:\/\/almer.sk\/hu\/?s={search_term_string}"},"query-input":{"@type":"PropertyValueSpecification","valueRequired":true,"valueName":"search_term_string"}}],"inLanguage":"hu"}]}},"_links":{"self":[{"href":"https:\/\/almer.sk\/hu\/wp-json\/wp\/v2\/pages\/6039","targetHints":{"allow":["GET"]}}],"collection":[{"href":"https:\/\/almer.sk\/hu\/wp-json\/wp\/v2\/pages"}],"about":[{"href":"https:\/\/almer.sk\/hu\/wp-json\/wp\/v2\/types\/page"}],"author":[{"embeddable":true,"href":"https:\/\/almer.sk\/hu\/wp-json\/wp\/v2\/users\/1"}],"replies":[{"embeddable":true,"href":"https:\/\/almer.sk\/hu\/wp-json\/wp\/v2\/comments?post=6039"}],"version-history":[{"count":6,"href":"https:\/\/almer.sk\/hu\/wp-json\/wp\/v2\/pages\/6039\/revisions"}],"predecessor-version":[{"id":6467,"href":"https:\/\/almer.sk\/hu\/wp-json\/wp\/v2\/pages\/6039\/revisions\/6467"}],"up":[{"embeddable":true,"href":"https:\/\/almer.sk\/hu\/wp-json\/wp\/v2\/pages\/5671"}],"wp:attachment":[{"href":"https:\/\/almer.sk\/hu\/wp-json\/wp\/v2\/media?parent=6039"}],"curies":[{"name":"wp","href":"https:\/\/api.w.org\/{rel}","templated":true}]}}