{"id":6004,"date":"2023-07-07T07:02:14","date_gmt":"2023-07-07T05:02:14","guid":{"rendered":"https:\/\/almer.sk\/harmonikus-sebessegvaltok\/elv-es-innovacio\/"},"modified":"2023-07-28T11:26:20","modified_gmt":"2023-07-28T09:26:20","slug":"elv-es-innovacio","status":"publish","type":"page","link":"https:\/\/almer.sk\/hu\/harmonikus-sebessegvaltok\/elv-es-innovacio\/","title":{"rendered":"Elv \u00e9s innov\u00e1ci\u00f3"},"content":{"rendered":"<p>[et_pb_section fb_built=&#8221;1&#8243; _builder_version=&#8221;4.21.0&#8243; _module_preset=&#8221;default&#8221; hover_enabled=&#8221;0&#8243; locked=&#8221;off&#8221; global_colors_info=&#8221;{}&#8221; sticky_enabled=&#8221;0&#8243;][et_pb_row _builder_version=&#8221;4.21.0&#8243; _module_preset=&#8221;default&#8221; width=&#8221;90%&#8221; global_colors_info=&#8221;{}&#8221;][et_pb_column type=&#8221;4_4&#8243; _builder_version=&#8221;4.21.0&#8243; _module_preset=&#8221;default&#8221; global_colors_info=&#8221;{}&#8221;][et_pb_blurb content_max_width=&#8221;1100px&#8221; _builder_version=&#8221;4.21.0&#8243; _module_preset=&#8221;default&#8221; body_text_align=&#8221;left&#8221; global_colors_info=&#8221;{}&#8221;]<\/p>\n<p> <a class=\"bread\" href=\"https:\/\/almer.sk\/hu\/\">&gt; Kezd\u0151lap<\/a> \/ <a class=\"bread\" href=\"https:\/\/almer.sk\/hu\/sebessegvaltok\/\">Sebess\u00e9gv\u00e1lt\u00f3k<\/a> \/ Elv, innov\u00e1ci\u00f3<\/p>\n<p>[\/et_pb_blurb][et_pb_blurb content_max_width=&#8221;1100px&#8221; _builder_version=&#8221;4.21.0&#8243; _module_preset=&#8221;default&#8221; header_level=&#8221;h1&#8243; header_font=&#8221;|||on|||||&#8221; body_font=&#8221;|||on|||||&#8221; body_text_align=&#8221;center&#8221; global_colors_info=&#8221;{}&#8221;]<\/p>\n<h1><span class=\"cierna\">Harmonikus \u00e1tvitel<\/span> elve<\/h1>\n<p>[\/et_pb_blurb][\/et_pb_column][\/et_pb_row][et_pb_row _builder_version=&#8221;4.21.0&#8243; _module_preset=&#8221;default&#8221; hover_enabled=&#8221;0&#8243; global_colors_info=&#8221;{}&#8221; sticky_enabled=&#8221;0&#8243;][et_pb_column type=&#8221;4_4&#8243; _builder_version=&#8221;4.21.0&#8243; _module_preset=&#8221;default&#8221; global_colors_info=&#8221;{}&#8221;][et_pb_blurb content_max_width=&#8221;1100px&#8221; _builder_version=&#8221;4.21.0&#8243; _module_preset=&#8221;default&#8221; header_font=&#8221;||||||||&#8221; body_font=&#8221;||||||||&#8221; body_text_align=&#8221;left&#8221; hover_enabled=&#8221;0&#8243; global_colors_info=&#8221;{}&#8221; sticky_enabled=&#8221;0&#8243;]<\/p>\n<h3 style=\"text-align: left;\"><strong><span style=\"color: #ff0000;\">Harmonikus sebess\u00e9gv\u00e1lt\u00f3 alkatr\u00e9sz<\/span><\/strong><\/h3>\n<p>[\/et_pb_blurb][et_pb_blurb content_max_width=&#8221;1100px&#8221; _builder_version=&#8221;4.21.0&#8243; _module_preset=&#8221;default&#8221; global_colors_info=&#8221;{}&#8221;]<\/p>\n<p>A <span style=\"color: #ff0000;\">harmonikus \u00e1tvitel<\/span> h\u00e1rom alapvet\u0151 r\u00e9szb\u0151l, azaz hull\u00e1mgener\u00e1torb\u00f3l, Flexspline-b\u00f3l \u00e9s Circular spline-b\u00f3l \u00e1ll.<\/p>\n<p><a href=\"https:\/\/almer.sk\/wp-content\/uploads\/2023\/07\/Komponovka-harmonickej-prevodovky.png\"><img loading=\"lazy\" decoding=\"async\" class=\"wp-image-1733 alignnone size-full\" src=\"https:\/\/almer.sk\/wp-content\/uploads\/2023\/07\/Komponovka-harmonickej-prevodovky.png\" alt=\"Harmonikus sebess\u00e9gv\u00e1lt\u00f3 alkatr\u00e9sz\" width=\"545\" height=\"252\" srcset=\"https:\/\/almer.sk\/wp-content\/uploads\/2023\/07\/Komponovka-harmonickej-prevodovky.png 545w, https:\/\/almer.sk\/wp-content\/uploads\/2023\/07\/Komponovka-harmonickej-prevodovky-480x222.png 480w\" sizes=\"(min-width: 0px) and (max-width: 480px) 480px, (min-width: 481px) 545px, 100vw\" \/><\/a><\/p>\n<p><strong><span style=\"color: #ff0000;\">Hull\u00e1mgener\u00e1tor (VG)<\/span>:<\/strong> a bels\u0151 r\u00e9sz egy ellipszis alak\u00fa b\u00fcty\u00f6kb\u0151l \u00e1ll, amelyen egy speci\u00e1lis rugalmas goly\u00f3scsap\u00e1gy tal\u00e1lhat\u00f3. A legt\u00f6bb alkalmaz\u00e1sban a VG az \u00e1talak\u00edt\u00e1s bemeneti eleme.<\/p>\n<p><strong><span style=\"color: #ff0000;\">Flexspline (FS)<\/span>:<\/strong> olyan rugalmas fogasker\u00e9k, amelyet egy f\u00e9lig z\u00e1rt, v\u00e9konyfal\u00fa henger alkot, a nyitott sz\u00e9l\u00e9n egy k\u00fcls\u0151 foggal. A legt\u00f6bb alkalmaz\u00e1sban az FS egy kimeneti elem.<\/p>\n<p><span style=\"color: #ff0000;\"><br \/>\n  <strong>K\u00f6r alak\u00fa gerinc (CS)<\/strong><br \/>\n<\/span>: Merev fogasker\u00e9k, bel\u00fcl van egy fog, \u00e1ltal\u00e1ban 2 foggal t\u00f6bb, mint a Flexspline. A legt\u00f6bb alkalmaz\u00e1sban a CS fixen r\u00f6gz\u00edtve van, \u00e9s nem k\u00e9pezi a sebess\u00e9gv\u00e1lt\u00f3 mozg\u00f3 elem\u00e9t.<\/p>\n<p>&nbsp;<\/p>\n<h3><span style=\"color: #ff0000;\"><strong>A harmonikus sebess\u00e9gv\u00e1lt\u00f3 elve<\/strong><\/span><\/h3>\n<p>Ha a harmonikus fogasker\u00e9k fordulatsz\u00e1m-cs\u00f6kkent\u00e9sre szolg\u00e1l, a hull\u00e1mgener\u00e1tor akt\u00edv, a k\u00f6rk\u00f6r\u00f6s spline r\u00f6gz\u00edtett \u00e9s a Flexspline kimenet.<\/p>\n<p><a href=\"https:\/\/almer.sk\/wp-content\/uploads\/2023\/07\/Princip-harmonickej-prevodovky.png\"><img loading=\"lazy\" decoding=\"async\" class=\"wp-image-1734 alignnone size-full\" src=\"https:\/\/almer.sk\/wp-content\/uploads\/2023\/07\/Princip-harmonickej-prevodovky.png\" alt=\"A harmonikus sebess\u00e9gv\u00e1lt\u00f3 elve\" width=\"303\" height=\"207\" srcset=\"https:\/\/almer.sk\/wp-content\/uploads\/2023\/07\/Princip-harmonickej-prevodovky.png 303w, https:\/\/almer.sk\/wp-content\/uploads\/2023\/07\/Princip-harmonickej-prevodovky-300x205.png 300w\" sizes=\"(max-width: 303px) 100vw, 303px\" \/><\/a><\/p>\n<p><a href=\"https:\/\/almer.sk\/wp-content\/uploads\/2023\/07\/Princip-harmonickej-prevodovky.gif\"><img loading=\"lazy\" decoding=\"async\" class=\"wp-image-1736 alignnone size-full\" src=\"https:\/\/almer.sk\/wp-content\/uploads\/2023\/07\/Princip-harmonickej-prevodovky.gif\" alt=\"A harmonikus sebess\u00e9gv\u00e1lt\u00f3 elve\" width=\"188\" height=\"187\"><\/a><\/p>\n<p>\u00d6sszeszerelt \u00e1llapotban az ellipszis alak\u00fa VG b\u00fcty\u00f6k az FS nyitott r\u00e9sz\u00e9be van behelyezve. A flexspline a rugalmass\u00e1g miatt ov\u00e1lis alakra deform\u00e1l\u00f3dik, majd a hossz\u00fa tengelyponton l\u00e9v\u0151 FS fogakat alaposan beillesztik a merev spline-ba, hogy teljes l\u00f6v\u00e9si \u00e1llapotot \u00e9rjenek el. Ugyanakkor a k\u00e9t fogasker\u00e9k a r\u00f6vid tengelypontban egy\u00e1ltal\u00e1n nem \u00e9rintkezik, m\u00e1s sz\u00f3val sz\u00e9tkapcsolt helyzetben van. A bekapcsol\u00e1st\u00f3l a kikapcsol\u00e1sig tart\u00f3 folyamat sor\u00e1n a vontat\u00e1si hull\u00e1mmal rendelkez\u0151 fogasker\u00e9k bekapcsol\u00e1si vagy kikapcsol\u00e1si \u00e1llapotban van.<\/p>\n<p><a href=\"https:\/\/almer.sk\/wp-content\/uploads\/2023\/07\/Princip-harmonickej-prevodovky-2.png\"><img loading=\"lazy\" decoding=\"async\" class=\"wp-image-1732 alignnone size-full\" src=\"https:\/\/almer.sk\/wp-content\/uploads\/2023\/07\/Princip-harmonickej-prevodovky-2.png\" alt=\"A harmonikus sebess\u00e9gv\u00e1lt\u00f3 elve\" width=\"741\" height=\"177\" srcset=\"https:\/\/almer.sk\/wp-content\/uploads\/2023\/07\/Princip-harmonickej-prevodovky-2.png 741w, https:\/\/almer.sk\/wp-content\/uploads\/2023\/07\/Princip-harmonickej-prevodovky-2-480x115.png 480w\" sizes=\"(min-width: 0px) and (max-width: 480px) 480px, (min-width: 481px) 741px, 100vw\" \/><\/a><\/p>\n<p>Amikor a hull\u00e1mgener\u00e1tor folyamatosan forog, a flexspline folyamatosan deform\u00e1l\u00f3dik, a k\u00e9t fogasker\u00e9k v\u00e1ltogatja saj\u00e1t m\u0171k\u00f6d\u00e9si \u00e1llapot\u00e1t &#8211; beh\u00faz\u00f3dva, bekapcsol\u00f3dva, kiny\u00falva a kikapcsol\u00e1sig, \u00edgy egy \u00fagynevezett v\u00e1ltakoz\u00f3 mozg\u00e1s j\u00f6n l\u00e9tre, v\u00e9g\u00fcl a mozg\u00e1s \u00e1tad\u00e1sa a hull\u00e1mgener\u00e1torr\u00f3l a flexspline-ra t\u00f6rt\u00e9nik.<\/p>\n<p>&nbsp;<\/p>\n<h3><span style=\"color: #ff0000;\"><strong>A harmonikus sebess\u00e9gv\u00e1lt\u00f3 jellemz\u0151i<\/strong><\/span><\/h3>\n<p><span style=\"color: #ff0000;\">Nagy pontoss\u00e1g:<\/span> t\u00f6bb fog egyszerre 180\u00b0-ot foglal el szimmetrikusan k\u00e9t poz\u00edci\u00f3ban, ez\u00e9rt a fogasker\u00e9k fogh\u00e9zag hiba \u00e9s a felhalmozott fogh\u00e9zag hiba egyenletesen befoly\u00e1solja a forg\u00e1si pontoss\u00e1got, \u00e9s ez\u00e9rt rendk\u00edv\u00fcl nagy poz\u00edci\u00f3 \u00e9s forg\u00e1si pontoss\u00e1g \u00e9rhet\u0151 el.<\/p>\n<p><span style=\"color: #ff0000;\">Nagy \u00e1tt\u00e9tel:<\/span> a harmonikus reduktor egyfokozat\u00fa \u00e1tt\u00e9tele el\u00e9rheti az i = 30 \u00e9s 500 k\u00f6z\u00f6tti \u00e9rt\u00e9ket, r\u00e1ad\u00e1sul a szerkezet nagyon egyszer\u0171, \u00e9s az ugyanazon a tengelyen l\u00e9v\u0151 h\u00e1rom alapvet\u0151 r\u00e9sz k\u00f6nnyen el\u00e9rheti a nagy redukci\u00f3s ar\u00e1nyt.<\/p>\n<p><span style=\"color: #ff0000;\">Nagy terhelhet\u0151s\u00e9g:<\/span> a harmonikus reduktorban a fogak \u00e9rintkez\u00e9se a fel\u00fcleti \u00e9rintkez\u00e9shez tartozik, r\u00e1ad\u00e1sul viszonylag t\u00f6bb fogat tud egyszerre bekapcsolni, ez\u00e9rt az egys\u00e9g fel\u00fclete kis terhel\u00e9st visel, \u00e9s a terhelhet\u0151s\u00e9g nagyobb, mint a fogaskerekek m\u00e1s form\u00e1i.<\/p>\n<p><span style=\"color: #ff0000;\">Kis m\u00e9ret \u00e9s k\u00f6nny\u0171 s\u00faly<\/span>: A hagyom\u00e1nyos fogasker\u00e9kkel \u00f6sszehasonl\u00edtva a harmonikus reduktor jelent\u0151sen cs\u00f6kkentheti a m\u00e9retet \u00e9s a s\u00falyt, \u00edgy miniat\u00fcriz\u00e1l\u00e1s \u00e9s k\u00f6nny\u0171 s\u00faly \u00e9rhet\u0151 el a gy\u00e1rt\u00e1sban.<\/p>\n<p><span style=\"color: #ff0000;\">Nagy \u00e1tviteli hat\u00e9konys\u00e1g \u00e9s hossz\u00fa \u00e9lettartam.<\/span><\/p>\n<p><span style=\"color: #ff0000;\">Sima er\u0151\u00e1tvitel, nincs rezg\u00e9s \u00e9s kev\u00e9s zaj.<\/span><\/p>\n<p>[\/et_pb_blurb][\/et_pb_column][\/et_pb_row][et_pb_row _builder_version=&#8221;4.21.0&#8243; _module_preset=&#8221;default&#8221; global_colors_info=&#8221;{}&#8221;][et_pb_column type=&#8221;4_4&#8243; _builder_version=&#8221;4.21.0&#8243; _module_preset=&#8221;default&#8221; global_colors_info=&#8221;{}&#8221;][et_pb_blurb _builder_version=&#8221;4.21.0&#8243; _module_preset=&#8221;default&#8221; body_font=&#8221;|||on|||||&#8221; body_text_align=&#8221;center&#8221; custom_margin=&#8221;||-5px||false|false&#8221; hover_enabled=&#8221;0&#8243; global_colors_info=&#8221;{}&#8221; sticky_enabled=&#8221;0&#8243;]<\/p>\n<h3><strong><span style=\"color: #ff0000;\">A harmonikus \u00e1talak\u00edt\u00e1s \u00faj szeml\u00e9lete<\/span><\/strong><\/h3>\n<p>[\/et_pb_blurb][et_pb_blurb _builder_version=&#8221;4.21.0&#8243; _module_preset=&#8221;default&#8221; body_font=&#8221;|||on|||||&#8221; body_text_align=&#8221;center&#8221; custom_margin=&#8221;||-15px||false|false&#8221; hover_enabled=&#8221;0&#8243; global_colors_info=&#8221;{}&#8221; sticky_enabled=&#8221;0&#8243;]<\/p>\n<h3><span style=\"color: #ff0000;\">Innov\u00e1ci\u00f3, m\u0171szaki el\u0151ny\u00f6k<\/span><\/h3>\n<p>[\/et_pb_blurb][\/et_pb_column][\/et_pb_row][et_pb_row _builder_version=&#8221;4.21.0&#8243; _module_preset=&#8221;default&#8221; global_colors_info=&#8221;{}&#8221;][et_pb_column type=&#8221;4_4&#8243; _builder_version=&#8221;4.21.0&#8243; _module_preset=&#8221;default&#8221; global_colors_info=&#8221;{}&#8221;][et_pb_blurb content_max_width=&#8221;1100px&#8221; _builder_version=&#8221;4.21.0&#8243; _module_preset=&#8221;default&#8221; global_colors_info=&#8221;{}&#8221;]<\/p>\n<p>A piacon forgalmazott merev hajt\u00f3m\u0171vek tervez\u00e9se hagyom\u00e1nyosan a konjug\u00e1lt h\u00e1l\u00f3zatelm\u00e9leten (Willis-t\u00e9tel) alapul.<\/p>\n<p>LD kutat\u00f3ink azonban \u00fagy tal\u00e1lt\u00e1k, hogy a fogaskerekek deform\u00e1ci\u00f3s hull\u00e1mmal t\u00f6rt\u00e9n\u0151 fogaz\u00e1sa \u00f6sszetettebb. A harmonikus \u00e1tt\u00e9telez\u00e9s pontosabban le\u00edrhat\u00f3 a geometriai g\u00f6rb\u00e9k lek\u00e9pez\u00e9s\u00e9nek elm\u00e9let\u00e9vel. Az\u00e1ltal, hogy ez az elm\u00e9let be\u00e9p\u00fclt a tervez\u00e9sbe, ez a szabadalmaztatott technol\u00f3gia jelent\u0151sen jav\u00edtotta a fogasker\u00e9k \u00e9s a h\u00faz\u00f3hull\u00e1mok kapcsolat\u00e1t, ami megk\u00fcl\u00f6nb\u00f6zteti a term\u00e9ket a versenyt\u00e1rsakt\u00f3l. A konstrukci\u00f3 a jobb pontoss\u00e1g \u00e9s ellen\u0151rz\u00e9s \u00e9rdek\u00e9ben tov\u00e1bb b\u0151v\u00edthet\u0151 fix, nagy \u00e1tt\u00e9tel\u0171 reduktorokra.<\/p>\n<p>&nbsp;<\/p>\n<h3><span style=\"color: #ff0000;\"><strong>Fogprofil P-t\u00edpus\u00fa<\/strong><\/span><\/h3>\n<p><a href=\"https:\/\/almer.sk\/wp-content\/uploads\/2023\/07\/Profil-zubov-P-typ.jpeg\"><img loading=\"lazy\" decoding=\"async\" class=\"wp-image-1735 alignnone size-full\" src=\"https:\/\/almer.sk\/wp-content\/uploads\/2023\/07\/Profil-zubov-P-typ.jpeg\" alt=\"Fogprofil P-t\u00edpus\u00fa\" width=\"693\" height=\"376\" srcset=\"https:\/\/almer.sk\/wp-content\/uploads\/2023\/07\/Profil-zubov-P-typ.jpeg 693w, https:\/\/almer.sk\/wp-content\/uploads\/2023\/07\/Profil-zubov-P-typ-480x260.jpeg 480w\" sizes=\"(min-width: 0px) and (max-width: 480px) 480px, (min-width: 481px) 693px, 100vw\" \/><\/a><\/p>\n<h3><span style=\"color: #ff0000;\"><strong>Az egyedi P-t\u00edpus\u00fa profil jelent\u0151s el\u0151ny\u00f6kkel rendelkezik a tipikus profillal szemben:<\/strong><\/span><\/h3>\n<ul>\n<li>Az alacsonyabb profil cs\u00f6kkenti a hajl\u00edt\u00f3fesz\u00fclts\u00e9get az alapn\u00e1l, jav\u00edtva a nyomat\u00e9kkapacit\u00e1st.<\/li>\n<li>A sz\u00e9les fogazat \u00e9s a hat\u00e9kony profil\u00e1tmenet cs\u00f6kkenti a fesz\u00fclts\u00e9gkoncentr\u00e1ci\u00f3t a magban.<\/li>\n<li>Az alacsonyabb profil cs\u00f6kkenti a Flexspline elmozdul\u00e1s\u00e1t \u00e9s fesz\u00fclts\u00e9g\u00e9t, ami hosszabb \u00e9lettartamot eredm\u00e9nyez.<\/li>\n<li>A fogak t\u00f6bb mint 20-30%-a a t\u00f6bbi versenyt\u00e1rshoz k\u00e9pest a l\u00f6v\u00e9s\u00e9rintkez\u00e9sben cs\u00f6kkenti a fel\u00fcleti \u00e9rintkez\u00e9si nyom\u00e1st.<\/li>\n<\/ul>\n<p>[\/et_pb_blurb][\/et_pb_column][\/et_pb_row][\/et_pb_section]<\/p>\n","protected":false},"excerpt":{"rendered":"<p>&gt; Kezd\u0151lap \/ Sebess\u00e9gv\u00e1lt\u00f3k \/ Elv, innov\u00e1ci\u00f3Harmonikus \u00e1tvitel elveHarmonikus sebess\u00e9gv\u00e1lt\u00f3 alkatr\u00e9szA harmonikus \u00e1tvitel h\u00e1rom alapvet\u0151 r\u00e9szb\u0151l, azaz hull\u00e1mgener\u00e1torb\u00f3l, Flexspline-b\u00f3l \u00e9s Circular spline-b\u00f3l \u00e1ll. Hull\u00e1mgener\u00e1tor (VG): a bels\u0151 r\u00e9sz egy ellipszis alak\u00fa b\u00fcty\u00f6kb\u0151l \u00e1ll, amelyen egy speci\u00e1lis rugalmas goly\u00f3scsap\u00e1gy tal\u00e1lhat\u00f3. A legt\u00f6bb alkalmaz\u00e1sban a VG az \u00e1talak\u00edt\u00e1s bemeneti eleme. Flexspline (FS): olyan rugalmas fogasker\u00e9k, amelyet egy [&hellip;]<\/p>\n","protected":false},"author":1,"featured_media":0,"parent":5605,"menu_order":0,"comment_status":"closed","ping_status":"closed","template":"","meta":{"_et_pb_use_builder":"on","_et_pb_old_content":"","_et_gb_content_width":"","footnotes":""},"class_list":["post-6004","page","type-page","status-publish","hentry"],"yoast_head":"<!-- This site is optimized with the Yoast SEO plugin v26.6 - https:\/\/yoast.com\/wordpress\/plugins\/seo\/ -->\n<title>Elv \u00e9s innov\u00e1ci\u00f3 - Almer.sk<\/title>\n<meta name=\"robots\" content=\"index, follow, max-snippet:-1, max-image-preview:large, max-video-preview:-1\" \/>\n<link rel=\"canonical\" href=\"https:\/\/almer.sk\/hu\/harmonikus-sebessegvaltok\/elv-es-innovacio\/\" \/>\n<meta property=\"og:locale\" content=\"hu_HU\" \/>\n<meta property=\"og:type\" content=\"article\" \/>\n<meta property=\"og:title\" content=\"Elv \u00e9s innov\u00e1ci\u00f3 - Almer.sk\" \/>\n<meta property=\"og:description\" content=\"&gt; Kezd\u0151lap \/ Sebess\u00e9gv\u00e1lt\u00f3k \/ Elv, innov\u00e1ci\u00f3Harmonikus \u00e1tvitel elveHarmonikus sebess\u00e9gv\u00e1lt\u00f3 alkatr\u00e9szA harmonikus \u00e1tvitel h\u00e1rom alapvet\u0151 r\u00e9szb\u0151l, azaz hull\u00e1mgener\u00e1torb\u00f3l, Flexspline-b\u00f3l \u00e9s Circular spline-b\u00f3l \u00e1ll. Hull\u00e1mgener\u00e1tor (VG): a bels\u0151 r\u00e9sz egy ellipszis alak\u00fa b\u00fcty\u00f6kb\u0151l \u00e1ll, amelyen egy speci\u00e1lis rugalmas goly\u00f3scsap\u00e1gy tal\u00e1lhat\u00f3. A legt\u00f6bb alkalmaz\u00e1sban a VG az \u00e1talak\u00edt\u00e1s bemeneti eleme. Flexspline (FS): olyan rugalmas fogasker\u00e9k, amelyet egy [&hellip;]\" \/>\n<meta property=\"og:url\" content=\"https:\/\/almer.sk\/hu\/harmonikus-sebessegvaltok\/elv-es-innovacio\/\" \/>\n<meta property=\"og:site_name\" content=\"Almer.sk\" \/>\n<meta property=\"article:modified_time\" content=\"2023-07-28T09:26:20+00:00\" \/>\n<meta property=\"og:image\" content=\"https:\/\/almer.sk\/wp-content\/uploads\/2023\/07\/Komponovka-harmonickej-prevodovky.png\" \/>\n<meta name=\"twitter:card\" content=\"summary_large_image\" \/>\n<meta name=\"twitter:label1\" content=\"Becs\u00fclt olvas\u00e1si id\u0151\" \/>\n\t<meta name=\"twitter:data1\" content=\"6 perc\" \/>\n<script type=\"application\/ld+json\" class=\"yoast-schema-graph\">{\"@context\":\"https:\/\/schema.org\",\"@graph\":[{\"@type\":\"WebPage\",\"@id\":\"https:\/\/almer.sk\/hu\/harmonikus-sebessegvaltok\/elv-es-innovacio\/\",\"url\":\"https:\/\/almer.sk\/hu\/harmonikus-sebessegvaltok\/elv-es-innovacio\/\",\"name\":\"Elv \u00e9s innov\u00e1ci\u00f3 - Almer.sk\",\"isPartOf\":{\"@id\":\"https:\/\/almer.sk\/hu\/#website\"},\"primaryImageOfPage\":{\"@id\":\"https:\/\/almer.sk\/hu\/harmonikus-sebessegvaltok\/elv-es-innovacio\/#primaryimage\"},\"image\":{\"@id\":\"https:\/\/almer.sk\/hu\/harmonikus-sebessegvaltok\/elv-es-innovacio\/#primaryimage\"},\"thumbnailUrl\":\"https:\/\/almer.sk\/wp-content\/uploads\/2023\/07\/Komponovka-harmonickej-prevodovky.png\",\"datePublished\":\"2023-07-07T05:02:14+00:00\",\"dateModified\":\"2023-07-28T09:26:20+00:00\",\"breadcrumb\":{\"@id\":\"https:\/\/almer.sk\/hu\/harmonikus-sebessegvaltok\/elv-es-innovacio\/#breadcrumb\"},\"inLanguage\":\"hu\",\"potentialAction\":[{\"@type\":\"ReadAction\",\"target\":[\"https:\/\/almer.sk\/hu\/harmonikus-sebessegvaltok\/elv-es-innovacio\/\"]}]},{\"@type\":\"ImageObject\",\"inLanguage\":\"hu\",\"@id\":\"https:\/\/almer.sk\/hu\/harmonikus-sebessegvaltok\/elv-es-innovacio\/#primaryimage\",\"url\":\"https:\/\/almer.sk\/wp-content\/uploads\/2023\/07\/Komponovka-harmonickej-prevodovky.png\",\"contentUrl\":\"https:\/\/almer.sk\/wp-content\/uploads\/2023\/07\/Komponovka-harmonickej-prevodovky.png\"},{\"@type\":\"BreadcrumbList\",\"@id\":\"https:\/\/almer.sk\/hu\/harmonikus-sebessegvaltok\/elv-es-innovacio\/#breadcrumb\",\"itemListElement\":[{\"@type\":\"ListItem\",\"position\":1,\"name\":\"Home\",\"item\":\"https:\/\/almer.sk\/hu\/\"},{\"@type\":\"ListItem\",\"position\":2,\"name\":\"Harmonikus sebess\u00e9gv\u00e1lt\u00f3k\",\"item\":\"https:\/\/almer.sk\/hu\/harmonikus-sebessegvaltok\/\"},{\"@type\":\"ListItem\",\"position\":3,\"name\":\"Elv \u00e9s innov\u00e1ci\u00f3\"}]},{\"@type\":\"WebSite\",\"@id\":\"https:\/\/almer.sk\/hu\/#website\",\"url\":\"https:\/\/almer.sk\/hu\/\",\"name\":\"Almer.sk\",\"description\":\"Technologick\u00fd l\u00edder v oblasti presn\u00fdch prevodoviek\",\"potentialAction\":[{\"@type\":\"SearchAction\",\"target\":{\"@type\":\"EntryPoint\",\"urlTemplate\":\"https:\/\/almer.sk\/hu\/?s={search_term_string}\"},\"query-input\":{\"@type\":\"PropertyValueSpecification\",\"valueRequired\":true,\"valueName\":\"search_term_string\"}}],\"inLanguage\":\"hu\"}]}<\/script>\n<!-- \/ Yoast SEO plugin. -->","yoast_head_json":{"title":"Elv \u00e9s innov\u00e1ci\u00f3 - Almer.sk","robots":{"index":"index","follow":"follow","max-snippet":"max-snippet:-1","max-image-preview":"max-image-preview:large","max-video-preview":"max-video-preview:-1"},"canonical":"https:\/\/almer.sk\/hu\/harmonikus-sebessegvaltok\/elv-es-innovacio\/","og_locale":"hu_HU","og_type":"article","og_title":"Elv \u00e9s innov\u00e1ci\u00f3 - Almer.sk","og_description":"&gt; Kezd\u0151lap \/ Sebess\u00e9gv\u00e1lt\u00f3k \/ Elv, innov\u00e1ci\u00f3Harmonikus \u00e1tvitel elveHarmonikus sebess\u00e9gv\u00e1lt\u00f3 alkatr\u00e9szA harmonikus \u00e1tvitel h\u00e1rom alapvet\u0151 r\u00e9szb\u0151l, azaz hull\u00e1mgener\u00e1torb\u00f3l, Flexspline-b\u00f3l \u00e9s Circular spline-b\u00f3l \u00e1ll. Hull\u00e1mgener\u00e1tor (VG): a bels\u0151 r\u00e9sz egy ellipszis alak\u00fa b\u00fcty\u00f6kb\u0151l \u00e1ll, amelyen egy speci\u00e1lis rugalmas goly\u00f3scsap\u00e1gy tal\u00e1lhat\u00f3. A legt\u00f6bb alkalmaz\u00e1sban a VG az \u00e1talak\u00edt\u00e1s bemeneti eleme. Flexspline (FS): olyan rugalmas fogasker\u00e9k, amelyet egy [&hellip;]","og_url":"https:\/\/almer.sk\/hu\/harmonikus-sebessegvaltok\/elv-es-innovacio\/","og_site_name":"Almer.sk","article_modified_time":"2023-07-28T09:26:20+00:00","og_image":[{"url":"https:\/\/almer.sk\/wp-content\/uploads\/2023\/07\/Komponovka-harmonickej-prevodovky.png","type":"","width":"","height":""}],"twitter_card":"summary_large_image","twitter_misc":{"Becs\u00fclt olvas\u00e1si id\u0151":"6 perc"},"schema":{"@context":"https:\/\/schema.org","@graph":[{"@type":"WebPage","@id":"https:\/\/almer.sk\/hu\/harmonikus-sebessegvaltok\/elv-es-innovacio\/","url":"https:\/\/almer.sk\/hu\/harmonikus-sebessegvaltok\/elv-es-innovacio\/","name":"Elv \u00e9s innov\u00e1ci\u00f3 - Almer.sk","isPartOf":{"@id":"https:\/\/almer.sk\/hu\/#website"},"primaryImageOfPage":{"@id":"https:\/\/almer.sk\/hu\/harmonikus-sebessegvaltok\/elv-es-innovacio\/#primaryimage"},"image":{"@id":"https:\/\/almer.sk\/hu\/harmonikus-sebessegvaltok\/elv-es-innovacio\/#primaryimage"},"thumbnailUrl":"https:\/\/almer.sk\/wp-content\/uploads\/2023\/07\/Komponovka-harmonickej-prevodovky.png","datePublished":"2023-07-07T05:02:14+00:00","dateModified":"2023-07-28T09:26:20+00:00","breadcrumb":{"@id":"https:\/\/almer.sk\/hu\/harmonikus-sebessegvaltok\/elv-es-innovacio\/#breadcrumb"},"inLanguage":"hu","potentialAction":[{"@type":"ReadAction","target":["https:\/\/almer.sk\/hu\/harmonikus-sebessegvaltok\/elv-es-innovacio\/"]}]},{"@type":"ImageObject","inLanguage":"hu","@id":"https:\/\/almer.sk\/hu\/harmonikus-sebessegvaltok\/elv-es-innovacio\/#primaryimage","url":"https:\/\/almer.sk\/wp-content\/uploads\/2023\/07\/Komponovka-harmonickej-prevodovky.png","contentUrl":"https:\/\/almer.sk\/wp-content\/uploads\/2023\/07\/Komponovka-harmonickej-prevodovky.png"},{"@type":"BreadcrumbList","@id":"https:\/\/almer.sk\/hu\/harmonikus-sebessegvaltok\/elv-es-innovacio\/#breadcrumb","itemListElement":[{"@type":"ListItem","position":1,"name":"Home","item":"https:\/\/almer.sk\/hu\/"},{"@type":"ListItem","position":2,"name":"Harmonikus sebess\u00e9gv\u00e1lt\u00f3k","item":"https:\/\/almer.sk\/hu\/harmonikus-sebessegvaltok\/"},{"@type":"ListItem","position":3,"name":"Elv \u00e9s innov\u00e1ci\u00f3"}]},{"@type":"WebSite","@id":"https:\/\/almer.sk\/hu\/#website","url":"https:\/\/almer.sk\/hu\/","name":"Almer.sk","description":"Technologick\u00fd l\u00edder v oblasti presn\u00fdch prevodoviek","potentialAction":[{"@type":"SearchAction","target":{"@type":"EntryPoint","urlTemplate":"https:\/\/almer.sk\/hu\/?s={search_term_string}"},"query-input":{"@type":"PropertyValueSpecification","valueRequired":true,"valueName":"search_term_string"}}],"inLanguage":"hu"}]}},"_links":{"self":[{"href":"https:\/\/almer.sk\/hu\/wp-json\/wp\/v2\/pages\/6004","targetHints":{"allow":["GET"]}}],"collection":[{"href":"https:\/\/almer.sk\/hu\/wp-json\/wp\/v2\/pages"}],"about":[{"href":"https:\/\/almer.sk\/hu\/wp-json\/wp\/v2\/types\/page"}],"author":[{"embeddable":true,"href":"https:\/\/almer.sk\/hu\/wp-json\/wp\/v2\/users\/1"}],"replies":[{"embeddable":true,"href":"https:\/\/almer.sk\/hu\/wp-json\/wp\/v2\/comments?post=6004"}],"version-history":[{"count":1,"href":"https:\/\/almer.sk\/hu\/wp-json\/wp\/v2\/pages\/6004\/revisions"}],"predecessor-version":[{"id":6031,"href":"https:\/\/almer.sk\/hu\/wp-json\/wp\/v2\/pages\/6004\/revisions\/6031"}],"up":[{"embeddable":true,"href":"https:\/\/almer.sk\/hu\/wp-json\/wp\/v2\/pages\/5605"}],"wp:attachment":[{"href":"https:\/\/almer.sk\/hu\/wp-json\/wp\/v2\/media?parent=6004"}],"curies":[{"name":"wp","href":"https:\/\/api.w.org\/{rel}","templated":true}]}}