{"id":5869,"date":"2023-06-28T16:03:00","date_gmt":"2023-06-28T14:03:00","guid":{"rendered":"https:\/\/almer.sk\/forgohajtasok\/aah-forgohajtasok\/"},"modified":"2023-09-04T11:38:44","modified_gmt":"2023-09-04T09:38:44","slug":"aah-forgohajtasok","status":"publish","type":"page","link":"https:\/\/almer.sk\/hu\/forgohajtasok\/aah-forgohajtasok\/","title":{"rendered":"AAH &#8211; Forg\u00f3hajt\u00e1sok"},"content":{"rendered":"<p>[et_pb_section fb_built=&#8221;1&#8243; _builder_version=&#8221;4.21.0&#8243; _module_preset=&#8221;default&#8221; locked=&#8221;off&#8221; global_colors_info=&#8221;{}&#8221;][et_pb_row _builder_version=&#8221;4.21.0&#8243; _module_preset=&#8221;default&#8221; global_colors_info=&#8221;{}&#8221;][et_pb_column type=&#8221;4_4&#8243; _builder_version=&#8221;4.21.0&#8243; _module_preset=&#8221;default&#8221; global_colors_info=&#8221;{}&#8221;][et_pb_blurb content_max_width=&#8221;1100px&#8221; _builder_version=&#8221;4.22.1&#8243; _module_preset=&#8221;default&#8221; body_text_align=&#8221;left&#8221; hover_enabled=&#8221;0&#8243; global_colors_info=&#8221;{}&#8221; sticky_enabled=&#8221;0&#8243;]<\/p>\n<p><a class=\"bread\" href=\"https:\/\/almer.sk\/hu\/\">&gt; F\u0151oldal<\/a> \/ <a class=\"bread\" href=\"https:\/\/almer.sk\/hu\/forgohajtasok\/\">Forg\u00f3hajt\u00e1sok<\/a>\u00a0\/ AAH<\/p>\n<p>[\/et_pb_blurb][\/et_pb_column][\/et_pb_row][et_pb_row column_structure=&#8221;1_2,1_2&#8243; _builder_version=&#8221;4.21.0&#8243; _module_preset=&#8221;default&#8221; global_colors_info=&#8221;{}&#8221;][et_pb_column type=&#8221;1_2&#8243; _builder_version=&#8221;4.21.0&#8243; _module_preset=&#8221;default&#8221; global_colors_info=&#8221;{}&#8221;][et_pb_blurb image=&#8221;https:\/\/almer.sk\/wp-content\/uploads\/2023\/06\/AAH.jpg&#8221; alt=&#8221;AAH&#8221; disabled_on=&#8221;on|on|off&#8221; _builder_version=&#8221;4.21.0&#8243; _module_preset=&#8221;default&#8221; width=&#8221;60%&#8221; max_width=&#8221;100%&#8221; module_alignment=&#8221;center&#8221; custom_padding=&#8221;||||false|false&#8221; animation=&#8221;off&#8221; locked=&#8221;off&#8221; global_colors_info=&#8221;{}&#8221;][\/et_pb_blurb][\/et_pb_column][et_pb_column type=&#8221;1_2&#8243; _builder_version=&#8221;4.21.0&#8243; _module_preset=&#8221;default&#8221; global_colors_info=&#8221;{}&#8221;][et_pb_blurb content_max_width=&#8221;1100px&#8221; _builder_version=&#8221;4.21.0&#8243; _module_preset=&#8221;default&#8221; header_level=&#8221;h1&#8243; header_font=&#8221;|||on|||||&#8221; header_text_color=&#8221;#000000&#8243; body_font=&#8221;|||on|||||&#8221; body_text_align=&#8221;center&#8221; body_text_color=&#8221;#000000&#8243; body_line_height=&#8221;1.6em&#8221; global_colors_info=&#8221;{}&#8221;]<\/p>\n<h1 style=\"text-align: center;\"><span class=\"cierna\">Forg\u00f3 harmonikus m\u0171k\u00f6dtet\u0151k<\/span><\/h1>\n<p>[\/et_pb_blurb][et_pb_blurb content_max_width=&#8221;1100px&#8221; _builder_version=&#8221;4.21.0&#8243; _module_preset=&#8221;default&#8221; header_level=&#8221;h1&#8243; header_font=&#8221;|||on|||||&#8221; body_font=&#8221;||||||||&#8221; body_text_align=&#8221;center&#8221; body_line_height=&#8221;1.6em&#8221; custom_margin=&#8221;-30px||||false|false&#8221; global_colors_info=&#8221;{}&#8221;]<\/p>\n<h2 style=\"text-align: center;\"><span style=\"color: #ff0000;\">AAH<\/span> sorozat<\/h2>\n<p>[\/et_pb_blurb][\/et_pb_column][\/et_pb_row][et_pb_row _builder_version=&#8221;4.21.0&#8243; _module_preset=&#8221;default&#8221; global_colors_info=&#8221;{}&#8221;][et_pb_column type=&#8221;4_4&#8243; _builder_version=&#8221;4.21.0&#8243; _module_preset=&#8221;default&#8221; global_colors_info=&#8221;{}&#8221;][et_pb_blurb image=&#8221;https:\/\/almer.sk\/wp-content\/uploads\/2023\/06\/AAH.jpg&#8221; alt=&#8221;AAH&#8221; disabled_on=&#8221;off|off|on&#8221; _builder_version=&#8221;4.21.0&#8243; _module_preset=&#8221;default&#8221; width=&#8221;60%&#8221; max_width=&#8221;100%&#8221; module_alignment=&#8221;center&#8221; custom_padding=&#8221;||||false|false&#8221; animation=&#8221;off&#8221; locked=&#8221;off&#8221; global_colors_info=&#8221;{}&#8221;][\/et_pb_blurb][et_pb_tabs active_tab_background_color=&#8221;#000000&#8243; inactive_tab_background_color=&#8221;#ff0000&#8243; active_tab_text_color=&#8221;#ffffff&#8221; module_id=&#8221;taby&#8221; _builder_version=&#8221;4.21.0&#8243; tab_text_color=&#8221;#ffffff&#8221; tab_font=&#8221;|300|||||||&#8221; tab_font_size=&#8221;16px&#8221; tab_line_height=&#8221;2.8em&#8221; border_width_all=&#8221;0px&#8221; border_color_all=&#8221;rgba(0,0,0,0)&#8221; global_colors_info=&#8221;{}&#8221;][et_pb_tab title=&#8221;Le\u00edr\u00e1s&#8221; _builder_version=&#8221;4.21.0&#8243; global_colors_info=&#8221;{}&#8221;]<\/p>\n<p>\u2713 Nagy pontoss\u00e1g: az abszol\u00fat pozicion\u00e1l\u00e1si pontoss\u00e1g kevesebb, mint 10 \u00edvm\u00e1sodperc (0,0028 fok) lehet.<\/p>\n<p>\u2713 Nagy nyomat\u00e9k: kis m\u00e9ret, de nagy nyomat\u00e9k, a maxim\u00e1lis kimeneti nyomat\u00e9k el\u00e9rheti a 800 Nm-t<\/p>\n<p>\u2713 \u00dcreges tengely: nagy \u00e1tm\u00e9r\u0151j\u0171 bels\u0151 \u00e1tmen\u0151 lyuk, k\u00f6nny\u0171 a k\u00e1belek, l\u00e9gt\u00f6ml\u0151k, l\u00e9zersugarak stb. \u00e1tvezet\u00e9s\u00e9hez.<\/p>\n<p>\u2713 Hossz\u00fa \u00e9lettartam: a pontoss\u00e1g t\u00f6bb mint 20 000 \u00f3r\u00e1nyi haszn\u00e1lat eset\u00e9n is v\u00e1ltozatlan marad.<\/p>\n<p>\u2713 Z\u00e9r\u00f3 holtj\u00e1t\u00e9k: nulla holtj\u00e1t\u00e9k\u00fa mozg\u00e1s<\/p>\n<p>\u2713 Integr\u00e1ci\u00f3: harmonikus fordulatsz\u00e1m-cs\u00f6kkent\u0151, nyomat\u00e9kmotor, elektrom\u00e1gneses f\u00e9k, k\u00f3dol\u00f3 \u00e9s egy\u00e9b \u00e9rz\u00e9kel\u0151k integr\u00e1l\u00e1sa egyben<\/p>\n<p>\u2713 Gyors v\u00e1lasz: nagy dinamikus v\u00e1laszszint, el\u0151ny\u00f6s v\u00e1laszt\u00e1s l\u00e9zeres feldolgoz\u00f3 berendez\u00e9sekhez, gy\u00e1ri automatiz\u00e1l\u00e1si rendszerekhez stb.<\/p>\n<p>\u2713 Alacsony rezg\u00e9s: rendk\u00edv\u00fcl alacsony zajszint, ide\u00e1lis v\u00e1laszt\u00e1s f\u00e9lvezet\u0151k, orvosi berendez\u00e9sek, prec\u00edzi\u00f3s k\u00e9palkot\u00f3 berendez\u00e9sek \u00e9s egy\u00e9b alkalmaz\u00e1sok sz\u00e1m\u00e1ra.<\/p>\n<p>\u2713 Magas fok\u00fa v\u00e9delem: IP65-\u00f6s v\u00e9detts\u00e9gi szint ig\u00e9ny szerint IP67-es v\u00e9detts\u00e9gi szintig<\/p>\n<p>\u2713 Karbantart\u00e1smentes: nincs sz\u00fcks\u00e9g rendszeres karbantart\u00e1sra, ken\u0151anyagcser\u00e9re stb.<\/p>\n<p>[\/et_pb_tab][et_pb_tab title=&#8221;Param\u00e9terek&#8221; _builder_version=&#8221;4.21.0&#8243; global_colors_info=&#8221;{}&#8221;]<\/p>\n<h3>Az AAH m\u0171k\u00f6dtet\u0151k param\u00e9terei<\/h3>\n<ul class=\"et_post_gallery clearfix\">\n\t\t\t\t\t<li class=\"et_gallery_item et_pb_gallery_image\">\n\t\t\t\t\t\t<a href=\"https:\/\/almer.sk\/wp-content\/uploads\/2023\/06\/AAH-1417-scaled-e1688655744609.jpg\" title=\"AAH-14 \/ 17\">\n\t\t\t\t\t\t\t<span class=\"et_portfolio_image\">\n\t\t\t\t\t\t\t\t<img loading=\"lazy\" decoding=\"async\" width=\"400\" height=\"284\" src=\"https:\/\/almer.sk\/wp-content\/uploads\/2023\/06\/AAH-1417-scaled-e1688655744609-400x284.jpg\" class=\"attachment-et-pb-portfolio-image size-et-pb-portfolio-image\" alt=\"\" \/>\n\t\t\t\t\t\t\t\t<span class=\"et_overlay\"><\/span>\n\t\t\t\t\t\t\t<\/span>\n\t\t\t\t\t\t<\/a>\n\t\t\t\t\t\t<p class=\"et_pb_gallery_caption\">AAH-14 \/ 17<\/p>\n\t\t\t\t\t<\/li><li class=\"et_gallery_item et_pb_gallery_image\">\n\t\t\t\t\t\t<a href=\"https:\/\/almer.sk\/wp-content\/uploads\/2023\/06\/AAH-2025-scaled-e1688655762675.jpg\" title=\"AAH-20 \/ 25\">\n\t\t\t\t\t\t\t<span class=\"et_portfolio_image\">\n\t\t\t\t\t\t\t\t<img loading=\"lazy\" decoding=\"async\" width=\"400\" height=\"284\" src=\"https:\/\/almer.sk\/wp-content\/uploads\/2023\/06\/AAH-2025-scaled-e1688655762675-400x284.jpg\" class=\"attachment-et-pb-portfolio-image size-et-pb-portfolio-image\" alt=\"\" \/>\n\t\t\t\t\t\t\t\t<span class=\"et_overlay\"><\/span>\n\t\t\t\t\t\t\t<\/span>\n\t\t\t\t\t\t<\/a>\n\t\t\t\t\t\t<p class=\"et_pb_gallery_caption\">AAH-20 \/ 25<\/p>\n\t\t\t\t\t<\/li><li class=\"et_gallery_item et_pb_gallery_image\">\n\t\t\t\t\t\t<a href=\"https:\/\/almer.sk\/wp-content\/uploads\/2023\/06\/AAH-3240-scaled-e1688655781501.jpg\" title=\"AAH-32 \/ 40\">\n\t\t\t\t\t\t\t<span class=\"et_portfolio_image\">\n\t\t\t\t\t\t\t\t<img loading=\"lazy\" decoding=\"async\" width=\"400\" height=\"284\" src=\"https:\/\/almer.sk\/wp-content\/uploads\/2023\/06\/AAH-3240-scaled-e1688655781501-400x284.jpg\" class=\"attachment-et-pb-portfolio-image size-et-pb-portfolio-image\" alt=\"\" \/>\n\t\t\t\t\t\t\t\t<span class=\"et_overlay\"><\/span>\n\t\t\t\t\t\t\t<\/span>\n\t\t\t\t\t\t<\/a>\n\t\t\t\t\t\t<p class=\"et_pb_gallery_caption\">AAH-32 \/ 40<\/p>\n\t\t\t\t\t<\/li>\n\t\t\t\t<\/ul>\n<p>[\/et_pb_tab][et_pb_tab title=&#8221;Rajzok&#8221; _builder_version=&#8221;4.21.0&#8243; global_colors_info=&#8221;{}&#8221;]<\/p>\n<h3>Az AAH m\u0171k\u00f6dtet\u0151k rajzai<\/h3>\n<ul class=\"et_post_gallery clearfix\">\n\t\t\t\t\t<li class=\"et_gallery_item et_pb_gallery_image\">\n\t\t\t\t\t\t<a href=\"https:\/\/almer.sk\/wp-content\/uploads\/2023\/06\/AAH-1417-vykres-scaled-e1687972288872.jpg\" title=\"AAH 14\">\n\t\t\t\t\t\t\t<span class=\"et_portfolio_image\">\n\t\t\t\t\t\t\t\t<img loading=\"lazy\" decoding=\"async\" width=\"400\" height=\"284\" src=\"https:\/\/almer.sk\/wp-content\/uploads\/2023\/06\/AAH-1417-vykres-scaled-e1687972288872-400x284.jpg\" class=\"attachment-et-pb-portfolio-image size-et-pb-portfolio-image\" alt=\"\" \/>\n\t\t\t\t\t\t\t\t<span class=\"et_overlay\"><\/span>\n\t\t\t\t\t\t\t<\/span>\n\t\t\t\t\t\t<\/a>\n\t\t\t\t\t\t<p class=\"et_pb_gallery_caption\">AAH 14<\/p>\n\t\t\t\t\t<\/li><li class=\"et_gallery_item et_pb_gallery_image\">\n\t\t\t\t\t\t<a href=\"https:\/\/almer.sk\/wp-content\/uploads\/2023\/06\/AAH-1417-vykres-1-scaled-e1687972413559.jpg\" title=\"AAH 17\">\n\t\t\t\t\t\t\t<span class=\"et_portfolio_image\">\n\t\t\t\t\t\t\t\t<img loading=\"lazy\" decoding=\"async\" width=\"400\" height=\"284\" src=\"https:\/\/almer.sk\/wp-content\/uploads\/2023\/06\/AAH-1417-vykres-1-scaled-e1687972413559-400x284.jpg\" class=\"attachment-et-pb-portfolio-image size-et-pb-portfolio-image\" alt=\"\" \/>\n\t\t\t\t\t\t\t\t<span class=\"et_overlay\"><\/span>\n\t\t\t\t\t\t\t<\/span>\n\t\t\t\t\t\t<\/a>\n\t\t\t\t\t\t<p class=\"et_pb_gallery_caption\">AAH 17<\/p>\n\t\t\t\t\t<\/li><li class=\"et_gallery_item et_pb_gallery_image\">\n\t\t\t\t\t\t<a href=\"https:\/\/almer.sk\/wp-content\/uploads\/2023\/06\/AAH-2025-vykres-scaled-e1687972225854.jpg\" title=\"AAH 20\">\n\t\t\t\t\t\t\t<span class=\"et_portfolio_image\">\n\t\t\t\t\t\t\t\t<img loading=\"lazy\" decoding=\"async\" width=\"400\" height=\"284\" src=\"https:\/\/almer.sk\/wp-content\/uploads\/2023\/06\/AAH-2025-vykres-scaled-e1687972225854-400x284.jpg\" class=\"attachment-et-pb-portfolio-image size-et-pb-portfolio-image\" alt=\"\" \/>\n\t\t\t\t\t\t\t\t<span class=\"et_overlay\"><\/span>\n\t\t\t\t\t\t\t<\/span>\n\t\t\t\t\t\t<\/a>\n\t\t\t\t\t\t<p class=\"et_pb_gallery_caption\">AAH 20<\/p>\n\t\t\t\t\t<\/li><li class=\"et_gallery_item et_pb_gallery_image\">\n\t\t\t\t\t\t<a href=\"https:\/\/almer.sk\/wp-content\/uploads\/2023\/06\/AAH-2025-vykres-1-scaled-e1687972361725.jpg\" title=\"AAH 25\">\n\t\t\t\t\t\t\t<span class=\"et_portfolio_image\">\n\t\t\t\t\t\t\t\t<img loading=\"lazy\" decoding=\"async\" width=\"400\" height=\"284\" src=\"https:\/\/almer.sk\/wp-content\/uploads\/2023\/06\/AAH-2025-vykres-1-scaled-e1687972361725-400x284.jpg\" class=\"attachment-et-pb-portfolio-image size-et-pb-portfolio-image\" alt=\"\" \/>\n\t\t\t\t\t\t\t\t<span class=\"et_overlay\"><\/span>\n\t\t\t\t\t\t\t<\/span>\n\t\t\t\t\t\t<\/a>\n\t\t\t\t\t\t<p class=\"et_pb_gallery_caption\">AAH 25<\/p>\n\t\t\t\t\t<\/li><li class=\"et_gallery_item et_pb_gallery_image\">\n\t\t\t\t\t\t<a href=\"https:\/\/almer.sk\/wp-content\/uploads\/2023\/06\/AAH-3240-vykres-scaled-e1687972256969.jpg\" title=\"AAH 32\">\n\t\t\t\t\t\t\t<span class=\"et_portfolio_image\">\n\t\t\t\t\t\t\t\t<img loading=\"lazy\" decoding=\"async\" width=\"400\" height=\"284\" src=\"https:\/\/almer.sk\/wp-content\/uploads\/2023\/06\/AAH-3240-vykres-scaled-e1687972256969-400x284.jpg\" class=\"attachment-et-pb-portfolio-image size-et-pb-portfolio-image\" alt=\"\" \/>\n\t\t\t\t\t\t\t\t<span class=\"et_overlay\"><\/span>\n\t\t\t\t\t\t\t<\/span>\n\t\t\t\t\t\t<\/a>\n\t\t\t\t\t\t<p class=\"et_pb_gallery_caption\">AAH 32<\/p>\n\t\t\t\t\t<\/li><li class=\"et_gallery_item et_pb_gallery_image\">\n\t\t\t\t\t\t<a href=\"https:\/\/almer.sk\/wp-content\/uploads\/2023\/06\/AAH-3240-vykres-1-scaled-e1687972386729.jpg\" title=\"AAH 40\">\n\t\t\t\t\t\t\t<span class=\"et_portfolio_image\">\n\t\t\t\t\t\t\t\t<img loading=\"lazy\" decoding=\"async\" width=\"400\" height=\"284\" src=\"https:\/\/almer.sk\/wp-content\/uploads\/2023\/06\/AAH-3240-vykres-1-scaled-e1687972386729-400x284.jpg\" class=\"attachment-et-pb-portfolio-image size-et-pb-portfolio-image\" alt=\"\" \/>\n\t\t\t\t\t\t\t\t<span class=\"et_overlay\"><\/span>\n\t\t\t\t\t\t\t<\/span>\n\t\t\t\t\t\t<\/a>\n\t\t\t\t\t\t<p class=\"et_pb_gallery_caption\">AAH 40<\/p>\n\t\t\t\t\t<\/li>\n\t\t\t\t<\/ul>\n<p>[\/et_pb_tab][et_pb_tab title=&#8221;3D&#8221; _builder_version=&#8221;4.21.0&#8243; global_colors_info=&#8221;{}&#8221;]<\/p>\n<h3>3D kimenethez k\u00e9rj\u00fck, l\u00e9pjen kapcsolatba vel\u00fcnk<\/h3>\n<h4>[et_pb_section global_module=\"1380\"][\/et_pb_section]<\/h4>\n<p>[\/et_pb_tab][et_pb_tab title=&#8221;Modell specifik\u00e1ci\u00f3&#8221; _builder_version=&#8221;4.21.0&#8243; global_colors_info=&#8221;{}&#8221;]<\/p>\n<h3>A modellek specifik\u00e1ci\u00f3ja<\/h3>\n<ul class=\"et_post_gallery clearfix\">\n\t\t\t\t\t<li class=\"et_gallery_item et_pb_gallery_image\">\n\t\t\t\t\t\t<a href=\"https:\/\/almer.sk\/wp-content\/uploads\/2023\/06\/Specifikacia-AAH-scaled.jpg\" title=\"S\u030cpecifika\u0301cia AAH\">\n\t\t\t\t\t\t\t<span class=\"et_portfolio_image\">\n\t\t\t\t\t\t\t\t<img loading=\"lazy\" decoding=\"async\" width=\"400\" height=\"284\" src=\"https:\/\/almer.sk\/wp-content\/uploads\/2023\/06\/Specifikacia-AAH-400x284.jpg\" class=\"attachment-et-pb-portfolio-image size-et-pb-portfolio-image\" alt=\"\" \/>\n\t\t\t\t\t\t\t\t<span class=\"et_overlay\"><\/span>\n\t\t\t\t\t\t\t<\/span>\n\t\t\t\t\t\t<\/a>\n\t\t\t\t\t\t<p class=\"et_pb_gallery_caption\">\u0160pecifik\u00e1cia AHH<\/p>\n\t\t\t\t\t<\/li><li class=\"et_gallery_item et_pb_gallery_image\">\n\t\t\t\t\t\t<a href=\"https:\/\/almer.sk\/wp-content\/uploads\/2023\/06\/Opcie-e1688655835124.jpg\" title=\"Opcie\">\n\t\t\t\t\t\t\t<span class=\"et_portfolio_image\">\n\t\t\t\t\t\t\t\t<img loading=\"lazy\" decoding=\"async\" width=\"400\" height=\"284\" src=\"https:\/\/almer.sk\/wp-content\/uploads\/2023\/06\/Opcie-e1688655835124-400x284.jpg\" class=\"attachment-et-pb-portfolio-image size-et-pb-portfolio-image\" alt=\"\" \/>\n\t\t\t\t\t\t\t\t<span class=\"et_overlay\"><\/span>\n\t\t\t\t\t\t\t<\/span>\n\t\t\t\t\t\t<\/a>\n\t\t\t\t\t\t<p class=\"et_pb_gallery_caption\">Opcie<\/p>\n\t\t\t\t\t<\/li>\n\t\t\t\t<\/ul>\n<p>[\/et_pb_tab][et_pb_tab title=&#8221;Term\u00e9k lek\u00e9rdez\u00e9se&#8221; _builder_version=&#8221;4.21.0&#8243; global_colors_info=&#8221;{}&#8221;]K\u00e9rj\u00fck, vegye fel a kapcsolatot m\u0171szaki \u00e9rt\u00e9kes\u00edt\u00e9si csapatunkkal, ha \u00e1rakat, adatlapokat, m\u0171szaki rajzokat (2D\/3D), hardver- \u00e9s szoftver k\u00e9zik\u00f6nyveket vagy b\u00e1rmilyen m\u00e1s m\u0171szaki inform\u00e1ci\u00f3t szeretne k\u00e9rni az \u00d6n alkalmaz\u00e1s\u00e1hoz&#8230;.<\/p>\n[et_pb_section global_module=\"1380\"][\/et_pb_section]\n<p>[\/et_pb_tab][\/et_pb_tabs][\/et_pb_column][\/et_pb_row][\/et_pb_section]<\/p>\n","protected":false},"excerpt":{"rendered":"<p>&gt; F\u0151oldal \/ Forg\u00f3hajt\u00e1sok\u00a0\/ AAHForg\u00f3 harmonikus m\u0171k\u00f6dtet\u0151kAAH sorozat\u2713 Nagy pontoss\u00e1g: az abszol\u00fat pozicion\u00e1l\u00e1si pontoss\u00e1g kevesebb, mint 10 \u00edvm\u00e1sodperc (0,0028 fok) lehet. \u2713 Nagy nyomat\u00e9k: kis m\u00e9ret, de nagy nyomat\u00e9k, a maxim\u00e1lis kimeneti nyomat\u00e9k el\u00e9rheti a 800 Nm-t \u2713 \u00dcreges tengely: nagy \u00e1tm\u00e9r\u0151j\u0171 bels\u0151 \u00e1tmen\u0151 lyuk, k\u00f6nny\u0171 a k\u00e1belek, l\u00e9gt\u00f6ml\u0151k, l\u00e9zersugarak stb. \u00e1tvezet\u00e9s\u00e9hez. \u2713 Hossz\u00fa \u00e9lettartam: [&hellip;]<\/p>\n","protected":false},"author":1,"featured_media":0,"parent":5633,"menu_order":0,"comment_status":"closed","ping_status":"closed","template":"","meta":{"_et_pb_use_builder":"on","_et_pb_old_content":"","_et_gb_content_width":"","footnotes":""},"class_list":["post-5869","page","type-page","status-publish","hentry"],"yoast_head":"<!-- This site is optimized with the Yoast SEO plugin v26.6 - https:\/\/yoast.com\/wordpress\/plugins\/seo\/ -->\n<title>AAH - Forg\u00f3hajt\u00e1sok - Almer.sk<\/title>\n<meta name=\"robots\" content=\"index, follow, max-snippet:-1, max-image-preview:large, max-video-preview:-1\" \/>\n<link rel=\"canonical\" href=\"https:\/\/almer.sk\/hu\/forgohajtasok\/aah-forgohajtasok\/\" \/>\n<meta property=\"og:locale\" content=\"hu_HU\" \/>\n<meta property=\"og:type\" content=\"article\" \/>\n<meta property=\"og:title\" content=\"AAH - Forg\u00f3hajt\u00e1sok - Almer.sk\" \/>\n<meta property=\"og:description\" content=\"&gt; F\u0151oldal \/ Forg\u00f3hajt\u00e1sok\u00a0\/ AAHForg\u00f3 harmonikus m\u0171k\u00f6dtet\u0151kAAH sorozat\u2713 Nagy pontoss\u00e1g: az abszol\u00fat pozicion\u00e1l\u00e1si pontoss\u00e1g kevesebb, mint 10 \u00edvm\u00e1sodperc (0,0028 fok) lehet. \u2713 Nagy nyomat\u00e9k: kis m\u00e9ret, de nagy nyomat\u00e9k, a maxim\u00e1lis kimeneti nyomat\u00e9k el\u00e9rheti a 800 Nm-t \u2713 \u00dcreges tengely: nagy \u00e1tm\u00e9r\u0151j\u0171 bels\u0151 \u00e1tmen\u0151 lyuk, k\u00f6nny\u0171 a k\u00e1belek, l\u00e9gt\u00f6ml\u0151k, l\u00e9zersugarak stb. \u00e1tvezet\u00e9s\u00e9hez. \u2713 Hossz\u00fa \u00e9lettartam: [&hellip;]\" \/>\n<meta property=\"og:url\" content=\"https:\/\/almer.sk\/hu\/forgohajtasok\/aah-forgohajtasok\/\" \/>\n<meta property=\"og:site_name\" content=\"Almer.sk\" \/>\n<meta property=\"article:modified_time\" content=\"2023-09-04T09:38:44+00:00\" \/>\n<meta name=\"twitter:card\" content=\"summary_large_image\" \/>\n<meta name=\"twitter:label1\" content=\"Becs\u00fclt olvas\u00e1si id\u0151\" \/>\n\t<meta name=\"twitter:data1\" content=\"4 perc\" \/>\n<script type=\"application\/ld+json\" class=\"yoast-schema-graph\">{\"@context\":\"https:\/\/schema.org\",\"@graph\":[{\"@type\":\"WebPage\",\"@id\":\"https:\/\/almer.sk\/hu\/forgohajtasok\/aah-forgohajtasok\/\",\"url\":\"https:\/\/almer.sk\/hu\/forgohajtasok\/aah-forgohajtasok\/\",\"name\":\"AAH - Forg\u00f3hajt\u00e1sok - Almer.sk\",\"isPartOf\":{\"@id\":\"https:\/\/almer.sk\/hu\/#website\"},\"datePublished\":\"2023-06-28T14:03:00+00:00\",\"dateModified\":\"2023-09-04T09:38:44+00:00\",\"breadcrumb\":{\"@id\":\"https:\/\/almer.sk\/hu\/forgohajtasok\/aah-forgohajtasok\/#breadcrumb\"},\"inLanguage\":\"hu\",\"potentialAction\":[{\"@type\":\"ReadAction\",\"target\":[\"https:\/\/almer.sk\/hu\/forgohajtasok\/aah-forgohajtasok\/\"]}]},{\"@type\":\"BreadcrumbList\",\"@id\":\"https:\/\/almer.sk\/hu\/forgohajtasok\/aah-forgohajtasok\/#breadcrumb\",\"itemListElement\":[{\"@type\":\"ListItem\",\"position\":1,\"name\":\"Home\",\"item\":\"https:\/\/almer.sk\/hu\/\"},{\"@type\":\"ListItem\",\"position\":2,\"name\":\"Forg\u00f3hajt\u00e1sok\",\"item\":\"https:\/\/almer.sk\/hu\/forgohajtasok\/\"},{\"@type\":\"ListItem\",\"position\":3,\"name\":\"AAH &#8211; Forg\u00f3hajt\u00e1sok\"}]},{\"@type\":\"WebSite\",\"@id\":\"https:\/\/almer.sk\/hu\/#website\",\"url\":\"https:\/\/almer.sk\/hu\/\",\"name\":\"Almer.sk\",\"description\":\"Technologick\u00fd l\u00edder v oblasti presn\u00fdch prevodoviek\",\"potentialAction\":[{\"@type\":\"SearchAction\",\"target\":{\"@type\":\"EntryPoint\",\"urlTemplate\":\"https:\/\/almer.sk\/hu\/?s={search_term_string}\"},\"query-input\":{\"@type\":\"PropertyValueSpecification\",\"valueRequired\":true,\"valueName\":\"search_term_string\"}}],\"inLanguage\":\"hu\"}]}<\/script>\n<!-- \/ Yoast SEO plugin. -->","yoast_head_json":{"title":"AAH - Forg\u00f3hajt\u00e1sok - Almer.sk","robots":{"index":"index","follow":"follow","max-snippet":"max-snippet:-1","max-image-preview":"max-image-preview:large","max-video-preview":"max-video-preview:-1"},"canonical":"https:\/\/almer.sk\/hu\/forgohajtasok\/aah-forgohajtasok\/","og_locale":"hu_HU","og_type":"article","og_title":"AAH - Forg\u00f3hajt\u00e1sok - Almer.sk","og_description":"&gt; F\u0151oldal \/ Forg\u00f3hajt\u00e1sok\u00a0\/ AAHForg\u00f3 harmonikus m\u0171k\u00f6dtet\u0151kAAH sorozat\u2713 Nagy pontoss\u00e1g: az abszol\u00fat pozicion\u00e1l\u00e1si pontoss\u00e1g kevesebb, mint 10 \u00edvm\u00e1sodperc (0,0028 fok) lehet. \u2713 Nagy nyomat\u00e9k: kis m\u00e9ret, de nagy nyomat\u00e9k, a maxim\u00e1lis kimeneti nyomat\u00e9k el\u00e9rheti a 800 Nm-t \u2713 \u00dcreges tengely: nagy \u00e1tm\u00e9r\u0151j\u0171 bels\u0151 \u00e1tmen\u0151 lyuk, k\u00f6nny\u0171 a k\u00e1belek, l\u00e9gt\u00f6ml\u0151k, l\u00e9zersugarak stb. \u00e1tvezet\u00e9s\u00e9hez. \u2713 Hossz\u00fa \u00e9lettartam: [&hellip;]","og_url":"https:\/\/almer.sk\/hu\/forgohajtasok\/aah-forgohajtasok\/","og_site_name":"Almer.sk","article_modified_time":"2023-09-04T09:38:44+00:00","twitter_card":"summary_large_image","twitter_misc":{"Becs\u00fclt olvas\u00e1si id\u0151":"4 perc"},"schema":{"@context":"https:\/\/schema.org","@graph":[{"@type":"WebPage","@id":"https:\/\/almer.sk\/hu\/forgohajtasok\/aah-forgohajtasok\/","url":"https:\/\/almer.sk\/hu\/forgohajtasok\/aah-forgohajtasok\/","name":"AAH - Forg\u00f3hajt\u00e1sok - Almer.sk","isPartOf":{"@id":"https:\/\/almer.sk\/hu\/#website"},"datePublished":"2023-06-28T14:03:00+00:00","dateModified":"2023-09-04T09:38:44+00:00","breadcrumb":{"@id":"https:\/\/almer.sk\/hu\/forgohajtasok\/aah-forgohajtasok\/#breadcrumb"},"inLanguage":"hu","potentialAction":[{"@type":"ReadAction","target":["https:\/\/almer.sk\/hu\/forgohajtasok\/aah-forgohajtasok\/"]}]},{"@type":"BreadcrumbList","@id":"https:\/\/almer.sk\/hu\/forgohajtasok\/aah-forgohajtasok\/#breadcrumb","itemListElement":[{"@type":"ListItem","position":1,"name":"Home","item":"https:\/\/almer.sk\/hu\/"},{"@type":"ListItem","position":2,"name":"Forg\u00f3hajt\u00e1sok","item":"https:\/\/almer.sk\/hu\/forgohajtasok\/"},{"@type":"ListItem","position":3,"name":"AAH &#8211; Forg\u00f3hajt\u00e1sok"}]},{"@type":"WebSite","@id":"https:\/\/almer.sk\/hu\/#website","url":"https:\/\/almer.sk\/hu\/","name":"Almer.sk","description":"Technologick\u00fd l\u00edder v oblasti presn\u00fdch prevodoviek","potentialAction":[{"@type":"SearchAction","target":{"@type":"EntryPoint","urlTemplate":"https:\/\/almer.sk\/hu\/?s={search_term_string}"},"query-input":{"@type":"PropertyValueSpecification","valueRequired":true,"valueName":"search_term_string"}}],"inLanguage":"hu"}]}},"_links":{"self":[{"href":"https:\/\/almer.sk\/hu\/wp-json\/wp\/v2\/pages\/5869","targetHints":{"allow":["GET"]}}],"collection":[{"href":"https:\/\/almer.sk\/hu\/wp-json\/wp\/v2\/pages"}],"about":[{"href":"https:\/\/almer.sk\/hu\/wp-json\/wp\/v2\/types\/page"}],"author":[{"embeddable":true,"href":"https:\/\/almer.sk\/hu\/wp-json\/wp\/v2\/users\/1"}],"replies":[{"embeddable":true,"href":"https:\/\/almer.sk\/hu\/wp-json\/wp\/v2\/comments?post=5869"}],"version-history":[{"count":2,"href":"https:\/\/almer.sk\/hu\/wp-json\/wp\/v2\/pages\/5869\/revisions"}],"predecessor-version":[{"id":6574,"href":"https:\/\/almer.sk\/hu\/wp-json\/wp\/v2\/pages\/5869\/revisions\/6574"}],"up":[{"embeddable":true,"href":"https:\/\/almer.sk\/hu\/wp-json\/wp\/v2\/pages\/5633"}],"wp:attachment":[{"href":"https:\/\/almer.sk\/hu\/wp-json\/wp\/v2\/media?parent=5869"}],"curies":[{"name":"wp","href":"https:\/\/api.w.org\/{rel}","templated":true}]}}