{"id":5832,"date":"2023-06-29T17:07:49","date_gmt":"2023-06-29T15:07:49","guid":{"rendered":"https:\/\/almer.sk\/forgohajtasok\/aat-forgohajtasok\/"},"modified":"2023-09-04T11:40:27","modified_gmt":"2023-09-04T09:40:27","slug":"aat-forgohajtasok","status":"publish","type":"page","link":"https:\/\/almer.sk\/hu\/forgohajtasok\/aat-forgohajtasok\/","title":{"rendered":"AAT &#8211; Forg\u00f3hajt\u00e1sok"},"content":{"rendered":"<p>[et_pb_section fb_built=&#8221;1&#8243; _builder_version=&#8221;4.21.0&#8243; _module_preset=&#8221;default&#8221; locked=&#8221;off&#8221; global_colors_info=&#8221;{}&#8221;][et_pb_row _builder_version=&#8221;4.21.0&#8243; _module_preset=&#8221;default&#8221; global_colors_info=&#8221;{}&#8221;][et_pb_column type=&#8221;4_4&#8243; _builder_version=&#8221;4.21.0&#8243; _module_preset=&#8221;default&#8221; global_colors_info=&#8221;{}&#8221;][et_pb_blurb content_max_width=&#8221;1100px&#8221; _builder_version=&#8221;4.22.1&#8243; _module_preset=&#8221;default&#8221; body_text_align=&#8221;left&#8221; hover_enabled=&#8221;0&#8243; global_colors_info=&#8221;{}&#8221; sticky_enabled=&#8221;0&#8243;]<\/p>\n<p><a class=\"bread\" href=\"https:\/\/almer.sk\/hu\/\">&gt; Home<\/a> \/ <a class=\"bread\" href=\"https:\/\/almer.sk\/hu\/forgohajtasok\/\">Forg\u00f3hajt\u00e1sok<\/a>\u00a0\/ AAT<\/p>\n<p>[\/et_pb_blurb][\/et_pb_column][\/et_pb_row][et_pb_row column_structure=&#8221;1_2,1_2&#8243; _builder_version=&#8221;4.21.0&#8243; _module_preset=&#8221;default&#8221; global_colors_info=&#8221;{}&#8221;][et_pb_column type=&#8221;1_2&#8243; _builder_version=&#8221;4.21.0&#8243; _module_preset=&#8221;default&#8221; global_colors_info=&#8221;{}&#8221;][et_pb_blurb image=&#8221;https:\/\/almer.sk\/wp-content\/uploads\/2023\/06\/actuator-KAT.gif&#8221; alt=&#8221;m\u0171k\u00f6dtet\u0151-KAT&#8221; disabled_on=&#8221;on|on|off&#8221; _builder_version=&#8221;4.21.0&#8243; _module_preset=&#8221;default&#8221; width=&#8221;60%&#8221; max_width=&#8221;100%&#8221; module_alignment=&#8221;center&#8221; custom_padding=&#8221;||||false|false&#8221; animation=&#8221;off&#8221; locked=&#8221;off&#8221; global_colors_info=&#8221;{}&#8221;][\/et_pb_blurb][\/et_pb_column][et_pb_column type=&#8221;1_2&#8243; _builder_version=&#8221;4.21.0&#8243; _module_preset=&#8221;default&#8221; global_colors_info=&#8221;{}&#8221;][et_pb_blurb content_max_width=&#8221;1100px&#8221; _builder_version=&#8221;4.21.0&#8243; _module_preset=&#8221;default&#8221; header_level=&#8221;h1&#8243; header_font=&#8221;|||on|||||&#8221; header_text_color=&#8221;#000000&#8243; body_font=&#8221;|||on|||||&#8221; body_text_align=&#8221;center&#8221; body_text_color=&#8221;#000000&#8243; body_line_height=&#8221;1.6em&#8221; global_colors_info=&#8221;{}&#8221;]<\/p>\n<h1 style=\"text-align: center;\"><span class=\"cierna\">Forg\u00f3 harmonikus m\u0171k\u00f6dtet\u0151k<\/span><\/h1>\n<p>[\/et_pb_blurb][et_pb_blurb content_max_width=&#8221;1100px&#8221; _builder_version=&#8221;4.21.0&#8243; _module_preset=&#8221;default&#8221; header_level=&#8221;h1&#8243; header_font=&#8221;|||on|||||&#8221; body_font=&#8221;||||||||&#8221; body_text_align=&#8221;center&#8221; body_line_height=&#8221;1.6em&#8221; custom_margin=&#8221;-30px||||false|false&#8221; global_colors_info=&#8221;{}&#8221;]<\/p>\n<h2 style=\"text-align: center;\"><span style=\"color: #ff0000;\">AAT<\/span> sorozat<\/h2>\n<p>[\/et_pb_blurb][et_pb_blurb image=&#8221;https:\/\/almer.sk\/wp-content\/uploads\/2023\/06\/actuator-KAT.gif&#8221; alt=&#8221;m\u0171k\u00f6dtet\u0151-KAT&#8221; disabled_on=&#8221;off|off|on&#8221; _builder_version=&#8221;4.21.0&#8243; _module_preset=&#8221;default&#8221; width=&#8221;60%&#8221; max_width=&#8221;100%&#8221; module_alignment=&#8221;center&#8221; custom_padding=&#8221;||||false|false&#8221; animation=&#8221;off&#8221; locked=&#8221;off&#8221; global_colors_info=&#8221;{}&#8221;][\/et_pb_blurb][\/et_pb_column][\/et_pb_row][et_pb_row _builder_version=&#8221;4.21.0&#8243; _module_preset=&#8221;default&#8221; global_colors_info=&#8221;{}&#8221;][et_pb_column type=&#8221;4_4&#8243; _builder_version=&#8221;4.21.0&#8243; _module_preset=&#8221;default&#8221; global_colors_info=&#8221;{}&#8221;][et_pb_tabs active_tab_background_color=&#8221;#000000&#8243; inactive_tab_background_color=&#8221;#ff0000&#8243; active_tab_text_color=&#8221;#ffffff&#8221; disabled_on=&#8221;on|off|off&#8221; module_id=&#8221;taby&#8221; _builder_version=&#8221;4.21.0&#8243; tab_text_color=&#8221;#ffffff&#8221; tab_font=&#8221;|300|||||||&#8221; tab_font_size=&#8221;16px&#8221; tab_line_height=&#8221;2.8em&#8221; border_width_all=&#8221;0px&#8221; border_color_all=&#8221;rgba(0,0,0,0)&#8221; global_colors_info=&#8221;{}&#8221;][et_pb_tab title=&#8221;Le\u00edr\u00e1s&#8221; _builder_version=&#8221;4.21.0&#8243; global_colors_info=&#8221;{}&#8221;]<\/p>\n<p>\u2713 Az AAT sorozat nagy nyomat\u00e9k\u00fa \u00e9s nagy pontoss\u00e1g\u00fa forg\u00f3vez\u00e9rl\u00e9st biztos\u00edt.<\/p>\n<p>\u2713 Megn\u00f6velt \u00fcreges tengely (bels\u0151 \u00e1tmen\u0151 lyuk) az AAH sorozathoz k\u00e9pest, k\u00e1belek, l\u00e9gt\u00f6ml\u0151k, l\u00e9zersugarak stb. \u00e1tvezet\u00e9s\u00e9re.<\/p>\n<p>\u2713 Nagy pontoss\u00e1g: kevesebb mint 30 \u00edvm\u00e1sodperc.<\/p>\n<p>\u2713 El\u00e9rhet\u0151 bemeneti fesz\u00fclts\u00e9gek: 48 V DC, 110 V AC, 220 V AC, 380 V\/480 V (opcion\u00e1lis)*<\/p>\n<p>\u2713 Rugalmas, megb\u00edzhat\u00f3, alacsony karbantart\u00e1si ig\u00e9ny\u0171 \u00e9s kompakt kialak\u00edt\u00e1s\u00fa<\/p>\n<p>\u2713 Alacsony fogaz\u00e1s, alacsony zajszint, nagy nyomat\u00e9ki s\u0171r\u0171s\u00e9g, pl. AAT-40 800 Nm-ig<\/p>\n<p>\u2713 Integr\u00e1lt kialak\u00edt\u00e1s: harmonikus er\u0151\u00e1tvitel, keret n\u00e9lk\u00fcli motor k\u00f3dol\u00f3val, elektrom\u00e1gneses f\u00e9kkel \u00e9s egy\u00e9b \u00e9rz\u00e9kel\u0151kkel egyben.<\/p>\n<p>\u2713 Magas fok\u00fa v\u00e9delem (sz\u00fcks\u00e9g eset\u00e9n ak\u00e1r IP67) extr\u00e9m munkak\u00f6rnyezetekhez<\/p>\n<p><span style=\"color: #ff0000;\"><strong>ALKALMAZ\u00c1SI TER\u00dcLET<\/strong><\/span><\/p>\n<table style=\"border-collapse: collapse; width: 100%; height: 70px;\" border=\"1\">\n<tbody>\n<tr style=\"height: 23px;\">\n<td style=\"width: 25%; height: 23px;\">Elektronikai \u00e9s f\u00e9lvezet\u0151 berendez\u00e9sek<\/td>\n<td style=\"width: 25%; height: 23px;\">Prec\u00edzi\u00f3s szersz\u00e1mg\u00e9pek<\/td>\n<td style=\"width: 25%; height: 23px;\">Automatiz\u00e1l\u00e1si rendszerek<\/td>\n<td style=\"width: 25%; height: 23px;\">Prec\u00edzi\u00f3s l\u00e9zeres gy\u00e1rt\u00f3berendez\u00e9sek<\/td>\n<\/tr>\n<tr style=\"height: 24px;\">\n<td style=\"width: 25%; height: 24px;\">Robotok \u00e9s speci\u00e1lis mechanikus karok<\/td>\n<td style=\"width: 25%; height: 24px;\">Orvosi k\u00e9sz\u00fcl\u00e9kek \u00e9s m\u0171szerek<\/td>\n<td style=\"width: 25%; height: 24px;\">\u00c9rz\u00e9kel\u0151 berendez\u00e9s<\/td>\n<td style=\"width: 25%; height: 24px;\">Prec\u00edzi\u00f3s m\u00e9r\u0151m\u0171szerek<\/td>\n<\/tr>\n<tr style=\"height: 23px;\">\n<td style=\"width: 25%; height: 23px;\">Permetez\u0151 berendez\u00e9s<\/td>\n<td style=\"width: 25%; height: 23px;\">\u00dcvegmegmunk\u00e1l\u00f3 berendez\u00e9sek<\/td>\n<td style=\"width: 25%; height: 23px;\">Nyomdaipari g\u00e9pek<\/td>\n<td style=\"width: 25%; height: 23px;\">\u00e9s m\u00e1s ter\u00fcletek<\/td>\n<\/tr>\n<\/tbody>\n<\/table>\n<p>[\/et_pb_tab][et_pb_tab title=&#8221;Param\u00e9terek&#8221; _builder_version=&#8221;4.21.0&#8243; global_colors_info=&#8221;{}&#8221;]<\/p>\n<h3>Az AAT m\u0171k\u00f6dtet\u0151k param\u00e9terei<\/h3>\n<ul class=\"et_post_gallery clearfix\">\n\t\t\t\t\t<li class=\"et_gallery_item et_pb_gallery_image\">\n\t\t\t\t\t\t<a href=\"https:\/\/almer.sk\/wp-content\/uploads\/2023\/06\/AAT-2540-scaled-e1688655568674.jpg\" title=\"AAT 25,40\">\n\t\t\t\t\t\t\t<span class=\"et_portfolio_image\">\n\t\t\t\t\t\t\t\t<img loading=\"lazy\" decoding=\"async\" width=\"400\" height=\"284\" src=\"https:\/\/almer.sk\/wp-content\/uploads\/2023\/06\/AAT-2540-scaled-e1688655568674-400x284.jpg\" class=\"attachment-et-pb-portfolio-image size-et-pb-portfolio-image\" alt=\"\" \/>\n\t\t\t\t\t\t\t\t<span class=\"et_overlay\"><\/span>\n\t\t\t\t\t\t\t<\/span>\n\t\t\t\t\t\t<\/a>\n\t\t\t\t\t\t<p class=\"et_pb_gallery_caption\">AAT 25,40<\/p>\n\t\t\t\t\t<\/li>\n\t\t\t\t<\/ul>\n<p>[\/et_pb_tab][et_pb_tab title=&#8221;Rajzok&#8221; _builder_version=&#8221;4.21.0&#8243; global_colors_info=&#8221;{}&#8221;]<\/p>\n<h3>Az AAT m\u0171k\u00f6dtet\u0151k rajzai<\/h3>\n<ul class=\"et_post_gallery clearfix\">\n\t\t\t\t\t<li class=\"et_gallery_item et_pb_gallery_image\">\n\t\t\t\t\t\t<a href=\"https:\/\/almer.sk\/wp-content\/uploads\/2023\/06\/AAT-25-vykres-scaled-e1688103777240.jpg\" title=\"AAT 25\">\n\t\t\t\t\t\t\t<span class=\"et_portfolio_image\">\n\t\t\t\t\t\t\t\t<img loading=\"lazy\" decoding=\"async\" width=\"400\" height=\"284\" src=\"https:\/\/almer.sk\/wp-content\/uploads\/2023\/06\/AAT-25-vykres-scaled-e1688103777240-400x284.jpg\" class=\"attachment-et-pb-portfolio-image size-et-pb-portfolio-image\" alt=\"\" \/>\n\t\t\t\t\t\t\t\t<span class=\"et_overlay\"><\/span>\n\t\t\t\t\t\t\t<\/span>\n\t\t\t\t\t\t<\/a>\n\t\t\t\t\t\t<p class=\"et_pb_gallery_caption\">AAT 25<\/p>\n\t\t\t\t\t<\/li><li class=\"et_gallery_item et_pb_gallery_image\">\n\t\t\t\t\t\t<a href=\"https:\/\/almer.sk\/wp-content\/uploads\/2023\/06\/AAT-40-vykres-scaled-e1688103802699.jpg\" title=\"AAT 40\">\n\t\t\t\t\t\t\t<span class=\"et_portfolio_image\">\n\t\t\t\t\t\t\t\t<img loading=\"lazy\" decoding=\"async\" width=\"400\" height=\"284\" src=\"https:\/\/almer.sk\/wp-content\/uploads\/2023\/06\/AAT-40-vykres-scaled-e1688103802699-400x284.jpg\" class=\"attachment-et-pb-portfolio-image size-et-pb-portfolio-image\" alt=\"\" \/>\n\t\t\t\t\t\t\t\t<span class=\"et_overlay\"><\/span>\n\t\t\t\t\t\t\t<\/span>\n\t\t\t\t\t\t<\/a>\n\t\t\t\t\t\t<p class=\"et_pb_gallery_caption\">AAT 40<\/p>\n\t\t\t\t\t<\/li>\n\t\t\t\t<\/ul>\n<p>[\/et_pb_tab][et_pb_tab title=&#8221;3D&#8221; _builder_version=&#8221;4.21.0&#8243; global_colors_info=&#8221;{}&#8221;]<\/p>\n<h3>3D kimenethez k\u00e9rj\u00fck, l\u00e9pjen kapcsolatba vel\u00fcnk<\/h3>\n<h4>[et_pb_section global_module=\"1380\"][\/et_pb_section]<\/h4>\n<p>[\/et_pb_tab][et_pb_tab title=&#8221;Modell specifik\u00e1ci\u00f3&#8221; _builder_version=&#8221;4.21.0&#8243; global_colors_info=&#8221;{}&#8221;]<\/p>\n<h3>A modellek specifik\u00e1ci\u00f3ja<\/h3>\n<ul class=\"et_post_gallery clearfix\">\n\t\t\t\t\t<li class=\"et_gallery_item et_pb_gallery_image\">\n\t\t\t\t\t\t<a href=\"https:\/\/almer.sk\/wp-content\/uploads\/2023\/06\/Specifikacia-AAT-scaled.jpg\" title=\"S\u030cpecifika\u0301cia AAT\">\n\t\t\t\t\t\t\t<span class=\"et_portfolio_image\">\n\t\t\t\t\t\t\t\t<img loading=\"lazy\" decoding=\"async\" width=\"400\" height=\"284\" src=\"https:\/\/almer.sk\/wp-content\/uploads\/2023\/06\/Specifikacia-AAT-400x284.jpg\" class=\"attachment-et-pb-portfolio-image size-et-pb-portfolio-image\" alt=\"\" \/>\n\t\t\t\t\t\t\t\t<span class=\"et_overlay\"><\/span>\n\t\t\t\t\t\t\t<\/span>\n\t\t\t\t\t\t<\/a>\n\t\t\t\t\t\t<p class=\"et_pb_gallery_caption\">S\u030cpecifika\u0301cia AAT<\/p>\n\t\t\t\t\t<\/li>\n\t\t\t\t<\/ul>\n<p>[\/et_pb_tab][et_pb_tab title=&#8221;Term\u00e9k lek\u00e9rdez\u00e9se&#8221; _builder_version=&#8221;4.21.0&#8243; global_colors_info=&#8221;{}&#8221;]K\u00e9rj\u00fck, vegye fel a kapcsolatot m\u0171szaki \u00e9rt\u00e9kes\u00edt\u00e9si csapatunkkal, ha \u00e1rakat, adatlapokat, m\u0171szaki rajzokat (2D\/3D), hardver- \u00e9s szoftver k\u00e9zik\u00f6nyveket vagy b\u00e1rmilyen m\u00e1s m\u0171szaki inform\u00e1ci\u00f3t szeretne k\u00e9rni az \u00d6n alkalmaz\u00e1s\u00e1hoz&#8230;.<\/p>\n[et_pb_section global_module=\"1380\"][\/et_pb_section]\n<p>[\/et_pb_tab][\/et_pb_tabs][et_pb_tabs active_tab_background_color=&#8221;#000000&#8243; inactive_tab_background_color=&#8221;#ff0000&#8243; active_tab_text_color=&#8221;#ffffff&#8221; disabled_on=&#8221;off|on|on&#8221; module_id=&#8221;taby&#8221; _builder_version=&#8221;4.21.0&#8243; tab_text_color=&#8221;#ffffff&#8221; tab_font=&#8221;|300|||||||&#8221; tab_font_size=&#8221;16px&#8221; tab_line_height=&#8221;2.8em&#8221; border_width_all=&#8221;0px&#8221; border_color_all=&#8221;rgba(0,0,0,0)&#8221; global_colors_info=&#8221;{}&#8221;][et_pb_tab title=&#8221;Le\u00edr\u00e1s&#8221; _builder_version=&#8221;4.21.0&#8243; global_colors_info=&#8221;{}&#8221;]<\/p>\n<p>\u2713 Az AAT sorozat nagy nyomat\u00e9k\u00fa \u00e9s nagy pontoss\u00e1g\u00fa forg\u00f3vez\u00e9rl\u00e9st biztos\u00edt.<\/p>\n<p>\u2713 Megn\u00f6velt \u00fcreges tengely (bels\u0151 \u00e1tmen\u0151 lyuk) az AAH sorozathoz k\u00e9pest, k\u00e1belek, l\u00e9gt\u00f6ml\u0151k, l\u00e9zersugarak stb. \u00e1tvezet\u00e9s\u00e9re.<\/p>\n<p>\u2713 Nagy pontoss\u00e1g: kevesebb mint 30 \u00edvm\u00e1sodperc.<\/p>\n<p>\u2713 El\u00e9rhet\u0151 bemeneti fesz\u00fclts\u00e9gek: 48 V DC, 110 V AC, 220 V AC, 380 V\/480 V (opcion\u00e1lis)*<\/p>\n<p>\u2713 Rugalmas, megb\u00edzhat\u00f3, alacsony karbantart\u00e1si ig\u00e9ny\u0171 \u00e9s kompakt kialak\u00edt\u00e1s\u00fa<\/p>\n<p>\u2713 Alacsony fogaz\u00e1s, alacsony zajszint, nagy nyomat\u00e9ki s\u0171r\u0171s\u00e9g, pl. AAT-40 800 Nm-ig<\/p>\n<p>\u2713 Integr\u00e1lt kialak\u00edt\u00e1s: harmonikus sebess\u00e9gv\u00e1lt\u00f3, keret n\u00e9lk\u00fcli motor k\u00f3dol\u00f3val, elektrom\u00e1gneses f\u00e9kkel \u00e9s egy\u00e9b \u00e9rz\u00e9kel\u0151kkel egyben.<\/p>\n<p>\u2713 Magas fok\u00fa v\u00e9delem (sz\u00fcks\u00e9g eset\u00e9n ak\u00e1r IP67) extr\u00e9m munkak\u00f6rnyezetekhez<\/p>\n<p><span style=\"color: #ff0000;\"><strong>ALKALMAZ\u00c1SI TER\u00dcLET<\/strong><\/span><\/p>\n<table style=\"border-collapse: collapse; width: 100%; height: 70px;\" border=\"1\">\n<tbody>\n<tr style=\"height: 23px;\">\n<td style=\"width: 25%; height: 23px;\">Elektronikai \u00e9s f\u00e9lvezet\u0151 berendez\u00e9sek<\/td>\n<td style=\"width: 25%; height: 23px;\">Prec\u00edzi\u00f3s szersz\u00e1mg\u00e9pek<\/td>\n<\/tr>\n<tr style=\"height: 24px;\">\n<td style=\"width: 25%; height: 24px;\">Robotok \u00e9s speci\u00e1lis mechanikus karok<\/td>\n<td style=\"width: 25%; height: 24px;\">Orvosi k\u00e9sz\u00fcl\u00e9kek \u00e9s m\u0171szerek<\/td>\n<\/tr>\n<tr style=\"height: 23px;\">\n<td style=\"width: 25%; height: 23px;\">Permetez\u0151 berendez\u00e9s<\/td>\n<td style=\"width: 25%; height: 23px;\">\u00dcvegmegmunk\u00e1l\u00f3 berendez\u00e9sek<\/td>\n<\/tr>\n<tr style=\"height: 23px;\">\n<td style=\"width: 25%; height: 23px;\">Automatiz\u00e1l\u00e1si rendszerek<\/td>\n<td style=\"width: 25%; height: 23px;\">Prec\u00edzi\u00f3s l\u00e9zeres gy\u00e1rt\u00f3berendez\u00e9sek<\/td>\n<\/tr>\n<tr style=\"height: 24px;\">\n<td style=\"width: 25%; height: 24px;\">\u00c9rz\u00e9kel\u0151 berendez\u00e9s<\/td>\n<td style=\"width: 25%; height: 24px;\">Prec\u00edzi\u00f3s m\u00e9r\u0151m\u0171szerek<\/td>\n<\/tr>\n<tr style=\"height: 23px;\">\n<td style=\"width: 25%; height: 23px;\">Nyomdaipari g\u00e9pek<\/td>\n<td style=\"width: 25%; height: 23px;\">\u00e9s m\u00e1s ter\u00fcletek<\/td>\n<\/tr>\n<\/tbody>\n<\/table>\n<p>[\/et_pb_tab][et_pb_tab title=&#8221;Param\u00e9terek&#8221; _builder_version=&#8221;4.21.0&#8243; global_colors_info=&#8221;{}&#8221;]<\/p>\n<h3>Az AAT m\u0171k\u00f6dtet\u0151k param\u00e9terei<\/h3>\n<ul class=\"et_post_gallery clearfix\">\n\t\t\t\t\t<li class=\"et_gallery_item et_pb_gallery_image\">\n\t\t\t\t\t\t<a href=\"https:\/\/almer.sk\/wp-content\/uploads\/2023\/06\/AAT-2540-scaled-e1688655568674.jpg\" title=\"AAT 25,40\">\n\t\t\t\t\t\t\t<span class=\"et_portfolio_image\">\n\t\t\t\t\t\t\t\t<img loading=\"lazy\" decoding=\"async\" width=\"400\" height=\"284\" src=\"https:\/\/almer.sk\/wp-content\/uploads\/2023\/06\/AAT-2540-scaled-e1688655568674-400x284.jpg\" class=\"attachment-et-pb-portfolio-image size-et-pb-portfolio-image\" alt=\"\" \/>\n\t\t\t\t\t\t\t\t<span class=\"et_overlay\"><\/span>\n\t\t\t\t\t\t\t<\/span>\n\t\t\t\t\t\t<\/a>\n\t\t\t\t\t\t<p class=\"et_pb_gallery_caption\">AAT 25,40<\/p>\n\t\t\t\t\t<\/li>\n\t\t\t\t<\/ul>\n<p>[\/et_pb_tab][et_pb_tab title=&#8221;Rajzok&#8221; _builder_version=&#8221;4.21.0&#8243; global_colors_info=&#8221;{}&#8221;]<\/p>\n<h3>Az AAT m\u0171k\u00f6dtet\u0151k rajzai<\/h3>\n<ul class=\"et_post_gallery clearfix\">\n\t\t\t\t\t<li class=\"et_gallery_item et_pb_gallery_image\">\n\t\t\t\t\t\t<a href=\"https:\/\/almer.sk\/wp-content\/uploads\/2023\/06\/AAT-25-vykres-scaled-e1688103777240.jpg\" title=\"AAT 25\">\n\t\t\t\t\t\t\t<span class=\"et_portfolio_image\">\n\t\t\t\t\t\t\t\t<img loading=\"lazy\" decoding=\"async\" width=\"400\" height=\"284\" src=\"https:\/\/almer.sk\/wp-content\/uploads\/2023\/06\/AAT-25-vykres-scaled-e1688103777240-400x284.jpg\" class=\"attachment-et-pb-portfolio-image size-et-pb-portfolio-image\" alt=\"\" \/>\n\t\t\t\t\t\t\t\t<span class=\"et_overlay\"><\/span>\n\t\t\t\t\t\t\t<\/span>\n\t\t\t\t\t\t<\/a>\n\t\t\t\t\t\t<p class=\"et_pb_gallery_caption\">AAT 25<\/p>\n\t\t\t\t\t<\/li><li class=\"et_gallery_item et_pb_gallery_image\">\n\t\t\t\t\t\t<a href=\"https:\/\/almer.sk\/wp-content\/uploads\/2023\/06\/AAT-40-vykres-scaled-e1688103802699.jpg\" title=\"AAT 40\">\n\t\t\t\t\t\t\t<span class=\"et_portfolio_image\">\n\t\t\t\t\t\t\t\t<img loading=\"lazy\" decoding=\"async\" width=\"400\" height=\"284\" src=\"https:\/\/almer.sk\/wp-content\/uploads\/2023\/06\/AAT-40-vykres-scaled-e1688103802699-400x284.jpg\" class=\"attachment-et-pb-portfolio-image size-et-pb-portfolio-image\" alt=\"\" \/>\n\t\t\t\t\t\t\t\t<span class=\"et_overlay\"><\/span>\n\t\t\t\t\t\t\t<\/span>\n\t\t\t\t\t\t<\/a>\n\t\t\t\t\t\t<p class=\"et_pb_gallery_caption\">AAT 40<\/p>\n\t\t\t\t\t<\/li>\n\t\t\t\t<\/ul>\n<p>[\/et_pb_tab][et_pb_tab title=&#8221;3D&#8221; _builder_version=&#8221;4.21.0&#8243; global_colors_info=&#8221;{}&#8221;]<\/p>\n<h3>3D kimenethez k\u00e9rj\u00fck, l\u00e9pjen kapcsolatba vel\u00fcnk<\/h3>\n<h4>[et_pb_section global_module=\"1380\"][\/et_pb_section]<\/h4>\n<p>[\/et_pb_tab][et_pb_tab title=&#8221;Modell specifik\u00e1ci\u00f3&#8221; _builder_version=&#8221;4.21.0&#8243; global_colors_info=&#8221;{}&#8221;]<\/p>\n<h3>A modellek specifik\u00e1ci\u00f3ja<\/h3>\n<ul class=\"et_post_gallery clearfix\">\n\t\t\t\t\t<li class=\"et_gallery_item et_pb_gallery_image\">\n\t\t\t\t\t\t<a href=\"https:\/\/almer.sk\/wp-content\/uploads\/2023\/06\/Specifikacia-AAT-scaled.jpg\" title=\"S\u030cpecifika\u0301cia AAT\">\n\t\t\t\t\t\t\t<span class=\"et_portfolio_image\">\n\t\t\t\t\t\t\t\t<img loading=\"lazy\" decoding=\"async\" width=\"400\" height=\"284\" src=\"https:\/\/almer.sk\/wp-content\/uploads\/2023\/06\/Specifikacia-AAT-400x284.jpg\" class=\"attachment-et-pb-portfolio-image size-et-pb-portfolio-image\" alt=\"\" \/>\n\t\t\t\t\t\t\t\t<span class=\"et_overlay\"><\/span>\n\t\t\t\t\t\t\t<\/span>\n\t\t\t\t\t\t<\/a>\n\t\t\t\t\t\t<p class=\"et_pb_gallery_caption\">S\u030cpecifika\u0301cia AAT<\/p>\n\t\t\t\t\t<\/li>\n\t\t\t\t<\/ul>\n<p>[\/et_pb_tab][et_pb_tab title=&#8221;Term\u00e9k lek\u00e9rdez\u00e9se&#8221; _builder_version=&#8221;4.21.0&#8243; global_colors_info=&#8221;{}&#8221;]K\u00e9rj\u00fck, vegye fel a kapcsolatot m\u0171szaki \u00e9rt\u00e9kes\u00edt\u00e9si csapatunkkal, ha \u00e1rakat, adatlapokat, m\u0171szaki rajzokat (2D\/3D), hardver- \u00e9s szoftver k\u00e9zik\u00f6nyveket vagy b\u00e1rmilyen m\u00e1s m\u0171szaki inform\u00e1ci\u00f3t szeretne k\u00e9rni az \u00d6n alkalmaz\u00e1s\u00e1hoz&#8230;.<\/p>\n[et_pb_section global_module=\"1380\"][\/et_pb_section]\n<p>[\/et_pb_tab][\/et_pb_tabs][\/et_pb_column][\/et_pb_row][\/et_pb_section]<\/p>\n","protected":false},"excerpt":{"rendered":"<p>&gt; Home \/ Forg\u00f3hajt\u00e1sok\u00a0\/ AATForg\u00f3 harmonikus m\u0171k\u00f6dtet\u0151kAAT sorozat\u2713 Az AAT sorozat nagy nyomat\u00e9k\u00fa \u00e9s nagy pontoss\u00e1g\u00fa forg\u00f3vez\u00e9rl\u00e9st biztos\u00edt. \u2713 Megn\u00f6velt \u00fcreges tengely (bels\u0151 \u00e1tmen\u0151 lyuk) az AAH sorozathoz k\u00e9pest, k\u00e1belek, l\u00e9gt\u00f6ml\u0151k, l\u00e9zersugarak stb. \u00e1tvezet\u00e9s\u00e9re. \u2713 Nagy pontoss\u00e1g: kevesebb mint 30 \u00edvm\u00e1sodperc. \u2713 El\u00e9rhet\u0151 bemeneti fesz\u00fclts\u00e9gek: 48 V DC, 110 V AC, 220 V AC, 380 [&hellip;]<\/p>\n","protected":false},"author":1,"featured_media":0,"parent":5633,"menu_order":0,"comment_status":"closed","ping_status":"closed","template":"","meta":{"_et_pb_use_builder":"on","_et_pb_old_content":"","_et_gb_content_width":"","footnotes":""},"class_list":["post-5832","page","type-page","status-publish","hentry"],"yoast_head":"<!-- This site is optimized with the Yoast SEO plugin v26.6 - https:\/\/yoast.com\/wordpress\/plugins\/seo\/ -->\n<title>AAT - Forg\u00f3hajt\u00e1sok - Almer.sk<\/title>\n<meta name=\"robots\" content=\"index, follow, max-snippet:-1, max-image-preview:large, max-video-preview:-1\" \/>\n<link rel=\"canonical\" href=\"https:\/\/almer.sk\/hu\/forgohajtasok\/aat-forgohajtasok\/\" \/>\n<meta property=\"og:locale\" content=\"hu_HU\" \/>\n<meta property=\"og:type\" content=\"article\" \/>\n<meta property=\"og:title\" content=\"AAT - Forg\u00f3hajt\u00e1sok - Almer.sk\" \/>\n<meta property=\"og:description\" content=\"&gt; Home \/ Forg\u00f3hajt\u00e1sok\u00a0\/ AATForg\u00f3 harmonikus m\u0171k\u00f6dtet\u0151kAAT sorozat\u2713 Az AAT sorozat nagy nyomat\u00e9k\u00fa \u00e9s nagy pontoss\u00e1g\u00fa forg\u00f3vez\u00e9rl\u00e9st biztos\u00edt. \u2713 Megn\u00f6velt \u00fcreges tengely (bels\u0151 \u00e1tmen\u0151 lyuk) az AAH sorozathoz k\u00e9pest, k\u00e1belek, l\u00e9gt\u00f6ml\u0151k, l\u00e9zersugarak stb. \u00e1tvezet\u00e9s\u00e9re. \u2713 Nagy pontoss\u00e1g: kevesebb mint 30 \u00edvm\u00e1sodperc. \u2713 El\u00e9rhet\u0151 bemeneti fesz\u00fclts\u00e9gek: 48 V DC, 110 V AC, 220 V AC, 380 [&hellip;]\" \/>\n<meta property=\"og:url\" content=\"https:\/\/almer.sk\/hu\/forgohajtasok\/aat-forgohajtasok\/\" \/>\n<meta property=\"og:site_name\" content=\"Almer.sk\" \/>\n<meta property=\"article:modified_time\" content=\"2023-09-04T09:40:27+00:00\" \/>\n<meta name=\"twitter:card\" content=\"summary_large_image\" \/>\n<meta name=\"twitter:label1\" content=\"Becs\u00fclt olvas\u00e1si id\u0151\" \/>\n\t<meta name=\"twitter:data1\" content=\"6 perc\" \/>\n<script type=\"application\/ld+json\" class=\"yoast-schema-graph\">{\"@context\":\"https:\/\/schema.org\",\"@graph\":[{\"@type\":\"WebPage\",\"@id\":\"https:\/\/almer.sk\/hu\/forgohajtasok\/aat-forgohajtasok\/\",\"url\":\"https:\/\/almer.sk\/hu\/forgohajtasok\/aat-forgohajtasok\/\",\"name\":\"AAT - Forg\u00f3hajt\u00e1sok - Almer.sk\",\"isPartOf\":{\"@id\":\"https:\/\/almer.sk\/hu\/#website\"},\"datePublished\":\"2023-06-29T15:07:49+00:00\",\"dateModified\":\"2023-09-04T09:40:27+00:00\",\"breadcrumb\":{\"@id\":\"https:\/\/almer.sk\/hu\/forgohajtasok\/aat-forgohajtasok\/#breadcrumb\"},\"inLanguage\":\"hu\",\"potentialAction\":[{\"@type\":\"ReadAction\",\"target\":[\"https:\/\/almer.sk\/hu\/forgohajtasok\/aat-forgohajtasok\/\"]}]},{\"@type\":\"BreadcrumbList\",\"@id\":\"https:\/\/almer.sk\/hu\/forgohajtasok\/aat-forgohajtasok\/#breadcrumb\",\"itemListElement\":[{\"@type\":\"ListItem\",\"position\":1,\"name\":\"Home\",\"item\":\"https:\/\/almer.sk\/hu\/\"},{\"@type\":\"ListItem\",\"position\":2,\"name\":\"Forg\u00f3hajt\u00e1sok\",\"item\":\"https:\/\/almer.sk\/hu\/forgohajtasok\/\"},{\"@type\":\"ListItem\",\"position\":3,\"name\":\"AAT &#8211; Forg\u00f3hajt\u00e1sok\"}]},{\"@type\":\"WebSite\",\"@id\":\"https:\/\/almer.sk\/hu\/#website\",\"url\":\"https:\/\/almer.sk\/hu\/\",\"name\":\"Almer.sk\",\"description\":\"Technologick\u00fd l\u00edder v oblasti presn\u00fdch prevodoviek\",\"potentialAction\":[{\"@type\":\"SearchAction\",\"target\":{\"@type\":\"EntryPoint\",\"urlTemplate\":\"https:\/\/almer.sk\/hu\/?s={search_term_string}\"},\"query-input\":{\"@type\":\"PropertyValueSpecification\",\"valueRequired\":true,\"valueName\":\"search_term_string\"}}],\"inLanguage\":\"hu\"}]}<\/script>\n<!-- \/ Yoast SEO plugin. -->","yoast_head_json":{"title":"AAT - Forg\u00f3hajt\u00e1sok - Almer.sk","robots":{"index":"index","follow":"follow","max-snippet":"max-snippet:-1","max-image-preview":"max-image-preview:large","max-video-preview":"max-video-preview:-1"},"canonical":"https:\/\/almer.sk\/hu\/forgohajtasok\/aat-forgohajtasok\/","og_locale":"hu_HU","og_type":"article","og_title":"AAT - Forg\u00f3hajt\u00e1sok - Almer.sk","og_description":"&gt; Home \/ Forg\u00f3hajt\u00e1sok\u00a0\/ AATForg\u00f3 harmonikus m\u0171k\u00f6dtet\u0151kAAT sorozat\u2713 Az AAT sorozat nagy nyomat\u00e9k\u00fa \u00e9s nagy pontoss\u00e1g\u00fa forg\u00f3vez\u00e9rl\u00e9st biztos\u00edt. \u2713 Megn\u00f6velt \u00fcreges tengely (bels\u0151 \u00e1tmen\u0151 lyuk) az AAH sorozathoz k\u00e9pest, k\u00e1belek, l\u00e9gt\u00f6ml\u0151k, l\u00e9zersugarak stb. \u00e1tvezet\u00e9s\u00e9re. \u2713 Nagy pontoss\u00e1g: kevesebb mint 30 \u00edvm\u00e1sodperc. \u2713 El\u00e9rhet\u0151 bemeneti fesz\u00fclts\u00e9gek: 48 V DC, 110 V AC, 220 V AC, 380 [&hellip;]","og_url":"https:\/\/almer.sk\/hu\/forgohajtasok\/aat-forgohajtasok\/","og_site_name":"Almer.sk","article_modified_time":"2023-09-04T09:40:27+00:00","twitter_card":"summary_large_image","twitter_misc":{"Becs\u00fclt olvas\u00e1si id\u0151":"6 perc"},"schema":{"@context":"https:\/\/schema.org","@graph":[{"@type":"WebPage","@id":"https:\/\/almer.sk\/hu\/forgohajtasok\/aat-forgohajtasok\/","url":"https:\/\/almer.sk\/hu\/forgohajtasok\/aat-forgohajtasok\/","name":"AAT - Forg\u00f3hajt\u00e1sok - Almer.sk","isPartOf":{"@id":"https:\/\/almer.sk\/hu\/#website"},"datePublished":"2023-06-29T15:07:49+00:00","dateModified":"2023-09-04T09:40:27+00:00","breadcrumb":{"@id":"https:\/\/almer.sk\/hu\/forgohajtasok\/aat-forgohajtasok\/#breadcrumb"},"inLanguage":"hu","potentialAction":[{"@type":"ReadAction","target":["https:\/\/almer.sk\/hu\/forgohajtasok\/aat-forgohajtasok\/"]}]},{"@type":"BreadcrumbList","@id":"https:\/\/almer.sk\/hu\/forgohajtasok\/aat-forgohajtasok\/#breadcrumb","itemListElement":[{"@type":"ListItem","position":1,"name":"Home","item":"https:\/\/almer.sk\/hu\/"},{"@type":"ListItem","position":2,"name":"Forg\u00f3hajt\u00e1sok","item":"https:\/\/almer.sk\/hu\/forgohajtasok\/"},{"@type":"ListItem","position":3,"name":"AAT &#8211; Forg\u00f3hajt\u00e1sok"}]},{"@type":"WebSite","@id":"https:\/\/almer.sk\/hu\/#website","url":"https:\/\/almer.sk\/hu\/","name":"Almer.sk","description":"Technologick\u00fd l\u00edder v oblasti presn\u00fdch prevodoviek","potentialAction":[{"@type":"SearchAction","target":{"@type":"EntryPoint","urlTemplate":"https:\/\/almer.sk\/hu\/?s={search_term_string}"},"query-input":{"@type":"PropertyValueSpecification","valueRequired":true,"valueName":"search_term_string"}}],"inLanguage":"hu"}]}},"_links":{"self":[{"href":"https:\/\/almer.sk\/hu\/wp-json\/wp\/v2\/pages\/5832","targetHints":{"allow":["GET"]}}],"collection":[{"href":"https:\/\/almer.sk\/hu\/wp-json\/wp\/v2\/pages"}],"about":[{"href":"https:\/\/almer.sk\/hu\/wp-json\/wp\/v2\/types\/page"}],"author":[{"embeddable":true,"href":"https:\/\/almer.sk\/hu\/wp-json\/wp\/v2\/users\/1"}],"replies":[{"embeddable":true,"href":"https:\/\/almer.sk\/hu\/wp-json\/wp\/v2\/comments?post=5832"}],"version-history":[{"count":6,"href":"https:\/\/almer.sk\/hu\/wp-json\/wp\/v2\/pages\/5832\/revisions"}],"predecessor-version":[{"id":6576,"href":"https:\/\/almer.sk\/hu\/wp-json\/wp\/v2\/pages\/5832\/revisions\/6576"}],"up":[{"embeddable":true,"href":"https:\/\/almer.sk\/hu\/wp-json\/wp\/v2\/pages\/5633"}],"wp:attachment":[{"href":"https:\/\/almer.sk\/hu\/wp-json\/wp\/v2\/media?parent=5832"}],"curies":[{"name":"wp","href":"https:\/\/api.w.org\/{rel}","templated":true}]}}