{"id":5794,"date":"2023-07-11T15:13:08","date_gmt":"2023-07-11T13:13:08","guid":{"rendered":"https:\/\/almer.sk\/harmonikus-sebessegvaltok\/lhsg-harmonikus-sebessegvaltok\/"},"modified":"2023-07-28T11:26:20","modified_gmt":"2023-07-28T09:26:20","slug":"lhsg-harmonikus-sebessegvaltok","status":"publish","type":"page","link":"https:\/\/almer.sk\/hu\/harmonikus-sebessegvaltok\/lhsg-harmonikus-sebessegvaltok\/","title":{"rendered":"LHS(G) &#8211; Harmonikus sebess\u00e9gv\u00e1lt\u00f3k"},"content":{"rendered":"<p>[et_pb_section fb_built=&#8221;1&#8243; _builder_version=&#8221;4.21.0&#8243; _module_preset=&#8221;default&#8221; locked=&#8221;off&#8221; global_colors_info=&#8221;{}&#8221;][et_pb_row _builder_version=&#8221;4.21.0&#8243; _module_preset=&#8221;default&#8221; global_colors_info=&#8221;{}&#8221;][et_pb_column type=&#8221;4_4&#8243; _builder_version=&#8221;4.21.0&#8243; _module_preset=&#8221;default&#8221; global_colors_info=&#8221;{}&#8221;][et_pb_blurb content_max_width=&#8221;1100px&#8221; _builder_version=&#8221;4.21.0&#8243; _module_preset=&#8221;default&#8221; body_text_align=&#8221;left&#8221; global_colors_info=&#8221;{}&#8221;]<\/p>\n<p> <a class=\"bread\" href=\"https:\/\/almer.sk\/hu\/\">&gt; itthon<\/a> \/ <a class=\"bread\" href=\"https:\/\/almer.sk\/hu\/sebessegvaltok\/\">Sebess\u00e9gv\u00e1lt\u00f3k<\/a> \/ <a class=\"bread\" href=\"https:\/\/almer.sk\/hu\/harmonikus-sebessegvaltok\/\">Harmonikus<\/a> \/ LHS<\/p>\n<p>[\/et_pb_blurb][\/et_pb_column][\/et_pb_row][et_pb_row _builder_version=&#8221;4.21.0&#8243; _module_preset=&#8221;default&#8221; min_height=&#8221;56px&#8221; global_colors_info=&#8221;{}&#8221;][et_pb_column type=&#8221;4_4&#8243; _builder_version=&#8221;4.21.0&#8243; _module_preset=&#8221;default&#8221; global_colors_info=&#8221;{}&#8221;][et_pb_blurb _builder_version=&#8221;4.21.0&#8243; _module_preset=&#8221;default&#8221; header_font=&#8221;|||on|||||&#8221; global_colors_info=&#8221;{}&#8221;]<\/p>\n<h1 style=\"text-align: center;\"><span class=\"cierna\">LHS(G)<\/span> &#8211; Harmonikus sebess\u00e9gv\u00e1lt\u00f3k<\/h1>\n<h2 style=\"text-align: center;\">Flexspline &#8211; \u00fcreges karim\u00e1s hengeres alakzat<\/h2>\n<p>[\/et_pb_blurb][et_pb_blurb disabled_on=&#8221;off|on|on&#8221; _builder_version=&#8221;4.21.0&#8243; _module_preset=&#8221;default&#8221; custom_margin=&#8221;||||false|false&#8221; global_colors_info=&#8221;{}&#8221;]<\/p>\n<h4><strong><span style=\"color: #ff0000;\">A param\u00e9terek \u00e1ttekint\u00e9se<\/span><\/strong><\/h4>\n<p><strong>\u00e1tt\u00e9tel: <\/strong>30, 50, 80, 100, 120 \u00e9s 160*: 1<br \/><strong>kimeneti nyomat\u00e9kok<\/strong>: 2,4 \u00e9s 708 Nm k\u00f6z\u00f6tt<br \/><strong>hajt\u00f3m\u0171t\u00e1vols\u00e1g<\/strong>: \u2264 10 \u00edvm\u00e1sodperc \/ \u2264 20 \u00edvm\u00e1sodperc<br \/><strong>max. bemeneti sebess\u00e9g<\/strong>: 3000 \u00e9s 8500 fordulat\/perc k\u00f6z\u00f6tt<br \/><strong>M\u00e9ret: LHS<\/strong><br \/>11\/14\/17\/20\/25\/32\/40\/50*\/58*<\/p>\n<p><span style=\"color: #ff0000;\">LHSG sorozat<\/span> &#8211; Nagy nyomat\u00e9k\u00fa modell<br \/><span style=\"color: #ff0000;\">LHS-P sorozat<\/span> &#8211; alkatr\u00e9szk\u00e9szlet modell<\/p>\n<p>[\/et_pb_blurb][\/et_pb_column][\/et_pb_row][\/et_pb_section][et_pb_section fb_built=&#8221;1&#8243; specialty=&#8221;on&#8221; _builder_version=&#8221;4.21.0&#8243; _module_preset=&#8221;default&#8221; custom_margin=&#8221;-25px||||false|false&#8221; custom_padding=&#8221;0px||0px|||&#8221; global_colors_info=&#8221;{}&#8221;][et_pb_column type=&#8221;1_2&#8243; specialty_columns=&#8221;2&#8243; _builder_version=&#8221;4.16&#8243; custom_padding=&#8221;|||&#8221; global_colors_info=&#8221;{}&#8221; custom_padding__hover=&#8221;|||&#8221;][et_pb_row_inner _builder_version=&#8221;4.21.0&#8243; _module_preset=&#8221;default&#8221; global_colors_info=&#8221;{}&#8221;][et_pb_column_inner saved_specialty_column_type=&#8221;1_2&#8243; _builder_version=&#8221;4.21.0&#8243; _module_preset=&#8221;default&#8221; global_colors_info=&#8221;{}&#8221;][et_pb_blurb _builder_version=&#8221;4.21.0&#8243; _module_preset=&#8221;default&#8221; global_colors_info=&#8221;{}&#8221;]<\/p>\n<h3 style=\"text-align: center;\"><a href=\"https:\/\/almer.sk\/hu\/harmonikus-sebessegvaltok\/lhsg-c-p-i-harmonikus-sebessegvaltok\/\"><span style=\"color: #ff0000;\">LHS -I \/ LHSG -I \/ LHS-P-I<\/span><\/a><\/h3>\n<p style=\"text-align: center;\">a bemeneti tengely k\u00f6zvetlen csatlakoztat\u00e1sa nyelvvel \u00e9s horonnyal<\/p>\n<p>[\/et_pb_blurb][\/et_pb_column_inner][\/et_pb_row_inner][et_pb_row_inner column_structure=&#8221;1_2,1_2&#8243; _builder_version=&#8221;4.21.0&#8243; _module_preset=&#8221;default&#8221; global_colors_info=&#8221;{}&#8221;][et_pb_column_inner type=&#8221;1_2&#8243; saved_specialty_column_type=&#8221;1_2&#8243; _builder_version=&#8221;4.21.0&#8243; _module_preset=&#8221;default&#8221; global_colors_info=&#8221;{}&#8221;][et_pb_blurb title=&#8221;Teljes sebess\u00e9gv\u00e1lt\u00f3&#8221; url=&#8221;https:\/\/almer.sk\/hu\/harmonikus-sebessegvaltok\/lhsg-c-p-i-harmonikus-sebessegvaltok\/&#8221; image=&#8221;https:\/\/almer.sk\/wp-content\/uploads\/2023\/07\/Kompletna-prevodovka-e1689100522229.png&#8221; alt=&#8221;Teljes sebess\u00e9gv\u00e1lt\u00f3&#8221; image_icon_width=&#8221;80%&#8221; icon_alignment=&#8221;right&#8221; image_icon_width_tablet=&#8221;80%&#8221; image_icon_width_phone=&#8221;60%&#8221; image_icon_width_last_edited=&#8221;on|phone&#8221; icon_alignment_tablet=&#8221;right&#8221; icon_alignment_phone=&#8221;center&#8221; icon_alignment_last_edited=&#8221;on|phone&#8221; _builder_version=&#8221;4.21.0&#8243; _module_preset=&#8221;default&#8221; header_text_align=&#8221;right&#8221; header_text_color=&#8221;#FF0000&#8243; custom_margin=&#8221;|-35px||15px|false|false&#8221; custom_margin_tablet=&#8221;|-25px|||false|false&#8221; custom_margin_phone=&#8221;|0px|||false|false&#8221; custom_margin_last_edited=&#8221;on|phone&#8221; animation=&#8221;off&#8221; link_option_url=&#8221;https:\/\/almer.sk\/hu\/harmonikus-sebessegvaltok\/lhsg-c-p-i-harmonikus-sebessegvaltok\/&#8221; header_text_align_tablet=&#8221;right&#8221; header_text_align_phone=&#8221;center&#8221; header_text_align_last_edited=&#8221;on|phone&#8221; global_colors_info=&#8221;{}&#8221;][\/et_pb_blurb][\/et_pb_column_inner][et_pb_column_inner type=&#8221;1_2&#8243; saved_specialty_column_type=&#8221;1_2&#8243; _builder_version=&#8221;4.21.0&#8243; _module_preset=&#8221;default&#8221; global_colors_info=&#8221;{}&#8221;][et_pb_blurb title=&#8221;Komponensk\u00e9szlet&#8221; url=&#8221;https:\/\/almer.sk\/hu\/harmonikus-sebessegvaltok\/lhsg-c-p-i-harmonikus-sebessegvaltok\/&#8221; image=&#8221;https:\/\/almer.sk\/wp-content\/uploads\/2023\/07\/Komponent-set-e1689092574690.png&#8221; alt=&#8221;Komponensk\u00e9szlet&#8221; image_icon_width=&#8221;80%&#8221; image_icon_width_tablet=&#8221;80%&#8221; image_icon_width_phone=&#8221;60%&#8221; image_icon_width_last_edited=&#8221;on|phone&#8221; _builder_version=&#8221;4.21.0&#8243; _module_preset=&#8221;default&#8221; header_text_align=&#8221;center&#8221; header_text_color=&#8221;#FF0000&#8243; custom_margin=&#8221;|15px||-35px|false|false&#8221; custom_margin_tablet=&#8221;|||-25px|false|false&#8221; custom_margin_phone=&#8221;|||0px|false|false&#8221; custom_margin_last_edited=&#8221;on|phone&#8221; animation=&#8221;off&#8221; link_option_url=&#8221;https:\/\/almer.sk\/hu\/harmonikus-sebessegvaltok\/lhsg-c-p-i-harmonikus-sebessegvaltok\/&#8221; global_colors_info=&#8221;{}&#8221;][\/et_pb_blurb][\/et_pb_column_inner][\/et_pb_row_inner][\/et_pb_column][et_pb_column type=&#8221;1_4&#8243; _builder_version=&#8221;4.16&#8243; custom_padding=&#8221;|||&#8221; global_colors_info=&#8221;{}&#8221; custom_padding__hover=&#8221;|||&#8221;][et_pb_blurb _builder_version=&#8221;4.21.0&#8243; _module_preset=&#8221;default&#8221; global_colors_info=&#8221;{}&#8221;]<\/p>\n<h3 style=\"text-align: center;\"><a href=\"https:\/\/almer.sk\/hu\/harmonikus-sebessegvaltok\/lhsg-harmonikus-sebessegvaltok\/lhsg-c-p-ii-harmonikus-sebessegvaltok\/\"><span style=\"color: #ff0000;\">LHS -II \/ LHSG -II<\/span><\/a><\/h3>\n<p style=\"text-align: center;\">keresztir\u00e1ny\u00fa cs\u00fasz\u00f3csatlakoz\u00e1ssal t\u00f6rt\u00e9n\u0151 csatlakoz\u00e1s<\/p>\n<p>[\/et_pb_blurb][et_pb_blurb url=&#8221;https:\/\/almer.sk\/hu\/harmonikus-sebessegvaltok\/lhsg-harmonikus-sebessegvaltok\/lhsg-c-p-ii-harmonikus-sebessegvaltok\/&#8221; image=&#8221;https:\/\/almer.sk\/wp-content\/uploads\/2023\/07\/LHS-II-LHSG-II-1-e1689103654147.png&#8221; alt=&#8221;LHS -II : LHSG -II&#8221; image_icon_width=&#8221;84%&#8221; image_icon_width_tablet=&#8221;84%&#8221; image_icon_width_phone=&#8221;60%&#8221; image_icon_width_last_edited=&#8221;on|phone&#8221; _builder_version=&#8221;4.21.0&#8243; _module_preset=&#8221;default&#8221; header_text_align=&#8221;center&#8221; header_text_color=&#8221;#FF0000&#8243; custom_margin=&#8221;||||false|false&#8221; custom_padding=&#8221;3px||||false|false&#8221; animation=&#8221;off&#8221; link_option_url=&#8221;https:\/\/almer.sk\/hu\/harmonikus-sebessegvaltok\/lhsg-harmonikus-sebessegvaltok\/lhsg-c-p-ii-harmonikus-sebessegvaltok\/&#8221; global_colors_info=&#8221;{}&#8221;][\/et_pb_blurb][\/et_pb_column][et_pb_column type=&#8221;1_4&#8243; _builder_version=&#8221;4.16&#8243; custom_padding=&#8221;|||&#8221; global_colors_info=&#8221;{}&#8221; custom_padding__hover=&#8221;|||&#8221;][et_pb_blurb disabled_on=&#8221;on|off|off&#8221; _builder_version=&#8221;4.21.0&#8243; _module_preset=&#8221;default&#8221; custom_margin=&#8221;||||false|false&#8221; global_colors_info=&#8221;{}&#8221;]<\/p>\n<h4><strong><span style=\"color: #ff0000;\">A param\u00e9terek \u00e1ttekint\u00e9se<\/span><\/strong><\/h4>\n<p><strong>\u00e1tt\u00e9tel: <\/strong>30, 50, 80, 100, 120 \u00e9s 160*: 1<br \/><strong>kimeneti nyomat\u00e9kok<\/strong>: 2,4 \u00e9s 708 Nm k\u00f6z\u00f6tt<br \/><strong>hajt\u00f3m\u0171t\u00e1vols\u00e1g<\/strong>: \u2264 10 \u00edvm\u00e1sodperc \/ \u2264 20 \u00edvm\u00e1sodperc<br \/><strong>max. bemeneti sebess\u00e9g<\/strong>: 3000 \u00e9s 8500 fordulat\/perc k\u00f6z\u00f6tt<br \/><strong>M\u00e9ret: LHS<\/strong><br \/>11\/14\/17\/20\/25\/32\/40\/50*\/58*<\/p>\n<p><span style=\"color: #ff0000;\">LHSG sorozat<\/span> &#8211; Nagy nyomat\u00e9k\u00fa modell<br \/><span style=\"color: #ff0000;\">LHS-P sorozat<\/span> &#8211; alkatr\u00e9szk\u00e9szlet modell<\/p>\n<p>[\/et_pb_blurb][\/et_pb_column][\/et_pb_section][et_pb_section fb_built=&#8221;1&#8243; _builder_version=&#8221;4.21.0&#8243; _module_preset=&#8221;default&#8221; custom_padding=&#8221;17px||0px|||&#8221; global_colors_info=&#8221;{}&#8221;][et_pb_row column_structure=&#8221;1_3,1_3,1_3&#8243; _builder_version=&#8221;4.21.0&#8243; _module_preset=&#8221;default&#8221; custom_padding=&#8221;||0px|||&#8221; global_colors_info=&#8221;{}&#8221;][et_pb_column type=&#8221;1_3&#8243; _builder_version=&#8221;4.21.0&#8243; _module_preset=&#8221;default&#8221; global_colors_info=&#8221;{}&#8221;][et_pb_blurb _builder_version=&#8221;4.21.0&#8243; _module_preset=&#8221;default&#8221; global_colors_info=&#8221;{}&#8221;]<\/p>\n<h3 style=\"text-align: center;\"><a href=\"https:\/\/almer.sk\/hu\/harmonikus-sebessegvaltok\/lhsg-harmonikus-sebessegvaltok\/lhsg-c-iii-harmonikus-sebessegvaltok\/\"><span style=\"color: #ff0000;\">LHS -III \/ LHSG -III<\/span><\/a><\/h3>\n<p style=\"text-align: center;\">nagy \u00e1tm\u00e9r\u0151j\u0171 \u00fcreges tengely<\/p>\n<p>[\/et_pb_blurb][et_pb_blurb url=&#8221;https:\/\/almer.sk\/harmonicke-prevodovky\/lhs-g\/lhsg-c-iii\/&#8221; image=&#8221;https:\/\/almer.sk\/wp-content\/uploads\/2023\/07\/LHS-III-LHSG-III.png&#8221; alt=&#8221;LHS -III : LHSG -III&#8221; _builder_version=&#8221;4.21.0&#8243; _module_preset=&#8221;default&#8221; header_text_align=&#8221;center&#8221; header_text_color=&#8221;#FF0000&#8243; animation=&#8221;off&#8221; link_option_url=&#8221;https:\/\/almer.sk\/harmonicke-prevodovky\/lhs-g\/lhsg-c-iii\/&#8221; global_colors_info=&#8221;{}&#8221;][\/et_pb_blurb][\/et_pb_column][et_pb_column type=&#8221;1_3&#8243; _builder_version=&#8221;4.21.0&#8243; _module_preset=&#8221;default&#8221; global_colors_info=&#8221;{}&#8221;][et_pb_blurb url=&#8221;https:\/\/almer.sk\/harmonicke-prevodovky\/lhs-g\/lhsg-c-iv\/&#8221; _builder_version=&#8221;4.21.0&#8243; _module_preset=&#8221;default&#8221; link_option_url=&#8221;https:\/\/almer.sk\/harmonicke-prevodovky\/lhs-g\/lhsg-c-iv\/&#8221; global_colors_info=&#8221;{}&#8221;]<\/p>\n<h3 style=\"text-align: center;\"><a href=\"https:\/\/almer.sk\/hu\/harmonikus-sebessegvaltok\/lhsg-harmonikus-sebessegvaltok\/lhsg-c-iv-harmonikus-sebessegvaltok\/\"><span style=\"color: #ff0000;\">LHS -IV \/ LHSG -IV<\/span><\/a><\/h3>\n<p style=\"text-align: center;\">A reduktornak van egy tengelye, amely a bemenetn\u00e9l csap\u00e1gyazott.<\/p>\n<p>[\/et_pb_blurb][et_pb_blurb image=&#8221;https:\/\/almer.sk\/wp-content\/uploads\/2023\/07\/LHS-IV-LHSG-IV.png&#8221; alt=&#8221;LHS -IV : LHSG -IV&#8221; image_icon_width=&#8221;93%&#8221; _builder_version=&#8221;4.21.0&#8243; _module_preset=&#8221;default&#8221; header_text_align=&#8221;center&#8221; header_text_color=&#8221;#FF0000&#8243; animation=&#8221;off&#8221; global_colors_info=&#8221;{}&#8221;][\/et_pb_blurb][\/et_pb_column][et_pb_column type=&#8221;1_3&#8243; _builder_version=&#8221;4.21.0&#8243; _module_preset=&#8221;default&#8221; global_colors_info=&#8221;{}&#8221;][\/et_pb_column][\/et_pb_row][\/et_pb_section][et_pb_section fb_built=&#8221;1&#8243; _builder_version=&#8221;4.21.0&#8243; _module_preset=&#8221;default&#8221; custom_margin=&#8221;-20px||0px||false|false&#8221; custom_padding=&#8221;0px||0px||false|false&#8221; global_colors_info=&#8221;{}&#8221;][et_pb_row _builder_version=&#8221;4.21.0&#8243; _module_preset=&#8221;default&#8221; global_colors_info=&#8221;{}&#8221;][et_pb_column type=&#8221;4_4&#8243; _builder_version=&#8221;4.21.0&#8243; _module_preset=&#8221;default&#8221; global_colors_info=&#8221;{}&#8221;][et_pb_blurb content_max_width=&#8221;1100px&#8221; _builder_version=&#8221;4.21.0&#8243; _module_preset=&#8221;default&#8221; global_colors_info=&#8221;{}&#8221;]<\/p>\n<p>LHS \/ LHSG sorozat\u00fa harmonikus sebess\u00e9gv\u00e1lt\u00f3k<\/p>\n<ul>\n<li>szuperkompakt technol\u00f3gi\u00e1n alapulnak, nagy \u00fcreges tengellyel,<\/li>\n<li>nulla holtj\u00e1t\u00e9kkal, valamint kiv\u00e1l\u00f3 pontoss\u00e1ggal \u00e9s ism\u00e9telhet\u0151s\u00e9ggel rendelkeznek.<\/li>\n<li>Egyszer\u0171s\u00e9g &#8211; kompakt m\u00e9retek \u00e9s k\u00f6nny\u0171 s\u00faly<\/li>\n<li>A nagy billen\u00e9si merevs\u00e9g\u0171 kimeneti csap\u00e1gy lehet\u0151v\u00e9 teszi a nagy terhel\u00e9sek k\u00f6zvetlen, kieg\u00e9sz\u00edt\u0151 al\u00e1t\u00e1maszt\u00e1s n\u00e9lk\u00fcli bevezet\u00e9s\u00e9t, \u00edgy egyszer\u0171 \u00e9s helytakar\u00e9kos tervez\u00e9si telep\u00edt\u00e9seket tesz lehet\u0151v\u00e9.<\/li>\n<li>Az LHS egys\u00e9geket nagyon kompakt m\u00e9retek \u00e9s alacsony t\u00f6meg jellemzi, egy alkatr\u00e9szk\u00e9szletb\u0151l \u00e9s egy nagy kapacit\u00e1s\u00fa kimeneti csap\u00e1gyb\u00f3l \u00e1llnak. A be- \u00e9s kimeneti karim\u00e1k hi\u00e1nya maxim\u00e1lis rugalmass\u00e1got jelent a tervez\u00e9si integr\u00e1ci\u00f3ban.<\/li>\n<li>A be\u00e9p\u00edtett \u00fcreges tengely vonalvezet\u00e9sk\u00e9nt vagy m\u00e1s tengelyek k\u00e1beleihez haszn\u00e1lhat\u00f3.<\/li>\n<li>Az LHS-XXX-P alkatr\u00e9szk\u00e9szlet k\u00f6zvetlen\u00fcl be\u00e9p\u00edthet\u0151 az \u00d6n g\u00e9p\u00e9be\/berendez\u00e9s\u00e9be.<\/li>\n<\/ul>\n<p>[\/et_pb_blurb][\/et_pb_column][\/et_pb_row][\/et_pb_section]<\/p>\n","protected":false},"excerpt":{"rendered":"<p>&gt; itthon \/ Sebess\u00e9gv\u00e1lt\u00f3k \/ Harmonikus \/ LHSLHS(G) &#8211; Harmonikus sebess\u00e9gv\u00e1lt\u00f3k Flexspline &#8211; \u00fcreges karim\u00e1s hengeres alakzatA param\u00e9terek \u00e1ttekint\u00e9se \u00e1tt\u00e9tel: 30, 50, 80, 100, 120 \u00e9s 160*: 1kimeneti nyomat\u00e9kok: 2,4 \u00e9s 708 Nm k\u00f6z\u00f6tthajt\u00f3m\u0171t\u00e1vols\u00e1g: \u2264 10 \u00edvm\u00e1sodperc \/ \u2264 20 \u00edvm\u00e1sodpercmax. bemeneti sebess\u00e9g: 3000 \u00e9s 8500 fordulat\/perc k\u00f6z\u00f6ttM\u00e9ret: LHS11\/14\/17\/20\/25\/32\/40\/50*\/58* LHSG sorozat &#8211; Nagy nyomat\u00e9k\u00fa modellLHS-P [&hellip;]<\/p>\n","protected":false},"author":1,"featured_media":0,"parent":5605,"menu_order":0,"comment_status":"closed","ping_status":"closed","template":"","meta":{"_et_pb_use_builder":"on","_et_pb_old_content":"","_et_gb_content_width":"","footnotes":""},"class_list":["post-5794","page","type-page","status-publish","hentry"],"yoast_head":"<!-- This site is optimized with the Yoast SEO plugin v26.6 - https:\/\/yoast.com\/wordpress\/plugins\/seo\/ -->\n<title>LHS(G) - Harmonikus sebess\u00e9gv\u00e1lt\u00f3k - Almer.sk<\/title>\n<meta name=\"robots\" content=\"index, follow, max-snippet:-1, max-image-preview:large, max-video-preview:-1\" \/>\n<link rel=\"canonical\" href=\"https:\/\/almer.sk\/hu\/harmonikus-sebessegvaltok\/lhsg-harmonikus-sebessegvaltok\/\" \/>\n<meta property=\"og:locale\" content=\"hu_HU\" \/>\n<meta property=\"og:type\" content=\"article\" \/>\n<meta property=\"og:title\" content=\"LHS(G) - Harmonikus sebess\u00e9gv\u00e1lt\u00f3k - Almer.sk\" \/>\n<meta property=\"og:description\" content=\"&gt; itthon \/ Sebess\u00e9gv\u00e1lt\u00f3k \/ Harmonikus \/ LHSLHS(G) - Harmonikus sebess\u00e9gv\u00e1lt\u00f3k Flexspline - \u00fcreges karim\u00e1s hengeres alakzatA param\u00e9terek \u00e1ttekint\u00e9se \u00e1tt\u00e9tel: 30, 50, 80, 100, 120 \u00e9s 160*: 1kimeneti nyomat\u00e9kok: 2,4 \u00e9s 708 Nm k\u00f6z\u00f6tthajt\u00f3m\u0171t\u00e1vols\u00e1g: \u2264 10 \u00edvm\u00e1sodperc \/ \u2264 20 \u00edvm\u00e1sodpercmax. bemeneti sebess\u00e9g: 3000 \u00e9s 8500 fordulat\/perc k\u00f6z\u00f6ttM\u00e9ret: LHS11\/14\/17\/20\/25\/32\/40\/50*\/58* LHSG sorozat - Nagy nyomat\u00e9k\u00fa modellLHS-P [&hellip;]\" \/>\n<meta property=\"og:url\" content=\"https:\/\/almer.sk\/hu\/harmonikus-sebessegvaltok\/lhsg-harmonikus-sebessegvaltok\/\" \/>\n<meta property=\"og:site_name\" content=\"Almer.sk\" \/>\n<meta property=\"article:modified_time\" content=\"2023-07-28T09:26:20+00:00\" \/>\n<meta name=\"twitter:card\" content=\"summary_large_image\" \/>\n<meta name=\"twitter:label1\" content=\"Becs\u00fclt olvas\u00e1si id\u0151\" \/>\n\t<meta name=\"twitter:data1\" content=\"7 perc\" \/>\n<script type=\"application\/ld+json\" class=\"yoast-schema-graph\">{\"@context\":\"https:\/\/schema.org\",\"@graph\":[{\"@type\":\"WebPage\",\"@id\":\"https:\/\/almer.sk\/hu\/harmonikus-sebessegvaltok\/lhsg-harmonikus-sebessegvaltok\/\",\"url\":\"https:\/\/almer.sk\/hu\/harmonikus-sebessegvaltok\/lhsg-harmonikus-sebessegvaltok\/\",\"name\":\"LHS(G) - Harmonikus sebess\u00e9gv\u00e1lt\u00f3k - Almer.sk\",\"isPartOf\":{\"@id\":\"https:\/\/almer.sk\/hu\/#website\"},\"datePublished\":\"2023-07-11T13:13:08+00:00\",\"dateModified\":\"2023-07-28T09:26:20+00:00\",\"breadcrumb\":{\"@id\":\"https:\/\/almer.sk\/hu\/harmonikus-sebessegvaltok\/lhsg-harmonikus-sebessegvaltok\/#breadcrumb\"},\"inLanguage\":\"hu\",\"potentialAction\":[{\"@type\":\"ReadAction\",\"target\":[\"https:\/\/almer.sk\/hu\/harmonikus-sebessegvaltok\/lhsg-harmonikus-sebessegvaltok\/\"]}]},{\"@type\":\"BreadcrumbList\",\"@id\":\"https:\/\/almer.sk\/hu\/harmonikus-sebessegvaltok\/lhsg-harmonikus-sebessegvaltok\/#breadcrumb\",\"itemListElement\":[{\"@type\":\"ListItem\",\"position\":1,\"name\":\"Home\",\"item\":\"https:\/\/almer.sk\/hu\/\"},{\"@type\":\"ListItem\",\"position\":2,\"name\":\"Harmonikus sebess\u00e9gv\u00e1lt\u00f3k\",\"item\":\"https:\/\/almer.sk\/hu\/harmonikus-sebessegvaltok\/\"},{\"@type\":\"ListItem\",\"position\":3,\"name\":\"LHS(G) &#8211; Harmonikus sebess\u00e9gv\u00e1lt\u00f3k\"}]},{\"@type\":\"WebSite\",\"@id\":\"https:\/\/almer.sk\/hu\/#website\",\"url\":\"https:\/\/almer.sk\/hu\/\",\"name\":\"Almer.sk\",\"description\":\"Technologick\u00fd l\u00edder v oblasti presn\u00fdch prevodoviek\",\"potentialAction\":[{\"@type\":\"SearchAction\",\"target\":{\"@type\":\"EntryPoint\",\"urlTemplate\":\"https:\/\/almer.sk\/hu\/?s={search_term_string}\"},\"query-input\":{\"@type\":\"PropertyValueSpecification\",\"valueRequired\":true,\"valueName\":\"search_term_string\"}}],\"inLanguage\":\"hu\"}]}<\/script>\n<!-- \/ Yoast SEO plugin. -->","yoast_head_json":{"title":"LHS(G) - Harmonikus sebess\u00e9gv\u00e1lt\u00f3k - Almer.sk","robots":{"index":"index","follow":"follow","max-snippet":"max-snippet:-1","max-image-preview":"max-image-preview:large","max-video-preview":"max-video-preview:-1"},"canonical":"https:\/\/almer.sk\/hu\/harmonikus-sebessegvaltok\/lhsg-harmonikus-sebessegvaltok\/","og_locale":"hu_HU","og_type":"article","og_title":"LHS(G) - Harmonikus sebess\u00e9gv\u00e1lt\u00f3k - Almer.sk","og_description":"&gt; itthon \/ Sebess\u00e9gv\u00e1lt\u00f3k \/ Harmonikus \/ LHSLHS(G) - Harmonikus sebess\u00e9gv\u00e1lt\u00f3k Flexspline - \u00fcreges karim\u00e1s hengeres alakzatA param\u00e9terek \u00e1ttekint\u00e9se \u00e1tt\u00e9tel: 30, 50, 80, 100, 120 \u00e9s 160*: 1kimeneti nyomat\u00e9kok: 2,4 \u00e9s 708 Nm k\u00f6z\u00f6tthajt\u00f3m\u0171t\u00e1vols\u00e1g: \u2264 10 \u00edvm\u00e1sodperc \/ \u2264 20 \u00edvm\u00e1sodpercmax. bemeneti sebess\u00e9g: 3000 \u00e9s 8500 fordulat\/perc k\u00f6z\u00f6ttM\u00e9ret: LHS11\/14\/17\/20\/25\/32\/40\/50*\/58* LHSG sorozat - Nagy nyomat\u00e9k\u00fa modellLHS-P [&hellip;]","og_url":"https:\/\/almer.sk\/hu\/harmonikus-sebessegvaltok\/lhsg-harmonikus-sebessegvaltok\/","og_site_name":"Almer.sk","article_modified_time":"2023-07-28T09:26:20+00:00","twitter_card":"summary_large_image","twitter_misc":{"Becs\u00fclt olvas\u00e1si id\u0151":"7 perc"},"schema":{"@context":"https:\/\/schema.org","@graph":[{"@type":"WebPage","@id":"https:\/\/almer.sk\/hu\/harmonikus-sebessegvaltok\/lhsg-harmonikus-sebessegvaltok\/","url":"https:\/\/almer.sk\/hu\/harmonikus-sebessegvaltok\/lhsg-harmonikus-sebessegvaltok\/","name":"LHS(G) - Harmonikus sebess\u00e9gv\u00e1lt\u00f3k - Almer.sk","isPartOf":{"@id":"https:\/\/almer.sk\/hu\/#website"},"datePublished":"2023-07-11T13:13:08+00:00","dateModified":"2023-07-28T09:26:20+00:00","breadcrumb":{"@id":"https:\/\/almer.sk\/hu\/harmonikus-sebessegvaltok\/lhsg-harmonikus-sebessegvaltok\/#breadcrumb"},"inLanguage":"hu","potentialAction":[{"@type":"ReadAction","target":["https:\/\/almer.sk\/hu\/harmonikus-sebessegvaltok\/lhsg-harmonikus-sebessegvaltok\/"]}]},{"@type":"BreadcrumbList","@id":"https:\/\/almer.sk\/hu\/harmonikus-sebessegvaltok\/lhsg-harmonikus-sebessegvaltok\/#breadcrumb","itemListElement":[{"@type":"ListItem","position":1,"name":"Home","item":"https:\/\/almer.sk\/hu\/"},{"@type":"ListItem","position":2,"name":"Harmonikus sebess\u00e9gv\u00e1lt\u00f3k","item":"https:\/\/almer.sk\/hu\/harmonikus-sebessegvaltok\/"},{"@type":"ListItem","position":3,"name":"LHS(G) &#8211; Harmonikus sebess\u00e9gv\u00e1lt\u00f3k"}]},{"@type":"WebSite","@id":"https:\/\/almer.sk\/hu\/#website","url":"https:\/\/almer.sk\/hu\/","name":"Almer.sk","description":"Technologick\u00fd l\u00edder v oblasti presn\u00fdch prevodoviek","potentialAction":[{"@type":"SearchAction","target":{"@type":"EntryPoint","urlTemplate":"https:\/\/almer.sk\/hu\/?s={search_term_string}"},"query-input":{"@type":"PropertyValueSpecification","valueRequired":true,"valueName":"search_term_string"}}],"inLanguage":"hu"}]}},"_links":{"self":[{"href":"https:\/\/almer.sk\/hu\/wp-json\/wp\/v2\/pages\/5794","targetHints":{"allow":["GET"]}}],"collection":[{"href":"https:\/\/almer.sk\/hu\/wp-json\/wp\/v2\/pages"}],"about":[{"href":"https:\/\/almer.sk\/hu\/wp-json\/wp\/v2\/types\/page"}],"author":[{"embeddable":true,"href":"https:\/\/almer.sk\/hu\/wp-json\/wp\/v2\/users\/1"}],"replies":[{"embeddable":true,"href":"https:\/\/almer.sk\/hu\/wp-json\/wp\/v2\/comments?post=5794"}],"version-history":[{"count":6,"href":"https:\/\/almer.sk\/hu\/wp-json\/wp\/v2\/pages\/5794\/revisions"}],"predecessor-version":[{"id":6015,"href":"https:\/\/almer.sk\/hu\/wp-json\/wp\/v2\/pages\/5794\/revisions\/6015"}],"up":[{"embeddable":true,"href":"https:\/\/almer.sk\/hu\/wp-json\/wp\/v2\/pages\/5605"}],"wp:attachment":[{"href":"https:\/\/almer.sk\/hu\/wp-json\/wp\/v2\/media?parent=5794"}],"curies":[{"name":"wp","href":"https:\/\/api.w.org\/{rel}","templated":true}]}}