{"id":5791,"date":"2023-07-07T15:36:49","date_gmt":"2023-07-07T13:36:49","guid":{"rendered":"https:\/\/almer.sk\/harmonikus-sebessegvaltok\/lcs-g-harmonikus-sebessegvaltok\/"},"modified":"2023-09-19T13:49:46","modified_gmt":"2023-09-19T11:49:46","slug":"lcs-g-harmonikus-sebessegvaltok","status":"publish","type":"page","link":"https:\/\/almer.sk\/hu\/harmonikus-sebessegvaltok\/lcs-g-harmonikus-sebessegvaltok\/","title":{"rendered":"LCS (G) &#8211; Harmonikus sebess\u00e9gv\u00e1lt\u00f3k"},"content":{"rendered":"<p>[et_pb_section fb_built=&#8221;1&#8243; _builder_version=&#8221;4.21.0&#8243; _module_preset=&#8221;default&#8221; global_colors_info=&#8221;{}&#8221;][et_pb_row _builder_version=&#8221;4.21.0&#8243; _module_preset=&#8221;default&#8221; locked=&#8221;off&#8221; global_colors_info=&#8221;{}&#8221;][et_pb_column type=&#8221;4_4&#8243; _builder_version=&#8221;4.21.0&#8243; _module_preset=&#8221;default&#8221; global_colors_info=&#8221;{}&#8221;][et_pb_blurb content_max_width=&#8221;1100px&#8221; _builder_version=&#8221;4.22.1&#8243; _module_preset=&#8221;default&#8221; body_text_align=&#8221;left&#8221; hover_enabled=&#8221;0&#8243; global_colors_info=&#8221;{}&#8221; sticky_enabled=&#8221;0&#8243;]<\/p>\n<p><a class=\"bread\" href=\"https:\/\/almer.sk\/hu\/\">&gt; itthon<\/a> \/ <a class=\"bread\" href=\"https:\/\/almer.sk\/hu\/sebessegvaltok\/\">Sebess\u00e9gv\u00e1lt\u00f3k<\/a> \/ <a class=\"bread\" href=\"https:\/\/almer.sk\/hu\/harmonikus-sebessegvaltok\/\">Harmonikus<\/a> \/ LCS<\/p>\n<p>[\/et_pb_blurb][\/et_pb_column][\/et_pb_row][et_pb_row _builder_version=&#8221;4.21.0&#8243; _module_preset=&#8221;default&#8221; locked=&#8221;off&#8221; global_colors_info=&#8221;{}&#8221;][et_pb_column type=&#8221;4_4&#8243; _builder_version=&#8221;4.21.0&#8243; _module_preset=&#8221;default&#8221; global_colors_info=&#8221;{}&#8221;][et_pb_blurb _builder_version=&#8221;4.21.0&#8243; _module_preset=&#8221;default&#8221; header_font=&#8221;|||on|||||&#8221; global_colors_info=&#8221;{}&#8221;]<\/p>\n<h1 style=\"text-align: center;\"><span class=\"cierna\">LCS(G)<\/span> &#8211; Harmonikus sebess\u00e9gv\u00e1lt\u00f3k<\/h1>\n<h3 style=\"text-align: center;\">Standard Flexspline<\/h3>\n<p>[\/et_pb_blurb][\/et_pb_column][\/et_pb_row][et_pb_row column_structure=&#8221;1_5,1_5,1_5,1_5,1_5&#8243; disabled_on=&#8221;on|on|off&#8221; _builder_version=&#8221;4.21.0&#8243; _module_preset=&#8221;default&#8221; width=&#8221;100%&#8221; width_tablet=&#8221;100%&#8221; width_phone=&#8221;80%&#8221; width_last_edited=&#8221;on|phone&#8221; global_colors_info=&#8221;{}&#8221;][et_pb_column type=&#8221;1_5&#8243; _builder_version=&#8221;4.21.0&#8243; _module_preset=&#8221;default&#8221; global_colors_info=&#8221;{}&#8221;][et_pb_blurb _builder_version=&#8221;4.22.1&#8243; _module_preset=&#8221;default&#8221; custom_margin=&#8221;|-100px|||false|false&#8221; custom_padding=&#8221;||||false|false&#8221; global_colors_info=&#8221;{}&#8221;]<\/p>\n<h2 style=\"text-align: left;\"><a href=\"https:\/\/almer.sk\/hu\/harmonikus-sebessegvaltok\/lcs-g-harmonikus-sebessegvaltok\/lcsg-i-harmonikus-atalakitok\/\"><span style=\"color: #ff0000;\">LCS -I \/ LCSG -I<\/span><\/a><\/h2>\n<p><span style=\"color: #000000;\">a bemeneti tengely k\u00f6zvetlen csatlakoztat\u00e1sa<\/span>[\/et_pb_blurb][et_pb_blurb url=&#8221;https:\/\/almer.sk\/hu\/harmonikus-sebessegvaltok\/lcs-g-harmonikus-sebessegvaltok\/lcsg-i-harmonikus-atalakitok\/&#8221; image=&#8221;https:\/\/almer.sk\/wp-content\/uploads\/2023\/07\/1-LCS32_CI_1.png&#8221; alt=&#8221;1 LCS32_CI_1&#8243; image_icon_width=&#8221;100%&#8221; _builder_version=&#8221;4.22.1&#8243; _module_preset=&#8221;default&#8221; header_text_align=&#8221;center&#8221; animation=&#8221;off&#8221; link_option_url=&#8221;https:\/\/almer.sk\/hu\/harmonikus-sebessegvaltok\/lcs-g-harmonikus-sebessegvaltok\/lcsg-i-harmonikus-atalakitok\/&#8221; locked=&#8221;off&#8221; global_colors_info=&#8221;{}&#8221;]<\/p>\n<h3 style=\"text-align: center;\"><span style=\"color: #ff0000;\">Teljes sebess\u00e9gv\u00e1lt\u00f3<\/span><\/h3>\n<p>[\/et_pb_blurb][\/et_pb_column][et_pb_column type=&#8221;1_5&#8243; _builder_version=&#8221;4.21.0&#8243; _module_preset=&#8221;default&#8221; global_colors_info=&#8221;{}&#8221;][et_pb_blurb url=&#8221;https:\/\/almer.sk\/hu\/harmonikus-sebessegvaltok\/lcs-g-harmonikus-sebessegvaltok\/lcsg-i-harmonikus-atalakitok\/&#8221; image=&#8221;https:\/\/almer.sk\/wp-content\/uploads\/2023\/07\/2-LCS11-P-I.png&#8221; alt=&#8221;2 LCS11-P-I&#8221; _builder_version=&#8221;4.22.1&#8243; _module_preset=&#8221;default&#8221; header_text_align=&#8221;center&#8221; width=&#8221;93%&#8221; custom_margin=&#8221;100px||||false|false&#8221; custom_padding=&#8221;0px||||false|false&#8221; animation=&#8221;off&#8221; link_option_url=&#8221;https:\/\/almer.sk\/hu\/harmonikus-sebessegvaltok\/lcs-g-harmonikus-sebessegvaltok\/lcsg-i-harmonikus-atalakitok\/&#8221; locked=&#8221;off&#8221; global_colors_info=&#8221;{}&#8221;]<\/p>\n<h3 style=\"text-align: center;\"><span style=\"color: #ff0000;\">Komponensk\u00e9szlet<\/span><\/h3>\n<p>[\/et_pb_blurb][\/et_pb_column][et_pb_column type=&#8221;1_5&#8243; _builder_version=&#8221;4.21.0&#8243; _module_preset=&#8221;default&#8221; global_colors_info=&#8221;{}&#8221;][et_pb_blurb _builder_version=&#8221;4.21.0&#8243; _module_preset=&#8221;default&#8221; custom_margin=&#8221;|-100px|||false|false&#8221; global_colors_info=&#8221;{}&#8221;]<\/p>\n<h2><a href=\"https:\/\/almer.sk\/hu\/harmonikus-sebessegvaltok\/lcs-g-harmonikus-sebessegvaltok\/lcsg-ii-harmonikus-atalakitok\/\"><span style=\"color: #ff0000;\">LCS -II \/ LCSG -II<\/span><\/a><\/h2>\n<p><span style=\"color: #000000;\">keresztir\u00e1ny\u00fa cs\u00fasz\u00f3csatlakoz\u00e1ssal t\u00f6rt\u00e9n\u0151 csatlakoz\u00e1s<\/span><\/p>\n<p>[\/et_pb_blurb][et_pb_blurb url=&#8221;https:\/\/almer.sk\/hu\/harmonikus-sebessegvaltok\/lcs-g-harmonikus-sebessegvaltok\/lcsg-ii-harmonikus-atalakitok\/&#8221; image=&#8221;https:\/\/almer.sk\/wp-content\/uploads\/2023\/07\/3-LCS32_CII_1.png&#8221; alt=&#8221;3 LCS32_CII_1&#8243; _builder_version=&#8221;4.21.0&#8243; _module_preset=&#8221;default&#8221; header_text_align=&#8221;center&#8221; custom_margin=&#8221;0px||||false|false&#8221; custom_padding=&#8221;0px||||false|false&#8221; animation=&#8221;off&#8221; link_option_url=&#8221;https:\/\/almer.sk\/hu\/harmonikus-sebessegvaltok\/lcs-g-harmonikus-sebessegvaltok\/lcsg-ii-harmonikus-atalakitok\/&#8221; locked=&#8221;off&#8221; global_colors_info=&#8221;{}&#8221;]<\/p>\n<h3 style=\"text-align: center;\"><span style=\"color: #ff0000;\">Teljes sebess\u00e9gv\u00e1lt\u00f3<\/span><\/h3>\n<p>[\/et_pb_blurb][\/et_pb_column][et_pb_column type=&#8221;1_5&#8243; _builder_version=&#8221;4.21.0&#8243; _module_preset=&#8221;default&#8221; global_colors_info=&#8221;{}&#8221;][et_pb_blurb url=&#8221;https:\/\/almer.sk\/hu\/harmonikus-sebessegvaltok\/lcs-g-harmonikus-sebessegvaltok\/lcsg-ii-harmonikus-atalakitok\/&#8221; image=&#8221;https:\/\/almer.sk\/wp-content\/uploads\/2023\/07\/4-LCS11-P-II.png&#8221; alt=&#8221;4 LCS11-P-II&#8221; _builder_version=&#8221;4.21.0&#8243; _module_preset=&#8221;default&#8221; header_text_align=&#8221;center&#8221; custom_margin=&#8221;82px||||false|false&#8221; custom_padding=&#8221;|0px|||false|false&#8221; animation=&#8221;off&#8221; link_option_url=&#8221;https:\/\/almer.sk\/hu\/harmonikus-sebessegvaltok\/lcs-g-harmonikus-sebessegvaltok\/lcsg-ii-harmonikus-atalakitok\/&#8221; border_color_right=&#8221;#000000&#8243; locked=&#8221;off&#8221; global_colors_info=&#8221;{}&#8221;]<\/p>\n<h3 style=\"text-align: center;\"><span style=\"color: #ff0000;\">Komponensk\u00e9szlet<\/span><\/h3>\n<p>[\/et_pb_blurb][\/et_pb_column][et_pb_column type=&#8221;1_5&#8243; _builder_version=&#8221;4.21.0&#8243; _module_preset=&#8221;default&#8221; global_colors_info=&#8221;{}&#8221;][et_pb_blurb _builder_version=&#8221;4.21.0&#8243; _module_preset=&#8221;default&#8221; custom_margin=&#8221;||||false|false&#8221; border_color_left=&#8221;#000000&#8243; locked=&#8221;off&#8221; global_colors_info=&#8221;{}&#8221;]<\/p>\n<h4><strong>A param\u00e9terek \u00e1ttekint\u00e9se<\/strong><\/h4>\n<p><strong>\u00c1tv\u00e1lt\u00e1si ar\u00e1ny:<\/strong><br \/>30, 50, 80,100, 120 a 160*: 1<br \/><strong>Kimeneti pillanatok:<\/strong><br \/>2,4-t\u0151l 708 Nm-ig<br \/><strong>Will a fogaskerekekben<\/strong>:<br \/>\u2264 10 \u00edvm\u00e1sodperc \/ \u2264 20 \u00edvm\u00e1sodperc<br \/><strong>Max. bemeneti sebess\u00e9g<\/strong>:<br \/>3000 \u00e9s 8500 fordulat\/perc k\u00f6z\u00f6tt<br \/><strong>M\u00e9ret: LCS<\/strong><br \/>8\/11\/14\/17\/20\/25\/32\/40\/50*\/58*<\/p>\n<p><span style=\"color: #ff0000;\">LCSG sorozat<\/span> &#8211; Nagy nyomat\u00e9k\u00fa modell<br \/><span style=\"color: #ff0000;\">LCS-P sorozat<\/span> &#8211; Komponensk\u00e9szlet modell<\/p>\n<p>[\/et_pb_blurb][\/et_pb_column][\/et_pb_row][et_pb_row disabled_on=&#8221;off|off|on&#8221; _builder_version=&#8221;4.21.0&#8243; _module_preset=&#8221;default&#8221; global_colors_info=&#8221;{}&#8221;][et_pb_column type=&#8221;4_4&#8243; _builder_version=&#8221;4.21.0&#8243; _module_preset=&#8221;default&#8221; global_colors_info=&#8221;{}&#8221;][et_pb_blurb _builder_version=&#8221;4.21.0&#8243; _module_preset=&#8221;default&#8221; custom_margin=&#8221;||||false|false&#8221; border_color_left=&#8221;#000000&#8243; locked=&#8221;off&#8221; global_colors_info=&#8221;{}&#8221;]<\/p>\n<h4><span style=\"color: #ff0000;\"><strong>A param\u00e9terek \u00e1ttekint\u00e9se<\/strong><\/span><\/h4>\n<p><strong>\u00c1tv\u00e1lt\u00e1si ar\u00e1ny:<\/strong><br \/>\n30, 50, 80,100, 120 a 160*: 1<br \/>\n<strong>Kimeneti pillanatok:<\/strong><br \/>\n2,4-t\u0151l 708 Nm-ig<br \/>\n<strong>Will a fogaskerekekben<\/strong>:<br \/>\n\u2264 10 \u00edvm\u00e1sodperc \/ \u2264 20 \u00edvm\u00e1sodperc<br \/>\n<strong>Max. bemeneti sebess\u00e9g<\/strong>:<br \/>\n3000 \u00e9s 8500 fordulat\/perc k\u00f6z\u00f6tt<br \/>\n<strong>M\u00e9ret: LCS<\/strong><br \/>\n8\/11\/14\/17\/20\/25\/32\/40\/50*\/58*<\/p>\n<p><span style=\"color: #ff0000;\">LCSG sorozat<\/span> &#8211; Nagy nyomat\u00e9k\u00fa modell<br \/>\n<span style=\"color: #ff0000;\">LCS-P sorozat<\/span> &#8211; Komponensk\u00e9szlet modell[\/et_pb_blurb][\/et_pb_column][\/et_pb_row][et_pb_row column_structure=&#8221;1_2,1_2&#8243; disabled_on=&#8221;off|off|on&#8221; _builder_version=&#8221;4.21.0&#8243; _module_preset=&#8221;default&#8221; width=&#8221;100%&#8221; global_colors_info=&#8221;{}&#8221;][et_pb_column type=&#8221;1_2&#8243; _builder_version=&#8221;4.21.0&#8243; _module_preset=&#8221;default&#8221; global_colors_info=&#8221;{}&#8221;][et_pb_blurb _builder_version=&#8221;4.21.0&#8243; _module_preset=&#8221;default&#8221; custom_margin=&#8221;||||false|false&#8221; custom_padding=&#8221;||||false|false&#8221; global_colors_info=&#8221;{}&#8221;]<\/p>\n<h2 style=\"text-align: center;\"><a href=\"https:\/\/almer.sk\/harmonicke-prevodovky\/lcs\/lcsg-i\/\"><span style=\"color: #ff0000;\">LCS -I \/ LCSG -I<\/span><\/a><\/h2>\n<p style=\"text-align: center;\"><span style=\"color: #000000;\">a bemeneti tengely k\u00f6zvetlen csatlakoztat\u00e1sa<\/span><\/p>\n<p>[\/et_pb_blurb][et_pb_blurb url=&#8221;https:\/\/almer.sk\/harmonicke-prevodovky\/lcs\/lcsg-i\/&#8221; image=&#8221;https:\/\/almer.sk\/wp-content\/uploads\/2023\/07\/1-LCS32_CI_1.png&#8221; alt=&#8221;1 LCS32_CI_1&#8243; image_icon_width=&#8221;45%&#8221; icon_placement_tablet=&#8221;&#8221; icon_placement_phone=&#8221;&#8221; icon_placement_last_edited=&#8221;on|phone&#8221; _builder_version=&#8221;4.21.0&#8243; _module_preset=&#8221;default&#8221; header_text_align=&#8221;center&#8221; width=&#8221;100%&#8221; custom_margin=&#8221;||||true|true&#8221; animation=&#8221;off&#8221; link_option_url=&#8221;https:\/\/almer.sk\/harmonicke-prevodovky\/lcs\/lcsg-i\/&#8221; locked=&#8221;off&#8221; global_colors_info=&#8221;{}&#8221;]<\/p>\n<h3 style=\"text-align: center;\"><span style=\"color: #ff0000;\">Teljes sebess\u00e9gv\u00e1lt\u00f3<\/span><\/h3>\n<p>[\/et_pb_blurb][et_pb_blurb url=&#8221;https:\/\/almer.sk\/harmonicke-prevodovky\/lcs\/lcsg-i\/&#8221; image=&#8221;https:\/\/almer.sk\/wp-content\/uploads\/2023\/07\/2-LCS11-P-I.png&#8221; alt=&#8221;2 LCS11-P-I&#8221; image_icon_width=&#8221;50%&#8221; image_icon_width_tablet=&#8221;50%&#8221; image_icon_width_phone=&#8221;45%&#8221; image_icon_width_last_edited=&#8221;on|phone&#8221; _builder_version=&#8221;4.21.0&#8243; _module_preset=&#8221;default&#8221; header_text_align=&#8221;center&#8221; width=&#8221;100%&#8221; animation=&#8221;off&#8221; link_option_url=&#8221;https:\/\/almer.sk\/harmonicke-prevodovky\/lcs\/lcsg-i\/&#8221; locked=&#8221;off&#8221; global_colors_info=&#8221;{}&#8221;]<\/p>\n<h3 style=\"text-align: center;\"><span style=\"color: #ff0000;\">Komponensk\u00e9szlet<\/span><\/h3>\n<p>[\/et_pb_blurb][\/et_pb_column][et_pb_column type=&#8221;1_2&#8243; _builder_version=&#8221;4.21.0&#8243; _module_preset=&#8221;default&#8221; global_colors_info=&#8221;{}&#8221;][et_pb_blurb _builder_version=&#8221;4.21.0&#8243; _module_preset=&#8221;default&#8221; custom_margin=&#8221;||||false|false&#8221; global_colors_info=&#8221;{}&#8221;]<\/p>\n<h2 style=\"text-align: center;\"><a href=\"https:\/\/almer.sk\/hu\/harmonikus-sebessegvaltok\/lcs-g-harmonikus-sebessegvaltok\/lcsg-ii-harmonikus-atalakitok\/\"><span style=\"color: #ff0000;\">LCS -II \/ LCSG -II<\/span><\/a><\/h2>\n<p style=\"text-align: center;\"><span style=\"color: #000000;\">keresztir\u00e1ny\u00fa cs\u00fasz\u00f3csatlakoz\u00e1ssal t\u00f6rt\u00e9n\u0151 csatlakoz\u00e1s<\/span><\/p>\n<p>[\/et_pb_blurb][et_pb_blurb url=&#8221;https:\/\/almer.sk\/hu\/harmonikus-sebessegvaltok\/lcs-g-harmonikus-sebessegvaltok\/lcsg-ii-harmonikus-atalakitok\/&#8221; image=&#8221;https:\/\/almer.sk\/wp-content\/uploads\/2023\/07\/3-LCS32_CII_1.png&#8221; alt=&#8221;3 LCS32_CII_1&#8243; image_icon_width=&#8221;50%&#8221; image_icon_width_tablet=&#8221;50%&#8221; image_icon_width_phone=&#8221;45%&#8221; image_icon_width_last_edited=&#8221;on|phone&#8221; _builder_version=&#8221;4.21.0&#8243; _module_preset=&#8221;default&#8221; header_text_align=&#8221;center&#8221; width=&#8221;100%&#8221; animation=&#8221;off&#8221; link_option_url=&#8221;https:\/\/almer.sk\/hu\/harmonikus-sebessegvaltok\/lcs-g-harmonikus-sebessegvaltok\/lcsg-ii-harmonikus-atalakitok\/&#8221; locked=&#8221;off&#8221; global_colors_info=&#8221;{}&#8221;]<\/p>\n<h3 style=\"text-align: center;\"><span style=\"color: #ff0000;\">Teljes sebess\u00e9gv\u00e1lt\u00f3<\/span><\/h3>\n<p>[\/et_pb_blurb][et_pb_blurb url=&#8221;https:\/\/almer.sk\/hu\/harmonikus-sebessegvaltok\/lcs-g-harmonikus-sebessegvaltok\/lcsg-ii-harmonikus-atalakitok\/&#8221; image=&#8221;https:\/\/almer.sk\/wp-content\/uploads\/2023\/07\/4-LCS11-P-II.png&#8221; alt=&#8221;4 LCS11-P-II&#8221; image_icon_width=&#8221;50%&#8221; image_icon_width_tablet=&#8221;50%&#8221; image_icon_width_phone=&#8221;45%&#8221; image_icon_width_last_edited=&#8221;on|phone&#8221; _builder_version=&#8221;4.21.0&#8243; _module_preset=&#8221;default&#8221; header_text_align=&#8221;center&#8221; width=&#8221;100%&#8221; custom_margin=&#8221;||||false|false&#8221; custom_padding=&#8221;|0px|||false|false&#8221; animation=&#8221;off&#8221; link_option_url=&#8221;https:\/\/almer.sk\/hu\/harmonikus-sebessegvaltok\/lcs-g-harmonikus-sebessegvaltok\/lcsg-ii-harmonikus-atalakitok\/&#8221; border_color_right=&#8221;#000000&#8243; locked=&#8221;off&#8221; global_colors_info=&#8221;{}&#8221;]<\/p>\n<h3 style=\"text-align: center;\"><span style=\"color: #ff0000;\">Komponensk\u00e9szlet<\/span><\/h3>\n<p>[\/et_pb_blurb][\/et_pb_column][\/et_pb_row][et_pb_row _builder_version=&#8221;4.21.0&#8243; _module_preset=&#8221;default&#8221; global_colors_info=&#8221;{}&#8221;][et_pb_column type=&#8221;4_4&#8243; _builder_version=&#8221;4.21.0&#8243; _module_preset=&#8221;default&#8221; global_colors_info=&#8221;{}&#8221;][et_pb_blurb content_max_width=&#8221;1100px&#8221; _builder_version=&#8221;4.21.0&#8243; _module_preset=&#8221;default&#8221; global_colors_info=&#8221;{}&#8221;]<\/p>\n<table style=\"border-collapse: collapse; width: 100%; height: 69px;\" border=\"1\">\n<tbody>\n<tr style=\"height: 23px;\">\n<td style=\"width: 33.3333%; height: 23px;\">\u2713 Kompakt, k\u00f6nny\u0171 kialak\u00edt\u00e1s<\/td>\n<td style=\"width: 33.3333%; height: 23px;\">\u2713 Nagy pontoss\u00e1g<\/td>\n<td style=\"width: 33.3333%; height: 23px;\">\u2713 Nagy \u00f6lel\u00e9si merevs\u00e9g<\/td>\n<\/tr>\n<tr style=\"height: 23px;\">\n<td style=\"width: 33.3333%; height: 23px;\">\u2713 Kompakt \u00e9s egyszer\u0171 konfigur\u00e1ci\u00f3<\/td>\n<td style=\"width: 33.3333%; height: 23px;\">\u2713 Z\u00e9r\u00f3 \u0171rszelv\u00e9ny<\/td>\n<td style=\"width: 33.3333%; height: 23px;\">\u2713 Nagy nyomat\u00e9k<\/td>\n<\/tr>\n<tr style=\"height: 23px;\">\n<td style=\"width: 33.3333%; height: 23px;\">\u2713 Egyszer\u0171s\u00e9g &#8211; kompakt m\u00e9ret \u00e9s k\u00f6nny\u0171 s\u00faly<\/td>\n<td style=\"width: 33.3333%; height: 23px;\">\u2713 Nagy hat\u00e9konys\u00e1g<\/td>\n<td style=\"width: 33.3333%; height: 23px;\">&#8211;<\/td>\n<\/tr>\n<\/tbody>\n<\/table>\n<p>[\/et_pb_blurb][\/et_pb_column][\/et_pb_row][et_pb_row _builder_version=&#8221;4.21.0&#8243; _module_preset=&#8221;default&#8221; global_colors_info=&#8221;{}&#8221;][et_pb_column type=&#8221;4_4&#8243; _builder_version=&#8221;4.21.0&#8243; _module_preset=&#8221;default&#8221; global_colors_info=&#8221;{}&#8221;][et_pb_blurb content_max_width=&#8221;1100px&#8221; _builder_version=&#8221;4.21.0&#8243; _module_preset=&#8221;default&#8221; global_colors_info=&#8221;{}&#8221;]<\/p>\n<ul>\n<li>A nagy billen\u00e9si merevs\u00e9g\u0171 kimeneti csap\u00e1gy lehet\u0151v\u00e9 teszi a nagy terhel\u00e9sek k\u00f6zvetlen, kieg\u00e9sz\u00edt\u0151 al\u00e1t\u00e1maszt\u00e1s n\u00e9lk\u00fcli behelyez\u00e9s\u00e9t, \u00edgy lehet\u0151v\u00e9 teszi a k\u00f6nny\u0171 \u00e9s egyszer\u0171<br \/>helytakar\u00e9kos kialak\u00edt\u00e1s\u00fa berendez\u00e9sek.<\/li>\n<li>Az LCS-XXX-P alkatr\u00e9szk\u00e9szlet k\u00f6zvetlen\u00fcl be\u00e9p\u00edthet\u0151 az \u00d6n g\u00e9p\u00e9be\/berendez\u00e9s\u00e9be.<\/li>\n<li>A pozicion\u00e1l\u00e1si pontoss\u00e1gnak k\u00f6sz\u00f6nhet\u0151en stabil g\u00e9pjellemz\u0151k \u00e9s r\u00f6vid ciklusid\u0151 garant\u00e1lt.<\/li>\n<\/ul>\n<p>[\/et_pb_blurb][\/et_pb_column][\/et_pb_row][\/et_pb_section]<\/p>\n","protected":false},"excerpt":{"rendered":"<p>&gt; itthon \/ Sebess\u00e9gv\u00e1lt\u00f3k \/ Harmonikus \/ LCSLCS(G) &#8211; Harmonikus sebess\u00e9gv\u00e1lt\u00f3k Standard FlexsplineLCS -I \/ LCSG -I a bemeneti tengely k\u00f6zvetlen csatlakoztat\u00e1saTeljes sebess\u00e9gv\u00e1lt\u00f3Komponensk\u00e9szletLCS -II \/ LCSG -II keresztir\u00e1ny\u00fa cs\u00fasz\u00f3csatlakoz\u00e1ssal t\u00f6rt\u00e9n\u0151 csatlakoz\u00e1sTeljes sebess\u00e9gv\u00e1lt\u00f3Komponensk\u00e9szletA param\u00e9terek \u00e1ttekint\u00e9se \u00c1tv\u00e1lt\u00e1si ar\u00e1ny:30, 50, 80,100, 120 a 160*: 1Kimeneti pillanatok:2,4-t\u0151l 708 Nm-igWill a fogaskerekekben:\u2264 10 \u00edvm\u00e1sodperc \/ \u2264 20 \u00edvm\u00e1sodpercMax. bemeneti sebess\u00e9g:3000 [&hellip;]<\/p>\n","protected":false},"author":1,"featured_media":0,"parent":5605,"menu_order":0,"comment_status":"closed","ping_status":"closed","template":"","meta":{"_et_pb_use_builder":"on","_et_pb_old_content":"","_et_gb_content_width":"","footnotes":""},"class_list":["post-5791","page","type-page","status-publish","hentry"],"yoast_head":"<!-- This site is optimized with the Yoast SEO plugin v26.6 - https:\/\/yoast.com\/wordpress\/plugins\/seo\/ -->\n<title>LCS (G) - Harmonikus sebess\u00e9gv\u00e1lt\u00f3k - Almer.sk<\/title>\n<meta name=\"robots\" content=\"index, follow, max-snippet:-1, max-image-preview:large, max-video-preview:-1\" \/>\n<link rel=\"canonical\" href=\"https:\/\/almer.sk\/hu\/harmonikus-sebessegvaltok\/lcs-g-harmonikus-sebessegvaltok\/\" \/>\n<meta property=\"og:locale\" content=\"hu_HU\" \/>\n<meta property=\"og:type\" content=\"article\" \/>\n<meta property=\"og:title\" content=\"LCS (G) - Harmonikus sebess\u00e9gv\u00e1lt\u00f3k - Almer.sk\" \/>\n<meta property=\"og:description\" content=\"&gt; itthon \/ Sebess\u00e9gv\u00e1lt\u00f3k \/ Harmonikus \/ LCSLCS(G) - Harmonikus sebess\u00e9gv\u00e1lt\u00f3k Standard FlexsplineLCS -I \/ LCSG -I a bemeneti tengely k\u00f6zvetlen csatlakoztat\u00e1saTeljes sebess\u00e9gv\u00e1lt\u00f3Komponensk\u00e9szletLCS -II \/ LCSG -II keresztir\u00e1ny\u00fa cs\u00fasz\u00f3csatlakoz\u00e1ssal t\u00f6rt\u00e9n\u0151 csatlakoz\u00e1sTeljes sebess\u00e9gv\u00e1lt\u00f3Komponensk\u00e9szletA param\u00e9terek \u00e1ttekint\u00e9se \u00c1tv\u00e1lt\u00e1si ar\u00e1ny:30, 50, 80,100, 120 a 160*: 1Kimeneti pillanatok:2,4-t\u0151l 708 Nm-igWill a fogaskerekekben:\u2264 10 \u00edvm\u00e1sodperc \/ \u2264 20 \u00edvm\u00e1sodpercMax. bemeneti sebess\u00e9g:3000 [&hellip;]\" \/>\n<meta property=\"og:url\" content=\"https:\/\/almer.sk\/hu\/harmonikus-sebessegvaltok\/lcs-g-harmonikus-sebessegvaltok\/\" \/>\n<meta property=\"og:site_name\" content=\"Almer.sk\" \/>\n<meta property=\"article:modified_time\" content=\"2023-09-19T11:49:46+00:00\" \/>\n<meta name=\"twitter:card\" content=\"summary_large_image\" \/>\n<meta name=\"twitter:label1\" content=\"Becs\u00fclt olvas\u00e1si id\u0151\" \/>\n\t<meta name=\"twitter:data1\" content=\"7 perc\" \/>\n<script type=\"application\/ld+json\" class=\"yoast-schema-graph\">{\"@context\":\"https:\/\/schema.org\",\"@graph\":[{\"@type\":\"WebPage\",\"@id\":\"https:\/\/almer.sk\/hu\/harmonikus-sebessegvaltok\/lcs-g-harmonikus-sebessegvaltok\/\",\"url\":\"https:\/\/almer.sk\/hu\/harmonikus-sebessegvaltok\/lcs-g-harmonikus-sebessegvaltok\/\",\"name\":\"LCS (G) - Harmonikus sebess\u00e9gv\u00e1lt\u00f3k - Almer.sk\",\"isPartOf\":{\"@id\":\"https:\/\/almer.sk\/hu\/#website\"},\"datePublished\":\"2023-07-07T13:36:49+00:00\",\"dateModified\":\"2023-09-19T11:49:46+00:00\",\"breadcrumb\":{\"@id\":\"https:\/\/almer.sk\/hu\/harmonikus-sebessegvaltok\/lcs-g-harmonikus-sebessegvaltok\/#breadcrumb\"},\"inLanguage\":\"hu\",\"potentialAction\":[{\"@type\":\"ReadAction\",\"target\":[\"https:\/\/almer.sk\/hu\/harmonikus-sebessegvaltok\/lcs-g-harmonikus-sebessegvaltok\/\"]}]},{\"@type\":\"BreadcrumbList\",\"@id\":\"https:\/\/almer.sk\/hu\/harmonikus-sebessegvaltok\/lcs-g-harmonikus-sebessegvaltok\/#breadcrumb\",\"itemListElement\":[{\"@type\":\"ListItem\",\"position\":1,\"name\":\"Home\",\"item\":\"https:\/\/almer.sk\/hu\/\"},{\"@type\":\"ListItem\",\"position\":2,\"name\":\"Harmonikus sebess\u00e9gv\u00e1lt\u00f3k\",\"item\":\"https:\/\/almer.sk\/hu\/harmonikus-sebessegvaltok\/\"},{\"@type\":\"ListItem\",\"position\":3,\"name\":\"LCS (G) &#8211; Harmonikus sebess\u00e9gv\u00e1lt\u00f3k\"}]},{\"@type\":\"WebSite\",\"@id\":\"https:\/\/almer.sk\/hu\/#website\",\"url\":\"https:\/\/almer.sk\/hu\/\",\"name\":\"Almer.sk\",\"description\":\"Technologick\u00fd l\u00edder v oblasti presn\u00fdch prevodoviek\",\"potentialAction\":[{\"@type\":\"SearchAction\",\"target\":{\"@type\":\"EntryPoint\",\"urlTemplate\":\"https:\/\/almer.sk\/hu\/?s={search_term_string}\"},\"query-input\":{\"@type\":\"PropertyValueSpecification\",\"valueRequired\":true,\"valueName\":\"search_term_string\"}}],\"inLanguage\":\"hu\"}]}<\/script>\n<!-- \/ Yoast SEO plugin. -->","yoast_head_json":{"title":"LCS (G) - Harmonikus sebess\u00e9gv\u00e1lt\u00f3k - Almer.sk","robots":{"index":"index","follow":"follow","max-snippet":"max-snippet:-1","max-image-preview":"max-image-preview:large","max-video-preview":"max-video-preview:-1"},"canonical":"https:\/\/almer.sk\/hu\/harmonikus-sebessegvaltok\/lcs-g-harmonikus-sebessegvaltok\/","og_locale":"hu_HU","og_type":"article","og_title":"LCS (G) - Harmonikus sebess\u00e9gv\u00e1lt\u00f3k - Almer.sk","og_description":"&gt; itthon \/ Sebess\u00e9gv\u00e1lt\u00f3k \/ Harmonikus \/ LCSLCS(G) - Harmonikus sebess\u00e9gv\u00e1lt\u00f3k Standard FlexsplineLCS -I \/ LCSG -I a bemeneti tengely k\u00f6zvetlen csatlakoztat\u00e1saTeljes sebess\u00e9gv\u00e1lt\u00f3Komponensk\u00e9szletLCS -II \/ LCSG -II keresztir\u00e1ny\u00fa cs\u00fasz\u00f3csatlakoz\u00e1ssal t\u00f6rt\u00e9n\u0151 csatlakoz\u00e1sTeljes sebess\u00e9gv\u00e1lt\u00f3Komponensk\u00e9szletA param\u00e9terek \u00e1ttekint\u00e9se \u00c1tv\u00e1lt\u00e1si ar\u00e1ny:30, 50, 80,100, 120 a 160*: 1Kimeneti pillanatok:2,4-t\u0151l 708 Nm-igWill a fogaskerekekben:\u2264 10 \u00edvm\u00e1sodperc \/ \u2264 20 \u00edvm\u00e1sodpercMax. bemeneti sebess\u00e9g:3000 [&hellip;]","og_url":"https:\/\/almer.sk\/hu\/harmonikus-sebessegvaltok\/lcs-g-harmonikus-sebessegvaltok\/","og_site_name":"Almer.sk","article_modified_time":"2023-09-19T11:49:46+00:00","twitter_card":"summary_large_image","twitter_misc":{"Becs\u00fclt olvas\u00e1si id\u0151":"7 perc"},"schema":{"@context":"https:\/\/schema.org","@graph":[{"@type":"WebPage","@id":"https:\/\/almer.sk\/hu\/harmonikus-sebessegvaltok\/lcs-g-harmonikus-sebessegvaltok\/","url":"https:\/\/almer.sk\/hu\/harmonikus-sebessegvaltok\/lcs-g-harmonikus-sebessegvaltok\/","name":"LCS (G) - Harmonikus sebess\u00e9gv\u00e1lt\u00f3k - Almer.sk","isPartOf":{"@id":"https:\/\/almer.sk\/hu\/#website"},"datePublished":"2023-07-07T13:36:49+00:00","dateModified":"2023-09-19T11:49:46+00:00","breadcrumb":{"@id":"https:\/\/almer.sk\/hu\/harmonikus-sebessegvaltok\/lcs-g-harmonikus-sebessegvaltok\/#breadcrumb"},"inLanguage":"hu","potentialAction":[{"@type":"ReadAction","target":["https:\/\/almer.sk\/hu\/harmonikus-sebessegvaltok\/lcs-g-harmonikus-sebessegvaltok\/"]}]},{"@type":"BreadcrumbList","@id":"https:\/\/almer.sk\/hu\/harmonikus-sebessegvaltok\/lcs-g-harmonikus-sebessegvaltok\/#breadcrumb","itemListElement":[{"@type":"ListItem","position":1,"name":"Home","item":"https:\/\/almer.sk\/hu\/"},{"@type":"ListItem","position":2,"name":"Harmonikus sebess\u00e9gv\u00e1lt\u00f3k","item":"https:\/\/almer.sk\/hu\/harmonikus-sebessegvaltok\/"},{"@type":"ListItem","position":3,"name":"LCS (G) &#8211; Harmonikus sebess\u00e9gv\u00e1lt\u00f3k"}]},{"@type":"WebSite","@id":"https:\/\/almer.sk\/hu\/#website","url":"https:\/\/almer.sk\/hu\/","name":"Almer.sk","description":"Technologick\u00fd l\u00edder v oblasti presn\u00fdch prevodoviek","potentialAction":[{"@type":"SearchAction","target":{"@type":"EntryPoint","urlTemplate":"https:\/\/almer.sk\/hu\/?s={search_term_string}"},"query-input":{"@type":"PropertyValueSpecification","valueRequired":true,"valueName":"search_term_string"}}],"inLanguage":"hu"}]}},"_links":{"self":[{"href":"https:\/\/almer.sk\/hu\/wp-json\/wp\/v2\/pages\/5791","targetHints":{"allow":["GET"]}}],"collection":[{"href":"https:\/\/almer.sk\/hu\/wp-json\/wp\/v2\/pages"}],"about":[{"href":"https:\/\/almer.sk\/hu\/wp-json\/wp\/v2\/types\/page"}],"author":[{"embeddable":true,"href":"https:\/\/almer.sk\/hu\/wp-json\/wp\/v2\/users\/1"}],"replies":[{"embeddable":true,"href":"https:\/\/almer.sk\/hu\/wp-json\/wp\/v2\/comments?post=5791"}],"version-history":[{"count":6,"href":"https:\/\/almer.sk\/hu\/wp-json\/wp\/v2\/pages\/5791\/revisions"}],"predecessor-version":[{"id":6682,"href":"https:\/\/almer.sk\/hu\/wp-json\/wp\/v2\/pages\/5791\/revisions\/6682"}],"up":[{"embeddable":true,"href":"https:\/\/almer.sk\/hu\/wp-json\/wp\/v2\/pages\/5605"}],"wp:attachment":[{"href":"https:\/\/almer.sk\/hu\/wp-json\/wp\/v2\/media?parent=5791"}],"curies":[{"name":"wp","href":"https:\/\/api.w.org\/{rel}","templated":true}]}}