{"id":5735,"date":"2023-06-15T08:51:52","date_gmt":"2023-06-15T06:51:52","guid":{"rendered":"https:\/\/almer.sk\/cnc-forgotarcsak\/"},"modified":"2023-09-06T10:47:50","modified_gmt":"2023-09-06T08:47:50","slug":"cnc-forgotarcsak","status":"publish","type":"page","link":"https:\/\/almer.sk\/hu\/cnc-forgotarcsak\/","title":{"rendered":"CNC forg\u00f3t\u00e1rcs\u00e1k"},"content":{"rendered":"<p>[et_pb_section fb_built=&#8221;1&#8243; _builder_version=&#8221;4.21.0&#8243; _module_preset=&#8221;default&#8221; global_colors_info=&#8221;{}&#8221;][et_pb_row _builder_version=&#8221;4.21.0&#8243; _module_preset=&#8221;default&#8221; width=&#8221;90%&#8221; global_colors_info=&#8221;{}&#8221;][et_pb_column type=&#8221;4_4&#8243; _builder_version=&#8221;4.21.0&#8243; _module_preset=&#8221;default&#8221; global_colors_info=&#8221;{}&#8221;][et_pb_blurb content_max_width=&#8221;1100px&#8221; _builder_version=&#8221;4.21.0&#8243; _module_preset=&#8221;default&#8221; body_text_align=&#8221;left&#8221; global_colors_info=&#8221;{}&#8221;]<\/p>\n<p style=\"text-align: left;\"> <a class=\"bread\" href=\"https:\/\/almer.sk\/hu\/\">&lt; Kezd\u0151lap<\/a> \/ CNC forg\u00f3- \u00e9s billen\u0151asztalok<\/p>\n<p>[\/et_pb_blurb][et_pb_blurb _builder_version=&#8221;4.21.0&#8243; _module_preset=&#8221;default&#8221; header_level=&#8221;h1&#8243; header_font=&#8221;|||on|||||&#8221; body_font=&#8221;|||on|||||&#8221; body_text_align=&#8221;center&#8221; global_colors_info=&#8221;{}&#8221;]<\/p>\n<h1><span class=\"cierna\">CNC forg\u00f3- \u00e9s billen\u0151asztalok<\/span> <\/h1>\n<p>[\/et_pb_blurb][\/et_pb_column][\/et_pb_row][et_pb_row column_structure=&#8221;1_2,1_2&#8243; _builder_version=&#8221;4.21.0&#8243; _module_preset=&#8221;default&#8221; global_colors_info=&#8221;{}&#8221;][et_pb_column type=&#8221;1_2&#8243; _builder_version=&#8221;4.21.0&#8243; _module_preset=&#8221;default&#8221; global_colors_info=&#8221;{}&#8221;][et_pb_blurb url=&#8221;https:\/\/almer.sk\/hu\/cnc-forgotarcsak\/4-tengely\/&#8221; image=&#8221;https:\/\/almer.sk\/wp-content\/uploads\/2023\/06\/KCR-320-4th-axis.png&#8221; alt=&#8221;KCR-320 4. tengely&#8221; _builder_version=&#8221;4.22.1&#8243; _module_preset=&#8221;default&#8221; width=&#8221;100%&#8221; max_width=&#8221;100%&#8221; module_alignment=&#8221;center&#8221; custom_margin=&#8221;||||false|false&#8221; animation=&#8221;off&#8221; link_option_url=&#8221;https:\/\/almer.sk\/hu\/cnc-forgotarcsak\/4-tengely\/&#8221; global_colors_info=&#8221;{}&#8221;]<\/p>\n<h3 style=\"text-align: center;\"><span class=\"cervena\">Forg\u00f3 asztalok &#8211;<\/span> 4. tengely<\/h3>\n<p>[\/et_pb_blurb][\/et_pb_column][et_pb_column type=&#8221;1_2&#8243; _builder_version=&#8221;4.21.0&#8243; _module_preset=&#8221;default&#8221; global_colors_info=&#8221;{}&#8221;][et_pb_blurb url=&#8221;https:\/\/almer.sk\/hu\/cnc-forgotarcsak\/5-tengely\/&#8221; image=&#8221;https:\/\/almer.sk\/wp-content\/uploads\/2023\/06\/KFR-250-5th-axis.png&#8221; alt=&#8221;KFR-250 5. tengely&#8221; _builder_version=&#8221;4.22.1&#8243; _module_preset=&#8221;default&#8221; animation=&#8221;off&#8221; link_option_url=&#8221;https:\/\/almer.sk\/hu\/cnc-forgotarcsak\/5-tengely\/&#8221; hover_enabled=&#8221;0&#8243; locked=&#8221;off&#8221; global_colors_info=&#8221;{}&#8221; sticky_enabled=&#8221;0&#8243;]<\/p>\n<h3 style=\"text-align: center;\"><span class=\"cervena\">Billenthet\u0151 \u00e9s elford\u00edthat\u00f3 asztalok &#8211;<\/span> 4. a 5. OS<\/h3>\n<p>[\/et_pb_blurb][et_pb_blurb _builder_version=&#8221;4.21.0&#8243; _module_preset=&#8221;default&#8221; text_orientation=&#8221;center&#8221; custom_margin=&#8221;-30px||||false|false&#8221; global_colors_info=&#8221;{}&#8221;]kompakt k\u00e9ttengelyes pozicion\u00e1l\u00f3k[\/et_pb_blurb][\/et_pb_column][\/et_pb_row][et_pb_row admin_label=&#8221;Sor&#8221; _builder_version=&#8221;4.21.0&#8243; _module_preset=&#8221;default&#8221; global_colors_info=&#8221;{}&#8221;][et_pb_column type=&#8221;4_4&#8243; _builder_version=&#8221;4.21.0&#8243; _module_preset=&#8221;default&#8221; global_colors_info=&#8221;{}&#8221;][et_pb_blurb content_max_width=&#8221;1100px&#8221; _builder_version=&#8221;4.21.0&#8243; _module_preset=&#8221;default&#8221; global_colors_info=&#8221;{}&#8221;]<\/p>\n<ul>\n<li><strong>Nagy pontoss\u00e1g:<\/strong> az abszol\u00fat pozicion\u00e1l\u00e1si pontoss\u00e1g kevesebb mint <strong>10 \u00edvm\u00e1sodperc<\/strong> (0,0028\u00b0).<\/li>\n<li>Az <strong>oszt\u00e1si pontoss\u00e1g<\/strong> el\u00e9ri a \u00b1 1,5 \u00edvm\u00e1sodperc <strong>pontoss\u00e1got<\/strong>.<\/li>\n<li>Az <strong>ism\u00e9telt pontoss\u00e1g<\/strong> el\u00e9ri az 1,2 \u00edvm\u00e1sodperc <strong>pontoss\u00e1got<\/strong>.<\/li>\n<li><strong>Z\u00e9r\u00f3 akarat:<\/strong> Akarat n\u00e9lk\u00fcli harmonikus meghajt\u00e1s.<\/li>\n<li><strong>Nagy nyomat\u00e9k:<\/strong> kis m\u00e9ret, nagy nyomat\u00e9k; kimeneti nyomat\u00e9k ak\u00e1r 1470 Nm.<\/li>\n<li><strong>Karbantart\u00e1smentes:<\/strong> nincs pontoss\u00e1groml\u00e1s, nincs sz\u00fcks\u00e9g rendszeres karbantart\u00e1sra. A pontoss\u00e1g t\u00f6bb mint 20 000 \u00f3r\u00e1nyi haszn\u00e1lat ut\u00e1n is v\u00e1ltozatlan marad.<\/li>\n<li><strong>Integr\u00e1ci\u00f3:<\/strong> nagym\u00e9rt\u00e9kben integr\u00e1lt, be\u00e9p\u00edtett, rendk\u00edv\u00fcl pontos \u00e9s merev, speci\u00e1lis harmonikus LD szersz\u00e1mg\u00e9pekhez val\u00f3 speci\u00e1lis felharmonikus reduktorral (nemzetk\u00f6zileg szabadalmaztatott term\u00e9k) \u00e9s nagy teljes\u00edtm\u00e9ny\u0171, nagy teljes\u00edtm\u00e9nys\u0171r\u0171s\u00e9g\u0171 motorral, alacsony nyomat\u00e9kt\u00e1mogat\u00e1ssal.<\/li>\n<li><strong>Gyors v\u00e1lasz:<\/strong> kiv\u00e1l\u00f3 dinamikus v\u00e1lasz.<\/li>\n<li><strong>Gyors poz\u00edcion\u00e1l\u00e1s:<\/strong> nincs holtj\u00e1t\u00e9k \u00e9s nagy merevs\u00e9g; nem kell f\u00e9kezni munka k\u00f6zben, jelent\u0151sen cs\u00f6kkentve az id\u0151t<\/li>\n<li><strong>Nagy hat\u00e9konys\u00e1g:<\/strong> a hat\u00e9konys\u00e1g t\u00f6bb mint 80%.<\/li>\n<\/ul>\n<p>[\/et_pb_blurb][\/et_pb_column][\/et_pb_row][\/et_pb_section]<\/p>\n","protected":false},"excerpt":{"rendered":"<p>&lt; Kezd\u0151lap \/ CNC forg\u00f3- \u00e9s billen\u0151asztalokCNC forg\u00f3- \u00e9s billen\u0151asztalok Forg\u00f3 asztalok &#8211; 4. tengelyBillenthet\u0151 \u00e9s elford\u00edthat\u00f3 asztalok &#8211; 4. a 5. OSkompakt k\u00e9ttengelyes pozicion\u00e1l\u00f3k Nagy pontoss\u00e1g: az abszol\u00fat pozicion\u00e1l\u00e1si pontoss\u00e1g kevesebb mint 10 \u00edvm\u00e1sodperc (0,0028\u00b0). Az oszt\u00e1si pontoss\u00e1g el\u00e9ri a \u00b1 1,5 \u00edvm\u00e1sodperc pontoss\u00e1got. Az ism\u00e9telt pontoss\u00e1g el\u00e9ri az 1,2 \u00edvm\u00e1sodperc pontoss\u00e1got. Z\u00e9r\u00f3 akarat: [&hellip;]<\/p>\n","protected":false},"author":1,"featured_media":0,"parent":0,"menu_order":0,"comment_status":"closed","ping_status":"closed","template":"","meta":{"_et_pb_use_builder":"on","_et_pb_old_content":"","_et_gb_content_width":"","footnotes":""},"class_list":["post-5735","page","type-page","status-publish","hentry"],"yoast_head":"<!-- This site is optimized with the Yoast SEO plugin v26.6 - https:\/\/yoast.com\/wordpress\/plugins\/seo\/ -->\n<title>CNC forg\u00f3t\u00e1rcs\u00e1k - Almer.sk<\/title>\n<meta name=\"robots\" content=\"index, follow, max-snippet:-1, max-image-preview:large, max-video-preview:-1\" \/>\n<link rel=\"canonical\" href=\"https:\/\/almer.sk\/hu\/cnc-forgotarcsak\/\" \/>\n<meta property=\"og:locale\" content=\"hu_HU\" \/>\n<meta property=\"og:type\" content=\"article\" \/>\n<meta property=\"og:title\" content=\"CNC forg\u00f3t\u00e1rcs\u00e1k - Almer.sk\" \/>\n<meta property=\"og:description\" content=\"&lt; Kezd\u0151lap \/ CNC forg\u00f3- \u00e9s billen\u0151asztalokCNC forg\u00f3- \u00e9s billen\u0151asztalok Forg\u00f3 asztalok - 4. tengelyBillenthet\u0151 \u00e9s elford\u00edthat\u00f3 asztalok - 4. a 5. OSkompakt k\u00e9ttengelyes pozicion\u00e1l\u00f3k Nagy pontoss\u00e1g: az abszol\u00fat pozicion\u00e1l\u00e1si pontoss\u00e1g kevesebb mint 10 \u00edvm\u00e1sodperc (0,0028\u00b0). Az oszt\u00e1si pontoss\u00e1g el\u00e9ri a \u00b1 1,5 \u00edvm\u00e1sodperc pontoss\u00e1got. Az ism\u00e9telt pontoss\u00e1g el\u00e9ri az 1,2 \u00edvm\u00e1sodperc pontoss\u00e1got. Z\u00e9r\u00f3 akarat: [&hellip;]\" \/>\n<meta property=\"og:url\" content=\"https:\/\/almer.sk\/hu\/cnc-forgotarcsak\/\" \/>\n<meta property=\"og:site_name\" content=\"Almer.sk\" \/>\n<meta property=\"article:modified_time\" content=\"2023-09-06T08:47:50+00:00\" \/>\n<meta name=\"twitter:card\" content=\"summary_large_image\" \/>\n<meta name=\"twitter:label1\" content=\"Becs\u00fclt olvas\u00e1si id\u0151\" \/>\n\t<meta name=\"twitter:data1\" content=\"3 perc\" \/>\n<script type=\"application\/ld+json\" class=\"yoast-schema-graph\">{\"@context\":\"https:\/\/schema.org\",\"@graph\":[{\"@type\":\"WebPage\",\"@id\":\"https:\/\/almer.sk\/hu\/cnc-forgotarcsak\/\",\"url\":\"https:\/\/almer.sk\/hu\/cnc-forgotarcsak\/\",\"name\":\"CNC forg\u00f3t\u00e1rcs\u00e1k - Almer.sk\",\"isPartOf\":{\"@id\":\"https:\/\/almer.sk\/hu\/#website\"},\"datePublished\":\"2023-06-15T06:51:52+00:00\",\"dateModified\":\"2023-09-06T08:47:50+00:00\",\"breadcrumb\":{\"@id\":\"https:\/\/almer.sk\/hu\/cnc-forgotarcsak\/#breadcrumb\"},\"inLanguage\":\"hu\",\"potentialAction\":[{\"@type\":\"ReadAction\",\"target\":[\"https:\/\/almer.sk\/hu\/cnc-forgotarcsak\/\"]}]},{\"@type\":\"BreadcrumbList\",\"@id\":\"https:\/\/almer.sk\/hu\/cnc-forgotarcsak\/#breadcrumb\",\"itemListElement\":[{\"@type\":\"ListItem\",\"position\":1,\"name\":\"Home\",\"item\":\"https:\/\/almer.sk\/hu\/\"},{\"@type\":\"ListItem\",\"position\":2,\"name\":\"CNC forg\u00f3t\u00e1rcs\u00e1k\"}]},{\"@type\":\"WebSite\",\"@id\":\"https:\/\/almer.sk\/hu\/#website\",\"url\":\"https:\/\/almer.sk\/hu\/\",\"name\":\"Almer.sk\",\"description\":\"Technologick\u00fd l\u00edder v oblasti presn\u00fdch prevodoviek\",\"potentialAction\":[{\"@type\":\"SearchAction\",\"target\":{\"@type\":\"EntryPoint\",\"urlTemplate\":\"https:\/\/almer.sk\/hu\/?s={search_term_string}\"},\"query-input\":{\"@type\":\"PropertyValueSpecification\",\"valueRequired\":true,\"valueName\":\"search_term_string\"}}],\"inLanguage\":\"hu\"}]}<\/script>\n<!-- \/ Yoast SEO plugin. -->","yoast_head_json":{"title":"CNC forg\u00f3t\u00e1rcs\u00e1k - Almer.sk","robots":{"index":"index","follow":"follow","max-snippet":"max-snippet:-1","max-image-preview":"max-image-preview:large","max-video-preview":"max-video-preview:-1"},"canonical":"https:\/\/almer.sk\/hu\/cnc-forgotarcsak\/","og_locale":"hu_HU","og_type":"article","og_title":"CNC forg\u00f3t\u00e1rcs\u00e1k - Almer.sk","og_description":"&lt; Kezd\u0151lap \/ CNC forg\u00f3- \u00e9s billen\u0151asztalokCNC forg\u00f3- \u00e9s billen\u0151asztalok Forg\u00f3 asztalok - 4. tengelyBillenthet\u0151 \u00e9s elford\u00edthat\u00f3 asztalok - 4. a 5. OSkompakt k\u00e9ttengelyes pozicion\u00e1l\u00f3k Nagy pontoss\u00e1g: az abszol\u00fat pozicion\u00e1l\u00e1si pontoss\u00e1g kevesebb mint 10 \u00edvm\u00e1sodperc (0,0028\u00b0). Az oszt\u00e1si pontoss\u00e1g el\u00e9ri a \u00b1 1,5 \u00edvm\u00e1sodperc pontoss\u00e1got. Az ism\u00e9telt pontoss\u00e1g el\u00e9ri az 1,2 \u00edvm\u00e1sodperc pontoss\u00e1got. Z\u00e9r\u00f3 akarat: [&hellip;]","og_url":"https:\/\/almer.sk\/hu\/cnc-forgotarcsak\/","og_site_name":"Almer.sk","article_modified_time":"2023-09-06T08:47:50+00:00","twitter_card":"summary_large_image","twitter_misc":{"Becs\u00fclt olvas\u00e1si id\u0151":"3 perc"},"schema":{"@context":"https:\/\/schema.org","@graph":[{"@type":"WebPage","@id":"https:\/\/almer.sk\/hu\/cnc-forgotarcsak\/","url":"https:\/\/almer.sk\/hu\/cnc-forgotarcsak\/","name":"CNC forg\u00f3t\u00e1rcs\u00e1k - Almer.sk","isPartOf":{"@id":"https:\/\/almer.sk\/hu\/#website"},"datePublished":"2023-06-15T06:51:52+00:00","dateModified":"2023-09-06T08:47:50+00:00","breadcrumb":{"@id":"https:\/\/almer.sk\/hu\/cnc-forgotarcsak\/#breadcrumb"},"inLanguage":"hu","potentialAction":[{"@type":"ReadAction","target":["https:\/\/almer.sk\/hu\/cnc-forgotarcsak\/"]}]},{"@type":"BreadcrumbList","@id":"https:\/\/almer.sk\/hu\/cnc-forgotarcsak\/#breadcrumb","itemListElement":[{"@type":"ListItem","position":1,"name":"Home","item":"https:\/\/almer.sk\/hu\/"},{"@type":"ListItem","position":2,"name":"CNC forg\u00f3t\u00e1rcs\u00e1k"}]},{"@type":"WebSite","@id":"https:\/\/almer.sk\/hu\/#website","url":"https:\/\/almer.sk\/hu\/","name":"Almer.sk","description":"Technologick\u00fd l\u00edder v oblasti presn\u00fdch prevodoviek","potentialAction":[{"@type":"SearchAction","target":{"@type":"EntryPoint","urlTemplate":"https:\/\/almer.sk\/hu\/?s={search_term_string}"},"query-input":{"@type":"PropertyValueSpecification","valueRequired":true,"valueName":"search_term_string"}}],"inLanguage":"hu"}]}},"_links":{"self":[{"href":"https:\/\/almer.sk\/hu\/wp-json\/wp\/v2\/pages\/5735","targetHints":{"allow":["GET"]}}],"collection":[{"href":"https:\/\/almer.sk\/hu\/wp-json\/wp\/v2\/pages"}],"about":[{"href":"https:\/\/almer.sk\/hu\/wp-json\/wp\/v2\/types\/page"}],"author":[{"embeddable":true,"href":"https:\/\/almer.sk\/hu\/wp-json\/wp\/v2\/users\/1"}],"replies":[{"embeddable":true,"href":"https:\/\/almer.sk\/hu\/wp-json\/wp\/v2\/comments?post=5735"}],"version-history":[{"count":5,"href":"https:\/\/almer.sk\/hu\/wp-json\/wp\/v2\/pages\/5735\/revisions"}],"predecessor-version":[{"id":6606,"href":"https:\/\/almer.sk\/hu\/wp-json\/wp\/v2\/pages\/5735\/revisions\/6606"}],"wp:attachment":[{"href":"https:\/\/almer.sk\/hu\/wp-json\/wp\/v2\/media?parent=5735"}],"curies":[{"name":"wp","href":"https:\/\/api.w.org\/{rel}","templated":true}]}}