{"id":5633,"date":"2023-06-15T08:52:05","date_gmt":"2023-06-15T06:52:05","guid":{"rendered":"https:\/\/almer.sk\/forgohajtasok\/"},"modified":"2023-09-04T11:35:14","modified_gmt":"2023-09-04T09:35:14","slug":"forgohajtasok","status":"publish","type":"page","link":"https:\/\/almer.sk\/hu\/forgohajtasok\/","title":{"rendered":"Forg\u00f3hajt\u00e1sok"},"content":{"rendered":"<p>[et_pb_section fb_built=&#8221;1&#8243; admin_label=&#8221;Section&#8221; _builder_version=&#8221;4.21.0&#8243; _module_preset=&#8221;default&#8221; locked=&#8221;off&#8221; global_colors_info=&#8221;{}&#8221;][et_pb_row _builder_version=&#8221;4.21.0&#8243; _module_preset=&#8221;default&#8221; width=&#8221;90%&#8221; global_colors_info=&#8221;{}&#8221;][et_pb_column type=&#8221;4_4&#8243; _builder_version=&#8221;4.21.0&#8243; _module_preset=&#8221;default&#8221; global_colors_info=&#8221;{}&#8221;][et_pb_blurb content_max_width=&#8221;1100px&#8221; _builder_version=&#8221;4.22.1&#8243; _module_preset=&#8221;default&#8221; body_text_align=&#8221;left&#8221; hover_enabled=&#8221;0&#8243; global_colors_info=&#8221;{}&#8221; sticky_enabled=&#8221;0&#8243;]<\/p>\n<p style=\"text-align: left;\"><a class=\"bread\" href=\"https:\/\/almer.sk\/hu\/\">&lt; F\u0151oldal<\/a> \/ Forg\u00f3hajt\u00e1sok<\/p>\n<p>[\/et_pb_blurb][et_pb_blurb _builder_version=&#8221;4.21.0&#8243; _module_preset=&#8221;default&#8221; header_level=&#8221;h1&#8243; header_font=&#8221;|||on|||||&#8221; body_font=&#8221;|||on|||||&#8221; body_text_align=&#8221;center&#8221; global_colors_info=&#8221;{}&#8221;]<\/p>\n<h1><span class=\"cierna\">Forg\u00f3 harmonikus<\/span> m\u0171k\u00f6dtet\u0151k<\/h1>\n<p>[\/et_pb_blurb][\/et_pb_column][\/et_pb_row][et_pb_row column_structure=&#8221;1_4,1_4,1_4,1_4&#8243; _builder_version=&#8221;4.21.0&#8243; _module_preset=&#8221;default&#8221; custom_margin=&#8221;20px||||false|false&#8221; global_colors_info=&#8221;{}&#8221;][et_pb_column type=&#8221;1_4&#8243; _builder_version=&#8221;4.21.0&#8243; _module_preset=&#8221;default&#8221; global_colors_info=&#8221;{}&#8221;][et_pb_blurb url=&#8221;https:\/\/almer.sk\/hu\/forgohajtasok\/aah-forgohajtasok\/&#8221; image=&#8221;https:\/\/almer.sk\/wp-content\/uploads\/2023\/06\/actuator-KAH.gif&#8221; alt=&#8221;m\u0171k\u00f6dtet\u0151-KAH&#8221; _builder_version=&#8221;4.21.0&#8243; _module_preset=&#8221;default&#8221; width=&#8221;100%&#8221; max_width=&#8221;100%&#8221; module_alignment=&#8221;center&#8221; custom_margin=&#8221;||||false|false&#8221; animation=&#8221;off&#8221; link_option_url=&#8221;https:\/\/almer.sk\/hu\/forgohajtasok\/aah-forgohajtasok\/&#8221; global_colors_info=&#8221;{}&#8221;]<\/p>\n<h3 style=\"text-align: center;\"><span class=\"cervena\">AAH<\/span> sorozat<\/h3>\n<p>[\/et_pb_blurb][\/et_pb_column][et_pb_column type=&#8221;1_4&#8243; _builder_version=&#8221;4.21.0&#8243; _module_preset=&#8221;default&#8221; global_colors_info=&#8221;{}&#8221;][et_pb_blurb url=&#8221;https:\/\/almer.sk\/hu\/forgohajtasok\/aat-forgohajtasok\/&#8221; image=&#8221;https:\/\/almer.sk\/wp-content\/uploads\/2023\/06\/actuator-KAT.gif&#8221; alt=&#8221;m\u0171k\u00f6dtet\u0151-KAT&#8221; _builder_version=&#8221;4.21.0&#8243; _module_preset=&#8221;default&#8221; width=&#8221;100%&#8221; max_width=&#8221;100%&#8221; module_alignment=&#8221;center&#8221; custom_margin=&#8221;||||false|false&#8221; animation=&#8221;off&#8221; link_option_url=&#8221;https:\/\/almer.sk\/hu\/forgohajtasok\/aat-forgohajtasok\/&#8221; global_colors_info=&#8221;{}&#8221;]<\/p>\n<h3 style=\"text-align: center;\"><span class=\"cervena\">AAT<\/span> sorozat<\/h3>\n<p>[\/et_pb_blurb][\/et_pb_column][et_pb_column type=&#8221;1_4&#8243; _builder_version=&#8221;4.21.0&#8243; _module_preset=&#8221;default&#8221; global_colors_info=&#8221;{}&#8221;][et_pb_blurb url=&#8221;https:\/\/almer.sk\/hu\/forgohajtasok\/aas-forgohajtasok\/&#8221; image=&#8221;https:\/\/almer.sk\/wp-content\/uploads\/2023\/06\/actuator-KAS.gif&#8221; alt=&#8221;m\u0171k\u00f6dtet\u0151-KAS&#8221; _builder_version=&#8221;4.21.0&#8243; _module_preset=&#8221;default&#8221; width=&#8221;100%&#8221; max_width=&#8221;100%&#8221; module_alignment=&#8221;center&#8221; custom_margin=&#8221;||||false|false&#8221; animation=&#8221;off&#8221; link_option_url=&#8221;https:\/\/almer.sk\/hu\/forgohajtasok\/aas-forgohajtasok\/&#8221; global_colors_info=&#8221;{}&#8221;]<\/p>\n<h3 style=\"text-align: center;\"><span class=\"cervena\">AAS<\/span> sorozat<\/h3>\n<p>[\/et_pb_blurb][\/et_pb_column][et_pb_column type=&#8221;1_4&#8243; _builder_version=&#8221;4.21.0&#8243; _module_preset=&#8221;default&#8221; global_colors_info=&#8221;{}&#8221;][et_pb_blurb url=&#8221;https:\/\/almer.sk\/hu\/forgohajtasok\/agm-forgokerekes-mukodtetok\/&#8221; image=&#8221;https:\/\/almer.sk\/wp-content\/uploads\/2023\/06\/actuator-KGM.gif&#8221; alt=&#8221;m\u0171k\u00f6dtet\u0151-KGM&#8221; _builder_version=&#8221;4.21.0&#8243; _module_preset=&#8221;default&#8221; width=&#8221;100%&#8221; max_width=&#8221;100%&#8221; module_alignment=&#8221;center&#8221; custom_margin=&#8221;||||false|false&#8221; animation=&#8221;off&#8221; link_option_url=&#8221;https:\/\/almer.sk\/hu\/forgohajtasok\/agm-forgokerekes-mukodtetok\/&#8221; global_colors_info=&#8221;{}&#8221;]<\/p>\n<h3 style=\"text-align: center;\"><span class=\"cervena\">AGM<\/span> sorozat<\/h3>\n<p>[\/et_pb_blurb][\/et_pb_column][\/et_pb_row][et_pb_row admin_label=&#8221;Sor&#8221; _builder_version=&#8221;4.21.0&#8243; _module_preset=&#8221;default&#8221; global_colors_info=&#8221;{}&#8221;][et_pb_column type=&#8221;4_4&#8243; _builder_version=&#8221;4.21.0&#8243; _module_preset=&#8221;default&#8221; global_colors_info=&#8221;{}&#8221;][et_pb_blurb content_max_width=&#8221;1100px&#8221; _builder_version=&#8221;4.21.0&#8243; _module_preset=&#8221;default&#8221; global_colors_info=&#8221;{}&#8221;]<\/p>\n<p><span style=\"color: #ff0000;\"><br \/>\n  <strong>Integr\u00e1lt harmonikus m\u0171k\u00f6dtet\u0151k<\/strong><br \/>\n<\/span><span style=\"color: #ff0000;\">nagy, ak\u00e1r 800 Nm-es nyomat\u00e9kot<\/span> \u00e9s <span style=\"color: #ff0000;\">nagy pontoss\u00e1g\u00fa forg\u00e1svez\u00e9rl\u00e9st<\/span> biztos\u00edtanak. Integr\u00e1lt tervez\u00e9si, feldolgoz\u00e1si \u00e9s \u00f6sszeszerel\u00e9si technik\u00e1inak k\u00f6sz\u00f6nhet\u0151en kompakt, minden egyben megold\u00e1sk\u00e9nt tervezt\u00e9k \u00e9s gy\u00e1rtj\u00e1k: azaz nagy pontoss\u00e1g\u00fa, holtj\u00e1t\u00e9kmentes <span style=\"color: #ff0000;\">harmonikus hajt\u00f3m\u0171<\/span> integr\u00e1lt <span style=\"color: #ff0000;\">keretnyomat\u00e9kmotorral<\/span>, \u00fcreges tengellyel, <span style=\"color: #ff0000;\">abszol\u00fat vagy<\/span> nagy felbont\u00e1s\u00fa <span style=\"color: #ff0000;\">inkrement\u00e1lis k\u00f3dol\u00f3val<\/span>, opcion\u00e1lisan integr\u00e1lt <span style=\"color: #ff0000;\">f\u00e9kkel<\/span> \u00e9s intelligens k\u00f3dol\u00f3val.<\/p>\n<p>N\u00e9gy k\u00fcl\u00f6nb\u00f6z\u0151 sorozat \u00e1ll rendelkez\u00e9sre a k\u00fcl\u00f6nb\u00f6z\u0151 ipari ig\u00e9nyeknek \u00e9s alkalmaz\u00e1soknak megfelel\u0151en:<\/p>\n<p><span style=\"color: #ff0000;\"> <strong>AAH \u00e9s AAT<\/strong> sorozat<\/span> \u00fcreges tengelyes kialak\u00edt\u00e1ssal a helytakar\u00e9kos \u00e9s z\u00f6kken\u0151mentes k\u00e1belalkalmaz\u00e1sokhoz;<\/p>\n<p><span style=\"color: #ff0000;\"> <strong>AAS<\/strong> sorozat<\/span> teljes tengelyes kivitelben;<\/p>\n<p><span style=\"color: #ff0000;\"> <strong>AGM<\/strong> sorozat<\/span> \u00fcreges tengellyel, integr\u00e1lt elektronik\u00e1val<span style=\"color: #ff0000;\">(EtherCAT vagy CANOpen<\/span>) poz\u00edci\u00f3-, sebess\u00e9g- \u00e9s nyomat\u00e9kszab\u00e1lyoz\u00e1si alkalmaz\u00e1sokhoz &#8211; minden egyben.<\/p>\n<p>Integr\u00e1lt harmonikus hajt\u00f3m\u0171ves motorjaink <span style=\"color: #ff0000;\">48VDC, 110VAC vagy 220VAC<\/span> szabv\u00e1nyos bemeneti fesz\u00fclts\u00e9ggel m\u0171k\u00f6dnek.<\/p>\n<p>Tov\u00e1bbi testreszab\u00e1si lehet\u0151s\u00e9gek: a tekercsel\u00e9sek \u00e9s sz\u00e1mos m\u0171szaki adat (p\u00e9ld\u00e1ul nyomat\u00e9kok, fordulatsz\u00e1mok stb.) k\u00e9r\u00e9sre szint\u00e9n testre szabhat\u00f3k.<\/p>\n<p>[\/et_pb_blurb][\/et_pb_column][\/et_pb_row][\/et_pb_section]<\/p>\n","protected":false},"excerpt":{"rendered":"<p>&lt; F\u0151oldal \/ Forg\u00f3hajt\u00e1sokForg\u00f3 harmonikus m\u0171k\u00f6dtet\u0151kAAH sorozatAAT sorozatAAS sorozatAGM sorozat Integr\u00e1lt harmonikus m\u0171k\u00f6dtet\u0151k nagy, ak\u00e1r 800 Nm-es nyomat\u00e9kot \u00e9s nagy pontoss\u00e1g\u00fa forg\u00e1svez\u00e9rl\u00e9st biztos\u00edtanak. Integr\u00e1lt tervez\u00e9si, feldolgoz\u00e1si \u00e9s \u00f6sszeszerel\u00e9si technik\u00e1inak k\u00f6sz\u00f6nhet\u0151en kompakt, minden egyben megold\u00e1sk\u00e9nt tervezt\u00e9k \u00e9s gy\u00e1rtj\u00e1k: azaz nagy pontoss\u00e1g\u00fa, holtj\u00e1t\u00e9kmentes harmonikus hajt\u00f3m\u0171 integr\u00e1lt keretnyomat\u00e9kmotorral, \u00fcreges tengellyel, abszol\u00fat vagy nagy felbont\u00e1s\u00fa inkrement\u00e1lis k\u00f3dol\u00f3val, opcion\u00e1lisan integr\u00e1lt [&hellip;]<\/p>\n","protected":false},"author":1,"featured_media":0,"parent":0,"menu_order":0,"comment_status":"closed","ping_status":"closed","template":"","meta":{"_et_pb_use_builder":"on","_et_pb_old_content":"","_et_gb_content_width":"","footnotes":""},"class_list":["post-5633","page","type-page","status-publish","hentry"],"yoast_head":"<!-- This site is optimized with the Yoast SEO plugin v26.6 - https:\/\/yoast.com\/wordpress\/plugins\/seo\/ -->\n<title>Forg\u00f3hajt\u00e1sok - Almer.sk<\/title>\n<meta name=\"robots\" content=\"index, follow, max-snippet:-1, max-image-preview:large, max-video-preview:-1\" \/>\n<link rel=\"canonical\" href=\"https:\/\/almer.sk\/hu\/forgohajtasok\/\" \/>\n<meta property=\"og:locale\" content=\"hu_HU\" \/>\n<meta property=\"og:type\" content=\"article\" \/>\n<meta property=\"og:title\" content=\"Forg\u00f3hajt\u00e1sok - Almer.sk\" \/>\n<meta property=\"og:description\" content=\"&lt; F\u0151oldal \/ Forg\u00f3hajt\u00e1sokForg\u00f3 harmonikus m\u0171k\u00f6dtet\u0151kAAH sorozatAAT sorozatAAS sorozatAGM sorozat Integr\u00e1lt harmonikus m\u0171k\u00f6dtet\u0151k nagy, ak\u00e1r 800 Nm-es nyomat\u00e9kot \u00e9s nagy pontoss\u00e1g\u00fa forg\u00e1svez\u00e9rl\u00e9st biztos\u00edtanak. Integr\u00e1lt tervez\u00e9si, feldolgoz\u00e1si \u00e9s \u00f6sszeszerel\u00e9si technik\u00e1inak k\u00f6sz\u00f6nhet\u0151en kompakt, minden egyben megold\u00e1sk\u00e9nt tervezt\u00e9k \u00e9s gy\u00e1rtj\u00e1k: azaz nagy pontoss\u00e1g\u00fa, holtj\u00e1t\u00e9kmentes harmonikus hajt\u00f3m\u0171 integr\u00e1lt keretnyomat\u00e9kmotorral, \u00fcreges tengellyel, abszol\u00fat vagy nagy felbont\u00e1s\u00fa inkrement\u00e1lis k\u00f3dol\u00f3val, opcion\u00e1lisan integr\u00e1lt [&hellip;]\" \/>\n<meta property=\"og:url\" content=\"https:\/\/almer.sk\/hu\/forgohajtasok\/\" \/>\n<meta property=\"og:site_name\" content=\"Almer.sk\" \/>\n<meta property=\"article:modified_time\" content=\"2023-09-04T09:35:14+00:00\" \/>\n<meta name=\"twitter:card\" content=\"summary_large_image\" \/>\n<meta name=\"twitter:label1\" content=\"Becs\u00fclt olvas\u00e1si id\u0151\" \/>\n\t<meta name=\"twitter:data1\" content=\"3 perc\" \/>\n<script type=\"application\/ld+json\" class=\"yoast-schema-graph\">{\"@context\":\"https:\/\/schema.org\",\"@graph\":[{\"@type\":\"WebPage\",\"@id\":\"https:\/\/almer.sk\/hu\/forgohajtasok\/\",\"url\":\"https:\/\/almer.sk\/hu\/forgohajtasok\/\",\"name\":\"Forg\u00f3hajt\u00e1sok - Almer.sk\",\"isPartOf\":{\"@id\":\"https:\/\/almer.sk\/hu\/#website\"},\"datePublished\":\"2023-06-15T06:52:05+00:00\",\"dateModified\":\"2023-09-04T09:35:14+00:00\",\"breadcrumb\":{\"@id\":\"https:\/\/almer.sk\/hu\/forgohajtasok\/#breadcrumb\"},\"inLanguage\":\"hu\",\"potentialAction\":[{\"@type\":\"ReadAction\",\"target\":[\"https:\/\/almer.sk\/hu\/forgohajtasok\/\"]}]},{\"@type\":\"BreadcrumbList\",\"@id\":\"https:\/\/almer.sk\/hu\/forgohajtasok\/#breadcrumb\",\"itemListElement\":[{\"@type\":\"ListItem\",\"position\":1,\"name\":\"Home\",\"item\":\"https:\/\/almer.sk\/hu\/\"},{\"@type\":\"ListItem\",\"position\":2,\"name\":\"Forg\u00f3hajt\u00e1sok\"}]},{\"@type\":\"WebSite\",\"@id\":\"https:\/\/almer.sk\/hu\/#website\",\"url\":\"https:\/\/almer.sk\/hu\/\",\"name\":\"Almer.sk\",\"description\":\"Technologick\u00fd l\u00edder v oblasti presn\u00fdch prevodoviek\",\"potentialAction\":[{\"@type\":\"SearchAction\",\"target\":{\"@type\":\"EntryPoint\",\"urlTemplate\":\"https:\/\/almer.sk\/hu\/?s={search_term_string}\"},\"query-input\":{\"@type\":\"PropertyValueSpecification\",\"valueRequired\":true,\"valueName\":\"search_term_string\"}}],\"inLanguage\":\"hu\"}]}<\/script>\n<!-- \/ Yoast SEO plugin. -->","yoast_head_json":{"title":"Forg\u00f3hajt\u00e1sok - Almer.sk","robots":{"index":"index","follow":"follow","max-snippet":"max-snippet:-1","max-image-preview":"max-image-preview:large","max-video-preview":"max-video-preview:-1"},"canonical":"https:\/\/almer.sk\/hu\/forgohajtasok\/","og_locale":"hu_HU","og_type":"article","og_title":"Forg\u00f3hajt\u00e1sok - Almer.sk","og_description":"&lt; F\u0151oldal \/ Forg\u00f3hajt\u00e1sokForg\u00f3 harmonikus m\u0171k\u00f6dtet\u0151kAAH sorozatAAT sorozatAAS sorozatAGM sorozat Integr\u00e1lt harmonikus m\u0171k\u00f6dtet\u0151k nagy, ak\u00e1r 800 Nm-es nyomat\u00e9kot \u00e9s nagy pontoss\u00e1g\u00fa forg\u00e1svez\u00e9rl\u00e9st biztos\u00edtanak. Integr\u00e1lt tervez\u00e9si, feldolgoz\u00e1si \u00e9s \u00f6sszeszerel\u00e9si technik\u00e1inak k\u00f6sz\u00f6nhet\u0151en kompakt, minden egyben megold\u00e1sk\u00e9nt tervezt\u00e9k \u00e9s gy\u00e1rtj\u00e1k: azaz nagy pontoss\u00e1g\u00fa, holtj\u00e1t\u00e9kmentes harmonikus hajt\u00f3m\u0171 integr\u00e1lt keretnyomat\u00e9kmotorral, \u00fcreges tengellyel, abszol\u00fat vagy nagy felbont\u00e1s\u00fa inkrement\u00e1lis k\u00f3dol\u00f3val, opcion\u00e1lisan integr\u00e1lt [&hellip;]","og_url":"https:\/\/almer.sk\/hu\/forgohajtasok\/","og_site_name":"Almer.sk","article_modified_time":"2023-09-04T09:35:14+00:00","twitter_card":"summary_large_image","twitter_misc":{"Becs\u00fclt olvas\u00e1si id\u0151":"3 perc"},"schema":{"@context":"https:\/\/schema.org","@graph":[{"@type":"WebPage","@id":"https:\/\/almer.sk\/hu\/forgohajtasok\/","url":"https:\/\/almer.sk\/hu\/forgohajtasok\/","name":"Forg\u00f3hajt\u00e1sok - Almer.sk","isPartOf":{"@id":"https:\/\/almer.sk\/hu\/#website"},"datePublished":"2023-06-15T06:52:05+00:00","dateModified":"2023-09-04T09:35:14+00:00","breadcrumb":{"@id":"https:\/\/almer.sk\/hu\/forgohajtasok\/#breadcrumb"},"inLanguage":"hu","potentialAction":[{"@type":"ReadAction","target":["https:\/\/almer.sk\/hu\/forgohajtasok\/"]}]},{"@type":"BreadcrumbList","@id":"https:\/\/almer.sk\/hu\/forgohajtasok\/#breadcrumb","itemListElement":[{"@type":"ListItem","position":1,"name":"Home","item":"https:\/\/almer.sk\/hu\/"},{"@type":"ListItem","position":2,"name":"Forg\u00f3hajt\u00e1sok"}]},{"@type":"WebSite","@id":"https:\/\/almer.sk\/hu\/#website","url":"https:\/\/almer.sk\/hu\/","name":"Almer.sk","description":"Technologick\u00fd l\u00edder v oblasti presn\u00fdch prevodoviek","potentialAction":[{"@type":"SearchAction","target":{"@type":"EntryPoint","urlTemplate":"https:\/\/almer.sk\/hu\/?s={search_term_string}"},"query-input":{"@type":"PropertyValueSpecification","valueRequired":true,"valueName":"search_term_string"}}],"inLanguage":"hu"}]}},"_links":{"self":[{"href":"https:\/\/almer.sk\/hu\/wp-json\/wp\/v2\/pages\/5633","targetHints":{"allow":["GET"]}}],"collection":[{"href":"https:\/\/almer.sk\/hu\/wp-json\/wp\/v2\/pages"}],"about":[{"href":"https:\/\/almer.sk\/hu\/wp-json\/wp\/v2\/types\/page"}],"author":[{"embeddable":true,"href":"https:\/\/almer.sk\/hu\/wp-json\/wp\/v2\/users\/1"}],"replies":[{"embeddable":true,"href":"https:\/\/almer.sk\/hu\/wp-json\/wp\/v2\/comments?post=5633"}],"version-history":[{"count":5,"href":"https:\/\/almer.sk\/hu\/wp-json\/wp\/v2\/pages\/5633\/revisions"}],"predecessor-version":[{"id":6573,"href":"https:\/\/almer.sk\/hu\/wp-json\/wp\/v2\/pages\/5633\/revisions\/6573"}],"wp:attachment":[{"href":"https:\/\/almer.sk\/hu\/wp-json\/wp\/v2\/media?parent=5633"}],"curies":[{"name":"wp","href":"https:\/\/api.w.org\/{rel}","templated":true}]}}