{"id":5607,"date":"2020-02-17T14:11:13","date_gmt":"2020-02-17T13:11:13","guid":{"rendered":"https:\/\/almer.sk\/home\/"},"modified":"2023-07-31T11:37:08","modified_gmt":"2023-07-31T09:37:08","slug":"home","status":"publish","type":"page","link":"https:\/\/almer.sk\/hu\/","title":{"rendered":"Home"},"content":{"rendered":"<p>[et_pb_section fb_built=&#8221;1&#8243; fullwidth=&#8221;on&#8221; disabled_on=&#8221;off|off|off&#8221; _builder_version=&#8221;4.21.0&#8243; _module_preset=&#8221;default&#8221; border_width_top=&#8221;5px&#8221; border_color_top=&#8221;#FF0000&#8243; border_width_bottom=&#8221;5px&#8221; border_color_bottom=&#8221;#FF0000&#8243; global_colors_info=&#8221;{}&#8221;][et_pb_fullwidth_slider _builder_version=&#8221;4.21.0&#8243; _module_preset=&#8221;default&#8221; content_width=&#8221;65%&#8221; max_height=&#8221;500px&#8221; custom_margin_tablet=&#8221;&#8221; custom_margin_phone=&#8221;||0px||false|false&#8221; custom_margin_last_edited=&#8221;on|phone&#8221; global_colors_info=&#8221;{}&#8221;][et_pb_slide heading=&#8221;Bemutatjuk a prec\u00edzi\u00f3s sebess\u00e9gv\u00e1lt\u00f3k vil\u00e1gels\u0151 technol\u00f3giai vezet\u0151j\u00e9t&#8221; use_bg_overlay=&#8221;off&#8221; use_text_overlay=&#8221;on&#8221; _builder_version=&#8221;4.21.0&#8243; _module_preset=&#8221;default&#8221; header_font_size=&#8221;35px&#8221; background_image=&#8221;https:\/\/almer.sk\/wp-content\/uploads\/2020\/02\/slider1.jpg&#8221; background_enable_image=&#8221;on&#8221; width=&#8221;100%&#8221; max_width=&#8221;100%&#8221; header_text_color_tablet=&#8221;&#8221; header_text_color_phone=&#8221;&#8221; header_text_color_last_edited=&#8221;on|phone&#8221; header_font_size_tablet=&#8221;35px&#8221; header_font_size_phone=&#8221;22px&#8221; header_font_size_last_edited=&#8221;on|phone&#8221; background_last_edited=&#8221;on|desktop&#8221; background_enable_color_phone=&#8221;off&#8221; background_image_phone=&#8221;https:\/\/almer.sk\/wp-content\/uploads\/2020\/04\/slider1-mobile.jpg&#8221; background_enable_image_phone=&#8221;on&#8221; global_colors_info=&#8221;{}&#8221; sticky_transition=&#8221;on&#8221;][\/et_pb_slide][et_pb_slide heading=&#8221;\u00daj gener\u00e1ci\u00f3s redukci\u00f3s sebess\u00e9gv\u00e1lt\u00f3k &#8211; Y modell&#8221; use_text_overlay=&#8221;on&#8221; _builder_version=&#8221;4.21.0&#8243; _module_preset=&#8221;default&#8221; background_enable_color=&#8221;off&#8221; background_image=&#8221;https:\/\/almer.sk\/wp-content\/uploads\/2020\/03\/slider-2-new.jpg&#8221; background_enable_image=&#8221;on&#8221; width=&#8221;100%&#8221; max_width=&#8221;100%&#8221; background_last_edited=&#8221;on|phone&#8221; background_image_phone=&#8221;https:\/\/almer.sk\/wp-content\/uploads\/2020\/04\/slider-2-mobile.jpg&#8221; background_enable_image_phone=&#8221;on&#8221; global_colors_info=&#8221;{}&#8221; sticky_transition=&#8221;on&#8221;]<\/p>\n<p>A vil\u00e1g els\u0151 harmonikus reduktora, amely 10 \u00edvm\u00e1sodperc \u00e1tviteli pontoss\u00e1got \u00e9r el<\/p>\n<p>Az Y modell \u00e9lettartama t\u00f6bb mint 20 000 \u00f3r\u00e1ra n\u0151tt<\/p>\n<p>[\/et_pb_slide][et_pb_slide use_bg_overlay=&#8221;off&#8221; use_text_overlay=&#8221;on&#8221; text_overlay_color=&#8221;#000000&#8243; text_overlay_color_tablet=&#8221;#000000&#8243; text_overlay_color_phone=&#8221;rgba(10,10,10,0.54)&#8221; text_overlay_color_last_edited=&#8221;on|phone&#8221; _builder_version=&#8221;4.21.0&#8243; _module_preset=&#8221;default&#8221; body_font_size=&#8221;20px&#8221; background_enable_color=&#8221;off&#8221; background_image=&#8221;https:\/\/almer.sk\/wp-content\/uploads\/2020\/03\/gears.jpg&#8221; background_enable_image=&#8221;on&#8221; width=&#8221;100%&#8221; max_width=&#8221;100%&#8221; global_colors_info=&#8221;{}&#8221; sticky_transition=&#8221;on&#8221;]<\/p>\n<p style=\"font-weight: 400;\">M\u0171szaki tervez\u00e9s \u00e9s t\u00e1mogat\u00e1s<\/p>\n<p style=\"font-weight: 400;\">Kutat\u00e1s \u00e9s fejleszt\u00e9s<\/p>\n<p style=\"font-weight: 400;\">Term\u00e9k testreszab\u00e1sa<\/p>\n<p style=\"font-weight: 400;\">Legjobb sz\u00e1ll\u00edt\u00e1si id\u0151k<\/p>\n<p style=\"font-weight: 400;\">Komplex megold\u00e1sok a forg\u00f3mozg\u00e1sokhoz<\/p>\n<p>[\/et_pb_slide][\/et_pb_fullwidth_slider][\/et_pb_section][et_pb_section fb_built=&#8221;1&#8243; disabled_on=&#8221;off|off|off&#8221; _builder_version=&#8221;4.21.0&#8243; global_colors_info=&#8221;{}&#8221;][et_pb_row column_structure=&#8221;1_3,1_3,1_3&#8243; use_custom_gutter=&#8221;on&#8221; gutter_width=&#8221;2&#8243; _builder_version=&#8221;4.21.0&#8243; global_colors_info=&#8221;{}&#8221;][et_pb_column type=&#8221;1_3&#8243; _builder_version=&#8221;4.16&#8243; global_colors_info=&#8221;{}&#8221;][et_pb_blurb title=&#8221;Harmonikus sebess\u00e9gv\u00e1lt\u00f3k&#8221; url=&#8221;https:\/\/almer.sk\/hu\/harmonikus-sebessegvaltok\/&#8221; admin_label=&#8221;Blurb&#8221; _builder_version=&#8221;4.21.0&#8243; _module_preset=&#8221;default&#8221; header_font=&#8221;|||on|||||&#8221; header_text_align=&#8221;center&#8221; header_text_color=&#8221;#000000&#8243; hover_enabled=&#8221;0&#8243; global_colors_info=&#8221;{}&#8221; link_option_url=&#8221;https:\/\/almer.sk\/hu\/harmonikus-sebessegvaltok\/&#8221; sticky_enabled=&#8221;0&#8243;][\/et_pb_blurb][et_pb_blurb url=&#8221;https:\/\/almer.sk\/hu\/harmonikus-sebessegvaltok\/&#8221; image=&#8221;https:\/\/almer.sk\/wp-content\/uploads\/2023\/06\/Slide-New-Gener.png&#8221; image_icon_width=&#8221;80%&#8221; _builder_version=&#8221;4.21.0&#8243; header_font=&#8221;|||on|||||&#8221; header_text_color=&#8221;#ff0000&#8243; header_font_size=&#8221;16px&#8221; text_orientation=&#8221;center&#8221; animation=&#8221;off&#8221; link_option_url=&#8221;https:\/\/almer.sk\/hu\/harmonikus-sebessegvaltok\/&#8221; hover_enabled=&#8221;0&#8243; global_colors_info=&#8221;{}&#8221; sticky_enabled=&#8221;0&#8243;][\/et_pb_blurb][\/et_pb_column][et_pb_column type=&#8221;1_3&#8243; _builder_version=&#8221;4.16&#8243; global_colors_info=&#8221;{}&#8221;][et_pb_blurb title=&#8221;CNC forg\u00f3asztalok&#8221; url=&#8221;https:\/\/almer.sk\/hu\/cnc-forgotarcsak\/&#8221; _builder_version=&#8221;4.21.0&#8243; _module_preset=&#8221;default&#8221; header_font=&#8221;|||on|||||&#8221; header_text_align=&#8221;center&#8221; header_text_color=&#8221;#000000&#8243; hover_enabled=&#8221;0&#8243; global_colors_info=&#8221;{}&#8221; sticky_enabled=&#8221;0&#8243;][\/et_pb_blurb][et_pb_blurb url=&#8221;https:\/\/almer.sk\/hu\/cnc-forgotarcsak\/&#8221; image=&#8221;https:\/\/almer.sk\/wp-content\/uploads\/2023\/06\/Kfr-320-5th-axis.png&#8221; image_icon_width=&#8221;90%&#8221; _builder_version=&#8221;4.21.0&#8243; header_font=&#8221;|||on|||||&#8221; header_text_color=&#8221;#ff0000&#8243; header_font_size=&#8221;16px&#8221; text_orientation=&#8221;center&#8221; animation=&#8221;off&#8221; link_option_url=&#8221;https:\/\/almer.sk\/hu\/cnc-forgotarcsak\/&#8221; hover_enabled=&#8221;0&#8243; global_colors_info=&#8221;{}&#8221; sticky_enabled=&#8221;0&#8243;][\/et_pb_blurb][\/et_pb_column][et_pb_column type=&#8221;1_3&#8243; _builder_version=&#8221;4.16&#8243; global_colors_info=&#8221;{}&#8221;][et_pb_blurb title=&#8221;Forg\u00f3hajt\u00e1sok&#8221; url=&#8221;https:\/\/almer.sk\/hu\/forgohajtasok\/&#8221; _builder_version=&#8221;4.21.0&#8243; _module_preset=&#8221;default&#8221; header_font=&#8221;|||on|||||&#8221; header_text_align=&#8221;center&#8221; header_text_color=&#8221;#000000&#8243; hover_enabled=&#8221;0&#8243; global_colors_info=&#8221;{}&#8221; sticky_enabled=&#8221;0&#8243;][\/et_pb_blurb][et_pb_blurb url=&#8221;https:\/\/almer.sk\/hu\/forgohajtasok\/&#8221; image=&#8221;https:\/\/almer.sk\/wp-content\/uploads\/2023\/06\/actuator-AAT.gif&#8221; image_icon_width=&#8221;80%&#8221; _builder_version=&#8221;4.21.0&#8243; header_font=&#8221;|||on|||||&#8221; header_text_color=&#8221;#ff0000&#8243; header_font_size=&#8221;16px&#8221; text_orientation=&#8221;center&#8221; animation=&#8221;off&#8221; link_option_url=&#8221;https:\/\/almer.sk\/hu\/forgohajtasok\/&#8221; hover_enabled=&#8221;0&#8243; global_colors_info=&#8221;{}&#8221; sticky_enabled=&#8221;0&#8243;][\/et_pb_blurb][\/et_pb_column][\/et_pb_row][et_pb_row column_structure=&#8221;1_3,1_3,1_3&#8243; use_custom_gutter=&#8221;on&#8221; gutter_width=&#8221;2&#8243; make_equal=&#8221;on&#8221; _builder_version=&#8221;4.21.0&#8243; global_colors_info=&#8221;{}&#8221;][et_pb_column type=&#8221;1_3&#8243; _builder_version=&#8221;4.16&#8243; global_colors_info=&#8221;{}&#8221;][et_pb_blurb title=&#8221;Bolyg\u00f3m\u0171ves sebess\u00e9gv\u00e1lt\u00f3k&#8221; url=&#8221;https:\/\/almer.sk\/hu\/bolygomuves-sebessegvaltok\/&#8221; admin_label=&#8221;Blurb&#8221; _builder_version=&#8221;4.21.0&#8243; _module_preset=&#8221;default&#8221; header_font=&#8221;|||on|||||&#8221; header_text_align=&#8221;center&#8221; header_text_color=&#8221;#000000&#8243; hover_enabled=&#8221;0&#8243; global_colors_info=&#8221;{}&#8221; sticky_enabled=&#8221;0&#8243;][\/et_pb_blurb][et_pb_blurb url=&#8221;https:\/\/almer.sk\/hu\/bolygomuves-sebessegvaltok\/&#8221; image=&#8221;https:\/\/almer.sk\/wp-content\/uploads\/2023\/06\/Priame-prevodovky-e1686811016163.png&#8221; alt=&#8221;K\u00f6zvetlen sebess\u00e9gv\u00e1lt\u00f3k&#8221; image_icon_width=&#8221;80%&#8221; _builder_version=&#8221;4.21.0&#8243; header_font=&#8221;|||on|||||&#8221; header_text_color=&#8221;#ff0000&#8243; header_font_size=&#8221;16px&#8221; text_orientation=&#8221;center&#8221; width=&#8221;100%&#8221; max_width=&#8221;100%&#8221; module_alignment=&#8221;center&#8221; animation=&#8221;off&#8221; link_option_url=&#8221;https:\/\/almer.sk\/hu\/bolygomuves-sebessegvaltok\/&#8221; hover_enabled=&#8221;0&#8243; global_colors_info=&#8221;{}&#8221; sticky_enabled=&#8221;0&#8243;][\/et_pb_blurb][\/et_pb_column][et_pb_column type=&#8221;1_3&#8243; _builder_version=&#8221;4.16&#8243; global_colors_info=&#8221;{}&#8221;][et_pb_blurb title=&#8221;Motorok&#8221; url=&#8221;https:\/\/almer.sk\/hu\/motorok\/&#8221; _builder_version=&#8221;4.21.0&#8243; _module_preset=&#8221;default&#8221; header_font=&#8221;|||on|||||&#8221; header_text_align=&#8221;center&#8221; header_text_color=&#8221;#000000&#8243; hover_enabled=&#8221;0&#8243; global_colors_info=&#8221;{}&#8221; sticky_enabled=&#8221;0&#8243;][\/et_pb_blurb][et_pb_blurb url=&#8221;https:\/\/almer.sk\/hu\/motorok\/&#8221; image=&#8221;https:\/\/almer.sk\/wp-content\/uploads\/2023\/06\/Motory.png&#8221; image_icon_width=&#8221;79%&#8221; _builder_version=&#8221;4.21.0&#8243; header_font=&#8221;|||on|||||&#8221; header_text_color=&#8221;#ff0000&#8243; header_font_size=&#8221;16px&#8221; text_orientation=&#8221;center&#8221; animation=&#8221;off&#8221; link_option_url=&#8221;https:\/\/almer.sk\/hu\/motorok\/&#8221; hover_enabled=&#8221;0&#8243; global_colors_info=&#8221;{}&#8221; sticky_enabled=&#8221;0&#8243;][\/et_pb_blurb][\/et_pb_column][et_pb_column type=&#8221;1_3&#8243; _builder_version=&#8221;4.16&#8243; global_colors_info=&#8221;{}&#8221;][et_pb_blurb title=&#8221;Integr\u00e1lt term\u00e9kek&#8221; url=&#8221;https:\/\/almer.sk\/hu\/integralt-termekek\/&#8221; _builder_version=&#8221;4.21.0&#8243; _module_preset=&#8221;default&#8221; header_font=&#8221;|||on|||||&#8221; header_text_align=&#8221;center&#8221; header_text_color=&#8221;#000000&#8243; hover_enabled=&#8221;0&#8243; global_colors_info=&#8221;{}&#8221; sticky_enabled=&#8221;0&#8243;][\/et_pb_blurb][et_pb_blurb url=&#8221;https:\/\/almer.sk\/hu\/integralt-termekek\/&#8221; image=&#8221;https:\/\/almer.sk\/wp-content\/uploads\/2023\/07\/5-osovy-vodnolucovy-rotator-AC.png&#8221; alt=&#8221;5 tengelyes v\u00edzsugaras rot\u00e1tor &#8211; AC&#8221; image_icon_width=&#8221;79%&#8221; _builder_version=&#8221;4.21.0&#8243; header_font=&#8221;|||on|||||&#8221; header_text_color=&#8221;#ff0000&#8243; header_font_size=&#8221;16px&#8221; text_orientation=&#8221;center&#8221; animation=&#8221;off&#8221; link_option_url=&#8221;https:\/\/almer.sk\/hu\/integralt-termekek\/&#8221; hover_enabled=&#8221;0&#8243; global_colors_info=&#8221;{}&#8221; sticky_enabled=&#8221;0&#8243;][\/et_pb_blurb][\/et_pb_column][\/et_pb_row][\/et_pb_section][et_pb_section fb_built=&#8221;1&#8243; _builder_version=&#8221;4.21.0&#8243; _module_preset=&#8221;default&#8221; custom_margin=&#8221;||||false|false&#8221; custom_padding=&#8221;0px||0px||false|false&#8221; border_width_top=&#8221;5px&#8221; border_color_top=&#8221;#FF0000&#8243; border_width_bottom=&#8221;5px&#8221; border_color_bottom=&#8221;#FF0000&#8243; global_colors_info=&#8221;{}&#8221;][et_pb_row column_structure=&#8221;1_3,1_3,1_3&#8243; _builder_version=&#8221;4.21.0&#8243; _module_preset=&#8221;default&#8221; background_image=&#8221;https:\/\/almer.sk\/wp-content\/uploads\/2020\/02\/gears-1.jpg&#8221; parallax=&#8221;on&#8221; width=&#8221;100%&#8221; max_width=&#8221;2560px&#8221; global_colors_info=&#8221;{}&#8221;][et_pb_column type=&#8221;1_3&#8243; _builder_version=&#8221;4.21.0&#8243; _module_preset=&#8221;default&#8221; global_colors_info=&#8221;{}&#8221;][et_pb_number_counter title=&#8221;\u00fcgyf\u00e9l-el\u00e9gedetts\u00e9g&#8221; number=&#8221;100&#8243; _builder_version=&#8221;4.21.0&#8243; _module_preset=&#8221;default&#8221; title_text_color=&#8221;#FFFFFF&#8221; number_text_color=&#8221;#FFFFFF&#8221; global_colors_info=&#8221;{}&#8221;][\/et_pb_number_counter][\/et_pb_column][et_pb_column type=&#8221;1_3&#8243; _builder_version=&#8221;4.21.0&#8243; _module_preset=&#8221;default&#8221; global_colors_info=&#8221;{}&#8221;][et_pb_number_counter title=&#8221;t\u00f6bb \u00e9ves tapasztalat&#8221; number=&#8221;15&#8243; percent_sign=&#8221;off&#8221; _builder_version=&#8221;4.21.0&#8243; _module_preset=&#8221;default&#8221; title_text_color=&#8221;#FFFFFF&#8221; number_text_color=&#8221;#FFFFFF&#8221; global_colors_info=&#8221;{}&#8221;][\/et_pb_number_counter][\/et_pb_column][et_pb_column type=&#8221;1_3&#8243; _builder_version=&#8221;4.21.0&#8243; _module_preset=&#8221;default&#8221; global_colors_info=&#8221;{}&#8221;][et_pb_number_counter title=&#8221;rakt\u00e1ron l\u00e9v\u0151 term\u00e9kek&#8221; number=&#8221;300&#8243; percent_sign=&#8221;off&#8221; _builder_version=&#8221;4.21.0&#8243; _module_preset=&#8221;default&#8221; title_text_color=&#8221;#FFFFFF&#8221; number_text_color=&#8221;#FFFFFF&#8221; global_colors_info=&#8221;{}&#8221;][\/et_pb_number_counter][\/et_pb_column][\/et_pb_row][\/et_pb_section]<\/p>\n","protected":false},"excerpt":{"rendered":"<p>A vil\u00e1g els\u0151 harmonikus reduktora, amely 10 \u00edvm\u00e1sodperc \u00e1tviteli pontoss\u00e1got \u00e9r el Az Y modell \u00e9lettartama t\u00f6bb mint 20 000 \u00f3r\u00e1ra n\u0151ttM\u0171szaki tervez\u00e9s \u00e9s t\u00e1mogat\u00e1s Kutat\u00e1s \u00e9s fejleszt\u00e9s Term\u00e9k testreszab\u00e1sa Legjobb sz\u00e1ll\u00edt\u00e1si id\u0151k Komplex megold\u00e1sok a forg\u00f3mozg\u00e1sokhoz<\/p>\n","protected":false},"author":1,"featured_media":0,"parent":0,"menu_order":0,"comment_status":"closed","ping_status":"closed","template":"","meta":{"_et_pb_use_builder":"on","_et_pb_old_content":"","_et_gb_content_width":"","footnotes":""},"class_list":["post-5607","page","type-page","status-publish","hentry"],"yoast_head":"<!-- This site is optimized with the Yoast SEO plugin v26.6 - https:\/\/yoast.com\/wordpress\/plugins\/seo\/ -->\n<title>Hull\u00e1mhajt\u00f3m\u0171vek \u00e9s aktu\u00e1torok - Almer.sk<\/title>\n<meta name=\"description\" content=\"Hull\u00e1mhajt\u00f3m\u0171vek \u00e9s m\u0171k\u00f6dtet\u0151k. Bemutatkozik A glob\u00e1lis technol\u00f3giai vezet\u0151 a prec\u00edzi\u00f3s \u00e1tvitel ter\u00fclet\u00e9n. Almer.sk.\" \/>\n<meta name=\"robots\" content=\"index, follow, max-snippet:-1, max-image-preview:large, max-video-preview:-1\" \/>\n<link rel=\"canonical\" href=\"https:\/\/almer.sk\/hu\/\" \/>\n<meta property=\"og:locale\" content=\"hu_HU\" \/>\n<meta property=\"og:type\" content=\"article\" \/>\n<meta property=\"og:title\" content=\"Hull\u00e1mhajt\u00f3m\u0171vek \u00e9s aktu\u00e1torok - Almer.sk\" \/>\n<meta property=\"og:description\" content=\"Hull\u00e1mhajt\u00f3m\u0171vek \u00e9s m\u0171k\u00f6dtet\u0151k. Bemutatkozik A glob\u00e1lis technol\u00f3giai vezet\u0151 a prec\u00edzi\u00f3s \u00e1tvitel ter\u00fclet\u00e9n. Almer.sk.\" \/>\n<meta property=\"og:url\" content=\"https:\/\/almer.sk\/hu\/\" \/>\n<meta property=\"og:site_name\" content=\"Almer.sk\" \/>\n<meta property=\"article:modified_time\" content=\"2023-07-31T09:37:08+00:00\" \/>\n<meta name=\"twitter:card\" content=\"summary_large_image\" \/>\n<meta name=\"twitter:label1\" content=\"Becs\u00fclt olvas\u00e1si id\u0151\" \/>\n\t<meta name=\"twitter:data1\" content=\"7 perc\" \/>\n<script type=\"application\/ld+json\" class=\"yoast-schema-graph\">{\"@context\":\"https:\/\/schema.org\",\"@graph\":[{\"@type\":\"WebPage\",\"@id\":\"https:\/\/almer.sk\/hu\/\",\"url\":\"https:\/\/almer.sk\/hu\/\",\"name\":\"Hull\u00e1mhajt\u00f3m\u0171vek \u00e9s aktu\u00e1torok - Almer.sk\",\"isPartOf\":{\"@id\":\"https:\/\/almer.sk\/hu\/#website\"},\"datePublished\":\"2020-02-17T13:11:13+00:00\",\"dateModified\":\"2023-07-31T09:37:08+00:00\",\"description\":\"Hull\u00e1mhajt\u00f3m\u0171vek \u00e9s m\u0171k\u00f6dtet\u0151k. Bemutatkozik A glob\u00e1lis technol\u00f3giai vezet\u0151 a prec\u00edzi\u00f3s \u00e1tvitel ter\u00fclet\u00e9n. Almer.sk.\",\"breadcrumb\":{\"@id\":\"https:\/\/almer.sk\/hu\/#breadcrumb\"},\"inLanguage\":\"hu\",\"potentialAction\":[{\"@type\":\"ReadAction\",\"target\":[\"https:\/\/almer.sk\/hu\/\"]}]},{\"@type\":\"BreadcrumbList\",\"@id\":\"https:\/\/almer.sk\/hu\/#breadcrumb\",\"itemListElement\":[{\"@type\":\"ListItem\",\"position\":1,\"name\":\"Home\",\"item\":\"https:\/\/almer.sk\/hu\/\"},{\"@type\":\"ListItem\",\"position\":2,\"name\":\"Home\"}]},{\"@type\":\"WebSite\",\"@id\":\"https:\/\/almer.sk\/hu\/#website\",\"url\":\"https:\/\/almer.sk\/hu\/\",\"name\":\"Almer.sk\",\"description\":\"Technologick\u00fd l\u00edder v oblasti presn\u00fdch prevodoviek\",\"potentialAction\":[{\"@type\":\"SearchAction\",\"target\":{\"@type\":\"EntryPoint\",\"urlTemplate\":\"https:\/\/almer.sk\/hu\/?s={search_term_string}\"},\"query-input\":{\"@type\":\"PropertyValueSpecification\",\"valueRequired\":true,\"valueName\":\"search_term_string\"}}],\"inLanguage\":\"hu\"}]}<\/script>\n<!-- \/ Yoast SEO plugin. -->","yoast_head_json":{"title":"Hull\u00e1mhajt\u00f3m\u0171vek \u00e9s aktu\u00e1torok - Almer.sk","description":"Hull\u00e1mhajt\u00f3m\u0171vek \u00e9s m\u0171k\u00f6dtet\u0151k. Bemutatkozik A glob\u00e1lis technol\u00f3giai vezet\u0151 a prec\u00edzi\u00f3s \u00e1tvitel ter\u00fclet\u00e9n. Almer.sk.","robots":{"index":"index","follow":"follow","max-snippet":"max-snippet:-1","max-image-preview":"max-image-preview:large","max-video-preview":"max-video-preview:-1"},"canonical":"https:\/\/almer.sk\/hu\/","og_locale":"hu_HU","og_type":"article","og_title":"Hull\u00e1mhajt\u00f3m\u0171vek \u00e9s aktu\u00e1torok - Almer.sk","og_description":"Hull\u00e1mhajt\u00f3m\u0171vek \u00e9s m\u0171k\u00f6dtet\u0151k. Bemutatkozik A glob\u00e1lis technol\u00f3giai vezet\u0151 a prec\u00edzi\u00f3s \u00e1tvitel ter\u00fclet\u00e9n. Almer.sk.","og_url":"https:\/\/almer.sk\/hu\/","og_site_name":"Almer.sk","article_modified_time":"2023-07-31T09:37:08+00:00","twitter_card":"summary_large_image","twitter_misc":{"Becs\u00fclt olvas\u00e1si id\u0151":"7 perc"},"schema":{"@context":"https:\/\/schema.org","@graph":[{"@type":"WebPage","@id":"https:\/\/almer.sk\/hu\/","url":"https:\/\/almer.sk\/hu\/","name":"Hull\u00e1mhajt\u00f3m\u0171vek \u00e9s aktu\u00e1torok - Almer.sk","isPartOf":{"@id":"https:\/\/almer.sk\/hu\/#website"},"datePublished":"2020-02-17T13:11:13+00:00","dateModified":"2023-07-31T09:37:08+00:00","description":"Hull\u00e1mhajt\u00f3m\u0171vek \u00e9s m\u0171k\u00f6dtet\u0151k. Bemutatkozik A glob\u00e1lis technol\u00f3giai vezet\u0151 a prec\u00edzi\u00f3s \u00e1tvitel ter\u00fclet\u00e9n. Almer.sk.","breadcrumb":{"@id":"https:\/\/almer.sk\/hu\/#breadcrumb"},"inLanguage":"hu","potentialAction":[{"@type":"ReadAction","target":["https:\/\/almer.sk\/hu\/"]}]},{"@type":"BreadcrumbList","@id":"https:\/\/almer.sk\/hu\/#breadcrumb","itemListElement":[{"@type":"ListItem","position":1,"name":"Home","item":"https:\/\/almer.sk\/hu\/"},{"@type":"ListItem","position":2,"name":"Home"}]},{"@type":"WebSite","@id":"https:\/\/almer.sk\/hu\/#website","url":"https:\/\/almer.sk\/hu\/","name":"Almer.sk","description":"Technologick\u00fd l\u00edder v oblasti presn\u00fdch prevodoviek","potentialAction":[{"@type":"SearchAction","target":{"@type":"EntryPoint","urlTemplate":"https:\/\/almer.sk\/hu\/?s={search_term_string}"},"query-input":{"@type":"PropertyValueSpecification","valueRequired":true,"valueName":"search_term_string"}}],"inLanguage":"hu"}]}},"_links":{"self":[{"href":"https:\/\/almer.sk\/hu\/wp-json\/wp\/v2\/pages\/5607","targetHints":{"allow":["GET"]}}],"collection":[{"href":"https:\/\/almer.sk\/hu\/wp-json\/wp\/v2\/pages"}],"about":[{"href":"https:\/\/almer.sk\/hu\/wp-json\/wp\/v2\/types\/page"}],"author":[{"embeddable":true,"href":"https:\/\/almer.sk\/hu\/wp-json\/wp\/v2\/users\/1"}],"replies":[{"embeddable":true,"href":"https:\/\/almer.sk\/hu\/wp-json\/wp\/v2\/comments?post=5607"}],"version-history":[{"count":6,"href":"https:\/\/almer.sk\/hu\/wp-json\/wp\/v2\/pages\/5607\/revisions"}],"predecessor-version":[{"id":6143,"href":"https:\/\/almer.sk\/hu\/wp-json\/wp\/v2\/pages\/5607\/revisions\/6143"}],"wp:attachment":[{"href":"https:\/\/almer.sk\/hu\/wp-json\/wp\/v2\/media?parent=5607"}],"curies":[{"name":"wp","href":"https:\/\/api.w.org\/{rel}","templated":true}]}}