{"id":5606,"date":"2020-02-17T14:32:49","date_gmt":"2020-02-17T13:32:49","guid":{"rendered":"https:\/\/almer.sk\/rolunk\/"},"modified":"2023-07-28T11:26:09","modified_gmt":"2023-07-28T09:26:09","slug":"rolunk","status":"publish","type":"page","link":"https:\/\/almer.sk\/hu\/rolunk\/","title":{"rendered":"R\u00f3lunk"},"content":{"rendered":"<p>[et_pb_section fb_built=&#8221;1&#8243; _builder_version=&#8221;4.16&#8243; global_colors_info=&#8221;{}&#8221;][et_pb_row _builder_version=&#8221;4.16&#8243; global_colors_info=&#8221;{}&#8221;][et_pb_column type=&#8221;4_4&#8243; _builder_version=&#8221;4.16&#8243; global_colors_info=&#8221;{}&#8221;][et_pb_blurb content_max_width=&#8221;1100px&#8221; _builder_version=&#8221;4.21.0&#8243; hover_enabled=&#8221;0&#8243; global_colors_info=&#8221;{}&#8221; sticky_enabled=&#8221;0&#8243;]<\/p>\n<p> <a class=\"bread\" href=\"https:\/\/almer.sk\/hu\/\">&gt; F\u0151oldal<\/a> \/ R\u00f3lunk<\/p>\n<p>[\/et_pb_blurb][\/et_pb_column][\/et_pb_row][et_pb_row _builder_version=&#8221;4.16&#8243; global_colors_info=&#8221;{}&#8221;][et_pb_column type=&#8221;4_4&#8243; _builder_version=&#8221;4.16&#8243; global_colors_info=&#8221;{}&#8221;][et_pb_blurb _builder_version=&#8221;4.21.0&#8243; body_font=&#8221;|||on|||||&#8221; body_text_align=&#8221;center&#8221; body_text_color=&#8221;#ff0000&#8243; body_font_size=&#8221;30px&#8221; hover_enabled=&#8221;0&#8243; global_colors_info=&#8221;{}&#8221; sticky_enabled=&#8221;0&#8243;]<\/p>\n<h1 style=\"text-align: center;\">R\u00f3lunk<\/h1>\n<p>[\/et_pb_blurb][\/et_pb_column][\/et_pb_row][et_pb_row column_structure=&#8221;1_3,1_3,1_3&#8243; _builder_version=&#8221;4.16&#8243; global_colors_info=&#8221;{}&#8221;][et_pb_column type=&#8221;1_3&#8243; _builder_version=&#8221;4.16&#8243; global_colors_info=&#8221;{}&#8221;][et_pb_blurb use_icon=&#8221;on&#8221; font_icon=&#8221;&#xe00a;||divi||400&#8243; image_icon_width=&#8221;50px&#8221; _builder_version=&#8221;4.21.0&#8243; body_font_size=&#8221;15px&#8221; background_color=&#8221;#ffffff&#8221; text_orientation=&#8221;center&#8221; custom_padding=&#8221;40px|20px|40px|20px|false|false&#8221; animation=&#8221;off&#8221; box_shadow_style=&#8221;preset1&#8243; icon_font_size=&#8221;50px&#8221; global_colors_info=&#8221;{}&#8221;]<\/p>\n<p>A hajt\u00e1stechnika, az automatiz\u00e1l\u00e1s \u00e9s a robotika specialist\u00e1i vagyunk.<\/p>\n<p>[\/et_pb_blurb][\/et_pb_column][et_pb_column type=&#8221;1_3&#8243; _builder_version=&#8221;4.16&#8243; global_colors_info=&#8221;{}&#8221;][et_pb_blurb use_icon=&#8221;on&#8221; font_icon=&#8221;&#xe035;||divi||400&#8243; image_icon_width=&#8221;50px&#8221; _builder_version=&#8221;4.21.0&#8243; body_font_size=&#8221;15px&#8221; background_color=&#8221;#ffffff&#8221; text_orientation=&#8221;center&#8221; custom_padding=&#8221;40px|20px|40px|20px|false|false&#8221; animation=&#8221;off&#8221; box_shadow_style=&#8221;preset1&#8243; icon_font_size=&#8221;50px&#8221; global_colors_info=&#8221;{}&#8221;]<\/p>\n<p>K\u00edn\u00e1latunkban szerepelnek tervez\u00e9si \u00e9s gy\u00e1rt\u00e1si lehet\u0151s\u00e9gek is, az egyes alkatr\u00e9szekt\u0151l a teljes g\u00e9pekig a kezel\u00e9shez, automatiz\u00e1l\u00e1shoz, \u00f6sszeszerel\u00e9shez.<\/p>\n<p>[\/et_pb_blurb][\/et_pb_column][et_pb_column type=&#8221;1_3&#8243; _builder_version=&#8221;4.16&#8243; global_colors_info=&#8221;{}&#8221;][et_pb_blurb use_icon=&#8221;on&#8221; font_icon=&#8221;&#xe038;||divi||400&#8243; image_icon_width=&#8221;50px&#8221; _builder_version=&#8221;4.21.0&#8243; body_font_size=&#8221;15px&#8221; background_color=&#8221;#ffffff&#8221; text_orientation=&#8221;center&#8221; custom_padding=&#8221;40px|20px|40px|20px|false|false&#8221; animation=&#8221;off&#8221; box_shadow_style=&#8221;preset1&#8243; icon_font_size=&#8221;50px&#8221; global_colors_info=&#8221;{}&#8221;]<\/p>\n<p>Nagy pontoss\u00e1g\u00fa harmonikus hajt\u00f3m\u0171veket, bolyg\u00f3m\u0171veket; forg\u00f3hajt\u00e1sokat, 4. \u00e9s 5. tengelyes CNC forg\u00e1csol\u00f3asztalokat, integr\u00e1lt adapt\u00edv csiszol\u00f3 term\u00e9keket, 5 tengelyes v\u00edzsugaras rot\u00e1tort sz\u00e1ll\u00edtunk.<\/p>\n<p>[\/et_pb_blurb][\/et_pb_column][\/et_pb_row][et_pb_row column_structure=&#8221;1_2,1_2&#8243; _builder_version=&#8221;4.16&#8243; global_colors_info=&#8221;{}&#8221;][et_pb_column type=&#8221;1_2&#8243; _builder_version=&#8221;4.16&#8243; global_colors_info=&#8221;{}&#8221;][et_pb_blurb use_icon=&#8221;on&#8221; font_icon=&#8221;&#xe08b;||divi||400&#8243; image_icon_width=&#8221;50px&#8221; _builder_version=&#8221;4.21.0&#8243; body_font_size=&#8221;15px&#8221; background_color=&#8221;#ffffff&#8221; text_orientation=&#8221;center&#8221; custom_padding=&#8221;40px|20px|40px|20px|false|false&#8221; animation=&#8221;off&#8221; box_shadow_style=&#8221;preset1&#8243; icon_font_size=&#8221;50px&#8221; global_colors_info=&#8221;{}&#8221;]<\/p>\n<p>Mi t\u00f6bb vagyunk, mint egy kereskedelmi v\u00e1llalat, szakembereink az \u00fcgyf\u00e9lalkalmaz\u00e1sokban szerzett tapasztalataikat a k\u00f6rnyez\u0151 technol\u00f3gi\u00e1kba val\u00f3 betekint\u00e9s mellett kamatoztatj\u00e1k. Szak\u00e9rt\u0151i tan\u00e1csad\u00e1st ny\u00fajtunk a term\u00e9kv\u00e1laszt\u00e1ssal kapcsolatban, bele\u00e9rtve az \u00fcgyf\u00e9l alkalmaz\u00e1s\u00e1hoz sz\u00fcks\u00e9ges \u00e1tfog\u00f3 megold\u00e1s megtervez\u00e9s\u00e9nek lehet\u0151s\u00e9g\u00e9t is.<\/p>\n<p>[\/et_pb_blurb][\/et_pb_column][et_pb_column type=&#8221;1_2&#8243; _builder_version=&#8221;4.16&#8243; global_colors_info=&#8221;{}&#8221;][et_pb_blurb use_icon=&#8221;on&#8221; font_icon=&#8221;&#xe0e9;||divi||400&#8243; image_icon_width=&#8221;50px&#8221; _builder_version=&#8221;4.21.0&#8243; body_font_size=&#8221;15px&#8221; background_color=&#8221;#ffffff&#8221; text_orientation=&#8221;center&#8221; custom_padding=&#8221;40px|20px|40px|20px|false|false&#8221; animation=&#8221;off&#8221; box_shadow_style=&#8221;preset1&#8243; icon_font_size=&#8221;50px&#8221; global_colors_info=&#8221;{}&#8221;]<\/p>\n<p>2019-ben megkezdt\u00fck az egy\u00fcttm\u0171k\u00f6d\u00e9st a Leader Harmonious Drive System Co., Ltd.-vel. Ez egy high-tech v\u00e1llalat, amely a vil\u00e1g legmagasabb m\u0171szaki sz\u00ednvonal\u00fa \u00e9s min\u0151s\u00e9g\u0171 hull\u00e1m-harmonikus reduktorainak fejleszt\u00e9s\u00e9re, gy\u00e1rt\u00e1s\u00e1ra \u00e9s \u00e9rt\u00e9kes\u00edt\u00e9s\u00e9re szakosodott a r \u00f3ta. 2003.<\/p>\n<p>[\/et_pb_blurb][\/et_pb_column][\/et_pb_row][et_pb_row _builder_version=&#8221;4.16&#8243; global_colors_info=&#8221;{}&#8221;][et_pb_column type=&#8221;4_4&#8243; _builder_version=&#8221;4.16&#8243; global_colors_info=&#8221;{}&#8221;][et_pb_blurb use_icon=&#8221;on&#8221; font_icon=&#8221;&#xe0e3;||divi||400&#8243; image_icon_width=&#8221;50px&#8221; content_max_width=&#8221;1100px&#8221; _builder_version=&#8221;4.21.0&#8243; body_font_size=&#8221;15px&#8221; background_color=&#8221;#ffffff&#8221; text_orientation=&#8221;center&#8221; custom_padding=&#8221;40px|20px|40px|20px|false|false&#8221; animation=&#8221;off&#8221; box_shadow_style=&#8221;preset1&#8243; icon_font_size=&#8221;50px&#8221; global_colors_info=&#8221;{}&#8221;]<\/p>\n<p>Az Almer \u00e9s a Leader Drive t\u00f6k\u00e9letes szinergi\u00e1t alkot, amely kiv\u00e1l\u00f3 min\u0151s\u00e9g\u0171 term\u00e9ket biztos\u00edt<br \/>az \u00fcgyfelek rugalmass\u00e1g\u00e1t a tervez\u00e9sben, a testre szabott \u00e9p\u00edt\u00e9si megold\u00e1sokban,<br \/>t\u00e9teles mennyis\u00e9gek \u00e1tfut\u00e1si ideje \u00e9s a k\u00f6lts\u00e9galap\u00fa tervez\u00e9s megk\u00f6zel\u00edt\u00e9se.<\/p>\n<p>[\/et_pb_blurb][\/et_pb_column][\/et_pb_row][et_pb_row _builder_version=&#8221;4.16&#8243; global_colors_info=&#8221;{}&#8221;][et_pb_column type=&#8221;4_4&#8243; _builder_version=&#8221;4.16&#8243; global_colors_info=&#8221;{}&#8221;][et_pb_blurb title=&#8221;A v\u00e1llalat alapvet\u0151 adatai&#8221; content_max_width=&#8221;1100px&#8221; _builder_version=&#8221;4.21.0&#8243; header_level=&#8221;h3&#8243; header_font=&#8221;|300|||||||&#8221; header_text_align=&#8221;center&#8221; header_font_size=&#8221;28px&#8221; custom_margin=&#8221;25px||||false|false&#8221; global_colors_info=&#8221;{}&#8221;]<\/p>\n<p style=\"text-align: center;\">A hajt\u00e1stechnika, az automatiz\u00e1l\u00e1s \u00e9s a robotika specialist\u00e1i vagyunk.<\/p>\n<p style=\"text-align: center;\"><strong>C\u00e9gn\u00e9v<\/strong>: Almer, s.r.o.<\/p>\n<p style=\"text-align: center;\"><strong>Alap\u00edt\u00e1s \u00e9ve<\/strong>: 2009<\/p>\n<p style=\"text-align: center;\"><strong>Jogi forma<\/strong>: korl\u00e1tolt felel\u0151ss\u00e9g\u0171 t\u00e1rsas\u00e1g<\/p>\n<p style=\"text-align: center;\"><strong>Sz\u00e9khely<\/strong>: Almer, s.r.o., Z\u00e1hradn\u00e1 4012\/19, Pre\u0161ov 080 01<\/p>\n<p style=\"text-align: center;\"><strong>ID<\/strong>: 44 907 427<\/p>\n<p style=\"text-align: center;\"><strong>DPH<\/strong>: SK 2022 868 221<\/p>\n<p style=\"text-align: center;\"><strong>Nyilv\u00e1ntart\u00e1s<\/strong>: Pre\u0161ovi ker\u00fcleti b\u00edr\u00f3s\u00e1g, bet\u00e9t sz\u00e1ma: 21955 \/ P<\/p>\n<p>[\/et_pb_blurb][\/et_pb_column][\/et_pb_row][\/et_pb_section]<\/p>\n","protected":false},"excerpt":{"rendered":"<p>&gt; F\u0151oldal \/ R\u00f3lunkR\u00f3lunkA hajt\u00e1stechnika, az automatiz\u00e1l\u00e1s \u00e9s a robotika specialist\u00e1i vagyunk.K\u00edn\u00e1latunkban szerepelnek tervez\u00e9si \u00e9s gy\u00e1rt\u00e1si lehet\u0151s\u00e9gek is, az egyes alkatr\u00e9szekt\u0151l a teljes g\u00e9pekig a kezel\u00e9shez, automatiz\u00e1l\u00e1shoz, \u00f6sszeszerel\u00e9shez.Nagy pontoss\u00e1g\u00fa harmonikus hajt\u00f3m\u0171veket, bolyg\u00f3m\u0171veket; forg\u00f3hajt\u00e1sokat, 4. \u00e9s 5. tengelyes CNC forg\u00e1csol\u00f3asztalokat, integr\u00e1lt adapt\u00edv csiszol\u00f3 term\u00e9keket, 5 tengelyes v\u00edzsugaras rot\u00e1tort sz\u00e1ll\u00edtunk.Mi t\u00f6bb vagyunk, mint egy kereskedelmi v\u00e1llalat, szakembereink [&hellip;]<\/p>\n","protected":false},"author":1,"featured_media":0,"parent":0,"menu_order":0,"comment_status":"closed","ping_status":"closed","template":"","meta":{"_et_pb_use_builder":"on","_et_pb_old_content":"","_et_gb_content_width":"","footnotes":""},"class_list":["post-5606","page","type-page","status-publish","hentry"],"yoast_head":"<!-- This site is optimized with the Yoast SEO plugin v26.6 - https:\/\/yoast.com\/wordpress\/plugins\/seo\/ -->\n<title>R\u00f3lunk - Almer.sk<\/title>\n<meta name=\"robots\" content=\"index, follow, max-snippet:-1, max-image-preview:large, max-video-preview:-1\" \/>\n<link rel=\"canonical\" href=\"https:\/\/almer.sk\/hu\/rolunk\/\" \/>\n<meta property=\"og:locale\" content=\"hu_HU\" \/>\n<meta property=\"og:type\" content=\"article\" \/>\n<meta property=\"og:title\" content=\"R\u00f3lunk - Almer.sk\" \/>\n<meta property=\"og:description\" content=\"&gt; F\u0151oldal \/ R\u00f3lunkR\u00f3lunkA hajt\u00e1stechnika, az automatiz\u00e1l\u00e1s \u00e9s a robotika specialist\u00e1i vagyunk.K\u00edn\u00e1latunkban szerepelnek tervez\u00e9si \u00e9s gy\u00e1rt\u00e1si lehet\u0151s\u00e9gek is, az egyes alkatr\u00e9szekt\u0151l a teljes g\u00e9pekig a kezel\u00e9shez, automatiz\u00e1l\u00e1shoz, \u00f6sszeszerel\u00e9shez.Nagy pontoss\u00e1g\u00fa harmonikus hajt\u00f3m\u0171veket, bolyg\u00f3m\u0171veket; forg\u00f3hajt\u00e1sokat, 4. \u00e9s 5. tengelyes CNC forg\u00e1csol\u00f3asztalokat, integr\u00e1lt adapt\u00edv csiszol\u00f3 term\u00e9keket, 5 tengelyes v\u00edzsugaras rot\u00e1tort sz\u00e1ll\u00edtunk.Mi t\u00f6bb vagyunk, mint egy kereskedelmi v\u00e1llalat, szakembereink [&hellip;]\" \/>\n<meta property=\"og:url\" content=\"https:\/\/almer.sk\/hu\/rolunk\/\" \/>\n<meta property=\"og:site_name\" content=\"Almer.sk\" \/>\n<meta property=\"article:modified_time\" content=\"2023-07-28T09:26:09+00:00\" \/>\n<meta name=\"twitter:card\" content=\"summary_large_image\" \/>\n<meta name=\"twitter:label1\" content=\"Becs\u00fclt olvas\u00e1si id\u0151\" \/>\n\t<meta name=\"twitter:data1\" content=\"5 perc\" \/>\n<script type=\"application\/ld+json\" class=\"yoast-schema-graph\">{\"@context\":\"https:\/\/schema.org\",\"@graph\":[{\"@type\":\"WebPage\",\"@id\":\"https:\/\/almer.sk\/hu\/rolunk\/\",\"url\":\"https:\/\/almer.sk\/hu\/rolunk\/\",\"name\":\"R\u00f3lunk - Almer.sk\",\"isPartOf\":{\"@id\":\"https:\/\/almer.sk\/hu\/#website\"},\"datePublished\":\"2020-02-17T13:32:49+00:00\",\"dateModified\":\"2023-07-28T09:26:09+00:00\",\"breadcrumb\":{\"@id\":\"https:\/\/almer.sk\/hu\/rolunk\/#breadcrumb\"},\"inLanguage\":\"hu\",\"potentialAction\":[{\"@type\":\"ReadAction\",\"target\":[\"https:\/\/almer.sk\/hu\/rolunk\/\"]}]},{\"@type\":\"BreadcrumbList\",\"@id\":\"https:\/\/almer.sk\/hu\/rolunk\/#breadcrumb\",\"itemListElement\":[{\"@type\":\"ListItem\",\"position\":1,\"name\":\"Home\",\"item\":\"https:\/\/almer.sk\/hu\/\"},{\"@type\":\"ListItem\",\"position\":2,\"name\":\"R\u00f3lunk\"}]},{\"@type\":\"WebSite\",\"@id\":\"https:\/\/almer.sk\/hu\/#website\",\"url\":\"https:\/\/almer.sk\/hu\/\",\"name\":\"Almer.sk\",\"description\":\"Technologick\u00fd l\u00edder v oblasti presn\u00fdch prevodoviek\",\"potentialAction\":[{\"@type\":\"SearchAction\",\"target\":{\"@type\":\"EntryPoint\",\"urlTemplate\":\"https:\/\/almer.sk\/hu\/?s={search_term_string}\"},\"query-input\":{\"@type\":\"PropertyValueSpecification\",\"valueRequired\":true,\"valueName\":\"search_term_string\"}}],\"inLanguage\":\"hu\"}]}<\/script>\n<!-- \/ Yoast SEO plugin. -->","yoast_head_json":{"title":"R\u00f3lunk - Almer.sk","robots":{"index":"index","follow":"follow","max-snippet":"max-snippet:-1","max-image-preview":"max-image-preview:large","max-video-preview":"max-video-preview:-1"},"canonical":"https:\/\/almer.sk\/hu\/rolunk\/","og_locale":"hu_HU","og_type":"article","og_title":"R\u00f3lunk - Almer.sk","og_description":"&gt; F\u0151oldal \/ R\u00f3lunkR\u00f3lunkA hajt\u00e1stechnika, az automatiz\u00e1l\u00e1s \u00e9s a robotika specialist\u00e1i vagyunk.K\u00edn\u00e1latunkban szerepelnek tervez\u00e9si \u00e9s gy\u00e1rt\u00e1si lehet\u0151s\u00e9gek is, az egyes alkatr\u00e9szekt\u0151l a teljes g\u00e9pekig a kezel\u00e9shez, automatiz\u00e1l\u00e1shoz, \u00f6sszeszerel\u00e9shez.Nagy pontoss\u00e1g\u00fa harmonikus hajt\u00f3m\u0171veket, bolyg\u00f3m\u0171veket; forg\u00f3hajt\u00e1sokat, 4. \u00e9s 5. tengelyes CNC forg\u00e1csol\u00f3asztalokat, integr\u00e1lt adapt\u00edv csiszol\u00f3 term\u00e9keket, 5 tengelyes v\u00edzsugaras rot\u00e1tort sz\u00e1ll\u00edtunk.Mi t\u00f6bb vagyunk, mint egy kereskedelmi v\u00e1llalat, szakembereink [&hellip;]","og_url":"https:\/\/almer.sk\/hu\/rolunk\/","og_site_name":"Almer.sk","article_modified_time":"2023-07-28T09:26:09+00:00","twitter_card":"summary_large_image","twitter_misc":{"Becs\u00fclt olvas\u00e1si id\u0151":"5 perc"},"schema":{"@context":"https:\/\/schema.org","@graph":[{"@type":"WebPage","@id":"https:\/\/almer.sk\/hu\/rolunk\/","url":"https:\/\/almer.sk\/hu\/rolunk\/","name":"R\u00f3lunk - Almer.sk","isPartOf":{"@id":"https:\/\/almer.sk\/hu\/#website"},"datePublished":"2020-02-17T13:32:49+00:00","dateModified":"2023-07-28T09:26:09+00:00","breadcrumb":{"@id":"https:\/\/almer.sk\/hu\/rolunk\/#breadcrumb"},"inLanguage":"hu","potentialAction":[{"@type":"ReadAction","target":["https:\/\/almer.sk\/hu\/rolunk\/"]}]},{"@type":"BreadcrumbList","@id":"https:\/\/almer.sk\/hu\/rolunk\/#breadcrumb","itemListElement":[{"@type":"ListItem","position":1,"name":"Home","item":"https:\/\/almer.sk\/hu\/"},{"@type":"ListItem","position":2,"name":"R\u00f3lunk"}]},{"@type":"WebSite","@id":"https:\/\/almer.sk\/hu\/#website","url":"https:\/\/almer.sk\/hu\/","name":"Almer.sk","description":"Technologick\u00fd l\u00edder v oblasti presn\u00fdch prevodoviek","potentialAction":[{"@type":"SearchAction","target":{"@type":"EntryPoint","urlTemplate":"https:\/\/almer.sk\/hu\/?s={search_term_string}"},"query-input":{"@type":"PropertyValueSpecification","valueRequired":true,"valueName":"search_term_string"}}],"inLanguage":"hu"}]}},"_links":{"self":[{"href":"https:\/\/almer.sk\/hu\/wp-json\/wp\/v2\/pages\/5606","targetHints":{"allow":["GET"]}}],"collection":[{"href":"https:\/\/almer.sk\/hu\/wp-json\/wp\/v2\/pages"}],"about":[{"href":"https:\/\/almer.sk\/hu\/wp-json\/wp\/v2\/types\/page"}],"author":[{"embeddable":true,"href":"https:\/\/almer.sk\/hu\/wp-json\/wp\/v2\/users\/1"}],"replies":[{"embeddable":true,"href":"https:\/\/almer.sk\/hu\/wp-json\/wp\/v2\/comments?post=5606"}],"version-history":[{"count":6,"href":"https:\/\/almer.sk\/hu\/wp-json\/wp\/v2\/pages\/5606\/revisions"}],"predecessor-version":[{"id":5726,"href":"https:\/\/almer.sk\/hu\/wp-json\/wp\/v2\/pages\/5606\/revisions\/5726"}],"wp:attachment":[{"href":"https:\/\/almer.sk\/hu\/wp-json\/wp\/v2\/media?parent=5606"}],"curies":[{"name":"wp","href":"https:\/\/api.w.org\/{rel}","templated":true}]}}