{"id":5605,"date":"2023-06-15T11:55:07","date_gmt":"2023-06-15T09:55:07","guid":{"rendered":"https:\/\/almer.sk\/harmonikus-sebessegvaltok\/"},"modified":"2023-09-19T14:38:29","modified_gmt":"2023-09-19T12:38:29","slug":"harmonikus-sebessegvaltok","status":"publish","type":"page","link":"https:\/\/almer.sk\/hu\/harmonikus-sebessegvaltok\/","title":{"rendered":"Harmonikus sebess\u00e9gv\u00e1lt\u00f3k"},"content":{"rendered":"<p>[et_pb_section fb_built=&#8221;1&#8243; _builder_version=&#8221;4.21.0&#8243; _module_preset=&#8221;default&#8221; locked=&#8221;off&#8221; global_colors_info=&#8221;{}&#8221;][et_pb_row _builder_version=&#8221;4.21.0&#8243; _module_preset=&#8221;default&#8221; width=&#8221;90%&#8221; global_colors_info=&#8221;{}&#8221;][et_pb_column type=&#8221;4_4&#8243; _builder_version=&#8221;4.21.0&#8243; _module_preset=&#8221;default&#8221; global_colors_info=&#8221;{}&#8221;][et_pb_blurb content_max_width=&#8221;1100px&#8221; _builder_version=&#8221;4.21.0&#8243; _module_preset=&#8221;default&#8221; body_text_align=&#8221;left&#8221; global_colors_info=&#8221;{}&#8221;]<\/p>\n<p> <a class=\"bread\" href=\"https:\/\/almer.sk\/hu\/\">&gt; itthon<\/a> \/ <a class=\"bread\" href=\"https:\/\/almer.sk\/hu\/sebessegvaltok\/\">Sebess\u00e9gv\u00e1lt\u00f3k<\/a> \/ Harmonikus<\/p>\n<p>[\/et_pb_blurb][et_pb_blurb content_max_width=&#8221;1100px&#8221; _builder_version=&#8221;4.21.0&#8243; _module_preset=&#8221;default&#8221; header_level=&#8221;h1&#8243; header_font=&#8221;|||on|||||&#8221; body_font=&#8221;|||on|||||&#8221; body_text_align=&#8221;center&#8221; body_line_height=&#8221;2.2em&#8221; global_colors_info=&#8221;{}&#8221;]<\/p>\n<h1><span class=\"cierna\">Nagy pontoss\u00e1g\u00fa (holtj\u00e1t\u00e9kmentes)<\/span> harmonikus sebess\u00e9gv\u00e1lt\u00f3k<\/h1>\n<p>[\/et_pb_blurb][et_pb_blurb content_max_width=&#8221;1100px&#8221; _builder_version=&#8221;4.21.0&#8243; _module_preset=&#8221;default&#8221; header_level=&#8221;h1&#8243; header_font=&#8221;|||on|||||&#8221; body_font=&#8221;|||on|||||&#8221; body_text_align=&#8221;center&#8221; custom_margin=&#8221;-20px||1px||false|false&#8221; global_colors_info=&#8221;{}&#8221;]<\/p>\n<p><span style=\"font-size: 28px; color: #339966;\">leaderdrive\u00ae<\/span><\/p>\n<p>[\/et_pb_blurb][\/et_pb_column][\/et_pb_row][et_pb_row _builder_version=&#8221;4.21.0&#8243; _module_preset=&#8221;default&#8221; custom_margin=&#8221;||-15px||false|false&#8221; global_colors_info=&#8221;{}&#8221;][et_pb_column type=&#8221;4_4&#8243; _builder_version=&#8221;4.21.0&#8243; _module_preset=&#8221;default&#8221; global_colors_info=&#8221;{}&#8221;][et_pb_blurb content_max_width=&#8221;1100px&#8221; _builder_version=&#8221;4.21.0&#8243; _module_preset=&#8221;default&#8221; custom_margin=&#8221;||-40px||false|false&#8221; custom_padding=&#8221;||0px||false|false&#8221; global_colors_info=&#8221;{}&#8221;]<\/p>\n<p>\u00dajszer\u0171, szabadalmaztatott fogform\u00e1val rendelkez\u0151 fogaskerekek a nagy pontoss\u00e1g \u00e9s hat\u00e9konys\u00e1g \u00e9rdek\u00e9ben. Fel\u00e9p\u00edt\u00e9s\u00fcknek \u00e9s kialak\u00edt\u00e1suknak k\u00f6sz\u00f6nhet\u0151en a k\u00f6vetkez\u0151 el\u0151ny\u00f6ket ny\u00fajtj\u00e1k az alkalmaz\u00e1sok sz\u00e1m\u00e1ra:<\/p>\n<p>[\/et_pb_blurb][\/et_pb_column][\/et_pb_row][et_pb_row column_structure=&#8221;1_3,1_3,1_3&#8243; _builder_version=&#8221;4.21.0&#8243; _module_preset=&#8221;default&#8221; custom_margin=&#8221;||||false|false&#8221; custom_padding=&#8221;||||false|false&#8221; global_colors_info=&#8221;{}&#8221;][et_pb_column type=&#8221;1_3&#8243; _builder_version=&#8221;4.21.0&#8243; _module_preset=&#8221;default&#8221; global_colors_info=&#8221;{}&#8221;][et_pb_blurb _builder_version=&#8221;4.21.0&#8243; _module_preset=&#8221;default&#8221; global_colors_info=&#8221;{}&#8221;]<\/p>\n<ul>\n<li>Nagy nyomat\u00e9k (3,5 &#8211; 921 Nm)<\/li>\n<li>ak\u00e1r \u00f6tsz\u00f6r\u00f6s t\u00falterhel\u00e9s lehet\u0151s\u00e9ge<\/li>\n<li>max. bemeneti fordulatsz\u00e1m: 8000 fordulat\/percig<\/li>\n<li>t\u00f6m\u00f6rs\u00e9g \u00e9s k\u00f6nny\u0171s\u00e9g<\/li>\n<\/ul>\n<p>[\/et_pb_blurb][\/et_pb_column][et_pb_column type=&#8221;1_3&#8243; _builder_version=&#8221;4.21.0&#8243; _module_preset=&#8221;default&#8221; global_colors_info=&#8221;{}&#8221;][et_pb_blurb _builder_version=&#8221;4.21.0&#8243; _module_preset=&#8221;default&#8221; global_colors_info=&#8221;{}&#8221;]<\/p>\n<ul>\n<li>nagy hat\u00e9konys\u00e1g \u00e9s j\u00e1t\u00e9kmentess\u00e9g<\/li>\n<li>teljes\/\u00fcreg kimeneti tengely<\/li>\n<li>nagy merevs\u00e9g \u00e9s stabilit\u00e1s r\u00e1zk\u00f3d\u00e1s n\u00e9lk\u00fcl, alacsony zajszint<\/li>\n<li>az \u00fcgyf\u00e9l k\u00edv\u00e1ns\u00e1gai szerinti testreszab\u00e1s lehet\u0151s\u00e9ge<\/li>\n<\/ul>\n<p>[\/et_pb_blurb][\/et_pb_column][et_pb_column type=&#8221;1_3&#8243; _builder_version=&#8221;4.21.0&#8243; _module_preset=&#8221;default&#8221; global_colors_info=&#8221;{}&#8221;][et_pb_blurb _builder_version=&#8221;4.21.0&#8243; _module_preset=&#8221;default&#8221; global_colors_info=&#8221;{}&#8221;]<\/p>\n<ul>\n<li>Magas konverzi\u00f3: 30:1-t\u0151l 160:1-ig<\/li>\n<li>alkatr\u00e9sz-k\u00e9szlet \/ kompakt kialak\u00edt\u00e1s<\/li>\n<li>nagy poz\u00edci\u00f3- \u00e9s forgat\u00e1si pontoss\u00e1g<\/li>\n<li>hossz\u00fa \u00e9lettartam<\/li>\n<\/ul>\n<p>[\/et_pb_blurb][\/et_pb_column][\/et_pb_row][et_pb_row column_structure=&#8221;1_4,1_4,1_4,1_4&#8243; _builder_version=&#8221;4.21.0&#8243; _module_preset=&#8221;default&#8221; global_colors_info=&#8221;{}&#8221;][et_pb_column type=&#8221;1_4&#8243; _builder_version=&#8221;4.21.0&#8243; _module_preset=&#8221;default&#8221; global_colors_info=&#8221;{}&#8221;][et_pb_blurb url=&#8221;https:\/\/almer.sk\/hu\/harmonikus-sebessegvaltok\/lcd-harmonikus-atvitel\/&#8221; image=&#8221;https:\/\/almer.sk\/wp-content\/uploads\/2023\/07\/LCD-seria.png&#8221; alt=&#8221;LCD sorozat&#8221; _builder_version=&#8221;4.22.1&#8243; _module_preset=&#8221;default&#8221; animation=&#8221;off&#8221; link_option_url=&#8221;https:\/\/almer.sk\/hu\/harmonikus-sebessegvaltok\/lcd-harmonikus-atvitel\/&#8221; hover_enabled=&#8221;0&#8243; global_colors_info=&#8221;{}&#8221; sticky_enabled=&#8221;0&#8243;]<\/p>\n<h3 style=\"text-align: center;\"><span class=\"cervena\">LCD<\/span><\/h3>\n<p>Ultrav\u00e9kony Flexspline t\u00e1l alakban. R\u00f6vid tengelyir\u00e1ny\u00fa m\u00e9ret. Az eg\u00e9sz szerkezet rendk\u00edv\u00fcl lapos szerkezet\u0171, kis m\u00e9ret\u0171 \u00e9s k\u00f6nny\u0171, nagy merevs\u00e9g\u0171 \u00e9s alacsony holtj\u00e1t\u00e9k\u00fa. <a href=\"https:\/\/almer.sk\/hu\/harmonikus-sebessegvaltok\/lcd-harmonikus-atvitel\/\"><span style=\"color: #ff0000;\">B\u0151vebben&#8230;<\/span><\/a><\/p>\n<p>[\/et_pb_blurb][\/et_pb_column][et_pb_column type=&#8221;1_4&#8243; _builder_version=&#8221;4.21.0&#8243; _module_preset=&#8221;default&#8221; global_colors_info=&#8221;{}&#8221;][et_pb_blurb url=&#8221;https:\/\/almer.sk\/hu\/harmonikus-sebessegvaltok\/lcs-g-harmonikus-sebessegvaltok\/&#8221; image=&#8221;https:\/\/almer.sk\/wp-content\/uploads\/2023\/07\/LCS-seria.png&#8221; alt=&#8221;LCS sorozat&#8221; _builder_version=&#8221;4.22.1&#8243; _module_preset=&#8221;default&#8221; custom_padding=&#8221;||1px|||&#8221; animation=&#8221;off&#8221; link_option_url=&#8221;https:\/\/almer.sk\/hu\/harmonikus-sebessegvaltok\/lcs-g-harmonikus-sebessegvaltok\/&#8221; global_colors_info=&#8221;{}&#8221;]<\/p>\n<h3 style=\"text-align: center;\"><span class=\"cervena\">LCS \/ LCSG<\/span><\/h3>\n<p>Standard Flexspline t\u00e1l alakban. A r\u00f6gz\u00edtett ker\u00e9k \u00e1ltal\u00e1ban r\u00f6gz\u00edtett, a rugalmas ker\u00e9k pedig a kimeneti csatlakoz\u00e1shoz haszn\u00e1latos. Egyszer\u0171 kialak\u00edt\u00e1s, nagy merevs\u00e9ggel \u00e9s alacsony holtj\u00e1t\u00e9kkal. <a href=\"https:\/\/almer.sk\/hu\/harmonikus-sebessegvaltok\/lcs-g-harmonikus-sebessegvaltok\/\"><span style=\"color: #ff0000;\">B\u0151vebben&#8230;<\/span><\/a><\/p>\n<p>[\/et_pb_blurb][\/et_pb_column][et_pb_column type=&#8221;1_4&#8243; _builder_version=&#8221;4.21.0&#8243; _module_preset=&#8221;default&#8221; global_colors_info=&#8221;{}&#8221;][et_pb_blurb url=&#8221;https:\/\/almer.sk\/hu\/harmonikus-sebessegvaltok\/lhd-harmonikus-sebessegvaltok\/&#8221; image=&#8221;https:\/\/almer.sk\/wp-content\/uploads\/2023\/07\/LHD-seria.png&#8221; alt=&#8221;LHD sorozat&#8221; _builder_version=&#8221;4.22.1&#8243; _module_preset=&#8221;default&#8221; animation=&#8221;off&#8221; link_option_url=&#8221;https:\/\/almer.sk\/hu\/harmonikus-sebessegvaltok\/lhd-harmonikus-sebessegvaltok\/&#8221; hover_enabled=&#8221;0&#8243; global_colors_info=&#8221;{}&#8221; sticky_enabled=&#8221;0&#8243;]<\/p>\n<h3 style=\"text-align: center;\"><span class=\"cervena\">LHD<\/span><\/h3>\n<p>A Flexspline v\u00e9kony \u00fcreges karima alak\u00fa, a teljes \u00fcreges tengely kialak\u00edt\u00e1sa rendk\u00edv\u00fcl v\u00e9kony, az LHS tengelyhossz\u00fas\u00e1ghoz k\u00e9pest k\u00f6r\u00fclbel\u00fcl 35%-kal r\u00f6vid\u00fclt. Ez a sorozat a legjobb olyan alkalmaz\u00e1sokhoz, ahol kis reduktorvastags\u00e1gra van sz\u00fcks\u00e9g. <a href=\"https:\/\/almer.sk\/hu\/harmonikus-sebessegvaltok\/lhd-harmonikus-sebessegvaltok\/\"><span style=\"color: #ff0000;\">B\u0151vebben&#8230;<\/span><\/a><\/p>\n<p>[\/et_pb_blurb][\/et_pb_column][et_pb_column type=&#8221;1_4&#8243; _builder_version=&#8221;4.21.0&#8243; _module_preset=&#8221;default&#8221; global_colors_info=&#8221;{}&#8221;][et_pb_blurb url=&#8221;https:\/\/almer.sk\/hu\/harmonikus-sebessegvaltok\/lhsg-harmonikus-sebessegvaltok\/&#8221; image=&#8221;https:\/\/almer.sk\/wp-content\/uploads\/2023\/07\/LHS-seria.png&#8221; alt=&#8221;LHS sorozat&#8221; _builder_version=&#8221;4.22.1&#8243; _module_preset=&#8221;default&#8221; animation=&#8221;off&#8221; link_option_url=&#8221;https:\/\/almer.sk\/hu\/harmonikus-sebessegvaltok\/lhsg-harmonikus-sebessegvaltok\/&#8221; global_colors_info=&#8221;{}&#8221;]<\/p>\n<h3 style=\"text-align: center;\"><span class=\"cervena\">LHS \/ LHSG<\/span><\/h3>\n<p>A Flexspline szabv\u00e1nyos \u00fcreges karima alak\u00fa, az \u00e1ltal\u00e1nos kialak\u00edt\u00e1s \u00fcreges tengellyel rendelkezik. K\u00fcl\u00f6nb\u00f6z\u0151 kivitelek : k\u00fcl\u00f6nb\u00f6z\u0151 csatlakoz\u00e1sok a motorhoz, nagy furat, bemeneti tengely a sz\u00edjt\u00e1rcsa felszerel\u00e9s\u00e9hez. <a href=\"https:\/\/almer.sk\/hu\/harmonikus-sebessegvaltok\/lhsg-harmonikus-sebessegvaltok\/\"><span style=\"color: #ff0000;\">B\u0151vebben&#8230;<\/span><\/a><\/p>\n<p>[\/et_pb_blurb][\/et_pb_column][\/et_pb_row][et_pb_row column_structure=&#8221;1_3,2_3&#8243; _builder_version=&#8221;4.21.0&#8243; _module_preset=&#8221;default&#8221; global_colors_info=&#8221;{}&#8221;][et_pb_column type=&#8221;1_3&#8243; _builder_version=&#8221;4.21.0&#8243; _module_preset=&#8221;default&#8221; global_colors_info=&#8221;{}&#8221;][et_pb_blurb url=&#8221;https:\/\/almer.sk\/hu\/harmonikus-sebessegvaltok\/y-modell-harmonikus-sebessegvaltok\/&#8221; image=&#8221;https:\/\/almer.sk\/wp-content\/uploads\/2023\/06\/Slide-New-Gener.png&#8221; alt=&#8221;Dia \u00daj gener&#8221; image_icon_width=&#8221;90%&#8221; _builder_version=&#8221;4.22.1&#8243; _module_preset=&#8221;default&#8221; animation=&#8221;off&#8221; link_option_url=&#8221;https:\/\/almer.sk\/hu\/harmonikus-sebessegvaltok\/y-modell-harmonikus-sebessegvaltok\/&#8221; hover_enabled=&#8221;0&#8243; global_colors_info=&#8221;{}&#8221; sticky_enabled=&#8221;0&#8243;]<\/p>\n<h3 style=\"text-align: center;\"><span class=\"cervena\">YLHS<\/span><\/h3>\n<p>[\/et_pb_blurb][\/et_pb_column][et_pb_column type=&#8221;2_3&#8243; _builder_version=&#8221;4.21.0&#8243; _module_preset=&#8221;default&#8221; global_colors_info=&#8221;{}&#8221;][et_pb_blurb _builder_version=&#8221;4.21.0&#8243; _module_preset=&#8221;default&#8221; global_colors_info=&#8221;{}&#8221;]<\/p>\n<p>Az <span style=\"color: #ff0000;\">Y-modell<\/span> sebess\u00e9gv\u00e1lt\u00f3 egy j\u00f6v\u0151orient\u00e1lt, szabadalmaztatott fordulatsz\u00e1m-cs\u00f6kkent\u0151 technol\u00f3gi\u00e1n alapul\u00f3 \u00faj, <span style=\"color: #ff0000;\">harmadik gener\u00e1ci\u00f3s<\/span> harmonikus hajt\u00e1srendszer. Exkluz\u00edv, teljesen \u00faj fogszerkezettel \u00e9s profil kialak\u00edt\u00e1ssal rendelkezik, \u00e9s a harmadik harmonikus technol\u00f3gi\u00e1t haszn\u00e1lja a m\u00e1sodik harmonikus technol\u00f3gia, a flexspline \u00e9s a csap\u00e1gyak helyett. A vontat\u00e1si hull\u00e1m\u00e1tvitel el\u0151z\u0151 gener\u00e1ci\u00f3j\u00e1hoz k\u00e9pest az \u00e1tviteli pontoss\u00e1g \u00e9s a torzi\u00f3s merevs\u00e9g megdupl\u00e1z\u00f3dott. Ez a vil\u00e1g els\u0151 olyan sebess\u00e9gcs\u00f6kkent\u0151je, amely 10 \u00edvm\u00e1sodpercen bel\u00fcli \u00e1tviteli pontoss\u00e1got \u00e9r el, \u00e9s alapvet\u0151en megoldja a tengelykapcsol\u00f3 rezg\u00e9se k\u00f6r\u00fcli probl\u00e9m\u00e1kat.<\/p>\n<p>[\/et_pb_blurb][\/et_pb_column][\/et_pb_row][\/et_pb_section]<\/p>\n","protected":false},"excerpt":{"rendered":"<p>&gt; itthon \/ Sebess\u00e9gv\u00e1lt\u00f3k \/ HarmonikusNagy pontoss\u00e1g\u00fa (holtj\u00e1t\u00e9kmentes) harmonikus sebess\u00e9gv\u00e1lt\u00f3kleaderdrive\u00ae\u00dajszer\u0171, szabadalmaztatott fogform\u00e1val rendelkez\u0151 fogaskerekek a nagy pontoss\u00e1g \u00e9s hat\u00e9konys\u00e1g \u00e9rdek\u00e9ben. Fel\u00e9p\u00edt\u00e9s\u00fcknek \u00e9s kialak\u00edt\u00e1suknak k\u00f6sz\u00f6nhet\u0151en a k\u00f6vetkez\u0151 el\u0151ny\u00f6ket ny\u00fajtj\u00e1k az alkalmaz\u00e1sok sz\u00e1m\u00e1ra: Nagy nyomat\u00e9k (3,5 &#8211; 921 Nm) ak\u00e1r \u00f6tsz\u00f6r\u00f6s t\u00falterhel\u00e9s lehet\u0151s\u00e9ge max. bemeneti fordulatsz\u00e1m: 8000 fordulat\/percig t\u00f6m\u00f6rs\u00e9g \u00e9s k\u00f6nny\u0171s\u00e9g nagy hat\u00e9konys\u00e1g \u00e9s j\u00e1t\u00e9kmentess\u00e9g teljes\/\u00fcreg kimeneti [&hellip;]<\/p>\n","protected":false},"author":1,"featured_media":0,"parent":0,"menu_order":0,"comment_status":"closed","ping_status":"closed","template":"","meta":{"_et_pb_use_builder":"on","_et_pb_old_content":"","_et_gb_content_width":"","footnotes":""},"class_list":["post-5605","page","type-page","status-publish","hentry"],"yoast_head":"<!-- This site is optimized with the Yoast SEO plugin v26.6 - https:\/\/yoast.com\/wordpress\/plugins\/seo\/ -->\n<title>Harmonikus sebess\u00e9gv\u00e1lt\u00f3k - Almer.sk<\/title>\n<meta name=\"robots\" content=\"index, follow, max-snippet:-1, max-image-preview:large, max-video-preview:-1\" \/>\n<link rel=\"canonical\" href=\"https:\/\/almer.sk\/hu\/harmonikus-sebessegvaltok\/\" \/>\n<meta property=\"og:locale\" content=\"hu_HU\" \/>\n<meta property=\"og:type\" content=\"article\" \/>\n<meta property=\"og:title\" content=\"Harmonikus sebess\u00e9gv\u00e1lt\u00f3k - Almer.sk\" \/>\n<meta property=\"og:description\" content=\"&gt; itthon \/ Sebess\u00e9gv\u00e1lt\u00f3k \/ HarmonikusNagy pontoss\u00e1g\u00fa (holtj\u00e1t\u00e9kmentes) harmonikus sebess\u00e9gv\u00e1lt\u00f3kleaderdrive\u00ae\u00dajszer\u0171, szabadalmaztatott fogform\u00e1val rendelkez\u0151 fogaskerekek a nagy pontoss\u00e1g \u00e9s hat\u00e9konys\u00e1g \u00e9rdek\u00e9ben. Fel\u00e9p\u00edt\u00e9s\u00fcknek \u00e9s kialak\u00edt\u00e1suknak k\u00f6sz\u00f6nhet\u0151en a k\u00f6vetkez\u0151 el\u0151ny\u00f6ket ny\u00fajtj\u00e1k az alkalmaz\u00e1sok sz\u00e1m\u00e1ra: Nagy nyomat\u00e9k (3,5 - 921 Nm) ak\u00e1r \u00f6tsz\u00f6r\u00f6s t\u00falterhel\u00e9s lehet\u0151s\u00e9ge max. bemeneti fordulatsz\u00e1m: 8000 fordulat\/percig t\u00f6m\u00f6rs\u00e9g \u00e9s k\u00f6nny\u0171s\u00e9g nagy hat\u00e9konys\u00e1g \u00e9s j\u00e1t\u00e9kmentess\u00e9g teljes\/\u00fcreg kimeneti [&hellip;]\" \/>\n<meta property=\"og:url\" content=\"https:\/\/almer.sk\/hu\/harmonikus-sebessegvaltok\/\" \/>\n<meta property=\"og:site_name\" content=\"Almer.sk\" \/>\n<meta property=\"article:modified_time\" content=\"2023-09-19T12:38:29+00:00\" \/>\n<meta name=\"twitter:card\" content=\"summary_large_image\" \/>\n<meta name=\"twitter:label1\" content=\"Becs\u00fclt olvas\u00e1si id\u0151\" \/>\n\t<meta name=\"twitter:data1\" content=\"6 perc\" \/>\n<script type=\"application\/ld+json\" class=\"yoast-schema-graph\">{\"@context\":\"https:\/\/schema.org\",\"@graph\":[{\"@type\":\"WebPage\",\"@id\":\"https:\/\/almer.sk\/hu\/harmonikus-sebessegvaltok\/\",\"url\":\"https:\/\/almer.sk\/hu\/harmonikus-sebessegvaltok\/\",\"name\":\"Harmonikus sebess\u00e9gv\u00e1lt\u00f3k - Almer.sk\",\"isPartOf\":{\"@id\":\"https:\/\/almer.sk\/hu\/#website\"},\"datePublished\":\"2023-06-15T09:55:07+00:00\",\"dateModified\":\"2023-09-19T12:38:29+00:00\",\"breadcrumb\":{\"@id\":\"https:\/\/almer.sk\/hu\/harmonikus-sebessegvaltok\/#breadcrumb\"},\"inLanguage\":\"hu\",\"potentialAction\":[{\"@type\":\"ReadAction\",\"target\":[\"https:\/\/almer.sk\/hu\/harmonikus-sebessegvaltok\/\"]}]},{\"@type\":\"BreadcrumbList\",\"@id\":\"https:\/\/almer.sk\/hu\/harmonikus-sebessegvaltok\/#breadcrumb\",\"itemListElement\":[{\"@type\":\"ListItem\",\"position\":1,\"name\":\"Home\",\"item\":\"https:\/\/almer.sk\/hu\/\"},{\"@type\":\"ListItem\",\"position\":2,\"name\":\"Harmonikus sebess\u00e9gv\u00e1lt\u00f3k\"}]},{\"@type\":\"WebSite\",\"@id\":\"https:\/\/almer.sk\/hu\/#website\",\"url\":\"https:\/\/almer.sk\/hu\/\",\"name\":\"Almer.sk\",\"description\":\"Technologick\u00fd l\u00edder v oblasti presn\u00fdch prevodoviek\",\"potentialAction\":[{\"@type\":\"SearchAction\",\"target\":{\"@type\":\"EntryPoint\",\"urlTemplate\":\"https:\/\/almer.sk\/hu\/?s={search_term_string}\"},\"query-input\":{\"@type\":\"PropertyValueSpecification\",\"valueRequired\":true,\"valueName\":\"search_term_string\"}}],\"inLanguage\":\"hu\"}]}<\/script>\n<!-- \/ Yoast SEO plugin. -->","yoast_head_json":{"title":"Harmonikus sebess\u00e9gv\u00e1lt\u00f3k - Almer.sk","robots":{"index":"index","follow":"follow","max-snippet":"max-snippet:-1","max-image-preview":"max-image-preview:large","max-video-preview":"max-video-preview:-1"},"canonical":"https:\/\/almer.sk\/hu\/harmonikus-sebessegvaltok\/","og_locale":"hu_HU","og_type":"article","og_title":"Harmonikus sebess\u00e9gv\u00e1lt\u00f3k - Almer.sk","og_description":"&gt; itthon \/ Sebess\u00e9gv\u00e1lt\u00f3k \/ HarmonikusNagy pontoss\u00e1g\u00fa (holtj\u00e1t\u00e9kmentes) harmonikus sebess\u00e9gv\u00e1lt\u00f3kleaderdrive\u00ae\u00dajszer\u0171, szabadalmaztatott fogform\u00e1val rendelkez\u0151 fogaskerekek a nagy pontoss\u00e1g \u00e9s hat\u00e9konys\u00e1g \u00e9rdek\u00e9ben. Fel\u00e9p\u00edt\u00e9s\u00fcknek \u00e9s kialak\u00edt\u00e1suknak k\u00f6sz\u00f6nhet\u0151en a k\u00f6vetkez\u0151 el\u0151ny\u00f6ket ny\u00fajtj\u00e1k az alkalmaz\u00e1sok sz\u00e1m\u00e1ra: Nagy nyomat\u00e9k (3,5 - 921 Nm) ak\u00e1r \u00f6tsz\u00f6r\u00f6s t\u00falterhel\u00e9s lehet\u0151s\u00e9ge max. bemeneti fordulatsz\u00e1m: 8000 fordulat\/percig t\u00f6m\u00f6rs\u00e9g \u00e9s k\u00f6nny\u0171s\u00e9g nagy hat\u00e9konys\u00e1g \u00e9s j\u00e1t\u00e9kmentess\u00e9g teljes\/\u00fcreg kimeneti [&hellip;]","og_url":"https:\/\/almer.sk\/hu\/harmonikus-sebessegvaltok\/","og_site_name":"Almer.sk","article_modified_time":"2023-09-19T12:38:29+00:00","twitter_card":"summary_large_image","twitter_misc":{"Becs\u00fclt olvas\u00e1si id\u0151":"6 perc"},"schema":{"@context":"https:\/\/schema.org","@graph":[{"@type":"WebPage","@id":"https:\/\/almer.sk\/hu\/harmonikus-sebessegvaltok\/","url":"https:\/\/almer.sk\/hu\/harmonikus-sebessegvaltok\/","name":"Harmonikus sebess\u00e9gv\u00e1lt\u00f3k - Almer.sk","isPartOf":{"@id":"https:\/\/almer.sk\/hu\/#website"},"datePublished":"2023-06-15T09:55:07+00:00","dateModified":"2023-09-19T12:38:29+00:00","breadcrumb":{"@id":"https:\/\/almer.sk\/hu\/harmonikus-sebessegvaltok\/#breadcrumb"},"inLanguage":"hu","potentialAction":[{"@type":"ReadAction","target":["https:\/\/almer.sk\/hu\/harmonikus-sebessegvaltok\/"]}]},{"@type":"BreadcrumbList","@id":"https:\/\/almer.sk\/hu\/harmonikus-sebessegvaltok\/#breadcrumb","itemListElement":[{"@type":"ListItem","position":1,"name":"Home","item":"https:\/\/almer.sk\/hu\/"},{"@type":"ListItem","position":2,"name":"Harmonikus sebess\u00e9gv\u00e1lt\u00f3k"}]},{"@type":"WebSite","@id":"https:\/\/almer.sk\/hu\/#website","url":"https:\/\/almer.sk\/hu\/","name":"Almer.sk","description":"Technologick\u00fd l\u00edder v oblasti presn\u00fdch prevodoviek","potentialAction":[{"@type":"SearchAction","target":{"@type":"EntryPoint","urlTemplate":"https:\/\/almer.sk\/hu\/?s={search_term_string}"},"query-input":{"@type":"PropertyValueSpecification","valueRequired":true,"valueName":"search_term_string"}}],"inLanguage":"hu"}]}},"_links":{"self":[{"href":"https:\/\/almer.sk\/hu\/wp-json\/wp\/v2\/pages\/5605","targetHints":{"allow":["GET"]}}],"collection":[{"href":"https:\/\/almer.sk\/hu\/wp-json\/wp\/v2\/pages"}],"about":[{"href":"https:\/\/almer.sk\/hu\/wp-json\/wp\/v2\/types\/page"}],"author":[{"embeddable":true,"href":"https:\/\/almer.sk\/hu\/wp-json\/wp\/v2\/users\/1"}],"replies":[{"embeddable":true,"href":"https:\/\/almer.sk\/hu\/wp-json\/wp\/v2\/comments?post=5605"}],"version-history":[{"count":6,"href":"https:\/\/almer.sk\/hu\/wp-json\/wp\/v2\/pages\/5605\/revisions"}],"predecessor-version":[{"id":6687,"href":"https:\/\/almer.sk\/hu\/wp-json\/wp\/v2\/pages\/5605\/revisions\/6687"}],"wp:attachment":[{"href":"https:\/\/almer.sk\/hu\/wp-json\/wp\/v2\/media?parent=5605"}],"curies":[{"name":"wp","href":"https:\/\/api.w.org\/{rel}","templated":true}]}}