{"id":5585,"date":"2023-06-15T08:50:14","date_gmt":"2023-06-15T06:50:14","guid":{"rendered":"https:\/\/almer.sk\/sebessegvaltok\/"},"modified":"2023-08-31T11:05:13","modified_gmt":"2023-08-31T09:05:13","slug":"sebessegvaltok","status":"publish","type":"page","link":"https:\/\/almer.sk\/hu\/sebessegvaltok\/","title":{"rendered":"Sebess\u00e9gv\u00e1lt\u00f3k"},"content":{"rendered":"<p>[et_pb_section fb_built=&#8221;1&#8243; _builder_version=&#8221;4.21.0&#8243; _module_preset=&#8221;default&#8221; global_colors_info=&#8221;{}&#8221;][et_pb_row _builder_version=&#8221;4.21.0&#8243; _module_preset=&#8221;default&#8221; width=&#8221;90%&#8221; locked=&#8221;off&#8221; global_colors_info=&#8221;{}&#8221;][et_pb_column type=&#8221;4_4&#8243; _builder_version=&#8221;4.21.0&#8243; _module_preset=&#8221;default&#8221; global_colors_info=&#8221;{}&#8221;][et_pb_blurb content_max_width=&#8221;1100px&#8221; _builder_version=&#8221;4.21.0&#8243; _module_preset=&#8221;default&#8221; body_text_align=&#8221;left&#8221; global_colors_info=&#8221;{}&#8221;]<\/p>\n<p style=\"text-align: left;\"> <a class=\"bread\" href=\"https:\/\/almer.sk\/hu\/\">&lt; F\u0151oldal<\/a> \/ Sebess\u00e9gv\u00e1lt\u00f3k<\/p>\n<p>[\/et_pb_blurb][et_pb_blurb _builder_version=&#8221;4.21.0&#8243; _module_preset=&#8221;default&#8221; header_level=&#8221;h1&#8243; header_font=&#8221;|||on|||||&#8221; body_font=&#8221;|||on|||||&#8221; body_text_align=&#8221;center&#8221; global_colors_info=&#8221;{}&#8221;]<\/p>\n<h1>Sebess\u00e9gv\u00e1lt\u00f3k<\/h1>\n<p>[\/et_pb_blurb][\/et_pb_column][\/et_pb_row][et_pb_row column_structure=&#8221;3_5,2_5&#8243; _builder_version=&#8221;4.21.0&#8243; _module_preset=&#8221;default&#8221; global_colors_info=&#8221;{}&#8221;][et_pb_column type=&#8221;3_5&#8243; _builder_version=&#8221;4.21.0&#8243; _module_preset=&#8221;default&#8221; global_colors_info=&#8221;{}&#8221;][et_pb_blurb url=&#8221;https:\/\/almer.sk\/hu\/harmonikus-sebessegvaltok\/&#8221; image=&#8221;https:\/\/almer.sk\/wp-content\/uploads\/2023\/07\/1.1-harmonic-gears-e1689606777672.jpg&#8221; alt=&#8221;Harmonikus sebess\u00e9gv\u00e1lt\u00f3k&#8221; _builder_version=&#8221;4.21.0&#8243; _module_preset=&#8221;default&#8221; animation=&#8221;off&#8221; link_option_url=&#8221;https:\/\/almer.sk\/hu\/harmonikus-sebessegvaltok\/&#8221; hover_enabled=&#8221;0&#8243; global_colors_info=&#8221;{}&#8221; sticky_enabled=&#8221;0&#8243;]<\/p>\n<h3 style=\"text-align: center;\">Nagy pontoss\u00e1g\u00fa (holtj\u00e1t\u00e9kmentes) <span style=\"color: #339966;\">leaderdrive \u00ae<\/span><\/h3>\n<h3 style=\"text-align: center;\">HARMONIKUS SEBESS\u00c9GV\u00c1LT\u00d3K<\/h3>\n<p>[\/et_pb_blurb][\/et_pb_column][et_pb_column type=&#8221;2_5&#8243; _builder_version=&#8221;4.21.0&#8243; _module_preset=&#8221;default&#8221; global_colors_info=&#8221;{}&#8221;][et_pb_blurb url=&#8221;https:\/\/almer.sk\/hu\/bolygomuves-sebessegvaltok\/&#8221; image=&#8221;https:\/\/almer.sk\/wp-content\/uploads\/2023\/07\/Planetove-prevodovky.jpg&#8221; alt=&#8221;Bolyg\u00f3m\u0171ves sebess\u00e9gv\u00e1lt\u00f3k&#8221; _builder_version=&#8221;4.21.0&#8243; _module_preset=&#8221;default&#8221; animation=&#8221;off&#8221; link_option_url=&#8221;https:\/\/almer.sk\/hu\/bolygomuves-sebessegvaltok\/&#8221; hover_enabled=&#8221;0&#8243; global_colors_info=&#8221;{}&#8221; sticky_enabled=&#8221;0&#8243;]<\/p>\n<h3 style=\"text-align: center;\">BOLYG\u00d3M\u0170VEK<\/h3>\n<p>[\/et_pb_blurb][\/et_pb_column][\/et_pb_row][et_pb_row _builder_version=&#8221;4.21.0&#8243; _module_preset=&#8221;default&#8221; global_colors_info=&#8221;{}&#8221;][et_pb_column type=&#8221;4_4&#8243; _builder_version=&#8221;4.21.0&#8243; _module_preset=&#8221;default&#8221; global_colors_info=&#8221;{}&#8221;][et_pb_blurb content_max_width=&#8221;1100px&#8221; _builder_version=&#8221;4.21.0&#8243; _module_preset=&#8221;default&#8221; global_colors_info=&#8221;{}&#8221;]<\/p>\n<p>A fentieken t\u00falmen\u0151en, m\u0171szaki t\u00e1mogat\u00e1sunk keret\u00e9ben, az \u00d6n ig\u00e9nyei szerint, az \u00d6nnel egyeztetve, gyakorlatilag b\u00e1rmilyen alkalmaz\u00e1shoz, a sz\u00e1ll\u00edt\u00f3szalagokt\u00f3l kezdve az egyc\u00e9l\u00fa g\u00e9peken \u00e1t a CNC-szersz\u00e1mg\u00e9pekig vagy a robotik\u00e1ig, tudunk hajt\u00f3m\u0171veket k\u00edn\u00e1lni, p\u00e9ld\u00e1ul csig\u00e1s, ferde, lapos, p\u00e1rhuzamos \u00e9s egy\u00e9b hajt\u00f3m\u0171veket. K\u00e9rj\u00fck, vegye fel vel\u00fcnk a kapcsolatot.<\/p>\n<p>[\/et_pb_blurb][\/et_pb_column][\/et_pb_row][\/et_pb_section]<\/p>\n","protected":false},"excerpt":{"rendered":"<p>&lt; F\u0151oldal \/ Sebess\u00e9gv\u00e1lt\u00f3kSebess\u00e9gv\u00e1lt\u00f3kNagy pontoss\u00e1g\u00fa (holtj\u00e1t\u00e9kmentes) leaderdrive \u00ae HARMONIKUS SEBESS\u00c9GV\u00c1LT\u00d3KBOLYG\u00d3M\u0170VEKA fentieken t\u00falmen\u0151en, m\u0171szaki t\u00e1mogat\u00e1sunk keret\u00e9ben, az \u00d6n ig\u00e9nyei szerint, az \u00d6nnel egyeztetve, gyakorlatilag b\u00e1rmilyen alkalmaz\u00e1shoz, a sz\u00e1ll\u00edt\u00f3szalagokt\u00f3l kezdve az egyc\u00e9l\u00fa g\u00e9peken \u00e1t a CNC-szersz\u00e1mg\u00e9pekig vagy a robotik\u00e1ig, tudunk hajt\u00f3m\u0171veket k\u00edn\u00e1lni, p\u00e9ld\u00e1ul csig\u00e1s, ferde, lapos, p\u00e1rhuzamos \u00e9s egy\u00e9b hajt\u00f3m\u0171veket. K\u00e9rj\u00fck, vegye fel vel\u00fcnk a kapcsolatot.<\/p>\n","protected":false},"author":1,"featured_media":0,"parent":0,"menu_order":0,"comment_status":"closed","ping_status":"closed","template":"","meta":{"_et_pb_use_builder":"on","_et_pb_old_content":"","_et_gb_content_width":"","footnotes":""},"class_list":["post-5585","page","type-page","status-publish","hentry"],"yoast_head":"<!-- This site is optimized with the Yoast SEO plugin v26.6 - https:\/\/yoast.com\/wordpress\/plugins\/seo\/ -->\n<title>Sebess\u00e9gv\u00e1lt\u00f3k - Almer.sk<\/title>\n<meta name=\"robots\" content=\"index, follow, max-snippet:-1, max-image-preview:large, max-video-preview:-1\" \/>\n<link rel=\"canonical\" href=\"https:\/\/almer.sk\/hu\/sebessegvaltok\/\" \/>\n<meta property=\"og:locale\" content=\"hu_HU\" \/>\n<meta property=\"og:type\" content=\"article\" \/>\n<meta property=\"og:title\" content=\"Sebess\u00e9gv\u00e1lt\u00f3k - Almer.sk\" \/>\n<meta property=\"og:description\" content=\"&lt; F\u0151oldal \/ Sebess\u00e9gv\u00e1lt\u00f3kSebess\u00e9gv\u00e1lt\u00f3kNagy pontoss\u00e1g\u00fa (holtj\u00e1t\u00e9kmentes) leaderdrive \u00ae HARMONIKUS SEBESS\u00c9GV\u00c1LT\u00d3KBOLYG\u00d3M\u0170VEKA fentieken t\u00falmen\u0151en, m\u0171szaki t\u00e1mogat\u00e1sunk keret\u00e9ben, az \u00d6n ig\u00e9nyei szerint, az \u00d6nnel egyeztetve, gyakorlatilag b\u00e1rmilyen alkalmaz\u00e1shoz, a sz\u00e1ll\u00edt\u00f3szalagokt\u00f3l kezdve az egyc\u00e9l\u00fa g\u00e9peken \u00e1t a CNC-szersz\u00e1mg\u00e9pekig vagy a robotik\u00e1ig, tudunk hajt\u00f3m\u0171veket k\u00edn\u00e1lni, p\u00e9ld\u00e1ul csig\u00e1s, ferde, lapos, p\u00e1rhuzamos \u00e9s egy\u00e9b hajt\u00f3m\u0171veket. K\u00e9rj\u00fck, vegye fel vel\u00fcnk a kapcsolatot.\" \/>\n<meta property=\"og:url\" content=\"https:\/\/almer.sk\/hu\/sebessegvaltok\/\" \/>\n<meta property=\"og:site_name\" content=\"Almer.sk\" \/>\n<meta property=\"article:modified_time\" content=\"2023-08-31T09:05:13+00:00\" \/>\n<meta name=\"twitter:card\" content=\"summary_large_image\" \/>\n<meta name=\"twitter:label1\" content=\"Becs\u00fclt olvas\u00e1si id\u0151\" \/>\n\t<meta name=\"twitter:data1\" content=\"2 perc\" \/>\n<script type=\"application\/ld+json\" class=\"yoast-schema-graph\">{\"@context\":\"https:\/\/schema.org\",\"@graph\":[{\"@type\":\"WebPage\",\"@id\":\"https:\/\/almer.sk\/hu\/sebessegvaltok\/\",\"url\":\"https:\/\/almer.sk\/hu\/sebessegvaltok\/\",\"name\":\"Sebess\u00e9gv\u00e1lt\u00f3k - Almer.sk\",\"isPartOf\":{\"@id\":\"https:\/\/almer.sk\/hu\/#website\"},\"datePublished\":\"2023-06-15T06:50:14+00:00\",\"dateModified\":\"2023-08-31T09:05:13+00:00\",\"breadcrumb\":{\"@id\":\"https:\/\/almer.sk\/hu\/sebessegvaltok\/#breadcrumb\"},\"inLanguage\":\"hu\",\"potentialAction\":[{\"@type\":\"ReadAction\",\"target\":[\"https:\/\/almer.sk\/hu\/sebessegvaltok\/\"]}]},{\"@type\":\"BreadcrumbList\",\"@id\":\"https:\/\/almer.sk\/hu\/sebessegvaltok\/#breadcrumb\",\"itemListElement\":[{\"@type\":\"ListItem\",\"position\":1,\"name\":\"Home\",\"item\":\"https:\/\/almer.sk\/hu\/\"},{\"@type\":\"ListItem\",\"position\":2,\"name\":\"Sebess\u00e9gv\u00e1lt\u00f3k\"}]},{\"@type\":\"WebSite\",\"@id\":\"https:\/\/almer.sk\/hu\/#website\",\"url\":\"https:\/\/almer.sk\/hu\/\",\"name\":\"Almer.sk\",\"description\":\"Technologick\u00fd l\u00edder v oblasti presn\u00fdch prevodoviek\",\"potentialAction\":[{\"@type\":\"SearchAction\",\"target\":{\"@type\":\"EntryPoint\",\"urlTemplate\":\"https:\/\/almer.sk\/hu\/?s={search_term_string}\"},\"query-input\":{\"@type\":\"PropertyValueSpecification\",\"valueRequired\":true,\"valueName\":\"search_term_string\"}}],\"inLanguage\":\"hu\"}]}<\/script>\n<!-- \/ Yoast SEO plugin. -->","yoast_head_json":{"title":"Sebess\u00e9gv\u00e1lt\u00f3k - Almer.sk","robots":{"index":"index","follow":"follow","max-snippet":"max-snippet:-1","max-image-preview":"max-image-preview:large","max-video-preview":"max-video-preview:-1"},"canonical":"https:\/\/almer.sk\/hu\/sebessegvaltok\/","og_locale":"hu_HU","og_type":"article","og_title":"Sebess\u00e9gv\u00e1lt\u00f3k - Almer.sk","og_description":"&lt; F\u0151oldal \/ Sebess\u00e9gv\u00e1lt\u00f3kSebess\u00e9gv\u00e1lt\u00f3kNagy pontoss\u00e1g\u00fa (holtj\u00e1t\u00e9kmentes) leaderdrive \u00ae HARMONIKUS SEBESS\u00c9GV\u00c1LT\u00d3KBOLYG\u00d3M\u0170VEKA fentieken t\u00falmen\u0151en, m\u0171szaki t\u00e1mogat\u00e1sunk keret\u00e9ben, az \u00d6n ig\u00e9nyei szerint, az \u00d6nnel egyeztetve, gyakorlatilag b\u00e1rmilyen alkalmaz\u00e1shoz, a sz\u00e1ll\u00edt\u00f3szalagokt\u00f3l kezdve az egyc\u00e9l\u00fa g\u00e9peken \u00e1t a CNC-szersz\u00e1mg\u00e9pekig vagy a robotik\u00e1ig, tudunk hajt\u00f3m\u0171veket k\u00edn\u00e1lni, p\u00e9ld\u00e1ul csig\u00e1s, ferde, lapos, p\u00e1rhuzamos \u00e9s egy\u00e9b hajt\u00f3m\u0171veket. K\u00e9rj\u00fck, vegye fel vel\u00fcnk a kapcsolatot.","og_url":"https:\/\/almer.sk\/hu\/sebessegvaltok\/","og_site_name":"Almer.sk","article_modified_time":"2023-08-31T09:05:13+00:00","twitter_card":"summary_large_image","twitter_misc":{"Becs\u00fclt olvas\u00e1si id\u0151":"2 perc"},"schema":{"@context":"https:\/\/schema.org","@graph":[{"@type":"WebPage","@id":"https:\/\/almer.sk\/hu\/sebessegvaltok\/","url":"https:\/\/almer.sk\/hu\/sebessegvaltok\/","name":"Sebess\u00e9gv\u00e1lt\u00f3k - Almer.sk","isPartOf":{"@id":"https:\/\/almer.sk\/hu\/#website"},"datePublished":"2023-06-15T06:50:14+00:00","dateModified":"2023-08-31T09:05:13+00:00","breadcrumb":{"@id":"https:\/\/almer.sk\/hu\/sebessegvaltok\/#breadcrumb"},"inLanguage":"hu","potentialAction":[{"@type":"ReadAction","target":["https:\/\/almer.sk\/hu\/sebessegvaltok\/"]}]},{"@type":"BreadcrumbList","@id":"https:\/\/almer.sk\/hu\/sebessegvaltok\/#breadcrumb","itemListElement":[{"@type":"ListItem","position":1,"name":"Home","item":"https:\/\/almer.sk\/hu\/"},{"@type":"ListItem","position":2,"name":"Sebess\u00e9gv\u00e1lt\u00f3k"}]},{"@type":"WebSite","@id":"https:\/\/almer.sk\/hu\/#website","url":"https:\/\/almer.sk\/hu\/","name":"Almer.sk","description":"Technologick\u00fd l\u00edder v oblasti presn\u00fdch prevodoviek","potentialAction":[{"@type":"SearchAction","target":{"@type":"EntryPoint","urlTemplate":"https:\/\/almer.sk\/hu\/?s={search_term_string}"},"query-input":{"@type":"PropertyValueSpecification","valueRequired":true,"valueName":"search_term_string"}}],"inLanguage":"hu"}]}},"_links":{"self":[{"href":"https:\/\/almer.sk\/hu\/wp-json\/wp\/v2\/pages\/5585","targetHints":{"allow":["GET"]}}],"collection":[{"href":"https:\/\/almer.sk\/hu\/wp-json\/wp\/v2\/pages"}],"about":[{"href":"https:\/\/almer.sk\/hu\/wp-json\/wp\/v2\/types\/page"}],"author":[{"embeddable":true,"href":"https:\/\/almer.sk\/hu\/wp-json\/wp\/v2\/users\/1"}],"replies":[{"embeddable":true,"href":"https:\/\/almer.sk\/hu\/wp-json\/wp\/v2\/comments?post=5585"}],"version-history":[{"count":6,"href":"https:\/\/almer.sk\/hu\/wp-json\/wp\/v2\/pages\/5585\/revisions"}],"predecessor-version":[{"id":6519,"href":"https:\/\/almer.sk\/hu\/wp-json\/wp\/v2\/pages\/5585\/revisions\/6519"}],"wp:attachment":[{"href":"https:\/\/almer.sk\/hu\/wp-json\/wp\/v2\/media?parent=5585"}],"curies":[{"name":"wp","href":"https:\/\/api.w.org\/{rel}","templated":true}]}}