{"id":5558,"date":"2023-06-15T08:52:15","date_gmt":"2023-06-15T06:52:15","guid":{"rendered":"https:\/\/almer.sk\/motorok\/"},"modified":"2023-07-28T11:26:10","modified_gmt":"2023-07-28T09:26:10","slug":"motorok","status":"publish","type":"page","link":"https:\/\/almer.sk\/hu\/motorok\/","title":{"rendered":"Motorok"},"content":{"rendered":"<p>[et_pb_section fb_built=&#8221;1&#8243; admin_label=&#8221;Section&#8221; _builder_version=&#8221;4.21.0&#8243; _module_preset=&#8221;default&#8221; locked=&#8221;off&#8221; global_colors_info=&#8221;{}&#8221;][et_pb_row _builder_version=&#8221;4.21.0&#8243; _module_preset=&#8221;default&#8221; global_colors_info=&#8221;{}&#8221;][et_pb_column type=&#8221;4_4&#8243; _builder_version=&#8221;4.21.0&#8243; _module_preset=&#8221;default&#8221; global_colors_info=&#8221;{}&#8221;][et_pb_blurb content_max_width=&#8221;1100px&#8221; _builder_version=&#8221;4.21.0&#8243; _module_preset=&#8221;default&#8221; body_text_align=&#8221;left&#8221; global_colors_info=&#8221;{}&#8221;]<\/p>\n<p> <a class=\"bread\" href=\"https:\/\/almer.sk\/hu\/\">&gt; F\u0151oldal<\/a> \/ Motorok<\/p>\n<p>[\/et_pb_blurb][\/et_pb_column][\/et_pb_row][et_pb_row _builder_version=&#8221;4.21.0&#8243; _module_preset=&#8221;default&#8221; global_colors_info=&#8221;{}&#8221;][et_pb_column type=&#8221;4_4&#8243; _builder_version=&#8221;4.21.0&#8243; _module_preset=&#8221;default&#8221; global_colors_info=&#8221;{}&#8221;][et_pb_blurb content_max_width=&#8221;1100px&#8221; _builder_version=&#8221;4.21.0&#8243; _module_preset=&#8221;default&#8221; header_level=&#8221;h1&#8243; header_font=&#8221;|||on|||||&#8221; body_font=&#8221;|||on|||||&#8221; body_text_align=&#8221;center&#8221; body_line_height=&#8221;1.6em&#8221; global_colors_info=&#8221;{}&#8221;]<\/p>\n<h1><span class=\"cierna\">Keret n\u00e9lk\u00fcli, k\u00f6zvetlen meghajt\u00e1s\u00fa<\/span> nyomat\u00e9kmotorok<\/h1>\n<p>[\/et_pb_blurb][\/et_pb_column][\/et_pb_row][et_pb_row column_structure=&#8221;1_2,1_2&#8243; _builder_version=&#8221;4.21.0&#8243; _module_preset=&#8221;default&#8221; global_colors_info=&#8221;{}&#8221;][et_pb_column type=&#8221;1_2&#8243; _builder_version=&#8221;4.21.0&#8243; _module_preset=&#8221;default&#8221; global_colors_info=&#8221;{}&#8221;][et_pb_blurb image=&#8221;https:\/\/almer.sk\/wp-content\/uploads\/2023\/07\/Motory-e1689573291270.png&#8221; alt=&#8221;Motorok&#8221; _builder_version=&#8221;4.21.0&#8243; _module_preset=&#8221;default&#8221; width=&#8221;100%&#8221; module_alignment=&#8221;center&#8221; custom_margin=&#8221;||||false|false&#8221; custom_padding=&#8221;|20px|||false|false&#8221; animation=&#8221;off&#8221; global_colors_info=&#8221;{}&#8221;][\/et_pb_blurb][\/et_pb_column][et_pb_column type=&#8221;1_2&#8243; _builder_version=&#8221;4.21.0&#8243; _module_preset=&#8221;default&#8221; global_colors_info=&#8221;{}&#8221;][et_pb_blurb alt=&#8221;4.tengely 2.fot\u00f3&#8221; _builder_version=&#8221;4.21.0&#8243; _module_preset=&#8221;default&#8221; width=&#8221;100%&#8221; max_width=&#8221;100%&#8221; module_alignment=&#8221;center&#8221; custom_margin=&#8221;25px||||false|false&#8221; custom_padding=&#8221;||||false|false&#8221; animation=&#8221;off&#8221; locked=&#8221;off&#8221; global_colors_info=&#8221;{}&#8221;]<\/p>\n<p>K\u00fcl\u00f6nb\u00f6z\u0151 keretm\u00e9retek 60-145 mm<\/p>\n<p>K\u00fcl\u00f6nb\u00f6z\u0151 fesz\u00fclts\u00e9g specifik\u00e1ci\u00f3k &#8211; 220 V \u00e9s 48 V<\/p>\n<p>Opcion\u00e1lis be\u00e9p\u00edtett Hall-\u00e9rz\u00e9kel\u0151 a visszajelz\u0151 jel kimenet\u00e9nek biztos\u00edt\u00e1s\u00e1hoz.<\/p>\n<p>A szabv\u00e1nyos F oszt\u00e1ly\u00fa szigetel\u00e9s magasabb h\u0151m\u00e9rs\u00e9kleten val\u00f3 m\u0171k\u00f6d\u00e9st biztos\u00edt.<\/p>\n<p>A rep\u00fcl\u0151g\u00e9p min\u0151s\u00e9g\u0171 sz\u00e9nsz\u00e1lak v\u00e9dik a rotorokat nagy sebess\u00e9gn\u00e9l.<\/p>\n<p>[\/et_pb_blurb][\/et_pb_column][\/et_pb_row][et_pb_row _builder_version=&#8221;4.21.0&#8243; _module_preset=&#8221;default&#8221; global_colors_info=&#8221;{}&#8221;][et_pb_column type=&#8221;4_4&#8243; _builder_version=&#8221;4.21.0&#8243; _module_preset=&#8221;default&#8221; global_colors_info=&#8221;{}&#8221;][et_pb_tabs active_tab_background_color=&#8221;#000000&#8243; inactive_tab_background_color=&#8221;#ff0000&#8243; active_tab_text_color=&#8221;#ffffff&#8221; module_id=&#8221;taby&#8221; _builder_version=&#8221;4.21.0&#8243; tab_text_color=&#8221;#ffffff&#8221; tab_font=&#8221;|300|||||||&#8221; tab_font_size=&#8221;16px&#8221; tab_line_height=&#8221;2.8em&#8221; border_width_all=&#8221;0px&#8221; border_color_all=&#8221;rgba(0,0,0,0)&#8221; global_colors_info=&#8221;{}&#8221;][et_pb_tab title=&#8221;Le\u00edr\u00e1s&#8221; _builder_version=&#8221;4.21.0&#8243; global_colors_info=&#8221;{}&#8221;]<\/p>\n<p>A KMF nagy nyomat\u00e9k\u00fa, keret n\u00e9lk\u00fcli, k\u00f6zvetlen meghajt\u00e1s\u00fa motorjai nagy nyomat\u00e9kkal \u00e9s nyomat\u00e9ki s\u0171r\u0171s\u00e9ggel rendelkeznek. Rendk\u00edv\u00fcl alacsony fogasker\u00e9knyomat\u00e9kkal, alacsony fordulatsz\u00e1mon rendk\u00edv\u00fcl alacsony nyomat\u00e9kingadoz\u00e1ssal, alacsony zajszinttel \u00e9s prec\u00edz forg\u00f3mozg\u00e1ssal rendelkeznek a mechanikai rendszerek \u00e1ltal megk\u00f6vetelt hat\u00e9kony \u00e9s stabil megold\u00e1sokhoz.<\/p>\n<p>A KMF keret n\u00e9lk\u00fcli k\u00f6zvetlen meghajt\u00e1s\u00fa motor nagy teljes\u00edtm\u00e9nys\u0171r\u0171s\u00e9g\u0171 tekercseket haszn\u00e1l a kis \u00e9s kompakt m\u00e9retet, kis s\u00falyt \u00e9s alacsony tehetetlens\u00e9get ig\u00e9nyl\u0151 alkalmaz\u00e1sokhoz. A nagy teljes\u00edtm\u00e9ny\u0171 NdFeB rotor \u00e9s a sz\u00e9nsz\u00e1las csomagol\u00f3anyag hat\u00e9kony \u00e9s stabil megold\u00e1st ny\u00fajt a rendszer sz\u00e1m\u00e1ra.<\/p>\n<p>T\u00f6bbf\u00e9le modell \u00e1ll rendelkez\u00e9sre: 60 mm-t\u0151l 145 mm-ig terjed\u0151 k\u00fcl\u00f6nb\u00f6z\u0151 v\u00e1zm\u00e9reteket fednek le.<\/p>\n<p>Hall-\u00e9rz\u00e9kel\u0151: visszajelz\u0151 jelkimenetet biztos\u00edt.<\/p>\n<p>Magas szigetel\u00e9si szint: F szigetel\u00e9si oszt\u00e1ly (155\u00b0C).<\/p>\n<p>Sz\u00e9nsz\u00e1las v\u00e9delem: a sz\u00e9nsz\u00e1las h\u00fcvelyek v\u00e9dik a rotorokat nagy sebess\u00e9gn\u00e9l.<\/p>\n<p>Biztons\u00e1gi tan\u00fas\u00edt\u00e1s: EU CE \u00e9s \u00e9szak-amerikai ETL tan\u00fas\u00edt\u00e1s.<\/p>\n<p>Rendk\u00edv\u00fcl k\u00f6nnyen kezelhet\u0151: a megb\u00edzhat\u00f3, kompakt rendszerkialak\u00edt\u00e1s k\u00f6nnyen alkalmazhat\u00f3.<\/p>\n<p>[\/et_pb_tab][et_pb_tab title=&#8221;Param\u00e9terek&#8221; _builder_version=&#8221;4.21.0&#8243; global_colors_info=&#8221;{}&#8221;]<\/p>\n<h3>A motorok param\u00e9terei<\/h3>\n<ul class=\"et_post_gallery clearfix\">\n\t\t\t\t\t<li class=\"et_gallery_item et_pb_gallery_image\">\n\t\t\t\t\t\t<a href=\"https:\/\/almer.sk\/wp-content\/uploads\/2023\/07\/Parametre-motorov-KMF-scaled-e1689572678359.jpg\" title=\"Parametre motorov KMF\">\n\t\t\t\t\t\t\t<span class=\"et_portfolio_image\">\n\t\t\t\t\t\t\t\t<img loading=\"lazy\" decoding=\"async\" width=\"400\" height=\"284\" src=\"https:\/\/almer.sk\/wp-content\/uploads\/2023\/07\/Parametre-motorov-KMF-scaled-e1689572678359-400x284.jpg\" class=\"attachment-et-pb-portfolio-image size-et-pb-portfolio-image\" alt=\"\" \/>\n\t\t\t\t\t\t\t\t<span class=\"et_overlay\"><\/span>\n\t\t\t\t\t\t\t<\/span>\n\t\t\t\t\t\t<\/a>\n\t\t\t\t\t\t<p class=\"et_pb_gallery_caption\">Parametre motorov KMF<\/p>\n\t\t\t\t\t<\/li><li class=\"et_gallery_item et_pb_gallery_image\">\n\t\t\t\t\t\t<a href=\"https:\/\/almer.sk\/wp-content\/uploads\/2023\/07\/T-n-krivky-48VDC.jpg\" title=\"T-n krivky 48VDC\">\n\t\t\t\t\t\t\t<span class=\"et_portfolio_image\">\n\t\t\t\t\t\t\t\t<img loading=\"lazy\" decoding=\"async\" width=\"400\" height=\"284\" src=\"https:\/\/almer.sk\/wp-content\/uploads\/2023\/07\/T-n-krivky-48VDC-400x284.jpg\" class=\"attachment-et-pb-portfolio-image size-et-pb-portfolio-image\" alt=\"\" \/>\n\t\t\t\t\t\t\t\t<span class=\"et_overlay\"><\/span>\n\t\t\t\t\t\t\t<\/span>\n\t\t\t\t\t\t<\/a>\n\t\t\t\t\t\t<p class=\"et_pb_gallery_caption\">T-n krivky 48VDC<\/p>\n\t\t\t\t\t<\/li><li class=\"et_gallery_item et_pb_gallery_image\">\n\t\t\t\t\t\t<a href=\"https:\/\/almer.sk\/wp-content\/uploads\/2023\/07\/T-n-krivky-220VAC.jpg\" title=\"T-n krivky 220VAC\">\n\t\t\t\t\t\t\t<span class=\"et_portfolio_image\">\n\t\t\t\t\t\t\t\t<img loading=\"lazy\" decoding=\"async\" width=\"400\" height=\"284\" src=\"https:\/\/almer.sk\/wp-content\/uploads\/2023\/07\/T-n-krivky-220VAC-400x284.jpg\" class=\"attachment-et-pb-portfolio-image size-et-pb-portfolio-image\" alt=\"\" \/>\n\t\t\t\t\t\t\t\t<span class=\"et_overlay\"><\/span>\n\t\t\t\t\t\t\t<\/span>\n\t\t\t\t\t\t<\/a>\n\t\t\t\t\t\t<p class=\"et_pb_gallery_caption\">T-n krivky 220VAC<\/p>\n\t\t\t\t\t<\/li>\n\t\t\t\t<\/ul>\n<p>[\/et_pb_tab][et_pb_tab title=&#8221;Rajzok&#8221; _builder_version=&#8221;4.21.0&#8243; global_colors_info=&#8221;{}&#8221;]<\/p>\n<h3>Motorrajzok<\/h3>\n<p><ul class=\"et_post_gallery clearfix\">\n\t\t\t\t\t<li class=\"et_gallery_item et_pb_gallery_image\">\n\t\t\t\t\t\t<a href=\"https:\/\/almer.sk\/wp-content\/uploads\/2023\/07\/KMF-060AMLNN-scaled-e1689572653628.jpg\" title=\"KMF-060AM(L)NN\">\n\t\t\t\t\t\t\t<span class=\"et_portfolio_image\">\n\t\t\t\t\t\t\t\t<img loading=\"lazy\" decoding=\"async\" width=\"400\" height=\"284\" src=\"https:\/\/almer.sk\/wp-content\/uploads\/2023\/07\/KMF-060AMLNN-scaled-e1689572653628-400x284.jpg\" class=\"attachment-et-pb-portfolio-image size-et-pb-portfolio-image\" alt=\"\" \/>\n\t\t\t\t\t\t\t\t<span class=\"et_overlay\"><\/span>\n\t\t\t\t\t\t\t<\/span>\n\t\t\t\t\t\t<\/a>\n\t\t\t\t\t\t<p class=\"et_pb_gallery_caption\">KMF-060AM(L)NN<\/p>\n\t\t\t\t\t<\/li><li class=\"et_gallery_item et_pb_gallery_image\">\n\t\t\t\t\t\t<a href=\"https:\/\/almer.sk\/wp-content\/uploads\/2023\/07\/KMF-076AMLNN-scaled-e1689572618885.jpg\" title=\"KMF-076AM(L)NN\">\n\t\t\t\t\t\t\t<span class=\"et_portfolio_image\">\n\t\t\t\t\t\t\t\t<img loading=\"lazy\" decoding=\"async\" width=\"400\" height=\"284\" src=\"https:\/\/almer.sk\/wp-content\/uploads\/2023\/07\/KMF-076AMLNN-scaled-e1689572618885-400x284.jpg\" class=\"attachment-et-pb-portfolio-image size-et-pb-portfolio-image\" alt=\"\" \/>\n\t\t\t\t\t\t\t\t<span class=\"et_overlay\"><\/span>\n\t\t\t\t\t\t\t<\/span>\n\t\t\t\t\t\t<\/a>\n\t\t\t\t\t\t<p class=\"et_pb_gallery_caption\">KMF-076AM(L)NN<\/p>\n\t\t\t\t\t<\/li><li class=\"et_gallery_item et_pb_gallery_image\">\n\t\t\t\t\t\t<a href=\"https:\/\/almer.sk\/wp-content\/uploads\/2023\/07\/KMF-095AMLNN-scaled-e1689572546249.jpg\" title=\"KMF-095AM(L)NN\">\n\t\t\t\t\t\t\t<span class=\"et_portfolio_image\">\n\t\t\t\t\t\t\t\t<img loading=\"lazy\" decoding=\"async\" width=\"400\" height=\"284\" src=\"https:\/\/almer.sk\/wp-content\/uploads\/2023\/07\/KMF-095AMLNN-scaled-e1689572546249-400x284.jpg\" class=\"attachment-et-pb-portfolio-image size-et-pb-portfolio-image\" alt=\"\" \/>\n\t\t\t\t\t\t\t\t<span class=\"et_overlay\"><\/span>\n\t\t\t\t\t\t\t<\/span>\n\t\t\t\t\t\t<\/a>\n\t\t\t\t\t\t<p class=\"et_pb_gallery_caption\">KMF-095AM(L)NN<\/p>\n\t\t\t\t\t<\/li><li class=\"et_gallery_item et_pb_gallery_image\">\n\t\t\t\t\t\t<a href=\"https:\/\/almer.sk\/wp-content\/uploads\/2023\/07\/KMF-129AMLNN-scaled-e1689572499391.jpg\" title=\"KMF-129AM(L)NN\">\n\t\t\t\t\t\t\t<span class=\"et_portfolio_image\">\n\t\t\t\t\t\t\t\t<img loading=\"lazy\" decoding=\"async\" width=\"400\" height=\"284\" src=\"https:\/\/almer.sk\/wp-content\/uploads\/2023\/07\/KMF-129AMLNN-scaled-e1689572499391-400x284.jpg\" class=\"attachment-et-pb-portfolio-image size-et-pb-portfolio-image\" alt=\"\" \/>\n\t\t\t\t\t\t\t\t<span class=\"et_overlay\"><\/span>\n\t\t\t\t\t\t\t<\/span>\n\t\t\t\t\t\t<\/a>\n\t\t\t\t\t\t<p class=\"et_pb_gallery_caption\">KMF-129AM(L)NN<\/p>\n\t\t\t\t\t<\/li><li class=\"et_gallery_item et_pb_gallery_image\">\n\t\t\t\t\t\t<a href=\"https:\/\/almer.sk\/wp-content\/uploads\/2023\/07\/KMF-145AMLNN-scaled-e1689572589174.jpg\" title=\"KMF-145AM(L)NN\">\n\t\t\t\t\t\t\t<span class=\"et_portfolio_image\">\n\t\t\t\t\t\t\t\t<img loading=\"lazy\" decoding=\"async\" width=\"400\" height=\"284\" src=\"https:\/\/almer.sk\/wp-content\/uploads\/2023\/07\/KMF-145AMLNN-scaled-e1689572589174-400x284.jpg\" class=\"attachment-et-pb-portfolio-image size-et-pb-portfolio-image\" alt=\"\" \/>\n\t\t\t\t\t\t\t\t<span class=\"et_overlay\"><\/span>\n\t\t\t\t\t\t\t<\/span>\n\t\t\t\t\t\t<\/a>\n\t\t\t\t\t\t<p class=\"et_pb_gallery_caption\">KMF-145AM(L)NN<\/p>\n\t\t\t\t\t<\/li>\n\t\t\t\t<\/ul>[\/et_pb_tab][et_pb_tab title=&#8221;3D&#8221; _builder_version=&#8221;4.21.0&#8243; global_colors_info=&#8221;{}&#8221;]<\/p>\n<h3>3D kimenethez k\u00e9rj\u00fck, l\u00e9pjen kapcsolatba vel\u00fcnk<\/h3>\n<h4>[et_pb_section global_module=\"1380\"][\/et_pb_section]<\/h4>\n<p>[\/et_pb_tab][et_pb_tab title=&#8221;Modell specifik\u00e1ci\u00f3&#8221; _builder_version=&#8221;4.21.0&#8243; global_colors_info=&#8221;{}&#8221;]<\/p>\n<h3>A motorok specifik\u00e1ci\u00f3ja<\/h3>\n<p><ul class=\"et_post_gallery clearfix\">\n\t\t\t\t\t<li class=\"et_gallery_item et_pb_gallery_image\">\n\t\t\t\t\t\t<a href=\"https:\/\/almer.sk\/wp-content\/uploads\/2023\/07\/23-Specifikacia-Motory-scaled-e1689572707554.jpg\" title=\"23 S\u030cpecifika\u0301cia Motory\">\n\t\t\t\t\t\t\t<span class=\"et_portfolio_image\">\n\t\t\t\t\t\t\t\t<img loading=\"lazy\" decoding=\"async\" width=\"400\" height=\"284\" src=\"https:\/\/almer.sk\/wp-content\/uploads\/2023\/07\/23-Specifikacia-Motory-scaled-e1689572707554-400x284.jpg\" class=\"attachment-et-pb-portfolio-image size-et-pb-portfolio-image\" alt=\"\" \/>\n\t\t\t\t\t\t\t\t<span class=\"et_overlay\"><\/span>\n\t\t\t\t\t\t\t<\/span>\n\t\t\t\t\t\t<\/a>\n\t\t\t\t\t\t<p class=\"et_pb_gallery_caption\">23 S\u030cpecifika\u0301cia Motory<\/p>\n\t\t\t\t\t<\/li>\n\t\t\t\t<\/ul>[\/et_pb_tab][et_pb_tab title=&#8221;Term\u00e9k lek\u00e9rdez\u00e9se&#8221; _builder_version=&#8221;4.21.0&#8243; global_colors_info=&#8221;{}&#8221;]<\/p>\n<p>K\u00e9rj\u00fck, vegye fel a kapcsolatot m\u0171szaki \u00e9rt\u00e9kes\u00edt\u00e9si csapatunkkal, ha \u00e1rakat, adatlapokat, m\u0171szaki rajzokat (2D\/3D), hardver- \u00e9s szoftver k\u00e9zik\u00f6nyveket vagy b\u00e1rmilyen m\u00e1s m\u0171szaki inform\u00e1ci\u00f3t szeretne k\u00e9rni az \u00d6n alkalmaz\u00e1s\u00e1hoz&#8230;.<\/p>\n[et_pb_section global_module=\"1380\"][\/et_pb_section]\n<p>[\/et_pb_tab][\/et_pb_tabs][\/et_pb_column][\/et_pb_row][\/et_pb_section]<\/p>\n","protected":false},"excerpt":{"rendered":"<p>&gt; F\u0151oldal \/ MotorokKeret n\u00e9lk\u00fcli, k\u00f6zvetlen meghajt\u00e1s\u00fa nyomat\u00e9kmotorokK\u00fcl\u00f6nb\u00f6z\u0151 keretm\u00e9retek 60-145 mm K\u00fcl\u00f6nb\u00f6z\u0151 fesz\u00fclts\u00e9g specifik\u00e1ci\u00f3k &#8211; 220 V \u00e9s 48 V Opcion\u00e1lis be\u00e9p\u00edtett Hall-\u00e9rz\u00e9kel\u0151 a visszajelz\u0151 jel kimenet\u00e9nek biztos\u00edt\u00e1s\u00e1hoz. A szabv\u00e1nyos F oszt\u00e1ly\u00fa szigetel\u00e9s magasabb h\u0151m\u00e9rs\u00e9kleten val\u00f3 m\u0171k\u00f6d\u00e9st biztos\u00edt. A rep\u00fcl\u0151g\u00e9p min\u0151s\u00e9g\u0171 sz\u00e9nsz\u00e1lak v\u00e9dik a rotorokat nagy sebess\u00e9gn\u00e9l.A KMF nagy nyomat\u00e9k\u00fa, keret n\u00e9lk\u00fcli, k\u00f6zvetlen meghajt\u00e1s\u00fa motorjai [&hellip;]<\/p>\n","protected":false},"author":1,"featured_media":0,"parent":0,"menu_order":0,"comment_status":"closed","ping_status":"closed","template":"","meta":{"_et_pb_use_builder":"on","_et_pb_old_content":"","_et_gb_content_width":"","footnotes":""},"class_list":["post-5558","page","type-page","status-publish","hentry"],"yoast_head":"<!-- This site is optimized with the Yoast SEO plugin v26.6 - https:\/\/yoast.com\/wordpress\/plugins\/seo\/ -->\n<title>Motorok - Almer.sk<\/title>\n<meta name=\"robots\" content=\"index, follow, max-snippet:-1, max-image-preview:large, max-video-preview:-1\" \/>\n<link rel=\"canonical\" href=\"https:\/\/almer.sk\/hu\/motorok\/\" \/>\n<meta property=\"og:locale\" content=\"hu_HU\" \/>\n<meta property=\"og:type\" content=\"article\" \/>\n<meta property=\"og:title\" content=\"Motorok - Almer.sk\" \/>\n<meta property=\"og:description\" content=\"&gt; F\u0151oldal \/ MotorokKeret n\u00e9lk\u00fcli, k\u00f6zvetlen meghajt\u00e1s\u00fa nyomat\u00e9kmotorokK\u00fcl\u00f6nb\u00f6z\u0151 keretm\u00e9retek 60-145 mm K\u00fcl\u00f6nb\u00f6z\u0151 fesz\u00fclts\u00e9g specifik\u00e1ci\u00f3k - 220 V \u00e9s 48 V Opcion\u00e1lis be\u00e9p\u00edtett Hall-\u00e9rz\u00e9kel\u0151 a visszajelz\u0151 jel kimenet\u00e9nek biztos\u00edt\u00e1s\u00e1hoz. A szabv\u00e1nyos F oszt\u00e1ly\u00fa szigetel\u00e9s magasabb h\u0151m\u00e9rs\u00e9kleten val\u00f3 m\u0171k\u00f6d\u00e9st biztos\u00edt. A rep\u00fcl\u0151g\u00e9p min\u0151s\u00e9g\u0171 sz\u00e9nsz\u00e1lak v\u00e9dik a rotorokat nagy sebess\u00e9gn\u00e9l.A KMF nagy nyomat\u00e9k\u00fa, keret n\u00e9lk\u00fcli, k\u00f6zvetlen meghajt\u00e1s\u00fa motorjai [&hellip;]\" \/>\n<meta property=\"og:url\" content=\"https:\/\/almer.sk\/hu\/motorok\/\" \/>\n<meta property=\"og:site_name\" content=\"Almer.sk\" \/>\n<meta property=\"article:modified_time\" content=\"2023-07-28T09:26:10+00:00\" \/>\n<meta name=\"twitter:card\" content=\"summary_large_image\" \/>\n<meta name=\"twitter:label1\" content=\"Becs\u00fclt olvas\u00e1si id\u0151\" \/>\n\t<meta name=\"twitter:data1\" content=\"4 perc\" \/>\n<script type=\"application\/ld+json\" class=\"yoast-schema-graph\">{\"@context\":\"https:\/\/schema.org\",\"@graph\":[{\"@type\":\"WebPage\",\"@id\":\"https:\/\/almer.sk\/hu\/motorok\/\",\"url\":\"https:\/\/almer.sk\/hu\/motorok\/\",\"name\":\"Motorok - Almer.sk\",\"isPartOf\":{\"@id\":\"https:\/\/almer.sk\/hu\/#website\"},\"datePublished\":\"2023-06-15T06:52:15+00:00\",\"dateModified\":\"2023-07-28T09:26:10+00:00\",\"breadcrumb\":{\"@id\":\"https:\/\/almer.sk\/hu\/motorok\/#breadcrumb\"},\"inLanguage\":\"hu\",\"potentialAction\":[{\"@type\":\"ReadAction\",\"target\":[\"https:\/\/almer.sk\/hu\/motorok\/\"]}]},{\"@type\":\"BreadcrumbList\",\"@id\":\"https:\/\/almer.sk\/hu\/motorok\/#breadcrumb\",\"itemListElement\":[{\"@type\":\"ListItem\",\"position\":1,\"name\":\"Home\",\"item\":\"https:\/\/almer.sk\/hu\/\"},{\"@type\":\"ListItem\",\"position\":2,\"name\":\"Motorok\"}]},{\"@type\":\"WebSite\",\"@id\":\"https:\/\/almer.sk\/hu\/#website\",\"url\":\"https:\/\/almer.sk\/hu\/\",\"name\":\"Almer.sk\",\"description\":\"Technologick\u00fd l\u00edder v oblasti presn\u00fdch prevodoviek\",\"potentialAction\":[{\"@type\":\"SearchAction\",\"target\":{\"@type\":\"EntryPoint\",\"urlTemplate\":\"https:\/\/almer.sk\/hu\/?s={search_term_string}\"},\"query-input\":{\"@type\":\"PropertyValueSpecification\",\"valueRequired\":true,\"valueName\":\"search_term_string\"}}],\"inLanguage\":\"hu\"}]}<\/script>\n<!-- \/ Yoast SEO plugin. -->","yoast_head_json":{"title":"Motorok - Almer.sk","robots":{"index":"index","follow":"follow","max-snippet":"max-snippet:-1","max-image-preview":"max-image-preview:large","max-video-preview":"max-video-preview:-1"},"canonical":"https:\/\/almer.sk\/hu\/motorok\/","og_locale":"hu_HU","og_type":"article","og_title":"Motorok - Almer.sk","og_description":"&gt; F\u0151oldal \/ MotorokKeret n\u00e9lk\u00fcli, k\u00f6zvetlen meghajt\u00e1s\u00fa nyomat\u00e9kmotorokK\u00fcl\u00f6nb\u00f6z\u0151 keretm\u00e9retek 60-145 mm K\u00fcl\u00f6nb\u00f6z\u0151 fesz\u00fclts\u00e9g specifik\u00e1ci\u00f3k - 220 V \u00e9s 48 V Opcion\u00e1lis be\u00e9p\u00edtett Hall-\u00e9rz\u00e9kel\u0151 a visszajelz\u0151 jel kimenet\u00e9nek biztos\u00edt\u00e1s\u00e1hoz. A szabv\u00e1nyos F oszt\u00e1ly\u00fa szigetel\u00e9s magasabb h\u0151m\u00e9rs\u00e9kleten val\u00f3 m\u0171k\u00f6d\u00e9st biztos\u00edt. A rep\u00fcl\u0151g\u00e9p min\u0151s\u00e9g\u0171 sz\u00e9nsz\u00e1lak v\u00e9dik a rotorokat nagy sebess\u00e9gn\u00e9l.A KMF nagy nyomat\u00e9k\u00fa, keret n\u00e9lk\u00fcli, k\u00f6zvetlen meghajt\u00e1s\u00fa motorjai [&hellip;]","og_url":"https:\/\/almer.sk\/hu\/motorok\/","og_site_name":"Almer.sk","article_modified_time":"2023-07-28T09:26:10+00:00","twitter_card":"summary_large_image","twitter_misc":{"Becs\u00fclt olvas\u00e1si id\u0151":"4 perc"},"schema":{"@context":"https:\/\/schema.org","@graph":[{"@type":"WebPage","@id":"https:\/\/almer.sk\/hu\/motorok\/","url":"https:\/\/almer.sk\/hu\/motorok\/","name":"Motorok - Almer.sk","isPartOf":{"@id":"https:\/\/almer.sk\/hu\/#website"},"datePublished":"2023-06-15T06:52:15+00:00","dateModified":"2023-07-28T09:26:10+00:00","breadcrumb":{"@id":"https:\/\/almer.sk\/hu\/motorok\/#breadcrumb"},"inLanguage":"hu","potentialAction":[{"@type":"ReadAction","target":["https:\/\/almer.sk\/hu\/motorok\/"]}]},{"@type":"BreadcrumbList","@id":"https:\/\/almer.sk\/hu\/motorok\/#breadcrumb","itemListElement":[{"@type":"ListItem","position":1,"name":"Home","item":"https:\/\/almer.sk\/hu\/"},{"@type":"ListItem","position":2,"name":"Motorok"}]},{"@type":"WebSite","@id":"https:\/\/almer.sk\/hu\/#website","url":"https:\/\/almer.sk\/hu\/","name":"Almer.sk","description":"Technologick\u00fd l\u00edder v oblasti presn\u00fdch prevodoviek","potentialAction":[{"@type":"SearchAction","target":{"@type":"EntryPoint","urlTemplate":"https:\/\/almer.sk\/hu\/?s={search_term_string}"},"query-input":{"@type":"PropertyValueSpecification","valueRequired":true,"valueName":"search_term_string"}}],"inLanguage":"hu"}]}},"_links":{"self":[{"href":"https:\/\/almer.sk\/hu\/wp-json\/wp\/v2\/pages\/5558","targetHints":{"allow":["GET"]}}],"collection":[{"href":"https:\/\/almer.sk\/hu\/wp-json\/wp\/v2\/pages"}],"about":[{"href":"https:\/\/almer.sk\/hu\/wp-json\/wp\/v2\/types\/page"}],"author":[{"embeddable":true,"href":"https:\/\/almer.sk\/hu\/wp-json\/wp\/v2\/users\/1"}],"replies":[{"embeddable":true,"href":"https:\/\/almer.sk\/hu\/wp-json\/wp\/v2\/comments?post=5558"}],"version-history":[{"count":6,"href":"https:\/\/almer.sk\/hu\/wp-json\/wp\/v2\/pages\/5558\/revisions"}],"predecessor-version":[{"id":5748,"href":"https:\/\/almer.sk\/hu\/wp-json\/wp\/v2\/pages\/5558\/revisions\/5748"}],"wp:attachment":[{"href":"https:\/\/almer.sk\/hu\/wp-json\/wp\/v2\/media?parent=5558"}],"curies":[{"name":"wp","href":"https:\/\/api.w.org\/{rel}","templated":true}]}}