{"id":3724,"date":"2023-07-15T12:57:35","date_gmt":"2023-07-15T10:57:35","guid":{"rendered":"https:\/\/almer.sk\/integrated-products\/hollow-rotary-platform-wtn\/"},"modified":"2023-09-06T11:12:20","modified_gmt":"2023-09-06T09:12:20","slug":"hollow-rotary-platform","status":"publish","type":"page","link":"https:\/\/almer.sk\/en\/integrated-products\/hollow-rotary-platform\/","title":{"rendered":"Hollow rotary platform WTN"},"content":{"rendered":"<p>[et_pb_section fb_built=&#8221;1&#8243; _builder_version=&#8221;4.21.0&#8243; _module_preset=&#8221;default&#8221; global_colors_info=&#8221;{}&#8221;][et_pb_row _builder_version=&#8221;4.21.0&#8243; _module_preset=&#8221;default&#8221; locked=&#8221;off&#8221; global_colors_info=&#8221;{}&#8221;][et_pb_column type=&#8221;4_4&#8243; _builder_version=&#8221;4.21.0&#8243; _module_preset=&#8221;default&#8221; global_colors_info=&#8221;{}&#8221;][et_pb_blurb content_max_width=&#8221;1100px&#8221; _builder_version=&#8221;4.21.0&#8243; _module_preset=&#8221;default&#8221; body_text_align=&#8221;left&#8221; global_colors_info=&#8221;{}&#8221;]<\/p>\n<p> <a class=\"bread\" href=\"https:\/\/almer.sk\/en\/\">&gt; Home<\/a> \/ <a class=\"bread\" href=\"https:\/\/almer.sk\/en\/integrated-products\/\">Integrated Products<\/a> \/ Rotary Platform<\/p>\n<p>[\/et_pb_blurb][et_pb_blurb content_max_width=&#8221;1100px&#8221; _builder_version=&#8221;4.21.0&#8243; _module_preset=&#8221;default&#8221; header_level=&#8221;h1&#8243; header_font=&#8221;|||on|||||&#8221; body_font=&#8221;|||on|||||&#8221; body_text_align=&#8221;center&#8221; body_line_height=&#8221;1.6em&#8221; global_colors_info=&#8221;{}&#8221;]<\/p>\n<h1><span class=\"cierna\">HOllow<\/span>\u00a0 rotary platform WTN<\/h1>\n<p>[\/et_pb_blurb][\/et_pb_column][\/et_pb_row][et_pb_row column_structure=&#8221;1_2,1_2&#8243; _builder_version=&#8221;4.21.0&#8243; _module_preset=&#8221;default&#8221; width=&#8221;60%&#8221; min_height=&#8221;209px&#8221; custom_padding=&#8221;|||0px|false|false&#8221; global_colors_info=&#8221;{}&#8221;][et_pb_column type=&#8221;1_2&#8243; _builder_version=&#8221;4.21.0&#8243; _module_preset=&#8221;default&#8221; global_colors_info=&#8221;{}&#8221;][et_pb_blurb image=&#8221;https:\/\/almer.sk\/wp-content\/uploads\/2023\/07\/Hollow-duta-Rotacna-e1689426047906.png&#8221; alt=&#8221;Hollow Rotary Platform&#8221; _builder_version=&#8221;4.21.0&#8243; _module_preset=&#8221;default&#8221; width=&#8221;70%&#8221; custom_margin=&#8221;|||90px|false|false&#8221; custom_padding=&#8221;||||false|false&#8221; animation=&#8221;off&#8221; global_colors_info=&#8221;{}&#8221;][\/et_pb_blurb][\/et_pb_column][et_pb_column type=&#8221;1_2&#8243; _builder_version=&#8221;4.21.0&#8243; _module_preset=&#8221;default&#8221; global_colors_info=&#8221;{}&#8221;][et_pb_blurb image=&#8221;https:\/\/almer.sk\/wp-content\/uploads\/2023\/07\/Rotacna-platforma-2.png&#8221; _builder_version=&#8221;4.21.0&#8243; _module_preset=&#8221;default&#8221; width=&#8221;70%&#8221; animation=&#8221;off&#8221; global_colors_info=&#8221;{}&#8221;][\/et_pb_blurb][\/et_pb_column][\/et_pb_row][et_pb_row _builder_version=&#8221;4.21.0&#8243; _module_preset=&#8221;default&#8221; custom_padding=&#8221;0px|||||&#8221; global_colors_info=&#8221;{}&#8221;][et_pb_column type=&#8221;4_4&#8243; _builder_version=&#8221;4.21.0&#8243; _module_preset=&#8221;default&#8221; global_colors_info=&#8221;{}&#8221;][et_pb_blurb content_max_width=&#8221;1100px&#8221; _builder_version=&#8221;4.21.0&#8243; _module_preset=&#8221;default&#8221; global_colors_info=&#8221;{}&#8221;]<\/p>\n<p><strong>Hollow Rotary Actuator<\/strong> can be used in various occasions of rotary motion and replace DD MOTOR and cam. It combines high work efficiency, high precision, high rigidity and an excellent cost\/performance ratio. The repeat positioning accuracy is less than 15 arc seconds, the motor is easy to configure, and the load is stable. It can be matched with an AC servo or stepper motor to perform any angle division that digital control can meet, which the divider cannot achieve, and the positioning accuracy is comparable to DD motors. It can significantly reduce costs and bring you unexpected results.<\/p>\n<p><strong>Integrated input shaft<\/strong>, high bearing stiffness, no risk of slipping.<\/p>\n<p><strong>Hollow construction<\/strong><\/p>\n<p>The swivel plate is hollow structure and the servo motor is attached to the side, which is convenient to install the gas pipe and electric wire in the fixture.<\/p>\n<p><strong>High repeat positioning accuracy<\/strong><\/p>\n<p>The hollow rotary platform uses a single-stage helical-geared gearbox to increase output torque by reducing speed.<\/p>\n<p>The accuracy level of the gear is 3 arcmin, and the flexible backlash adjustment mechanism controls the backlash by changing the center distance between the two gears, so that the hollow rotary platform is Non-backlash (backlash-free), and the repositioning accuracy is below \u00b115 arcsec.<\/p>\n<p><strong>High rigidity<\/strong><\/p>\n<p>The swivel plate is supported by a set of precision cross roller bearings. The rollers in the bearing are offset by 90 degrees and the diameter of the rollers is slightly larger than the size of the orbit between the inner ring and the outer ring of the bearing. There is a pre-tightening force between the inner and outer ring and rollers, so that the bearing-supported servo pivot plate of the rotary platform can withstand various moments such as radial, axial and overturning, and its stiffness is more than 10 times higher than that of traditional bearings.<\/p>\n<p><strong>Any engine configuration<\/strong><\/p>\n<p>The hollow rotary platform can flexibly resize the interface with a customized flange bore and input shaft, suitable for connecting servomotors and stepper motors of any brand.<\/p>\n<p>[\/et_pb_blurb][\/et_pb_column][\/et_pb_row][et_pb_row _builder_version=&#8221;4.21.0&#8243; _module_preset=&#8221;default&#8221; global_colors_info=&#8221;{}&#8221;][et_pb_column type=&#8221;4_4&#8243; _builder_version=&#8221;4.21.0&#8243; _module_preset=&#8221;default&#8221; global_colors_info=&#8221;{}&#8221;][et_pb_blurb image=&#8221;https:\/\/almer.sk\/wp-content\/uploads\/2023\/07\/Hollow-duta-rotacna-platforma-WTN.png&#8221; alt=&#8221;Hollow rotary platform WTN&#8221; content_max_width=&#8221;1100px&#8221; _builder_version=&#8221;4.21.0&#8243; _module_preset=&#8221;default&#8221; animation=&#8221;off&#8221; global_colors_info=&#8221;{}&#8221;][\/et_pb_blurb][\/et_pb_column][\/et_pb_row][\/et_pb_section]<\/p>\n","protected":false},"excerpt":{"rendered":"<p>&gt; Home \/ Integrated Products \/ Rotary PlatformHOllow\u00a0 rotary platform WTNHollow Rotary Actuator can be used in various occasions of rotary motion and replace DD MOTOR and cam. It combines high work efficiency, high precision, high rigidity and an excellent cost\/performance ratio. The repeat positioning accuracy is less than 15 arc seconds, the motor is [&hellip;]<\/p>\n","protected":false},"author":1,"featured_media":0,"parent":3626,"menu_order":0,"comment_status":"closed","ping_status":"closed","template":"","meta":{"_et_pb_use_builder":"on","_et_pb_old_content":"","_et_gb_content_width":"","footnotes":""},"class_list":["post-3724","page","type-page","status-publish","hentry"],"yoast_head":"<!-- This site is optimized with the Yoast SEO plugin v26.6 - https:\/\/yoast.com\/wordpress\/plugins\/seo\/ -->\n<title>Hollow rotary platform WTN - Almer.sk<\/title>\n<meta name=\"robots\" content=\"index, follow, max-snippet:-1, max-image-preview:large, max-video-preview:-1\" \/>\n<link rel=\"canonical\" href=\"https:\/\/almer.sk\/en\/integrated-products\/hollow-rotary-platform\/\" \/>\n<meta property=\"og:locale\" content=\"en_US\" \/>\n<meta property=\"og:type\" content=\"article\" \/>\n<meta property=\"og:title\" content=\"Hollow rotary platform WTN - Almer.sk\" \/>\n<meta property=\"og:description\" content=\"&gt; Home \/ Integrated Products \/ Rotary PlatformHOllow\u00a0 rotary platform WTNHollow Rotary Actuator can be used in various occasions of rotary motion and replace DD MOTOR and cam. It combines high work efficiency, high precision, high rigidity and an excellent cost\/performance ratio. The repeat positioning accuracy is less than 15 arc seconds, the motor is [&hellip;]\" \/>\n<meta property=\"og:url\" content=\"https:\/\/almer.sk\/en\/integrated-products\/hollow-rotary-platform\/\" \/>\n<meta property=\"og:site_name\" content=\"Almer.sk\" \/>\n<meta property=\"article:modified_time\" content=\"2023-09-06T09:12:20+00:00\" \/>\n<meta name=\"twitter:card\" content=\"summary_large_image\" \/>\n<meta name=\"twitter:label1\" content=\"Est. reading time\" \/>\n\t<meta name=\"twitter:data1\" content=\"3 minutes\" \/>\n<script type=\"application\/ld+json\" class=\"yoast-schema-graph\">{\"@context\":\"https:\/\/schema.org\",\"@graph\":[{\"@type\":\"WebPage\",\"@id\":\"https:\/\/almer.sk\/en\/integrated-products\/hollow-rotary-platform\/\",\"url\":\"https:\/\/almer.sk\/en\/integrated-products\/hollow-rotary-platform\/\",\"name\":\"Hollow rotary platform WTN - Almer.sk\",\"isPartOf\":{\"@id\":\"https:\/\/almer.sk\/en\/#website\"},\"datePublished\":\"2023-07-15T10:57:35+00:00\",\"dateModified\":\"2023-09-06T09:12:20+00:00\",\"breadcrumb\":{\"@id\":\"https:\/\/almer.sk\/en\/integrated-products\/hollow-rotary-platform\/#breadcrumb\"},\"inLanguage\":\"en-US\",\"potentialAction\":[{\"@type\":\"ReadAction\",\"target\":[\"https:\/\/almer.sk\/en\/integrated-products\/hollow-rotary-platform\/\"]}]},{\"@type\":\"BreadcrumbList\",\"@id\":\"https:\/\/almer.sk\/en\/integrated-products\/hollow-rotary-platform\/#breadcrumb\",\"itemListElement\":[{\"@type\":\"ListItem\",\"position\":1,\"name\":\"Home\",\"item\":\"https:\/\/almer.sk\/en\/home\/\"},{\"@type\":\"ListItem\",\"position\":2,\"name\":\"Integrated products\",\"item\":\"https:\/\/almer.sk\/en\/integrated-products\/\"},{\"@type\":\"ListItem\",\"position\":3,\"name\":\"Hollow rotary platform WTN\"}]},{\"@type\":\"WebSite\",\"@id\":\"https:\/\/almer.sk\/en\/#website\",\"url\":\"https:\/\/almer.sk\/en\/\",\"name\":\"Almer.sk\",\"description\":\"Technologick\u00fd l\u00edder v oblasti presn\u00fdch prevodoviek\",\"potentialAction\":[{\"@type\":\"SearchAction\",\"target\":{\"@type\":\"EntryPoint\",\"urlTemplate\":\"https:\/\/almer.sk\/en\/?s={search_term_string}\"},\"query-input\":{\"@type\":\"PropertyValueSpecification\",\"valueRequired\":true,\"valueName\":\"search_term_string\"}}],\"inLanguage\":\"en-US\"}]}<\/script>\n<!-- \/ Yoast SEO plugin. -->","yoast_head_json":{"title":"Hollow rotary platform WTN - Almer.sk","robots":{"index":"index","follow":"follow","max-snippet":"max-snippet:-1","max-image-preview":"max-image-preview:large","max-video-preview":"max-video-preview:-1"},"canonical":"https:\/\/almer.sk\/en\/integrated-products\/hollow-rotary-platform\/","og_locale":"en_US","og_type":"article","og_title":"Hollow rotary platform WTN - Almer.sk","og_description":"&gt; Home \/ Integrated Products \/ Rotary PlatformHOllow\u00a0 rotary platform WTNHollow Rotary Actuator can be used in various occasions of rotary motion and replace DD MOTOR and cam. It combines high work efficiency, high precision, high rigidity and an excellent cost\/performance ratio. The repeat positioning accuracy is less than 15 arc seconds, the motor is [&hellip;]","og_url":"https:\/\/almer.sk\/en\/integrated-products\/hollow-rotary-platform\/","og_site_name":"Almer.sk","article_modified_time":"2023-09-06T09:12:20+00:00","twitter_card":"summary_large_image","twitter_misc":{"Est. reading time":"3 minutes"},"schema":{"@context":"https:\/\/schema.org","@graph":[{"@type":"WebPage","@id":"https:\/\/almer.sk\/en\/integrated-products\/hollow-rotary-platform\/","url":"https:\/\/almer.sk\/en\/integrated-products\/hollow-rotary-platform\/","name":"Hollow rotary platform WTN - Almer.sk","isPartOf":{"@id":"https:\/\/almer.sk\/en\/#website"},"datePublished":"2023-07-15T10:57:35+00:00","dateModified":"2023-09-06T09:12:20+00:00","breadcrumb":{"@id":"https:\/\/almer.sk\/en\/integrated-products\/hollow-rotary-platform\/#breadcrumb"},"inLanguage":"en-US","potentialAction":[{"@type":"ReadAction","target":["https:\/\/almer.sk\/en\/integrated-products\/hollow-rotary-platform\/"]}]},{"@type":"BreadcrumbList","@id":"https:\/\/almer.sk\/en\/integrated-products\/hollow-rotary-platform\/#breadcrumb","itemListElement":[{"@type":"ListItem","position":1,"name":"Home","item":"https:\/\/almer.sk\/en\/home\/"},{"@type":"ListItem","position":2,"name":"Integrated products","item":"https:\/\/almer.sk\/en\/integrated-products\/"},{"@type":"ListItem","position":3,"name":"Hollow rotary platform WTN"}]},{"@type":"WebSite","@id":"https:\/\/almer.sk\/en\/#website","url":"https:\/\/almer.sk\/en\/","name":"Almer.sk","description":"Technologick\u00fd l\u00edder v oblasti presn\u00fdch prevodoviek","potentialAction":[{"@type":"SearchAction","target":{"@type":"EntryPoint","urlTemplate":"https:\/\/almer.sk\/en\/?s={search_term_string}"},"query-input":{"@type":"PropertyValueSpecification","valueRequired":true,"valueName":"search_term_string"}}],"inLanguage":"en-US"}]}},"_links":{"self":[{"href":"https:\/\/almer.sk\/en\/wp-json\/wp\/v2\/pages\/3724","targetHints":{"allow":["GET"]}}],"collection":[{"href":"https:\/\/almer.sk\/en\/wp-json\/wp\/v2\/pages"}],"about":[{"href":"https:\/\/almer.sk\/en\/wp-json\/wp\/v2\/types\/page"}],"author":[{"embeddable":true,"href":"https:\/\/almer.sk\/en\/wp-json\/wp\/v2\/users\/1"}],"replies":[{"embeddable":true,"href":"https:\/\/almer.sk\/en\/wp-json\/wp\/v2\/comments?post=3724"}],"version-history":[{"count":4,"href":"https:\/\/almer.sk\/en\/wp-json\/wp\/v2\/pages\/3724\/revisions"}],"predecessor-version":[{"id":6612,"href":"https:\/\/almer.sk\/en\/wp-json\/wp\/v2\/pages\/3724\/revisions\/6612"}],"up":[{"embeddable":true,"href":"https:\/\/almer.sk\/en\/wp-json\/wp\/v2\/pages\/3626"}],"wp:attachment":[{"href":"https:\/\/almer.sk\/en\/wp-json\/wp\/v2\/media?parent=3724"}],"curies":[{"name":"wp","href":"https:\/\/api.w.org\/{rel}","templated":true}]}}