{"id":3711,"date":"2023-07-15T15:15:24","date_gmt":"2023-07-15T13:15:24","guid":{"rendered":"https:\/\/almer.sk\/integrated-products\/adaptive-tools-for-grinding-and-polishing\/"},"modified":"2023-08-28T11:51:43","modified_gmt":"2023-08-28T09:51:43","slug":"adaptive-tools-for-grinding-and-polishing","status":"publish","type":"page","link":"https:\/\/almer.sk\/en\/integrated-products\/adaptive-tools-for-grinding-and-polishing\/","title":{"rendered":"Adaptive tools for grinding and polishing"},"content":{"rendered":"<p>[et_pb_section fb_built=&#8221;1&#8243; _builder_version=&#8221;4.21.0&#8243; _module_preset=&#8221;default&#8221; global_colors_info=&#8221;{}&#8221;][et_pb_row _builder_version=&#8221;4.21.0&#8243; _module_preset=&#8221;default&#8221; locked=&#8221;off&#8221; global_colors_info=&#8221;{}&#8221;][et_pb_column type=&#8221;4_4&#8243; _builder_version=&#8221;4.21.0&#8243; _module_preset=&#8221;default&#8221; global_colors_info=&#8221;{}&#8221;][et_pb_blurb content_max_width=&#8221;1100px&#8221; _builder_version=&#8221;4.21.0&#8243; _module_preset=&#8221;default&#8221; body_text_align=&#8221;left&#8221; locked=&#8221;off&#8221; global_colors_info=&#8221;{}&#8221;]<\/p>\n<p> <a class=\"bread\" href=\"https:\/\/almer.sk\/en\/\">&gt; Home<\/a> \/ <a href=\"https:\/\/almer.sk\/en\/integrated-products\/\">Integrated Products<\/a> \/ Adaptive Grinding<\/p>\n<p>[\/et_pb_blurb][\/et_pb_column][\/et_pb_row][et_pb_row _builder_version=&#8221;4.21.0&#8243; _module_preset=&#8221;default&#8221; global_colors_info=&#8221;{}&#8221;][et_pb_column type=&#8221;4_4&#8243; _builder_version=&#8221;4.21.0&#8243; _module_preset=&#8221;default&#8221; global_colors_info=&#8221;{}&#8221;][et_pb_blurb content_max_width=&#8221;1100px&#8221; _builder_version=&#8221;4.21.0&#8243; _module_preset=&#8221;default&#8221; header_level=&#8221;h1&#8243; header_font=&#8221;|||on|||||&#8221; body_font=&#8221;|||on|||||&#8221; body_text_align=&#8221;center&#8221; body_line_height=&#8221;1.6em&#8221; locked=&#8221;off&#8221; global_colors_info=&#8221;{}&#8221;]<\/p>\n<h1><span class=\"cierna\">Adaptive tools for<\/span>\u00a0robotic grinding and polishing<\/h1>\n<p>[\/et_pb_blurb][\/et_pb_column][\/et_pb_row][et_pb_row _builder_version=&#8221;4.21.0&#8243; _module_preset=&#8221;default&#8221; width=&#8221;90%&#8221; custom_padding=&#8221;9px|||||&#8221; locked=&#8221;off&#8221; global_colors_info=&#8221;{}&#8221;][et_pb_column type=&#8221;4_4&#8243; _builder_version=&#8221;4.21.0&#8243; _module_preset=&#8221;default&#8221; global_colors_info=&#8221;{}&#8221;][et_pb_blurb image=&#8221;https:\/\/almer.sk\/wp-content\/uploads\/2023\/07\/Adaptivne-nastroje-na-brusenie-a-lestenie-e1689431155870.png&#8221; alt=&#8221;Adaptive tools for grinding and polishing&#8221; content_max_width=&#8221;1100px&#8221; _builder_version=&#8221;4.21.0&#8243; _module_preset=&#8221;default&#8221; animation=&#8221;off&#8221; global_colors_info=&#8221;{}&#8221;][\/et_pb_blurb][\/et_pb_column][\/et_pb_row][et_pb_row _builder_version=&#8221;4.21.0&#8243; _module_preset=&#8221;default&#8221; width=&#8221;90%&#8221; custom_margin=&#8221;-40px|auto||auto||&#8221; global_colors_info=&#8221;{}&#8221;][et_pb_column type=&#8221;4_4&#8243; _builder_version=&#8221;4.21.0&#8243; _module_preset=&#8221;default&#8221; global_colors_info=&#8221;{}&#8221;][et_pb_blurb content_max_width=&#8221;1100px&#8221; _builder_version=&#8221;4.21.0&#8243; _module_preset=&#8221;default&#8221; width=&#8221;100%&#8221; global_colors_info=&#8221;{}&#8221;]<\/p>\n<p><span style=\"color: #ff0000;\"><strong>Description<\/strong><\/span><\/p>\n<p>The top series of closed-loop adaptive force control grinding machines based on electro-hydraulic drive, optimized for grinding, polishing and deburring. The high-precision, flexible closed-loop force and position control and compact AGP structure make it an excellent choice for any grinding and polishing situation.<strong> <\/strong><\/p>\n<p><span style=\"color: #ff0000;\"><strong>Power<\/strong><\/span><\/p>\n<p><span style=\"color: #ff0000;\">\u2713<\/span> The tool incorporates an electro-hydraulic actuator for force control, which provides high-precision control, fast response, high rigidity, high power density and stable performance.<\/p>\n<p><span style=\"color: #ff0000;\">\u2713<\/span> The spindle uses a frameless torque motor, resulting in smaller size, higher torque and smoother operation. The system supports automatic tool exchange.<\/p>\n<p><span style=\"color: #ff0000;\">\u2713<\/span> Highly integrated system combined with instrumented sensors reduces size and weight and provides real-time feedback.<\/p>\n<p><span style=\"color: #ff0000;\">\u2713<\/span> Built-in interface designed for ease of use facilitates the adjustments available to the operator.<\/p>\n<p>\u2713 <span style=\"color: #ff0000;\">S<\/span> upport for different protocols, which simplifies communication with robots.<\/p>\n<p><span style=\"color: #ff0000;\"><strong>Benefits<\/strong><\/span><\/p>\n<p><span style=\"color: #ff0000;\">\u2713<\/span> The tool incorporates an electro-hydraulic actuator for force control, allowing easy switching between force and position control modes.<\/p>\n<p><span style=\"color: #ff0000;\">\u2713<\/span> Higher power density, higher energy efficiency, higher torque, greater grinding force, lower dustiness.<\/p>\n<p><span style=\"color: #ff0000;\">\u2713<\/span> Comes with a highly integrated system with compact size and light weight, compatible with both collaborative and industrial robots.<\/p>\n<p>\u2713 <span style=\"color: #ff0000;\">2<\/span> 20V power supply and work without outside air.<\/p>\n<p><span style=\"color: #ff0000;\"><strong>Application<\/strong><\/span><\/p>\n<p>AGP is compatible with collaborative and industrial robots, machine tools and is suitable for polishing, drawing, deburring and grinding for heavy-duty applications. Thanks to the unique force control technology, this grinding tool can achieve high-efficiency, high-precision adaptive grinding and polishing with low power consumption, low dust and low noise.<\/p>\n<p>Suitable for a wide range of industries: automotive, consumer electronics, aerospace, shipbuilding, medical equipment, metallurgy, energy, petrochemical, etc.<\/p>\n<p>[\/et_pb_blurb][\/et_pb_column][\/et_pb_row][et_pb_row _builder_version=&#8221;4.21.0&#8243; _module_preset=&#8221;default&#8221; width=&#8221;90%&#8221; global_colors_info=&#8221;{}&#8221;][et_pb_column type=&#8221;4_4&#8243; _builder_version=&#8221;4.21.0&#8243; _module_preset=&#8221;default&#8221; global_colors_info=&#8221;{}&#8221;][et_pb_blurb image=&#8221;https:\/\/almer.sk\/wp-content\/uploads\/2023\/07\/Technicke-parametre-Adaptivne-nastroje-na-brusenie.png&#8221; alt=&#8221;Technical parameters Adaptive Grinding Tools&#8221; content_max_width=&#8221;1100px&#8221; _builder_version=&#8221;4.21.0&#8243; _module_preset=&#8221;default&#8221; animation=&#8221;off&#8221; global_colors_info=&#8221;{}&#8221;][\/et_pb_blurb][\/et_pb_column][\/et_pb_row][\/et_pb_section]<\/p>\n","protected":false},"excerpt":{"rendered":"<p>&gt; Home \/ Integrated Products \/ Adaptive GrindingAdaptive tools for\u00a0robotic grinding and polishingDescription The top series of closed-loop adaptive force control grinding machines based on electro-hydraulic drive, optimized for grinding, polishing and deburring. The high-precision, flexible closed-loop force and position control and compact AGP structure make it an excellent choice for any grinding and polishing [&hellip;]<\/p>\n","protected":false},"author":1,"featured_media":0,"parent":3626,"menu_order":0,"comment_status":"closed","ping_status":"closed","template":"","meta":{"_et_pb_use_builder":"on","_et_pb_old_content":"","_et_gb_content_width":"","footnotes":""},"class_list":["post-3711","page","type-page","status-publish","hentry"],"yoast_head":"<!-- This site is optimized with the Yoast SEO plugin v26.6 - https:\/\/yoast.com\/wordpress\/plugins\/seo\/ -->\n<title>Adaptive tools for grinding and polishing - Almer.sk<\/title>\n<meta name=\"robots\" content=\"index, follow, max-snippet:-1, max-image-preview:large, max-video-preview:-1\" \/>\n<link rel=\"canonical\" href=\"https:\/\/almer.sk\/en\/integrated-products\/adaptive-tools-for-grinding-and-polishing\/\" \/>\n<meta property=\"og:locale\" content=\"en_US\" \/>\n<meta property=\"og:type\" content=\"article\" \/>\n<meta property=\"og:title\" content=\"Adaptive tools for grinding and polishing - Almer.sk\" \/>\n<meta property=\"og:description\" content=\"&gt; Home \/ Integrated Products \/ Adaptive GrindingAdaptive tools for\u00a0robotic grinding and polishingDescription The top series of closed-loop adaptive force control grinding machines based on electro-hydraulic drive, optimized for grinding, polishing and deburring. The high-precision, flexible closed-loop force and position control and compact AGP structure make it an excellent choice for any grinding and polishing [&hellip;]\" \/>\n<meta property=\"og:url\" content=\"https:\/\/almer.sk\/en\/integrated-products\/adaptive-tools-for-grinding-and-polishing\/\" \/>\n<meta property=\"og:site_name\" content=\"Almer.sk\" \/>\n<meta property=\"article:modified_time\" content=\"2023-08-28T09:51:43+00:00\" \/>\n<meta name=\"twitter:card\" content=\"summary_large_image\" \/>\n<meta name=\"twitter:label1\" content=\"Est. reading time\" \/>\n\t<meta name=\"twitter:data1\" content=\"3 minutes\" \/>\n<script type=\"application\/ld+json\" class=\"yoast-schema-graph\">{\"@context\":\"https:\/\/schema.org\",\"@graph\":[{\"@type\":\"WebPage\",\"@id\":\"https:\/\/almer.sk\/en\/integrated-products\/adaptive-tools-for-grinding-and-polishing\/\",\"url\":\"https:\/\/almer.sk\/en\/integrated-products\/adaptive-tools-for-grinding-and-polishing\/\",\"name\":\"Adaptive tools for grinding and polishing - Almer.sk\",\"isPartOf\":{\"@id\":\"https:\/\/almer.sk\/en\/#website\"},\"datePublished\":\"2023-07-15T13:15:24+00:00\",\"dateModified\":\"2023-08-28T09:51:43+00:00\",\"breadcrumb\":{\"@id\":\"https:\/\/almer.sk\/en\/integrated-products\/adaptive-tools-for-grinding-and-polishing\/#breadcrumb\"},\"inLanguage\":\"en-US\",\"potentialAction\":[{\"@type\":\"ReadAction\",\"target\":[\"https:\/\/almer.sk\/en\/integrated-products\/adaptive-tools-for-grinding-and-polishing\/\"]}]},{\"@type\":\"BreadcrumbList\",\"@id\":\"https:\/\/almer.sk\/en\/integrated-products\/adaptive-tools-for-grinding-and-polishing\/#breadcrumb\",\"itemListElement\":[{\"@type\":\"ListItem\",\"position\":1,\"name\":\"Home\",\"item\":\"https:\/\/almer.sk\/en\/home\/\"},{\"@type\":\"ListItem\",\"position\":2,\"name\":\"Integrated products\",\"item\":\"https:\/\/almer.sk\/en\/integrated-products\/\"},{\"@type\":\"ListItem\",\"position\":3,\"name\":\"Adaptive tools for grinding and polishing\"}]},{\"@type\":\"WebSite\",\"@id\":\"https:\/\/almer.sk\/en\/#website\",\"url\":\"https:\/\/almer.sk\/en\/\",\"name\":\"Almer.sk\",\"description\":\"Technologick\u00fd l\u00edder v oblasti presn\u00fdch prevodoviek\",\"potentialAction\":[{\"@type\":\"SearchAction\",\"target\":{\"@type\":\"EntryPoint\",\"urlTemplate\":\"https:\/\/almer.sk\/en\/?s={search_term_string}\"},\"query-input\":{\"@type\":\"PropertyValueSpecification\",\"valueRequired\":true,\"valueName\":\"search_term_string\"}}],\"inLanguage\":\"en-US\"}]}<\/script>\n<!-- \/ Yoast SEO plugin. -->","yoast_head_json":{"title":"Adaptive tools for grinding and polishing - Almer.sk","robots":{"index":"index","follow":"follow","max-snippet":"max-snippet:-1","max-image-preview":"max-image-preview:large","max-video-preview":"max-video-preview:-1"},"canonical":"https:\/\/almer.sk\/en\/integrated-products\/adaptive-tools-for-grinding-and-polishing\/","og_locale":"en_US","og_type":"article","og_title":"Adaptive tools for grinding and polishing - Almer.sk","og_description":"&gt; Home \/ Integrated Products \/ Adaptive GrindingAdaptive tools for\u00a0robotic grinding and polishingDescription The top series of closed-loop adaptive force control grinding machines based on electro-hydraulic drive, optimized for grinding, polishing and deburring. The high-precision, flexible closed-loop force and position control and compact AGP structure make it an excellent choice for any grinding and polishing [&hellip;]","og_url":"https:\/\/almer.sk\/en\/integrated-products\/adaptive-tools-for-grinding-and-polishing\/","og_site_name":"Almer.sk","article_modified_time":"2023-08-28T09:51:43+00:00","twitter_card":"summary_large_image","twitter_misc":{"Est. reading time":"3 minutes"},"schema":{"@context":"https:\/\/schema.org","@graph":[{"@type":"WebPage","@id":"https:\/\/almer.sk\/en\/integrated-products\/adaptive-tools-for-grinding-and-polishing\/","url":"https:\/\/almer.sk\/en\/integrated-products\/adaptive-tools-for-grinding-and-polishing\/","name":"Adaptive tools for grinding and polishing - Almer.sk","isPartOf":{"@id":"https:\/\/almer.sk\/en\/#website"},"datePublished":"2023-07-15T13:15:24+00:00","dateModified":"2023-08-28T09:51:43+00:00","breadcrumb":{"@id":"https:\/\/almer.sk\/en\/integrated-products\/adaptive-tools-for-grinding-and-polishing\/#breadcrumb"},"inLanguage":"en-US","potentialAction":[{"@type":"ReadAction","target":["https:\/\/almer.sk\/en\/integrated-products\/adaptive-tools-for-grinding-and-polishing\/"]}]},{"@type":"BreadcrumbList","@id":"https:\/\/almer.sk\/en\/integrated-products\/adaptive-tools-for-grinding-and-polishing\/#breadcrumb","itemListElement":[{"@type":"ListItem","position":1,"name":"Home","item":"https:\/\/almer.sk\/en\/home\/"},{"@type":"ListItem","position":2,"name":"Integrated products","item":"https:\/\/almer.sk\/en\/integrated-products\/"},{"@type":"ListItem","position":3,"name":"Adaptive tools for grinding and polishing"}]},{"@type":"WebSite","@id":"https:\/\/almer.sk\/en\/#website","url":"https:\/\/almer.sk\/en\/","name":"Almer.sk","description":"Technologick\u00fd l\u00edder v oblasti presn\u00fdch prevodoviek","potentialAction":[{"@type":"SearchAction","target":{"@type":"EntryPoint","urlTemplate":"https:\/\/almer.sk\/en\/?s={search_term_string}"},"query-input":{"@type":"PropertyValueSpecification","valueRequired":true,"valueName":"search_term_string"}}],"inLanguage":"en-US"}]}},"_links":{"self":[{"href":"https:\/\/almer.sk\/en\/wp-json\/wp\/v2\/pages\/3711","targetHints":{"allow":["GET"]}}],"collection":[{"href":"https:\/\/almer.sk\/en\/wp-json\/wp\/v2\/pages"}],"about":[{"href":"https:\/\/almer.sk\/en\/wp-json\/wp\/v2\/types\/page"}],"author":[{"embeddable":true,"href":"https:\/\/almer.sk\/en\/wp-json\/wp\/v2\/users\/1"}],"replies":[{"embeddable":true,"href":"https:\/\/almer.sk\/en\/wp-json\/wp\/v2\/comments?post=3711"}],"version-history":[{"count":3,"href":"https:\/\/almer.sk\/en\/wp-json\/wp\/v2\/pages\/3711\/revisions"}],"predecessor-version":[{"id":6460,"href":"https:\/\/almer.sk\/en\/wp-json\/wp\/v2\/pages\/3711\/revisions\/6460"}],"up":[{"embeddable":true,"href":"https:\/\/almer.sk\/en\/wp-json\/wp\/v2\/pages\/3626"}],"wp:attachment":[{"href":"https:\/\/almer.sk\/en\/wp-json\/wp\/v2\/media?parent=3711"}],"curies":[{"name":"wp","href":"https:\/\/api.w.org\/{rel}","templated":true}]}}