{"id":3701,"date":"2023-07-11T15:13:08","date_gmt":"2023-07-11T13:13:08","guid":{"rendered":"https:\/\/almer.sk\/harmonic-gearboxes\/lhsg-harmonic-gearboxes\/"},"modified":"2023-10-08T22:36:41","modified_gmt":"2023-10-08T20:36:41","slug":"lhsg-harmonic-gearboxes","status":"publish","type":"page","link":"https:\/\/almer.sk\/en\/harmonic-gearboxes\/lhsg-harmonic-gearboxes\/","title":{"rendered":"LHS(G) &#8211; Harmonic gearboxes"},"content":{"rendered":"<p>[et_pb_section fb_built=&#8221;1&#8243; _builder_version=&#8221;4.21.0&#8243; _module_preset=&#8221;default&#8221; locked=&#8221;off&#8221; global_colors_info=&#8221;{}&#8221;][et_pb_row _builder_version=&#8221;4.21.0&#8243; _module_preset=&#8221;default&#8221; global_colors_info=&#8221;{}&#8221;][et_pb_column type=&#8221;4_4&#8243; _builder_version=&#8221;4.21.0&#8243; _module_preset=&#8221;default&#8221; global_colors_info=&#8221;{}&#8221;][et_pb_blurb content_max_width=&#8221;1100px&#8221; _builder_version=&#8221;4.21.0&#8243; _module_preset=&#8221;default&#8221; body_text_align=&#8221;left&#8221; global_colors_info=&#8221;{}&#8221;]<\/p>\n<p> <a class=\"bread\" href=\"https:\/\/almer.sk\/en\/\">&gt; Home<\/a> \/ <a class=\"bread\" href=\"https:\/\/almer.sk\/en\/gearboxes\/\">Gearboxes<\/a> \/ <a class=\"bread\" href=\"https:\/\/almer.sk\/en\/harmonic-gearboxes\/\">Harmonic<\/a> \/ LHS<\/p>\n<p>[\/et_pb_blurb][\/et_pb_column][\/et_pb_row][et_pb_row _builder_version=&#8221;4.21.0&#8243; _module_preset=&#8221;default&#8221; min_height=&#8221;56px&#8221; global_colors_info=&#8221;{}&#8221;][et_pb_column type=&#8221;4_4&#8243; _builder_version=&#8221;4.21.0&#8243; _module_preset=&#8221;default&#8221; global_colors_info=&#8221;{}&#8221;][et_pb_blurb _builder_version=&#8221;4.21.0&#8243; _module_preset=&#8221;default&#8221; header_font=&#8221;|||on|||||&#8221; global_colors_info=&#8221;{}&#8221;]<\/p>\n<h1 style=\"text-align: center;\"><span class=\"cierna\">LHS(G)<\/span> &#8211; Harmonic gearboxes<\/h1>\n<h2 style=\"text-align: center;\">Flexspline &#8211; hollow flanged cylindrical shape<\/h2>\n<p>[\/et_pb_blurb][et_pb_blurb disabled_on=&#8221;off|on|on&#8221; _builder_version=&#8221;4.21.0&#8243; _module_preset=&#8221;default&#8221; custom_margin=&#8221;||||false|false&#8221; global_colors_info=&#8221;{}&#8221;]<\/p>\n<h4><strong><span style=\"color: #ff0000;\">Parameter overview<\/span><\/strong><\/h4>\n<p><strong>gear ratio: <\/strong>30, 50, 80,100, 120 and 160*: 1<br \/><strong>output torques<\/strong>: from 2.4 to 708 Nm<br \/><strong>clearance in gearing<\/strong>: \u2264 10 arcsec \/ \u2264 20 arcsec<br \/><strong>max. input speed<\/strong>: 3000 to 8500 rpm<br \/><strong>Size: LHS<\/strong><br \/>11\/14\/17\/20\/25\/32\/40\/50*\/58*<\/p>\n<p><span style=\"color: #ff0000;\">LHSG Series<\/span> &#8211; High Torque Model<br \/><span style=\"color: #ff0000;\">LHS-P Series<\/span> &#8211; Component Set Model<\/p>\n<p>[\/et_pb_blurb][\/et_pb_column][\/et_pb_row][\/et_pb_section][et_pb_section fb_built=&#8221;1&#8243; specialty=&#8221;on&#8221; _builder_version=&#8221;4.21.0&#8243; _module_preset=&#8221;default&#8221; custom_margin=&#8221;-25px||||false|false&#8221; custom_padding=&#8221;0px||0px|||&#8221; global_colors_info=&#8221;{}&#8221;][et_pb_column type=&#8221;1_2&#8243; specialty_columns=&#8221;2&#8243; _builder_version=&#8221;4.16&#8243; custom_padding=&#8221;|||&#8221; global_colors_info=&#8221;{}&#8221; custom_padding__hover=&#8221;|||&#8221;][et_pb_row_inner _builder_version=&#8221;4.21.0&#8243; _module_preset=&#8221;default&#8221; global_colors_info=&#8221;{}&#8221;][et_pb_column_inner saved_specialty_column_type=&#8221;1_2&#8243; _builder_version=&#8221;4.21.0&#8243; _module_preset=&#8221;default&#8221; global_colors_info=&#8221;{}&#8221;][et_pb_blurb _builder_version=&#8221;4.21.0&#8243; _module_preset=&#8221;default&#8221; global_colors_info=&#8221;{}&#8221;]<\/p>\n<h3 style=\"text-align: center;\"><a href=\"https:\/\/almer.sk\/en\/harmonic-gearboxes\/lhsg-c-p-i-harmonic-gearboxes\/\"><span style=\"color: #ff0000;\">LHS -I \/ LHSG -I \/ LHS-P-I<\/span><\/a><\/h3>\n<p style=\"text-align: center;\">direct connection of the input shaft with tongue and groove<\/p>\n<p>[\/et_pb_blurb][\/et_pb_column_inner][\/et_pb_row_inner][et_pb_row_inner column_structure=&#8221;1_2,1_2&#8243; _builder_version=&#8221;4.21.0&#8243; _module_preset=&#8221;default&#8221; global_colors_info=&#8221;{}&#8221;][et_pb_column_inner type=&#8221;1_2&#8243; saved_specialty_column_type=&#8221;1_2&#8243; _builder_version=&#8221;4.21.0&#8243; _module_preset=&#8221;default&#8221; global_colors_info=&#8221;{}&#8221;][et_pb_blurb title=&#8221;Complete gearboxes&#8221; url=&#8221;https:\/\/almer.sk\/harmonicke-prevodovky\/lhsg-c-p-i\/&#8221; image=&#8221;https:\/\/almer.sk\/wp-content\/uploads\/2023\/07\/Kompletna-prevodovka-e1689100522229.png&#8221; alt=&#8221;Complete transmission&#8221; image_icon_width=&#8221;80%&#8221; icon_alignment=&#8221;right&#8221; image_icon_width_tablet=&#8221;80%&#8221; image_icon_width_phone=&#8221;60%&#8221; image_icon_width_last_edited=&#8221;on|phone&#8221; icon_alignment_tablet=&#8221;right&#8221; icon_alignment_phone=&#8221;center&#8221; icon_alignment_last_edited=&#8221;on|phone&#8221; _builder_version=&#8221;4.22.1&#8243; _module_preset=&#8221;default&#8221; header_text_align=&#8221;right&#8221; header_text_color=&#8221;#FF0000&#8243; custom_margin=&#8221;|-35px||15px|false|false&#8221; custom_margin_tablet=&#8221;|-25px|||false|false&#8221; custom_margin_phone=&#8221;|0px|||false|false&#8221; custom_margin_last_edited=&#8221;on|phone&#8221; animation=&#8221;off&#8221; link_option_url=&#8221;https:\/\/almer.sk\/harmonicke-prevodovky\/lhsg-c-p-i\/&#8221; hover_enabled=&#8221;0&#8243; header_text_align_tablet=&#8221;right&#8221; header_text_align_phone=&#8221;center&#8221; header_text_align_last_edited=&#8221;on|phone&#8221; global_colors_info=&#8221;{}&#8221; sticky_enabled=&#8221;0&#8243;][\/et_pb_blurb][\/et_pb_column_inner][et_pb_column_inner type=&#8221;1_2&#8243; saved_specialty_column_type=&#8221;1_2&#8243; _builder_version=&#8221;4.21.0&#8243; _module_preset=&#8221;default&#8221; global_colors_info=&#8221;{}&#8221;][et_pb_blurb title=&#8221;Component set&#8221; url=&#8221;https:\/\/almer.sk\/harmonicke-prevodovky\/lhsg-c-p-i\/&#8221; image=&#8221;https:\/\/almer.sk\/wp-content\/uploads\/2023\/07\/Komponent-set-e1689092574690.png&#8221; alt=&#8221;Component set&#8221; image_icon_width=&#8221;80%&#8221; image_icon_width_tablet=&#8221;80%&#8221; image_icon_width_phone=&#8221;60%&#8221; image_icon_width_last_edited=&#8221;on|phone&#8221; _builder_version=&#8221;4.21.0&#8243; _module_preset=&#8221;default&#8221; header_text_align=&#8221;center&#8221; header_text_color=&#8221;#FF0000&#8243; custom_margin=&#8221;|15px||-35px|false|false&#8221; custom_margin_tablet=&#8221;|||-25px|false|false&#8221; custom_margin_phone=&#8221;|||0px|false|false&#8221; custom_margin_last_edited=&#8221;on|phone&#8221; animation=&#8221;off&#8221; link_option_url=&#8221;https:\/\/almer.sk\/harmonicke-prevodovky\/lhsg-c-p-i\/&#8221; global_colors_info=&#8221;{}&#8221;][\/et_pb_blurb][\/et_pb_column_inner][\/et_pb_row_inner][\/et_pb_column][et_pb_column type=&#8221;1_4&#8243; _builder_version=&#8221;4.16&#8243; custom_padding=&#8221;|||&#8221; global_colors_info=&#8221;{}&#8221; custom_padding__hover=&#8221;|||&#8221;][et_pb_blurb _builder_version=&#8221;4.21.0&#8243; _module_preset=&#8221;default&#8221; global_colors_info=&#8221;{}&#8221;]<\/p>\n<h3 style=\"text-align: center;\"><a href=\"https:\/\/almer.sk\/en\/harmonic-gearboxes\/lhsg-harmonic-gearboxes\/lhsg-c-p-ii-harmonic-gearboxes\/\"><span style=\"color: #ff0000;\">LHS -II \/ LHSG -II<\/span><\/a><\/h3>\n<p style=\"text-align: center;\">connection via cross sliding coupling<\/p>\n<p>[\/et_pb_blurb][et_pb_blurb url=&#8221;https:\/\/almer.sk\/harmonicke-prevodovky\/lhs-g\/lhsg-c-p-ii\/&#8221; image=&#8221;https:\/\/almer.sk\/wp-content\/uploads\/2023\/07\/LHS-II-LHSG-II-1-e1689103654147.png&#8221; alt=&#8221;LHS -II : LHSG -II&#8221; image_icon_width=&#8221;84%&#8221; image_icon_width_tablet=&#8221;84%&#8221; image_icon_width_phone=&#8221;60%&#8221; image_icon_width_last_edited=&#8221;on|phone&#8221; _builder_version=&#8221;4.21.0&#8243; _module_preset=&#8221;default&#8221; header_text_align=&#8221;center&#8221; header_text_color=&#8221;#FF0000&#8243; custom_margin=&#8221;||||false|false&#8221; custom_padding=&#8221;3px||||false|false&#8221; animation=&#8221;off&#8221; link_option_url=&#8221;https:\/\/almer.sk\/harmonicke-prevodovky\/lhs-g\/lhsg-c-p-ii\/&#8221; global_colors_info=&#8221;{}&#8221;][\/et_pb_blurb][\/et_pb_column][et_pb_column type=&#8221;1_4&#8243; _builder_version=&#8221;4.16&#8243; custom_padding=&#8221;|||&#8221; global_colors_info=&#8221;{}&#8221; custom_padding__hover=&#8221;|||&#8221;][et_pb_blurb disabled_on=&#8221;on|off|off&#8221; _builder_version=&#8221;4.21.0&#8243; _module_preset=&#8221;default&#8221; custom_margin=&#8221;||||false|false&#8221; global_colors_info=&#8221;{}&#8221;]<\/p>\n<h4><strong><span style=\"color: #ff0000;\">Parameter overview<\/span><\/strong><\/h4>\n<p><strong>gear ratio: <\/strong>30, 50, 80,100, 120 and 160*: 1<br \/><strong>output torques<\/strong>: from 2.4 to 708 Nm<br \/><strong>clearance in gearing<\/strong>: \u2264 10 arcsec \/ \u2264 20 arcsec<br \/><strong>max. input speed<\/strong>: 3000 to 8500 rpm<br \/><strong>Size: LHS<\/strong><br \/>11\/14\/17\/20\/25\/32\/40\/50*\/58*<\/p>\n<p><span style=\"color: #ff0000;\">LHSG Series<\/span> &#8211; High Torque Model<br \/><span style=\"color: #ff0000;\">LHS-P Series<\/span> &#8211; Component Set Model<\/p>\n<p>[\/et_pb_blurb][\/et_pb_column][\/et_pb_section][et_pb_section fb_built=&#8221;1&#8243; _builder_version=&#8221;4.21.0&#8243; _module_preset=&#8221;default&#8221; custom_padding=&#8221;17px||0px|||&#8221; global_colors_info=&#8221;{}&#8221;][et_pb_row column_structure=&#8221;1_3,1_3,1_3&#8243; _builder_version=&#8221;4.21.0&#8243; _module_preset=&#8221;default&#8221; custom_padding=&#8221;||0px|||&#8221; global_colors_info=&#8221;{}&#8221;][et_pb_column type=&#8221;1_3&#8243; _builder_version=&#8221;4.21.0&#8243; _module_preset=&#8221;default&#8221; global_colors_info=&#8221;{}&#8221;][et_pb_blurb _builder_version=&#8221;4.21.0&#8243; _module_preset=&#8221;default&#8221; global_colors_info=&#8221;{}&#8221;]<\/p>\n<h3 style=\"text-align: center;\"><a href=\"https:\/\/almer.sk\/en\/harmonic-gearboxes\/lhsg-harmonic-gearboxes\/lhsg-c-iii-harmonic-gearboxes\/\"><span style=\"color: #ff0000;\">LHS -III \/ LHSG -III<\/span><\/a><\/h3>\n<p style=\"text-align: center;\">large diameter hollow shaft<\/p>\n<p>[\/et_pb_blurb][et_pb_blurb url=&#8221;https:\/\/almer.sk\/harmonicke-prevodovky\/lhs-g\/lhsg-c-iii\/&#8221; image=&#8221;https:\/\/almer.sk\/wp-content\/uploads\/2023\/07\/LHS-III-LHSG-III.png&#8221; alt=&#8221;LHS -III : LHSG -III&#8221; _builder_version=&#8221;4.21.0&#8243; _module_preset=&#8221;default&#8221; header_text_align=&#8221;center&#8221; header_text_color=&#8221;#FF0000&#8243; animation=&#8221;off&#8221; link_option_url=&#8221;https:\/\/almer.sk\/harmonicke-prevodovky\/lhs-g\/lhsg-c-iii\/&#8221; global_colors_info=&#8221;{}&#8221;][\/et_pb_blurb][\/et_pb_column][et_pb_column type=&#8221;1_3&#8243; _builder_version=&#8221;4.21.0&#8243; _module_preset=&#8221;default&#8221; global_colors_info=&#8221;{}&#8221;][et_pb_blurb url=&#8221;https:\/\/almer.sk\/harmonicke-prevodovky\/lhs-g\/lhsg-c-iv\/&#8221; _builder_version=&#8221;4.21.0&#8243; _module_preset=&#8221;default&#8221; link_option_url=&#8221;https:\/\/almer.sk\/harmonicke-prevodovky\/lhs-g\/lhsg-c-iv\/&#8221; global_colors_info=&#8221;{}&#8221;]<\/p>\n<h3 style=\"text-align: center;\"><a href=\"https:\/\/almer.sk\/en\/harmonic-gearboxes\/lhsg-harmonic-gearboxes\/lhsg-c-iv-harmonic-gearboxes\/\"><span style=\"color: #ff0000;\">LHS -IV \/ LHSG -IV<\/span><\/a><\/h3>\n<p style=\"text-align: center;\">The reducer has a shaft with a bearing at the input<\/p>\n<p>[\/et_pb_blurb][et_pb_blurb image=&#8221;https:\/\/almer.sk\/wp-content\/uploads\/2023\/07\/LHS-IV-LHSG-IV.png&#8221; alt=&#8221;LHS -IV : LHSG -IV&#8221; image_icon_width=&#8221;93%&#8221; _builder_version=&#8221;4.21.0&#8243; _module_preset=&#8221;default&#8221; header_text_align=&#8221;center&#8221; header_text_color=&#8221;#FF0000&#8243; animation=&#8221;off&#8221; global_colors_info=&#8221;{}&#8221;][\/et_pb_blurb][\/et_pb_column][et_pb_column type=&#8221;1_3&#8243; _builder_version=&#8221;4.21.0&#8243; _module_preset=&#8221;default&#8221; global_colors_info=&#8221;{}&#8221;][\/et_pb_column][\/et_pb_row][\/et_pb_section][et_pb_section fb_built=&#8221;1&#8243; _builder_version=&#8221;4.21.0&#8243; _module_preset=&#8221;default&#8221; custom_margin=&#8221;-20px||0px||false|false&#8221; custom_padding=&#8221;0px||0px||false|false&#8221; global_colors_info=&#8221;{}&#8221;][et_pb_row _builder_version=&#8221;4.21.0&#8243; _module_preset=&#8221;default&#8221; global_colors_info=&#8221;{}&#8221;][et_pb_column type=&#8221;4_4&#8243; _builder_version=&#8221;4.21.0&#8243; _module_preset=&#8221;default&#8221; global_colors_info=&#8221;{}&#8221;][et_pb_blurb content_max_width=&#8221;1100px&#8221; _builder_version=&#8221;4.21.0&#8243; _module_preset=&#8221;default&#8221; global_colors_info=&#8221;{}&#8221;]<\/p>\n<p>LHS \/ LHSG series harmonic gearboxes<\/p>\n<ul>\n<li>are based on super compact technology with a large hollow shaft,<\/li>\n<li>have zero backlash and excellent accuracy and repeatability.<\/li>\n<li>Simplicity &#8211; compact dimensions and light weight<\/li>\n<li>The output bearing with high tilting stiffness allows direct introduction of high loads without additional support, thus enabling simple and space-saving design installations.<\/li>\n<li>The LHS units are characterised by their very compact dimensions and low weight, consisting of a set of components and a large-capacity output bearing. The absence of inlet and outlet flanges means maximum flexibility in design integration.<\/li>\n<li>The integrated hollow shaft can be used as a line feed or for cables for other axes.<\/li>\n<li>The LHS-XXX-P component set can be directly integrated into your machinery\/equipment.<\/li>\n<\/ul>\n<p>[\/et_pb_blurb][\/et_pb_column][\/et_pb_row][\/et_pb_section]<\/p>\n","protected":false},"excerpt":{"rendered":"<p>&gt; Home \/ Gearboxes \/ Harmonic \/ LHSLHS(G) &#8211; Harmonic gearboxes Flexspline &#8211; hollow flanged cylindrical shapeParameter overview gear ratio: 30, 50, 80,100, 120 and 160*: 1output torques: from 2.4 to 708 Nmclearance in gearing: \u2264 10 arcsec \/ \u2264 20 arcsecmax. input speed: 3000 to 8500 rpmSize: LHS11\/14\/17\/20\/25\/32\/40\/50*\/58* LHSG Series &#8211; High Torque ModelLHS-P [&hellip;]<\/p>\n","protected":false},"author":1,"featured_media":0,"parent":3649,"menu_order":0,"comment_status":"closed","ping_status":"closed","template":"","meta":{"_et_pb_use_builder":"on","_et_pb_old_content":"","_et_gb_content_width":"","footnotes":""},"class_list":["post-3701","page","type-page","status-publish","hentry"],"yoast_head":"<!-- This site is optimized with the Yoast SEO plugin v26.6 - https:\/\/yoast.com\/wordpress\/plugins\/seo\/ -->\n<title>LHS(G) - Harmonic gearboxes - Almer.sk<\/title>\n<meta name=\"robots\" content=\"index, follow, max-snippet:-1, max-image-preview:large, max-video-preview:-1\" \/>\n<link rel=\"canonical\" href=\"https:\/\/almer.sk\/en\/harmonic-gearboxes\/lhsg-harmonic-gearboxes\/\" \/>\n<meta property=\"og:locale\" content=\"en_US\" \/>\n<meta property=\"og:type\" content=\"article\" \/>\n<meta property=\"og:title\" content=\"LHS(G) - Harmonic gearboxes - Almer.sk\" \/>\n<meta property=\"og:description\" content=\"&gt; Home \/ Gearboxes \/ Harmonic \/ LHSLHS(G) - Harmonic gearboxes Flexspline - hollow flanged cylindrical shapeParameter overview gear ratio: 30, 50, 80,100, 120 and 160*: 1output torques: from 2.4 to 708 Nmclearance in gearing: \u2264 10 arcsec \/ \u2264 20 arcsecmax. input speed: 3000 to 8500 rpmSize: LHS11\/14\/17\/20\/25\/32\/40\/50*\/58* LHSG Series - High Torque ModelLHS-P [&hellip;]\" \/>\n<meta property=\"og:url\" content=\"https:\/\/almer.sk\/en\/harmonic-gearboxes\/lhsg-harmonic-gearboxes\/\" \/>\n<meta property=\"og:site_name\" content=\"Almer.sk\" \/>\n<meta property=\"article:modified_time\" content=\"2023-10-08T20:36:41+00:00\" \/>\n<meta name=\"twitter:card\" content=\"summary_large_image\" \/>\n<meta name=\"twitter:label1\" content=\"Est. reading time\" \/>\n\t<meta name=\"twitter:data1\" content=\"6 minutes\" \/>\n<script type=\"application\/ld+json\" class=\"yoast-schema-graph\">{\"@context\":\"https:\/\/schema.org\",\"@graph\":[{\"@type\":\"WebPage\",\"@id\":\"https:\/\/almer.sk\/en\/harmonic-gearboxes\/lhsg-harmonic-gearboxes\/\",\"url\":\"https:\/\/almer.sk\/en\/harmonic-gearboxes\/lhsg-harmonic-gearboxes\/\",\"name\":\"LHS(G) - Harmonic gearboxes - Almer.sk\",\"isPartOf\":{\"@id\":\"https:\/\/almer.sk\/en\/#website\"},\"datePublished\":\"2023-07-11T13:13:08+00:00\",\"dateModified\":\"2023-10-08T20:36:41+00:00\",\"breadcrumb\":{\"@id\":\"https:\/\/almer.sk\/en\/harmonic-gearboxes\/lhsg-harmonic-gearboxes\/#breadcrumb\"},\"inLanguage\":\"en-US\",\"potentialAction\":[{\"@type\":\"ReadAction\",\"target\":[\"https:\/\/almer.sk\/en\/harmonic-gearboxes\/lhsg-harmonic-gearboxes\/\"]}]},{\"@type\":\"BreadcrumbList\",\"@id\":\"https:\/\/almer.sk\/en\/harmonic-gearboxes\/lhsg-harmonic-gearboxes\/#breadcrumb\",\"itemListElement\":[{\"@type\":\"ListItem\",\"position\":1,\"name\":\"Home\",\"item\":\"https:\/\/almer.sk\/en\/home\/\"},{\"@type\":\"ListItem\",\"position\":2,\"name\":\"Harmonic gearboxes\",\"item\":\"https:\/\/almer.sk\/en\/harmonic-gearboxes\/\"},{\"@type\":\"ListItem\",\"position\":3,\"name\":\"LHS(G) &#8211; Harmonic gearboxes\"}]},{\"@type\":\"WebSite\",\"@id\":\"https:\/\/almer.sk\/en\/#website\",\"url\":\"https:\/\/almer.sk\/en\/\",\"name\":\"Almer.sk\",\"description\":\"Technologick\u00fd l\u00edder v oblasti presn\u00fdch prevodoviek\",\"potentialAction\":[{\"@type\":\"SearchAction\",\"target\":{\"@type\":\"EntryPoint\",\"urlTemplate\":\"https:\/\/almer.sk\/en\/?s={search_term_string}\"},\"query-input\":{\"@type\":\"PropertyValueSpecification\",\"valueRequired\":true,\"valueName\":\"search_term_string\"}}],\"inLanguage\":\"en-US\"}]}<\/script>\n<!-- \/ Yoast SEO plugin. -->","yoast_head_json":{"title":"LHS(G) - Harmonic gearboxes - Almer.sk","robots":{"index":"index","follow":"follow","max-snippet":"max-snippet:-1","max-image-preview":"max-image-preview:large","max-video-preview":"max-video-preview:-1"},"canonical":"https:\/\/almer.sk\/en\/harmonic-gearboxes\/lhsg-harmonic-gearboxes\/","og_locale":"en_US","og_type":"article","og_title":"LHS(G) - Harmonic gearboxes - Almer.sk","og_description":"&gt; Home \/ Gearboxes \/ Harmonic \/ LHSLHS(G) - Harmonic gearboxes Flexspline - hollow flanged cylindrical shapeParameter overview gear ratio: 30, 50, 80,100, 120 and 160*: 1output torques: from 2.4 to 708 Nmclearance in gearing: \u2264 10 arcsec \/ \u2264 20 arcsecmax. input speed: 3000 to 8500 rpmSize: LHS11\/14\/17\/20\/25\/32\/40\/50*\/58* LHSG Series - High Torque ModelLHS-P [&hellip;]","og_url":"https:\/\/almer.sk\/en\/harmonic-gearboxes\/lhsg-harmonic-gearboxes\/","og_site_name":"Almer.sk","article_modified_time":"2023-10-08T20:36:41+00:00","twitter_card":"summary_large_image","twitter_misc":{"Est. reading time":"6 minutes"},"schema":{"@context":"https:\/\/schema.org","@graph":[{"@type":"WebPage","@id":"https:\/\/almer.sk\/en\/harmonic-gearboxes\/lhsg-harmonic-gearboxes\/","url":"https:\/\/almer.sk\/en\/harmonic-gearboxes\/lhsg-harmonic-gearboxes\/","name":"LHS(G) - Harmonic gearboxes - Almer.sk","isPartOf":{"@id":"https:\/\/almer.sk\/en\/#website"},"datePublished":"2023-07-11T13:13:08+00:00","dateModified":"2023-10-08T20:36:41+00:00","breadcrumb":{"@id":"https:\/\/almer.sk\/en\/harmonic-gearboxes\/lhsg-harmonic-gearboxes\/#breadcrumb"},"inLanguage":"en-US","potentialAction":[{"@type":"ReadAction","target":["https:\/\/almer.sk\/en\/harmonic-gearboxes\/lhsg-harmonic-gearboxes\/"]}]},{"@type":"BreadcrumbList","@id":"https:\/\/almer.sk\/en\/harmonic-gearboxes\/lhsg-harmonic-gearboxes\/#breadcrumb","itemListElement":[{"@type":"ListItem","position":1,"name":"Home","item":"https:\/\/almer.sk\/en\/home\/"},{"@type":"ListItem","position":2,"name":"Harmonic gearboxes","item":"https:\/\/almer.sk\/en\/harmonic-gearboxes\/"},{"@type":"ListItem","position":3,"name":"LHS(G) &#8211; Harmonic gearboxes"}]},{"@type":"WebSite","@id":"https:\/\/almer.sk\/en\/#website","url":"https:\/\/almer.sk\/en\/","name":"Almer.sk","description":"Technologick\u00fd l\u00edder v oblasti presn\u00fdch prevodoviek","potentialAction":[{"@type":"SearchAction","target":{"@type":"EntryPoint","urlTemplate":"https:\/\/almer.sk\/en\/?s={search_term_string}"},"query-input":{"@type":"PropertyValueSpecification","valueRequired":true,"valueName":"search_term_string"}}],"inLanguage":"en-US"}]}},"_links":{"self":[{"href":"https:\/\/almer.sk\/en\/wp-json\/wp\/v2\/pages\/3701","targetHints":{"allow":["GET"]}}],"collection":[{"href":"https:\/\/almer.sk\/en\/wp-json\/wp\/v2\/pages"}],"about":[{"href":"https:\/\/almer.sk\/en\/wp-json\/wp\/v2\/types\/page"}],"author":[{"embeddable":true,"href":"https:\/\/almer.sk\/en\/wp-json\/wp\/v2\/users\/1"}],"replies":[{"embeddable":true,"href":"https:\/\/almer.sk\/en\/wp-json\/wp\/v2\/comments?post=3701"}],"version-history":[{"count":3,"href":"https:\/\/almer.sk\/en\/wp-json\/wp\/v2\/pages\/3701\/revisions"}],"predecessor-version":[{"id":6707,"href":"https:\/\/almer.sk\/en\/wp-json\/wp\/v2\/pages\/3701\/revisions\/6707"}],"up":[{"embeddable":true,"href":"https:\/\/almer.sk\/en\/wp-json\/wp\/v2\/pages\/3649"}],"wp:attachment":[{"href":"https:\/\/almer.sk\/en\/wp-json\/wp\/v2\/media?parent=3701"}],"curies":[{"name":"wp","href":"https:\/\/api.w.org\/{rel}","templated":true}]}}