{"id":3692,"date":"2023-07-07T15:36:49","date_gmt":"2023-07-07T13:36:49","guid":{"rendered":"https:\/\/almer.sk\/harmonic-gearboxes\/lcs-g-harmonic-gearboxes\/"},"modified":"2023-10-08T22:32:09","modified_gmt":"2023-10-08T20:32:09","slug":"lcs-g-harmonic-gearboxes","status":"publish","type":"page","link":"https:\/\/almer.sk\/en\/harmonic-gearboxes\/lcs-g-harmonic-gearboxes\/","title":{"rendered":"LCS (G) &#8211; Harmonic gearboxes"},"content":{"rendered":"<p>[et_pb_section fb_built=&#8221;1&#8243; _builder_version=&#8221;4.21.0&#8243; _module_preset=&#8221;default&#8221; global_colors_info=&#8221;{}&#8221;][et_pb_row _builder_version=&#8221;4.21.0&#8243; _module_preset=&#8221;default&#8221; locked=&#8221;off&#8221; global_colors_info=&#8221;{}&#8221;][et_pb_column type=&#8221;4_4&#8243; _builder_version=&#8221;4.21.0&#8243; _module_preset=&#8221;default&#8221; global_colors_info=&#8221;{}&#8221;][et_pb_blurb content_max_width=&#8221;1100px&#8221; _builder_version=&#8221;4.21.0&#8243; _module_preset=&#8221;default&#8221; body_text_align=&#8221;left&#8221; global_colors_info=&#8221;{}&#8221;]<a class=\"bread\" href=\"https:\/\/almer.sk\/en\/\">&gt; Home<\/a> \/ <a class=\"bread\" href=\"https:\/\/almer.sk\/en\/gearboxes\/\">Gearboxes<\/a> \/ <a class=\"bread\" href=\"https:\/\/almer.sk\/en\/harmonic-gearboxes\/\">Harmonic<\/a> \/ LCS[\/et_pb_blurb][\/et_pb_column][\/et_pb_row][et_pb_row _builder_version=&#8221;4.21.0&#8243; _module_preset=&#8221;default&#8221; locked=&#8221;off&#8221; global_colors_info=&#8221;{}&#8221;][et_pb_column type=&#8221;4_4&#8243; _builder_version=&#8221;4.21.0&#8243; _module_preset=&#8221;default&#8221; global_colors_info=&#8221;{}&#8221;][et_pb_blurb _builder_version=&#8221;4.21.0&#8243; _module_preset=&#8221;default&#8221; header_font=&#8221;|||on|||||&#8221; global_colors_info=&#8221;{}&#8221;]<\/p>\n<h1 style=\"text-align: center;\"><span class=\"cierna\">LCS(G)<\/span> &#8211; Harmonic gearboxes<\/h1>\n<h3 style=\"text-align: center;\">Standard Flexspline<\/h3>\n<p>[\/et_pb_blurb][\/et_pb_column][\/et_pb_row][et_pb_row column_structure=&#8221;1_5,1_5,1_5,1_5,1_5&#8243; disabled_on=&#8221;on|on|off&#8221; _builder_version=&#8221;4.21.0&#8243; _module_preset=&#8221;default&#8221; width=&#8221;100%&#8221; width_tablet=&#8221;100%&#8221; width_phone=&#8221;80%&#8221; width_last_edited=&#8221;on|phone&#8221; global_colors_info=&#8221;{}&#8221;][et_pb_column type=&#8221;1_5&#8243; _builder_version=&#8221;4.21.0&#8243; _module_preset=&#8221;default&#8221; global_colors_info=&#8221;{}&#8221;][et_pb_blurb _builder_version=&#8221;4.22.1&#8243; _module_preset=&#8221;default&#8221; custom_margin=&#8221;|-100px|||false|false&#8221; custom_padding=&#8221;||||false|false&#8221; global_colors_info=&#8221;{}&#8221;]<\/p>\n<h2 style=\"text-align: left;\"><a href=\"https:\/\/almer.sk\/en\/harmonic-gearboxes\/lcs-g-harmonic-gearboxes\/lcsg-i-harmonic-converters\/\"><span style=\"color: #ff0000;\">LCS -I \/ LCSG -I<\/span><\/a><\/h2>\n<p><span style=\"color: #000000;\">direct connection of the input shaft<\/span>[\/et_pb_blurb][et_pb_blurb url=&#8221;https:\/\/almer.sk\/en\/harmonic-gearboxes\/lcs-g-harmonic-gearboxes\/lcsg-i-harmonic-converters\/&#8221; image=&#8221;https:\/\/almer.sk\/wp-content\/uploads\/2023\/07\/1-LCS32_CI_1.png&#8221; alt=&#8221;1 LCS32_CI_1&#8243; image_icon_width=&#8221;100%&#8221; _builder_version=&#8221;4.22.1&#8243; _module_preset=&#8221;default&#8221; header_text_align=&#8221;center&#8221; animation=&#8221;off&#8221; link_option_url=&#8221;https:\/\/almer.sk\/en\/harmonic-gearboxes\/lcs-g-harmonic-gearboxes\/lcsg-i-harmonic-converters\/&#8221; hover_enabled=&#8221;0&#8243; locked=&#8221;off&#8221; global_colors_info=&#8221;{}&#8221; sticky_enabled=&#8221;0&#8243;]<\/p>\n<h3 style=\"text-align: center;\"><span style=\"color: #ff0000;\">Complete gearboxes<\/span><\/h3>\n<p>[\/et_pb_blurb][\/et_pb_column][et_pb_column type=&#8221;1_5&#8243; _builder_version=&#8221;4.21.0&#8243; _module_preset=&#8221;default&#8221; global_colors_info=&#8221;{}&#8221;][et_pb_blurb url=&#8221;https:\/\/almer.sk\/en\/harmonic-gearboxes\/lcs-g-harmonic-gearboxes\/lcsg-i-harmonic-converters\/&#8221; image=&#8221;https:\/\/almer.sk\/wp-content\/uploads\/2023\/07\/2-LCS11-P-I.png&#8221; alt=&#8221;2 LCS11-P-I&#8221; _builder_version=&#8221;4.22.1&#8243; _module_preset=&#8221;default&#8221; header_text_align=&#8221;center&#8221; width=&#8221;93%&#8221; custom_margin=&#8221;100px||||false|false&#8221; custom_padding=&#8221;0px||||false|false&#8221; animation=&#8221;off&#8221; link_option_url=&#8221;https:\/\/almer.sk\/en\/harmonic-gearboxes\/lcs-g-harmonic-gearboxes\/lcsg-i-harmonic-converters\/&#8221; locked=&#8221;off&#8221; global_colors_info=&#8221;{}&#8221;]<\/p>\n<h3 style=\"text-align: center;\"><span style=\"color: #ff0000;\">Component set<\/span><\/h3>\n<p>[\/et_pb_blurb][\/et_pb_column][et_pb_column type=&#8221;1_5&#8243; _builder_version=&#8221;4.21.0&#8243; _module_preset=&#8221;default&#8221; global_colors_info=&#8221;{}&#8221;][et_pb_blurb _builder_version=&#8221;4.21.0&#8243; _module_preset=&#8221;default&#8221; custom_margin=&#8221;|-100px|||false|false&#8221; global_colors_info=&#8221;{}&#8221;]<\/p>\n<h2><a href=\"https:\/\/almer.sk\/en\/harmonic-gearboxes\/lcs-g-harmonic-gearboxes\/lcsg-ii-harmonic-converters\/\"><span style=\"color: #ff0000;\">LCS -II \/ LCSG -II<\/span><\/a><\/h2>\n<p><span style=\"color: #000000;\">connection via cross sliding coupling<\/span><\/p>\n<p>[\/et_pb_blurb][et_pb_blurb url=&#8221;https:\/\/almer.sk\/en\/harmonic-gearboxes\/lcs-g-harmonic-gearboxes\/lcsg-ii-harmonic-converters\/&#8221; image=&#8221;https:\/\/almer.sk\/wp-content\/uploads\/2023\/07\/3-LCS32_CII_1.png&#8221; alt=&#8221;3 LCS32_CII_1&#8243; _builder_version=&#8221;4.22.1&#8243; _module_preset=&#8221;default&#8221; header_text_align=&#8221;center&#8221; custom_margin=&#8221;0px||||false|false&#8221; custom_padding=&#8221;0px||||false|false&#8221; animation=&#8221;off&#8221; link_option_url=&#8221;https:\/\/almer.sk\/en\/harmonic-gearboxes\/lcs-g-harmonic-gearboxes\/lcsg-ii-harmonic-converters\/&#8221; hover_enabled=&#8221;0&#8243; locked=&#8221;off&#8221; global_colors_info=&#8221;{}&#8221; sticky_enabled=&#8221;0&#8243;]<\/p>\n<h3 style=\"text-align: center;\"><span style=\"color: #ff0000;\">Complete gearboxes<\/span><\/h3>\n<p>[\/et_pb_blurb][\/et_pb_column][et_pb_column type=&#8221;1_5&#8243; _builder_version=&#8221;4.21.0&#8243; _module_preset=&#8221;default&#8221; global_colors_info=&#8221;{}&#8221;][et_pb_blurb url=&#8221;https:\/\/almer.sk\/en\/harmonic-gearboxes\/lcs-g-harmonic-gearboxes\/lcsg-ii-harmonic-converters\/&#8221; image=&#8221;https:\/\/almer.sk\/wp-content\/uploads\/2023\/07\/4-LCS11-P-II.png&#8221; alt=&#8221;4 LCS11-P-II&#8221; _builder_version=&#8221;4.21.0&#8243; _module_preset=&#8221;default&#8221; header_text_align=&#8221;center&#8221; custom_margin=&#8221;82px||||false|false&#8221; custom_padding=&#8221;|0px|||false|false&#8221; animation=&#8221;off&#8221; link_option_url=&#8221;https:\/\/almer.sk\/en\/harmonic-gearboxes\/lcs-g-harmonic-gearboxes\/lcsg-ii-harmonic-converters\/&#8221; border_color_right=&#8221;#000000&#8243; locked=&#8221;off&#8221; global_colors_info=&#8221;{}&#8221;]<\/p>\n<h3 style=\"text-align: center;\"><span style=\"color: #ff0000;\">Component set<\/span><\/h3>\n<p>[\/et_pb_blurb][\/et_pb_column][et_pb_column type=&#8221;1_5&#8243; _builder_version=&#8221;4.21.0&#8243; _module_preset=&#8221;default&#8221; global_colors_info=&#8221;{}&#8221;][et_pb_blurb _builder_version=&#8221;4.21.0&#8243; _module_preset=&#8221;default&#8221; custom_margin=&#8221;||||false|false&#8221; border_color_left=&#8221;#000000&#8243; locked=&#8221;off&#8221; global_colors_info=&#8221;{}&#8221;]<\/p>\n<h4><strong>Parameter overview<\/strong><\/h4>\n<p><strong>Conversion ratio:<\/strong><br \/>30, 50, 80,100, 120 a 160*: 1<br \/><strong>Output moments:<\/strong><br \/>from 2.4 to 708 Nm<br \/><strong>Will in the gears<\/strong>:<br \/>\u2264 10 arcsec \/ \u2264 20 arcsec<br \/><strong>Max. input speed<\/strong>:<br \/>3000 to 8500 rpm<br \/><strong>Size: LCS<\/strong><br \/>8\/11\/14\/17\/20\/25\/32\/40\/50*\/58*<\/p>\n<p><span style=\"color: #ff0000;\">LCSG Series<\/span> &#8211; High Torque Model<br \/><span style=\"color: #ff0000;\">LCS-P series<\/span> &#8211; Component Set model<\/p>\n<p>[\/et_pb_blurb][\/et_pb_column][\/et_pb_row][et_pb_row disabled_on=&#8221;off|off|on&#8221; _builder_version=&#8221;4.21.0&#8243; _module_preset=&#8221;default&#8221; global_colors_info=&#8221;{}&#8221;][et_pb_column type=&#8221;4_4&#8243; _builder_version=&#8221;4.21.0&#8243; _module_preset=&#8221;default&#8221; global_colors_info=&#8221;{}&#8221;][et_pb_blurb _builder_version=&#8221;4.21.0&#8243; _module_preset=&#8221;default&#8221; custom_margin=&#8221;||||false|false&#8221; border_color_left=&#8221;#000000&#8243; locked=&#8221;off&#8221; global_colors_info=&#8221;{}&#8221;]<\/p>\n<h4><span style=\"color: #ff0000;\"><strong>Parameter overview<\/strong><\/span><\/h4>\n<p><strong>Conversion ratio:<\/strong><br \/>\n30, 50, 80,100, 120 a 160*: 1<br \/>\n<strong>Output moments:<\/strong><br \/>\nfrom 2.4 to 708 Nm<br \/>\n<strong>Will in the gears<\/strong>:<br \/>\n\u2264 10 arcsec \/ \u2264 20 arcsec<br \/>\n<strong>Max. input speed<\/strong>:<br \/>\n3000 to 8500 rpm<br \/>\n<strong>Size: LCS<\/strong><br \/>\n8\/11\/14\/17\/20\/25\/32\/40\/50*\/58*<\/p>\n<p><span style=\"color: #ff0000;\">LCSG Series<\/span> &#8211; High Torque Model<br \/>\n<span style=\"color: #ff0000;\">LCS-P series<\/span> &#8211; Component Set model[\/et_pb_blurb][\/et_pb_column][\/et_pb_row][et_pb_row column_structure=&#8221;1_2,1_2&#8243; disabled_on=&#8221;off|off|on&#8221; _builder_version=&#8221;4.21.0&#8243; _module_preset=&#8221;default&#8221; width=&#8221;100%&#8221; global_colors_info=&#8221;{}&#8221;][et_pb_column type=&#8221;1_2&#8243; _builder_version=&#8221;4.21.0&#8243; _module_preset=&#8221;default&#8221; global_colors_info=&#8221;{}&#8221;][et_pb_blurb _builder_version=&#8221;4.21.0&#8243; _module_preset=&#8221;default&#8221; custom_margin=&#8221;||||false|false&#8221; custom_padding=&#8221;||||false|false&#8221; global_colors_info=&#8221;{}&#8221;]<\/p>\n<h2 style=\"text-align: center;\"><a href=\"https:\/\/almer.sk\/harmonicke-prevodovky\/lcs\/lcsg-i\/\"><span style=\"color: #ff0000;\">LCS -I \/ LCSG -I<\/span><\/a><\/h2>\n<p style=\"text-align: center;\"><span style=\"color: #000000;\">direct connection of the input shaft<\/span><\/p>\n<p>[\/et_pb_blurb][et_pb_blurb url=&#8221;https:\/\/almer.sk\/harmonicke-prevodovky\/lcs\/lcsg-i\/&#8221; image=&#8221;https:\/\/almer.sk\/wp-content\/uploads\/2023\/07\/1-LCS32_CI_1.png&#8221; alt=&#8221;1 LCS32_CI_1&#8243; image_icon_width=&#8221;45%&#8221; icon_placement_tablet=&#8221;&#8221; icon_placement_phone=&#8221;&#8221; icon_placement_last_edited=&#8221;on|phone&#8221; _builder_version=&#8221;4.21.0&#8243; _module_preset=&#8221;default&#8221; header_text_align=&#8221;center&#8221; width=&#8221;100%&#8221; custom_margin=&#8221;||||true|true&#8221; animation=&#8221;off&#8221; link_option_url=&#8221;https:\/\/almer.sk\/harmonicke-prevodovky\/lcs\/lcsg-i\/&#8221; locked=&#8221;off&#8221; global_colors_info=&#8221;{}&#8221;]<\/p>\n<h3 style=\"text-align: center;\"><span style=\"color: #ff0000;\">Complete transmission<\/span><\/h3>\n<p>[\/et_pb_blurb][et_pb_blurb url=&#8221;https:\/\/almer.sk\/harmonicke-prevodovky\/lcs\/lcsg-i\/&#8221; image=&#8221;https:\/\/almer.sk\/wp-content\/uploads\/2023\/07\/2-LCS11-P-I.png&#8221; alt=&#8221;2 LCS11-P-I&#8221; image_icon_width=&#8221;50%&#8221; image_icon_width_tablet=&#8221;50%&#8221; image_icon_width_phone=&#8221;45%&#8221; image_icon_width_last_edited=&#8221;on|phone&#8221; _builder_version=&#8221;4.21.0&#8243; _module_preset=&#8221;default&#8221; header_text_align=&#8221;center&#8221; width=&#8221;100%&#8221; animation=&#8221;off&#8221; link_option_url=&#8221;https:\/\/almer.sk\/harmonicke-prevodovky\/lcs\/lcsg-i\/&#8221; locked=&#8221;off&#8221; global_colors_info=&#8221;{}&#8221;]<\/p>\n<h3 style=\"text-align: center;\"><span style=\"color: #ff0000;\">Component set<\/span><\/h3>\n<p>[\/et_pb_blurb][\/et_pb_column][et_pb_column type=&#8221;1_2&#8243; _builder_version=&#8221;4.21.0&#8243; _module_preset=&#8221;default&#8221; global_colors_info=&#8221;{}&#8221;][et_pb_blurb _builder_version=&#8221;4.21.0&#8243; _module_preset=&#8221;default&#8221; custom_margin=&#8221;||||false|false&#8221; global_colors_info=&#8221;{}&#8221;]<\/p>\n<h2 style=\"text-align: center;\"><a href=\"https:\/\/almer.sk\/en\/harmonic-gearboxes\/lcs-g-harmonic-gearboxes\/lcsg-ii-harmonic-converters\/\"><span style=\"color: #ff0000;\">LCS -II \/ LCSG -II<\/span><\/a><\/h2>\n<p style=\"text-align: center;\"><span style=\"color: #000000;\">connection via cross sliding coupling<\/span><\/p>\n<p>[\/et_pb_blurb][et_pb_blurb url=&#8221;https:\/\/almer.sk\/en\/harmonic-gearboxes\/lcs-g-harmonic-gearboxes\/lcsg-ii-harmonic-converters\/&#8221; image=&#8221;https:\/\/almer.sk\/wp-content\/uploads\/2023\/07\/3-LCS32_CII_1.png&#8221; alt=&#8221;3 LCS32_CII_1&#8243; image_icon_width=&#8221;50%&#8221; image_icon_width_tablet=&#8221;50%&#8221; image_icon_width_phone=&#8221;45%&#8221; image_icon_width_last_edited=&#8221;on|phone&#8221; _builder_version=&#8221;4.21.0&#8243; _module_preset=&#8221;default&#8221; header_text_align=&#8221;center&#8221; width=&#8221;100%&#8221; animation=&#8221;off&#8221; link_option_url=&#8221;https:\/\/almer.sk\/en\/harmonic-gearboxes\/lcs-g-harmonic-gearboxes\/lcsg-ii-harmonic-converters\/&#8221; locked=&#8221;off&#8221; global_colors_info=&#8221;{}&#8221;]<\/p>\n<h3 style=\"text-align: center;\"><span style=\"color: #ff0000;\">Complete transmission<\/span><\/h3>\n<p>[\/et_pb_blurb][et_pb_blurb url=&#8221;https:\/\/almer.sk\/en\/harmonic-gearboxes\/lcs-g-harmonic-gearboxes\/lcsg-ii-harmonic-converters\/&#8221; image=&#8221;https:\/\/almer.sk\/wp-content\/uploads\/2023\/07\/4-LCS11-P-II.png&#8221; alt=&#8221;4 LCS11-P-II&#8221; image_icon_width=&#8221;50%&#8221; image_icon_width_tablet=&#8221;50%&#8221; image_icon_width_phone=&#8221;45%&#8221; image_icon_width_last_edited=&#8221;on|phone&#8221; _builder_version=&#8221;4.21.0&#8243; _module_preset=&#8221;default&#8221; header_text_align=&#8221;center&#8221; width=&#8221;100%&#8221; custom_margin=&#8221;||||false|false&#8221; custom_padding=&#8221;|0px|||false|false&#8221; animation=&#8221;off&#8221; link_option_url=&#8221;https:\/\/almer.sk\/en\/harmonic-gearboxes\/lcs-g-harmonic-gearboxes\/lcsg-ii-harmonic-converters\/&#8221; border_color_right=&#8221;#000000&#8243; locked=&#8221;off&#8221; global_colors_info=&#8221;{}&#8221;]<\/p>\n<h3 style=\"text-align: center;\"><span style=\"color: #ff0000;\">Component set<\/span><\/h3>\n<p>[\/et_pb_blurb][\/et_pb_column][\/et_pb_row][et_pb_row _builder_version=&#8221;4.21.0&#8243; _module_preset=&#8221;default&#8221; global_colors_info=&#8221;{}&#8221;][et_pb_column type=&#8221;4_4&#8243; _builder_version=&#8221;4.21.0&#8243; _module_preset=&#8221;default&#8221; global_colors_info=&#8221;{}&#8221;][et_pb_blurb content_max_width=&#8221;1100px&#8221; _builder_version=&#8221;4.21.0&#8243; _module_preset=&#8221;default&#8221; global_colors_info=&#8221;{}&#8221;]<\/p>\n<table style=\"border-collapse: collapse; width: 100%; height: 69px;\" border=\"1\">\n<tbody>\n<tr style=\"height: 23px;\">\n<td style=\"width: 33.3333%; height: 23px;\">\u2713 Compact, lightweight design<\/td>\n<td style=\"width: 33.3333%; height: 23px;\">\u2713 High accuracy<\/td>\n<td style=\"width: 33.3333%; height: 23px;\">\u2713 High lap stiffness<\/td>\n<\/tr>\n<tr style=\"height: 23px;\">\n<td style=\"width: 33.3333%; height: 23px;\">\u2713 Compact and simple configuration<\/td>\n<td style=\"width: 33.3333%; height: 23px;\">\u2713 Zero clearance<\/td>\n<td style=\"width: 33.3333%; height: 23px;\">\u2713 High torque<\/td>\n<\/tr>\n<tr style=\"height: 23px;\">\n<td style=\"width: 33.3333%; height: 23px;\">\u2713 Simplicity &#8211; compact size and light weight<\/td>\n<td style=\"width: 33.3333%; height: 23px;\">\u2713 High efficiency<\/td>\n<td style=\"width: 33.3333%; height: 23px;\">&#8211;<\/td>\n<\/tr>\n<\/tbody>\n<\/table>\n<p>[\/et_pb_blurb][\/et_pb_column][\/et_pb_row][et_pb_row _builder_version=&#8221;4.21.0&#8243; _module_preset=&#8221;default&#8221; global_colors_info=&#8221;{}&#8221;][et_pb_column type=&#8221;4_4&#8243; _builder_version=&#8221;4.21.0&#8243; _module_preset=&#8221;default&#8221; global_colors_info=&#8221;{}&#8221;][et_pb_blurb content_max_width=&#8221;1100px&#8221; _builder_version=&#8221;4.21.0&#8243; _module_preset=&#8221;default&#8221; global_colors_info=&#8221;{}&#8221;]<\/p>\n<ul>\n<li>The output bearing with high tilting stiffness allows direct insertion of high loads without additional support, thus enabling easy and<br \/>space-saving design installations.<\/li>\n<li>The LCS-XXX-P component set can be directly integrated into your machinery\/equipment.<\/li>\n<li>Thanks to the positioning precision, stable machine characteristics with short cycle times are guaranteed.<\/li>\n<\/ul>\n<p>[\/et_pb_blurb][\/et_pb_column][\/et_pb_row][\/et_pb_section]<\/p>\n","protected":false},"excerpt":{"rendered":"<p>&gt; Home \/ Gearboxes \/ Harmonic \/ LCSLCS(G) &#8211; Harmonic gearboxes Standard FlexsplineLCS -I \/ LCSG -I direct connection of the input shaftComplete gearboxesComponent setLCS -II \/ LCSG -II connection via cross sliding couplingComplete gearboxesComponent setParameter overview Conversion ratio:30, 50, 80,100, 120 a 160*: 1Output moments:from 2.4 to 708 NmWill in the gears:\u2264 10 arcsec [&hellip;]<\/p>\n","protected":false},"author":1,"featured_media":0,"parent":3649,"menu_order":0,"comment_status":"closed","ping_status":"closed","template":"","meta":{"_et_pb_use_builder":"on","_et_pb_old_content":"","_et_gb_content_width":"","footnotes":""},"class_list":["post-3692","page","type-page","status-publish","hentry"],"yoast_head":"<!-- This site is optimized with the Yoast SEO plugin v26.6 - https:\/\/yoast.com\/wordpress\/plugins\/seo\/ -->\n<title>LCS (G) - Harmonic gearboxes - Almer.sk<\/title>\n<meta name=\"robots\" content=\"index, follow, max-snippet:-1, max-image-preview:large, max-video-preview:-1\" \/>\n<link rel=\"canonical\" href=\"https:\/\/almer.sk\/en\/harmonic-gearboxes\/lcs-g-harmonic-gearboxes\/\" \/>\n<meta property=\"og:locale\" content=\"en_US\" \/>\n<meta property=\"og:type\" content=\"article\" \/>\n<meta property=\"og:title\" content=\"LCS (G) - Harmonic gearboxes - Almer.sk\" \/>\n<meta property=\"og:description\" content=\"&gt; Home \/ Gearboxes \/ Harmonic \/ LCSLCS(G) - Harmonic gearboxes Standard FlexsplineLCS -I \/ LCSG -I direct connection of the input shaftComplete gearboxesComponent setLCS -II \/ LCSG -II connection via cross sliding couplingComplete gearboxesComponent setParameter overview Conversion ratio:30, 50, 80,100, 120 a 160*: 1Output moments:from 2.4 to 708 NmWill in the gears:\u2264 10 arcsec [&hellip;]\" \/>\n<meta property=\"og:url\" content=\"https:\/\/almer.sk\/en\/harmonic-gearboxes\/lcs-g-harmonic-gearboxes\/\" \/>\n<meta property=\"og:site_name\" content=\"Almer.sk\" \/>\n<meta property=\"article:modified_time\" content=\"2023-10-08T20:32:09+00:00\" \/>\n<meta name=\"twitter:card\" content=\"summary_large_image\" \/>\n<meta name=\"twitter:label1\" content=\"Est. reading time\" \/>\n\t<meta name=\"twitter:data1\" content=\"6 minutes\" \/>\n<script type=\"application\/ld+json\" class=\"yoast-schema-graph\">{\"@context\":\"https:\/\/schema.org\",\"@graph\":[{\"@type\":\"WebPage\",\"@id\":\"https:\/\/almer.sk\/en\/harmonic-gearboxes\/lcs-g-harmonic-gearboxes\/\",\"url\":\"https:\/\/almer.sk\/en\/harmonic-gearboxes\/lcs-g-harmonic-gearboxes\/\",\"name\":\"LCS (G) - Harmonic gearboxes - Almer.sk\",\"isPartOf\":{\"@id\":\"https:\/\/almer.sk\/en\/#website\"},\"datePublished\":\"2023-07-07T13:36:49+00:00\",\"dateModified\":\"2023-10-08T20:32:09+00:00\",\"breadcrumb\":{\"@id\":\"https:\/\/almer.sk\/en\/harmonic-gearboxes\/lcs-g-harmonic-gearboxes\/#breadcrumb\"},\"inLanguage\":\"en-US\",\"potentialAction\":[{\"@type\":\"ReadAction\",\"target\":[\"https:\/\/almer.sk\/en\/harmonic-gearboxes\/lcs-g-harmonic-gearboxes\/\"]}]},{\"@type\":\"BreadcrumbList\",\"@id\":\"https:\/\/almer.sk\/en\/harmonic-gearboxes\/lcs-g-harmonic-gearboxes\/#breadcrumb\",\"itemListElement\":[{\"@type\":\"ListItem\",\"position\":1,\"name\":\"Home\",\"item\":\"https:\/\/almer.sk\/en\/home\/\"},{\"@type\":\"ListItem\",\"position\":2,\"name\":\"Harmonic gearboxes\",\"item\":\"https:\/\/almer.sk\/en\/harmonic-gearboxes\/\"},{\"@type\":\"ListItem\",\"position\":3,\"name\":\"LCS (G) &#8211; Harmonic gearboxes\"}]},{\"@type\":\"WebSite\",\"@id\":\"https:\/\/almer.sk\/en\/#website\",\"url\":\"https:\/\/almer.sk\/en\/\",\"name\":\"Almer.sk\",\"description\":\"Technologick\u00fd l\u00edder v oblasti presn\u00fdch prevodoviek\",\"potentialAction\":[{\"@type\":\"SearchAction\",\"target\":{\"@type\":\"EntryPoint\",\"urlTemplate\":\"https:\/\/almer.sk\/en\/?s={search_term_string}\"},\"query-input\":{\"@type\":\"PropertyValueSpecification\",\"valueRequired\":true,\"valueName\":\"search_term_string\"}}],\"inLanguage\":\"en-US\"}]}<\/script>\n<!-- \/ Yoast SEO plugin. -->","yoast_head_json":{"title":"LCS (G) - Harmonic gearboxes - Almer.sk","robots":{"index":"index","follow":"follow","max-snippet":"max-snippet:-1","max-image-preview":"max-image-preview:large","max-video-preview":"max-video-preview:-1"},"canonical":"https:\/\/almer.sk\/en\/harmonic-gearboxes\/lcs-g-harmonic-gearboxes\/","og_locale":"en_US","og_type":"article","og_title":"LCS (G) - Harmonic gearboxes - Almer.sk","og_description":"&gt; Home \/ Gearboxes \/ Harmonic \/ LCSLCS(G) - Harmonic gearboxes Standard FlexsplineLCS -I \/ LCSG -I direct connection of the input shaftComplete gearboxesComponent setLCS -II \/ LCSG -II connection via cross sliding couplingComplete gearboxesComponent setParameter overview Conversion ratio:30, 50, 80,100, 120 a 160*: 1Output moments:from 2.4 to 708 NmWill in the gears:\u2264 10 arcsec [&hellip;]","og_url":"https:\/\/almer.sk\/en\/harmonic-gearboxes\/lcs-g-harmonic-gearboxes\/","og_site_name":"Almer.sk","article_modified_time":"2023-10-08T20:32:09+00:00","twitter_card":"summary_large_image","twitter_misc":{"Est. reading time":"6 minutes"},"schema":{"@context":"https:\/\/schema.org","@graph":[{"@type":"WebPage","@id":"https:\/\/almer.sk\/en\/harmonic-gearboxes\/lcs-g-harmonic-gearboxes\/","url":"https:\/\/almer.sk\/en\/harmonic-gearboxes\/lcs-g-harmonic-gearboxes\/","name":"LCS (G) - Harmonic gearboxes - Almer.sk","isPartOf":{"@id":"https:\/\/almer.sk\/en\/#website"},"datePublished":"2023-07-07T13:36:49+00:00","dateModified":"2023-10-08T20:32:09+00:00","breadcrumb":{"@id":"https:\/\/almer.sk\/en\/harmonic-gearboxes\/lcs-g-harmonic-gearboxes\/#breadcrumb"},"inLanguage":"en-US","potentialAction":[{"@type":"ReadAction","target":["https:\/\/almer.sk\/en\/harmonic-gearboxes\/lcs-g-harmonic-gearboxes\/"]}]},{"@type":"BreadcrumbList","@id":"https:\/\/almer.sk\/en\/harmonic-gearboxes\/lcs-g-harmonic-gearboxes\/#breadcrumb","itemListElement":[{"@type":"ListItem","position":1,"name":"Home","item":"https:\/\/almer.sk\/en\/home\/"},{"@type":"ListItem","position":2,"name":"Harmonic gearboxes","item":"https:\/\/almer.sk\/en\/harmonic-gearboxes\/"},{"@type":"ListItem","position":3,"name":"LCS (G) &#8211; Harmonic gearboxes"}]},{"@type":"WebSite","@id":"https:\/\/almer.sk\/en\/#website","url":"https:\/\/almer.sk\/en\/","name":"Almer.sk","description":"Technologick\u00fd l\u00edder v oblasti presn\u00fdch prevodoviek","potentialAction":[{"@type":"SearchAction","target":{"@type":"EntryPoint","urlTemplate":"https:\/\/almer.sk\/en\/?s={search_term_string}"},"query-input":{"@type":"PropertyValueSpecification","valueRequired":true,"valueName":"search_term_string"}}],"inLanguage":"en-US"}]}},"_links":{"self":[{"href":"https:\/\/almer.sk\/en\/wp-json\/wp\/v2\/pages\/3692","targetHints":{"allow":["GET"]}}],"collection":[{"href":"https:\/\/almer.sk\/en\/wp-json\/wp\/v2\/pages"}],"about":[{"href":"https:\/\/almer.sk\/en\/wp-json\/wp\/v2\/types\/page"}],"author":[{"embeddable":true,"href":"https:\/\/almer.sk\/en\/wp-json\/wp\/v2\/users\/1"}],"replies":[{"embeddable":true,"href":"https:\/\/almer.sk\/en\/wp-json\/wp\/v2\/comments?post=3692"}],"version-history":[{"count":6,"href":"https:\/\/almer.sk\/en\/wp-json\/wp\/v2\/pages\/3692\/revisions"}],"predecessor-version":[{"id":6703,"href":"https:\/\/almer.sk\/en\/wp-json\/wp\/v2\/pages\/3692\/revisions\/6703"}],"up":[{"embeddable":true,"href":"https:\/\/almer.sk\/en\/wp-json\/wp\/v2\/pages\/3649"}],"wp:attachment":[{"href":"https:\/\/almer.sk\/en\/wp-json\/wp\/v2\/media?parent=3692"}],"curies":[{"name":"wp","href":"https:\/\/api.w.org\/{rel}","templated":true}]}}