{"id":3655,"date":"2023-06-15T08:52:05","date_gmt":"2023-06-15T06:52:05","guid":{"rendered":"https:\/\/almer.sk\/rotary-actuators\/"},"modified":"2023-08-31T10:56:36","modified_gmt":"2023-08-31T08:56:36","slug":"rotary-actuators","status":"publish","type":"page","link":"https:\/\/almer.sk\/en\/rotary-actuators\/","title":{"rendered":"Rotary actuators"},"content":{"rendered":"<p>[et_pb_section fb_built=&#8221;1&#8243; admin_label=&#8221;Section&#8221; _builder_version=&#8221;4.21.0&#8243; _module_preset=&#8221;default&#8221; locked=&#8221;off&#8221; global_colors_info=&#8221;{}&#8221;][et_pb_row _builder_version=&#8221;4.21.0&#8243; _module_preset=&#8221;default&#8221; width=&#8221;90%&#8221; global_colors_info=&#8221;{}&#8221;][et_pb_column type=&#8221;4_4&#8243; _builder_version=&#8221;4.21.0&#8243; _module_preset=&#8221;default&#8221; global_colors_info=&#8221;{}&#8221;][et_pb_blurb content_max_width=&#8221;1100px&#8221; _builder_version=&#8221;4.21.0&#8243; _module_preset=&#8221;default&#8221; body_text_align=&#8221;left&#8221; global_colors_info=&#8221;{}&#8221;]<\/p>\n<p style=\"text-align: left;\"> <a class=\"bread\" href=\"https:\/\/almer.sk\/en\/\">&lt; Home<\/a> \/ Actuators<\/p>\n<p>[\/et_pb_blurb][et_pb_blurb _builder_version=&#8221;4.21.0&#8243; _module_preset=&#8221;default&#8221; header_level=&#8221;h1&#8243; header_font=&#8221;|||on|||||&#8221; body_font=&#8221;|||on|||||&#8221; body_text_align=&#8221;center&#8221; global_colors_info=&#8221;{}&#8221;]<\/p>\n<h1><span class=\"cierna\">Rotary harmonic<\/span> actuators<\/h1>\n<p>[\/et_pb_blurb][\/et_pb_column][\/et_pb_row][et_pb_row column_structure=&#8221;1_4,1_4,1_4,1_4&#8243; _builder_version=&#8221;4.21.0&#8243; _module_preset=&#8221;default&#8221; custom_margin=&#8221;20px||||false|false&#8221; global_colors_info=&#8221;{}&#8221;][et_pb_column type=&#8221;1_4&#8243; _builder_version=&#8221;4.21.0&#8243; _module_preset=&#8221;default&#8221; global_colors_info=&#8221;{}&#8221;][et_pb_blurb url=&#8221;https:\/\/almer.sk\/en\/rotary-actuators\/aah-rotary-actuators\/&#8221; image=&#8221;https:\/\/almer.sk\/wp-content\/uploads\/2023\/06\/actuator-KAH.gif&#8221; alt=&#8221;actuator-KAH&#8221; _builder_version=&#8221;4.21.0&#8243; _module_preset=&#8221;default&#8221; width=&#8221;100%&#8221; max_width=&#8221;100%&#8221; module_alignment=&#8221;center&#8221; custom_margin=&#8221;||||false|false&#8221; animation=&#8221;off&#8221; link_option_url=&#8221;https:\/\/almer.sk\/en\/rotary-actuators\/aah-rotary-actuators\/&#8221; global_colors_info=&#8221;{}&#8221;]<\/p>\n<h3 style=\"text-align: center;\"><span class=\"cervena\">AAH<\/span> series<\/h3>\n<p>[\/et_pb_blurb][\/et_pb_column][et_pb_column type=&#8221;1_4&#8243; _builder_version=&#8221;4.21.0&#8243; _module_preset=&#8221;default&#8221; global_colors_info=&#8221;{}&#8221;][et_pb_blurb image=&#8221;https:\/\/almer.sk\/wp-content\/uploads\/2023\/06\/actuator-KAT.gif&#8221; alt=&#8221;actuator-KAT&#8221; _builder_version=&#8221;4.21.0&#8243; _module_preset=&#8221;default&#8221; width=&#8221;100%&#8221; max_width=&#8221;100%&#8221; module_alignment=&#8221;center&#8221; custom_margin=&#8221;||||false|false&#8221; animation=&#8221;off&#8221; hover_enabled=&#8221;0&#8243; global_colors_info=&#8221;{}&#8221; url=&#8221;https:\/\/almer.sk\/en\/rotary-actuators\/aat-rotary-actuators\/&#8221; link_option_url=&#8221;https:\/\/almer.sk\/en\/rotary-actuators\/aat-rotary-actuators\/&#8221; sticky_enabled=&#8221;0&#8243;]<\/p>\n<h3 style=\"text-align: center;\"><span class=\"cervena\">AAT<\/span> series<\/h3>\n<p>[\/et_pb_blurb][\/et_pb_column][et_pb_column type=&#8221;1_4&#8243; _builder_version=&#8221;4.21.0&#8243; _module_preset=&#8221;default&#8221; global_colors_info=&#8221;{}&#8221;][et_pb_blurb url=&#8221;https:\/\/almer.sk\/en\/rotary-actuators\/aas-rotary-actuators\/&#8221; image=&#8221;https:\/\/almer.sk\/wp-content\/uploads\/2023\/06\/actuator-KAS.gif&#8221; alt=&#8221;actuator-KAS&#8221; _builder_version=&#8221;4.21.0&#8243; _module_preset=&#8221;default&#8221; width=&#8221;100%&#8221; max_width=&#8221;100%&#8221; module_alignment=&#8221;center&#8221; custom_margin=&#8221;||||false|false&#8221; animation=&#8221;off&#8221; link_option_url=&#8221;https:\/\/almer.sk\/en\/rotary-actuators\/aas-rotary-actuators\/&#8221; global_colors_info=&#8221;{}&#8221;]<\/p>\n<h3 style=\"text-align: center;\"><span class=\"cervena\">AAS<\/span> series<\/h3>\n<p>[\/et_pb_blurb][\/et_pb_column][et_pb_column type=&#8221;1_4&#8243; _builder_version=&#8221;4.21.0&#8243; _module_preset=&#8221;default&#8221; global_colors_info=&#8221;{}&#8221;][et_pb_blurb url=&#8221;https:\/\/almer.sk\/en\/rotary-actuators\/agm-rotary-actuators\/&#8221; image=&#8221;https:\/\/almer.sk\/wp-content\/uploads\/2023\/06\/actuator-KGM.gif&#8221; alt=&#8221;actuator-KGM&#8221; _builder_version=&#8221;4.21.0&#8243; _module_preset=&#8221;default&#8221; width=&#8221;100%&#8221; max_width=&#8221;100%&#8221; module_alignment=&#8221;center&#8221; custom_margin=&#8221;||||false|false&#8221; animation=&#8221;off&#8221; link_option_url=&#8221;https:\/\/almer.sk\/en\/rotary-actuators\/agm-rotary-actuators\/&#8221; global_colors_info=&#8221;{}&#8221;]<\/p>\n<h3 style=\"text-align: center;\"><span class=\"cervena\">AGM<\/span> series<\/h3>\n<p>[\/et_pb_blurb][\/et_pb_column][\/et_pb_row][et_pb_row admin_label=&#8221;Row&#8221; _builder_version=&#8221;4.21.0&#8243; _module_preset=&#8221;default&#8221; global_colors_info=&#8221;{}&#8221;][et_pb_column type=&#8221;4_4&#8243; _builder_version=&#8221;4.21.0&#8243; _module_preset=&#8221;default&#8221; global_colors_info=&#8221;{}&#8221;][et_pb_blurb content_max_width=&#8221;1100px&#8221; _builder_version=&#8221;4.21.0&#8243; _module_preset=&#8221;default&#8221; global_colors_info=&#8221;{}&#8221;]<\/p>\n<p><span style=\"color: #ff0000;\"><br \/>\n  <strong>Integrated harmonic actuators<\/strong><br \/>\n<\/span> provide <span style=\"color: #ff0000;\">high torque up to 800 Nm<\/span> and <span style=\"color: #ff0000;\">high-precision rotary control<\/span>. Thanks to its integrated design, processing and assembly techniques, it is designed and manufactured as a compact all-in-one solution: i.e. a high-precision zero backlash <span style=\"color: #ff0000;\">harmonic gearbox<\/span> with integrated frame <span style=\"color: #ff0000;\">torque motor<\/span>, hollow shaft, <span style=\"color: #ff0000;\">absolute or<\/span> high-resolution <span style=\"color: #ff0000;\">incremental encoder<\/span>, optionally integrated <span style=\"color: #ff0000;\">brake<\/span> and intelligent encoder.<\/p>\n<p>Four different series are available to suit different industrial needs and applications:<\/p>\n<p><span style=\"color: #ff0000;\"> <strong>AAH &amp; AAT<\/strong> series<\/span> with hollow shaft design for space saving and seamless cable applications;<\/p>\n<p><span style=\"color: #ff0000;\"> <strong>AAS<\/strong> series<\/span> with full shaft design;<\/p>\n<p><span style=\"color: #ff0000;\"> <strong>AGM<\/strong> series<\/span> with hollow shaft, with integrated electronics<span style=\"color: #ff0000;\">(EtherCAT or CANOpen<\/span>) for position, speed and torque control applications &#8211; all-in-one.<\/p>\n<p>Our integrated harmonic gear motors can run at standard input voltages <span style=\"color: #ff0000;\">of 48VDC, 110VAC or 220VAC<\/span>.<\/p>\n<p>Further customisation options: windings and a range of technical data (such as torques, speeds, etc.) can also be customised on request.<\/p>\n<p>[\/et_pb_blurb][\/et_pb_column][\/et_pb_row][\/et_pb_section]<\/p>\n","protected":false},"excerpt":{"rendered":"<p>&lt; Home \/ ActuatorsRotary harmonic actuatorsAAH seriesAAT seriesAAS seriesAGM series Integrated harmonic actuators provide high torque up to 800 Nm and high-precision rotary control. Thanks to its integrated design, processing and assembly techniques, it is designed and manufactured as a compact all-in-one solution: i.e. a high-precision zero backlash harmonic gearbox with integrated frame torque motor, [&hellip;]<\/p>\n","protected":false},"author":1,"featured_media":0,"parent":0,"menu_order":0,"comment_status":"closed","ping_status":"closed","template":"","meta":{"_et_pb_use_builder":"on","_et_pb_old_content":"","_et_gb_content_width":"","footnotes":""},"class_list":["post-3655","page","type-page","status-publish","hentry"],"yoast_head":"<!-- This site is optimized with the Yoast SEO plugin v26.6 - https:\/\/yoast.com\/wordpress\/plugins\/seo\/ -->\n<title>Rotary actuators - Almer.sk<\/title>\n<meta name=\"robots\" content=\"index, follow, max-snippet:-1, max-image-preview:large, max-video-preview:-1\" \/>\n<link rel=\"canonical\" href=\"https:\/\/almer.sk\/en\/rotary-actuators\/\" \/>\n<meta property=\"og:locale\" content=\"en_US\" \/>\n<meta property=\"og:type\" content=\"article\" \/>\n<meta property=\"og:title\" content=\"Rotary actuators - Almer.sk\" \/>\n<meta property=\"og:description\" content=\"&lt; Home \/ ActuatorsRotary harmonic actuatorsAAH seriesAAT seriesAAS seriesAGM series Integrated harmonic actuators provide high torque up to 800 Nm and high-precision rotary control. Thanks to its integrated design, processing and assembly techniques, it is designed and manufactured as a compact all-in-one solution: i.e. a high-precision zero backlash harmonic gearbox with integrated frame torque motor, [&hellip;]\" \/>\n<meta property=\"og:url\" content=\"https:\/\/almer.sk\/en\/rotary-actuators\/\" \/>\n<meta property=\"og:site_name\" content=\"Almer.sk\" \/>\n<meta property=\"article:modified_time\" content=\"2023-08-31T08:56:36+00:00\" \/>\n<meta name=\"twitter:card\" content=\"summary_large_image\" \/>\n<meta name=\"twitter:label1\" content=\"Est. reading time\" \/>\n\t<meta name=\"twitter:data1\" content=\"3 minutes\" \/>\n<script type=\"application\/ld+json\" class=\"yoast-schema-graph\">{\"@context\":\"https:\/\/schema.org\",\"@graph\":[{\"@type\":\"WebPage\",\"@id\":\"https:\/\/almer.sk\/en\/rotary-actuators\/\",\"url\":\"https:\/\/almer.sk\/en\/rotary-actuators\/\",\"name\":\"Rotary actuators - Almer.sk\",\"isPartOf\":{\"@id\":\"https:\/\/almer.sk\/en\/#website\"},\"datePublished\":\"2023-06-15T06:52:05+00:00\",\"dateModified\":\"2023-08-31T08:56:36+00:00\",\"breadcrumb\":{\"@id\":\"https:\/\/almer.sk\/en\/rotary-actuators\/#breadcrumb\"},\"inLanguage\":\"en-US\",\"potentialAction\":[{\"@type\":\"ReadAction\",\"target\":[\"https:\/\/almer.sk\/en\/rotary-actuators\/\"]}]},{\"@type\":\"BreadcrumbList\",\"@id\":\"https:\/\/almer.sk\/en\/rotary-actuators\/#breadcrumb\",\"itemListElement\":[{\"@type\":\"ListItem\",\"position\":1,\"name\":\"Home\",\"item\":\"https:\/\/almer.sk\/en\/home\/\"},{\"@type\":\"ListItem\",\"position\":2,\"name\":\"Rotary actuators\"}]},{\"@type\":\"WebSite\",\"@id\":\"https:\/\/almer.sk\/en\/#website\",\"url\":\"https:\/\/almer.sk\/en\/\",\"name\":\"Almer.sk\",\"description\":\"Technologick\u00fd l\u00edder v oblasti presn\u00fdch prevodoviek\",\"potentialAction\":[{\"@type\":\"SearchAction\",\"target\":{\"@type\":\"EntryPoint\",\"urlTemplate\":\"https:\/\/almer.sk\/en\/?s={search_term_string}\"},\"query-input\":{\"@type\":\"PropertyValueSpecification\",\"valueRequired\":true,\"valueName\":\"search_term_string\"}}],\"inLanguage\":\"en-US\"}]}<\/script>\n<!-- \/ Yoast SEO plugin. -->","yoast_head_json":{"title":"Rotary actuators - Almer.sk","robots":{"index":"index","follow":"follow","max-snippet":"max-snippet:-1","max-image-preview":"max-image-preview:large","max-video-preview":"max-video-preview:-1"},"canonical":"https:\/\/almer.sk\/en\/rotary-actuators\/","og_locale":"en_US","og_type":"article","og_title":"Rotary actuators - Almer.sk","og_description":"&lt; Home \/ ActuatorsRotary harmonic actuatorsAAH seriesAAT seriesAAS seriesAGM series Integrated harmonic actuators provide high torque up to 800 Nm and high-precision rotary control. Thanks to its integrated design, processing and assembly techniques, it is designed and manufactured as a compact all-in-one solution: i.e. a high-precision zero backlash harmonic gearbox with integrated frame torque motor, [&hellip;]","og_url":"https:\/\/almer.sk\/en\/rotary-actuators\/","og_site_name":"Almer.sk","article_modified_time":"2023-08-31T08:56:36+00:00","twitter_card":"summary_large_image","twitter_misc":{"Est. reading time":"3 minutes"},"schema":{"@context":"https:\/\/schema.org","@graph":[{"@type":"WebPage","@id":"https:\/\/almer.sk\/en\/rotary-actuators\/","url":"https:\/\/almer.sk\/en\/rotary-actuators\/","name":"Rotary actuators - Almer.sk","isPartOf":{"@id":"https:\/\/almer.sk\/en\/#website"},"datePublished":"2023-06-15T06:52:05+00:00","dateModified":"2023-08-31T08:56:36+00:00","breadcrumb":{"@id":"https:\/\/almer.sk\/en\/rotary-actuators\/#breadcrumb"},"inLanguage":"en-US","potentialAction":[{"@type":"ReadAction","target":["https:\/\/almer.sk\/en\/rotary-actuators\/"]}]},{"@type":"BreadcrumbList","@id":"https:\/\/almer.sk\/en\/rotary-actuators\/#breadcrumb","itemListElement":[{"@type":"ListItem","position":1,"name":"Home","item":"https:\/\/almer.sk\/en\/home\/"},{"@type":"ListItem","position":2,"name":"Rotary actuators"}]},{"@type":"WebSite","@id":"https:\/\/almer.sk\/en\/#website","url":"https:\/\/almer.sk\/en\/","name":"Almer.sk","description":"Technologick\u00fd l\u00edder v oblasti presn\u00fdch prevodoviek","potentialAction":[{"@type":"SearchAction","target":{"@type":"EntryPoint","urlTemplate":"https:\/\/almer.sk\/en\/?s={search_term_string}"},"query-input":{"@type":"PropertyValueSpecification","valueRequired":true,"valueName":"search_term_string"}}],"inLanguage":"en-US"}]}},"_links":{"self":[{"href":"https:\/\/almer.sk\/en\/wp-json\/wp\/v2\/pages\/3655","targetHints":{"allow":["GET"]}}],"collection":[{"href":"https:\/\/almer.sk\/en\/wp-json\/wp\/v2\/pages"}],"about":[{"href":"https:\/\/almer.sk\/en\/wp-json\/wp\/v2\/types\/page"}],"author":[{"embeddable":true,"href":"https:\/\/almer.sk\/en\/wp-json\/wp\/v2\/users\/1"}],"replies":[{"embeddable":true,"href":"https:\/\/almer.sk\/en\/wp-json\/wp\/v2\/comments?post=3655"}],"version-history":[{"count":5,"href":"https:\/\/almer.sk\/en\/wp-json\/wp\/v2\/pages\/3655\/revisions"}],"predecessor-version":[{"id":6498,"href":"https:\/\/almer.sk\/en\/wp-json\/wp\/v2\/pages\/3655\/revisions\/6498"}],"wp:attachment":[{"href":"https:\/\/almer.sk\/en\/wp-json\/wp\/v2\/media?parent=3655"}],"curies":[{"name":"wp","href":"https:\/\/api.w.org\/{rel}","templated":true}]}}