{"id":3649,"date":"2023-06-15T11:55:07","date_gmt":"2023-06-15T09:55:07","guid":{"rendered":"https:\/\/almer.sk\/harmonic-gearboxes\/"},"modified":"2023-10-08T23:07:14","modified_gmt":"2023-10-08T21:07:14","slug":"harmonic-gearboxes","status":"publish","type":"page","link":"https:\/\/almer.sk\/en\/harmonic-gearboxes\/","title":{"rendered":"Harmonic gearboxes"},"content":{"rendered":"<p>[et_pb_section fb_built=&#8221;1&#8243; _builder_version=&#8221;4.21.0&#8243; _module_preset=&#8221;default&#8221; locked=&#8221;off&#8221; global_colors_info=&#8221;{}&#8221;][et_pb_row _builder_version=&#8221;4.21.0&#8243; _module_preset=&#8221;default&#8221; width=&#8221;90%&#8221; global_colors_info=&#8221;{}&#8221;][et_pb_column type=&#8221;4_4&#8243; _builder_version=&#8221;4.21.0&#8243; _module_preset=&#8221;default&#8221; global_colors_info=&#8221;{}&#8221;][et_pb_blurb content_max_width=&#8221;1100px&#8221; _builder_version=&#8221;4.22.1&#8243; _module_preset=&#8221;default&#8221; body_text_align=&#8221;left&#8221; global_colors_info=&#8221;{}&#8221;]<a class=\"bread\" href=\"https:\/\/almer.sk\/en\/\">&gt; Home<\/a> \/ <a class=\"bread\" href=\"https:\/\/almer.sk\/en\/gearboxes\/\">Gearboxes<\/a> \/ Harmonic[\/et_pb_blurb][et_pb_blurb content_max_width=&#8221;1100px&#8221; _builder_version=&#8221;4.21.0&#8243; _module_preset=&#8221;default&#8221; header_level=&#8221;h1&#8243; header_font=&#8221;|||on|||||&#8221; body_font=&#8221;|||on|||||&#8221; body_text_align=&#8221;center&#8221; body_line_height=&#8221;2.2em&#8221; global_colors_info=&#8221;{}&#8221;]<\/p>\n<h1><span class=\"cierna\">High Precision (zero backlash) Strain Wawe &#8211; Harmonic &#8211; Gears<\/span><\/h1>\n<p>[\/et_pb_blurb][et_pb_blurb content_max_width=&#8221;1100px&#8221; _builder_version=&#8221;4.21.0&#8243; _module_preset=&#8221;default&#8221; header_level=&#8221;h1&#8243; header_font=&#8221;|||on|||||&#8221; body_font=&#8221;|||on|||||&#8221; body_text_align=&#8221;center&#8221; custom_margin=&#8221;-20px||1px||false|false&#8221; global_colors_info=&#8221;{}&#8221;]<\/p>\n<p><span style=\"font-size: 28px; color: #339966;\">leaderdrive\u00ae<\/span><\/p>\n<p>[\/et_pb_blurb][\/et_pb_column][\/et_pb_row][et_pb_row _builder_version=&#8221;4.21.0&#8243; _module_preset=&#8221;default&#8221; custom_margin=&#8221;||-15px||false|false&#8221; global_colors_info=&#8221;{}&#8221;][et_pb_column type=&#8221;4_4&#8243; _builder_version=&#8221;4.21.0&#8243; _module_preset=&#8221;default&#8221; global_colors_info=&#8221;{}&#8221;][et_pb_blurb content_max_width=&#8221;1100px&#8221; _builder_version=&#8221;4.21.0&#8243; _module_preset=&#8221;default&#8221; custom_margin=&#8221;||-40px||false|false&#8221; custom_padding=&#8221;||0px||false|false&#8221; global_colors_info=&#8221;{}&#8221;]<\/p>\n<p>Gearboxes with innovative patented tooth shape for high precision and efficiency. Due to their construction and design, they provide the following benefits for applications:<\/p>\n<p>[\/et_pb_blurb][\/et_pb_column][\/et_pb_row][et_pb_row column_structure=&#8221;1_3,1_3,1_3&#8243; _builder_version=&#8221;4.21.0&#8243; _module_preset=&#8221;default&#8221; custom_margin=&#8221;||||false|false&#8221; custom_padding=&#8221;||||false|false&#8221; global_colors_info=&#8221;{}&#8221;][et_pb_column type=&#8221;1_3&#8243; _builder_version=&#8221;4.21.0&#8243; _module_preset=&#8221;default&#8221; global_colors_info=&#8221;{}&#8221;][et_pb_blurb _builder_version=&#8221;4.21.0&#8243; _module_preset=&#8221;default&#8221; global_colors_info=&#8221;{}&#8221;]<\/p>\n<ul>\n<li>High torque (3.5 &#8211; 921 Nm)<\/li>\n<li>up to five times overload capability<\/li>\n<li>max. input speed: up to 8000 rpm<\/li>\n<li>compactness and lightness<\/li>\n<\/ul>\n<p>[\/et_pb_blurb][\/et_pb_column][et_pb_column type=&#8221;1_3&#8243; _builder_version=&#8221;4.21.0&#8243; _module_preset=&#8221;default&#8221; global_colors_info=&#8221;{}&#8221;][et_pb_blurb _builder_version=&#8221;4.21.0&#8243; _module_preset=&#8221;default&#8221; global_colors_info=&#8221;{}&#8221;]<\/p>\n<ul>\n<li>high efficiency and zero backlash<\/li>\n<li>full\/hollow output shaft<\/li>\n<li>high rigidity and stability without shocks, low noise<\/li>\n<li>possibility of customisation according to the customer&#8217;s wishes<\/li>\n<\/ul>\n<p>[\/et_pb_blurb][\/et_pb_column][et_pb_column type=&#8221;1_3&#8243; _builder_version=&#8221;4.21.0&#8243; _module_preset=&#8221;default&#8221; global_colors_info=&#8221;{}&#8221;][et_pb_blurb _builder_version=&#8221;4.21.0&#8243; _module_preset=&#8221;default&#8221; global_colors_info=&#8221;{}&#8221;]<\/p>\n<ul>\n<li>High conversion: from 30:1 to 160:1<\/li>\n<li>component-set \/ compact design<\/li>\n<li>high position accuracy and rotation accuracy<\/li>\n<li>long service life<\/li>\n<\/ul>\n<p>[\/et_pb_blurb][\/et_pb_column][\/et_pb_row][et_pb_row column_structure=&#8221;1_4,1_4,1_4,1_4&#8243; _builder_version=&#8221;4.21.0&#8243; _module_preset=&#8221;default&#8221; global_colors_info=&#8221;{}&#8221;][et_pb_column type=&#8221;1_4&#8243; _builder_version=&#8221;4.21.0&#8243; _module_preset=&#8221;default&#8221; global_colors_info=&#8221;{}&#8221;][et_pb_blurb url=&#8221;https:\/\/almer.sk\/en\/harmonic-gearboxes\/lcd-harmonic-gearboxes\/&#8221; image=&#8221;https:\/\/almer.sk\/wp-content\/uploads\/2023\/07\/LCD-seria.png&#8221; alt=&#8221;LCD series&#8221; _builder_version=&#8221;4.22.1&#8243; _module_preset=&#8221;default&#8221; animation=&#8221;off&#8221; link_option_url=&#8221;https:\/\/almer.sk\/en\/harmonic-gearboxes\/lcd-harmonic-gearboxes\/&#8221; hover_enabled=&#8221;0&#8243; global_colors_info=&#8221;{}&#8221; sticky_enabled=&#8221;0&#8243;]<\/p>\n<h3 style=\"text-align: center;\"><span class=\"cervena\">LCD<\/span><\/h3>\n<p>Ultra-thin Flexspline in the shape of a bowl. Short axial dimension. The whole structure has an ultra-flat structure, small size and light weight, high rigidity and low backlash. <a href=\"https:\/\/almer.sk\/en\/harmonic-gearboxes\/lcd-harmonic-transmissions\/\"><span style=\"color: #ff0000;\">More&#8230;<\/span><\/a><\/p>\n<p>[\/et_pb_blurb][\/et_pb_column][et_pb_column type=&#8221;1_4&#8243; _builder_version=&#8221;4.21.0&#8243; _module_preset=&#8221;default&#8221; global_colors_info=&#8221;{}&#8221;][et_pb_blurb url=&#8221;https:\/\/almer.sk\/en\/harmonic-gearboxes\/lcs-g-harmonic-gearboxes\/&#8221; image=&#8221;https:\/\/almer.sk\/wp-content\/uploads\/2023\/07\/LCS-seria.png&#8221; alt=&#8221;LCS series&#8221; _builder_version=&#8221;4.22.1&#8243; _module_preset=&#8221;default&#8221; custom_padding=&#8221;||1px|||&#8221; animation=&#8221;off&#8221; link_option_url=&#8221;https:\/\/almer.sk\/en\/harmonic-gearboxes\/lcs-g-harmonic-gearboxes\/&#8221; global_colors_info=&#8221;{}&#8221;]<\/p>\n<h3 style=\"text-align: center;\"><span class=\"cervena\">LCS \/ LCSG<\/span><\/h3>\n<p>Standard bowl-shaped Flexspline. As a rule, the fixed wheel is fixed, and the flexible wheel is used for the output connection. Simple construction with high stiffness and low backlash. <a href=\"https:\/\/almer.sk\/en\/harmonic-gearboxes\/lcs-g-harmonic-gearboxes\/\"><span style=\"color: #ff0000;\">More&#8230;<\/span><\/a>[\/et_pb_blurb][\/et_pb_column][et_pb_column type=&#8221;1_4&#8243; _builder_version=&#8221;4.21.0&#8243; _module_preset=&#8221;default&#8221; global_colors_info=&#8221;{}&#8221;][et_pb_blurb url=&#8221;https:\/\/almer.sk\/en\/harmonic-gearboxes\/lhd-harmonic-gearboxes\/&#8221; image=&#8221;https:\/\/almer.sk\/wp-content\/uploads\/2023\/07\/LHD-seria.png&#8221; alt=&#8221;LHD series&#8221; _builder_version=&#8221;4.22.1&#8243; _module_preset=&#8221;default&#8221; animation=&#8221;off&#8221; link_option_url=&#8221;https:\/\/almer.sk\/en\/harmonic-gearboxes\/lhd-harmonic-gearboxes\/&#8221; global_colors_info=&#8221;{}&#8221;]<\/p>\n<h3 style=\"text-align: center;\"><span class=\"cervena\">LHD<\/span><\/h3>\n<p>Flexspline has a thin hollow flange shape, the overall hollow shaft design is ultra-thin, compared with LHS, the axial length is shortened by about 35%. This series is best for applications where a small reducer thickness is required. <a href=\"https:\/\/almer.sk\/en\/harmonic-gearboxes\/lhd-harmonic-gearboxes\/\"><span style=\"color: #ff0000;\">More&#8230;<\/span><\/a>[\/et_pb_blurb][\/et_pb_column][et_pb_column type=&#8221;1_4&#8243; _builder_version=&#8221;4.21.0&#8243; _module_preset=&#8221;default&#8221; global_colors_info=&#8221;{}&#8221;][et_pb_blurb url=&#8221;https:\/\/almer.sk\/en\/harmonic-gearboxes\/lhsg-harmonic-gearboxes\/&#8221; image=&#8221;https:\/\/almer.sk\/wp-content\/uploads\/2023\/07\/LHS-seria.png&#8221; alt=&#8221;LHS series&#8221; _builder_version=&#8221;4.22.1&#8243; _module_preset=&#8221;default&#8221; animation=&#8221;off&#8221; link_option_url=&#8221;https:\/\/almer.sk\/en\/harmonic-gearboxes\/lhsg-harmonic-gearboxes\/&#8221; global_colors_info=&#8221;{}&#8221;]<\/p>\n<h3 style=\"text-align: center;\"><span class=\"cervena\">LHS \/ LHSG<\/span><\/h3>\n<p>Flexspline has a standard hollow flange shape, the overall design is with a hollow shaft. Different versions: different connections with the motor, large opening, input shaft for mounting the pulley. <a href=\"https:\/\/almer.sk\/en\/harmonic-gearboxes\/lhsg-harmonic-gearboxes\/\"><span style=\"color: #ff0000;\">More&#8230;<\/span><\/a>[\/et_pb_blurb][\/et_pb_column][\/et_pb_row][et_pb_row column_structure=&#8221;1_3,2_3&#8243; _builder_version=&#8221;4.21.0&#8243; _module_preset=&#8221;default&#8221; global_colors_info=&#8221;{}&#8221;][et_pb_column type=&#8221;1_3&#8243; _builder_version=&#8221;4.21.0&#8243; _module_preset=&#8221;default&#8221; global_colors_info=&#8221;{}&#8221;][et_pb_blurb url=&#8221;https:\/\/almer.sk\/en\/harmonic-gearboxes\/model-y-harmonic-gearboxes\/&#8221; image=&#8221;https:\/\/almer.sk\/wp-content\/uploads\/2023\/06\/Slide-New-Gener.png&#8221; alt=&#8221;Slide New Gener&#8221; image_icon_width=&#8221;90%&#8221; _builder_version=&#8221;4.21.0&#8243; _module_preset=&#8221;default&#8221; animation=&#8221;off&#8221; link_option_url=&#8221;https:\/\/almer.sk\/en\/harmonic-gearboxes\/model-y-harmonic-gearboxes\/&#8221; global_colors_info=&#8221;{}&#8221;]<\/p>\n<h3 style=\"text-align: center;\"><span class=\"cervena\">YLHS<\/span><\/h3>\n<p>[\/et_pb_blurb][\/et_pb_column][et_pb_column type=&#8221;2_3&#8243; _builder_version=&#8221;4.21.0&#8243; _module_preset=&#8221;default&#8221; global_colors_info=&#8221;{}&#8221;][et_pb_blurb _builder_version=&#8221;4.21.0&#8243; _module_preset=&#8221;default&#8221; global_colors_info=&#8221;{}&#8221;]<\/p>\n<p>The <span style=\"color: #ff0000;\">Model Y<\/span> transmission is a future-oriented new <span style=\"color: #ff0000;\">third-generation<\/span> harmonic drive system based on patented speed reduction technology. It has an exclusive all-new tooth structure and profile design and uses third harmonic technology to replace second harmonic technology, flexspline and bearings. Compared to the previous generation of the traction wave transmission, the transmission accuracy and torsional stiffness is doubled. It is the world&#8217;s first speed reducer that achieves transmission accuracy within 10 arc seconds and fundamentally solves the problems around clutch vibration.<\/p>\n<p>[\/et_pb_blurb][\/et_pb_column][\/et_pb_row][\/et_pb_section]<\/p>\n","protected":false},"excerpt":{"rendered":"<p>&gt; Home \/ Gearboxes \/ HarmonicHigh Precision (zero backlash) Strain Wawe &#8211; Harmonic &#8211; Gearsleaderdrive\u00aeGearboxes with innovative patented tooth shape for high precision and efficiency. Due to their construction and design, they provide the following benefits for applications: High torque (3.5 &#8211; 921 Nm) up to five times overload capability max. input speed: up to [&hellip;]<\/p>\n","protected":false},"author":1,"featured_media":0,"parent":0,"menu_order":0,"comment_status":"closed","ping_status":"closed","template":"","meta":{"_et_pb_use_builder":"on","_et_pb_old_content":"","_et_gb_content_width":"","footnotes":""},"class_list":["post-3649","page","type-page","status-publish","hentry"],"yoast_head":"<!-- This site is optimized with the Yoast SEO plugin v26.6 - https:\/\/yoast.com\/wordpress\/plugins\/seo\/ -->\n<title>Harmonic gearboxes - Almer.sk<\/title>\n<meta name=\"robots\" content=\"index, follow, max-snippet:-1, max-image-preview:large, max-video-preview:-1\" \/>\n<link rel=\"canonical\" href=\"https:\/\/almer.sk\/en\/harmonic-gearboxes\/\" \/>\n<meta property=\"og:locale\" content=\"en_US\" \/>\n<meta property=\"og:type\" content=\"article\" \/>\n<meta property=\"og:title\" content=\"Harmonic gearboxes - Almer.sk\" \/>\n<meta property=\"og:description\" content=\"&gt; Home \/ Gearboxes \/ HarmonicHigh Precision (zero backlash) Strain Wawe - Harmonic - Gearsleaderdrive\u00aeGearboxes with innovative patented tooth shape for high precision and efficiency. Due to their construction and design, they provide the following benefits for applications: High torque (3.5 - 921 Nm) up to five times overload capability max. input speed: up to [&hellip;]\" \/>\n<meta property=\"og:url\" content=\"https:\/\/almer.sk\/en\/harmonic-gearboxes\/\" \/>\n<meta property=\"og:site_name\" content=\"Almer.sk\" \/>\n<meta property=\"article:modified_time\" content=\"2023-10-08T21:07:14+00:00\" \/>\n<meta name=\"twitter:card\" content=\"summary_large_image\" \/>\n<meta name=\"twitter:label1\" content=\"Est. reading time\" \/>\n\t<meta name=\"twitter:data1\" content=\"5 minutes\" \/>\n<script type=\"application\/ld+json\" class=\"yoast-schema-graph\">{\"@context\":\"https:\/\/schema.org\",\"@graph\":[{\"@type\":\"WebPage\",\"@id\":\"https:\/\/almer.sk\/en\/harmonic-gearboxes\/\",\"url\":\"https:\/\/almer.sk\/en\/harmonic-gearboxes\/\",\"name\":\"Harmonic gearboxes - Almer.sk\",\"isPartOf\":{\"@id\":\"https:\/\/almer.sk\/en\/#website\"},\"datePublished\":\"2023-06-15T09:55:07+00:00\",\"dateModified\":\"2023-10-08T21:07:14+00:00\",\"breadcrumb\":{\"@id\":\"https:\/\/almer.sk\/en\/harmonic-gearboxes\/#breadcrumb\"},\"inLanguage\":\"en-US\",\"potentialAction\":[{\"@type\":\"ReadAction\",\"target\":[\"https:\/\/almer.sk\/en\/harmonic-gearboxes\/\"]}]},{\"@type\":\"BreadcrumbList\",\"@id\":\"https:\/\/almer.sk\/en\/harmonic-gearboxes\/#breadcrumb\",\"itemListElement\":[{\"@type\":\"ListItem\",\"position\":1,\"name\":\"Home\",\"item\":\"https:\/\/almer.sk\/en\/home\/\"},{\"@type\":\"ListItem\",\"position\":2,\"name\":\"Harmonic gearboxes\"}]},{\"@type\":\"WebSite\",\"@id\":\"https:\/\/almer.sk\/en\/#website\",\"url\":\"https:\/\/almer.sk\/en\/\",\"name\":\"Almer.sk\",\"description\":\"Technologick\u00fd l\u00edder v oblasti presn\u00fdch prevodoviek\",\"potentialAction\":[{\"@type\":\"SearchAction\",\"target\":{\"@type\":\"EntryPoint\",\"urlTemplate\":\"https:\/\/almer.sk\/en\/?s={search_term_string}\"},\"query-input\":{\"@type\":\"PropertyValueSpecification\",\"valueRequired\":true,\"valueName\":\"search_term_string\"}}],\"inLanguage\":\"en-US\"}]}<\/script>\n<!-- \/ Yoast SEO plugin. -->","yoast_head_json":{"title":"Harmonic gearboxes - Almer.sk","robots":{"index":"index","follow":"follow","max-snippet":"max-snippet:-1","max-image-preview":"max-image-preview:large","max-video-preview":"max-video-preview:-1"},"canonical":"https:\/\/almer.sk\/en\/harmonic-gearboxes\/","og_locale":"en_US","og_type":"article","og_title":"Harmonic gearboxes - Almer.sk","og_description":"&gt; Home \/ Gearboxes \/ HarmonicHigh Precision (zero backlash) Strain Wawe - Harmonic - Gearsleaderdrive\u00aeGearboxes with innovative patented tooth shape for high precision and efficiency. Due to their construction and design, they provide the following benefits for applications: High torque (3.5 - 921 Nm) up to five times overload capability max. input speed: up to [&hellip;]","og_url":"https:\/\/almer.sk\/en\/harmonic-gearboxes\/","og_site_name":"Almer.sk","article_modified_time":"2023-10-08T21:07:14+00:00","twitter_card":"summary_large_image","twitter_misc":{"Est. reading time":"5 minutes"},"schema":{"@context":"https:\/\/schema.org","@graph":[{"@type":"WebPage","@id":"https:\/\/almer.sk\/en\/harmonic-gearboxes\/","url":"https:\/\/almer.sk\/en\/harmonic-gearboxes\/","name":"Harmonic gearboxes - Almer.sk","isPartOf":{"@id":"https:\/\/almer.sk\/en\/#website"},"datePublished":"2023-06-15T09:55:07+00:00","dateModified":"2023-10-08T21:07:14+00:00","breadcrumb":{"@id":"https:\/\/almer.sk\/en\/harmonic-gearboxes\/#breadcrumb"},"inLanguage":"en-US","potentialAction":[{"@type":"ReadAction","target":["https:\/\/almer.sk\/en\/harmonic-gearboxes\/"]}]},{"@type":"BreadcrumbList","@id":"https:\/\/almer.sk\/en\/harmonic-gearboxes\/#breadcrumb","itemListElement":[{"@type":"ListItem","position":1,"name":"Home","item":"https:\/\/almer.sk\/en\/home\/"},{"@type":"ListItem","position":2,"name":"Harmonic gearboxes"}]},{"@type":"WebSite","@id":"https:\/\/almer.sk\/en\/#website","url":"https:\/\/almer.sk\/en\/","name":"Almer.sk","description":"Technologick\u00fd l\u00edder v oblasti presn\u00fdch prevodoviek","potentialAction":[{"@type":"SearchAction","target":{"@type":"EntryPoint","urlTemplate":"https:\/\/almer.sk\/en\/?s={search_term_string}"},"query-input":{"@type":"PropertyValueSpecification","valueRequired":true,"valueName":"search_term_string"}}],"inLanguage":"en-US"}]}},"_links":{"self":[{"href":"https:\/\/almer.sk\/en\/wp-json\/wp\/v2\/pages\/3649","targetHints":{"allow":["GET"]}}],"collection":[{"href":"https:\/\/almer.sk\/en\/wp-json\/wp\/v2\/pages"}],"about":[{"href":"https:\/\/almer.sk\/en\/wp-json\/wp\/v2\/types\/page"}],"author":[{"embeddable":true,"href":"https:\/\/almer.sk\/en\/wp-json\/wp\/v2\/users\/1"}],"replies":[{"embeddable":true,"href":"https:\/\/almer.sk\/en\/wp-json\/wp\/v2\/comments?post=3649"}],"version-history":[{"count":6,"href":"https:\/\/almer.sk\/en\/wp-json\/wp\/v2\/pages\/3649\/revisions"}],"predecessor-version":[{"id":6712,"href":"https:\/\/almer.sk\/en\/wp-json\/wp\/v2\/pages\/3649\/revisions\/6712"}],"wp:attachment":[{"href":"https:\/\/almer.sk\/en\/wp-json\/wp\/v2\/media?parent=3649"}],"curies":[{"name":"wp","href":"https:\/\/api.w.org\/{rel}","templated":true}]}}