{"id":3642,"date":"2023-06-15T08:51:52","date_gmt":"2023-06-15T06:51:52","guid":{"rendered":"https:\/\/almer.sk\/cnc-rotary-tables\/"},"modified":"2023-08-31T10:40:37","modified_gmt":"2023-08-31T08:40:37","slug":"cnc-rotary-tables","status":"publish","type":"page","link":"https:\/\/almer.sk\/en\/cnc-rotary-tables\/","title":{"rendered":"CNC rotary tables"},"content":{"rendered":"<p>[et_pb_section fb_built=&#8221;1&#8243; _builder_version=&#8221;4.21.0&#8243; _module_preset=&#8221;default&#8221; global_colors_info=&#8221;{}&#8221;][et_pb_row _builder_version=&#8221;4.21.0&#8243; _module_preset=&#8221;default&#8221; width=&#8221;90%&#8221; global_colors_info=&#8221;{}&#8221;][et_pb_column type=&#8221;4_4&#8243; _builder_version=&#8221;4.21.0&#8243; _module_preset=&#8221;default&#8221; global_colors_info=&#8221;{}&#8221;][et_pb_blurb content_max_width=&#8221;1100px&#8221; _builder_version=&#8221;4.21.0&#8243; _module_preset=&#8221;default&#8221; body_text_align=&#8221;left&#8221; global_colors_info=&#8221;{}&#8221;]<\/p>\n<p style=\"text-align: left;\"> <a class=\"bread\" href=\"https:\/\/almer.sk\/en\/\">&lt; Home<\/a> \/ CNC rotary and tilting tables<\/p>\n<p>[\/et_pb_blurb][et_pb_blurb _builder_version=&#8221;4.21.0&#8243; _module_preset=&#8221;default&#8221; header_level=&#8221;h1&#8243; header_font=&#8221;|||on|||||&#8221; body_font=&#8221;|||on|||||&#8221; body_text_align=&#8221;center&#8221; global_colors_info=&#8221;{}&#8221;]<\/p>\n<h1><span class=\"cierna\">CNC rotary and tilting<\/span> tables<\/h1>\n<p>[\/et_pb_blurb][\/et_pb_column][\/et_pb_row][et_pb_row column_structure=&#8221;1_2,1_2&#8243; _builder_version=&#8221;4.21.0&#8243; _module_preset=&#8221;default&#8221; global_colors_info=&#8221;{}&#8221;][et_pb_column type=&#8221;1_2&#8243; _builder_version=&#8221;4.21.0&#8243; _module_preset=&#8221;default&#8221; global_colors_info=&#8221;{}&#8221;][et_pb_blurb url=&#8221;https:\/\/almer.sk\/en\/cnc-rotary-tables\/rotary-tables-4-axis\/&#8221; image=&#8221;https:\/\/almer.sk\/wp-content\/uploads\/2023\/06\/KCR-320-4th-axis.png&#8221; alt=&#8221;KCR-320 4th axis&#8221; _builder_version=&#8221;4.22.1&#8243; _module_preset=&#8221;default&#8221; width=&#8221;100%&#8221; max_width=&#8221;100%&#8221; module_alignment=&#8221;center&#8221; custom_margin=&#8221;||||false|false&#8221; animation=&#8221;off&#8221; link_option_url=&#8221;https:\/\/almer.sk\/en\/cnc-rotary-tables\/rotary-tables-4-axis\/&#8221; hover_enabled=&#8221;0&#8243; global_colors_info=&#8221;{}&#8221; sticky_enabled=&#8221;0&#8243;]<\/p>\n<h3 style=\"text-align: center;\"><span class=\"cervena\">Single Axis Rotary Tables &#8211;<\/span> 4. axis<\/h3>\n<p>[\/et_pb_blurb][\/et_pb_column][et_pb_column type=&#8221;1_2&#8243; _builder_version=&#8221;4.21.0&#8243; _module_preset=&#8221;default&#8221; global_colors_info=&#8221;{}&#8221;][et_pb_blurb url=&#8221;https:\/\/almer.sk\/en\/cnc-rotary-tables\/rotary-tables-5-axis\/&#8221; image=&#8221;https:\/\/almer.sk\/wp-content\/uploads\/2023\/06\/KFR-250-5th-axis.png&#8221; alt=&#8221;KFR-250 5th axis&#8221; _builder_version=&#8221;4.22.1&#8243; _module_preset=&#8221;default&#8221; animation=&#8221;off&#8221; link_option_url=&#8221;https:\/\/almer.sk\/en\/cnc-rotary-tables\/rotary-tables-5-axis\/&#8221; hover_enabled=&#8221;0&#8243; locked=&#8221;off&#8221; global_colors_info=&#8221;{}&#8221; sticky_enabled=&#8221;0&#8243;]<\/p>\n<h3 style=\"text-align: center;\"><span class=\"cervena\">Dual Axis Rotary Tables &#8211;<\/span> 4. a 5. axis<\/h3>\n<p>[\/et_pb_blurb][et_pb_blurb _builder_version=&#8221;4.21.0&#8243; _module_preset=&#8221;default&#8221; text_orientation=&#8221;center&#8221; custom_margin=&#8221;-30px||||false|false&#8221; global_colors_info=&#8221;{}&#8221;]compact two-axis positioners[\/et_pb_blurb][\/et_pb_column][\/et_pb_row][et_pb_row admin_label=&#8221;Row&#8221; _builder_version=&#8221;4.21.0&#8243; _module_preset=&#8221;default&#8221; global_colors_info=&#8221;{}&#8221;][et_pb_column type=&#8221;4_4&#8243; _builder_version=&#8221;4.21.0&#8243; _module_preset=&#8221;default&#8221; global_colors_info=&#8221;{}&#8221;][et_pb_blurb content_max_width=&#8221;1100px&#8221; _builder_version=&#8221;4.21.0&#8243; _module_preset=&#8221;default&#8221; global_colors_info=&#8221;{}&#8221;]<\/p>\n<ul>\n<li><strong>High accuracy:<\/strong> absolute positioning accuracy is less than <strong>10 arcsec<\/strong> (0.0028\u00b0).<\/li>\n<li>The <strong>division accuracy<\/strong> reaches \u00b1 1.5 arcsec.<\/li>\n<li><strong>Repeated accuracy<\/strong> reaches 1.2 arcsec.<\/li>\n<li><strong>Zero Will:<\/strong> No-will harmonic drive.<\/li>\n<li><strong>High torque:<\/strong> small size, high torque; output torque up to 1470 Nm.<\/li>\n<li><strong>Maintenance-free:<\/strong> no accuracy degeneration, no need for regular maintenance. Accuracy remains unchanged after more than 20,000 hours of use.<\/li>\n<li><strong>Integration:<\/strong> highly integrated, with built-in extremely precise and rigid special harmonic LD gear reducer for machine tools (internationally patented product) and powerful high power density motor, with low torque support.<\/li>\n<li><strong>Fast response:<\/strong> excellent dynamic response.<\/li>\n<li><strong>Fast positioning:<\/strong> no backlash and high rigidity; no need to brake while working, significantly reducing time<\/li>\n<li><strong>High efficiency:<\/strong> the efficiency is more than 80%.<\/li>\n<\/ul>\n<p>[\/et_pb_blurb][\/et_pb_column][\/et_pb_row][\/et_pb_section]<\/p>\n","protected":false},"excerpt":{"rendered":"<p>&lt; Home \/ CNC rotary and tilting tablesCNC rotary and tilting tablesSingle Axis Rotary Tables &#8211; 4. axisDual Axis Rotary Tables &#8211; 4. a 5. axiscompact two-axis positioners High accuracy: absolute positioning accuracy is less than 10 arcsec (0.0028\u00b0). The division accuracy reaches \u00b1 1.5 arcsec. Repeated accuracy reaches 1.2 arcsec. Zero Will: No-will harmonic [&hellip;]<\/p>\n","protected":false},"author":1,"featured_media":0,"parent":0,"menu_order":0,"comment_status":"closed","ping_status":"closed","template":"","meta":{"_et_pb_use_builder":"on","_et_pb_old_content":"","_et_gb_content_width":"","footnotes":""},"class_list":["post-3642","page","type-page","status-publish","hentry"],"yoast_head":"<!-- This site is optimized with the Yoast SEO plugin v26.6 - https:\/\/yoast.com\/wordpress\/plugins\/seo\/ -->\n<title>CNC rotary tables - Almer.sk<\/title>\n<meta name=\"robots\" content=\"index, follow, max-snippet:-1, max-image-preview:large, max-video-preview:-1\" \/>\n<link rel=\"canonical\" href=\"https:\/\/almer.sk\/en\/cnc-rotary-tables\/\" \/>\n<meta property=\"og:locale\" content=\"en_US\" \/>\n<meta property=\"og:type\" content=\"article\" \/>\n<meta property=\"og:title\" content=\"CNC rotary tables - Almer.sk\" \/>\n<meta property=\"og:description\" content=\"&lt; Home \/ CNC rotary and tilting tablesCNC rotary and tilting tablesSingle Axis Rotary Tables - 4. axisDual Axis Rotary Tables - 4. a 5. axiscompact two-axis positioners High accuracy: absolute positioning accuracy is less than 10 arcsec (0.0028\u00b0). The division accuracy reaches \u00b1 1.5 arcsec. Repeated accuracy reaches 1.2 arcsec. Zero Will: No-will harmonic [&hellip;]\" \/>\n<meta property=\"og:url\" content=\"https:\/\/almer.sk\/en\/cnc-rotary-tables\/\" \/>\n<meta property=\"og:site_name\" content=\"Almer.sk\" \/>\n<meta property=\"article:modified_time\" content=\"2023-08-31T08:40:37+00:00\" \/>\n<meta name=\"twitter:card\" content=\"summary_large_image\" \/>\n<meta name=\"twitter:label1\" content=\"Est. reading time\" \/>\n\t<meta name=\"twitter:data1\" content=\"2 minutes\" \/>\n<script type=\"application\/ld+json\" class=\"yoast-schema-graph\">{\"@context\":\"https:\/\/schema.org\",\"@graph\":[{\"@type\":\"WebPage\",\"@id\":\"https:\/\/almer.sk\/en\/cnc-rotary-tables\/\",\"url\":\"https:\/\/almer.sk\/en\/cnc-rotary-tables\/\",\"name\":\"CNC rotary tables - Almer.sk\",\"isPartOf\":{\"@id\":\"https:\/\/almer.sk\/en\/#website\"},\"datePublished\":\"2023-06-15T06:51:52+00:00\",\"dateModified\":\"2023-08-31T08:40:37+00:00\",\"breadcrumb\":{\"@id\":\"https:\/\/almer.sk\/en\/cnc-rotary-tables\/#breadcrumb\"},\"inLanguage\":\"en-US\",\"potentialAction\":[{\"@type\":\"ReadAction\",\"target\":[\"https:\/\/almer.sk\/en\/cnc-rotary-tables\/\"]}]},{\"@type\":\"BreadcrumbList\",\"@id\":\"https:\/\/almer.sk\/en\/cnc-rotary-tables\/#breadcrumb\",\"itemListElement\":[{\"@type\":\"ListItem\",\"position\":1,\"name\":\"Home\",\"item\":\"https:\/\/almer.sk\/en\/home\/\"},{\"@type\":\"ListItem\",\"position\":2,\"name\":\"CNC rotary tables\"}]},{\"@type\":\"WebSite\",\"@id\":\"https:\/\/almer.sk\/en\/#website\",\"url\":\"https:\/\/almer.sk\/en\/\",\"name\":\"Almer.sk\",\"description\":\"Technologick\u00fd l\u00edder v oblasti presn\u00fdch prevodoviek\",\"potentialAction\":[{\"@type\":\"SearchAction\",\"target\":{\"@type\":\"EntryPoint\",\"urlTemplate\":\"https:\/\/almer.sk\/en\/?s={search_term_string}\"},\"query-input\":{\"@type\":\"PropertyValueSpecification\",\"valueRequired\":true,\"valueName\":\"search_term_string\"}}],\"inLanguage\":\"en-US\"}]}<\/script>\n<!-- \/ Yoast SEO plugin. -->","yoast_head_json":{"title":"CNC rotary tables - Almer.sk","robots":{"index":"index","follow":"follow","max-snippet":"max-snippet:-1","max-image-preview":"max-image-preview:large","max-video-preview":"max-video-preview:-1"},"canonical":"https:\/\/almer.sk\/en\/cnc-rotary-tables\/","og_locale":"en_US","og_type":"article","og_title":"CNC rotary tables - Almer.sk","og_description":"&lt; Home \/ CNC rotary and tilting tablesCNC rotary and tilting tablesSingle Axis Rotary Tables - 4. axisDual Axis Rotary Tables - 4. a 5. axiscompact two-axis positioners High accuracy: absolute positioning accuracy is less than 10 arcsec (0.0028\u00b0). The division accuracy reaches \u00b1 1.5 arcsec. Repeated accuracy reaches 1.2 arcsec. Zero Will: No-will harmonic [&hellip;]","og_url":"https:\/\/almer.sk\/en\/cnc-rotary-tables\/","og_site_name":"Almer.sk","article_modified_time":"2023-08-31T08:40:37+00:00","twitter_card":"summary_large_image","twitter_misc":{"Est. reading time":"2 minutes"},"schema":{"@context":"https:\/\/schema.org","@graph":[{"@type":"WebPage","@id":"https:\/\/almer.sk\/en\/cnc-rotary-tables\/","url":"https:\/\/almer.sk\/en\/cnc-rotary-tables\/","name":"CNC rotary tables - Almer.sk","isPartOf":{"@id":"https:\/\/almer.sk\/en\/#website"},"datePublished":"2023-06-15T06:51:52+00:00","dateModified":"2023-08-31T08:40:37+00:00","breadcrumb":{"@id":"https:\/\/almer.sk\/en\/cnc-rotary-tables\/#breadcrumb"},"inLanguage":"en-US","potentialAction":[{"@type":"ReadAction","target":["https:\/\/almer.sk\/en\/cnc-rotary-tables\/"]}]},{"@type":"BreadcrumbList","@id":"https:\/\/almer.sk\/en\/cnc-rotary-tables\/#breadcrumb","itemListElement":[{"@type":"ListItem","position":1,"name":"Home","item":"https:\/\/almer.sk\/en\/home\/"},{"@type":"ListItem","position":2,"name":"CNC rotary tables"}]},{"@type":"WebSite","@id":"https:\/\/almer.sk\/en\/#website","url":"https:\/\/almer.sk\/en\/","name":"Almer.sk","description":"Technologick\u00fd l\u00edder v oblasti presn\u00fdch prevodoviek","potentialAction":[{"@type":"SearchAction","target":{"@type":"EntryPoint","urlTemplate":"https:\/\/almer.sk\/en\/?s={search_term_string}"},"query-input":{"@type":"PropertyValueSpecification","valueRequired":true,"valueName":"search_term_string"}}],"inLanguage":"en-US"}]}},"_links":{"self":[{"href":"https:\/\/almer.sk\/en\/wp-json\/wp\/v2\/pages\/3642","targetHints":{"allow":["GET"]}}],"collection":[{"href":"https:\/\/almer.sk\/en\/wp-json\/wp\/v2\/pages"}],"about":[{"href":"https:\/\/almer.sk\/en\/wp-json\/wp\/v2\/types\/page"}],"author":[{"embeddable":true,"href":"https:\/\/almer.sk\/en\/wp-json\/wp\/v2\/users\/1"}],"replies":[{"embeddable":true,"href":"https:\/\/almer.sk\/en\/wp-json\/wp\/v2\/comments?post=3642"}],"version-history":[{"count":6,"href":"https:\/\/almer.sk\/en\/wp-json\/wp\/v2\/pages\/3642\/revisions"}],"predecessor-version":[{"id":6469,"href":"https:\/\/almer.sk\/en\/wp-json\/wp\/v2\/pages\/3642\/revisions\/6469"}],"wp:attachment":[{"href":"https:\/\/almer.sk\/en\/wp-json\/wp\/v2\/media?parent=3642"}],"curies":[{"name":"wp","href":"https:\/\/api.w.org\/{rel}","templated":true}]}}