{"id":3635,"date":"2023-06-15T08:52:15","date_gmt":"2023-06-15T06:52:15","guid":{"rendered":"https:\/\/almer.sk\/engines\/"},"modified":"2023-09-18T12:44:26","modified_gmt":"2023-09-18T10:44:26","slug":"motors","status":"publish","type":"page","link":"https:\/\/almer.sk\/en\/motors\/","title":{"rendered":"Motors"},"content":{"rendered":"<p>[et_pb_section fb_built=&#8221;1&#8243; admin_label=&#8221;Section&#8221; _builder_version=&#8221;4.21.0&#8243; _module_preset=&#8221;default&#8221; locked=&#8221;off&#8221; global_colors_info=&#8221;{}&#8221;][et_pb_row _builder_version=&#8221;4.21.0&#8243; _module_preset=&#8221;default&#8221; global_colors_info=&#8221;{}&#8221;][et_pb_column type=&#8221;4_4&#8243; _builder_version=&#8221;4.21.0&#8243; _module_preset=&#8221;default&#8221; global_colors_info=&#8221;{}&#8221;][et_pb_blurb content_max_width=&#8221;1100px&#8221; _builder_version=&#8221;4.22.1&#8243; _module_preset=&#8221;default&#8221; body_text_align=&#8221;left&#8221; hover_enabled=&#8221;0&#8243; global_colors_info=&#8221;{}&#8221; sticky_enabled=&#8221;0&#8243;]<\/p>\n<p><a class=\"bread\" href=\"https:\/\/almer.sk\/en\/\">&gt; Home<\/a> \/ Motors<\/p>\n<p>[\/et_pb_blurb][\/et_pb_column][\/et_pb_row][et_pb_row _builder_version=&#8221;4.21.0&#8243; _module_preset=&#8221;default&#8221; global_colors_info=&#8221;{}&#8221;][et_pb_column type=&#8221;4_4&#8243; _builder_version=&#8221;4.21.0&#8243; _module_preset=&#8221;default&#8221; global_colors_info=&#8221;{}&#8221;][et_pb_blurb content_max_width=&#8221;1100px&#8221; _builder_version=&#8221;4.21.0&#8243; _module_preset=&#8221;default&#8221; header_level=&#8221;h1&#8243; header_font=&#8221;|||on|||||&#8221; body_font=&#8221;|||on|||||&#8221; body_text_align=&#8221;center&#8221; body_line_height=&#8221;1.6em&#8221; global_colors_info=&#8221;{}&#8221;]<\/p>\n<h1><span class=\"cierna\">Frameless direct drive<\/span> torque motors<\/h1>\n<p>[\/et_pb_blurb][\/et_pb_column][\/et_pb_row][et_pb_row column_structure=&#8221;1_2,1_2&#8243; _builder_version=&#8221;4.21.0&#8243; _module_preset=&#8221;default&#8221; global_colors_info=&#8221;{}&#8221;][et_pb_column type=&#8221;1_2&#8243; _builder_version=&#8221;4.21.0&#8243; _module_preset=&#8221;default&#8221; global_colors_info=&#8221;{}&#8221;][et_pb_blurb image=&#8221;https:\/\/almer.sk\/wp-content\/uploads\/2023\/07\/Motory-e1689573291270.png&#8221; alt=&#8221;Motors&#8221; _builder_version=&#8221;4.21.0&#8243; _module_preset=&#8221;default&#8221; width=&#8221;100%&#8221; module_alignment=&#8221;center&#8221; custom_margin=&#8221;||||false|false&#8221; custom_padding=&#8221;|20px|||false|false&#8221; animation=&#8221;off&#8221; global_colors_info=&#8221;{}&#8221;][\/et_pb_blurb][\/et_pb_column][et_pb_column type=&#8221;1_2&#8243; _builder_version=&#8221;4.21.0&#8243; _module_preset=&#8221;default&#8221; global_colors_info=&#8221;{}&#8221;][et_pb_blurb alt=&#8221;4.axis 2.photo&#8221; _builder_version=&#8221;4.21.0&#8243; _module_preset=&#8221;default&#8221; width=&#8221;100%&#8221; max_width=&#8221;100%&#8221; module_alignment=&#8221;center&#8221; custom_margin=&#8221;25px||||false|false&#8221; custom_padding=&#8221;||||false|false&#8221; animation=&#8221;off&#8221; locked=&#8221;off&#8221; global_colors_info=&#8221;{}&#8221;]<\/p>\n<p>Various frame sizes 60-145 mm<\/p>\n<p>Different voltage specifications- 220 V and 48 V<\/p>\n<p>Optional built-in Hall sensor to provide output of feedback signal.<\/p>\n<p>Standard Class F insulation provides operation at higher temperatures.<\/p>\n<p>Aircraft grade carbon fiber protects the rotor at high speed.<\/p>\n<p>[\/et_pb_blurb][\/et_pb_column][\/et_pb_row][et_pb_row _builder_version=&#8221;4.21.0&#8243; _module_preset=&#8221;default&#8221; global_colors_info=&#8221;{}&#8221;][et_pb_column type=&#8221;4_4&#8243; _builder_version=&#8221;4.21.0&#8243; _module_preset=&#8221;default&#8221; global_colors_info=&#8221;{}&#8221;][et_pb_tabs active_tab_background_color=&#8221;#000000&#8243; inactive_tab_background_color=&#8221;#ff0000&#8243; active_tab_text_color=&#8221;#ffffff&#8221; module_id=&#8221;taby&#8221; _builder_version=&#8221;4.21.0&#8243; tab_text_color=&#8221;#ffffff&#8221; tab_font=&#8221;|300|||||||&#8221; tab_font_size=&#8221;16px&#8221; tab_line_height=&#8221;2.8em&#8221; border_width_all=&#8221;0px&#8221; border_color_all=&#8221;rgba(0,0,0,0)&#8221; global_colors_info=&#8221;{}&#8221;][et_pb_tab title=&#8221;Description&#8221; _builder_version=&#8221;4.21.0&#8243; global_colors_info=&#8221;{}&#8221;]<\/p>\n<p>KMF&#8217;s high torque frameless direct drive motors have high torque and torque density. They also have ultra-low cogging torque, extremely low torque fluctuation at low speed, low noise and precise rotary motion for efficient and stable solutions required by mechanical systems.<\/p>\n<p>The KMF frameless direct drive motor uses high power density windings for applications requiring small and compact size, light weight and low inertia. The high-performance NdFeB rotor and carbon fiber packaging material provide an efficient and stable solution for the system.<\/p>\n<p>Several models are available: they cover different frame sizes from 60 mm to 145 mm.<\/p>\n<p>Hall sensor: provides a feedback signal output.<\/p>\n<p>High insulation level: insulation class F (155\u00b0C).<\/p>\n<p>Carbon Fiber Protection: carbon fiber sleeves protect the rotor at high speeds.<\/p>\n<p>Safety Certification:Passed EU CE and North American ETL certification.<\/p>\n<p>Extremely easy to use: the reliable, compact system design is easy to implement.<\/p>\n<p>[\/et_pb_tab][et_pb_tab title=&#8221;Parameters&#8221; _builder_version=&#8221;4.21.0&#8243; global_colors_info=&#8221;{}&#8221;]<\/p>\n<h3>Parameters of engines<\/h3>\n<ul class=\"et_post_gallery clearfix\">\n\t\t\t\t\t<li class=\"et_gallery_item et_pb_gallery_image\">\n\t\t\t\t\t\t<a href=\"https:\/\/almer.sk\/wp-content\/uploads\/2023\/07\/Parametre-motorov-KMF-scaled-e1689572678359.jpg\" title=\"Parametre motorov KMF\">\n\t\t\t\t\t\t\t<span class=\"et_portfolio_image\">\n\t\t\t\t\t\t\t\t<img loading=\"lazy\" decoding=\"async\" width=\"400\" height=\"284\" src=\"https:\/\/almer.sk\/wp-content\/uploads\/2023\/07\/Parametre-motorov-KMF-scaled-e1689572678359-400x284.jpg\" class=\"attachment-et-pb-portfolio-image size-et-pb-portfolio-image\" alt=\"\" \/>\n\t\t\t\t\t\t\t\t<span class=\"et_overlay\"><\/span>\n\t\t\t\t\t\t\t<\/span>\n\t\t\t\t\t\t<\/a>\n\t\t\t\t\t\t<p class=\"et_pb_gallery_caption\">Parametre motorov KMF<\/p>\n\t\t\t\t\t<\/li><li class=\"et_gallery_item et_pb_gallery_image\">\n\t\t\t\t\t\t<a href=\"https:\/\/almer.sk\/wp-content\/uploads\/2023\/07\/T-n-krivky-48VDC.jpg\" title=\"T-n krivky 48VDC\">\n\t\t\t\t\t\t\t<span class=\"et_portfolio_image\">\n\t\t\t\t\t\t\t\t<img loading=\"lazy\" decoding=\"async\" width=\"400\" height=\"284\" src=\"https:\/\/almer.sk\/wp-content\/uploads\/2023\/07\/T-n-krivky-48VDC-400x284.jpg\" class=\"attachment-et-pb-portfolio-image size-et-pb-portfolio-image\" alt=\"\" \/>\n\t\t\t\t\t\t\t\t<span class=\"et_overlay\"><\/span>\n\t\t\t\t\t\t\t<\/span>\n\t\t\t\t\t\t<\/a>\n\t\t\t\t\t\t<p class=\"et_pb_gallery_caption\">T-n krivky 48VDC<\/p>\n\t\t\t\t\t<\/li><li class=\"et_gallery_item et_pb_gallery_image\">\n\t\t\t\t\t\t<a href=\"https:\/\/almer.sk\/wp-content\/uploads\/2023\/07\/T-n-krivky-220VAC.jpg\" title=\"T-n krivky 220VAC\">\n\t\t\t\t\t\t\t<span class=\"et_portfolio_image\">\n\t\t\t\t\t\t\t\t<img loading=\"lazy\" decoding=\"async\" width=\"400\" height=\"284\" src=\"https:\/\/almer.sk\/wp-content\/uploads\/2023\/07\/T-n-krivky-220VAC-400x284.jpg\" class=\"attachment-et-pb-portfolio-image size-et-pb-portfolio-image\" alt=\"\" \/>\n\t\t\t\t\t\t\t\t<span class=\"et_overlay\"><\/span>\n\t\t\t\t\t\t\t<\/span>\n\t\t\t\t\t\t<\/a>\n\t\t\t\t\t\t<p class=\"et_pb_gallery_caption\">T-n krivky 220VAC<\/p>\n\t\t\t\t\t<\/li>\n\t\t\t\t<\/ul>\n<p>[\/et_pb_tab][et_pb_tab title=&#8221;Drawings&#8221; _builder_version=&#8221;4.21.0&#8243; global_colors_info=&#8221;{}&#8221;]<\/p>\n<h3>Engine drawings<\/h3>\n<p><ul class=\"et_post_gallery clearfix\">\n\t\t\t\t\t<li class=\"et_gallery_item et_pb_gallery_image\">\n\t\t\t\t\t\t<a href=\"https:\/\/almer.sk\/wp-content\/uploads\/2023\/07\/KMF-060AMLNN-scaled-e1689572653628.jpg\" title=\"KMF-060AM(L)NN\">\n\t\t\t\t\t\t\t<span class=\"et_portfolio_image\">\n\t\t\t\t\t\t\t\t<img loading=\"lazy\" decoding=\"async\" width=\"400\" height=\"284\" src=\"https:\/\/almer.sk\/wp-content\/uploads\/2023\/07\/KMF-060AMLNN-scaled-e1689572653628-400x284.jpg\" class=\"attachment-et-pb-portfolio-image size-et-pb-portfolio-image\" alt=\"\" \/>\n\t\t\t\t\t\t\t\t<span class=\"et_overlay\"><\/span>\n\t\t\t\t\t\t\t<\/span>\n\t\t\t\t\t\t<\/a>\n\t\t\t\t\t\t<p class=\"et_pb_gallery_caption\">KMF-060AM(L)NN<\/p>\n\t\t\t\t\t<\/li><li class=\"et_gallery_item et_pb_gallery_image\">\n\t\t\t\t\t\t<a href=\"https:\/\/almer.sk\/wp-content\/uploads\/2023\/07\/KMF-076AMLNN-scaled-e1689572618885.jpg\" title=\"KMF-076AM(L)NN\">\n\t\t\t\t\t\t\t<span class=\"et_portfolio_image\">\n\t\t\t\t\t\t\t\t<img loading=\"lazy\" decoding=\"async\" width=\"400\" height=\"284\" src=\"https:\/\/almer.sk\/wp-content\/uploads\/2023\/07\/KMF-076AMLNN-scaled-e1689572618885-400x284.jpg\" class=\"attachment-et-pb-portfolio-image size-et-pb-portfolio-image\" alt=\"\" \/>\n\t\t\t\t\t\t\t\t<span class=\"et_overlay\"><\/span>\n\t\t\t\t\t\t\t<\/span>\n\t\t\t\t\t\t<\/a>\n\t\t\t\t\t\t<p class=\"et_pb_gallery_caption\">KMF-076AM(L)NN<\/p>\n\t\t\t\t\t<\/li><li class=\"et_gallery_item et_pb_gallery_image\">\n\t\t\t\t\t\t<a href=\"https:\/\/almer.sk\/wp-content\/uploads\/2023\/07\/KMF-095AMLNN-scaled-e1689572546249.jpg\" title=\"KMF-095AM(L)NN\">\n\t\t\t\t\t\t\t<span class=\"et_portfolio_image\">\n\t\t\t\t\t\t\t\t<img loading=\"lazy\" decoding=\"async\" width=\"400\" height=\"284\" src=\"https:\/\/almer.sk\/wp-content\/uploads\/2023\/07\/KMF-095AMLNN-scaled-e1689572546249-400x284.jpg\" class=\"attachment-et-pb-portfolio-image size-et-pb-portfolio-image\" alt=\"\" \/>\n\t\t\t\t\t\t\t\t<span class=\"et_overlay\"><\/span>\n\t\t\t\t\t\t\t<\/span>\n\t\t\t\t\t\t<\/a>\n\t\t\t\t\t\t<p class=\"et_pb_gallery_caption\">KMF-095AM(L)NN<\/p>\n\t\t\t\t\t<\/li><li class=\"et_gallery_item et_pb_gallery_image\">\n\t\t\t\t\t\t<a href=\"https:\/\/almer.sk\/wp-content\/uploads\/2023\/07\/KMF-129AMLNN-scaled-e1689572499391.jpg\" title=\"KMF-129AM(L)NN\">\n\t\t\t\t\t\t\t<span class=\"et_portfolio_image\">\n\t\t\t\t\t\t\t\t<img loading=\"lazy\" decoding=\"async\" width=\"400\" height=\"284\" src=\"https:\/\/almer.sk\/wp-content\/uploads\/2023\/07\/KMF-129AMLNN-scaled-e1689572499391-400x284.jpg\" class=\"attachment-et-pb-portfolio-image size-et-pb-portfolio-image\" alt=\"\" \/>\n\t\t\t\t\t\t\t\t<span class=\"et_overlay\"><\/span>\n\t\t\t\t\t\t\t<\/span>\n\t\t\t\t\t\t<\/a>\n\t\t\t\t\t\t<p class=\"et_pb_gallery_caption\">KMF-129AM(L)NN<\/p>\n\t\t\t\t\t<\/li><li class=\"et_gallery_item et_pb_gallery_image\">\n\t\t\t\t\t\t<a href=\"https:\/\/almer.sk\/wp-content\/uploads\/2023\/07\/KMF-145AMLNN-scaled-e1689572589174.jpg\" title=\"KMF-145AM(L)NN\">\n\t\t\t\t\t\t\t<span class=\"et_portfolio_image\">\n\t\t\t\t\t\t\t\t<img loading=\"lazy\" decoding=\"async\" width=\"400\" height=\"284\" src=\"https:\/\/almer.sk\/wp-content\/uploads\/2023\/07\/KMF-145AMLNN-scaled-e1689572589174-400x284.jpg\" class=\"attachment-et-pb-portfolio-image size-et-pb-portfolio-image\" alt=\"\" \/>\n\t\t\t\t\t\t\t\t<span class=\"et_overlay\"><\/span>\n\t\t\t\t\t\t\t<\/span>\n\t\t\t\t\t\t<\/a>\n\t\t\t\t\t\t<p class=\"et_pb_gallery_caption\">KMF-145AM(L)NN<\/p>\n\t\t\t\t\t<\/li>\n\t\t\t\t<\/ul>[\/et_pb_tab][et_pb_tab title=&#8221;3D&#8221; _builder_version=&#8221;4.21.0&#8243; global_colors_info=&#8221;{}&#8221;]<\/p>\n<h3>For 3D output please contact us<\/h3>\n<h4>[et_pb_section global_module=\"1380\"][\/et_pb_section]<\/h4>\n<p>[\/et_pb_tab][et_pb_tab title=&#8221;Model specification&#8221; _builder_version=&#8221;4.21.0&#8243; global_colors_info=&#8221;{}&#8221;]<\/p>\n<h3>Specification of engines<\/h3>\n<p><ul class=\"et_post_gallery clearfix\">\n\t\t\t\t\t<li class=\"et_gallery_item et_pb_gallery_image\">\n\t\t\t\t\t\t<a href=\"https:\/\/almer.sk\/wp-content\/uploads\/2023\/07\/23-Specifikacia-Motory-scaled-e1689572707554.jpg\" title=\"23 S\u030cpecifika\u0301cia Motory\">\n\t\t\t\t\t\t\t<span class=\"et_portfolio_image\">\n\t\t\t\t\t\t\t\t<img loading=\"lazy\" decoding=\"async\" width=\"400\" height=\"284\" src=\"https:\/\/almer.sk\/wp-content\/uploads\/2023\/07\/23-Specifikacia-Motory-scaled-e1689572707554-400x284.jpg\" class=\"attachment-et-pb-portfolio-image size-et-pb-portfolio-image\" alt=\"\" \/>\n\t\t\t\t\t\t\t\t<span class=\"et_overlay\"><\/span>\n\t\t\t\t\t\t\t<\/span>\n\t\t\t\t\t\t<\/a>\n\t\t\t\t\t\t<p class=\"et_pb_gallery_caption\">23 S\u030cpecifika\u0301cia Motory<\/p>\n\t\t\t\t\t<\/li>\n\t\t\t\t<\/ul>[\/et_pb_tab][et_pb_tab title=&#8221;Product inquiry&#8221; _builder_version=&#8221;4.21.0&#8243; global_colors_info=&#8221;{}&#8221;]<\/p>\n<p>Please contact our technical sales team for pricing, datasheets, technical drawings (2D\/3D), hardware and software manuals or any other technical information for your applications&#8230;<\/p>\n[et_pb_section global_module=\"1380\"][\/et_pb_section]\n<p>[\/et_pb_tab][\/et_pb_tabs][\/et_pb_column][\/et_pb_row][\/et_pb_section]<\/p>\n","protected":false},"excerpt":{"rendered":"<p>&gt; Home \/ MotorsFrameless direct drive torque motorsVarious frame sizes 60-145 mm Different voltage specifications- 220 V and 48 V Optional built-in Hall sensor to provide output of feedback signal. Standard Class F insulation provides operation at higher temperatures. Aircraft grade carbon fiber protects the rotor at high speed.KMF&#8217;s high torque frameless direct drive motors [&hellip;]<\/p>\n","protected":false},"author":1,"featured_media":0,"parent":0,"menu_order":0,"comment_status":"closed","ping_status":"closed","template":"","meta":{"_et_pb_use_builder":"on","_et_pb_old_content":"","_et_gb_content_width":"","footnotes":""},"class_list":["post-3635","page","type-page","status-publish","hentry"],"yoast_head":"<!-- This site is optimized with the Yoast SEO plugin v26.6 - https:\/\/yoast.com\/wordpress\/plugins\/seo\/ -->\n<title>Motors - Almer.sk<\/title>\n<meta name=\"robots\" content=\"index, follow, max-snippet:-1, max-image-preview:large, max-video-preview:-1\" \/>\n<link rel=\"canonical\" href=\"https:\/\/almer.sk\/en\/motors\/\" \/>\n<meta property=\"og:locale\" content=\"en_US\" \/>\n<meta property=\"og:type\" content=\"article\" \/>\n<meta property=\"og:title\" content=\"Motors - Almer.sk\" \/>\n<meta property=\"og:description\" content=\"&gt; Home \/ MotorsFrameless direct drive torque motorsVarious frame sizes 60-145 mm Different voltage specifications- 220 V and 48 V Optional built-in Hall sensor to provide output of feedback signal. Standard Class F insulation provides operation at higher temperatures. Aircraft grade carbon fiber protects the rotor at high speed.KMF&#039;s high torque frameless direct drive motors [&hellip;]\" \/>\n<meta property=\"og:url\" content=\"https:\/\/almer.sk\/en\/motors\/\" \/>\n<meta property=\"og:site_name\" content=\"Almer.sk\" \/>\n<meta property=\"article:modified_time\" content=\"2023-09-18T10:44:26+00:00\" \/>\n<meta name=\"twitter:card\" content=\"summary_large_image\" \/>\n<meta name=\"twitter:label1\" content=\"Est. reading time\" \/>\n\t<meta name=\"twitter:data1\" content=\"2 minutes\" \/>\n<script type=\"application\/ld+json\" class=\"yoast-schema-graph\">{\"@context\":\"https:\/\/schema.org\",\"@graph\":[{\"@type\":\"WebPage\",\"@id\":\"https:\/\/almer.sk\/en\/motors\/\",\"url\":\"https:\/\/almer.sk\/en\/motors\/\",\"name\":\"Motors - Almer.sk\",\"isPartOf\":{\"@id\":\"https:\/\/almer.sk\/en\/#website\"},\"datePublished\":\"2023-06-15T06:52:15+00:00\",\"dateModified\":\"2023-09-18T10:44:26+00:00\",\"breadcrumb\":{\"@id\":\"https:\/\/almer.sk\/en\/motors\/#breadcrumb\"},\"inLanguage\":\"en-US\",\"potentialAction\":[{\"@type\":\"ReadAction\",\"target\":[\"https:\/\/almer.sk\/en\/motors\/\"]}]},{\"@type\":\"BreadcrumbList\",\"@id\":\"https:\/\/almer.sk\/en\/motors\/#breadcrumb\",\"itemListElement\":[{\"@type\":\"ListItem\",\"position\":1,\"name\":\"Home\",\"item\":\"https:\/\/almer.sk\/en\/home\/\"},{\"@type\":\"ListItem\",\"position\":2,\"name\":\"Motors\"}]},{\"@type\":\"WebSite\",\"@id\":\"https:\/\/almer.sk\/en\/#website\",\"url\":\"https:\/\/almer.sk\/en\/\",\"name\":\"Almer.sk\",\"description\":\"Technologick\u00fd l\u00edder v oblasti presn\u00fdch prevodoviek\",\"potentialAction\":[{\"@type\":\"SearchAction\",\"target\":{\"@type\":\"EntryPoint\",\"urlTemplate\":\"https:\/\/almer.sk\/en\/?s={search_term_string}\"},\"query-input\":{\"@type\":\"PropertyValueSpecification\",\"valueRequired\":true,\"valueName\":\"search_term_string\"}}],\"inLanguage\":\"en-US\"}]}<\/script>\n<!-- \/ Yoast SEO plugin. -->","yoast_head_json":{"title":"Motors - Almer.sk","robots":{"index":"index","follow":"follow","max-snippet":"max-snippet:-1","max-image-preview":"max-image-preview:large","max-video-preview":"max-video-preview:-1"},"canonical":"https:\/\/almer.sk\/en\/motors\/","og_locale":"en_US","og_type":"article","og_title":"Motors - Almer.sk","og_description":"&gt; Home \/ MotorsFrameless direct drive torque motorsVarious frame sizes 60-145 mm Different voltage specifications- 220 V and 48 V Optional built-in Hall sensor to provide output of feedback signal. Standard Class F insulation provides operation at higher temperatures. Aircraft grade carbon fiber protects the rotor at high speed.KMF's high torque frameless direct drive motors [&hellip;]","og_url":"https:\/\/almer.sk\/en\/motors\/","og_site_name":"Almer.sk","article_modified_time":"2023-09-18T10:44:26+00:00","twitter_card":"summary_large_image","twitter_misc":{"Est. reading time":"2 minutes"},"schema":{"@context":"https:\/\/schema.org","@graph":[{"@type":"WebPage","@id":"https:\/\/almer.sk\/en\/motors\/","url":"https:\/\/almer.sk\/en\/motors\/","name":"Motors - Almer.sk","isPartOf":{"@id":"https:\/\/almer.sk\/en\/#website"},"datePublished":"2023-06-15T06:52:15+00:00","dateModified":"2023-09-18T10:44:26+00:00","breadcrumb":{"@id":"https:\/\/almer.sk\/en\/motors\/#breadcrumb"},"inLanguage":"en-US","potentialAction":[{"@type":"ReadAction","target":["https:\/\/almer.sk\/en\/motors\/"]}]},{"@type":"BreadcrumbList","@id":"https:\/\/almer.sk\/en\/motors\/#breadcrumb","itemListElement":[{"@type":"ListItem","position":1,"name":"Home","item":"https:\/\/almer.sk\/en\/home\/"},{"@type":"ListItem","position":2,"name":"Motors"}]},{"@type":"WebSite","@id":"https:\/\/almer.sk\/en\/#website","url":"https:\/\/almer.sk\/en\/","name":"Almer.sk","description":"Technologick\u00fd l\u00edder v oblasti presn\u00fdch prevodoviek","potentialAction":[{"@type":"SearchAction","target":{"@type":"EntryPoint","urlTemplate":"https:\/\/almer.sk\/en\/?s={search_term_string}"},"query-input":{"@type":"PropertyValueSpecification","valueRequired":true,"valueName":"search_term_string"}}],"inLanguage":"en-US"}]}},"_links":{"self":[{"href":"https:\/\/almer.sk\/en\/wp-json\/wp\/v2\/pages\/3635","targetHints":{"allow":["GET"]}}],"collection":[{"href":"https:\/\/almer.sk\/en\/wp-json\/wp\/v2\/pages"}],"about":[{"href":"https:\/\/almer.sk\/en\/wp-json\/wp\/v2\/types\/page"}],"author":[{"embeddable":true,"href":"https:\/\/almer.sk\/en\/wp-json\/wp\/v2\/users\/1"}],"replies":[{"embeddable":true,"href":"https:\/\/almer.sk\/en\/wp-json\/wp\/v2\/comments?post=3635"}],"version-history":[{"count":6,"href":"https:\/\/almer.sk\/en\/wp-json\/wp\/v2\/pages\/3635\/revisions"}],"predecessor-version":[{"id":6635,"href":"https:\/\/almer.sk\/en\/wp-json\/wp\/v2\/pages\/3635\/revisions\/6635"}],"wp:attachment":[{"href":"https:\/\/almer.sk\/en\/wp-json\/wp\/v2\/media?parent=3635"}],"curies":[{"name":"wp","href":"https:\/\/api.w.org\/{rel}","templated":true}]}}