{"id":3632,"date":"2020-02-17T14:11:13","date_gmt":"2020-02-17T13:11:13","guid":{"rendered":"https:\/\/almer.sk\/home\/"},"modified":"2023-08-31T10:57:29","modified_gmt":"2023-08-31T08:57:29","slug":"home","status":"publish","type":"page","link":"https:\/\/almer.sk\/en\/","title":{"rendered":"Home"},"content":{"rendered":"<p>[et_pb_section fb_built=&#8221;1&#8243; fullwidth=&#8221;on&#8221; disabled_on=&#8221;off|off|off&#8221; _builder_version=&#8221;4.21.0&#8243; _module_preset=&#8221;default&#8221; border_width_top=&#8221;5px&#8221; border_color_top=&#8221;#FF0000&#8243; border_width_bottom=&#8221;5px&#8221; border_color_bottom=&#8221;#FF0000&#8243; global_colors_info=&#8221;{}&#8221;][et_pb_fullwidth_slider _builder_version=&#8221;4.21.0&#8243; _module_preset=&#8221;default&#8221; content_width=&#8221;65%&#8221; max_height=&#8221;500px&#8221; custom_margin_tablet=&#8221;&#8221; custom_margin_phone=&#8221;||0px||false|false&#8221; custom_margin_last_edited=&#8221;on|phone&#8221; global_colors_info=&#8221;{}&#8221;][et_pb_slide heading=&#8221;Introducing the world technology leader in precision gearboxes&#8221; use_bg_overlay=&#8221;off&#8221; use_text_overlay=&#8221;on&#8221; _builder_version=&#8221;4.21.0&#8243; _module_preset=&#8221;default&#8221; header_font_size=&#8221;35px&#8221; background_image=&#8221;https:\/\/almer.sk\/wp-content\/uploads\/2020\/02\/slider1.jpg&#8221; background_enable_image=&#8221;on&#8221; width=&#8221;100%&#8221; max_width=&#8221;100%&#8221; header_text_color_tablet=&#8221;&#8221; header_text_color_phone=&#8221;&#8221; header_text_color_last_edited=&#8221;on|phone&#8221; header_font_size_tablet=&#8221;35px&#8221; header_font_size_phone=&#8221;22px&#8221; header_font_size_last_edited=&#8221;on|phone&#8221; background_last_edited=&#8221;on|desktop&#8221; background_enable_color_phone=&#8221;off&#8221; background_image_phone=&#8221;https:\/\/almer.sk\/wp-content\/uploads\/2020\/04\/slider1-mobile.jpg&#8221; background_enable_image_phone=&#8221;on&#8221; global_colors_info=&#8221;{}&#8221; sticky_transition=&#8221;on&#8221;][\/et_pb_slide][et_pb_slide heading=&#8221;New generation of reduction gearboxes &#8211; Model Y&#8221; use_text_overlay=&#8221;on&#8221; _builder_version=&#8221;4.21.0&#8243; _module_preset=&#8221;default&#8221; background_enable_color=&#8221;off&#8221; background_image=&#8221;https:\/\/almer.sk\/wp-content\/uploads\/2020\/03\/slider-2-new.jpg&#8221; background_enable_image=&#8221;on&#8221; width=&#8221;100%&#8221; max_width=&#8221;100%&#8221; background_last_edited=&#8221;on|phone&#8221; background_image_phone=&#8221;https:\/\/almer.sk\/wp-content\/uploads\/2020\/04\/slider-2-mobile.jpg&#8221; background_enable_image_phone=&#8221;on&#8221; global_colors_info=&#8221;{}&#8221; sticky_transition=&#8221;on&#8221;]<\/p>\n<p>World&#8217;s first harmonic reducer to achieve transmission accuracy to 10 arcsec<\/p>\n<p>Model Y lifetime extended to over 20,000 hours<\/p>\n<p>[\/et_pb_slide][et_pb_slide use_bg_overlay=&#8221;off&#8221; use_text_overlay=&#8221;on&#8221; text_overlay_color=&#8221;#000000&#8243; text_overlay_color_tablet=&#8221;#000000&#8243; text_overlay_color_phone=&#8221;rgba(10,10,10,0.54)&#8221; text_overlay_color_last_edited=&#8221;on|phone&#8221; _builder_version=&#8221;4.21.0&#8243; _module_preset=&#8221;default&#8221; body_font_size=&#8221;20px&#8221; background_enable_color=&#8221;off&#8221; background_image=&#8221;https:\/\/almer.sk\/wp-content\/uploads\/2020\/03\/gears.jpg&#8221; background_enable_image=&#8221;on&#8221; width=&#8221;100%&#8221; max_width=&#8221;100%&#8221; global_colors_info=&#8221;{}&#8221; sticky_transition=&#8221;on&#8221;]<\/p>\n<p style=\"font-weight: 400;\">Technical engineering and support<\/p>\n<p style=\"font-weight: 400;\">Research and development<\/p>\n<p style=\"font-weight: 400;\">Product customisation<\/p>\n<p style=\"font-weight: 400;\">Best delivery times<\/p>\n<p style=\"font-weight: 400;\">Complex solutions for rotational movements<\/p>\n<p>[\/et_pb_slide][\/et_pb_fullwidth_slider][\/et_pb_section][et_pb_section fb_built=&#8221;1&#8243; disabled_on=&#8221;off|off|off&#8221; _builder_version=&#8221;4.21.0&#8243; global_colors_info=&#8221;{}&#8221;][et_pb_row column_structure=&#8221;1_3,1_3,1_3&#8243; use_custom_gutter=&#8221;on&#8221; gutter_width=&#8221;2&#8243; _builder_version=&#8221;4.21.0&#8243; global_colors_info=&#8221;{}&#8221;][et_pb_column type=&#8221;1_3&#8243; _builder_version=&#8221;4.16&#8243; global_colors_info=&#8221;{}&#8221;][et_pb_blurb title=&#8221;Harmonic gearboxes&#8221; url=&#8221;https:\/\/almer.sk\/en\/harmonic-gearboxes\/&#8221; admin_label=&#8221;Blurb&#8221; _builder_version=&#8221;4.21.0&#8243; _module_preset=&#8221;default&#8221; header_font=&#8221;|||on|||||&#8221; header_text_align=&#8221;center&#8221; header_text_color=&#8221;#000000&#8243; global_colors_info=&#8221;{}&#8221;][\/et_pb_blurb][et_pb_blurb url=&#8221;https:\/\/almer.sk\/en\/harmonic-gearboxes\/&#8221; image=&#8221;https:\/\/almer.sk\/wp-content\/uploads\/2023\/06\/Slide-New-Gener.png&#8221; image_icon_width=&#8221;80%&#8221; _builder_version=&#8221;4.21.0&#8243; header_font=&#8221;|||on|||||&#8221; header_text_color=&#8221;#ff0000&#8243; header_font_size=&#8221;16px&#8221; text_orientation=&#8221;center&#8221; animation=&#8221;off&#8221; link_option_url=&#8221;https:\/\/almer.sk\/strain-wave-gears\/&#8221; global_colors_info=&#8221;{}&#8221;][\/et_pb_blurb][\/et_pb_column][et_pb_column type=&#8221;1_3&#8243; _builder_version=&#8221;4.16&#8243; global_colors_info=&#8221;{}&#8221;][et_pb_blurb title=&#8221;CNC Rotary Tables&#8221; url=&#8221;https:\/\/almer.sk\/en\/cnc-rotary-tables\/&#8221; _builder_version=&#8221;4.21.0&#8243; _module_preset=&#8221;default&#8221; header_font=&#8221;|||on|||||&#8221; header_text_align=&#8221;center&#8221; header_text_color=&#8221;#000000&#8243; global_colors_info=&#8221;{}&#8221;][\/et_pb_blurb][et_pb_blurb url=&#8221;https:\/\/almer.sk\/en\/cnc-rotary-tables\/&#8221; image=&#8221;https:\/\/almer.sk\/wp-content\/uploads\/2023\/06\/Kfr-320-5th-axis.png&#8221; image_icon_width=&#8221;90%&#8221; _builder_version=&#8221;4.21.0&#8243; header_font=&#8221;|||on|||||&#8221; header_text_color=&#8221;#ff0000&#8243; header_font_size=&#8221;16px&#8221; text_orientation=&#8221;center&#8221; animation=&#8221;off&#8221; link_option_url=&#8221;https:\/\/almer.sk\/en\/cnc-rotary-tables\/&#8221; global_colors_info=&#8221;{}&#8221;][\/et_pb_blurb][\/et_pb_column][et_pb_column type=&#8221;1_3&#8243; _builder_version=&#8221;4.16&#8243; global_colors_info=&#8221;{}&#8221;][et_pb_blurb title=&#8221;Rotary actuators&#8221; url=&#8221;https:\/\/almer.sk\/en\/rotary-actuators\/&#8221; _builder_version=&#8221;4.21.0&#8243; _module_preset=&#8221;default&#8221; header_font=&#8221;|||on|||||&#8221; header_text_align=&#8221;center&#8221; header_text_color=&#8221;#000000&#8243; link_option_url=&#8221;https:\/\/almer.sk\/en\/rotary-actuators\/&#8221; global_colors_info=&#8221;{}&#8221;][\/et_pb_blurb][et_pb_blurb url=&#8221;https:\/\/almer.sk\/en\/rotary-actuators\/&#8221; image=&#8221;https:\/\/almer.sk\/wp-content\/uploads\/2023\/06\/actuator-AAT.gif&#8221; image_icon_width=&#8221;80%&#8221; _builder_version=&#8221;4.21.0&#8243; header_font=&#8221;|||on|||||&#8221; header_text_color=&#8221;#ff0000&#8243; header_font_size=&#8221;16px&#8221; text_orientation=&#8221;center&#8221; animation=&#8221;off&#8221; link_option_url=&#8221;https:\/\/almer.sk\/en\/rotary-actuators\/&#8221; global_colors_info=&#8221;{}&#8221;][\/et_pb_blurb][\/et_pb_column][\/et_pb_row][et_pb_row column_structure=&#8221;1_3,1_3,1_3&#8243; use_custom_gutter=&#8221;on&#8221; gutter_width=&#8221;2&#8243; make_equal=&#8221;on&#8221; _builder_version=&#8221;4.21.0&#8243; global_colors_info=&#8221;{}&#8221;][et_pb_column type=&#8221;1_3&#8243; _builder_version=&#8221;4.16&#8243; global_colors_info=&#8221;{}&#8221;][et_pb_blurb title=&#8221;Planetary gearboxes&#8221; url=&#8221;https:\/\/almer.sk\/en\/planetary-gearboxes\/&#8221; admin_label=&#8221;Blurb&#8221; _builder_version=&#8221;4.21.0&#8243; _module_preset=&#8221;default&#8221; header_font=&#8221;|||on|||||&#8221; header_text_align=&#8221;center&#8221; header_text_color=&#8221;#000000&#8243; link_option_url=&#8221;https:\/\/almer.sk\/en\/planetary-gearboxes\/&#8221; global_colors_info=&#8221;{}&#8221;][\/et_pb_blurb][et_pb_blurb url=&#8221;https:\/\/almer.sk\/en\/planetary-gearboxes\/&#8221; image=&#8221;https:\/\/almer.sk\/wp-content\/uploads\/2023\/06\/Priame-prevodovky-e1686811016163.png&#8221; alt=&#8221;Direct gearboxes&#8221; image_icon_width=&#8221;80%&#8221; _builder_version=&#8221;4.21.0&#8243; header_font=&#8221;|||on|||||&#8221; header_text_color=&#8221;#ff0000&#8243; header_font_size=&#8221;16px&#8221; text_orientation=&#8221;center&#8221; width=&#8221;100%&#8221; max_width=&#8221;100%&#8221; module_alignment=&#8221;center&#8221; animation=&#8221;off&#8221; link_option_url=&#8221;https:\/\/almer.sk\/en\/planetary-gearboxes\/&#8221; global_colors_info=&#8221;{}&#8221;][\/et_pb_blurb][\/et_pb_column][et_pb_column type=&#8221;1_3&#8243; _builder_version=&#8221;4.16&#8243; global_colors_info=&#8221;{}&#8221;][et_pb_blurb title=&#8221;Motors&#8221; url=&#8221;https:\/\/almer.sk\/en\/engines\/&#8221; _builder_version=&#8221;4.21.0&#8243; _module_preset=&#8221;default&#8221; header_font=&#8221;|||on|||||&#8221; header_text_align=&#8221;center&#8221; header_text_color=&#8221;#000000&#8243; link_option_url=&#8221;https:\/\/almer.sk\/en\/engines\/&#8221; global_colors_info=&#8221;{}&#8221;][\/et_pb_blurb][et_pb_blurb url=&#8221;https:\/\/almer.sk\/en\/engines\/&#8221; image=&#8221;https:\/\/almer.sk\/wp-content\/uploads\/2023\/06\/Motory.png&#8221; image_icon_width=&#8221;79%&#8221; _builder_version=&#8221;4.21.0&#8243; header_font=&#8221;|||on|||||&#8221; header_text_color=&#8221;#ff0000&#8243; header_font_size=&#8221;16px&#8221; text_orientation=&#8221;center&#8221; animation=&#8221;off&#8221; link_option_url=&#8221;https:\/\/almer.sk\/en\/engines\/&#8221; global_colors_info=&#8221;{}&#8221;][\/et_pb_blurb][\/et_pb_column][et_pb_column type=&#8221;1_3&#8243; _builder_version=&#8221;4.16&#8243; global_colors_info=&#8221;{}&#8221;][et_pb_blurb title=&#8221;Integrated products&#8221; url=&#8221;https:\/\/almer.sk\/en\/integrated-products\/&#8221; _builder_version=&#8221;4.21.0&#8243; _module_preset=&#8221;default&#8221; header_font=&#8221;|||on|||||&#8221; header_text_align=&#8221;center&#8221; header_text_color=&#8221;#000000&#8243; link_option_url=&#8221;https:\/\/almer.sk\/en\/integrated-products\/&#8221; global_colors_info=&#8221;{}&#8221;][\/et_pb_blurb][et_pb_blurb url=&#8221;https:\/\/almer.sk\/en\/integrated-products\/&#8221; image=&#8221;https:\/\/almer.sk\/wp-content\/uploads\/2023\/07\/5-osovy-vodnolucovy-rotator-AC.png&#8221; alt=&#8221;5-axis waterjet rotator &#8211; AC&#8221; image_icon_width=&#8221;79%&#8221; _builder_version=&#8221;4.21.0&#8243; header_font=&#8221;|||on|||||&#8221; header_text_color=&#8221;#ff0000&#8243; header_font_size=&#8221;16px&#8221; text_orientation=&#8221;center&#8221; animation=&#8221;off&#8221; link_option_url=&#8221;https:\/\/almer.sk\/en\/integrated-products\/&#8221; global_colors_info=&#8221;{}&#8221;][\/et_pb_blurb][\/et_pb_column][\/et_pb_row][\/et_pb_section][et_pb_section fb_built=&#8221;1&#8243; _builder_version=&#8221;4.21.0&#8243; _module_preset=&#8221;default&#8221; custom_margin=&#8221;||||false|false&#8221; custom_padding=&#8221;0px||0px||false|false&#8221; border_width_top=&#8221;5px&#8221; border_color_top=&#8221;#FF0000&#8243; border_width_bottom=&#8221;5px&#8221; border_color_bottom=&#8221;#FF0000&#8243; global_colors_info=&#8221;{}&#8221;][et_pb_row column_structure=&#8221;1_3,1_3,1_3&#8243; _builder_version=&#8221;4.21.0&#8243; _module_preset=&#8221;default&#8221; background_image=&#8221;https:\/\/almer.sk\/wp-content\/uploads\/2020\/02\/gears-1.jpg&#8221; parallax=&#8221;on&#8221; width=&#8221;100%&#8221; max_width=&#8221;2560px&#8221; global_colors_info=&#8221;{}&#8221;][et_pb_column type=&#8221;1_3&#8243; _builder_version=&#8221;4.21.0&#8243; _module_preset=&#8221;default&#8221; global_colors_info=&#8221;{}&#8221;][et_pb_number_counter title=&#8221;customer satisfaction&#8221; number=&#8221;100&#8243; _builder_version=&#8221;4.21.0&#8243; _module_preset=&#8221;default&#8221; title_text_color=&#8221;#FFFFFF&#8221; number_text_color=&#8221;#FFFFFF&#8221; global_colors_info=&#8221;{}&#8221;][\/et_pb_number_counter][\/et_pb_column][et_pb_column type=&#8221;1_3&#8243; _builder_version=&#8221;4.21.0&#8243; _module_preset=&#8221;default&#8221; global_colors_info=&#8221;{}&#8221;][et_pb_number_counter title=&#8221;years of experience&#8221; number=&#8221;15&#8243; percent_sign=&#8221;off&#8221; _builder_version=&#8221;4.21.0&#8243; _module_preset=&#8221;default&#8221; title_text_color=&#8221;#FFFFFF&#8221; number_text_color=&#8221;#FFFFFF&#8221; global_colors_info=&#8221;{}&#8221;][\/et_pb_number_counter][\/et_pb_column][et_pb_column type=&#8221;1_3&#8243; _builder_version=&#8221;4.21.0&#8243; _module_preset=&#8221;default&#8221; global_colors_info=&#8221;{}&#8221;][et_pb_number_counter title=&#8221;products in stock&#8221; number=&#8221;300&#8243; percent_sign=&#8221;off&#8221; _builder_version=&#8221;4.21.0&#8243; _module_preset=&#8221;default&#8221; title_text_color=&#8221;#FFFFFF&#8221; number_text_color=&#8221;#FFFFFF&#8221; global_colors_info=&#8221;{}&#8221;][\/et_pb_number_counter][\/et_pb_column][\/et_pb_row][\/et_pb_section]<\/p>\n","protected":false},"excerpt":{"rendered":"<p>World&#8217;s first harmonic reducer to achieve transmission accuracy to 10 arcsec Model Y lifetime extended to over 20,000 hoursTechnical engineering and support Research and development Product customisation Best delivery times Complex solutions for rotational movements<\/p>\n","protected":false},"author":1,"featured_media":0,"parent":0,"menu_order":0,"comment_status":"closed","ping_status":"closed","template":"","meta":{"_et_pb_use_builder":"on","_et_pb_old_content":"","_et_gb_content_width":"","footnotes":""},"class_list":["post-3632","page","type-page","status-publish","hentry"],"yoast_head":"<!-- This site is optimized with the Yoast SEO plugin v26.6 - https:\/\/yoast.com\/wordpress\/plugins\/seo\/ -->\n<title>Harmonic gearboxes and actuators - Almer.sk<\/title>\n<meta name=\"description\" content=\"Harmonic gearboxes and actuators. Introducing the global technology leader in the field of precision gearboxes. Almer.sk.\" \/>\n<meta name=\"robots\" content=\"index, follow, max-snippet:-1, max-image-preview:large, max-video-preview:-1\" \/>\n<link rel=\"canonical\" href=\"https:\/\/almer.sk\/en\/\" \/>\n<meta property=\"og:locale\" content=\"en_US\" \/>\n<meta property=\"og:type\" content=\"article\" \/>\n<meta property=\"og:title\" content=\"Harmonic gearboxes and actuators - Almer.sk\" \/>\n<meta property=\"og:description\" content=\"Harmonic gearboxes and actuators. Introducing the global technology leader in the field of precision gearboxes. Almer.sk.\" \/>\n<meta property=\"og:url\" content=\"https:\/\/almer.sk\/en\/\" \/>\n<meta property=\"og:site_name\" content=\"Almer.sk\" \/>\n<meta property=\"article:modified_time\" content=\"2023-08-31T08:57:29+00:00\" \/>\n<meta name=\"twitter:card\" content=\"summary_large_image\" \/>\n<meta name=\"twitter:label1\" content=\"Est. reading time\" \/>\n\t<meta name=\"twitter:data1\" content=\"6 minutes\" \/>\n<script type=\"application\/ld+json\" class=\"yoast-schema-graph\">{\"@context\":\"https:\/\/schema.org\",\"@graph\":[{\"@type\":\"WebPage\",\"@id\":\"https:\/\/almer.sk\/en\/\",\"url\":\"https:\/\/almer.sk\/en\/\",\"name\":\"Harmonic gearboxes and actuators - Almer.sk\",\"isPartOf\":{\"@id\":\"https:\/\/almer.sk\/en\/#website\"},\"datePublished\":\"2020-02-17T13:11:13+00:00\",\"dateModified\":\"2023-08-31T08:57:29+00:00\",\"description\":\"Harmonic gearboxes and actuators. Introducing the global technology leader in the field of precision gearboxes. Almer.sk.\",\"breadcrumb\":{\"@id\":\"https:\/\/almer.sk\/en\/#breadcrumb\"},\"inLanguage\":\"en-US\",\"potentialAction\":[{\"@type\":\"ReadAction\",\"target\":[\"https:\/\/almer.sk\/en\/\"]}]},{\"@type\":\"BreadcrumbList\",\"@id\":\"https:\/\/almer.sk\/en\/#breadcrumb\",\"itemListElement\":[{\"@type\":\"ListItem\",\"position\":1,\"name\":\"Home\",\"item\":\"https:\/\/almer.sk\/en\/home\/\"},{\"@type\":\"ListItem\",\"position\":2,\"name\":\"Home\"}]},{\"@type\":\"WebSite\",\"@id\":\"https:\/\/almer.sk\/en\/#website\",\"url\":\"https:\/\/almer.sk\/en\/\",\"name\":\"Almer.sk\",\"description\":\"Technologick\u00fd l\u00edder v oblasti presn\u00fdch prevodoviek\",\"potentialAction\":[{\"@type\":\"SearchAction\",\"target\":{\"@type\":\"EntryPoint\",\"urlTemplate\":\"https:\/\/almer.sk\/en\/?s={search_term_string}\"},\"query-input\":{\"@type\":\"PropertyValueSpecification\",\"valueRequired\":true,\"valueName\":\"search_term_string\"}}],\"inLanguage\":\"en-US\"}]}<\/script>\n<!-- \/ Yoast SEO plugin. -->","yoast_head_json":{"title":"Harmonic gearboxes and actuators - Almer.sk","description":"Harmonic gearboxes and actuators. Introducing the global technology leader in the field of precision gearboxes. Almer.sk.","robots":{"index":"index","follow":"follow","max-snippet":"max-snippet:-1","max-image-preview":"max-image-preview:large","max-video-preview":"max-video-preview:-1"},"canonical":"https:\/\/almer.sk\/en\/","og_locale":"en_US","og_type":"article","og_title":"Harmonic gearboxes and actuators - Almer.sk","og_description":"Harmonic gearboxes and actuators. Introducing the global technology leader in the field of precision gearboxes. Almer.sk.","og_url":"https:\/\/almer.sk\/en\/","og_site_name":"Almer.sk","article_modified_time":"2023-08-31T08:57:29+00:00","twitter_card":"summary_large_image","twitter_misc":{"Est. reading time":"6 minutes"},"schema":{"@context":"https:\/\/schema.org","@graph":[{"@type":"WebPage","@id":"https:\/\/almer.sk\/en\/","url":"https:\/\/almer.sk\/en\/","name":"Harmonic gearboxes and actuators - Almer.sk","isPartOf":{"@id":"https:\/\/almer.sk\/en\/#website"},"datePublished":"2020-02-17T13:11:13+00:00","dateModified":"2023-08-31T08:57:29+00:00","description":"Harmonic gearboxes and actuators. Introducing the global technology leader in the field of precision gearboxes. Almer.sk.","breadcrumb":{"@id":"https:\/\/almer.sk\/en\/#breadcrumb"},"inLanguage":"en-US","potentialAction":[{"@type":"ReadAction","target":["https:\/\/almer.sk\/en\/"]}]},{"@type":"BreadcrumbList","@id":"https:\/\/almer.sk\/en\/#breadcrumb","itemListElement":[{"@type":"ListItem","position":1,"name":"Home","item":"https:\/\/almer.sk\/en\/home\/"},{"@type":"ListItem","position":2,"name":"Home"}]},{"@type":"WebSite","@id":"https:\/\/almer.sk\/en\/#website","url":"https:\/\/almer.sk\/en\/","name":"Almer.sk","description":"Technologick\u00fd l\u00edder v oblasti presn\u00fdch prevodoviek","potentialAction":[{"@type":"SearchAction","target":{"@type":"EntryPoint","urlTemplate":"https:\/\/almer.sk\/en\/?s={search_term_string}"},"query-input":{"@type":"PropertyValueSpecification","valueRequired":true,"valueName":"search_term_string"}}],"inLanguage":"en-US"}]}},"_links":{"self":[{"href":"https:\/\/almer.sk\/en\/wp-json\/wp\/v2\/pages\/3632","targetHints":{"allow":["GET"]}}],"collection":[{"href":"https:\/\/almer.sk\/en\/wp-json\/wp\/v2\/pages"}],"about":[{"href":"https:\/\/almer.sk\/en\/wp-json\/wp\/v2\/types\/page"}],"author":[{"embeddable":true,"href":"https:\/\/almer.sk\/en\/wp-json\/wp\/v2\/users\/1"}],"replies":[{"embeddable":true,"href":"https:\/\/almer.sk\/en\/wp-json\/wp\/v2\/comments?post=3632"}],"version-history":[{"count":6,"href":"https:\/\/almer.sk\/en\/wp-json\/wp\/v2\/pages\/3632\/revisions"}],"predecessor-version":[{"id":6503,"href":"https:\/\/almer.sk\/en\/wp-json\/wp\/v2\/pages\/3632\/revisions\/6503"}],"wp:attachment":[{"href":"https:\/\/almer.sk\/en\/wp-json\/wp\/v2\/media?parent=3632"}],"curies":[{"name":"wp","href":"https:\/\/api.w.org\/{rel}","templated":true}]}}