{"id":3624,"date":"2020-02-17T14:32:49","date_gmt":"2020-02-17T13:32:49","guid":{"rendered":"https:\/\/almer.sk\/about-us\/"},"modified":"2023-07-28T10:15:40","modified_gmt":"2023-07-28T08:15:40","slug":"about-us","status":"publish","type":"page","link":"https:\/\/almer.sk\/en\/about-us\/","title":{"rendered":"About us"},"content":{"rendered":"<p>[et_pb_section fb_built=&#8221;1&#8243; _builder_version=&#8221;4.16&#8243; global_colors_info=&#8221;{}&#8221;][et_pb_row _builder_version=&#8221;4.16&#8243; global_colors_info=&#8221;{}&#8221;][et_pb_column type=&#8221;4_4&#8243; _builder_version=&#8221;4.16&#8243; global_colors_info=&#8221;{}&#8221;][et_pb_blurb content_max_width=&#8221;1100px&#8221; _builder_version=&#8221;4.21.0&#8243; hover_enabled=&#8221;0&#8243; global_colors_info=&#8221;{}&#8221; sticky_enabled=&#8221;0&#8243;]<\/p>\n<p> <a class=\"bread\" href=\"https:\/\/almer.sk\/en\/\">&gt; Home<\/a> \/ About us<\/p>\n<p>[\/et_pb_blurb][\/et_pb_column][\/et_pb_row][et_pb_row _builder_version=&#8221;4.16&#8243; global_colors_info=&#8221;{}&#8221;][et_pb_column type=&#8221;4_4&#8243; _builder_version=&#8221;4.16&#8243; global_colors_info=&#8221;{}&#8221;][et_pb_blurb _builder_version=&#8221;4.21.0&#8243; body_font=&#8221;|||on|||||&#8221; body_text_align=&#8221;center&#8221; body_text_color=&#8221;#ff0000&#8243; body_font_size=&#8221;30px&#8221; hover_enabled=&#8221;0&#8243; global_colors_info=&#8221;{}&#8221; sticky_enabled=&#8221;0&#8243;]<\/p>\n<h1 style=\"text-align: center;\">About us<\/h1>\n<p>[\/et_pb_blurb][\/et_pb_column][\/et_pb_row][et_pb_row column_structure=&#8221;1_3,1_3,1_3&#8243; _builder_version=&#8221;4.16&#8243; global_colors_info=&#8221;{}&#8221;][et_pb_column type=&#8221;1_3&#8243; _builder_version=&#8221;4.16&#8243; global_colors_info=&#8221;{}&#8221;][et_pb_blurb use_icon=&#8221;on&#8221; font_icon=&#8221;&#xe00a;||divi||400&#8243; image_icon_width=&#8221;50px&#8221; _builder_version=&#8221;4.21.0&#8243; body_font_size=&#8221;15px&#8221; background_color=&#8221;#ffffff&#8221; text_orientation=&#8221;center&#8221; custom_padding=&#8221;40px|20px|40px|20px|false|false&#8221; animation=&#8221;off&#8221; box_shadow_style=&#8221;preset1&#8243; icon_font_size=&#8221;50px&#8221; global_colors_info=&#8221;{}&#8221;]<\/p>\n<p>We are specialists in drive technology, automation and robotics.<\/p>\n<p>[\/et_pb_blurb][\/et_pb_column][et_pb_column type=&#8221;1_3&#8243; _builder_version=&#8221;4.16&#8243; global_colors_info=&#8221;{}&#8221;][et_pb_blurb use_icon=&#8221;on&#8221; font_icon=&#8221;&#xe035;||divi||400&#8243; image_icon_width=&#8221;50px&#8221; _builder_version=&#8221;4.21.0&#8243; body_font_size=&#8221;15px&#8221; background_color=&#8221;#ffffff&#8221; text_orientation=&#8221;center&#8221; custom_padding=&#8221;40px|20px|40px|20px|false|false&#8221; animation=&#8221;off&#8221; box_shadow_style=&#8221;preset1&#8243; icon_font_size=&#8221;50px&#8221; global_colors_info=&#8221;{}&#8221;]<\/p>\n<p>Our offer also includes design and production options from single components to complete machines for handling, automation, assembly.<\/p>\n<p>[\/et_pb_blurb][\/et_pb_column][et_pb_column type=&#8221;1_3&#8243; _builder_version=&#8221;4.16&#8243; global_colors_info=&#8221;{}&#8221;][et_pb_blurb use_icon=&#8221;on&#8221; font_icon=&#8221;&#xe038;||divi||400&#8243; image_icon_width=&#8221;50px&#8221; _builder_version=&#8221;4.21.0&#8243; body_font_size=&#8221;15px&#8221; background_color=&#8221;#ffffff&#8221; text_orientation=&#8221;center&#8221; custom_padding=&#8221;40px|20px|40px|20px|false|false&#8221; animation=&#8221;off&#8221; box_shadow_style=&#8221;preset1&#8243; icon_font_size=&#8221;50px&#8221; global_colors_info=&#8221;{}&#8221;]<\/p>\n<p>We supply high precision harmonic gearboxes, planetary gearboxes; rotary actuators, 4th &amp; 5th axis CNC rotary tables, integrated adaptive grinding products, 5-axis waterjet rotator.<\/p>\n<p>[\/et_pb_blurb][\/et_pb_column][\/et_pb_row][et_pb_row column_structure=&#8221;1_2,1_2&#8243; _builder_version=&#8221;4.16&#8243; global_colors_info=&#8221;{}&#8221;][et_pb_column type=&#8221;1_2&#8243; _builder_version=&#8221;4.16&#8243; global_colors_info=&#8221;{}&#8221;][et_pb_blurb use_icon=&#8221;on&#8221; font_icon=&#8221;&#xe08b;||divi||400&#8243; image_icon_width=&#8221;50px&#8221; _builder_version=&#8221;4.21.0&#8243; body_font_size=&#8221;15px&#8221; background_color=&#8221;#ffffff&#8221; text_orientation=&#8221;center&#8221; custom_padding=&#8221;40px|20px|40px|20px|false|false&#8221; animation=&#8221;off&#8221; box_shadow_style=&#8221;preset1&#8243; icon_font_size=&#8221;50px&#8221; global_colors_info=&#8221;{}&#8221;]<\/p>\n<p>We are more than a trading company, our specialists bring their experience to customer applications with an insight into the surrounding technology. We offer expert advice on product selection, including the possibility of designing a comprehensive solution for a customer application.<\/p>\n<p>[\/et_pb_blurb][\/et_pb_column][et_pb_column type=&#8221;1_2&#8243; _builder_version=&#8221;4.16&#8243; global_colors_info=&#8221;{}&#8221;][et_pb_blurb use_icon=&#8221;on&#8221; font_icon=&#8221;&#xe0e9;||divi||400&#8243; image_icon_width=&#8221;50px&#8221; _builder_version=&#8221;4.21.0&#8243; body_font_size=&#8221;15px&#8221; background_color=&#8221;#ffffff&#8221; text_orientation=&#8221;center&#8221; custom_padding=&#8221;40px|20px|40px|20px|false|false&#8221; animation=&#8221;off&#8221; box_shadow_style=&#8221;preset1&#8243; icon_font_size=&#8221;50px&#8221; global_colors_info=&#8221;{}&#8221;]<\/p>\n<p>In 2019, we started cooperation with Leader Harmonious Drive System Co., Ltd. It is a high-tech company specializing in the development, production and sale of wave-harmonic reducers of the highest world technical level and quality since r. 2003.<\/p>\n<p>[\/et_pb_blurb][\/et_pb_column][\/et_pb_row][et_pb_row _builder_version=&#8221;4.16&#8243; global_colors_info=&#8221;{}&#8221;][et_pb_column type=&#8221;4_4&#8243; _builder_version=&#8221;4.16&#8243; global_colors_info=&#8221;{}&#8221;][et_pb_blurb use_icon=&#8221;on&#8221; font_icon=&#8221;&#xe0e3;||divi||400&#8243; image_icon_width=&#8221;50px&#8221; content_max_width=&#8221;1100px&#8221; _builder_version=&#8221;4.21.0&#8243; body_font_size=&#8221;15px&#8221; background_color=&#8221;#ffffff&#8221; text_orientation=&#8221;center&#8221; custom_padding=&#8221;40px|20px|40px|20px|false|false&#8221; animation=&#8221;off&#8221; box_shadow_style=&#8221;preset1&#8243; icon_font_size=&#8221;50px&#8221; global_colors_info=&#8221;{}&#8221;]<\/p>\n<p>Almer and Leader Drive form a perfect synergy that delivers a high quality product<br \/>customers with flexibility in its design, customized construction solutions,<br \/>batch quantities in lead time and a design-to-cost approach.<\/p>\n<p>[\/et_pb_blurb][\/et_pb_column][\/et_pb_row][et_pb_row _builder_version=&#8221;4.16&#8243; global_colors_info=&#8221;{}&#8221;][et_pb_column type=&#8221;4_4&#8243; _builder_version=&#8221;4.16&#8243; global_colors_info=&#8221;{}&#8221;][et_pb_blurb title=&#8221;Basic company data&#8221; content_max_width=&#8221;1100px&#8221; _builder_version=&#8221;4.21.0&#8243; header_level=&#8221;h3&#8243; header_font=&#8221;|300|||||||&#8221; header_text_align=&#8221;center&#8221; header_font_size=&#8221;28px&#8221; custom_margin=&#8221;25px||||false|false&#8221; global_colors_info=&#8221;{}&#8221;]<\/p>\n<p style=\"text-align: center;\">We are specialists in drive technology, automation and robotics.<\/p>\n<p style=\"text-align: center;\"><strong>Business name<\/strong>: Almer, s.r.o.<\/p>\n<p style=\"text-align: center;\"><strong>Year of foundation<\/strong>: 2009<\/p>\n<p style=\"text-align: center;\"><strong>Legal form<\/strong>: limited liability company<\/p>\n<p style=\"text-align: center;\"><strong>Headquarters<\/strong>: Almer, s.r.o., Z\u00e1hradn\u00e1 4012\/19, Pre\u0161ov 080 01<\/p>\n<p style=\"text-align: center;\"><strong>ID<\/strong>: 44 907 427<\/p>\n<p style=\"text-align: center;\"><strong>DPH<\/strong>: SK 2022 868 221<\/p>\n<p style=\"text-align: center;\"><strong>Register<\/strong>: the District Court Pre\u0161ov, insert no.: 21955 \/ P<\/p>\n<p>[\/et_pb_blurb][\/et_pb_column][\/et_pb_row][\/et_pb_section]<\/p>\n","protected":false},"excerpt":{"rendered":"<p>&gt; Home \/ About usAbout usWe are specialists in drive technology, automation and robotics.Our offer also includes design and production options from single components to complete machines for handling, automation, assembly.We supply high precision harmonic gearboxes, planetary gearboxes; rotary actuators, 4th &amp; 5th axis CNC rotary tables, integrated adaptive grinding products, 5-axis waterjet rotator.We are [&hellip;]<\/p>\n","protected":false},"author":1,"featured_media":0,"parent":0,"menu_order":0,"comment_status":"closed","ping_status":"closed","template":"","meta":{"_et_pb_use_builder":"on","_et_pb_old_content":"","_et_gb_content_width":"","footnotes":""},"class_list":["post-3624","page","type-page","status-publish","hentry"],"yoast_head":"<!-- This site is optimized with the Yoast SEO plugin v26.6 - https:\/\/yoast.com\/wordpress\/plugins\/seo\/ -->\n<title>About us - Almer.sk<\/title>\n<meta name=\"robots\" content=\"index, follow, max-snippet:-1, max-image-preview:large, max-video-preview:-1\" \/>\n<link rel=\"canonical\" href=\"https:\/\/almer.sk\/en\/about-us\/\" \/>\n<meta property=\"og:locale\" content=\"en_US\" \/>\n<meta property=\"og:type\" content=\"article\" \/>\n<meta property=\"og:title\" content=\"About us - Almer.sk\" \/>\n<meta property=\"og:description\" content=\"&gt; Home \/ About usAbout usWe are specialists in drive technology, automation and robotics.Our offer also includes design and production options from single components to complete machines for handling, automation, assembly.We supply high precision harmonic gearboxes, planetary gearboxes; rotary actuators, 4th &amp; 5th axis CNC rotary tables, integrated adaptive grinding products, 5-axis waterjet rotator.We are [&hellip;]\" \/>\n<meta property=\"og:url\" content=\"https:\/\/almer.sk\/en\/about-us\/\" \/>\n<meta property=\"og:site_name\" content=\"Almer.sk\" \/>\n<meta property=\"article:modified_time\" content=\"2023-07-28T08:15:40+00:00\" \/>\n<meta name=\"twitter:card\" content=\"summary_large_image\" \/>\n<meta name=\"twitter:label1\" content=\"Est. reading time\" \/>\n\t<meta name=\"twitter:data1\" content=\"4 minutes\" \/>\n<script type=\"application\/ld+json\" class=\"yoast-schema-graph\">{\"@context\":\"https:\/\/schema.org\",\"@graph\":[{\"@type\":\"WebPage\",\"@id\":\"https:\/\/almer.sk\/en\/about-us\/\",\"url\":\"https:\/\/almer.sk\/en\/about-us\/\",\"name\":\"About us - Almer.sk\",\"isPartOf\":{\"@id\":\"https:\/\/almer.sk\/en\/#website\"},\"datePublished\":\"2020-02-17T13:32:49+00:00\",\"dateModified\":\"2023-07-28T08:15:40+00:00\",\"breadcrumb\":{\"@id\":\"https:\/\/almer.sk\/en\/about-us\/#breadcrumb\"},\"inLanguage\":\"en-US\",\"potentialAction\":[{\"@type\":\"ReadAction\",\"target\":[\"https:\/\/almer.sk\/en\/about-us\/\"]}]},{\"@type\":\"BreadcrumbList\",\"@id\":\"https:\/\/almer.sk\/en\/about-us\/#breadcrumb\",\"itemListElement\":[{\"@type\":\"ListItem\",\"position\":1,\"name\":\"Home\",\"item\":\"https:\/\/almer.sk\/en\/home\/\"},{\"@type\":\"ListItem\",\"position\":2,\"name\":\"About us\"}]},{\"@type\":\"WebSite\",\"@id\":\"https:\/\/almer.sk\/en\/#website\",\"url\":\"https:\/\/almer.sk\/en\/\",\"name\":\"Almer.sk\",\"description\":\"Technologick\u00fd l\u00edder v oblasti presn\u00fdch prevodoviek\",\"potentialAction\":[{\"@type\":\"SearchAction\",\"target\":{\"@type\":\"EntryPoint\",\"urlTemplate\":\"https:\/\/almer.sk\/en\/?s={search_term_string}\"},\"query-input\":{\"@type\":\"PropertyValueSpecification\",\"valueRequired\":true,\"valueName\":\"search_term_string\"}}],\"inLanguage\":\"en-US\"}]}<\/script>\n<!-- \/ Yoast SEO plugin. -->","yoast_head_json":{"title":"About us - Almer.sk","robots":{"index":"index","follow":"follow","max-snippet":"max-snippet:-1","max-image-preview":"max-image-preview:large","max-video-preview":"max-video-preview:-1"},"canonical":"https:\/\/almer.sk\/en\/about-us\/","og_locale":"en_US","og_type":"article","og_title":"About us - Almer.sk","og_description":"&gt; Home \/ About usAbout usWe are specialists in drive technology, automation and robotics.Our offer also includes design and production options from single components to complete machines for handling, automation, assembly.We supply high precision harmonic gearboxes, planetary gearboxes; rotary actuators, 4th &amp; 5th axis CNC rotary tables, integrated adaptive grinding products, 5-axis waterjet rotator.We are [&hellip;]","og_url":"https:\/\/almer.sk\/en\/about-us\/","og_site_name":"Almer.sk","article_modified_time":"2023-07-28T08:15:40+00:00","twitter_card":"summary_large_image","twitter_misc":{"Est. reading time":"4 minutes"},"schema":{"@context":"https:\/\/schema.org","@graph":[{"@type":"WebPage","@id":"https:\/\/almer.sk\/en\/about-us\/","url":"https:\/\/almer.sk\/en\/about-us\/","name":"About us - Almer.sk","isPartOf":{"@id":"https:\/\/almer.sk\/en\/#website"},"datePublished":"2020-02-17T13:32:49+00:00","dateModified":"2023-07-28T08:15:40+00:00","breadcrumb":{"@id":"https:\/\/almer.sk\/en\/about-us\/#breadcrumb"},"inLanguage":"en-US","potentialAction":[{"@type":"ReadAction","target":["https:\/\/almer.sk\/en\/about-us\/"]}]},{"@type":"BreadcrumbList","@id":"https:\/\/almer.sk\/en\/about-us\/#breadcrumb","itemListElement":[{"@type":"ListItem","position":1,"name":"Home","item":"https:\/\/almer.sk\/en\/home\/"},{"@type":"ListItem","position":2,"name":"About us"}]},{"@type":"WebSite","@id":"https:\/\/almer.sk\/en\/#website","url":"https:\/\/almer.sk\/en\/","name":"Almer.sk","description":"Technologick\u00fd l\u00edder v oblasti presn\u00fdch prevodoviek","potentialAction":[{"@type":"SearchAction","target":{"@type":"EntryPoint","urlTemplate":"https:\/\/almer.sk\/en\/?s={search_term_string}"},"query-input":{"@type":"PropertyValueSpecification","valueRequired":true,"valueName":"search_term_string"}}],"inLanguage":"en-US"}]}},"_links":{"self":[{"href":"https:\/\/almer.sk\/en\/wp-json\/wp\/v2\/pages\/3624","targetHints":{"allow":["GET"]}}],"collection":[{"href":"https:\/\/almer.sk\/en\/wp-json\/wp\/v2\/pages"}],"about":[{"href":"https:\/\/almer.sk\/en\/wp-json\/wp\/v2\/types\/page"}],"author":[{"embeddable":true,"href":"https:\/\/almer.sk\/en\/wp-json\/wp\/v2\/users\/1"}],"replies":[{"embeddable":true,"href":"https:\/\/almer.sk\/en\/wp-json\/wp\/v2\/comments?post=3624"}],"version-history":[{"count":2,"href":"https:\/\/almer.sk\/en\/wp-json\/wp\/v2\/pages\/3624\/revisions"}],"predecessor-version":[{"id":3627,"href":"https:\/\/almer.sk\/en\/wp-json\/wp\/v2\/pages\/3624\/revisions\/3627"}],"wp:attachment":[{"href":"https:\/\/almer.sk\/en\/wp-json\/wp\/v2\/media?parent=3624"}],"curies":[{"name":"wp","href":"https:\/\/api.w.org\/{rel}","templated":true}]}}