{"id":6071,"date":"2023-07-15T15:15:24","date_gmt":"2023-07-15T13:15:24","guid":{"rendered":"https:\/\/almer.sk\/integrovane-produkty\/adaptivni-nastroje-pro-brouseni-a-lesteni\/"},"modified":"2023-08-28T11:55:36","modified_gmt":"2023-08-28T09:55:36","slug":"adaptivni-nastroje-pro-brouseni-a-lesteni","status":"publish","type":"page","link":"https:\/\/almer.sk\/cs\/integrovane-produkty\/adaptivni-nastroje-pro-brouseni-a-lesteni\/","title":{"rendered":"Adaptivn\u00ed n\u00e1stroje pro brou\u0161en\u00ed a le\u0161t\u011bn\u00ed"},"content":{"rendered":"<p>[et_pb_section fb_built=&#8220;1&#8243; _builder_version=&#8220;4.21.0&#8243; _module_preset=&#8220;default&#8220; global_colors_info=&#8220;{}&#8220;][et_pb_row _builder_version=&#8220;4.21.0&#8243; _module_preset=&#8220;default&#8220; locked=&#8220;off&#8220; global_colors_info=&#8220;{}&#8220;][et_pb_column type=&#8220;4_4&#8243; _builder_version=&#8220;4.21.0&#8243; _module_preset=&#8220;default&#8220; global_colors_info=&#8220;{}&#8220;][et_pb_blurb content_max_width=&#8220;1100px&#8220; _builder_version=&#8220;4.21.0&#8243; _module_preset=&#8220;default&#8220; body_text_align=&#8220;left&#8220; locked=&#8220;off&#8220; global_colors_info=&#8220;{}&#8220;]<\/p>\n<p> <a class=\"bread\" href=\"https:\/\/almer.sk\/cs\/\">&gt; Dom\u016f<\/a> \/ <a href=\"https:\/\/almer.sk\/cs\/integrovane-produkty\/\">Integrovan\u00e9 produkty<\/a> \/ Adaptivn\u00ed brou\u0161en\u00ed<\/p>\n<p>[\/et_pb_blurb][\/et_pb_column][\/et_pb_row][et_pb_row _builder_version=&#8220;4.21.0&#8243; _module_preset=&#8220;default&#8220; global_colors_info=&#8220;{}&#8220;][et_pb_column type=&#8220;4_4&#8243; _builder_version=&#8220;4.21.0&#8243; _module_preset=&#8220;default&#8220; global_colors_info=&#8220;{}&#8220;][et_pb_blurb content_max_width=&#8220;1100px&#8220; _builder_version=&#8220;4.21.0&#8243; _module_preset=&#8220;default&#8220; header_level=&#8220;h1&#8243; header_font=&#8220;|||on|||||&#8220; body_font=&#8220;|||on|||||&#8220; body_text_align=&#8220;center&#8220; body_line_height=&#8220;1.6em&#8220; locked=&#8220;off&#8220; global_colors_info=&#8220;{}&#8220;]<\/p>\n<h1><span class=\"cierna\">Adaptivn\u00ed n\u00e1stroje pro<\/span> ROBOTICK\u00c9 brou\u0161en\u00ed a le\u0161t\u011bn\u00ed<\/h1>\n<p>[\/et_pb_blurb][\/et_pb_column][\/et_pb_row][et_pb_row _builder_version=&#8220;4.21.0&#8243; _module_preset=&#8220;default&#8220; width=&#8220;90%&#8220; custom_padding=&#8220;9px|||||&#8220; locked=&#8220;off&#8220; global_colors_info=&#8220;{}&#8220;][et_pb_column type=&#8220;4_4&#8243; _builder_version=&#8220;4.21.0&#8243; _module_preset=&#8220;default&#8220; global_colors_info=&#8220;{}&#8220;][et_pb_blurb image=&#8220;https:\/\/almer.sk\/wp-content\/uploads\/2023\/07\/Adaptivne-nastroje-na-brusenie-a-lestenie-e1689431155870.png&#8220; alt=&#8220;Adaptivn\u00ed n\u00e1stroje pro brou\u0161en\u00ed a le\u0161t\u011bn\u00ed&#8220; content_max_width=&#8220;1100px&#8220; _builder_version=&#8220;4.21.0&#8243; _module_preset=&#8220;default&#8220; animation=&#8220;off&#8220; global_colors_info=&#8220;{}&#8220;][\/et_pb_blurb][\/et_pb_column][\/et_pb_row][et_pb_row _builder_version=&#8220;4.21.0&#8243; _module_preset=&#8220;default&#8220; width=&#8220;90%&#8220; custom_margin=&#8220;-40px|auto||auto||&#8220; global_colors_info=&#8220;{}&#8220;][et_pb_column type=&#8220;4_4&#8243; _builder_version=&#8220;4.21.0&#8243; _module_preset=&#8220;default&#8220; global_colors_info=&#8220;{}&#8220;][et_pb_blurb content_max_width=&#8220;1100px&#8220; _builder_version=&#8220;4.21.0&#8243; _module_preset=&#8220;default&#8220; width=&#8220;100%&#8220; global_colors_info=&#8220;{}&#8220;]<\/p>\n<p><span style=\"color: #ff0000;\"><strong>Popis<\/strong><\/span><\/p>\n<p>\u0160pi\u010dkov\u00e1 \u0159ada brusek s uzav\u0159enou smy\u010dkou adaptivn\u00edho \u0159\u00edzen\u00ed s\u00edly na b\u00e1zi elektrohydraulick\u00e9ho pohonu, optimalizovan\u00e1 pro brou\u0161en\u00ed, le\u0161t\u011bn\u00ed a odstra\u0148ov\u00e1n\u00ed ot\u0159ep\u016f. D\u00edky vysoce p\u0159esn\u00e9mu a flexibiln\u00edmu \u0159\u00edzen\u00ed s\u00edly a polohy v uzav\u0159en\u00e9 smy\u010dce a kompaktn\u00ed konstrukci AGP je vynikaj\u00edc\u00ed volbou pro jak\u00e9koli brou\u0161en\u00ed a le\u0161t\u011bn\u00ed.<strong> <\/strong><\/p>\n<p><span style=\"color: #ff0000;\"><strong>Power<\/strong><\/span><\/p>\n<p><span style=\"color: #ff0000;\">\u2713<\/span> N\u00e1stroj obsahuje elektrohydraulick\u00fd pohon pro \u0159\u00edzen\u00ed s\u00edly, kter\u00fd zaji\u0161\u0165uje vysoce p\u0159esn\u00e9 \u0159\u00edzen\u00ed, rychlou odezvu, vysokou tuhost, vysokou hustotu v\u00fdkonu a stabiln\u00ed v\u00fdkon.<\/p>\n<p><span style=\"color: #ff0000;\">\u2713<\/span> V\u0159eteno vyu\u017e\u00edv\u00e1 bezr\u00e1mov\u00fd momentov\u00fd motor, kter\u00fd m\u00e1 men\u0161\u00ed rozm\u011bry, vy\u0161\u0161\u00ed to\u010div\u00fd moment a plynulej\u0161\u00ed chod. Syst\u00e9m podporuje automatickou v\u00fdm\u011bnu n\u00e1stroj\u016f.<\/p>\n<p><span style=\"color: #ff0000;\">\u2713<\/span> Vysoce integrovan\u00fd syst\u00e9m v kombinaci s p\u0159\u00edstrojov\u00fdmi senzory sni\u017euje velikost a hmotnost a poskytuje zp\u011btnou vazbu v re\u00e1ln\u00e9m \u010dase.<\/p>\n<p><span style=\"color: #ff0000;\">\u2713<\/span> Vestav\u011bn\u00e9 rozhran\u00ed navr\u017een\u00e9 pro snadn\u00e9 pou\u017eit\u00ed usnad\u0148uje obsluze dostupn\u00e1 nastaven\u00ed.<\/p>\n<p><span style=\"color: #ff0000;\">\u2713 Podpora<\/span> r\u016fzn\u00fdch protokol\u016f, kter\u00e1 zjednodu\u0161uje komunikaci s roboty.<\/p>\n<p><span style=\"color: #ff0000;\"><strong>V\u00fdhody<\/strong><\/span><\/p>\n<p><span style=\"color: #ff0000;\">\u2713<\/span> N\u00e1stroj je vybaven elektrohydraulick\u00fdm pohonem pro silov\u00e9 \u0159\u00edzen\u00ed, kter\u00fd umo\u017e\u0148uje snadn\u00e9 p\u0159ep\u00edn\u00e1n\u00ed mezi re\u017eimy silov\u00e9ho a polohov\u00e9ho \u0159\u00edzen\u00ed.<\/p>\n<p><span style=\"color: #ff0000;\">\u2713<\/span> Vy\u0161\u0161\u00ed hustota v\u00fdkonu, vy\u0161\u0161\u00ed energetick\u00e1 \u00fa\u010dinnost, vy\u0161\u0161\u00ed to\u010div\u00fd moment, v\u011bt\u0161\u00ed brusn\u00e1 s\u00edla, ni\u017e\u0161\u00ed pra\u0161nost.<\/p>\n<p><span style=\"color: #ff0000;\">\u2713<\/span> Dod\u00e1v\u00e1 se s vysoce integrovan\u00fdm syst\u00e9mem s kompaktn\u00edmi rozm\u011bry a n\u00edzkou hmotnost\u00ed, kter\u00fd je kompatibiln\u00ed s kolaborativn\u00edmi i pr\u016fmyslov\u00fdmi roboty.<\/p>\n<p><span style=\"color: #ff0000;\">\u2713<\/span> Nap\u00e1jen\u00ed 220 V a pr\u00e1ce bez vn\u011bj\u0161\u00edho vzduchu.<\/p>\n<p><span style=\"color: #ff0000;\"><strong>Aplikace<\/strong><\/span><\/p>\n<p>AGP je kompatibiln\u00ed s kolaborativn\u00edmi a pr\u016fmyslov\u00fdmi roboty, obr\u00e1b\u011bc\u00edmi stroji a je vhodn\u00fd pro le\u0161t\u011bn\u00ed, ta\u017een\u00ed, odstra\u0148ov\u00e1n\u00ed ot\u0159ep\u016f a brou\u0161en\u00ed pro n\u00e1ro\u010dn\u00e9 aplikace. D\u00edky jedine\u010dn\u00e9 technologii \u0159\u00edzen\u00ed s\u00edly m\u016f\u017ee tento brusn\u00fd n\u00e1stroj dos\u00e1hnout vysoce \u00fa\u010dinn\u00e9ho, vysoce p\u0159esn\u00e9ho adaptivn\u00edho brou\u0161en\u00ed a le\u0161t\u011bn\u00ed s n\u00edzkou spot\u0159ebou energie, n\u00edzkou pra\u0161nost\u00ed a n\u00edzkou hlu\u010dnost\u00ed.<\/p>\n<p>V\u00fdhodn\u00e9 pro \u0161irokou \u0161k\u00e1lu pr\u016fmyslov\u00fdch odv\u011btv\u00ed: automobilov\u00fd pr\u016fmysl, spot\u0159ebn\u00ed elektronika, leteck\u00fd pr\u016fmysl, stavba lod\u00ed, l\u00e9ka\u0159sk\u00e9 vybaven\u00ed, metalurgie, energetika, petrochemie atd.<\/p>\n<p>[\/et_pb_blurb][\/et_pb_column][\/et_pb_row][et_pb_row _builder_version=&#8220;4.21.0&#8243; _module_preset=&#8220;default&#8220; width=&#8220;90%&#8220; global_colors_info=&#8220;{}&#8220;][et_pb_column type=&#8220;4_4&#8243; _builder_version=&#8220;4.21.0&#8243; _module_preset=&#8220;default&#8220; global_colors_info=&#8220;{}&#8220;][et_pb_blurb image=&#8220;https:\/\/almer.sk\/wp-content\/uploads\/2023\/07\/Technicke-parametre-Adaptivne-nastroje-na-brusenie.png&#8220; alt=&#8220;Technick\u00e9 parametry Adaptivn\u00ed brusn\u00e9 n\u00e1stroje&#8220; content_max_width=&#8220;1100px&#8220; _builder_version=&#8220;4.21.0&#8243; _module_preset=&#8220;default&#8220; animation=&#8220;off&#8220; global_colors_info=&#8220;{}&#8220;][\/et_pb_blurb][\/et_pb_column][\/et_pb_row][\/et_pb_section]<\/p>\n","protected":false},"excerpt":{"rendered":"<p>&gt; Dom\u016f \/ Integrovan\u00e9 produkty \/ Adaptivn\u00ed brou\u0161en\u00edAdaptivn\u00ed n\u00e1stroje pro ROBOTICK\u00c9 brou\u0161en\u00ed a le\u0161t\u011bn\u00edPopis \u0160pi\u010dkov\u00e1 \u0159ada brusek s uzav\u0159enou smy\u010dkou adaptivn\u00edho \u0159\u00edzen\u00ed s\u00edly na b\u00e1zi elektrohydraulick\u00e9ho pohonu, optimalizovan\u00e1 pro brou\u0161en\u00ed, le\u0161t\u011bn\u00ed a odstra\u0148ov\u00e1n\u00ed ot\u0159ep\u016f. D\u00edky vysoce p\u0159esn\u00e9mu a flexibiln\u00edmu \u0159\u00edzen\u00ed s\u00edly a polohy v uzav\u0159en\u00e9 smy\u010dce a kompaktn\u00ed konstrukci AGP je vynikaj\u00edc\u00ed volbou pro jak\u00e9koli [&hellip;]<\/p>\n","protected":false},"author":1,"featured_media":0,"parent":5622,"menu_order":0,"comment_status":"closed","ping_status":"closed","template":"","meta":{"_et_pb_use_builder":"on","_et_pb_old_content":"","_et_gb_content_width":"","footnotes":""},"class_list":["post-6071","page","type-page","status-publish","hentry"],"yoast_head":"<!-- This site is optimized with the Yoast SEO plugin v26.6 - https:\/\/yoast.com\/wordpress\/plugins\/seo\/ -->\n<title>Adaptivn\u00ed n\u00e1stroje pro brou\u0161en\u00ed a le\u0161t\u011bn\u00ed - Almer.sk<\/title>\n<meta name=\"robots\" content=\"index, follow, max-snippet:-1, max-image-preview:large, max-video-preview:-1\" \/>\n<link rel=\"canonical\" href=\"https:\/\/almer.sk\/cs\/integrovane-produkty\/adaptivni-nastroje-pro-brouseni-a-lesteni\/\" \/>\n<meta property=\"og:locale\" content=\"cs_CZ\" \/>\n<meta property=\"og:type\" content=\"article\" \/>\n<meta property=\"og:title\" content=\"Adaptivn\u00ed n\u00e1stroje pro brou\u0161en\u00ed a le\u0161t\u011bn\u00ed - Almer.sk\" \/>\n<meta property=\"og:description\" content=\"&gt; Dom\u016f \/ Integrovan\u00e9 produkty \/ Adaptivn\u00ed brou\u0161en\u00edAdaptivn\u00ed n\u00e1stroje pro ROBOTICK\u00c9 brou\u0161en\u00ed a le\u0161t\u011bn\u00edPopis \u0160pi\u010dkov\u00e1 \u0159ada brusek s uzav\u0159enou smy\u010dkou adaptivn\u00edho \u0159\u00edzen\u00ed s\u00edly na b\u00e1zi elektrohydraulick\u00e9ho pohonu, optimalizovan\u00e1 pro brou\u0161en\u00ed, le\u0161t\u011bn\u00ed a odstra\u0148ov\u00e1n\u00ed ot\u0159ep\u016f. D\u00edky vysoce p\u0159esn\u00e9mu a flexibiln\u00edmu \u0159\u00edzen\u00ed s\u00edly a polohy v uzav\u0159en\u00e9 smy\u010dce a kompaktn\u00ed konstrukci AGP je vynikaj\u00edc\u00ed volbou pro jak\u00e9koli [&hellip;]\" \/>\n<meta property=\"og:url\" content=\"https:\/\/almer.sk\/cs\/integrovane-produkty\/adaptivni-nastroje-pro-brouseni-a-lesteni\/\" \/>\n<meta property=\"og:site_name\" content=\"Almer.sk\" \/>\n<meta property=\"article:modified_time\" content=\"2023-08-28T09:55:36+00:00\" \/>\n<meta name=\"twitter:card\" content=\"summary_large_image\" \/>\n<meta name=\"twitter:label1\" content=\"Odhadovan\u00e1 doba \u010dten\u00ed\" \/>\n\t<meta name=\"twitter:data1\" content=\"4 minuty\" \/>\n<script type=\"application\/ld+json\" class=\"yoast-schema-graph\">{\"@context\":\"https:\/\/schema.org\",\"@graph\":[{\"@type\":\"WebPage\",\"@id\":\"https:\/\/almer.sk\/cs\/integrovane-produkty\/adaptivni-nastroje-pro-brouseni-a-lesteni\/\",\"url\":\"https:\/\/almer.sk\/cs\/integrovane-produkty\/adaptivni-nastroje-pro-brouseni-a-lesteni\/\",\"name\":\"Adaptivn\u00ed n\u00e1stroje pro brou\u0161en\u00ed a le\u0161t\u011bn\u00ed - Almer.sk\",\"isPartOf\":{\"@id\":\"https:\/\/almer.sk\/cs\/#website\"},\"datePublished\":\"2023-07-15T13:15:24+00:00\",\"dateModified\":\"2023-08-28T09:55:36+00:00\",\"breadcrumb\":{\"@id\":\"https:\/\/almer.sk\/cs\/integrovane-produkty\/adaptivni-nastroje-pro-brouseni-a-lesteni\/#breadcrumb\"},\"inLanguage\":\"cs\",\"potentialAction\":[{\"@type\":\"ReadAction\",\"target\":[\"https:\/\/almer.sk\/cs\/integrovane-produkty\/adaptivni-nastroje-pro-brouseni-a-lesteni\/\"]}]},{\"@type\":\"BreadcrumbList\",\"@id\":\"https:\/\/almer.sk\/cs\/integrovane-produkty\/adaptivni-nastroje-pro-brouseni-a-lesteni\/#breadcrumb\",\"itemListElement\":[{\"@type\":\"ListItem\",\"position\":1,\"name\":\"Home\",\"item\":\"https:\/\/almer.sk\/cs\/home\/\"},{\"@type\":\"ListItem\",\"position\":2,\"name\":\"Integrovan\u00e9 produkty\",\"item\":\"https:\/\/almer.sk\/cs\/integrovane-produkty\/\"},{\"@type\":\"ListItem\",\"position\":3,\"name\":\"Adaptivn\u00ed n\u00e1stroje pro brou\u0161en\u00ed a le\u0161t\u011bn\u00ed\"}]},{\"@type\":\"WebSite\",\"@id\":\"https:\/\/almer.sk\/cs\/#website\",\"url\":\"https:\/\/almer.sk\/cs\/\",\"name\":\"Almer.sk\",\"description\":\"Technologick\u00fd l\u00edder v oblasti presn\u00fdch prevodoviek\",\"potentialAction\":[{\"@type\":\"SearchAction\",\"target\":{\"@type\":\"EntryPoint\",\"urlTemplate\":\"https:\/\/almer.sk\/cs\/?s={search_term_string}\"},\"query-input\":{\"@type\":\"PropertyValueSpecification\",\"valueRequired\":true,\"valueName\":\"search_term_string\"}}],\"inLanguage\":\"cs\"}]}<\/script>\n<!-- \/ Yoast SEO plugin. -->","yoast_head_json":{"title":"Adaptivn\u00ed n\u00e1stroje pro brou\u0161en\u00ed a le\u0161t\u011bn\u00ed - Almer.sk","robots":{"index":"index","follow":"follow","max-snippet":"max-snippet:-1","max-image-preview":"max-image-preview:large","max-video-preview":"max-video-preview:-1"},"canonical":"https:\/\/almer.sk\/cs\/integrovane-produkty\/adaptivni-nastroje-pro-brouseni-a-lesteni\/","og_locale":"cs_CZ","og_type":"article","og_title":"Adaptivn\u00ed n\u00e1stroje pro brou\u0161en\u00ed a le\u0161t\u011bn\u00ed - Almer.sk","og_description":"&gt; Dom\u016f \/ Integrovan\u00e9 produkty \/ Adaptivn\u00ed brou\u0161en\u00edAdaptivn\u00ed n\u00e1stroje pro ROBOTICK\u00c9 brou\u0161en\u00ed a le\u0161t\u011bn\u00edPopis \u0160pi\u010dkov\u00e1 \u0159ada brusek s uzav\u0159enou smy\u010dkou adaptivn\u00edho \u0159\u00edzen\u00ed s\u00edly na b\u00e1zi elektrohydraulick\u00e9ho pohonu, optimalizovan\u00e1 pro brou\u0161en\u00ed, le\u0161t\u011bn\u00ed a odstra\u0148ov\u00e1n\u00ed ot\u0159ep\u016f. D\u00edky vysoce p\u0159esn\u00e9mu a flexibiln\u00edmu \u0159\u00edzen\u00ed s\u00edly a polohy v uzav\u0159en\u00e9 smy\u010dce a kompaktn\u00ed konstrukci AGP je vynikaj\u00edc\u00ed volbou pro jak\u00e9koli [&hellip;]","og_url":"https:\/\/almer.sk\/cs\/integrovane-produkty\/adaptivni-nastroje-pro-brouseni-a-lesteni\/","og_site_name":"Almer.sk","article_modified_time":"2023-08-28T09:55:36+00:00","twitter_card":"summary_large_image","twitter_misc":{"Odhadovan\u00e1 doba \u010dten\u00ed":"4 minuty"},"schema":{"@context":"https:\/\/schema.org","@graph":[{"@type":"WebPage","@id":"https:\/\/almer.sk\/cs\/integrovane-produkty\/adaptivni-nastroje-pro-brouseni-a-lesteni\/","url":"https:\/\/almer.sk\/cs\/integrovane-produkty\/adaptivni-nastroje-pro-brouseni-a-lesteni\/","name":"Adaptivn\u00ed n\u00e1stroje pro brou\u0161en\u00ed a le\u0161t\u011bn\u00ed - Almer.sk","isPartOf":{"@id":"https:\/\/almer.sk\/cs\/#website"},"datePublished":"2023-07-15T13:15:24+00:00","dateModified":"2023-08-28T09:55:36+00:00","breadcrumb":{"@id":"https:\/\/almer.sk\/cs\/integrovane-produkty\/adaptivni-nastroje-pro-brouseni-a-lesteni\/#breadcrumb"},"inLanguage":"cs","potentialAction":[{"@type":"ReadAction","target":["https:\/\/almer.sk\/cs\/integrovane-produkty\/adaptivni-nastroje-pro-brouseni-a-lesteni\/"]}]},{"@type":"BreadcrumbList","@id":"https:\/\/almer.sk\/cs\/integrovane-produkty\/adaptivni-nastroje-pro-brouseni-a-lesteni\/#breadcrumb","itemListElement":[{"@type":"ListItem","position":1,"name":"Home","item":"https:\/\/almer.sk\/cs\/home\/"},{"@type":"ListItem","position":2,"name":"Integrovan\u00e9 produkty","item":"https:\/\/almer.sk\/cs\/integrovane-produkty\/"},{"@type":"ListItem","position":3,"name":"Adaptivn\u00ed n\u00e1stroje pro brou\u0161en\u00ed a le\u0161t\u011bn\u00ed"}]},{"@type":"WebSite","@id":"https:\/\/almer.sk\/cs\/#website","url":"https:\/\/almer.sk\/cs\/","name":"Almer.sk","description":"Technologick\u00fd l\u00edder v oblasti presn\u00fdch prevodoviek","potentialAction":[{"@type":"SearchAction","target":{"@type":"EntryPoint","urlTemplate":"https:\/\/almer.sk\/cs\/?s={search_term_string}"},"query-input":{"@type":"PropertyValueSpecification","valueRequired":true,"valueName":"search_term_string"}}],"inLanguage":"cs"}]}},"_links":{"self":[{"href":"https:\/\/almer.sk\/cs\/wp-json\/wp\/v2\/pages\/6071","targetHints":{"allow":["GET"]}}],"collection":[{"href":"https:\/\/almer.sk\/cs\/wp-json\/wp\/v2\/pages"}],"about":[{"href":"https:\/\/almer.sk\/cs\/wp-json\/wp\/v2\/types\/page"}],"author":[{"embeddable":true,"href":"https:\/\/almer.sk\/cs\/wp-json\/wp\/v2\/users\/1"}],"replies":[{"embeddable":true,"href":"https:\/\/almer.sk\/cs\/wp-json\/wp\/v2\/comments?post=6071"}],"version-history":[{"count":2,"href":"https:\/\/almer.sk\/cs\/wp-json\/wp\/v2\/pages\/6071\/revisions"}],"predecessor-version":[{"id":6462,"href":"https:\/\/almer.sk\/cs\/wp-json\/wp\/v2\/pages\/6071\/revisions\/6462"}],"up":[{"embeddable":true,"href":"https:\/\/almer.sk\/cs\/wp-json\/wp\/v2\/pages\/5622"}],"wp:attachment":[{"href":"https:\/\/almer.sk\/cs\/wp-json\/wp\/v2\/media?parent=6071"}],"curies":[{"name":"wp","href":"https:\/\/api.w.org\/{rel}","templated":true}]}}