{"id":6040,"date":"2023-07-17T17:48:40","date_gmt":"2023-07-17T15:48:40","guid":{"rendered":"https:\/\/almer.sk\/harmonicke-prevodovky\/harmonicke-prevodovky-model-y\/"},"modified":"2024-04-12T14:24:02","modified_gmt":"2024-04-12T12:24:02","slug":"harmonicke-prevodovky-model-y","status":"publish","type":"page","link":"https:\/\/almer.sk\/cs\/harmonicke-prevodovky\/harmonicke-prevodovky-model-y\/","title":{"rendered":"Harmonick\u00e9 p\u0159evodovky model Y"},"content":{"rendered":"<p>[et_pb_section fb_built=&#8220;1&#8243; admin_label=&#8220;Section&#8220; _builder_version=&#8220;4.21.0&#8243; _module_preset=&#8220;default&#8220; locked=&#8220;off&#8220; global_colors_info=&#8220;{}&#8220;][et_pb_row _builder_version=&#8220;4.21.0&#8243; _module_preset=&#8220;default&#8220; global_colors_info=&#8220;{}&#8220;][et_pb_column type=&#8220;4_4&#8243; _builder_version=&#8220;4.21.0&#8243; _module_preset=&#8220;default&#8220; global_colors_info=&#8220;{}&#8220;][et_pb_blurb content_max_width=&#8220;1100px&#8220; _builder_version=&#8220;4.21.0&#8243; _module_preset=&#8220;default&#8220; body_text_align=&#8220;left&#8220; global_colors_info=&#8220;{}&#8220;]<\/p>\n<p> <a class=\"bread\" href=\"https:\/\/almer.sk\/cs\/\">&gt; Dom\u016f<\/a> \/ <a class=\"bread\" href=\"https:\/\/almer.sk\/cs\/prevodovky\/\">P\u0159evodovky<\/a> \/ <a class=\"bread\" href=\"https:\/\/almer.sk\/cs\/harmonicke-prevodovky\/\">Harmonick\u00e9<\/a> \/ YLHS<\/p>\n<p>[\/et_pb_blurb][\/et_pb_column][\/et_pb_row][et_pb_row _builder_version=&#8220;4.21.0&#8243; _module_preset=&#8220;default&#8220; custom_padding=&#8220;||0px|||&#8220; global_colors_info=&#8220;{}&#8220;][et_pb_column type=&#8220;4_4&#8243; _builder_version=&#8220;4.21.0&#8243; _module_preset=&#8220;default&#8220; global_colors_info=&#8220;{}&#8220;][et_pb_blurb _builder_version=&#8220;4.21.0&#8243; _module_preset=&#8220;default&#8220; header_font=&#8220;|||on|||||&#8220; global_colors_info=&#8220;{}&#8220;]<\/p>\n<h1 style=\"text-align: center;\"><span class=\"cierna\">Model Y<\/span> &#8211; Harmonick\u00e9 p\u0159evodovky<\/h1>\n<p>[\/et_pb_blurb][\/et_pb_column][\/et_pb_row][\/et_pb_section][et_pb_section fb_built=&#8220;1&#8243; _builder_version=&#8220;4.21.0&#8243; _module_preset=&#8220;default&#8220; custom_padding=&#8220;4px|||||&#8220; global_colors_info=&#8220;{}&#8220;][et_pb_row column_structure=&#8220;1_2,1_2&#8243; _builder_version=&#8220;4.21.0&#8243; _module_preset=&#8220;default&#8220; global_colors_info=&#8220;{}&#8220;][et_pb_column type=&#8220;1_2&#8243; _builder_version=&#8220;4.21.0&#8243; _module_preset=&#8220;default&#8220; global_colors_info=&#8220;{}&#8220;][et_pb_blurb image=&#8220;https:\/\/almer.sk\/wp-content\/uploads\/2023\/06\/Slide-New-Gener.png&#8220; alt=&#8220;Slide Nov\u00e1 generace&#8220; _builder_version=&#8220;4.21.0&#8243; _module_preset=&#8220;default&#8220; animation=&#8220;off&#8220; global_colors_info=&#8220;{}&#8220;][\/et_pb_blurb][\/et_pb_column][et_pb_column type=&#8220;1_2&#8243; _builder_version=&#8220;4.21.0&#8243; _module_preset=&#8220;default&#8220; global_colors_info=&#8220;{}&#8220;][et_pb_blurb _builder_version=&#8220;4.24.2&#8243; _module_preset=&#8220;default&#8220; hover_enabled=&#8220;0&#8243; global_colors_info=&#8220;{}&#8220; sticky_enabled=&#8220;0&#8243;]<\/p>\n<p><span style=\"color: #ff0000;\"><br \/><strong>T\u0159et\u00ed generace <\/strong><\/span>harmonick\u00e9 p\u0159evodovky<\/p>\n<p><span style=\"color: #ff0000;\"><strong>Torzn\u00ed tuhost <\/strong><\/span>se zdvojn\u00e1sobila<\/p>\n<p><span style=\"color: #ff0000;\"><strong>P\u0159esnost <\/strong><\/span>stejnosm\u011brn\u00e9ho pohonu je v\u00edce ne\u017e dvojn\u00e1sobn\u00e1<\/p>\n<p><span style=\"color: #ff0000;\"><strong>\u0158e\u0161en\u00ed<\/strong> <\/span>probl\u00e9mu vibrac\u00ed spoje<\/p>\n<p><span style=\"color: #ff0000;\"><strong>Nov\u00e1 stavba <\/strong><\/span>a konstrukce profilu zubu<\/p>\n<p><span style=\"color: #ff0000;\"><strong>Speci\u00e1ln\u00ed <\/strong><strong>Materi\u00e1l <\/strong><\/span>pro dr\u00e1\u017ekov\u00e1n\u00ed Flex a lo\u017eiska<\/p>\n<p><span style=\"color: #ff0000;\"><strong>Speci\u00e1ln\u00ed technologie <\/strong><\/span>tepeln\u00e9ho zpracov\u00e1n\u00ed<\/p>\n<p>&nbsp;<\/p>\n<p>[\/et_pb_blurb][\/et_pb_column][\/et_pb_row][et_pb_row _builder_version=&#8220;4.21.0&#8243; _module_preset=&#8220;default&#8220; locked=&#8220;off&#8220; global_colors_info=&#8220;{}&#8220;][et_pb_column type=&#8220;4_4&#8243; _builder_version=&#8220;4.21.0&#8243; _module_preset=&#8220;default&#8220; global_colors_info=&#8220;{}&#8220;][et_pb_tabs active_tab_background_color=&#8220;#000000&#8243; inactive_tab_background_color=&#8220;#ff0000&#8243; active_tab_text_color=&#8220;#ffffff&#8220; module_id=&#8220;taby&#8220; _builder_version=&#8220;4.21.0&#8243; tab_text_color=&#8220;#ffffff&#8220; tab_font=&#8220;|300|||||||&#8220; tab_font_size=&#8220;16px&#8220; tab_line_height=&#8220;2.8em&#8220; border_width_all=&#8220;0px&#8220; border_color_all=&#8220;rgba(0,0,0,0)&#8220; global_colors_info=&#8220;{}&#8220;][et_pb_tab title=&#8220;Popis&#8220; _builder_version=&#8220;4.21.0&#8243; global_colors_info=&#8220;{}&#8220;]<\/p>\n<p>P\u0159evodovka modelu Y je na budoucnost orientovan\u00fd nov\u00fd syst\u00e9m harmonick\u00e9ho pohonu t\u0159et\u00ed generace zalo\u017een\u00fd na patentovan\u00e9 technologii sni\u017eov\u00e1n\u00ed ot\u00e1\u010dek. M\u00e1 exkluzivn\u00ed zcela novou strukturu zub\u016f a profil\u016f a vyu\u017e\u00edv\u00e1 t\u0159et\u00ed harmonickou technologii, kter\u00e1 nahrazuje druhou harmonickou technologii, flexspline a lo\u017eiska.<\/p>\n<p>Ve srovn\u00e1n\u00ed s p\u0159edchoz\u00ed generac\u00ed p\u0159enosu trak\u010dn\u00edch vln se p\u0159esnost p\u0159enosu a torzn\u00ed tuhost zdvojn\u00e1sobily. Jedn\u00e1 se o prvn\u00ed reduktor rychlosti na sv\u011bt\u011b, kter\u00fd dosahuje p\u0159esnosti p\u0159evodu v rozmez\u00ed 10 obloukov\u00fdch sekund a z\u00e1sadn\u011b \u0159e\u0161\u00ed probl\u00e9my s vibracemi spojky.<\/p>\n<p>&nbsp;<\/p>\n<p>Hlavn\u00ed d\u00edly p\u0159evodovky modelu Y jsou vyvinuty s pou\u017eit\u00edm jedine\u010dn\u00fdch materi\u00e1l\u016f a speci\u00e1ln\u00edch proces\u016f tepeln\u00e9ho zpracov\u00e1n\u00ed; model je vhodn\u00fd pro aplikace, kter\u00e9 vy\u017eaduj\u00ed neuv\u011b\u0159iteln\u011b vysokou p\u0159esnost p\u0159evodu. Stejn\u011b jako v\u0161echny ostatn\u00ed harmonick\u00e9 p\u0159evodovky LD m\u00e1 velkou nosnost, dobrou tuhost syst\u00e9mu a n\u00edzk\u00e9 v\u00fdstupn\u00ed vibrace.<\/p>\n<p>[\/et_pb_tab][et_pb_tab title=&#8220;Parametry&#8220; _builder_version=&#8220;4.21.0&#8243; global_colors_info=&#8220;{}&#8220;]<\/p>\n<h3>Parametry harmonick\u00fdch p\u0159evodovek YLHS<\/h3>\n<ul class=\"et_post_gallery clearfix\">\n\t\t\t\t\t<li class=\"et_gallery_item et_pb_gallery_image\">\n\t\t\t\t\t\t<a href=\"https:\/\/almer.sk\/wp-content\/uploads\/2023\/07\/23-Tab-Param-YLHS-scaled-e1689609550304.jpg\" title=\"23 Tab Param YLHS\">\n\t\t\t\t\t\t\t<span class=\"et_portfolio_image\">\n\t\t\t\t\t\t\t\t<img loading=\"lazy\" decoding=\"async\" width=\"400\" height=\"284\" src=\"https:\/\/almer.sk\/wp-content\/uploads\/2023\/07\/23-Tab-Param-YLHS-scaled-e1689609550304-400x284.jpg\" class=\"attachment-et-pb-portfolio-image size-et-pb-portfolio-image\" alt=\"\" \/>\n\t\t\t\t\t\t\t\t<span class=\"et_overlay\"><\/span>\n\t\t\t\t\t\t\t<\/span>\n\t\t\t\t\t\t<\/a>\n\t\t\t\t\t\t<p class=\"et_pb_gallery_caption\">23 Tab Param YLHS<\/p>\n\t\t\t\t\t<\/li>\n\t\t\t\t<\/ul>\n<p>[\/et_pb_tab][et_pb_tab title=&#8220;V\u00fdkresy&#8220; _builder_version=&#8220;4.21.0&#8243; global_colors_info=&#8220;{}&#8220;]<\/p>\n<h3>V\u00fdkresy p\u0159evodovek YLHS<\/h3>\n<ul class=\"et_post_gallery clearfix\">\n\t\t\t\t\t<li class=\"et_gallery_item et_pb_gallery_image\">\n\t\t\t\t\t\t<a href=\"https:\/\/almer.sk\/wp-content\/uploads\/2023\/07\/YLHS-14-XXX-C-I-scaled-e1689610882665.jpg\" title=\"YLHS-14-XXX-C-I\">\n\t\t\t\t\t\t\t<span class=\"et_portfolio_image\">\n\t\t\t\t\t\t\t\t<img loading=\"lazy\" decoding=\"async\" width=\"400\" height=\"284\" src=\"https:\/\/almer.sk\/wp-content\/uploads\/2023\/07\/YLHS-14-XXX-C-I-scaled-e1689610882665-400x284.jpg\" class=\"attachment-et-pb-portfolio-image size-et-pb-portfolio-image\" alt=\"\" \/>\n\t\t\t\t\t\t\t\t<span class=\"et_overlay\"><\/span>\n\t\t\t\t\t\t\t<\/span>\n\t\t\t\t\t\t<\/a>\n\t\t\t\t\t\t<p class=\"et_pb_gallery_caption\">YLHS-14-XXX-C-I<\/p>\n\t\t\t\t\t<\/li><li class=\"et_gallery_item et_pb_gallery_image\">\n\t\t\t\t\t\t<a href=\"https:\/\/almer.sk\/wp-content\/uploads\/2023\/07\/YLHS-17-XXX-C-I-scaled-e1689610821959.jpg\" title=\"YLHS-17-XXX-C-I\">\n\t\t\t\t\t\t\t<span class=\"et_portfolio_image\">\n\t\t\t\t\t\t\t\t<img loading=\"lazy\" decoding=\"async\" width=\"400\" height=\"284\" src=\"https:\/\/almer.sk\/wp-content\/uploads\/2023\/07\/YLHS-17-XXX-C-I-scaled-e1689610821959-400x284.jpg\" class=\"attachment-et-pb-portfolio-image size-et-pb-portfolio-image\" alt=\"\" \/>\n\t\t\t\t\t\t\t\t<span class=\"et_overlay\"><\/span>\n\t\t\t\t\t\t\t<\/span>\n\t\t\t\t\t\t<\/a>\n\t\t\t\t\t\t<p class=\"et_pb_gallery_caption\">YLHS-17-XXX-C-I<\/p>\n\t\t\t\t\t<\/li><li class=\"et_gallery_item et_pb_gallery_image\">\n\t\t\t\t\t\t<a href=\"https:\/\/almer.sk\/wp-content\/uploads\/2023\/07\/YLHS-20-XXX-C-I-scaled-e1689611260472.jpg\" title=\"YLHS-20-XXX-C-I\">\n\t\t\t\t\t\t\t<span class=\"et_portfolio_image\">\n\t\t\t\t\t\t\t\t<img loading=\"lazy\" decoding=\"async\" width=\"400\" height=\"284\" src=\"https:\/\/almer.sk\/wp-content\/uploads\/2023\/07\/YLHS-20-XXX-C-I-scaled-e1689611260472-400x284.jpg\" class=\"attachment-et-pb-portfolio-image size-et-pb-portfolio-image\" alt=\"\" \/>\n\t\t\t\t\t\t\t\t<span class=\"et_overlay\"><\/span>\n\t\t\t\t\t\t\t<\/span>\n\t\t\t\t\t\t<\/a>\n\t\t\t\t\t\t<p class=\"et_pb_gallery_caption\">YLHS-20-XXX-C-I<\/p>\n\t\t\t\t\t<\/li><li class=\"et_gallery_item et_pb_gallery_image\">\n\t\t\t\t\t\t<a href=\"https:\/\/almer.sk\/wp-content\/uploads\/2023\/07\/YLHS-25-XXX-C-I-scaled-e1689610788594.jpg\" title=\"YLHS-25-XXX-C-I\">\n\t\t\t\t\t\t\t<span class=\"et_portfolio_image\">\n\t\t\t\t\t\t\t\t<img loading=\"lazy\" decoding=\"async\" width=\"400\" height=\"284\" src=\"https:\/\/almer.sk\/wp-content\/uploads\/2023\/07\/YLHS-25-XXX-C-I-scaled-e1689610788594-400x284.jpg\" class=\"attachment-et-pb-portfolio-image size-et-pb-portfolio-image\" alt=\"\" \/>\n\t\t\t\t\t\t\t\t<span class=\"et_overlay\"><\/span>\n\t\t\t\t\t\t\t<\/span>\n\t\t\t\t\t\t<\/a>\n\t\t\t\t\t\t<p class=\"et_pb_gallery_caption\">YLHS-25-XXX-C-I<\/p>\n\t\t\t\t\t<\/li><li class=\"et_gallery_item et_pb_gallery_image\">\n\t\t\t\t\t\t<a href=\"https:\/\/almer.sk\/wp-content\/uploads\/2023\/07\/YLHS-32-XXX-C-I-scaled-e1689611154867.jpg\" title=\"YLHS-32-XXX-C-I\">\n\t\t\t\t\t\t\t<span class=\"et_portfolio_image\">\n\t\t\t\t\t\t\t\t<img loading=\"lazy\" decoding=\"async\" width=\"400\" height=\"284\" src=\"https:\/\/almer.sk\/wp-content\/uploads\/2023\/07\/YLHS-32-XXX-C-I-scaled-e1689611154867-400x284.jpg\" class=\"attachment-et-pb-portfolio-image size-et-pb-portfolio-image\" alt=\"\" \/>\n\t\t\t\t\t\t\t\t<span class=\"et_overlay\"><\/span>\n\t\t\t\t\t\t\t<\/span>\n\t\t\t\t\t\t<\/a>\n\t\t\t\t\t\t<p class=\"et_pb_gallery_caption\">YLHS-32-XXX-C-I<\/p>\n\t\t\t\t\t<\/li><li class=\"et_gallery_item et_pb_gallery_image\">\n\t\t\t\t\t\t<a href=\"https:\/\/almer.sk\/wp-content\/uploads\/2023\/07\/YLHS-40-XXX-C-I-scaled-e1689610735643.jpg\" title=\"YLHS-40-XXX-C-I\">\n\t\t\t\t\t\t\t<span class=\"et_portfolio_image\">\n\t\t\t\t\t\t\t\t<img loading=\"lazy\" decoding=\"async\" width=\"400\" height=\"284\" src=\"https:\/\/almer.sk\/wp-content\/uploads\/2023\/07\/YLHS-40-XXX-C-I-scaled-e1689610735643-400x284.jpg\" class=\"attachment-et-pb-portfolio-image size-et-pb-portfolio-image\" alt=\"\" \/>\n\t\t\t\t\t\t\t\t<span class=\"et_overlay\"><\/span>\n\t\t\t\t\t\t\t<\/span>\n\t\t\t\t\t\t<\/a>\n\t\t\t\t\t\t<p class=\"et_pb_gallery_caption\">YLHS-40-XXX-C-I<\/p>\n\t\t\t\t\t<\/li>\n\t\t\t\t<\/ul>\n<p>[\/et_pb_tab][et_pb_tab title=&#8220;3D&#8220; _builder_version=&#8220;4.21.0&#8243; global_colors_info=&#8220;{}&#8220;]<\/p>\n<h3>Pro 3D v\u00fdstup n\u00e1s pros\u00edm kontaktujte<\/h3>\n<h4>[et_pb_section global_module=\"1380\"][\/et_pb_section]<\/h4>\n<p>[\/et_pb_tab][et_pb_tab title=&#8220;Specifikace modelu&#8220; _builder_version=&#8220;4.21.0&#8243; global_colors_info=&#8220;{}&#8220;]<\/p>\n<h3>Specifikace model\u016f<\/h3>\n<ul class=\"et_post_gallery clearfix\">\n\t\t\t\t\t<li class=\"et_gallery_item et_pb_gallery_image\">\n\t\t\t\t\t\t<a href=\"https:\/\/almer.sk\/wp-content\/uploads\/2023\/07\/23-Specifikacia-modelu-YLHS-scaled-e1689609535934.jpg\" title=\"23 S\u030cpecifika\u0301cia modelu YLHS\">\n\t\t\t\t\t\t\t<span class=\"et_portfolio_image\">\n\t\t\t\t\t\t\t\t<img loading=\"lazy\" decoding=\"async\" width=\"400\" height=\"284\" src=\"https:\/\/almer.sk\/wp-content\/uploads\/2023\/07\/23-Specifikacia-modelu-YLHS-scaled-e1689609535934-400x284.jpg\" class=\"attachment-et-pb-portfolio-image size-et-pb-portfolio-image\" alt=\"\" \/>\n\t\t\t\t\t\t\t\t<span class=\"et_overlay\"><\/span>\n\t\t\t\t\t\t\t<\/span>\n\t\t\t\t\t\t<\/a>\n\t\t\t\t\t\t<p class=\"et_pb_gallery_caption\">23 S\u030cpecifika\u0301cia modelu YLHS<\/p>\n\t\t\t\t\t<\/li>\n\t\t\t\t<\/ul>\n<p>[\/et_pb_tab][et_pb_tab title=&#8220;Dotaz na v\u00fdrobek&#8220; _builder_version=&#8220;4.21.0&#8243; global_colors_info=&#8220;{}&#8220;]Kontaktujte n\u00e1\u0161 technick\u00fd prodejn\u00ed t\u00fdm a vy\u017e\u00e1dejte si ceny, datov\u00e9 listy, technick\u00e9 v\u00fdkresy (2D\/3D), hardwarov\u00e9 a softwarov\u00e9 p\u0159\u00edru\u010dky nebo jak\u00e9koli dal\u0161\u00ed technick\u00e9 informace pro va\u0161e aplikace&#8230;<\/p>\n[et_pb_section global_module=\"1380\"][\/et_pb_section]\n<p>[\/et_pb_tab][\/et_pb_tabs][\/et_pb_column][\/et_pb_row][\/et_pb_section]<\/p>\n","protected":false},"excerpt":{"rendered":"<p>&gt; Dom\u016f \/ P\u0159evodovky \/ Harmonick\u00e9 \/ YLHSModel Y &#8211; Harmonick\u00e9 p\u0159evodovkyT\u0159et\u00ed generace harmonick\u00e9 p\u0159evodovky Torzn\u00ed tuhost se zdvojn\u00e1sobila P\u0159esnost stejnosm\u011brn\u00e9ho pohonu je v\u00edce ne\u017e dvojn\u00e1sobn\u00e1 \u0158e\u0161en\u00ed probl\u00e9mu vibrac\u00ed spoje Nov\u00e1 stavba a konstrukce profilu zubu Speci\u00e1ln\u00ed Materi\u00e1l pro dr\u00e1\u017ekov\u00e1n\u00ed Flex a lo\u017eiska Speci\u00e1ln\u00ed technologie tepeln\u00e9ho zpracov\u00e1n\u00ed &nbsp;P\u0159evodovka modelu Y je na budoucnost orientovan\u00fd nov\u00fd [&hellip;]<\/p>\n","protected":false},"author":1,"featured_media":0,"parent":5556,"menu_order":0,"comment_status":"closed","ping_status":"closed","template":"","meta":{"_et_pb_use_builder":"on","_et_pb_old_content":"","_et_gb_content_width":"","footnotes":""},"class_list":["post-6040","page","type-page","status-publish","hentry"],"yoast_head":"<!-- This site is optimized with the Yoast SEO plugin v26.6 - https:\/\/yoast.com\/wordpress\/plugins\/seo\/ -->\n<title>Harmonick\u00e9 p\u0159evodovky model Y - Almer.sk<\/title>\n<meta name=\"robots\" content=\"index, follow, max-snippet:-1, max-image-preview:large, max-video-preview:-1\" \/>\n<link rel=\"canonical\" href=\"https:\/\/almer.sk\/cs\/harmonicke-prevodovky\/harmonicke-prevodovky-model-y\/\" \/>\n<meta property=\"og:locale\" content=\"cs_CZ\" \/>\n<meta property=\"og:type\" content=\"article\" \/>\n<meta property=\"og:title\" content=\"Harmonick\u00e9 p\u0159evodovky model Y - Almer.sk\" \/>\n<meta property=\"og:description\" content=\"&gt; Dom\u016f \/ P\u0159evodovky \/ Harmonick\u00e9 \/ YLHSModel Y - Harmonick\u00e9 p\u0159evodovkyT\u0159et\u00ed generace harmonick\u00e9 p\u0159evodovky Torzn\u00ed tuhost se zdvojn\u00e1sobila P\u0159esnost stejnosm\u011brn\u00e9ho pohonu je v\u00edce ne\u017e dvojn\u00e1sobn\u00e1 \u0158e\u0161en\u00ed probl\u00e9mu vibrac\u00ed spoje Nov\u00e1 stavba a konstrukce profilu zubu Speci\u00e1ln\u00ed Materi\u00e1l pro dr\u00e1\u017ekov\u00e1n\u00ed Flex a lo\u017eiska Speci\u00e1ln\u00ed technologie tepeln\u00e9ho zpracov\u00e1n\u00ed &nbsp;P\u0159evodovka modelu Y je na budoucnost orientovan\u00fd nov\u00fd [&hellip;]\" \/>\n<meta property=\"og:url\" content=\"https:\/\/almer.sk\/cs\/harmonicke-prevodovky\/harmonicke-prevodovky-model-y\/\" \/>\n<meta property=\"og:site_name\" content=\"Almer.sk\" \/>\n<meta property=\"article:modified_time\" content=\"2024-04-12T12:24:02+00:00\" \/>\n<meta name=\"twitter:card\" content=\"summary_large_image\" \/>\n<meta name=\"twitter:label1\" content=\"Odhadovan\u00e1 doba \u010dten\u00ed\" \/>\n\t<meta name=\"twitter:data1\" content=\"3 minuty\" \/>\n<script type=\"application\/ld+json\" class=\"yoast-schema-graph\">{\"@context\":\"https:\/\/schema.org\",\"@graph\":[{\"@type\":\"WebPage\",\"@id\":\"https:\/\/almer.sk\/cs\/harmonicke-prevodovky\/harmonicke-prevodovky-model-y\/\",\"url\":\"https:\/\/almer.sk\/cs\/harmonicke-prevodovky\/harmonicke-prevodovky-model-y\/\",\"name\":\"Harmonick\u00e9 p\u0159evodovky model Y - Almer.sk\",\"isPartOf\":{\"@id\":\"https:\/\/almer.sk\/cs\/#website\"},\"datePublished\":\"2023-07-17T15:48:40+00:00\",\"dateModified\":\"2024-04-12T12:24:02+00:00\",\"breadcrumb\":{\"@id\":\"https:\/\/almer.sk\/cs\/harmonicke-prevodovky\/harmonicke-prevodovky-model-y\/#breadcrumb\"},\"inLanguage\":\"cs\",\"potentialAction\":[{\"@type\":\"ReadAction\",\"target\":[\"https:\/\/almer.sk\/cs\/harmonicke-prevodovky\/harmonicke-prevodovky-model-y\/\"]}]},{\"@type\":\"BreadcrumbList\",\"@id\":\"https:\/\/almer.sk\/cs\/harmonicke-prevodovky\/harmonicke-prevodovky-model-y\/#breadcrumb\",\"itemListElement\":[{\"@type\":\"ListItem\",\"position\":1,\"name\":\"Home\",\"item\":\"https:\/\/almer.sk\/cs\/home\/\"},{\"@type\":\"ListItem\",\"position\":2,\"name\":\"Harmonick\u00e9 p\u0159evodovky\",\"item\":\"https:\/\/almer.sk\/cs\/harmonicke-prevodovky\/\"},{\"@type\":\"ListItem\",\"position\":3,\"name\":\"Harmonick\u00e9 p\u0159evodovky model Y\"}]},{\"@type\":\"WebSite\",\"@id\":\"https:\/\/almer.sk\/cs\/#website\",\"url\":\"https:\/\/almer.sk\/cs\/\",\"name\":\"Almer.sk\",\"description\":\"Technologick\u00fd l\u00edder v oblasti presn\u00fdch prevodoviek\",\"potentialAction\":[{\"@type\":\"SearchAction\",\"target\":{\"@type\":\"EntryPoint\",\"urlTemplate\":\"https:\/\/almer.sk\/cs\/?s={search_term_string}\"},\"query-input\":{\"@type\":\"PropertyValueSpecification\",\"valueRequired\":true,\"valueName\":\"search_term_string\"}}],\"inLanguage\":\"cs\"}]}<\/script>\n<!-- \/ Yoast SEO plugin. -->","yoast_head_json":{"title":"Harmonick\u00e9 p\u0159evodovky model Y - Almer.sk","robots":{"index":"index","follow":"follow","max-snippet":"max-snippet:-1","max-image-preview":"max-image-preview:large","max-video-preview":"max-video-preview:-1"},"canonical":"https:\/\/almer.sk\/cs\/harmonicke-prevodovky\/harmonicke-prevodovky-model-y\/","og_locale":"cs_CZ","og_type":"article","og_title":"Harmonick\u00e9 p\u0159evodovky model Y - Almer.sk","og_description":"&gt; Dom\u016f \/ P\u0159evodovky \/ Harmonick\u00e9 \/ YLHSModel Y - Harmonick\u00e9 p\u0159evodovkyT\u0159et\u00ed generace harmonick\u00e9 p\u0159evodovky Torzn\u00ed tuhost se zdvojn\u00e1sobila P\u0159esnost stejnosm\u011brn\u00e9ho pohonu je v\u00edce ne\u017e dvojn\u00e1sobn\u00e1 \u0158e\u0161en\u00ed probl\u00e9mu vibrac\u00ed spoje Nov\u00e1 stavba a konstrukce profilu zubu Speci\u00e1ln\u00ed Materi\u00e1l pro dr\u00e1\u017ekov\u00e1n\u00ed Flex a lo\u017eiska Speci\u00e1ln\u00ed technologie tepeln\u00e9ho zpracov\u00e1n\u00ed &nbsp;P\u0159evodovka modelu Y je na budoucnost orientovan\u00fd nov\u00fd [&hellip;]","og_url":"https:\/\/almer.sk\/cs\/harmonicke-prevodovky\/harmonicke-prevodovky-model-y\/","og_site_name":"Almer.sk","article_modified_time":"2024-04-12T12:24:02+00:00","twitter_card":"summary_large_image","twitter_misc":{"Odhadovan\u00e1 doba \u010dten\u00ed":"3 minuty"},"schema":{"@context":"https:\/\/schema.org","@graph":[{"@type":"WebPage","@id":"https:\/\/almer.sk\/cs\/harmonicke-prevodovky\/harmonicke-prevodovky-model-y\/","url":"https:\/\/almer.sk\/cs\/harmonicke-prevodovky\/harmonicke-prevodovky-model-y\/","name":"Harmonick\u00e9 p\u0159evodovky model Y - Almer.sk","isPartOf":{"@id":"https:\/\/almer.sk\/cs\/#website"},"datePublished":"2023-07-17T15:48:40+00:00","dateModified":"2024-04-12T12:24:02+00:00","breadcrumb":{"@id":"https:\/\/almer.sk\/cs\/harmonicke-prevodovky\/harmonicke-prevodovky-model-y\/#breadcrumb"},"inLanguage":"cs","potentialAction":[{"@type":"ReadAction","target":["https:\/\/almer.sk\/cs\/harmonicke-prevodovky\/harmonicke-prevodovky-model-y\/"]}]},{"@type":"BreadcrumbList","@id":"https:\/\/almer.sk\/cs\/harmonicke-prevodovky\/harmonicke-prevodovky-model-y\/#breadcrumb","itemListElement":[{"@type":"ListItem","position":1,"name":"Home","item":"https:\/\/almer.sk\/cs\/home\/"},{"@type":"ListItem","position":2,"name":"Harmonick\u00e9 p\u0159evodovky","item":"https:\/\/almer.sk\/cs\/harmonicke-prevodovky\/"},{"@type":"ListItem","position":3,"name":"Harmonick\u00e9 p\u0159evodovky model Y"}]},{"@type":"WebSite","@id":"https:\/\/almer.sk\/cs\/#website","url":"https:\/\/almer.sk\/cs\/","name":"Almer.sk","description":"Technologick\u00fd l\u00edder v oblasti presn\u00fdch prevodoviek","potentialAction":[{"@type":"SearchAction","target":{"@type":"EntryPoint","urlTemplate":"https:\/\/almer.sk\/cs\/?s={search_term_string}"},"query-input":{"@type":"PropertyValueSpecification","valueRequired":true,"valueName":"search_term_string"}}],"inLanguage":"cs"}]}},"_links":{"self":[{"href":"https:\/\/almer.sk\/cs\/wp-json\/wp\/v2\/pages\/6040","targetHints":{"allow":["GET"]}}],"collection":[{"href":"https:\/\/almer.sk\/cs\/wp-json\/wp\/v2\/pages"}],"about":[{"href":"https:\/\/almer.sk\/cs\/wp-json\/wp\/v2\/types\/page"}],"author":[{"embeddable":true,"href":"https:\/\/almer.sk\/cs\/wp-json\/wp\/v2\/users\/1"}],"replies":[{"embeddable":true,"href":"https:\/\/almer.sk\/cs\/wp-json\/wp\/v2\/comments?post=6040"}],"version-history":[{"count":6,"href":"https:\/\/almer.sk\/cs\/wp-json\/wp\/v2\/pages\/6040\/revisions"}],"predecessor-version":[{"id":6773,"href":"https:\/\/almer.sk\/cs\/wp-json\/wp\/v2\/pages\/6040\/revisions\/6773"}],"up":[{"embeddable":true,"href":"https:\/\/almer.sk\/cs\/wp-json\/wp\/v2\/pages\/5556"}],"wp:attachment":[{"href":"https:\/\/almer.sk\/cs\/wp-json\/wp\/v2\/media?parent=6040"}],"curies":[{"name":"wp","href":"https:\/\/api.w.org\/{rel}","templated":true}]}}