{"id":5983,"date":"2023-07-11T15:13:08","date_gmt":"2023-07-11T13:13:08","guid":{"rendered":"https:\/\/almer.sk\/harmonicke-prevodovky\/lhsg-harmonicke-prevodovky\/"},"modified":"2024-02-06T16:28:58","modified_gmt":"2024-02-06T15:28:58","slug":"lhsg-harmonicke-prevodovky","status":"publish","type":"page","link":"https:\/\/almer.sk\/cs\/harmonicke-prevodovky\/lhsg-harmonicke-prevodovky\/","title":{"rendered":"LHS(G) &#8211; Harmonick\u00e9 p\u0159evodovky"},"content":{"rendered":"<p>[et_pb_section fb_built=&#8220;1&#8243; _builder_version=&#8220;4.21.0&#8243; _module_preset=&#8220;default&#8220; locked=&#8220;off&#8220; global_colors_info=&#8220;{}&#8220;][et_pb_row _builder_version=&#8220;4.21.0&#8243; _module_preset=&#8220;default&#8220; global_colors_info=&#8220;{}&#8220;][et_pb_column type=&#8220;4_4&#8243; _builder_version=&#8220;4.21.0&#8243; _module_preset=&#8220;default&#8220; global_colors_info=&#8220;{}&#8220;][et_pb_blurb content_max_width=&#8220;1100px&#8220; _builder_version=&#8220;4.21.0&#8243; _module_preset=&#8220;default&#8220; body_text_align=&#8220;left&#8220; global_colors_info=&#8220;{}&#8220;]<\/p>\n<p> <a class=\"bread\" href=\"https:\/\/almer.sk\/cs\/\">&gt; Dom\u016f<\/a> \/ <a class=\"bread\" href=\"https:\/\/almer.sk\/cs\/prevodovky\/\">P\u0159evodovky<\/a> \/ <a class=\"bread\" href=\"https:\/\/almer.sk\/cs\/harmonicke-prevodovky\/\">Harmonick\u00e9<\/a> \/ LHS<\/p>\n<p>[\/et_pb_blurb][\/et_pb_column][\/et_pb_row][et_pb_row _builder_version=&#8220;4.21.0&#8243; _module_preset=&#8220;default&#8220; min_height=&#8220;56px&#8220; global_colors_info=&#8220;{}&#8220;][et_pb_column type=&#8220;4_4&#8243; _builder_version=&#8220;4.21.0&#8243; _module_preset=&#8220;default&#8220; global_colors_info=&#8220;{}&#8220;][et_pb_blurb _builder_version=&#8220;4.21.0&#8243; _module_preset=&#8220;default&#8220; header_font=&#8220;|||on|||||&#8220; global_colors_info=&#8220;{}&#8220;]<\/p>\n<h1 style=\"text-align: center;\"><span class=\"cierna\">LHS(G<\/span> ) &#8211; Harmonick\u00e9 p\u0159evodovky<\/h1>\n<h2 style=\"text-align: center;\">Flexspline &#8211; dut\u00fd v\u00e1lcov\u00fd tvar s p\u0159\u00edrubou<\/h2>\n<p>[\/et_pb_blurb][et_pb_blurb disabled_on=&#8220;off|on|on&#8220; _builder_version=&#8220;4.21.0&#8243; _module_preset=&#8220;default&#8220; custom_margin=&#8220;||||false|false&#8220; global_colors_info=&#8220;{}&#8220;]<\/p>\n<h4><strong><span style=\"color: #ff0000;\">P\u0159ehled parametr\u016f<\/span><\/strong><\/h4>\n<p><strong>p\u0159evodov\u00fd pom\u011br: <\/strong>30, 50, 80, 100, 120 a 160*: 1<br \/><strong>v\u00fdstupn\u00ed kroutic\u00ed momenty<\/strong>: od 2,4 do 708 Nm<br \/><strong>v\u016fle v ozuben\u00ed<\/strong>: \u2264 10 \u00fahlov\u00fdch vte\u0159in \/ \u2264 20 \u00fahlov\u00fdch vte\u0159in<br \/><strong>max. vstupn\u00ed rychlost<\/strong>: 3000 a\u017e 8500 ot\/min<br \/><strong>Velikost: LHS<\/strong><br \/>11\/14\/17\/20\/25\/32\/40\/50*\/58*<\/p>\n<p><span style=\"color: #ff0000;\">\u0158ada LHSG<\/span> &#8211; model s vysok\u00fdm to\u010div\u00fdm momentem<br \/><span style=\"color: #ff0000;\">\u0158ada LHS-P<\/span> &#8211; sada komponent Model<\/p>\n<p>[\/et_pb_blurb][\/et_pb_column][\/et_pb_row][\/et_pb_section][et_pb_section fb_built=&#8220;1&#8243; specialty=&#8220;on&#8220; _builder_version=&#8220;4.21.0&#8243; _module_preset=&#8220;default&#8220; custom_margin=&#8220;-25px||||false|false&#8220; custom_padding=&#8220;0px||0px|||&#8220; global_colors_info=&#8220;{}&#8220;][et_pb_column type=&#8220;1_2&#8243; specialty_columns=&#8220;2&#8243; _builder_version=&#8220;4.16&#8243; custom_padding=&#8220;|||&#8220; global_colors_info=&#8220;{}&#8220; custom_padding__hover=&#8220;|||&#8220;][et_pb_row_inner _builder_version=&#8220;4.21.0&#8243; _module_preset=&#8220;default&#8220; global_colors_info=&#8220;{}&#8220;][et_pb_column_inner saved_specialty_column_type=&#8220;1_2&#8243; _builder_version=&#8220;4.21.0&#8243; _module_preset=&#8220;default&#8220; global_colors_info=&#8220;{}&#8220;][et_pb_blurb _builder_version=&#8220;4.21.0&#8243; _module_preset=&#8220;default&#8220; global_colors_info=&#8220;{}&#8220;]<\/p>\n<h3 style=\"text-align: center;\"><a href=\"https:\/\/almer.sk\/cs\/harmonicke-prevodovky\/harmonicke-prevodovky-lhsg-c-p-i\/\"><span style=\"color: #ff0000;\">LHS -I \/ LHSG -I \/ LHS-P-I<\/span><\/a><\/h3>\n<p style=\"text-align: center;\">p\u0159\u00edm\u00e9 p\u0159ipojen\u00ed vstupn\u00edho h\u0159\u00eddele s perem a dr\u00e1\u017ekou<\/p>\n<p>[\/et_pb_blurb][\/et_pb_column_inner][\/et_pb_row_inner][et_pb_row_inner column_structure=&#8220;1_2,1_2&#8243; _builder_version=&#8220;4.21.0&#8243; _module_preset=&#8220;default&#8220; global_colors_info=&#8220;{}&#8220;][et_pb_column_inner type=&#8220;1_2&#8243; saved_specialty_column_type=&#8220;1_2&#8243; _builder_version=&#8220;4.21.0&#8243; _module_preset=&#8220;default&#8220; global_colors_info=&#8220;{}&#8220;][et_pb_blurb title=&#8220;Kompletn\u00ed p\u0159evodovka&#8220; url=&#8220;https:\/\/almer.sk\/cs\/harmonicke-prevodovky\/harmonicke-prevodovky-lhsg-c-p-i\/&#8220; image=&#8220;https:\/\/almer.sk\/wp-content\/uploads\/2023\/07\/Kompletna-prevodovka-e1689100522229.png&#8220; alt=&#8220;Kompletn\u00ed p\u0159enos&#8220; image_icon_width=&#8220;80%&#8220; icon_alignment=&#8220;right&#8220; image_icon_width_tablet=&#8220;80%&#8220; image_icon_width_phone=&#8220;60%&#8220; image_icon_width_last_edited=&#8220;on|phone&#8220; icon_alignment_tablet=&#8220;right&#8220; icon_alignment_phone=&#8220;center&#8220; icon_alignment_last_edited=&#8220;on|phone&#8220; _builder_version=&#8220;4.24.0&#8243; _module_preset=&#8220;default&#8220; header_text_align=&#8220;right&#8220; header_text_color=&#8220;#FF0000&#8243; custom_margin=&#8220;|-35px||15px|false|false&#8220; custom_margin_tablet=&#8220;|-25px|||false|false&#8220; custom_margin_phone=&#8220;|0px|||false|false&#8220; custom_margin_last_edited=&#8220;on|phone&#8220; animation=&#8220;off&#8220; link_option_url=&#8220;https:\/\/almer.sk\/cs\/harmonicke-prevodovky\/harmonicke-prevodovky-lhsg-c-p-i\/&#8220; hover_enabled=&#8220;0&#8243; header_text_align_tablet=&#8220;right&#8220; header_text_align_phone=&#8220;center&#8220; header_text_align_last_edited=&#8220;on|phone&#8220; global_colors_info=&#8220;{}&#8220; sticky_enabled=&#8220;0&#8243;][\/et_pb_blurb][\/et_pb_column_inner][et_pb_column_inner type=&#8220;1_2&#8243; saved_specialty_column_type=&#8220;1_2&#8243; _builder_version=&#8220;4.21.0&#8243; _module_preset=&#8220;default&#8220; global_colors_info=&#8220;{}&#8220;][et_pb_blurb title=&#8220;Sada komponent&#8220; url=&#8220;https:\/\/almer.sk\/cs\/harmonicke-prevodovky\/harmonicke-prevodovky-lhsg-c-p-i\/&#8220; image=&#8220;https:\/\/almer.sk\/wp-content\/uploads\/2023\/07\/Komponent-set-e1689092574690.png&#8220; alt=&#8220;Sada komponent&#8220; image_icon_width=&#8220;80%&#8220; image_icon_width_tablet=&#8220;80%&#8220; image_icon_width_phone=&#8220;60%&#8220; image_icon_width_last_edited=&#8220;on|phone&#8220; _builder_version=&#8220;4.21.0&#8243; _module_preset=&#8220;default&#8220; header_text_align=&#8220;center&#8220; header_text_color=&#8220;#FF0000&#8243; custom_margin=&#8220;|15px||-35px|false|false&#8220; custom_margin_tablet=&#8220;|||-25px|false|false&#8220; custom_margin_phone=&#8220;|||0px|false|false&#8220; custom_margin_last_edited=&#8220;on|phone&#8220; animation=&#8220;off&#8220; link_option_url=&#8220;https:\/\/almer.sk\/cs\/harmonicke-prevodovky\/harmonicke-prevodovky-lhsg-c-p-i\/&#8220; global_colors_info=&#8220;{}&#8220;][\/et_pb_blurb][\/et_pb_column_inner][\/et_pb_row_inner][\/et_pb_column][et_pb_column type=&#8220;1_4&#8243; _builder_version=&#8220;4.16&#8243; custom_padding=&#8220;|||&#8220; global_colors_info=&#8220;{}&#8220; custom_padding__hover=&#8220;|||&#8220;][et_pb_blurb _builder_version=&#8220;4.21.0&#8243; _module_preset=&#8220;default&#8220; global_colors_info=&#8220;{}&#8220;]<\/p>\n<h3 style=\"text-align: center;\"><a href=\"https:\/\/almer.sk\/cs\/harmonicke-prevodovky\/lhsg-harmonicke-prevodovky\/lhsg-c-p-ii-harmonicke-prevodovky\/\"><span style=\"color: #ff0000;\">LHS -II \/ LHSG -II<\/span><\/a><\/h3>\n<p style=\"text-align: center;\">p\u0159ipojen\u00ed pomoc\u00ed k\u0159\u00ed\u017eov\u00e9 posuvn\u00e9 spojky<\/p>\n<p>[\/et_pb_blurb][et_pb_blurb url=&#8220;https:\/\/almer.sk\/cs\/harmonicke-prevodovky\/lhsg-harmonicke-prevodovky\/lhsg-c-p-ii-harmonicke-prevodovky\/&#8220; image=&#8220;https:\/\/almer.sk\/wp-content\/uploads\/2023\/07\/LHS-II-LHSG-II-1-e1689103654147.png&#8220; alt=&#8220;LHS -II : LHSG -II&#8220; image_icon_width=&#8220;84%&#8220; image_icon_width_tablet=&#8220;84%&#8220; image_icon_width_phone=&#8220;60%&#8220; image_icon_width_last_edited=&#8220;on|phone&#8220; _builder_version=&#8220;4.21.0&#8243; _module_preset=&#8220;default&#8220; header_text_align=&#8220;center&#8220; header_text_color=&#8220;#FF0000&#8243; custom_margin=&#8220;||||false|false&#8220; custom_padding=&#8220;3px||||false|false&#8220; animation=&#8220;off&#8220; link_option_url=&#8220;https:\/\/almer.sk\/cs\/harmonicke-prevodovky\/lhsg-harmonicke-prevodovky\/lhsg-c-p-ii-harmonicke-prevodovky\/&#8220; global_colors_info=&#8220;{}&#8220;][\/et_pb_blurb][\/et_pb_column][et_pb_column type=&#8220;1_4&#8243; _builder_version=&#8220;4.16&#8243; custom_padding=&#8220;|||&#8220; global_colors_info=&#8220;{}&#8220; custom_padding__hover=&#8220;|||&#8220;][et_pb_blurb disabled_on=&#8220;on|off|off&#8220; _builder_version=&#8220;4.21.0&#8243; _module_preset=&#8220;default&#8220; custom_margin=&#8220;||||false|false&#8220; global_colors_info=&#8220;{}&#8220;]<\/p>\n<h4><strong><span style=\"color: #ff0000;\">P\u0159ehled parametr\u016f<\/span><\/strong><\/h4>\n<p><strong>p\u0159evodov\u00fd pom\u011br: <\/strong>30, 50, 80, 100, 120 a 160*: 1<br \/><strong>v\u00fdstupn\u00ed kroutic\u00ed momenty<\/strong>: od 2,4 do 708 Nm<br \/><strong>v\u016fle v ozuben\u00ed<\/strong>: \u2264 10 \u00fahlov\u00fdch vte\u0159in \/ \u2264 20 \u00fahlov\u00fdch vte\u0159in<br \/><strong>max. vstupn\u00ed rychlost<\/strong>: 3000 a\u017e 8500 ot\/min<br \/><strong>Velikost: LHS<\/strong><br \/>11\/14\/17\/20\/25\/32\/40\/50*\/58*<\/p>\n<p><span style=\"color: #ff0000;\">\u0158ada LHSG<\/span> &#8211; model s vysok\u00fdm to\u010div\u00fdm momentem<br \/><span style=\"color: #ff0000;\">\u0158ada LHS-P<\/span> &#8211; sada komponent Model<\/p>\n<p>[\/et_pb_blurb][\/et_pb_column][\/et_pb_section][et_pb_section fb_built=&#8220;1&#8243; _builder_version=&#8220;4.21.0&#8243; _module_preset=&#8220;default&#8220; custom_padding=&#8220;17px||0px|||&#8220; global_colors_info=&#8220;{}&#8220;][et_pb_row column_structure=&#8220;1_3,1_3,1_3&#8243; _builder_version=&#8220;4.21.0&#8243; _module_preset=&#8220;default&#8220; custom_padding=&#8220;||0px|||&#8220; global_colors_info=&#8220;{}&#8220;][et_pb_column type=&#8220;1_3&#8243; _builder_version=&#8220;4.21.0&#8243; _module_preset=&#8220;default&#8220; global_colors_info=&#8220;{}&#8220;][et_pb_blurb _builder_version=&#8220;4.21.0&#8243; _module_preset=&#8220;default&#8220; global_colors_info=&#8220;{}&#8220;]<\/p>\n<h3 style=\"text-align: center;\"><a href=\"https:\/\/almer.sk\/cs\/harmonicke-prevodovky\/lhsg-harmonicke-prevodovky\/harmonicke-prevodovky-lhsg-c-iii\/\"><span style=\"color: #ff0000;\">LHS -III \/ LHSG -III<\/span><\/a><\/h3>\n<p style=\"text-align: center;\">dut\u00e1 h\u0159\u00eddel velk\u00e9ho pr\u016fm\u011bru<\/p>\n<p>[\/et_pb_blurb][et_pb_blurb url=&#8220;https:\/\/almer.sk\/cs\/harmonicke-prevodovky\/lhsg-harmonicke-prevodovky\/harmonicke-prevodovky-lhsg-c-iii\/&#8220; image=&#8220;https:\/\/almer.sk\/wp-content\/uploads\/2023\/07\/LHS-III-LHSG-III.png&#8220; alt=&#8220;LHS -III : LHSG -III&#8220; _builder_version=&#8220;4.21.0&#8243; _module_preset=&#8220;default&#8220; header_text_align=&#8220;center&#8220; header_text_color=&#8220;#FF0000&#8243; animation=&#8220;off&#8220; link_option_url=&#8220;https:\/\/almer.sk\/cs\/harmonicke-prevodovky\/lhsg-harmonicke-prevodovky\/harmonicke-prevodovky-lhsg-c-iii\/&#8220; global_colors_info=&#8220;{}&#8220;][\/et_pb_blurb][\/et_pb_column][et_pb_column type=&#8220;1_3&#8243; _builder_version=&#8220;4.21.0&#8243; _module_preset=&#8220;default&#8220; global_colors_info=&#8220;{}&#8220;][et_pb_blurb url=&#8220;https:\/\/almer.sk\/cs\/harmonicke-prevodovky\/lhsg-harmonicke-prevodovky\/lhsg-c-iv-harmonicke-prevodovky\/&#8220; _builder_version=&#8220;4.21.0&#8243; _module_preset=&#8220;default&#8220; link_option_url=&#8220;https:\/\/almer.sk\/cs\/harmonicke-prevodovky\/lhsg-harmonicke-prevodovky\/lhsg-c-iv-harmonicke-prevodovky\/&#8220; global_colors_info=&#8220;{}&#8220;]<\/p>\n<h3 style=\"text-align: center;\"><a href=\"https:\/\/almer.sk\/cs\/harmonicke-prevodovky\/lhsg-harmonicke-prevodovky\/lhsg-c-iv-harmonicke-prevodovky\/\"><span style=\"color: #ff0000;\">LHS -IV \/ LHSG -IV<\/span><\/a><\/h3>\n<p style=\"text-align: center;\">Redukce m\u00e1 na vstupu h\u0159\u00eddel s lo\u017eiskem.<\/p>\n<p>[\/et_pb_blurb][et_pb_blurb image=&#8220;https:\/\/almer.sk\/wp-content\/uploads\/2023\/07\/LHS-IV-LHSG-IV.png&#8220; alt=&#8220;LHS -IV : LHSG -IV&#8220; image_icon_width=&#8220;93%&#8220; _builder_version=&#8220;4.21.0&#8243; _module_preset=&#8220;default&#8220; header_text_align=&#8220;center&#8220; header_text_color=&#8220;#FF0000&#8243; animation=&#8220;off&#8220; global_colors_info=&#8220;{}&#8220;][\/et_pb_blurb][\/et_pb_column][et_pb_column type=&#8220;1_3&#8243; _builder_version=&#8220;4.21.0&#8243; _module_preset=&#8220;default&#8220; global_colors_info=&#8220;{}&#8220;][\/et_pb_column][\/et_pb_row][\/et_pb_section][et_pb_section fb_built=&#8220;1&#8243; _builder_version=&#8220;4.21.0&#8243; _module_preset=&#8220;default&#8220; custom_margin=&#8220;-20px||0px||false|false&#8220; custom_padding=&#8220;0px||0px||false|false&#8220; global_colors_info=&#8220;{}&#8220;][et_pb_row _builder_version=&#8220;4.21.0&#8243; _module_preset=&#8220;default&#8220; global_colors_info=&#8220;{}&#8220;][et_pb_column type=&#8220;4_4&#8243; _builder_version=&#8220;4.21.0&#8243; _module_preset=&#8220;default&#8220; global_colors_info=&#8220;{}&#8220;][et_pb_blurb content_max_width=&#8220;1100px&#8220; _builder_version=&#8220;4.21.0&#8243; _module_preset=&#8220;default&#8220; global_colors_info=&#8220;{}&#8220;]<\/p>\n<p>Harmonick\u00e9 p\u0159evodovky \u0159ady LHS \/ LHSG<\/p>\n<ul>\n<li>jsou zalo\u017eeny na superkompaktn\u00ed technologii s velkou dutou h\u0159\u00eddel\u00ed,<\/li>\n<li>maj\u00ed nulovou v\u016fli a vynikaj\u00edc\u00ed p\u0159esnost a opakovatelnost.<\/li>\n<li>Jednoduchost &#8211; kompaktn\u00ed rozm\u011bry a n\u00edzk\u00e1 hmotnost<\/li>\n<li>V\u00fdstupn\u00ed lo\u017eisko s vysokou tuhost\u00ed nakl\u00e1p\u011bn\u00ed umo\u017e\u0148uje p\u0159\u00edm\u00e9 zaveden\u00ed vysok\u00fdch zat\u00ed\u017een\u00ed bez p\u0159\u00eddavn\u00e9 podpory, co\u017e umo\u017e\u0148uje jednoduch\u00e9 a prostorov\u011b \u00fasporn\u00e9 konstruk\u010dn\u00ed instalace.<\/li>\n<li>Jednotky LHS se vyzna\u010duj\u00ed velmi kompaktn\u00edmi rozm\u011bry a n\u00edzkou hmotnost\u00ed a skl\u00e1daj\u00ed se ze sady komponent\u016f a velkokapacitn\u00edho v\u00fdstupn\u00edho lo\u017eiska. Absence vstupn\u00edch a v\u00fdstupn\u00edch p\u0159\u00edrub znamen\u00e1 maxim\u00e1ln\u00ed flexibilitu p\u0159i konstruk\u010dn\u00ed integraci.<\/li>\n<li>Integrovanou dutou h\u0159\u00eddel lze pou\u017e\u00edt jako linkov\u00fd p\u0159\u00edvod nebo pro kabely pro jin\u00e9 osy.<\/li>\n<li>Sadu komponent LHS-XXX-P lze p\u0159\u00edmo integrovat do stroj\u016f\/za\u0159\u00edzen\u00ed.<\/li>\n<\/ul>\n<p>[\/et_pb_blurb][\/et_pb_column][\/et_pb_row][\/et_pb_section]<\/p>\n","protected":false},"excerpt":{"rendered":"<p>&gt; Dom\u016f \/ P\u0159evodovky \/ Harmonick\u00e9 \/ LHSLHS(G ) &#8211; Harmonick\u00e9 p\u0159evodovky Flexspline &#8211; dut\u00fd v\u00e1lcov\u00fd tvar s p\u0159\u00edrubouP\u0159ehled parametr\u016f p\u0159evodov\u00fd pom\u011br: 30, 50, 80, 100, 120 a 160*: 1v\u00fdstupn\u00ed kroutic\u00ed momenty: od 2,4 do 708 Nmv\u016fle v ozuben\u00ed: \u2264 10 \u00fahlov\u00fdch vte\u0159in \/ \u2264 20 \u00fahlov\u00fdch vte\u0159inmax. vstupn\u00ed rychlost: 3000 a\u017e 8500 ot\/minVelikost: LHS11\/14\/17\/20\/25\/32\/40\/50*\/58* [&hellip;]<\/p>\n","protected":false},"author":1,"featured_media":0,"parent":5556,"menu_order":0,"comment_status":"closed","ping_status":"closed","template":"","meta":{"_et_pb_use_builder":"on","_et_pb_old_content":"","_et_gb_content_width":"","footnotes":""},"class_list":["post-5983","page","type-page","status-publish","hentry"],"yoast_head":"<!-- This site is optimized with the Yoast SEO plugin v26.6 - https:\/\/yoast.com\/wordpress\/plugins\/seo\/ -->\n<title>LHS(G) - Harmonick\u00e9 p\u0159evodovky - Almer.sk<\/title>\n<meta name=\"robots\" content=\"index, follow, max-snippet:-1, max-image-preview:large, max-video-preview:-1\" \/>\n<link rel=\"canonical\" href=\"https:\/\/almer.sk\/cs\/harmonicke-prevodovky\/lhsg-harmonicke-prevodovky\/\" \/>\n<meta property=\"og:locale\" content=\"cs_CZ\" \/>\n<meta property=\"og:type\" content=\"article\" \/>\n<meta property=\"og:title\" content=\"LHS(G) - Harmonick\u00e9 p\u0159evodovky - Almer.sk\" \/>\n<meta property=\"og:description\" content=\"&gt; Dom\u016f \/ P\u0159evodovky \/ Harmonick\u00e9 \/ LHSLHS(G ) - Harmonick\u00e9 p\u0159evodovky Flexspline - dut\u00fd v\u00e1lcov\u00fd tvar s p\u0159\u00edrubouP\u0159ehled parametr\u016f p\u0159evodov\u00fd pom\u011br: 30, 50, 80, 100, 120 a 160*: 1v\u00fdstupn\u00ed kroutic\u00ed momenty: od 2,4 do 708 Nmv\u016fle v ozuben\u00ed: \u2264 10 \u00fahlov\u00fdch vte\u0159in \/ \u2264 20 \u00fahlov\u00fdch vte\u0159inmax. vstupn\u00ed rychlost: 3000 a\u017e 8500 ot\/minVelikost: LHS11\/14\/17\/20\/25\/32\/40\/50*\/58* [&hellip;]\" \/>\n<meta property=\"og:url\" content=\"https:\/\/almer.sk\/cs\/harmonicke-prevodovky\/lhsg-harmonicke-prevodovky\/\" \/>\n<meta property=\"og:site_name\" content=\"Almer.sk\" \/>\n<meta property=\"article:modified_time\" content=\"2024-02-06T15:28:58+00:00\" \/>\n<meta name=\"twitter:card\" content=\"summary_large_image\" \/>\n<meta name=\"twitter:label1\" content=\"Odhadovan\u00e1 doba \u010dten\u00ed\" \/>\n\t<meta name=\"twitter:data1\" content=\"7 minut\" \/>\n<script type=\"application\/ld+json\" class=\"yoast-schema-graph\">{\"@context\":\"https:\/\/schema.org\",\"@graph\":[{\"@type\":\"WebPage\",\"@id\":\"https:\/\/almer.sk\/cs\/harmonicke-prevodovky\/lhsg-harmonicke-prevodovky\/\",\"url\":\"https:\/\/almer.sk\/cs\/harmonicke-prevodovky\/lhsg-harmonicke-prevodovky\/\",\"name\":\"LHS(G) - Harmonick\u00e9 p\u0159evodovky - Almer.sk\",\"isPartOf\":{\"@id\":\"https:\/\/almer.sk\/cs\/#website\"},\"datePublished\":\"2023-07-11T13:13:08+00:00\",\"dateModified\":\"2024-02-06T15:28:58+00:00\",\"breadcrumb\":{\"@id\":\"https:\/\/almer.sk\/cs\/harmonicke-prevodovky\/lhsg-harmonicke-prevodovky\/#breadcrumb\"},\"inLanguage\":\"cs\",\"potentialAction\":[{\"@type\":\"ReadAction\",\"target\":[\"https:\/\/almer.sk\/cs\/harmonicke-prevodovky\/lhsg-harmonicke-prevodovky\/\"]}]},{\"@type\":\"BreadcrumbList\",\"@id\":\"https:\/\/almer.sk\/cs\/harmonicke-prevodovky\/lhsg-harmonicke-prevodovky\/#breadcrumb\",\"itemListElement\":[{\"@type\":\"ListItem\",\"position\":1,\"name\":\"Home\",\"item\":\"https:\/\/almer.sk\/cs\/home\/\"},{\"@type\":\"ListItem\",\"position\":2,\"name\":\"Harmonick\u00e9 p\u0159evodovky\",\"item\":\"https:\/\/almer.sk\/cs\/harmonicke-prevodovky\/\"},{\"@type\":\"ListItem\",\"position\":3,\"name\":\"LHS(G) &#8211; Harmonick\u00e9 p\u0159evodovky\"}]},{\"@type\":\"WebSite\",\"@id\":\"https:\/\/almer.sk\/cs\/#website\",\"url\":\"https:\/\/almer.sk\/cs\/\",\"name\":\"Almer.sk\",\"description\":\"Technologick\u00fd l\u00edder v oblasti presn\u00fdch prevodoviek\",\"potentialAction\":[{\"@type\":\"SearchAction\",\"target\":{\"@type\":\"EntryPoint\",\"urlTemplate\":\"https:\/\/almer.sk\/cs\/?s={search_term_string}\"},\"query-input\":{\"@type\":\"PropertyValueSpecification\",\"valueRequired\":true,\"valueName\":\"search_term_string\"}}],\"inLanguage\":\"cs\"}]}<\/script>\n<!-- \/ Yoast SEO plugin. -->","yoast_head_json":{"title":"LHS(G) - Harmonick\u00e9 p\u0159evodovky - Almer.sk","robots":{"index":"index","follow":"follow","max-snippet":"max-snippet:-1","max-image-preview":"max-image-preview:large","max-video-preview":"max-video-preview:-1"},"canonical":"https:\/\/almer.sk\/cs\/harmonicke-prevodovky\/lhsg-harmonicke-prevodovky\/","og_locale":"cs_CZ","og_type":"article","og_title":"LHS(G) - Harmonick\u00e9 p\u0159evodovky - Almer.sk","og_description":"&gt; Dom\u016f \/ P\u0159evodovky \/ Harmonick\u00e9 \/ LHSLHS(G ) - Harmonick\u00e9 p\u0159evodovky Flexspline - dut\u00fd v\u00e1lcov\u00fd tvar s p\u0159\u00edrubouP\u0159ehled parametr\u016f p\u0159evodov\u00fd pom\u011br: 30, 50, 80, 100, 120 a 160*: 1v\u00fdstupn\u00ed kroutic\u00ed momenty: od 2,4 do 708 Nmv\u016fle v ozuben\u00ed: \u2264 10 \u00fahlov\u00fdch vte\u0159in \/ \u2264 20 \u00fahlov\u00fdch vte\u0159inmax. vstupn\u00ed rychlost: 3000 a\u017e 8500 ot\/minVelikost: LHS11\/14\/17\/20\/25\/32\/40\/50*\/58* [&hellip;]","og_url":"https:\/\/almer.sk\/cs\/harmonicke-prevodovky\/lhsg-harmonicke-prevodovky\/","og_site_name":"Almer.sk","article_modified_time":"2024-02-06T15:28:58+00:00","twitter_card":"summary_large_image","twitter_misc":{"Odhadovan\u00e1 doba \u010dten\u00ed":"7 minut"},"schema":{"@context":"https:\/\/schema.org","@graph":[{"@type":"WebPage","@id":"https:\/\/almer.sk\/cs\/harmonicke-prevodovky\/lhsg-harmonicke-prevodovky\/","url":"https:\/\/almer.sk\/cs\/harmonicke-prevodovky\/lhsg-harmonicke-prevodovky\/","name":"LHS(G) - Harmonick\u00e9 p\u0159evodovky - Almer.sk","isPartOf":{"@id":"https:\/\/almer.sk\/cs\/#website"},"datePublished":"2023-07-11T13:13:08+00:00","dateModified":"2024-02-06T15:28:58+00:00","breadcrumb":{"@id":"https:\/\/almer.sk\/cs\/harmonicke-prevodovky\/lhsg-harmonicke-prevodovky\/#breadcrumb"},"inLanguage":"cs","potentialAction":[{"@type":"ReadAction","target":["https:\/\/almer.sk\/cs\/harmonicke-prevodovky\/lhsg-harmonicke-prevodovky\/"]}]},{"@type":"BreadcrumbList","@id":"https:\/\/almer.sk\/cs\/harmonicke-prevodovky\/lhsg-harmonicke-prevodovky\/#breadcrumb","itemListElement":[{"@type":"ListItem","position":1,"name":"Home","item":"https:\/\/almer.sk\/cs\/home\/"},{"@type":"ListItem","position":2,"name":"Harmonick\u00e9 p\u0159evodovky","item":"https:\/\/almer.sk\/cs\/harmonicke-prevodovky\/"},{"@type":"ListItem","position":3,"name":"LHS(G) &#8211; Harmonick\u00e9 p\u0159evodovky"}]},{"@type":"WebSite","@id":"https:\/\/almer.sk\/cs\/#website","url":"https:\/\/almer.sk\/cs\/","name":"Almer.sk","description":"Technologick\u00fd l\u00edder v oblasti presn\u00fdch prevodoviek","potentialAction":[{"@type":"SearchAction","target":{"@type":"EntryPoint","urlTemplate":"https:\/\/almer.sk\/cs\/?s={search_term_string}"},"query-input":{"@type":"PropertyValueSpecification","valueRequired":true,"valueName":"search_term_string"}}],"inLanguage":"cs"}]}},"_links":{"self":[{"href":"https:\/\/almer.sk\/cs\/wp-json\/wp\/v2\/pages\/5983","targetHints":{"allow":["GET"]}}],"collection":[{"href":"https:\/\/almer.sk\/cs\/wp-json\/wp\/v2\/pages"}],"about":[{"href":"https:\/\/almer.sk\/cs\/wp-json\/wp\/v2\/types\/page"}],"author":[{"embeddable":true,"href":"https:\/\/almer.sk\/cs\/wp-json\/wp\/v2\/users\/1"}],"replies":[{"embeddable":true,"href":"https:\/\/almer.sk\/cs\/wp-json\/wp\/v2\/comments?post=5983"}],"version-history":[{"count":5,"href":"https:\/\/almer.sk\/cs\/wp-json\/wp\/v2\/pages\/5983\/revisions"}],"predecessor-version":[{"id":6755,"href":"https:\/\/almer.sk\/cs\/wp-json\/wp\/v2\/pages\/5983\/revisions\/6755"}],"up":[{"embeddable":true,"href":"https:\/\/almer.sk\/cs\/wp-json\/wp\/v2\/pages\/5556"}],"wp:attachment":[{"href":"https:\/\/almer.sk\/cs\/wp-json\/wp\/v2\/media?parent=5983"}],"curies":[{"name":"wp","href":"https:\/\/api.w.org\/{rel}","templated":true}]}}