{"id":5982,"date":"2023-07-07T15:36:49","date_gmt":"2023-07-07T13:36:49","guid":{"rendered":"https:\/\/almer.sk\/harmonicke-prevodovky\/lcs-g-harmonicke-prevodovky\/"},"modified":"2024-02-06T16:27:07","modified_gmt":"2024-02-06T15:27:07","slug":"lcs-g-harmonicke-prevodovky","status":"publish","type":"page","link":"https:\/\/almer.sk\/cs\/harmonicke-prevodovky\/lcs-g-harmonicke-prevodovky\/","title":{"rendered":"LCS (G) &#8211; Harmonick\u00e9 p\u0159evodovky"},"content":{"rendered":"<p>[et_pb_section fb_built=&#8220;1&#8243; _builder_version=&#8220;4.21.0&#8243; _module_preset=&#8220;default&#8220; global_colors_info=&#8220;{}&#8220;][et_pb_row _builder_version=&#8220;4.21.0&#8243; _module_preset=&#8220;default&#8220; locked=&#8220;off&#8220; global_colors_info=&#8220;{}&#8220;][et_pb_column type=&#8220;4_4&#8243; _builder_version=&#8220;4.21.0&#8243; _module_preset=&#8220;default&#8220; global_colors_info=&#8220;{}&#8220;][et_pb_blurb content_max_width=&#8220;1100px&#8220; _builder_version=&#8220;4.21.0&#8243; _module_preset=&#8220;default&#8220; body_text_align=&#8220;left&#8220; global_colors_info=&#8220;{}&#8220;]<a class=\"bread\" href=\"https:\/\/almer.sk\/cs\/\">&gt; Dom\u016f<\/a> \/ <a class=\"bread\" href=\"https:\/\/almer.sk\/cs\/prevodovky\/\">P\u0159evodovky<\/a> \/ <a class=\"bread\" href=\"https:\/\/almer.sk\/cs\/harmonicke-prevodovky\/\">Harmonick\u00e9<\/a> \/ LCS[\/et_pb_blurb][\/et_pb_column][\/et_pb_row][et_pb_row _builder_version=&#8220;4.21.0&#8243; _module_preset=&#8220;default&#8220; locked=&#8220;off&#8220; global_colors_info=&#8220;{}&#8220;][et_pb_column type=&#8220;4_4&#8243; _builder_version=&#8220;4.21.0&#8243; _module_preset=&#8220;default&#8220; global_colors_info=&#8220;{}&#8220;][et_pb_blurb _builder_version=&#8220;4.21.0&#8243; _module_preset=&#8220;default&#8220; header_font=&#8220;|||on|||||&#8220; global_colors_info=&#8220;{}&#8220;]<\/p>\n<h1 style=\"text-align: center;\"><span class=\"cierna\">LCS(G<\/span> ) &#8211; Harmonick\u00e9 p\u0159evodovky<\/h1>\n<h3 style=\"text-align: center;\">Standardn\u00ed Flexspline<\/h3>\n<p>[\/et_pb_blurb][\/et_pb_column][\/et_pb_row][et_pb_row column_structure=&#8220;1_5,1_5,1_5,1_5,1_5&#8243; disabled_on=&#8220;on|on|off&#8220; _builder_version=&#8220;4.21.0&#8243; _module_preset=&#8220;default&#8220; width=&#8220;100%&#8220; width_tablet=&#8220;100%&#8220; width_phone=&#8220;80%&#8220; width_last_edited=&#8220;on|phone&#8220; global_colors_info=&#8220;{}&#8220;][et_pb_column type=&#8220;1_5&#8243; _builder_version=&#8220;4.21.0&#8243; _module_preset=&#8220;default&#8220; global_colors_info=&#8220;{}&#8220;][et_pb_blurb _builder_version=&#8220;4.22.1&#8243; _module_preset=&#8220;default&#8220; custom_margin=&#8220;|-100px|||false|false&#8220; custom_padding=&#8220;||||false|false&#8220; global_colors_info=&#8220;{}&#8220;]<\/p>\n<h2 style=\"text-align: left;\"><a href=\"https:\/\/almer.sk\/cs\/harmonicke-prevodovky\/lcs-g-harmonicke-prevodovky\/harmonicke-menice-lcsg-i\/\"><span style=\"color: #ff0000;\">LCS -I \/ LCSG -I<\/span><\/a><\/h2>\n<p><span style=\"color: #000000;\">p\u0159\u00edm\u00e9 p\u0159ipojen\u00ed vstupn\u00edho h\u0159\u00eddele<\/span>[\/et_pb_blurb][et_pb_blurb url=&#8220;https:\/\/almer.sk\/cs\/harmonicke-prevodovky\/lcs-g-harmonicke-prevodovky\/harmonicke-menice-lcsg-i\/&#8220; image=&#8220;https:\/\/almer.sk\/wp-content\/uploads\/2023\/07\/1-LCS32_CI_1.png&#8220; alt=&#8220;1 LCS32_CI_1&#8243; image_icon_width=&#8220;100%&#8220; _builder_version=&#8220;4.24.0&#8243; _module_preset=&#8220;default&#8220; header_text_align=&#8220;center&#8220; animation=&#8220;off&#8220; link_option_url=&#8220;https:\/\/almer.sk\/cs\/harmonicke-prevodovky\/lcs-g-harmonicke-prevodovky\/harmonicke-menice-lcsg-i\/&#8220; hover_enabled=&#8220;0&#8243; locked=&#8220;off&#8220; global_colors_info=&#8220;{}&#8220; sticky_enabled=&#8220;0&#8243;]<\/p>\n<h3 style=\"text-align: center;\"><span style=\"color: #ff0000;\">Kompletn\u00ed p\u0159evodovka<\/span><\/h3>\n<p>[\/et_pb_blurb][\/et_pb_column][et_pb_column type=&#8220;1_5&#8243; _builder_version=&#8220;4.21.0&#8243; _module_preset=&#8220;default&#8220; global_colors_info=&#8220;{}&#8220;][et_pb_blurb url=&#8220;https:\/\/almer.sk\/cs\/harmonicke-prevodovky\/lcs-g-harmonicke-prevodovky\/harmonicke-menice-lcsg-i\/&#8220; image=&#8220;https:\/\/almer.sk\/wp-content\/uploads\/2023\/07\/2-LCS11-P-I.png&#8220; alt=&#8220;2 LCS11-P-I&#8220; _builder_version=&#8220;4.22.1&#8243; _module_preset=&#8220;default&#8220; header_text_align=&#8220;center&#8220; width=&#8220;93%&#8220; custom_margin=&#8220;100px||||false|false&#8220; custom_padding=&#8220;0px||||false|false&#8220; animation=&#8220;off&#8220; link_option_url=&#8220;https:\/\/almer.sk\/cs\/harmonicke-prevodovky\/lcs-g-harmonicke-prevodovky\/harmonicke-menice-lcsg-i\/&#8220; locked=&#8220;off&#8220; global_colors_info=&#8220;{}&#8220;]<\/p>\n<h3 style=\"text-align: center;\"><span style=\"color: #ff0000;\">Sada komponent<\/span><\/h3>\n<p>[\/et_pb_blurb][\/et_pb_column][et_pb_column type=&#8220;1_5&#8243; _builder_version=&#8220;4.21.0&#8243; _module_preset=&#8220;default&#8220; global_colors_info=&#8220;{}&#8220;][et_pb_blurb _builder_version=&#8220;4.21.0&#8243; _module_preset=&#8220;default&#8220; custom_margin=&#8220;|-100px|||false|false&#8220; global_colors_info=&#8220;{}&#8220;]<\/p>\n<h2><a href=\"https:\/\/almer.sk\/cs\/harmonicke-prevodovky\/lcs-g-harmonicke-prevodovky\/harmonicke-menice-lcsg-ii\/\"><span style=\"color: #ff0000;\">LCS -II \/ LCSG -II<\/span><\/a><\/h2>\n<p><span style=\"color: #000000;\">p\u0159ipojen\u00ed pomoc\u00ed k\u0159\u00ed\u017eov\u00e9 posuvn\u00e9 spojky<\/span><\/p>\n<p>[\/et_pb_blurb][et_pb_blurb url=&#8220;https:\/\/almer.sk\/cs\/harmonicke-prevodovky\/lcs-g-harmonicke-prevodovky\/harmonicke-menice-lcsg-ii\/&#8220; image=&#8220;https:\/\/almer.sk\/wp-content\/uploads\/2023\/07\/3-LCS32_CII_1.png&#8220; alt=&#8220;3 LCS32_CII_1&#8243; _builder_version=&#8220;4.24.0&#8243; _module_preset=&#8220;default&#8220; header_text_align=&#8220;center&#8220; custom_margin=&#8220;0px||||false|false&#8220; custom_padding=&#8220;0px||||false|false&#8220; animation=&#8220;off&#8220; link_option_url=&#8220;https:\/\/almer.sk\/cs\/harmonicke-prevodovky\/lcs-g-harmonicke-prevodovky\/harmonicke-menice-lcsg-ii\/&#8220; hover_enabled=&#8220;0&#8243; locked=&#8220;off&#8220; global_colors_info=&#8220;{}&#8220; sticky_enabled=&#8220;0&#8243;]<\/p>\n<h3 style=\"text-align: center;\"><span style=\"color: #ff0000;\">Kompletn\u00ed p\u0159evodovka<\/span><\/h3>\n<p>[\/et_pb_blurb][\/et_pb_column][et_pb_column type=&#8220;1_5&#8243; _builder_version=&#8220;4.21.0&#8243; _module_preset=&#8220;default&#8220; global_colors_info=&#8220;{}&#8220;][et_pb_blurb url=&#8220;https:\/\/almer.sk\/cs\/harmonicke-prevodovky\/lcs-g-harmonicke-prevodovky\/harmonicke-menice-lcsg-ii\/&#8220; image=&#8220;https:\/\/almer.sk\/wp-content\/uploads\/2023\/07\/4-LCS11-P-II.png&#8220; alt=&#8220;4 LCS11-P-II&#8220; _builder_version=&#8220;4.21.0&#8243; _module_preset=&#8220;default&#8220; header_text_align=&#8220;center&#8220; custom_margin=&#8220;82px||||false|false&#8220; custom_padding=&#8220;|0px|||false|false&#8220; animation=&#8220;off&#8220; link_option_url=&#8220;https:\/\/almer.sk\/cs\/harmonicke-prevodovky\/lcs-g-harmonicke-prevodovky\/harmonicke-menice-lcsg-ii\/&#8220; border_color_right=&#8220;#000000&#8243; locked=&#8220;off&#8220; global_colors_info=&#8220;{}&#8220;]<\/p>\n<h3 style=\"text-align: center;\"><span style=\"color: #ff0000;\">Sada komponent<\/span><\/h3>\n<p>[\/et_pb_blurb][\/et_pb_column][et_pb_column type=&#8220;1_5&#8243; _builder_version=&#8220;4.21.0&#8243; _module_preset=&#8220;default&#8220; global_colors_info=&#8220;{}&#8220;][et_pb_blurb _builder_version=&#8220;4.21.0&#8243; _module_preset=&#8220;default&#8220; custom_margin=&#8220;||||false|false&#8220; border_color_left=&#8220;#000000&#8243; locked=&#8220;off&#8220; global_colors_info=&#8220;{}&#8220;]<\/p>\n<h4><strong>P\u0159ehled parametr\u016f<\/strong><\/h4>\n<p><strong>Konverzn\u00ed pom\u011br:<\/strong><br \/>30, 50, 80,100, 120 a 160*: 1<br \/><strong>V\u00fdstupn\u00ed momenty:<\/strong><br \/>od 2,4 do 708 Nm<br \/><strong>Will v p\u0159evodovce<\/strong>:<br \/>\u2264 10 \u00fahlov\u00fdch vte\u0159in \/ \u2264 20 \u00fahlov\u00fdch vte\u0159in<br \/><strong>Max. vstupn\u00ed rychlost<\/strong>:<br \/>3000 a\u017e 8500 ot\u00e1\u010dek za minutu<br \/><strong>Velikost: LCS<\/strong><br \/>8\/11\/14\/17\/20\/25\/32\/40\/50*\/58*<\/p>\n<p><span style=\"color: #ff0000;\">\u0158ada LCSG<\/span> &#8211; model s vysok\u00fdm to\u010div\u00fdm momentem<br \/><span style=\"color: #ff0000;\">\u0158ada LCS-P<\/span> &#8211; Model sady komponent<\/p>\n<p>[\/et_pb_blurb][\/et_pb_column][\/et_pb_row][et_pb_row disabled_on=&#8220;off|off|on&#8220; _builder_version=&#8220;4.21.0&#8243; _module_preset=&#8220;default&#8220; global_colors_info=&#8220;{}&#8220;][et_pb_column type=&#8220;4_4&#8243; _builder_version=&#8220;4.21.0&#8243; _module_preset=&#8220;default&#8220; global_colors_info=&#8220;{}&#8220;][et_pb_blurb _builder_version=&#8220;4.21.0&#8243; _module_preset=&#8220;default&#8220; custom_margin=&#8220;||||false|false&#8220; border_color_left=&#8220;#000000&#8243; locked=&#8220;off&#8220; global_colors_info=&#8220;{}&#8220;]<\/p>\n<h4><span style=\"color: #ff0000;\"><strong>P\u0159ehled parametr\u016f<\/strong><\/span><\/h4>\n<p><strong>Konverzn\u00ed pom\u011br:<\/strong><br \/>\n30, 50, 80,100, 120 a 160*: 1<br \/>\n<strong>V\u00fdstupn\u00ed momenty:<\/strong><br \/>\nod 2,4 do 708 Nm<br \/>\n<strong>Will v p\u0159evodovce<\/strong>:<br \/>\n\u2264 10 \u00fahlov\u00fdch vte\u0159in \/ \u2264 20 \u00fahlov\u00fdch vte\u0159in<br \/>\n<strong>Max. vstupn\u00ed rychlost<\/strong>:<br \/>\n3000 a\u017e 8500 ot\u00e1\u010dek za minutu<br \/>\n<strong>Velikost: LCS<\/strong><br \/>\n8\/11\/14\/17\/20\/25\/32\/40\/50*\/58*<\/p>\n<p><span style=\"color: #ff0000;\">\u0158ada LCSG<\/span> &#8211; model s vysok\u00fdm to\u010div\u00fdm momentem<br \/>\n<span style=\"color: #ff0000;\">\u0158ada LCS-P<\/span> &#8211; Model sady komponent[\/et_pb_blurb][\/et_pb_column][\/et_pb_row][et_pb_row column_structure=&#8220;1_2,1_2&#8243; disabled_on=&#8220;off|off|on&#8220; _builder_version=&#8220;4.21.0&#8243; _module_preset=&#8220;default&#8220; width=&#8220;100%&#8220; global_colors_info=&#8220;{}&#8220;][et_pb_column type=&#8220;1_2&#8243; _builder_version=&#8220;4.21.0&#8243; _module_preset=&#8220;default&#8220; global_colors_info=&#8220;{}&#8220;][et_pb_blurb _builder_version=&#8220;4.21.0&#8243; _module_preset=&#8220;default&#8220; custom_margin=&#8220;||||false|false&#8220; custom_padding=&#8220;||||false|false&#8220; global_colors_info=&#8220;{}&#8220;]<\/p>\n<h2 style=\"text-align: center;\"><a href=\"https:\/\/almer.sk\/harmonicke-prevodovky\/lcs\/lcsg-i\/\"><span style=\"color: #ff0000;\">LCS -I \/ LCSG -I<\/span><\/a><\/h2>\n<p style=\"text-align: center;\"><span style=\"color: #000000;\">p\u0159\u00edm\u00e9 p\u0159ipojen\u00ed vstupn\u00edho h\u0159\u00eddele<\/span><\/p>\n<p>[\/et_pb_blurb][et_pb_blurb url=&#8220;https:\/\/almer.sk\/harmonicke-prevodovky\/lcs\/lcsg-i\/&#8220; image=&#8220;https:\/\/almer.sk\/wp-content\/uploads\/2023\/07\/1-LCS32_CI_1.png&#8220; alt=&#8220;1 LCS32_CI_1&#8243; image_icon_width=&#8220;45%&#8220; icon_placement_tablet=&#8220;&#8220; icon_placement_phone=&#8220;&#8220; icon_placement_last_edited=&#8220;on|phone&#8220; _builder_version=&#8220;4.21.0&#8243; _module_preset=&#8220;default&#8220; header_text_align=&#8220;center&#8220; width=&#8220;100%&#8220; custom_margin=&#8220;||||true|true&#8220; animation=&#8220;off&#8220; link_option_url=&#8220;https:\/\/almer.sk\/harmonicke-prevodovky\/lcs\/lcsg-i\/&#8220; locked=&#8220;off&#8220; global_colors_info=&#8220;{}&#8220;]<\/p>\n<h3 style=\"text-align: center;\"><span style=\"color: #ff0000;\">Kompletn\u00ed p\u0159enos<\/span><\/h3>\n<p>[\/et_pb_blurb][et_pb_blurb url=&#8220;https:\/\/almer.sk\/harmonicke-prevodovky\/lcs\/lcsg-i\/&#8220; image=&#8220;https:\/\/almer.sk\/wp-content\/uploads\/2023\/07\/2-LCS11-P-I.png&#8220; alt=&#8220;2 LCS11-P-I&#8220; image_icon_width=&#8220;50%&#8220; image_icon_width_tablet=&#8220;50%&#8220; image_icon_width_phone=&#8220;45%&#8220; image_icon_width_last_edited=&#8220;on|phone&#8220; _builder_version=&#8220;4.21.0&#8243; _module_preset=&#8220;default&#8220; header_text_align=&#8220;center&#8220; width=&#8220;100%&#8220; animation=&#8220;off&#8220; link_option_url=&#8220;https:\/\/almer.sk\/harmonicke-prevodovky\/lcs\/lcsg-i\/&#8220; locked=&#8220;off&#8220; global_colors_info=&#8220;{}&#8220;]<\/p>\n<h3 style=\"text-align: center;\"><span style=\"color: #ff0000;\">Sada komponent<\/span><\/h3>\n<p>[\/et_pb_blurb][\/et_pb_column][et_pb_column type=&#8220;1_2&#8243; _builder_version=&#8220;4.21.0&#8243; _module_preset=&#8220;default&#8220; global_colors_info=&#8220;{}&#8220;][et_pb_blurb _builder_version=&#8220;4.21.0&#8243; _module_preset=&#8220;default&#8220; custom_margin=&#8220;||||false|false&#8220; global_colors_info=&#8220;{}&#8220;]<\/p>\n<h2 style=\"text-align: center;\"><a href=\"https:\/\/almer.sk\/cs\/harmonicke-prevodovky\/lcs-g-harmonicke-prevodovky\/harmonicke-menice-lcsg-ii\/\"><span style=\"color: #ff0000;\">LCS -II \/ LCSG -II<\/span><\/a><\/h2>\n<p style=\"text-align: center;\"><span style=\"color: #000000;\">p\u0159ipojen\u00ed pomoc\u00ed k\u0159\u00ed\u017eov\u00e9 posuvn\u00e9 spojky<\/span><\/p>\n<p>[\/et_pb_blurb][et_pb_blurb url=&#8220;https:\/\/almer.sk\/cs\/harmonicke-prevodovky\/lcs-g-harmonicke-prevodovky\/harmonicke-menice-lcsg-ii\/&#8220; image=&#8220;https:\/\/almer.sk\/wp-content\/uploads\/2023\/07\/3-LCS32_CII_1.png&#8220; alt=&#8220;3 LCS32_CII_1&#8243; image_icon_width=&#8220;50%&#8220; image_icon_width_tablet=&#8220;50%&#8220; image_icon_width_phone=&#8220;45%&#8220; image_icon_width_last_edited=&#8220;on|phone&#8220; _builder_version=&#8220;4.21.0&#8243; _module_preset=&#8220;default&#8220; header_text_align=&#8220;center&#8220; width=&#8220;100%&#8220; animation=&#8220;off&#8220; link_option_url=&#8220;https:\/\/almer.sk\/cs\/harmonicke-prevodovky\/lcs-g-harmonicke-prevodovky\/harmonicke-menice-lcsg-ii\/&#8220; locked=&#8220;off&#8220; global_colors_info=&#8220;{}&#8220;]<\/p>\n<h3 style=\"text-align: center;\"><span style=\"color: #ff0000;\">Kompletn\u00ed p\u0159enos<\/span><\/h3>\n<p>[\/et_pb_blurb][et_pb_blurb url=&#8220;https:\/\/almer.sk\/cs\/harmonicke-prevodovky\/lcs-g-harmonicke-prevodovky\/harmonicke-menice-lcsg-ii\/&#8220; image=&#8220;https:\/\/almer.sk\/wp-content\/uploads\/2023\/07\/4-LCS11-P-II.png&#8220; alt=&#8220;4 LCS11-P-II&#8220; image_icon_width=&#8220;50%&#8220; image_icon_width_tablet=&#8220;50%&#8220; image_icon_width_phone=&#8220;45%&#8220; image_icon_width_last_edited=&#8220;on|phone&#8220; _builder_version=&#8220;4.21.0&#8243; _module_preset=&#8220;default&#8220; header_text_align=&#8220;center&#8220; width=&#8220;100%&#8220; custom_margin=&#8220;||||false|false&#8220; custom_padding=&#8220;|0px|||false|false&#8220; animation=&#8220;off&#8220; link_option_url=&#8220;https:\/\/almer.sk\/cs\/harmonicke-prevodovky\/lcs-g-harmonicke-prevodovky\/harmonicke-menice-lcsg-ii\/&#8220; border_color_right=&#8220;#000000&#8243; locked=&#8220;off&#8220; global_colors_info=&#8220;{}&#8220;]<\/p>\n<h3 style=\"text-align: center;\"><span style=\"color: #ff0000;\">Sada komponent<\/span><\/h3>\n<p>[\/et_pb_blurb][\/et_pb_column][\/et_pb_row][et_pb_row _builder_version=&#8220;4.21.0&#8243; _module_preset=&#8220;default&#8220; global_colors_info=&#8220;{}&#8220;][et_pb_column type=&#8220;4_4&#8243; _builder_version=&#8220;4.21.0&#8243; _module_preset=&#8220;default&#8220; global_colors_info=&#8220;{}&#8220;][et_pb_blurb content_max_width=&#8220;1100px&#8220; _builder_version=&#8220;4.21.0&#8243; _module_preset=&#8220;default&#8220; global_colors_info=&#8220;{}&#8220;]<\/p>\n<table style=\"border-collapse: collapse; width: 100%; height: 69px;\" border=\"1\">\n<tbody>\n<tr style=\"height: 23px;\">\n<td style=\"width: 33.3333%; height: 23px;\">\u2713 Kompaktn\u00ed, lehk\u00e1 konstrukce<\/td>\n<td style=\"width: 33.3333%; height: 23px;\">\u2713 Vysok\u00e1 p\u0159esnost<\/td>\n<td style=\"width: 33.3333%; height: 23px;\">\u2713 Vysok\u00e1 tuhost na kl\u00edn\u011b<\/td>\n<\/tr>\n<tr style=\"height: 23px;\">\n<td style=\"width: 33.3333%; height: 23px;\">\u2713 Kompaktn\u00ed a jednoduch\u00e1 konfigurace<\/td>\n<td style=\"width: 33.3333%; height: 23px;\">\u2713 Nulov\u00e1 v\u016fle<\/td>\n<td style=\"width: 33.3333%; height: 23px;\">\u2713 Vysok\u00fd to\u010div\u00fd moment<\/td>\n<\/tr>\n<tr style=\"height: 23px;\">\n<td style=\"width: 33.3333%; height: 23px;\">\u2713 Jednoduchost &#8211; kompaktn\u00ed rozm\u011bry a n\u00edzk\u00e1 hmotnost<\/td>\n<td style=\"width: 33.3333%; height: 23px;\">\u2713 Vysok\u00e1 \u00fa\u010dinnost<\/td>\n<td style=\"width: 33.3333%; height: 23px;\">&#8211;<\/td>\n<\/tr>\n<\/tbody>\n<\/table>\n<p>[\/et_pb_blurb][\/et_pb_column][\/et_pb_row][et_pb_row _builder_version=&#8220;4.21.0&#8243; _module_preset=&#8220;default&#8220; global_colors_info=&#8220;{}&#8220;][et_pb_column type=&#8220;4_4&#8243; _builder_version=&#8220;4.21.0&#8243; _module_preset=&#8220;default&#8220; global_colors_info=&#8220;{}&#8220;][et_pb_blurb content_max_width=&#8220;1100px&#8220; _builder_version=&#8220;4.21.0&#8243; _module_preset=&#8220;default&#8220; global_colors_info=&#8220;{}&#8220;]<\/p>\n<ul>\n<li>V\u00fdstupn\u00ed lo\u017eisko s vysokou tuhost\u00ed nakl\u00e1p\u011bn\u00ed umo\u017e\u0148uje p\u0159\u00edm\u00e9 vkl\u00e1d\u00e1n\u00ed vysok\u00fdch b\u0159emen bez dodate\u010dn\u00e9 podpory, a t\u00edm snadn\u00e9 a<br \/>prostorov\u011b \u00fasporn\u00e9 instalace.<\/li>\n<li>Sadu komponent LCS-XXX-P lze p\u0159\u00edmo integrovat do stroj\u016f\/za\u0159\u00edzen\u00ed.<\/li>\n<li>D\u00edky p\u0159esnosti polohov\u00e1n\u00ed jsou zaru\u010deny stabiln\u00ed vlastnosti stroje s kr\u00e1tk\u00fdmi \u010dasy cykl\u016f.<\/li>\n<\/ul>\n<p>[\/et_pb_blurb][\/et_pb_column][\/et_pb_row][\/et_pb_section]<\/p>\n","protected":false},"excerpt":{"rendered":"<p>&gt; Dom\u016f \/ P\u0159evodovky \/ Harmonick\u00e9 \/ LCSLCS(G ) &#8211; Harmonick\u00e9 p\u0159evodovky Standardn\u00ed FlexsplineLCS -I \/ LCSG -I p\u0159\u00edm\u00e9 p\u0159ipojen\u00ed vstupn\u00edho h\u0159\u00eddeleKompletn\u00ed p\u0159evodovkaSada komponentLCS -II \/ LCSG -II p\u0159ipojen\u00ed pomoc\u00ed k\u0159\u00ed\u017eov\u00e9 posuvn\u00e9 spojkyKompletn\u00ed p\u0159evodovkaSada komponentP\u0159ehled parametr\u016f Konverzn\u00ed pom\u011br:30, 50, 80,100, 120 a 160*: 1V\u00fdstupn\u00ed momenty:od 2,4 do 708 NmWill v p\u0159evodovce:\u2264 10 \u00fahlov\u00fdch vte\u0159in \/ [&hellip;]<\/p>\n","protected":false},"author":1,"featured_media":0,"parent":5556,"menu_order":0,"comment_status":"closed","ping_status":"closed","template":"","meta":{"_et_pb_use_builder":"on","_et_pb_old_content":"","_et_gb_content_width":"","footnotes":""},"class_list":["post-5982","page","type-page","status-publish","hentry"],"yoast_head":"<!-- This site is optimized with the Yoast SEO plugin v26.6 - https:\/\/yoast.com\/wordpress\/plugins\/seo\/ -->\n<title>LCS (G) - Harmonick\u00e9 p\u0159evodovky - Almer.sk<\/title>\n<meta name=\"robots\" content=\"index, follow, max-snippet:-1, max-image-preview:large, max-video-preview:-1\" \/>\n<link rel=\"canonical\" href=\"https:\/\/almer.sk\/cs\/harmonicke-prevodovky\/lcs-g-harmonicke-prevodovky\/\" \/>\n<meta property=\"og:locale\" content=\"cs_CZ\" \/>\n<meta property=\"og:type\" content=\"article\" \/>\n<meta property=\"og:title\" content=\"LCS (G) - Harmonick\u00e9 p\u0159evodovky - Almer.sk\" \/>\n<meta property=\"og:description\" content=\"&gt; Dom\u016f \/ P\u0159evodovky \/ Harmonick\u00e9 \/ LCSLCS(G ) - Harmonick\u00e9 p\u0159evodovky Standardn\u00ed FlexsplineLCS -I \/ LCSG -I p\u0159\u00edm\u00e9 p\u0159ipojen\u00ed vstupn\u00edho h\u0159\u00eddeleKompletn\u00ed p\u0159evodovkaSada komponentLCS -II \/ LCSG -II p\u0159ipojen\u00ed pomoc\u00ed k\u0159\u00ed\u017eov\u00e9 posuvn\u00e9 spojkyKompletn\u00ed p\u0159evodovkaSada komponentP\u0159ehled parametr\u016f Konverzn\u00ed pom\u011br:30, 50, 80,100, 120 a 160*: 1V\u00fdstupn\u00ed momenty:od 2,4 do 708 NmWill v p\u0159evodovce:\u2264 10 \u00fahlov\u00fdch vte\u0159in \/ [&hellip;]\" \/>\n<meta property=\"og:url\" content=\"https:\/\/almer.sk\/cs\/harmonicke-prevodovky\/lcs-g-harmonicke-prevodovky\/\" \/>\n<meta property=\"og:site_name\" content=\"Almer.sk\" \/>\n<meta property=\"article:modified_time\" content=\"2024-02-06T15:27:07+00:00\" \/>\n<meta name=\"twitter:card\" content=\"summary_large_image\" \/>\n<meta name=\"twitter:label1\" content=\"Odhadovan\u00e1 doba \u010dten\u00ed\" \/>\n\t<meta name=\"twitter:data1\" content=\"7 minut\" \/>\n<script type=\"application\/ld+json\" class=\"yoast-schema-graph\">{\"@context\":\"https:\/\/schema.org\",\"@graph\":[{\"@type\":\"WebPage\",\"@id\":\"https:\/\/almer.sk\/cs\/harmonicke-prevodovky\/lcs-g-harmonicke-prevodovky\/\",\"url\":\"https:\/\/almer.sk\/cs\/harmonicke-prevodovky\/lcs-g-harmonicke-prevodovky\/\",\"name\":\"LCS (G) - Harmonick\u00e9 p\u0159evodovky - Almer.sk\",\"isPartOf\":{\"@id\":\"https:\/\/almer.sk\/cs\/#website\"},\"datePublished\":\"2023-07-07T13:36:49+00:00\",\"dateModified\":\"2024-02-06T15:27:07+00:00\",\"breadcrumb\":{\"@id\":\"https:\/\/almer.sk\/cs\/harmonicke-prevodovky\/lcs-g-harmonicke-prevodovky\/#breadcrumb\"},\"inLanguage\":\"cs\",\"potentialAction\":[{\"@type\":\"ReadAction\",\"target\":[\"https:\/\/almer.sk\/cs\/harmonicke-prevodovky\/lcs-g-harmonicke-prevodovky\/\"]}]},{\"@type\":\"BreadcrumbList\",\"@id\":\"https:\/\/almer.sk\/cs\/harmonicke-prevodovky\/lcs-g-harmonicke-prevodovky\/#breadcrumb\",\"itemListElement\":[{\"@type\":\"ListItem\",\"position\":1,\"name\":\"Home\",\"item\":\"https:\/\/almer.sk\/cs\/home\/\"},{\"@type\":\"ListItem\",\"position\":2,\"name\":\"Harmonick\u00e9 p\u0159evodovky\",\"item\":\"https:\/\/almer.sk\/cs\/harmonicke-prevodovky\/\"},{\"@type\":\"ListItem\",\"position\":3,\"name\":\"LCS (G) &#8211; Harmonick\u00e9 p\u0159evodovky\"}]},{\"@type\":\"WebSite\",\"@id\":\"https:\/\/almer.sk\/cs\/#website\",\"url\":\"https:\/\/almer.sk\/cs\/\",\"name\":\"Almer.sk\",\"description\":\"Technologick\u00fd l\u00edder v oblasti presn\u00fdch prevodoviek\",\"potentialAction\":[{\"@type\":\"SearchAction\",\"target\":{\"@type\":\"EntryPoint\",\"urlTemplate\":\"https:\/\/almer.sk\/cs\/?s={search_term_string}\"},\"query-input\":{\"@type\":\"PropertyValueSpecification\",\"valueRequired\":true,\"valueName\":\"search_term_string\"}}],\"inLanguage\":\"cs\"}]}<\/script>\n<!-- \/ Yoast SEO plugin. -->","yoast_head_json":{"title":"LCS (G) - Harmonick\u00e9 p\u0159evodovky - Almer.sk","robots":{"index":"index","follow":"follow","max-snippet":"max-snippet:-1","max-image-preview":"max-image-preview:large","max-video-preview":"max-video-preview:-1"},"canonical":"https:\/\/almer.sk\/cs\/harmonicke-prevodovky\/lcs-g-harmonicke-prevodovky\/","og_locale":"cs_CZ","og_type":"article","og_title":"LCS (G) - Harmonick\u00e9 p\u0159evodovky - Almer.sk","og_description":"&gt; Dom\u016f \/ P\u0159evodovky \/ Harmonick\u00e9 \/ LCSLCS(G ) - Harmonick\u00e9 p\u0159evodovky Standardn\u00ed FlexsplineLCS -I \/ LCSG -I p\u0159\u00edm\u00e9 p\u0159ipojen\u00ed vstupn\u00edho h\u0159\u00eddeleKompletn\u00ed p\u0159evodovkaSada komponentLCS -II \/ LCSG -II p\u0159ipojen\u00ed pomoc\u00ed k\u0159\u00ed\u017eov\u00e9 posuvn\u00e9 spojkyKompletn\u00ed p\u0159evodovkaSada komponentP\u0159ehled parametr\u016f Konverzn\u00ed pom\u011br:30, 50, 80,100, 120 a 160*: 1V\u00fdstupn\u00ed momenty:od 2,4 do 708 NmWill v p\u0159evodovce:\u2264 10 \u00fahlov\u00fdch vte\u0159in \/ [&hellip;]","og_url":"https:\/\/almer.sk\/cs\/harmonicke-prevodovky\/lcs-g-harmonicke-prevodovky\/","og_site_name":"Almer.sk","article_modified_time":"2024-02-06T15:27:07+00:00","twitter_card":"summary_large_image","twitter_misc":{"Odhadovan\u00e1 doba \u010dten\u00ed":"7 minut"},"schema":{"@context":"https:\/\/schema.org","@graph":[{"@type":"WebPage","@id":"https:\/\/almer.sk\/cs\/harmonicke-prevodovky\/lcs-g-harmonicke-prevodovky\/","url":"https:\/\/almer.sk\/cs\/harmonicke-prevodovky\/lcs-g-harmonicke-prevodovky\/","name":"LCS (G) - Harmonick\u00e9 p\u0159evodovky - Almer.sk","isPartOf":{"@id":"https:\/\/almer.sk\/cs\/#website"},"datePublished":"2023-07-07T13:36:49+00:00","dateModified":"2024-02-06T15:27:07+00:00","breadcrumb":{"@id":"https:\/\/almer.sk\/cs\/harmonicke-prevodovky\/lcs-g-harmonicke-prevodovky\/#breadcrumb"},"inLanguage":"cs","potentialAction":[{"@type":"ReadAction","target":["https:\/\/almer.sk\/cs\/harmonicke-prevodovky\/lcs-g-harmonicke-prevodovky\/"]}]},{"@type":"BreadcrumbList","@id":"https:\/\/almer.sk\/cs\/harmonicke-prevodovky\/lcs-g-harmonicke-prevodovky\/#breadcrumb","itemListElement":[{"@type":"ListItem","position":1,"name":"Home","item":"https:\/\/almer.sk\/cs\/home\/"},{"@type":"ListItem","position":2,"name":"Harmonick\u00e9 p\u0159evodovky","item":"https:\/\/almer.sk\/cs\/harmonicke-prevodovky\/"},{"@type":"ListItem","position":3,"name":"LCS (G) &#8211; Harmonick\u00e9 p\u0159evodovky"}]},{"@type":"WebSite","@id":"https:\/\/almer.sk\/cs\/#website","url":"https:\/\/almer.sk\/cs\/","name":"Almer.sk","description":"Technologick\u00fd l\u00edder v oblasti presn\u00fdch prevodoviek","potentialAction":[{"@type":"SearchAction","target":{"@type":"EntryPoint","urlTemplate":"https:\/\/almer.sk\/cs\/?s={search_term_string}"},"query-input":{"@type":"PropertyValueSpecification","valueRequired":true,"valueName":"search_term_string"}}],"inLanguage":"cs"}]}},"_links":{"self":[{"href":"https:\/\/almer.sk\/cs\/wp-json\/wp\/v2\/pages\/5982","targetHints":{"allow":["GET"]}}],"collection":[{"href":"https:\/\/almer.sk\/cs\/wp-json\/wp\/v2\/pages"}],"about":[{"href":"https:\/\/almer.sk\/cs\/wp-json\/wp\/v2\/types\/page"}],"author":[{"embeddable":true,"href":"https:\/\/almer.sk\/cs\/wp-json\/wp\/v2\/users\/1"}],"replies":[{"embeddable":true,"href":"https:\/\/almer.sk\/cs\/wp-json\/wp\/v2\/comments?post=5982"}],"version-history":[{"count":4,"href":"https:\/\/almer.sk\/cs\/wp-json\/wp\/v2\/pages\/5982\/revisions"}],"predecessor-version":[{"id":6753,"href":"https:\/\/almer.sk\/cs\/wp-json\/wp\/v2\/pages\/5982\/revisions\/6753"}],"up":[{"embeddable":true,"href":"https:\/\/almer.sk\/cs\/wp-json\/wp\/v2\/pages\/5556"}],"wp:attachment":[{"href":"https:\/\/almer.sk\/cs\/wp-json\/wp\/v2\/media?parent=5982"}],"curies":[{"name":"wp","href":"https:\/\/api.w.org\/{rel}","templated":true}]}}