{"id":5939,"date":"2023-07-15T12:57:35","date_gmt":"2023-07-15T10:57:35","guid":{"rendered":"https:\/\/almer.sk\/integrovane-produkty\/duta-rotacni-plosina-wtn\/"},"modified":"2023-09-06T11:08:04","modified_gmt":"2023-09-06T09:08:04","slug":"duta-rotacni-plosina","status":"publish","type":"page","link":"https:\/\/almer.sk\/cs\/integrovane-produkty\/duta-rotacni-plosina\/","title":{"rendered":"Dut\u00e1 rota\u010dn\u00ed plo\u0161ina WTN"},"content":{"rendered":"<p>[et_pb_section fb_built=&#8220;1&#8243; _builder_version=&#8220;4.21.0&#8243; _module_preset=&#8220;default&#8220; global_colors_info=&#8220;{}&#8220;][et_pb_row _builder_version=&#8220;4.21.0&#8243; _module_preset=&#8220;default&#8220; locked=&#8220;off&#8220; global_colors_info=&#8220;{}&#8220;][et_pb_column type=&#8220;4_4&#8243; _builder_version=&#8220;4.21.0&#8243; _module_preset=&#8220;default&#8220; global_colors_info=&#8220;{}&#8220;][et_pb_blurb content_max_width=&#8220;1100px&#8220; _builder_version=&#8220;4.21.0&#8243; _module_preset=&#8220;default&#8220; body_text_align=&#8220;left&#8220; global_colors_info=&#8220;{}&#8220;]<\/p>\n<p> <a class=\"bread\" href=\"https:\/\/almer.sk\/cs\/\">&gt; \u00davodn\u00ed str\u00e1nka<\/a> \/ <a class=\"bread\" href=\"https:\/\/almer.sk\/cs\/integrovane-produkty\/\">Integrovan\u00e9 produkty<\/a> \/ Rota\u010dn\u00ed platforma<\/p>\n<p>[\/et_pb_blurb][et_pb_blurb content_max_width=&#8220;1100px&#8220; _builder_version=&#8220;4.21.0&#8243; _module_preset=&#8220;default&#8220; header_level=&#8220;h1&#8243; header_font=&#8220;|||on|||||&#8220; body_font=&#8220;|||on|||||&#8220; body_text_align=&#8220;center&#8220; body_line_height=&#8220;1.6em&#8220; global_colors_info=&#8220;{}&#8220;]<\/p>\n<h1><span class=\"cierna\">HOllow<\/span> (dut\u00e1) oto\u010dn\u00e1 plaTFORMA WTN<\/h1>\n<p>[\/et_pb_blurb][\/et_pb_column][\/et_pb_row][et_pb_row column_structure=&#8220;1_2,1_2&#8243; _builder_version=&#8220;4.21.0&#8243; _module_preset=&#8220;default&#8220; width=&#8220;60%&#8220; min_height=&#8220;209px&#8220; custom_padding=&#8220;|||0px|false|false&#8220; global_colors_info=&#8220;{}&#8220;][et_pb_column type=&#8220;1_2&#8243; _builder_version=&#8220;4.21.0&#8243; _module_preset=&#8220;default&#8220; global_colors_info=&#8220;{}&#8220;][et_pb_blurb image=&#8220;https:\/\/almer.sk\/wp-content\/uploads\/2023\/07\/Hollow-duta-Rotacna-e1689426047906.png&#8220; alt=&#8220;Dut\u00e1 rota\u010dn\u00ed plo\u0161ina&#8220; _builder_version=&#8220;4.21.0&#8243; _module_preset=&#8220;default&#8220; width=&#8220;70%&#8220; custom_margin=&#8220;|||90px|false|false&#8220; custom_padding=&#8220;||||false|false&#8220; animation=&#8220;off&#8220; global_colors_info=&#8220;{}&#8220;][\/et_pb_blurb][\/et_pb_column][et_pb_column type=&#8220;1_2&#8243; _builder_version=&#8220;4.21.0&#8243; _module_preset=&#8220;default&#8220; global_colors_info=&#8220;{}&#8220;][et_pb_blurb image=&#8220;https:\/\/almer.sk\/wp-content\/uploads\/2023\/07\/Rotacna-platforma-2.png&#8220; _builder_version=&#8220;4.21.0&#8243; _module_preset=&#8220;default&#8220; width=&#8220;70%&#8220; animation=&#8220;off&#8220; global_colors_info=&#8220;{}&#8220;][\/et_pb_blurb][\/et_pb_column][\/et_pb_row][et_pb_row _builder_version=&#8220;4.21.0&#8243; _module_preset=&#8220;default&#8220; custom_padding=&#8220;0px|||||&#8220; global_colors_info=&#8220;{}&#8220;][et_pb_column type=&#8220;4_4&#8243; _builder_version=&#8220;4.21.0&#8243; _module_preset=&#8220;default&#8220; global_colors_info=&#8220;{}&#8220;][et_pb_blurb content_max_width=&#8220;1100px&#8220; _builder_version=&#8220;4.21.0&#8243; _module_preset=&#8220;default&#8220; global_colors_info=&#8220;{}&#8220;]<\/p>\n<p><strong>Dut\u00fd rota\u010dn\u00ed pohon<\/strong> lze pou\u017e\u00edt v r\u016fzn\u00fdch p\u0159\u00edpadech rota\u010dn\u00edho pohybu a nahradit j\u00edm DD MOTOR a va\u010dku. Kombinuje vysokou efektivitu pr\u00e1ce, vysokou p\u0159esnost, vysokou tuhost a vynikaj\u00edc\u00ed pom\u011br cena\/v\u00fdkon. P\u0159esnost opakovan\u00e9ho polohov\u00e1n\u00ed je men\u0161\u00ed ne\u017e 15 \u00fahlov\u00fdch vte\u0159in, motor lze snadno konfigurovat a zat\u00ed\u017een\u00ed je stabiln\u00ed. Lze jej spojit se st\u0159\u00eddav\u00fdm servopohonem nebo krokov\u00fdm motorem a prov\u00e9st jak\u00e9koliv \u00fahlov\u00e9 d\u011blen\u00ed, kter\u00e9 m\u016f\u017ee splnit digit\u00e1ln\u00ed \u0159\u00edzen\u00ed a kter\u00e9ho d\u011bli\u010d nedos\u00e1hne, p\u0159i\u010dem\u017e p\u0159esnost polohov\u00e1n\u00ed je srovnateln\u00e1 s motory DD. M\u016f\u017ee v\u00fdrazn\u011b sn\u00ed\u017eit n\u00e1klady a p\u0159in\u00e9st ne\u010dekan\u00e9 v\u00fdsledky.<\/p>\n<p><strong>Integrovan\u00fd vstupn\u00ed h\u0159\u00eddel<\/strong>, vysok\u00e1 tuhost lo\u017eisek, \u017e\u00e1dn\u00e9 riziko prokluzu.<\/p>\n<p><strong>Dut\u00e1 konstrukce<\/strong><\/p>\n<p>Oto\u010dn\u00e1 deska m\u00e1 dutou konstrukci a servomotor je p\u0159ipevn\u011bn na boku, co\u017e je vhodn\u00e9 pro instalaci plynov\u00e9ho potrub\u00ed a elektrick\u00e9ho vodi\u010de do sv\u00edtidla.<\/p>\n<p><strong>Vysok\u00e1 p\u0159esnost opakovan\u00e9ho polohov\u00e1n\u00ed<\/strong><\/p>\n<p>Dut\u00e1 rota\u010dn\u00ed platforma vyu\u017e\u00edv\u00e1 jednostup\u0148ovou p\u0159evodovku se \u0161ikm\u00fdmi p\u0159evody, kter\u00e1 zvy\u0161uje v\u00fdstupn\u00ed to\u010div\u00fd moment sn\u00ed\u017een\u00edm ot\u00e1\u010dek.<\/p>\n<p>\u00darove\u0148 p\u0159esnosti ozuben\u00e9ho kola je 3 \u00fahlov\u00e9 minuty a flexibiln\u00ed mechanismus nastaven\u00ed v\u016fle \u0159\u00edd\u00ed v\u016fli zm\u011bnou st\u0159edov\u00e9 vzd\u00e1lenosti mezi ob\u011bma ozuben\u00fdmi koly, tak\u017ee dut\u00e1 rota\u010dn\u00ed plo\u0161ina je bez v\u016fle (bez v\u016fle) a p\u0159esnost zm\u011bny polohy je ni\u017e\u0161\u00ed ne\u017e \u00b115 \u00fahlov\u00fdch vte\u0159in.<\/p>\n<p><strong>Vysok\u00e1 tuhost<\/strong><\/p>\n<p>Oto\u010dn\u00e1 deska je ulo\u017eena na sad\u011b p\u0159esn\u00fdch k\u0159\u00ed\u017eov\u00fdch v\u00e1le\u010dkov\u00fdch lo\u017eisek. V\u00e1le\u010dky v lo\u017eisku jsou posunuty o 90 stup\u0148\u016f a pr\u016fm\u011br v\u00e1le\u010dk\u016f je o n\u011bco v\u011bt\u0161\u00ed ne\u017e velikost ob\u011b\u017enice mezi vnit\u0159n\u00edm a vn\u011bj\u0161\u00edm krou\u017ekem lo\u017eiska. Mezi vnit\u0159n\u00edm a vn\u011bj\u0161\u00edm krou\u017ekem a v\u00e1le\u010dky je p\u0159edep\u00ednac\u00ed s\u00edla, tak\u017ee lo\u017eiskem podep\u0159en\u00e1 oto\u010dn\u00e1 deska servopohonu rota\u010dn\u00ed plo\u0161iny odol\u00e1v\u00e1 r\u016fzn\u00fdm moment\u016fm, jako je radi\u00e1ln\u00ed, axi\u00e1ln\u00ed a p\u0159eto\u010den\u00ed, a jej\u00ed tuhost je v\u00edce ne\u017e desetkr\u00e1t vy\u0161\u0161\u00ed ne\u017e tuhost tradi\u010dn\u00edch lo\u017eisek.<\/p>\n<p><strong>Jak\u00e1koli konfigurace motoru<\/strong><\/p>\n<p>Dut\u00e1 rota\u010dn\u00ed platforma m\u016f\u017ee flexibiln\u011b m\u011bnit velikost rozhran\u00ed s p\u0159izp\u016fsoben\u00fdm otvorem p\u0159\u00edruby a vstupn\u00edm h\u0159\u00eddelem, co\u017e je vhodn\u00e9 pro p\u0159ipojen\u00ed servomotor\u016f a krokov\u00fdch motor\u016f jak\u00e9koli zna\u010dky.<\/p>\n<p>[\/et_pb_blurb][\/et_pb_column][\/et_pb_row][et_pb_row _builder_version=&#8220;4.21.0&#8243; _module_preset=&#8220;default&#8220; global_colors_info=&#8220;{}&#8220;][et_pb_column type=&#8220;4_4&#8243; _builder_version=&#8220;4.21.0&#8243; _module_preset=&#8220;default&#8220; global_colors_info=&#8220;{}&#8220;][et_pb_blurb image=&#8220;https:\/\/almer.sk\/wp-content\/uploads\/2023\/07\/Hollow-duta-rotacna-platforma-WTN.png&#8220; alt=&#8220;Dut\u00e1 rota\u010dn\u00ed plo\u0161ina WTN&#8220; content_max_width=&#8220;1100px&#8220; _builder_version=&#8220;4.21.0&#8243; _module_preset=&#8220;default&#8220; animation=&#8220;off&#8220; global_colors_info=&#8220;{}&#8220;][\/et_pb_blurb][\/et_pb_column][\/et_pb_row][\/et_pb_section]<\/p>\n","protected":false},"excerpt":{"rendered":"<p>&gt; \u00davodn\u00ed str\u00e1nka \/ Integrovan\u00e9 produkty \/ Rota\u010dn\u00ed platformaHOllow (dut\u00e1) oto\u010dn\u00e1 plaTFORMA WTNDut\u00fd rota\u010dn\u00ed pohon lze pou\u017e\u00edt v r\u016fzn\u00fdch p\u0159\u00edpadech rota\u010dn\u00edho pohybu a nahradit j\u00edm DD MOTOR a va\u010dku. Kombinuje vysokou efektivitu pr\u00e1ce, vysokou p\u0159esnost, vysokou tuhost a vynikaj\u00edc\u00ed pom\u011br cena\/v\u00fdkon. P\u0159esnost opakovan\u00e9ho polohov\u00e1n\u00ed je men\u0161\u00ed ne\u017e 15 \u00fahlov\u00fdch vte\u0159in, motor lze snadno konfigurovat a [&hellip;]<\/p>\n","protected":false},"author":1,"featured_media":0,"parent":5622,"menu_order":0,"comment_status":"closed","ping_status":"closed","template":"","meta":{"_et_pb_use_builder":"on","_et_pb_old_content":"","_et_gb_content_width":"","footnotes":""},"class_list":["post-5939","page","type-page","status-publish","hentry"],"yoast_head":"<!-- This site is optimized with the Yoast SEO plugin v26.6 - https:\/\/yoast.com\/wordpress\/plugins\/seo\/ -->\n<title>Dut\u00e1 rota\u010dn\u00ed plo\u0161ina WTN - Almer.sk<\/title>\n<meta name=\"robots\" content=\"index, follow, max-snippet:-1, max-image-preview:large, max-video-preview:-1\" \/>\n<link rel=\"canonical\" href=\"https:\/\/almer.sk\/cs\/integrovane-produkty\/duta-rotacni-plosina\/\" \/>\n<meta property=\"og:locale\" content=\"cs_CZ\" \/>\n<meta property=\"og:type\" content=\"article\" \/>\n<meta property=\"og:title\" content=\"Dut\u00e1 rota\u010dn\u00ed plo\u0161ina WTN - Almer.sk\" \/>\n<meta property=\"og:description\" content=\"&gt; \u00davodn\u00ed str\u00e1nka \/ Integrovan\u00e9 produkty \/ Rota\u010dn\u00ed platformaHOllow (dut\u00e1) oto\u010dn\u00e1 plaTFORMA WTNDut\u00fd rota\u010dn\u00ed pohon lze pou\u017e\u00edt v r\u016fzn\u00fdch p\u0159\u00edpadech rota\u010dn\u00edho pohybu a nahradit j\u00edm DD MOTOR a va\u010dku. Kombinuje vysokou efektivitu pr\u00e1ce, vysokou p\u0159esnost, vysokou tuhost a vynikaj\u00edc\u00ed pom\u011br cena\/v\u00fdkon. P\u0159esnost opakovan\u00e9ho polohov\u00e1n\u00ed je men\u0161\u00ed ne\u017e 15 \u00fahlov\u00fdch vte\u0159in, motor lze snadno konfigurovat a [&hellip;]\" \/>\n<meta property=\"og:url\" content=\"https:\/\/almer.sk\/cs\/integrovane-produkty\/duta-rotacni-plosina\/\" \/>\n<meta property=\"og:site_name\" content=\"Almer.sk\" \/>\n<meta property=\"article:modified_time\" content=\"2023-09-06T09:08:04+00:00\" \/>\n<meta name=\"twitter:card\" content=\"summary_large_image\" \/>\n<meta name=\"twitter:label1\" content=\"Odhadovan\u00e1 doba \u010dten\u00ed\" \/>\n\t<meta name=\"twitter:data1\" content=\"3 minuty\" \/>\n<script type=\"application\/ld+json\" class=\"yoast-schema-graph\">{\"@context\":\"https:\/\/schema.org\",\"@graph\":[{\"@type\":\"WebPage\",\"@id\":\"https:\/\/almer.sk\/cs\/integrovane-produkty\/duta-rotacni-plosina\/\",\"url\":\"https:\/\/almer.sk\/cs\/integrovane-produkty\/duta-rotacni-plosina\/\",\"name\":\"Dut\u00e1 rota\u010dn\u00ed plo\u0161ina WTN - Almer.sk\",\"isPartOf\":{\"@id\":\"https:\/\/almer.sk\/cs\/#website\"},\"datePublished\":\"2023-07-15T10:57:35+00:00\",\"dateModified\":\"2023-09-06T09:08:04+00:00\",\"breadcrumb\":{\"@id\":\"https:\/\/almer.sk\/cs\/integrovane-produkty\/duta-rotacni-plosina\/#breadcrumb\"},\"inLanguage\":\"cs\",\"potentialAction\":[{\"@type\":\"ReadAction\",\"target\":[\"https:\/\/almer.sk\/cs\/integrovane-produkty\/duta-rotacni-plosina\/\"]}]},{\"@type\":\"BreadcrumbList\",\"@id\":\"https:\/\/almer.sk\/cs\/integrovane-produkty\/duta-rotacni-plosina\/#breadcrumb\",\"itemListElement\":[{\"@type\":\"ListItem\",\"position\":1,\"name\":\"Home\",\"item\":\"https:\/\/almer.sk\/cs\/home\/\"},{\"@type\":\"ListItem\",\"position\":2,\"name\":\"Integrovan\u00e9 produkty\",\"item\":\"https:\/\/almer.sk\/cs\/integrovane-produkty\/\"},{\"@type\":\"ListItem\",\"position\":3,\"name\":\"Dut\u00e1 rota\u010dn\u00ed plo\u0161ina WTN\"}]},{\"@type\":\"WebSite\",\"@id\":\"https:\/\/almer.sk\/cs\/#website\",\"url\":\"https:\/\/almer.sk\/cs\/\",\"name\":\"Almer.sk\",\"description\":\"Technologick\u00fd l\u00edder v oblasti presn\u00fdch prevodoviek\",\"potentialAction\":[{\"@type\":\"SearchAction\",\"target\":{\"@type\":\"EntryPoint\",\"urlTemplate\":\"https:\/\/almer.sk\/cs\/?s={search_term_string}\"},\"query-input\":{\"@type\":\"PropertyValueSpecification\",\"valueRequired\":true,\"valueName\":\"search_term_string\"}}],\"inLanguage\":\"cs\"}]}<\/script>\n<!-- \/ Yoast SEO plugin. -->","yoast_head_json":{"title":"Dut\u00e1 rota\u010dn\u00ed plo\u0161ina WTN - Almer.sk","robots":{"index":"index","follow":"follow","max-snippet":"max-snippet:-1","max-image-preview":"max-image-preview:large","max-video-preview":"max-video-preview:-1"},"canonical":"https:\/\/almer.sk\/cs\/integrovane-produkty\/duta-rotacni-plosina\/","og_locale":"cs_CZ","og_type":"article","og_title":"Dut\u00e1 rota\u010dn\u00ed plo\u0161ina WTN - Almer.sk","og_description":"&gt; \u00davodn\u00ed str\u00e1nka \/ Integrovan\u00e9 produkty \/ Rota\u010dn\u00ed platformaHOllow (dut\u00e1) oto\u010dn\u00e1 plaTFORMA WTNDut\u00fd rota\u010dn\u00ed pohon lze pou\u017e\u00edt v r\u016fzn\u00fdch p\u0159\u00edpadech rota\u010dn\u00edho pohybu a nahradit j\u00edm DD MOTOR a va\u010dku. Kombinuje vysokou efektivitu pr\u00e1ce, vysokou p\u0159esnost, vysokou tuhost a vynikaj\u00edc\u00ed pom\u011br cena\/v\u00fdkon. P\u0159esnost opakovan\u00e9ho polohov\u00e1n\u00ed je men\u0161\u00ed ne\u017e 15 \u00fahlov\u00fdch vte\u0159in, motor lze snadno konfigurovat a [&hellip;]","og_url":"https:\/\/almer.sk\/cs\/integrovane-produkty\/duta-rotacni-plosina\/","og_site_name":"Almer.sk","article_modified_time":"2023-09-06T09:08:04+00:00","twitter_card":"summary_large_image","twitter_misc":{"Odhadovan\u00e1 doba \u010dten\u00ed":"3 minuty"},"schema":{"@context":"https:\/\/schema.org","@graph":[{"@type":"WebPage","@id":"https:\/\/almer.sk\/cs\/integrovane-produkty\/duta-rotacni-plosina\/","url":"https:\/\/almer.sk\/cs\/integrovane-produkty\/duta-rotacni-plosina\/","name":"Dut\u00e1 rota\u010dn\u00ed plo\u0161ina WTN - Almer.sk","isPartOf":{"@id":"https:\/\/almer.sk\/cs\/#website"},"datePublished":"2023-07-15T10:57:35+00:00","dateModified":"2023-09-06T09:08:04+00:00","breadcrumb":{"@id":"https:\/\/almer.sk\/cs\/integrovane-produkty\/duta-rotacni-plosina\/#breadcrumb"},"inLanguage":"cs","potentialAction":[{"@type":"ReadAction","target":["https:\/\/almer.sk\/cs\/integrovane-produkty\/duta-rotacni-plosina\/"]}]},{"@type":"BreadcrumbList","@id":"https:\/\/almer.sk\/cs\/integrovane-produkty\/duta-rotacni-plosina\/#breadcrumb","itemListElement":[{"@type":"ListItem","position":1,"name":"Home","item":"https:\/\/almer.sk\/cs\/home\/"},{"@type":"ListItem","position":2,"name":"Integrovan\u00e9 produkty","item":"https:\/\/almer.sk\/cs\/integrovane-produkty\/"},{"@type":"ListItem","position":3,"name":"Dut\u00e1 rota\u010dn\u00ed plo\u0161ina WTN"}]},{"@type":"WebSite","@id":"https:\/\/almer.sk\/cs\/#website","url":"https:\/\/almer.sk\/cs\/","name":"Almer.sk","description":"Technologick\u00fd l\u00edder v oblasti presn\u00fdch prevodoviek","potentialAction":[{"@type":"SearchAction","target":{"@type":"EntryPoint","urlTemplate":"https:\/\/almer.sk\/cs\/?s={search_term_string}"},"query-input":{"@type":"PropertyValueSpecification","valueRequired":true,"valueName":"search_term_string"}}],"inLanguage":"cs"}]}},"_links":{"self":[{"href":"https:\/\/almer.sk\/cs\/wp-json\/wp\/v2\/pages\/5939","targetHints":{"allow":["GET"]}}],"collection":[{"href":"https:\/\/almer.sk\/cs\/wp-json\/wp\/v2\/pages"}],"about":[{"href":"https:\/\/almer.sk\/cs\/wp-json\/wp\/v2\/types\/page"}],"author":[{"embeddable":true,"href":"https:\/\/almer.sk\/cs\/wp-json\/wp\/v2\/users\/1"}],"replies":[{"embeddable":true,"href":"https:\/\/almer.sk\/cs\/wp-json\/wp\/v2\/comments?post=5939"}],"version-history":[{"count":3,"href":"https:\/\/almer.sk\/cs\/wp-json\/wp\/v2\/pages\/5939\/revisions"}],"predecessor-version":[{"id":6610,"href":"https:\/\/almer.sk\/cs\/wp-json\/wp\/v2\/pages\/5939\/revisions\/6610"}],"up":[{"embeddable":true,"href":"https:\/\/almer.sk\/cs\/wp-json\/wp\/v2\/pages\/5622"}],"wp:attachment":[{"href":"https:\/\/almer.sk\/cs\/wp-json\/wp\/v2\/media?parent=5939"}],"curies":[{"name":"wp","href":"https:\/\/api.w.org\/{rel}","templated":true}]}}