{"id":5820,"date":"2023-07-14T18:40:01","date_gmt":"2023-07-14T16:40:01","guid":{"rendered":"https:\/\/almer.sk\/integrovane-produkty\/5osy-rotacni-zarizeni-pro-vodni-paprsek\/"},"modified":"2023-07-28T11:26:18","modified_gmt":"2023-07-28T09:26:18","slug":"5osy-rotacni-zarizeni-pro-vodni-paprsek","status":"publish","type":"page","link":"https:\/\/almer.sk\/cs\/integrovane-produkty\/5osy-rotacni-zarizeni-pro-vodni-paprsek\/","title":{"rendered":"5os\u00fd rota\u010dn\u00ed za\u0159\u00edzen\u00ed pro vodn\u00ed paprsek"},"content":{"rendered":"<p>[et_pb_section fb_built=&#8220;1&#8243; _builder_version=&#8220;4.21.0&#8243; _module_preset=&#8220;default&#8220; custom_padding=&#8220;||23px|||&#8220; locked=&#8220;off&#8220; global_colors_info=&#8220;{}&#8220;][et_pb_row _builder_version=&#8220;4.21.0&#8243; _module_preset=&#8220;default&#8220; global_colors_info=&#8220;{}&#8220;][et_pb_column type=&#8220;4_4&#8243; _builder_version=&#8220;4.21.0&#8243; _module_preset=&#8220;default&#8220; global_colors_info=&#8220;{}&#8220;][et_pb_blurb content_max_width=&#8220;1100px&#8220; _builder_version=&#8220;4.21.0&#8243; _module_preset=&#8220;default&#8220; body_text_align=&#8220;left&#8220; locked=&#8220;off&#8220; global_colors_info=&#8220;{}&#8220;]<\/p>\n<p> <a class=\"bread\" href=\"https:\/\/almer.sk\/cs\/\">&gt; Dom\u016f<\/a> \/ <a href=\"https:\/\/almer.sk\/cs\/integrovane-produkty\/\">Integrovan\u00e9 produkty<\/a> \/ 5os\u00fd vodn\u00ed paprsek AC<\/p>\n<p>[\/et_pb_blurb][\/et_pb_column][\/et_pb_row][et_pb_row _builder_version=&#8220;4.21.0&#8243; _module_preset=&#8220;default&#8220; custom_padding=&#8220;||0px|||&#8220; locked=&#8220;off&#8220; global_colors_info=&#8220;{}&#8220;][et_pb_column type=&#8220;4_4&#8243; _builder_version=&#8220;4.21.0&#8243; _module_preset=&#8220;default&#8220; global_colors_info=&#8220;{}&#8220;][et_pb_blurb content_max_width=&#8220;1100px&#8220; _builder_version=&#8220;4.21.0&#8243; _module_preset=&#8220;default&#8220; header_font=&#8220;||||||||&#8220; header_text_color=&#8220;#FF0000&#8243; body_font=&#8220;|||on|||||&#8220; body_text_align=&#8220;center&#8220; global_colors_info=&#8220;{}&#8220;]<\/p>\n<h1><span class=\"cierna\">5os\u00fd<\/span> rot\u00e1tor pro vodn\u00ed paprsek<\/h1>\n<p>[\/et_pb_blurb][\/et_pb_column][\/et_pb_row][et_pb_row column_structure=&#8220;2_5,3_5&#8243; _builder_version=&#8220;4.21.0&#8243; _module_preset=&#8220;default&#8220; global_colors_info=&#8220;{}&#8220;][et_pb_column type=&#8220;2_5&#8243; _builder_version=&#8220;4.21.0&#8243; _module_preset=&#8220;default&#8220; global_colors_info=&#8220;{}&#8220;][et_pb_blurb image=&#8220;https:\/\/almer.sk\/wp-content\/uploads\/2023\/07\/5-osovy-vodnolucovy-rotator-AC.png&#8220; alt=&#8220;5os\u00fd rot\u00e1tor pro vodn\u00ed paprsek &#8211; AC&#8220; _builder_version=&#8220;4.21.0&#8243; _module_preset=&#8220;default&#8220; header_text_align=&#8220;center&#8220; custom_margin=&#8220;70px||||false|false&#8220; animation=&#8220;off&#8220; hover_enabled=&#8220;0&#8243; global_colors_info=&#8220;{}&#8220; custom_margin_last_edited=&#8220;on|phone&#8220; custom_margin_phone=&#8220;0px||||false|false&#8220; sticky_enabled=&#8220;0&#8243; custom_margin_tablet=&#8220;70px||||false|false&#8220;][\/et_pb_blurb][\/et_pb_column][et_pb_column type=&#8220;3_5&#8243; _builder_version=&#8220;4.21.0&#8243; _module_preset=&#8220;default&#8220; global_colors_info=&#8220;{}&#8220;][et_pb_blurb image=&#8220;https:\/\/almer.sk\/wp-content\/uploads\/2023\/07\/Technicke-parametre-5-osovy-vodnolucnovy-rotator.png&#8220; alt=&#8220;Technick\u00e9 parametry &#8211; 5os\u00fd rota\u010dn\u00ed vodn\u00ed paprsek&#8220; image_icon_width=&#8220;100%&#8220; _builder_version=&#8220;4.21.0&#8243; _module_preset=&#8220;default&#8220; header_text_align=&#8220;center&#8220; animation=&#8220;off&#8220; global_colors_info=&#8220;{}&#8220;][\/et_pb_blurb][\/et_pb_column][\/et_pb_row][et_pb_row _builder_version=&#8220;4.21.0&#8243; _module_preset=&#8220;default&#8220; global_colors_info=&#8220;{}&#8220;][et_pb_column type=&#8220;4_4&#8243; _builder_version=&#8220;4.21.0&#8243; _module_preset=&#8220;default&#8220; global_colors_info=&#8220;{}&#8220;][et_pb_image src=&#8220;https:\/\/almer.sk\/wp-content\/uploads\/2023\/07\/23-AC-5-Axis-Water-Jet-WSDT-40-06-Z-AC-scaled-e1689354049215.jpg&#8220; alt=&#8220;23 AC 5os\u00fd vodn\u00ed paprsek-WSDT-40-06-Z-AC&#8220; title_text=&#8220;23 AC 5os\u00fd vodn\u00ed paprsek-WSDT-40-06-Z-AC&#8220; _builder_version=&#8220;4.21.0&#8243; _module_preset=&#8220;default&#8220; global_colors_info=&#8220;{}&#8220;][\/et_pb_image][\/et_pb_column][\/et_pb_row][\/et_pb_section]<\/p>\n","protected":false},"excerpt":{"rendered":"<p>&gt; Dom\u016f \/ Integrovan\u00e9 produkty \/ 5os\u00fd vodn\u00ed paprsek AC5os\u00fd rot\u00e1tor pro vodn\u00ed paprsek<\/p>\n","protected":false},"author":1,"featured_media":0,"parent":5622,"menu_order":0,"comment_status":"closed","ping_status":"closed","template":"","meta":{"_et_pb_use_builder":"on","_et_pb_old_content":"","_et_gb_content_width":"","footnotes":""},"class_list":["post-5820","page","type-page","status-publish","hentry"],"yoast_head":"<!-- This site is optimized with the Yoast SEO plugin v26.6 - https:\/\/yoast.com\/wordpress\/plugins\/seo\/ -->\n<title>5os\u00fd rota\u010dn\u00ed za\u0159\u00edzen\u00ed pro vodn\u00ed paprsek - Almer.sk<\/title>\n<meta name=\"robots\" content=\"index, follow, max-snippet:-1, max-image-preview:large, max-video-preview:-1\" \/>\n<link rel=\"canonical\" href=\"https:\/\/almer.sk\/cs\/integrovane-produkty\/5osy-rotacni-zarizeni-pro-vodni-paprsek\/\" \/>\n<meta property=\"og:locale\" content=\"cs_CZ\" \/>\n<meta property=\"og:type\" content=\"article\" \/>\n<meta property=\"og:title\" content=\"5os\u00fd rota\u010dn\u00ed za\u0159\u00edzen\u00ed pro vodn\u00ed paprsek - Almer.sk\" \/>\n<meta property=\"og:description\" content=\"&gt; Dom\u016f \/ Integrovan\u00e9 produkty \/ 5os\u00fd vodn\u00ed paprsek AC5os\u00fd rot\u00e1tor pro vodn\u00ed paprsek\" \/>\n<meta property=\"og:url\" content=\"https:\/\/almer.sk\/cs\/integrovane-produkty\/5osy-rotacni-zarizeni-pro-vodni-paprsek\/\" \/>\n<meta property=\"og:site_name\" content=\"Almer.sk\" \/>\n<meta property=\"article:modified_time\" content=\"2023-07-28T09:26:18+00:00\" \/>\n<meta name=\"twitter:card\" content=\"summary_large_image\" \/>\n<meta name=\"twitter:label1\" content=\"Odhadovan\u00e1 doba \u010dten\u00ed\" \/>\n\t<meta name=\"twitter:data1\" content=\"2 minuty\" \/>\n<script type=\"application\/ld+json\" class=\"yoast-schema-graph\">{\"@context\":\"https:\/\/schema.org\",\"@graph\":[{\"@type\":\"WebPage\",\"@id\":\"https:\/\/almer.sk\/cs\/integrovane-produkty\/5osy-rotacni-zarizeni-pro-vodni-paprsek\/\",\"url\":\"https:\/\/almer.sk\/cs\/integrovane-produkty\/5osy-rotacni-zarizeni-pro-vodni-paprsek\/\",\"name\":\"5os\u00fd rota\u010dn\u00ed za\u0159\u00edzen\u00ed pro vodn\u00ed paprsek - Almer.sk\",\"isPartOf\":{\"@id\":\"https:\/\/almer.sk\/cs\/#website\"},\"datePublished\":\"2023-07-14T16:40:01+00:00\",\"dateModified\":\"2023-07-28T09:26:18+00:00\",\"breadcrumb\":{\"@id\":\"https:\/\/almer.sk\/cs\/integrovane-produkty\/5osy-rotacni-zarizeni-pro-vodni-paprsek\/#breadcrumb\"},\"inLanguage\":\"cs\",\"potentialAction\":[{\"@type\":\"ReadAction\",\"target\":[\"https:\/\/almer.sk\/cs\/integrovane-produkty\/5osy-rotacni-zarizeni-pro-vodni-paprsek\/\"]}]},{\"@type\":\"BreadcrumbList\",\"@id\":\"https:\/\/almer.sk\/cs\/integrovane-produkty\/5osy-rotacni-zarizeni-pro-vodni-paprsek\/#breadcrumb\",\"itemListElement\":[{\"@type\":\"ListItem\",\"position\":1,\"name\":\"Home\",\"item\":\"https:\/\/almer.sk\/cs\/home\/\"},{\"@type\":\"ListItem\",\"position\":2,\"name\":\"Integrovan\u00e9 produkty\",\"item\":\"https:\/\/almer.sk\/cs\/integrovane-produkty\/\"},{\"@type\":\"ListItem\",\"position\":3,\"name\":\"5os\u00fd rota\u010dn\u00ed za\u0159\u00edzen\u00ed pro vodn\u00ed paprsek\"}]},{\"@type\":\"WebSite\",\"@id\":\"https:\/\/almer.sk\/cs\/#website\",\"url\":\"https:\/\/almer.sk\/cs\/\",\"name\":\"Almer.sk\",\"description\":\"Technologick\u00fd l\u00edder v oblasti presn\u00fdch prevodoviek\",\"potentialAction\":[{\"@type\":\"SearchAction\",\"target\":{\"@type\":\"EntryPoint\",\"urlTemplate\":\"https:\/\/almer.sk\/cs\/?s={search_term_string}\"},\"query-input\":{\"@type\":\"PropertyValueSpecification\",\"valueRequired\":true,\"valueName\":\"search_term_string\"}}],\"inLanguage\":\"cs\"}]}<\/script>\n<!-- \/ Yoast SEO plugin. -->","yoast_head_json":{"title":"5os\u00fd rota\u010dn\u00ed za\u0159\u00edzen\u00ed pro vodn\u00ed paprsek - Almer.sk","robots":{"index":"index","follow":"follow","max-snippet":"max-snippet:-1","max-image-preview":"max-image-preview:large","max-video-preview":"max-video-preview:-1"},"canonical":"https:\/\/almer.sk\/cs\/integrovane-produkty\/5osy-rotacni-zarizeni-pro-vodni-paprsek\/","og_locale":"cs_CZ","og_type":"article","og_title":"5os\u00fd rota\u010dn\u00ed za\u0159\u00edzen\u00ed pro vodn\u00ed paprsek - Almer.sk","og_description":"&gt; Dom\u016f \/ Integrovan\u00e9 produkty \/ 5os\u00fd vodn\u00ed paprsek AC5os\u00fd rot\u00e1tor pro vodn\u00ed paprsek","og_url":"https:\/\/almer.sk\/cs\/integrovane-produkty\/5osy-rotacni-zarizeni-pro-vodni-paprsek\/","og_site_name":"Almer.sk","article_modified_time":"2023-07-28T09:26:18+00:00","twitter_card":"summary_large_image","twitter_misc":{"Odhadovan\u00e1 doba \u010dten\u00ed":"2 minuty"},"schema":{"@context":"https:\/\/schema.org","@graph":[{"@type":"WebPage","@id":"https:\/\/almer.sk\/cs\/integrovane-produkty\/5osy-rotacni-zarizeni-pro-vodni-paprsek\/","url":"https:\/\/almer.sk\/cs\/integrovane-produkty\/5osy-rotacni-zarizeni-pro-vodni-paprsek\/","name":"5os\u00fd rota\u010dn\u00ed za\u0159\u00edzen\u00ed pro vodn\u00ed paprsek - Almer.sk","isPartOf":{"@id":"https:\/\/almer.sk\/cs\/#website"},"datePublished":"2023-07-14T16:40:01+00:00","dateModified":"2023-07-28T09:26:18+00:00","breadcrumb":{"@id":"https:\/\/almer.sk\/cs\/integrovane-produkty\/5osy-rotacni-zarizeni-pro-vodni-paprsek\/#breadcrumb"},"inLanguage":"cs","potentialAction":[{"@type":"ReadAction","target":["https:\/\/almer.sk\/cs\/integrovane-produkty\/5osy-rotacni-zarizeni-pro-vodni-paprsek\/"]}]},{"@type":"BreadcrumbList","@id":"https:\/\/almer.sk\/cs\/integrovane-produkty\/5osy-rotacni-zarizeni-pro-vodni-paprsek\/#breadcrumb","itemListElement":[{"@type":"ListItem","position":1,"name":"Home","item":"https:\/\/almer.sk\/cs\/home\/"},{"@type":"ListItem","position":2,"name":"Integrovan\u00e9 produkty","item":"https:\/\/almer.sk\/cs\/integrovane-produkty\/"},{"@type":"ListItem","position":3,"name":"5os\u00fd rota\u010dn\u00ed za\u0159\u00edzen\u00ed pro vodn\u00ed paprsek"}]},{"@type":"WebSite","@id":"https:\/\/almer.sk\/cs\/#website","url":"https:\/\/almer.sk\/cs\/","name":"Almer.sk","description":"Technologick\u00fd l\u00edder v oblasti presn\u00fdch prevodoviek","potentialAction":[{"@type":"SearchAction","target":{"@type":"EntryPoint","urlTemplate":"https:\/\/almer.sk\/cs\/?s={search_term_string}"},"query-input":{"@type":"PropertyValueSpecification","valueRequired":true,"valueName":"search_term_string"}}],"inLanguage":"cs"}]}},"_links":{"self":[{"href":"https:\/\/almer.sk\/cs\/wp-json\/wp\/v2\/pages\/5820","targetHints":{"allow":["GET"]}}],"collection":[{"href":"https:\/\/almer.sk\/cs\/wp-json\/wp\/v2\/pages"}],"about":[{"href":"https:\/\/almer.sk\/cs\/wp-json\/wp\/v2\/types\/page"}],"author":[{"embeddable":true,"href":"https:\/\/almer.sk\/cs\/wp-json\/wp\/v2\/users\/1"}],"replies":[{"embeddable":true,"href":"https:\/\/almer.sk\/cs\/wp-json\/wp\/v2\/comments?post=5820"}],"version-history":[{"count":1,"href":"https:\/\/almer.sk\/cs\/wp-json\/wp\/v2\/pages\/5820\/revisions"}],"predecessor-version":[{"id":5824,"href":"https:\/\/almer.sk\/cs\/wp-json\/wp\/v2\/pages\/5820\/revisions\/5824"}],"up":[{"embeddable":true,"href":"https:\/\/almer.sk\/cs\/wp-json\/wp\/v2\/pages\/5622"}],"wp:attachment":[{"href":"https:\/\/almer.sk\/cs\/wp-json\/wp\/v2\/media?parent=5820"}],"curies":[{"name":"wp","href":"https:\/\/api.w.org\/{rel}","templated":true}]}}