{"id":5749,"date":"2023-06-15T08:52:15","date_gmt":"2023-06-15T06:52:15","guid":{"rendered":"https:\/\/almer.sk\/motory\/"},"modified":"2023-08-31T10:54:11","modified_gmt":"2023-08-31T08:54:11","slug":"motory","status":"publish","type":"page","link":"https:\/\/almer.sk\/cs\/motory\/","title":{"rendered":"Motory"},"content":{"rendered":"<p>[et_pb_section fb_built=&#8220;1&#8243; admin_label=&#8220;Section&#8220; _builder_version=&#8220;4.21.0&#8243; _module_preset=&#8220;default&#8220; locked=&#8220;off&#8220; global_colors_info=&#8220;{}&#8220;][et_pb_row _builder_version=&#8220;4.21.0&#8243; _module_preset=&#8220;default&#8220; global_colors_info=&#8220;{}&#8220;][et_pb_column type=&#8220;4_4&#8243; _builder_version=&#8220;4.21.0&#8243; _module_preset=&#8220;default&#8220; global_colors_info=&#8220;{}&#8220;][et_pb_blurb content_max_width=&#8220;1100px&#8220; _builder_version=&#8220;4.21.0&#8243; _module_preset=&#8220;default&#8220; body_text_align=&#8220;left&#8220; global_colors_info=&#8220;{}&#8220;]<\/p>\n<p><a class=\"bread\" href=\"https:\/\/almer.sk\/cs\/\">&gt; Domov<\/a> \/ Motory<\/p>\n<p>[\/et_pb_blurb][\/et_pb_column][\/et_pb_row][et_pb_row _builder_version=&#8220;4.21.0&#8243; _module_preset=&#8220;default&#8220; global_colors_info=&#8220;{}&#8220;][et_pb_column type=&#8220;4_4&#8243; _builder_version=&#8220;4.21.0&#8243; _module_preset=&#8220;default&#8220; global_colors_info=&#8220;{}&#8220;][et_pb_blurb content_max_width=&#8220;1100px&#8220; _builder_version=&#8220;4.21.0&#8243; _module_preset=&#8220;default&#8220; header_level=&#8220;h1&#8243; header_font=&#8220;|||on|||||&#8220; body_font=&#8220;|||on|||||&#8220; body_text_align=&#8220;center&#8220; body_line_height=&#8220;1.6em&#8220; global_colors_info=&#8220;{}&#8220;]<\/p>\n<h1><span class=\"cierna\">Bezr\u00e1mov\u00e9<\/span> motory s <span class=\"cierna\">p\u0159\u00edm\u00fdm pohonem<\/span> <\/h1>\n<p>[\/et_pb_blurb][\/et_pb_column][\/et_pb_row][et_pb_row column_structure=&#8220;1_2,1_2&#8243; _builder_version=&#8220;4.21.0&#8243; _module_preset=&#8220;default&#8220; global_colors_info=&#8220;{}&#8220;][et_pb_column type=&#8220;1_2&#8243; _builder_version=&#8220;4.21.0&#8243; _module_preset=&#8220;default&#8220; global_colors_info=&#8220;{}&#8220;][et_pb_blurb image=&#8220;https:\/\/almer.sk\/wp-content\/uploads\/2023\/07\/Motory-e1689573291270.png&#8220; alt=&#8220;Motory&#8220; _builder_version=&#8220;4.21.0&#8243; _module_preset=&#8220;default&#8220; width=&#8220;100%&#8220; module_alignment=&#8220;center&#8220; custom_margin=&#8220;||||false|false&#8220; custom_padding=&#8220;|20px|||false|false&#8220; animation=&#8220;off&#8220; global_colors_info=&#8220;{}&#8220;][\/et_pb_blurb][\/et_pb_column][et_pb_column type=&#8220;1_2&#8243; _builder_version=&#8220;4.21.0&#8243; _module_preset=&#8220;default&#8220; global_colors_info=&#8220;{}&#8220;][et_pb_blurb alt=&#8220;4.osa 2.foto&#8220; _builder_version=&#8220;4.21.0&#8243; _module_preset=&#8220;default&#8220; width=&#8220;100%&#8220; max_width=&#8220;100%&#8220; module_alignment=&#8220;center&#8220; custom_margin=&#8220;25px||||false|false&#8220; custom_padding=&#8220;||||false|false&#8220; animation=&#8220;off&#8220; locked=&#8220;off&#8220; global_colors_info=&#8220;{}&#8220;]<\/p>\n<p>R\u016fzn\u00e9 velikosti r\u00e1mu 60-145 mm<\/p>\n<p>R\u016fzn\u00e9 specifikace nap\u011bt\u00ed &#8211; 220 V a 48 V<\/p>\n<p>Voliteln\u00fd vestav\u011bn\u00fd Hall\u016fv senzor pro v\u00fdstup zp\u011btnovazebn\u00edho sign\u00e1lu.<\/p>\n<p>Standardn\u00ed izolace t\u0159\u00eddy F umo\u017e\u0148uje provoz p\u0159i vy\u0161\u0161\u00edch teplot\u00e1ch.<\/p>\n<p>Uhl\u00edkov\u00e1 vl\u00e1kna pro letadla chr\u00e1n\u00ed rotor p\u0159i vysok\u00fdch rychlostech.<\/p>\n<p>[\/et_pb_blurb][\/et_pb_column][\/et_pb_row][et_pb_row _builder_version=&#8220;4.21.0&#8243; _module_preset=&#8220;default&#8220; global_colors_info=&#8220;{}&#8220;][et_pb_column type=&#8220;4_4&#8243; _builder_version=&#8220;4.21.0&#8243; _module_preset=&#8220;default&#8220; global_colors_info=&#8220;{}&#8220;][et_pb_tabs active_tab_background_color=&#8220;#000000&#8243; inactive_tab_background_color=&#8220;#ff0000&#8243; active_tab_text_color=&#8220;#ffffff&#8220; module_id=&#8220;taby&#8220; _builder_version=&#8220;4.21.0&#8243; tab_text_color=&#8220;#ffffff&#8220; tab_font=&#8220;|300|||||||&#8220; tab_font_size=&#8220;16px&#8220; tab_line_height=&#8220;2.8em&#8220; border_width_all=&#8220;0px&#8220; border_color_all=&#8220;rgba(0,0,0,0)&#8220; global_colors_info=&#8220;{}&#8220;][et_pb_tab title=&#8220;Popis&#8220; _builder_version=&#8220;4.21.0&#8243; global_colors_info=&#8220;{}&#8220;]<\/p>\n<p>Bezr\u00e1mov\u00e9 motory s p\u0159\u00edm\u00fdm pohonem KMF s vysok\u00fdm to\u010div\u00fdm momentem maj\u00ed vysok\u00fd to\u010div\u00fd moment a hustotu to\u010div\u00e9ho momentu. Maj\u00ed tak\u00e9 velmi n\u00edzk\u00fd to\u010div\u00fd moment, extr\u00e9mn\u011b n\u00edzk\u00e9 kol\u00eds\u00e1n\u00ed to\u010div\u00e9ho momentu p\u0159i n\u00edzk\u00fdch ot\u00e1\u010dk\u00e1ch, n\u00edzkou hlu\u010dnost a p\u0159esn\u00fd rota\u010dn\u00ed pohyb pro efektivn\u00ed a stabiln\u00ed \u0159e\u0161en\u00ed vy\u017eadovan\u00e1 mechanick\u00fdmi syst\u00e9my.<\/p>\n<p>Bezr\u00e1mov\u00fd motor KMF s p\u0159\u00edm\u00fdm pohonem vyu\u017e\u00edv\u00e1 vinut\u00ed s vysokou hustotou v\u00fdkonu pro aplikace vy\u017eaduj\u00edc\u00ed mal\u00e9 a kompaktn\u00ed rozm\u011bry, n\u00edzkou hmotnost a n\u00edzkou setrva\u010dnost. Vysoce v\u00fdkonn\u00fd rotor NdFeB a obalov\u00fd materi\u00e1l z uhl\u00edkov\u00fdch vl\u00e1ken p\u0159edstavuj\u00ed \u00fa\u010dinn\u00e9 a stabiln\u00ed \u0159e\u0161en\u00ed syst\u00e9mu.<\/p>\n<p>K dispozici je n\u011bkolik model\u016f: pokr\u00fdvaj\u00ed r\u016fzn\u00e9 velikosti r\u00e1m\u016f od 60 mm do 145 mm.<\/p>\n<p>Hall\u016fv sn\u00edma\u010d: poskytuje v\u00fdstupn\u00ed sign\u00e1l zp\u011btn\u00e9 vazby.<\/p>\n<p>Vysok\u00e1 \u00farove\u0148 izolace: t\u0159\u00edda izolace F (155 \u00b0C).<\/p>\n<p>Ochrana z uhl\u00edkov\u00fdch vl\u00e1ken: obj\u00edmky z uhl\u00edkov\u00fdch vl\u00e1ken chr\u00e1n\u00ed rotor p\u0159i vysok\u00fdch rychlostech.<\/p>\n<p>Certifikace bezpe\u010dnosti: Pro\u0161la certifikac\u00ed EU CE a severoamerickou certifikac\u00ed ETL.<\/p>\n<p>Mimo\u0159\u00e1dn\u011b snadn\u00e9 pou\u017eit\u00ed: spolehliv\u00e1, kompaktn\u00ed konstrukce syst\u00e9mu se snadno implementuje.<\/p>\n<p>[\/et_pb_tab][et_pb_tab title=&#8220;Parametry&#8220; _builder_version=&#8220;4.21.0&#8243; global_colors_info=&#8220;{}&#8220;]<\/p>\n<h3>Parametry motor\u016f<\/h3>\n<ul class=\"et_post_gallery clearfix\">\n\t\t\t\t\t<li class=\"et_gallery_item et_pb_gallery_image\">\n\t\t\t\t\t\t<a href=\"https:\/\/almer.sk\/wp-content\/uploads\/2023\/07\/Parametre-motorov-KMF-scaled-e1689572678359.jpg\" title=\"Parametre motorov KMF\">\n\t\t\t\t\t\t\t<span class=\"et_portfolio_image\">\n\t\t\t\t\t\t\t\t<img loading=\"lazy\" decoding=\"async\" width=\"400\" height=\"284\" src=\"https:\/\/almer.sk\/wp-content\/uploads\/2023\/07\/Parametre-motorov-KMF-scaled-e1689572678359-400x284.jpg\" class=\"attachment-et-pb-portfolio-image size-et-pb-portfolio-image\" alt=\"\" \/>\n\t\t\t\t\t\t\t\t<span class=\"et_overlay\"><\/span>\n\t\t\t\t\t\t\t<\/span>\n\t\t\t\t\t\t<\/a>\n\t\t\t\t\t\t<p class=\"et_pb_gallery_caption\">Parametre motorov KMF<\/p>\n\t\t\t\t\t<\/li><li class=\"et_gallery_item et_pb_gallery_image\">\n\t\t\t\t\t\t<a href=\"https:\/\/almer.sk\/wp-content\/uploads\/2023\/07\/T-n-krivky-48VDC.jpg\" title=\"T-n krivky 48VDC\">\n\t\t\t\t\t\t\t<span class=\"et_portfolio_image\">\n\t\t\t\t\t\t\t\t<img loading=\"lazy\" decoding=\"async\" width=\"400\" height=\"284\" src=\"https:\/\/almer.sk\/wp-content\/uploads\/2023\/07\/T-n-krivky-48VDC-400x284.jpg\" class=\"attachment-et-pb-portfolio-image size-et-pb-portfolio-image\" alt=\"\" \/>\n\t\t\t\t\t\t\t\t<span class=\"et_overlay\"><\/span>\n\t\t\t\t\t\t\t<\/span>\n\t\t\t\t\t\t<\/a>\n\t\t\t\t\t\t<p class=\"et_pb_gallery_caption\">T-n krivky 48VDC<\/p>\n\t\t\t\t\t<\/li><li class=\"et_gallery_item et_pb_gallery_image\">\n\t\t\t\t\t\t<a href=\"https:\/\/almer.sk\/wp-content\/uploads\/2023\/07\/T-n-krivky-220VAC.jpg\" title=\"T-n krivky 220VAC\">\n\t\t\t\t\t\t\t<span class=\"et_portfolio_image\">\n\t\t\t\t\t\t\t\t<img loading=\"lazy\" decoding=\"async\" width=\"400\" height=\"284\" src=\"https:\/\/almer.sk\/wp-content\/uploads\/2023\/07\/T-n-krivky-220VAC-400x284.jpg\" class=\"attachment-et-pb-portfolio-image size-et-pb-portfolio-image\" alt=\"\" \/>\n\t\t\t\t\t\t\t\t<span class=\"et_overlay\"><\/span>\n\t\t\t\t\t\t\t<\/span>\n\t\t\t\t\t\t<\/a>\n\t\t\t\t\t\t<p class=\"et_pb_gallery_caption\">T-n krivky 220VAC<\/p>\n\t\t\t\t\t<\/li>\n\t\t\t\t<\/ul>\n<p>[\/et_pb_tab][et_pb_tab title=&#8220;V\u00fdkresy&#8220; _builder_version=&#8220;4.21.0&#8243; global_colors_info=&#8220;{}&#8220;]<\/p>\n<h3>V\u00fdkresy motoru<\/h3>\n<p><ul class=\"et_post_gallery clearfix\">\n\t\t\t\t\t<li class=\"et_gallery_item et_pb_gallery_image\">\n\t\t\t\t\t\t<a href=\"https:\/\/almer.sk\/wp-content\/uploads\/2023\/07\/KMF-060AMLNN-scaled-e1689572653628.jpg\" title=\"KMF-060AM(L)NN\">\n\t\t\t\t\t\t\t<span class=\"et_portfolio_image\">\n\t\t\t\t\t\t\t\t<img loading=\"lazy\" decoding=\"async\" width=\"400\" height=\"284\" src=\"https:\/\/almer.sk\/wp-content\/uploads\/2023\/07\/KMF-060AMLNN-scaled-e1689572653628-400x284.jpg\" class=\"attachment-et-pb-portfolio-image size-et-pb-portfolio-image\" alt=\"\" \/>\n\t\t\t\t\t\t\t\t<span class=\"et_overlay\"><\/span>\n\t\t\t\t\t\t\t<\/span>\n\t\t\t\t\t\t<\/a>\n\t\t\t\t\t\t<p class=\"et_pb_gallery_caption\">KMF-060AM(L)NN<\/p>\n\t\t\t\t\t<\/li><li class=\"et_gallery_item et_pb_gallery_image\">\n\t\t\t\t\t\t<a href=\"https:\/\/almer.sk\/wp-content\/uploads\/2023\/07\/KMF-076AMLNN-scaled-e1689572618885.jpg\" title=\"KMF-076AM(L)NN\">\n\t\t\t\t\t\t\t<span class=\"et_portfolio_image\">\n\t\t\t\t\t\t\t\t<img loading=\"lazy\" decoding=\"async\" width=\"400\" height=\"284\" src=\"https:\/\/almer.sk\/wp-content\/uploads\/2023\/07\/KMF-076AMLNN-scaled-e1689572618885-400x284.jpg\" class=\"attachment-et-pb-portfolio-image size-et-pb-portfolio-image\" alt=\"\" \/>\n\t\t\t\t\t\t\t\t<span class=\"et_overlay\"><\/span>\n\t\t\t\t\t\t\t<\/span>\n\t\t\t\t\t\t<\/a>\n\t\t\t\t\t\t<p class=\"et_pb_gallery_caption\">KMF-076AM(L)NN<\/p>\n\t\t\t\t\t<\/li><li class=\"et_gallery_item et_pb_gallery_image\">\n\t\t\t\t\t\t<a href=\"https:\/\/almer.sk\/wp-content\/uploads\/2023\/07\/KMF-095AMLNN-scaled-e1689572546249.jpg\" title=\"KMF-095AM(L)NN\">\n\t\t\t\t\t\t\t<span class=\"et_portfolio_image\">\n\t\t\t\t\t\t\t\t<img loading=\"lazy\" decoding=\"async\" width=\"400\" height=\"284\" src=\"https:\/\/almer.sk\/wp-content\/uploads\/2023\/07\/KMF-095AMLNN-scaled-e1689572546249-400x284.jpg\" class=\"attachment-et-pb-portfolio-image size-et-pb-portfolio-image\" alt=\"\" \/>\n\t\t\t\t\t\t\t\t<span class=\"et_overlay\"><\/span>\n\t\t\t\t\t\t\t<\/span>\n\t\t\t\t\t\t<\/a>\n\t\t\t\t\t\t<p class=\"et_pb_gallery_caption\">KMF-095AM(L)NN<\/p>\n\t\t\t\t\t<\/li><li class=\"et_gallery_item et_pb_gallery_image\">\n\t\t\t\t\t\t<a href=\"https:\/\/almer.sk\/wp-content\/uploads\/2023\/07\/KMF-129AMLNN-scaled-e1689572499391.jpg\" title=\"KMF-129AM(L)NN\">\n\t\t\t\t\t\t\t<span class=\"et_portfolio_image\">\n\t\t\t\t\t\t\t\t<img loading=\"lazy\" decoding=\"async\" width=\"400\" height=\"284\" src=\"https:\/\/almer.sk\/wp-content\/uploads\/2023\/07\/KMF-129AMLNN-scaled-e1689572499391-400x284.jpg\" class=\"attachment-et-pb-portfolio-image size-et-pb-portfolio-image\" alt=\"\" \/>\n\t\t\t\t\t\t\t\t<span class=\"et_overlay\"><\/span>\n\t\t\t\t\t\t\t<\/span>\n\t\t\t\t\t\t<\/a>\n\t\t\t\t\t\t<p class=\"et_pb_gallery_caption\">KMF-129AM(L)NN<\/p>\n\t\t\t\t\t<\/li><li class=\"et_gallery_item et_pb_gallery_image\">\n\t\t\t\t\t\t<a href=\"https:\/\/almer.sk\/wp-content\/uploads\/2023\/07\/KMF-145AMLNN-scaled-e1689572589174.jpg\" title=\"KMF-145AM(L)NN\">\n\t\t\t\t\t\t\t<span class=\"et_portfolio_image\">\n\t\t\t\t\t\t\t\t<img loading=\"lazy\" decoding=\"async\" width=\"400\" height=\"284\" src=\"https:\/\/almer.sk\/wp-content\/uploads\/2023\/07\/KMF-145AMLNN-scaled-e1689572589174-400x284.jpg\" class=\"attachment-et-pb-portfolio-image size-et-pb-portfolio-image\" alt=\"\" \/>\n\t\t\t\t\t\t\t\t<span class=\"et_overlay\"><\/span>\n\t\t\t\t\t\t\t<\/span>\n\t\t\t\t\t\t<\/a>\n\t\t\t\t\t\t<p class=\"et_pb_gallery_caption\">KMF-145AM(L)NN<\/p>\n\t\t\t\t\t<\/li>\n\t\t\t\t<\/ul>[\/et_pb_tab][et_pb_tab title=&#8220;3D&#8220; _builder_version=&#8220;4.21.0&#8243; global_colors_info=&#8220;{}&#8220;]<\/p>\n<h3>Pro 3D v\u00fdstup n\u00e1s pros\u00edm kontaktujte<\/h3>\n<h4>[et_pb_section global_module=\"1380\"][\/et_pb_section]<\/h4>\n<p>[\/et_pb_tab][et_pb_tab title=&#8220;Specifikace modelu&#8220; _builder_version=&#8220;4.21.0&#8243; global_colors_info=&#8220;{}&#8220;]<\/p>\n<h3>Specifikace motor\u016f<\/h3>\n<p><ul class=\"et_post_gallery clearfix\">\n\t\t\t\t\t<li class=\"et_gallery_item et_pb_gallery_image\">\n\t\t\t\t\t\t<a href=\"https:\/\/almer.sk\/wp-content\/uploads\/2023\/07\/23-Specifikacia-Motory-scaled-e1689572707554.jpg\" title=\"23 S\u030cpecifika\u0301cia Motory\">\n\t\t\t\t\t\t\t<span class=\"et_portfolio_image\">\n\t\t\t\t\t\t\t\t<img loading=\"lazy\" decoding=\"async\" width=\"400\" height=\"284\" src=\"https:\/\/almer.sk\/wp-content\/uploads\/2023\/07\/23-Specifikacia-Motory-scaled-e1689572707554-400x284.jpg\" class=\"attachment-et-pb-portfolio-image size-et-pb-portfolio-image\" alt=\"\" \/>\n\t\t\t\t\t\t\t\t<span class=\"et_overlay\"><\/span>\n\t\t\t\t\t\t\t<\/span>\n\t\t\t\t\t\t<\/a>\n\t\t\t\t\t\t<p class=\"et_pb_gallery_caption\">23 S\u030cpecifika\u0301cia Motory<\/p>\n\t\t\t\t\t<\/li>\n\t\t\t\t<\/ul>[\/et_pb_tab][et_pb_tab title=&#8220;Dotaz na v\u00fdrobek&#8220; _builder_version=&#8220;4.21.0&#8243; global_colors_info=&#8220;{}&#8220;]<\/p>\n<p>Kontaktujte n\u00e1\u0161 technick\u00fd prodejn\u00ed t\u00fdm a vy\u017e\u00e1dejte si ceny, datov\u00e9 listy, technick\u00e9 v\u00fdkresy (2D\/3D), hardwarov\u00e9 a softwarov\u00e9 p\u0159\u00edru\u010dky nebo jak\u00e9koli dal\u0161\u00ed technick\u00e9 informace pro va\u0161e aplikace&#8230;<\/p>\n[et_pb_section global_module=\"1380\"][\/et_pb_section]\n<p>[\/et_pb_tab][\/et_pb_tabs][\/et_pb_column][\/et_pb_row][\/et_pb_section]<\/p>\n","protected":false},"excerpt":{"rendered":"<p>&gt; Domov \/ MotoryBezr\u00e1mov\u00e9 motory s p\u0159\u00edm\u00fdm pohonem R\u016fzn\u00e9 velikosti r\u00e1mu 60-145 mm R\u016fzn\u00e9 specifikace nap\u011bt\u00ed &#8211; 220 V a 48 V Voliteln\u00fd vestav\u011bn\u00fd Hall\u016fv senzor pro v\u00fdstup zp\u011btnovazebn\u00edho sign\u00e1lu. Standardn\u00ed izolace t\u0159\u00eddy F umo\u017e\u0148uje provoz p\u0159i vy\u0161\u0161\u00edch teplot\u00e1ch. Uhl\u00edkov\u00e1 vl\u00e1kna pro letadla chr\u00e1n\u00ed rotor p\u0159i vysok\u00fdch rychlostech.Bezr\u00e1mov\u00e9 motory s p\u0159\u00edm\u00fdm pohonem KMF s vysok\u00fdm [&hellip;]<\/p>\n","protected":false},"author":1,"featured_media":0,"parent":0,"menu_order":0,"comment_status":"closed","ping_status":"closed","template":"","meta":{"_et_pb_use_builder":"on","_et_pb_old_content":"","_et_gb_content_width":"","footnotes":""},"class_list":["post-5749","page","type-page","status-publish","hentry"],"yoast_head":"<!-- This site is optimized with the Yoast SEO plugin v26.6 - https:\/\/yoast.com\/wordpress\/plugins\/seo\/ -->\n<title>Motory - Almer.sk<\/title>\n<meta name=\"robots\" content=\"index, follow, max-snippet:-1, max-image-preview:large, max-video-preview:-1\" \/>\n<link rel=\"canonical\" href=\"https:\/\/almer.sk\/cs\/motory\/\" \/>\n<meta property=\"og:locale\" content=\"cs_CZ\" \/>\n<meta property=\"og:type\" content=\"article\" \/>\n<meta property=\"og:title\" content=\"Motory - Almer.sk\" \/>\n<meta property=\"og:description\" content=\"&gt; Domov \/ MotoryBezr\u00e1mov\u00e9 motory s p\u0159\u00edm\u00fdm pohonem R\u016fzn\u00e9 velikosti r\u00e1mu 60-145 mm R\u016fzn\u00e9 specifikace nap\u011bt\u00ed - 220 V a 48 V Voliteln\u00fd vestav\u011bn\u00fd Hall\u016fv senzor pro v\u00fdstup zp\u011btnovazebn\u00edho sign\u00e1lu. Standardn\u00ed izolace t\u0159\u00eddy F umo\u017e\u0148uje provoz p\u0159i vy\u0161\u0161\u00edch teplot\u00e1ch. Uhl\u00edkov\u00e1 vl\u00e1kna pro letadla chr\u00e1n\u00ed rotor p\u0159i vysok\u00fdch rychlostech.Bezr\u00e1mov\u00e9 motory s p\u0159\u00edm\u00fdm pohonem KMF s vysok\u00fdm [&hellip;]\" \/>\n<meta property=\"og:url\" content=\"https:\/\/almer.sk\/cs\/motory\/\" \/>\n<meta property=\"og:site_name\" content=\"Almer.sk\" \/>\n<meta property=\"article:modified_time\" content=\"2023-08-31T08:54:11+00:00\" \/>\n<meta name=\"twitter:card\" content=\"summary_large_image\" \/>\n<meta name=\"twitter:label1\" content=\"Odhadovan\u00e1 doba \u010dten\u00ed\" \/>\n\t<meta name=\"twitter:data1\" content=\"4 minuty\" \/>\n<script type=\"application\/ld+json\" class=\"yoast-schema-graph\">{\"@context\":\"https:\/\/schema.org\",\"@graph\":[{\"@type\":\"WebPage\",\"@id\":\"https:\/\/almer.sk\/cs\/motory\/\",\"url\":\"https:\/\/almer.sk\/cs\/motory\/\",\"name\":\"Motory - Almer.sk\",\"isPartOf\":{\"@id\":\"https:\/\/almer.sk\/cs\/#website\"},\"datePublished\":\"2023-06-15T06:52:15+00:00\",\"dateModified\":\"2023-08-31T08:54:11+00:00\",\"breadcrumb\":{\"@id\":\"https:\/\/almer.sk\/cs\/motory\/#breadcrumb\"},\"inLanguage\":\"cs\",\"potentialAction\":[{\"@type\":\"ReadAction\",\"target\":[\"https:\/\/almer.sk\/cs\/motory\/\"]}]},{\"@type\":\"BreadcrumbList\",\"@id\":\"https:\/\/almer.sk\/cs\/motory\/#breadcrumb\",\"itemListElement\":[{\"@type\":\"ListItem\",\"position\":1,\"name\":\"Home\",\"item\":\"https:\/\/almer.sk\/cs\/home\/\"},{\"@type\":\"ListItem\",\"position\":2,\"name\":\"Motory\"}]},{\"@type\":\"WebSite\",\"@id\":\"https:\/\/almer.sk\/cs\/#website\",\"url\":\"https:\/\/almer.sk\/cs\/\",\"name\":\"Almer.sk\",\"description\":\"Technologick\u00fd l\u00edder v oblasti presn\u00fdch prevodoviek\",\"potentialAction\":[{\"@type\":\"SearchAction\",\"target\":{\"@type\":\"EntryPoint\",\"urlTemplate\":\"https:\/\/almer.sk\/cs\/?s={search_term_string}\"},\"query-input\":{\"@type\":\"PropertyValueSpecification\",\"valueRequired\":true,\"valueName\":\"search_term_string\"}}],\"inLanguage\":\"cs\"}]}<\/script>\n<!-- \/ Yoast SEO plugin. -->","yoast_head_json":{"title":"Motory - Almer.sk","robots":{"index":"index","follow":"follow","max-snippet":"max-snippet:-1","max-image-preview":"max-image-preview:large","max-video-preview":"max-video-preview:-1"},"canonical":"https:\/\/almer.sk\/cs\/motory\/","og_locale":"cs_CZ","og_type":"article","og_title":"Motory - Almer.sk","og_description":"&gt; Domov \/ MotoryBezr\u00e1mov\u00e9 motory s p\u0159\u00edm\u00fdm pohonem R\u016fzn\u00e9 velikosti r\u00e1mu 60-145 mm R\u016fzn\u00e9 specifikace nap\u011bt\u00ed - 220 V a 48 V Voliteln\u00fd vestav\u011bn\u00fd Hall\u016fv senzor pro v\u00fdstup zp\u011btnovazebn\u00edho sign\u00e1lu. Standardn\u00ed izolace t\u0159\u00eddy F umo\u017e\u0148uje provoz p\u0159i vy\u0161\u0161\u00edch teplot\u00e1ch. Uhl\u00edkov\u00e1 vl\u00e1kna pro letadla chr\u00e1n\u00ed rotor p\u0159i vysok\u00fdch rychlostech.Bezr\u00e1mov\u00e9 motory s p\u0159\u00edm\u00fdm pohonem KMF s vysok\u00fdm [&hellip;]","og_url":"https:\/\/almer.sk\/cs\/motory\/","og_site_name":"Almer.sk","article_modified_time":"2023-08-31T08:54:11+00:00","twitter_card":"summary_large_image","twitter_misc":{"Odhadovan\u00e1 doba \u010dten\u00ed":"4 minuty"},"schema":{"@context":"https:\/\/schema.org","@graph":[{"@type":"WebPage","@id":"https:\/\/almer.sk\/cs\/motory\/","url":"https:\/\/almer.sk\/cs\/motory\/","name":"Motory - Almer.sk","isPartOf":{"@id":"https:\/\/almer.sk\/cs\/#website"},"datePublished":"2023-06-15T06:52:15+00:00","dateModified":"2023-08-31T08:54:11+00:00","breadcrumb":{"@id":"https:\/\/almer.sk\/cs\/motory\/#breadcrumb"},"inLanguage":"cs","potentialAction":[{"@type":"ReadAction","target":["https:\/\/almer.sk\/cs\/motory\/"]}]},{"@type":"BreadcrumbList","@id":"https:\/\/almer.sk\/cs\/motory\/#breadcrumb","itemListElement":[{"@type":"ListItem","position":1,"name":"Home","item":"https:\/\/almer.sk\/cs\/home\/"},{"@type":"ListItem","position":2,"name":"Motory"}]},{"@type":"WebSite","@id":"https:\/\/almer.sk\/cs\/#website","url":"https:\/\/almer.sk\/cs\/","name":"Almer.sk","description":"Technologick\u00fd l\u00edder v oblasti presn\u00fdch prevodoviek","potentialAction":[{"@type":"SearchAction","target":{"@type":"EntryPoint","urlTemplate":"https:\/\/almer.sk\/cs\/?s={search_term_string}"},"query-input":{"@type":"PropertyValueSpecification","valueRequired":true,"valueName":"search_term_string"}}],"inLanguage":"cs"}]}},"_links":{"self":[{"href":"https:\/\/almer.sk\/cs\/wp-json\/wp\/v2\/pages\/5749","targetHints":{"allow":["GET"]}}],"collection":[{"href":"https:\/\/almer.sk\/cs\/wp-json\/wp\/v2\/pages"}],"about":[{"href":"https:\/\/almer.sk\/cs\/wp-json\/wp\/v2\/types\/page"}],"author":[{"embeddable":true,"href":"https:\/\/almer.sk\/cs\/wp-json\/wp\/v2\/users\/1"}],"replies":[{"embeddable":true,"href":"https:\/\/almer.sk\/cs\/wp-json\/wp\/v2\/comments?post=5749"}],"version-history":[{"count":4,"href":"https:\/\/almer.sk\/cs\/wp-json\/wp\/v2\/pages\/5749\/revisions"}],"predecessor-version":[{"id":6487,"href":"https:\/\/almer.sk\/cs\/wp-json\/wp\/v2\/pages\/5749\/revisions\/6487"}],"wp:attachment":[{"href":"https:\/\/almer.sk\/cs\/wp-json\/wp\/v2\/media?parent=5749"}],"curies":[{"name":"wp","href":"https:\/\/api.w.org\/{rel}","templated":true}]}}