{"id":5666,"date":"2023-06-15T08:51:52","date_gmt":"2023-06-15T06:51:52","guid":{"rendered":"https:\/\/almer.sk\/cnc-otocne-stoly\/"},"modified":"2023-08-31T11:04:15","modified_gmt":"2023-08-31T09:04:15","slug":"cnc-otocne-stoly","status":"publish","type":"page","link":"https:\/\/almer.sk\/cs\/cnc-otocne-stoly\/","title":{"rendered":"CNC oto\u010dn\u00e9 stoly"},"content":{"rendered":"<p>[et_pb_section fb_built=&#8220;1&#8243; _builder_version=&#8220;4.21.0&#8243; _module_preset=&#8220;default&#8220; global_colors_info=&#8220;{}&#8220;][et_pb_row _builder_version=&#8220;4.21.0&#8243; _module_preset=&#8220;default&#8220; width=&#8220;90%&#8220; global_colors_info=&#8220;{}&#8220;][et_pb_column type=&#8220;4_4&#8243; _builder_version=&#8220;4.21.0&#8243; _module_preset=&#8220;default&#8220; global_colors_info=&#8220;{}&#8220;][et_pb_blurb content_max_width=&#8220;1100px&#8220; _builder_version=&#8220;4.21.0&#8243; _module_preset=&#8220;default&#8220; body_text_align=&#8220;left&#8220; global_colors_info=&#8220;{}&#8220;]<\/p>\n<p style=\"text-align: left;\"> <a class=\"bread\" href=\"https:\/\/almer.sk\/cs\/\">&lt; Home<\/a> \/ CNC oto\u010dn\u00e9 a nakl\u00e1p\u011bc\u00ed stoly<\/p>\n<p>[\/et_pb_blurb][et_pb_blurb _builder_version=&#8220;4.21.0&#8243; _module_preset=&#8220;default&#8220; header_level=&#8220;h1&#8243; header_font=&#8220;|||on|||||&#8220; body_font=&#8220;|||on|||||&#8220; body_text_align=&#8220;center&#8220; global_colors_info=&#8220;{}&#8220;]<\/p>\n<h1><span class=\"cierna\">CNC oto\u010dn\u00e9 a nakl\u00e1p\u011bc\u00ed<\/span> stoly<\/h1>\n<p>[\/et_pb_blurb][\/et_pb_column][\/et_pb_row][et_pb_row column_structure=&#8220;1_2,1_2&#8243; _builder_version=&#8220;4.21.0&#8243; _module_preset=&#8220;default&#8220; global_colors_info=&#8220;{}&#8220;][et_pb_column type=&#8220;1_2&#8243; _builder_version=&#8220;4.21.0&#8243; _module_preset=&#8220;default&#8220; global_colors_info=&#8220;{}&#8220;][et_pb_blurb url=&#8220;https:\/\/almer.sk\/cs\/cnc-otocne-stoly\/otocne-stoly-4-osa\/&#8220; image=&#8220;https:\/\/almer.sk\/wp-content\/uploads\/2023\/06\/KCR-320-4th-axis.png&#8220; alt=&#8220;KCR-320 4. osa&#8220; _builder_version=&#8220;4.22.1&#8243; _module_preset=&#8220;default&#8220; width=&#8220;100%&#8220; max_width=&#8220;100%&#8220; module_alignment=&#8220;center&#8220; custom_margin=&#8220;||||false|false&#8220; animation=&#8220;off&#8220; link_option_url=&#8220;https:\/\/almer.sk\/cs\/cnc-otocne-stoly\/otocne-stoly-4-osa\/&#8220; hover_enabled=&#8220;0&#8243; global_colors_info=&#8220;{}&#8220; sticky_enabled=&#8220;0&#8243;]<\/p>\n<h3 style=\"text-align: center;\"><span class=\"cervena\">Oto\u010dn\u00e9 stoly &#8211;<\/span> 4. osa<\/h3>\n<p>[\/et_pb_blurb][\/et_pb_column][et_pb_column type=&#8220;1_2&#8243; _builder_version=&#8220;4.21.0&#8243; _module_preset=&#8220;default&#8220; global_colors_info=&#8220;{}&#8220;][et_pb_blurb url=&#8220;https:\/\/almer.sk\/cs\/cnc-otocne-stoly\/otocne-stoly-5-osa\/&#8220; image=&#8220;https:\/\/almer.sk\/wp-content\/uploads\/2023\/06\/KFR-250-5th-axis.png&#8220; alt=&#8220;KFR-250 5. osa&#8220; _builder_version=&#8220;4.22.1&#8243; _module_preset=&#8220;default&#8220; animation=&#8220;off&#8220; link_option_url=&#8220;https:\/\/almer.sk\/cs\/cnc-otocne-stoly\/otocne-stoly-5-osa\/&#8220; hover_enabled=&#8220;0&#8243; locked=&#8220;off&#8220; global_colors_info=&#8220;{}&#8220; sticky_enabled=&#8220;0&#8243;]<\/p>\n<h3 style=\"text-align: center;\"><span class=\"cervena\">Nakl\u00e1p\u011bc\u00ed a oto\u010dn\u00e9 stoly &#8211;<\/span> 4. a 5. osa<\/h3>\n<p>[\/et_pb_blurb][et_pb_blurb _builder_version=&#8220;4.21.0&#8243; _module_preset=&#8220;default&#8220; text_orientation=&#8220;center&#8220; custom_margin=&#8220;-30px||||false|false&#8220; global_colors_info=&#8220;{}&#8220;]kompaktn\u00ed dvouos\u00e9 polohovadla[\/et_pb_blurb][\/et_pb_column][\/et_pb_row][et_pb_row admin_label=&#8220;\u0158\u00e1dek&#8220; _builder_version=&#8220;4.21.0&#8243; _module_preset=&#8220;default&#8220; global_colors_info=&#8220;{}&#8220;][et_pb_column type=&#8220;4_4&#8243; _builder_version=&#8220;4.21.0&#8243; _module_preset=&#8220;default&#8220; global_colors_info=&#8220;{}&#8220;][et_pb_blurb content_max_width=&#8220;1100px&#8220; _builder_version=&#8220;4.21.0&#8243; _module_preset=&#8220;default&#8220; global_colors_info=&#8220;{}&#8220;]<\/p>\n<ul>\n<li><strong>Vysok\u00e1 p\u0159esnost:<\/strong> absolutn\u00ed p\u0159esnost ur\u010den\u00ed polohy je men\u0161\u00ed ne\u017e <strong>10 \u00fahlov\u00fdch vte\u0159in<\/strong> (0,0028\u00b0).<\/li>\n<li><strong>P\u0159esnost d\u011blen\u00ed<\/strong> dosahuje \u00b1 1,5 \u00fahlov\u00e9ho vte\u0159iny.<\/li>\n<li><strong>Opakovan\u00e1 p\u0159esnost<\/strong> dosahuje 1,2 \u00fahlov\u00e9ho vte\u0159iny.<\/li>\n<li><strong>Nulov\u00e1 v\u016fle:<\/strong> Harmonick\u00fd pohon bez v\u016fle.<\/li>\n<li><strong>Vysok\u00fd to\u010div\u00fd moment:<\/strong> mal\u00e9 rozm\u011bry, vysok\u00fd to\u010div\u00fd moment; v\u00fdstupn\u00ed to\u010div\u00fd moment a\u017e 1470 Nm.<\/li>\n<li><strong>Bez\u00fadr\u017ebovost:<\/strong> \u017e\u00e1dn\u00e1 degenerace p\u0159esnosti, \u017e\u00e1dn\u00e1 nutnost pravideln\u00e9 \u00fadr\u017eby. P\u0159esnost z\u016fst\u00e1v\u00e1 nezm\u011bn\u011bna po v\u00edce ne\u017e 20 000 hodin\u00e1ch pou\u017e\u00edv\u00e1n\u00ed.<\/li>\n<li><strong>Integrace:<\/strong> vysoce integrovan\u00fd, s vestav\u011bn\u00fdm extr\u00e9mn\u011b p\u0159esn\u00fdm a tuh\u00fdm speci\u00e1ln\u00edm harmonick\u00fdm LD p\u0159evodov\u00fdm reduktorem pro obr\u00e1b\u011bc\u00ed stroje (mezin\u00e1rodn\u011b patentovan\u00fd v\u00fdrobek) a v\u00fdkonn\u00fdm motorem s vysokou hustotou v\u00fdkonu a podporou n\u00edzk\u00e9ho to\u010div\u00e9ho momentu.<\/li>\n<li><strong>Rychl\u00e1 odezva<\/strong>: vynikaj\u00edc\u00ed dynamick\u00e1 odezva.<\/li>\n<li><strong>Rychl\u00e9 polohov\u00e1n\u00ed:<\/strong> bez v\u016fle a s vysokou tuhost\u00ed; p\u0159i pr\u00e1ci nen\u00ed t\u0159eba brzdit, co\u017e v\u00fdrazn\u011b zkracuje \u010das.<\/li>\n<li><strong>Vysok\u00e1 \u00fa\u010dinnost<\/strong>: \u00fa\u010dinnost je v\u00edce ne\u017e 80 %.<\/li>\n<\/ul>\n<p>[\/et_pb_blurb][\/et_pb_column][\/et_pb_row][\/et_pb_section]<\/p>\n","protected":false},"excerpt":{"rendered":"<p>&lt; Home \/ CNC oto\u010dn\u00e9 a nakl\u00e1p\u011bc\u00ed stolyCNC oto\u010dn\u00e9 a nakl\u00e1p\u011bc\u00ed stolyOto\u010dn\u00e9 stoly &#8211; 4. osaNakl\u00e1p\u011bc\u00ed a oto\u010dn\u00e9 stoly &#8211; 4. a 5. osakompaktn\u00ed dvouos\u00e9 polohovadla Vysok\u00e1 p\u0159esnost: absolutn\u00ed p\u0159esnost ur\u010den\u00ed polohy je men\u0161\u00ed ne\u017e 10 \u00fahlov\u00fdch vte\u0159in (0,0028\u00b0). P\u0159esnost d\u011blen\u00ed dosahuje \u00b1 1,5 \u00fahlov\u00e9ho vte\u0159iny. Opakovan\u00e1 p\u0159esnost dosahuje 1,2 \u00fahlov\u00e9ho vte\u0159iny. Nulov\u00e1 v\u016fle: Harmonick\u00fd [&hellip;]<\/p>\n","protected":false},"author":1,"featured_media":0,"parent":0,"menu_order":0,"comment_status":"closed","ping_status":"closed","template":"","meta":{"_et_pb_use_builder":"on","_et_pb_old_content":"","_et_gb_content_width":"","footnotes":""},"class_list":["post-5666","page","type-page","status-publish","hentry"],"yoast_head":"<!-- This site is optimized with the Yoast SEO plugin v26.6 - https:\/\/yoast.com\/wordpress\/plugins\/seo\/ -->\n<title>CNC oto\u010dn\u00e9 stoly - Almer.sk<\/title>\n<meta name=\"robots\" content=\"index, follow, max-snippet:-1, max-image-preview:large, max-video-preview:-1\" \/>\n<link rel=\"canonical\" href=\"https:\/\/almer.sk\/cs\/cnc-otocne-stoly\/\" \/>\n<meta property=\"og:locale\" content=\"cs_CZ\" \/>\n<meta property=\"og:type\" content=\"article\" \/>\n<meta property=\"og:title\" content=\"CNC oto\u010dn\u00e9 stoly - Almer.sk\" \/>\n<meta property=\"og:description\" content=\"&lt; Home \/ CNC oto\u010dn\u00e9 a nakl\u00e1p\u011bc\u00ed stolyCNC oto\u010dn\u00e9 a nakl\u00e1p\u011bc\u00ed stolyOto\u010dn\u00e9 stoly - 4. osaNakl\u00e1p\u011bc\u00ed a oto\u010dn\u00e9 stoly - 4. a 5. osakompaktn\u00ed dvouos\u00e9 polohovadla Vysok\u00e1 p\u0159esnost: absolutn\u00ed p\u0159esnost ur\u010den\u00ed polohy je men\u0161\u00ed ne\u017e 10 \u00fahlov\u00fdch vte\u0159in (0,0028\u00b0). P\u0159esnost d\u011blen\u00ed dosahuje \u00b1 1,5 \u00fahlov\u00e9ho vte\u0159iny. Opakovan\u00e1 p\u0159esnost dosahuje 1,2 \u00fahlov\u00e9ho vte\u0159iny. Nulov\u00e1 v\u016fle: Harmonick\u00fd [&hellip;]\" \/>\n<meta property=\"og:url\" content=\"https:\/\/almer.sk\/cs\/cnc-otocne-stoly\/\" \/>\n<meta property=\"og:site_name\" content=\"Almer.sk\" \/>\n<meta property=\"article:modified_time\" content=\"2023-08-31T09:04:15+00:00\" \/>\n<meta name=\"twitter:card\" content=\"summary_large_image\" \/>\n<meta name=\"twitter:label1\" content=\"Odhadovan\u00e1 doba \u010dten\u00ed\" \/>\n\t<meta name=\"twitter:data1\" content=\"3 minuty\" \/>\n<script type=\"application\/ld+json\" class=\"yoast-schema-graph\">{\"@context\":\"https:\/\/schema.org\",\"@graph\":[{\"@type\":\"WebPage\",\"@id\":\"https:\/\/almer.sk\/cs\/cnc-otocne-stoly\/\",\"url\":\"https:\/\/almer.sk\/cs\/cnc-otocne-stoly\/\",\"name\":\"CNC oto\u010dn\u00e9 stoly - Almer.sk\",\"isPartOf\":{\"@id\":\"https:\/\/almer.sk\/cs\/#website\"},\"datePublished\":\"2023-06-15T06:51:52+00:00\",\"dateModified\":\"2023-08-31T09:04:15+00:00\",\"breadcrumb\":{\"@id\":\"https:\/\/almer.sk\/cs\/cnc-otocne-stoly\/#breadcrumb\"},\"inLanguage\":\"cs\",\"potentialAction\":[{\"@type\":\"ReadAction\",\"target\":[\"https:\/\/almer.sk\/cs\/cnc-otocne-stoly\/\"]}]},{\"@type\":\"BreadcrumbList\",\"@id\":\"https:\/\/almer.sk\/cs\/cnc-otocne-stoly\/#breadcrumb\",\"itemListElement\":[{\"@type\":\"ListItem\",\"position\":1,\"name\":\"Home\",\"item\":\"https:\/\/almer.sk\/cs\/home\/\"},{\"@type\":\"ListItem\",\"position\":2,\"name\":\"CNC oto\u010dn\u00e9 stoly\"}]},{\"@type\":\"WebSite\",\"@id\":\"https:\/\/almer.sk\/cs\/#website\",\"url\":\"https:\/\/almer.sk\/cs\/\",\"name\":\"Almer.sk\",\"description\":\"Technologick\u00fd l\u00edder v oblasti presn\u00fdch prevodoviek\",\"potentialAction\":[{\"@type\":\"SearchAction\",\"target\":{\"@type\":\"EntryPoint\",\"urlTemplate\":\"https:\/\/almer.sk\/cs\/?s={search_term_string}\"},\"query-input\":{\"@type\":\"PropertyValueSpecification\",\"valueRequired\":true,\"valueName\":\"search_term_string\"}}],\"inLanguage\":\"cs\"}]}<\/script>\n<!-- \/ Yoast SEO plugin. -->","yoast_head_json":{"title":"CNC oto\u010dn\u00e9 stoly - Almer.sk","robots":{"index":"index","follow":"follow","max-snippet":"max-snippet:-1","max-image-preview":"max-image-preview:large","max-video-preview":"max-video-preview:-1"},"canonical":"https:\/\/almer.sk\/cs\/cnc-otocne-stoly\/","og_locale":"cs_CZ","og_type":"article","og_title":"CNC oto\u010dn\u00e9 stoly - Almer.sk","og_description":"&lt; Home \/ CNC oto\u010dn\u00e9 a nakl\u00e1p\u011bc\u00ed stolyCNC oto\u010dn\u00e9 a nakl\u00e1p\u011bc\u00ed stolyOto\u010dn\u00e9 stoly - 4. osaNakl\u00e1p\u011bc\u00ed a oto\u010dn\u00e9 stoly - 4. a 5. osakompaktn\u00ed dvouos\u00e9 polohovadla Vysok\u00e1 p\u0159esnost: absolutn\u00ed p\u0159esnost ur\u010den\u00ed polohy je men\u0161\u00ed ne\u017e 10 \u00fahlov\u00fdch vte\u0159in (0,0028\u00b0). P\u0159esnost d\u011blen\u00ed dosahuje \u00b1 1,5 \u00fahlov\u00e9ho vte\u0159iny. Opakovan\u00e1 p\u0159esnost dosahuje 1,2 \u00fahlov\u00e9ho vte\u0159iny. Nulov\u00e1 v\u016fle: Harmonick\u00fd [&hellip;]","og_url":"https:\/\/almer.sk\/cs\/cnc-otocne-stoly\/","og_site_name":"Almer.sk","article_modified_time":"2023-08-31T09:04:15+00:00","twitter_card":"summary_large_image","twitter_misc":{"Odhadovan\u00e1 doba \u010dten\u00ed":"3 minuty"},"schema":{"@context":"https:\/\/schema.org","@graph":[{"@type":"WebPage","@id":"https:\/\/almer.sk\/cs\/cnc-otocne-stoly\/","url":"https:\/\/almer.sk\/cs\/cnc-otocne-stoly\/","name":"CNC oto\u010dn\u00e9 stoly - Almer.sk","isPartOf":{"@id":"https:\/\/almer.sk\/cs\/#website"},"datePublished":"2023-06-15T06:51:52+00:00","dateModified":"2023-08-31T09:04:15+00:00","breadcrumb":{"@id":"https:\/\/almer.sk\/cs\/cnc-otocne-stoly\/#breadcrumb"},"inLanguage":"cs","potentialAction":[{"@type":"ReadAction","target":["https:\/\/almer.sk\/cs\/cnc-otocne-stoly\/"]}]},{"@type":"BreadcrumbList","@id":"https:\/\/almer.sk\/cs\/cnc-otocne-stoly\/#breadcrumb","itemListElement":[{"@type":"ListItem","position":1,"name":"Home","item":"https:\/\/almer.sk\/cs\/home\/"},{"@type":"ListItem","position":2,"name":"CNC oto\u010dn\u00e9 stoly"}]},{"@type":"WebSite","@id":"https:\/\/almer.sk\/cs\/#website","url":"https:\/\/almer.sk\/cs\/","name":"Almer.sk","description":"Technologick\u00fd l\u00edder v oblasti presn\u00fdch prevodoviek","potentialAction":[{"@type":"SearchAction","target":{"@type":"EntryPoint","urlTemplate":"https:\/\/almer.sk\/cs\/?s={search_term_string}"},"query-input":{"@type":"PropertyValueSpecification","valueRequired":true,"valueName":"search_term_string"}}],"inLanguage":"cs"}]}},"_links":{"self":[{"href":"https:\/\/almer.sk\/cs\/wp-json\/wp\/v2\/pages\/5666","targetHints":{"allow":["GET"]}}],"collection":[{"href":"https:\/\/almer.sk\/cs\/wp-json\/wp\/v2\/pages"}],"about":[{"href":"https:\/\/almer.sk\/cs\/wp-json\/wp\/v2\/types\/page"}],"author":[{"embeddable":true,"href":"https:\/\/almer.sk\/cs\/wp-json\/wp\/v2\/users\/1"}],"replies":[{"embeddable":true,"href":"https:\/\/almer.sk\/cs\/wp-json\/wp\/v2\/comments?post=5666"}],"version-history":[{"count":6,"href":"https:\/\/almer.sk\/cs\/wp-json\/wp\/v2\/pages\/5666\/revisions"}],"predecessor-version":[{"id":6513,"href":"https:\/\/almer.sk\/cs\/wp-json\/wp\/v2\/pages\/5666\/revisions\/6513"}],"wp:attachment":[{"href":"https:\/\/almer.sk\/cs\/wp-json\/wp\/v2\/media?parent=5666"}],"curies":[{"name":"wp","href":"https:\/\/api.w.org\/{rel}","templated":true}]}}